{"id":43373,"date":"2018-04-15T10:44:50","date_gmt":"2018-04-15T10:44:50","guid":{"rendered":"https:\/\/tecus.com.tr\/urun\/mesa-de-vacuo-m6\/"},"modified":"2018-04-15T10:44:50","modified_gmt":"2018-04-15T10:44:50","slug":"mesa-de-vacuo-m6","status":"publish","type":"product","link":"https:\/\/tecus.com.tr\/pt-pt\/urun\/mesa-de-vacuo-m6\/","title":{"rendered":"Mesa de V\u00e1cuo M6"},"content":{"rendered":"<p>N\u00famero da pe\u00e7a Descri\u00e7\u00e3o<\/p>\n<p>45150 Palete de V\u00e1cuo Vacmagic\u00ae com furos roscados M6<\/p>\n","protected":false},"excerpt":{"rendered":"<ul>\n<li>Utilize os Batentes Deslizantes para for\u00e7a de fixa\u00e7\u00e3o adicional na aplica\u00e7\u00e3o de v\u00e1cuo (4 inclu\u00eddos)<\/li>\n<li>Pacote de grampos de fixa\u00e7\u00e3o 50206 inclu\u00eddo sem custo adicional<\/li>\n<li>Utilize parafusos de cabe\u00e7a (m\u00edn. 2) nos furos para posicionar a pe\u00e7a de trabalho e prevenir for\u00e7as de rota\u00e7\u00e3o, o melhor m\u00e9todo para maquinagem de alta velocidade com v\u00e1cuo.<\/li>\n<\/ul>\n","protected":false},"featured_media":43374,"template":"","meta":{"_acf_changed":false},"product_brand":[],"product_cat":[628],"product_tag":[],"class_list":{"0":"post-43373","1":"product","2":"type-product","3":"status-publish","4":"has-post-thumbnail","6":"product_cat-mesa-de-vacuo","8":"first","9":"instock","10":"taxable","11":"shipping-taxable","12":"product-type-simple"},"acf":[],"yoast_head":"<!-- This site is optimized with the Yoast SEO plugin v20.2.1 - https:\/\/yoast.com\/wordpress\/plugins\/seo\/ -->\n<title>Mesa de V\u00e1cuo M6 - Tecus Teknoloji<\/title>\n<meta name=\"robots\" content=\"index, follow, max-snippet:-1, max-image-preview:large, max-video-preview:-1\" \/>\n<link rel=\"canonical\" href=\"https:\/\/tecus.com.tr\/pt-pt\/urun\/mesa-de-vacuo-m6\/\" \/>\n<meta property=\"og:locale\" content=\"pt_PT\" \/>\n<meta property=\"og:type\" content=\"article\" \/>\n<meta property=\"og:title\" content=\"Mesa de V\u00e1cuo M6 - Tecus Teknoloji\" \/>\n<meta property=\"og:description\" content=\"Utilize os Batentes Deslizantes para for\u00e7a de fixa\u00e7\u00e3o adicional na aplica\u00e7\u00e3o de v\u00e1cuo (4 inclu\u00eddos)  Pacote de grampos de fixa\u00e7\u00e3o 50206 inclu\u00eddo sem custo adicional  Utilize parafusos de cabe\u00e7a (m\u00edn. 2) nos furos para posicionar a pe\u00e7a de trabalho e prevenir for\u00e7as de rota\u00e7\u00e3o, o melhor m\u00e9todo para maquinagem de alta velocidade com v\u00e1cuo.\" \/>\n<meta property=\"og:url\" content=\"https:\/\/tecus.com.tr\/pt-pt\/urun\/mesa-de-vacuo-m6\/\" \/>\n<meta property=\"og:site_name\" content=\"Tecus Teknoloji\" \/>\n<meta property=\"og:image\" content=\"https:\/\/tecus.com.tr\/wp-content\/uploads\/2018\/04\/Vacuum-Pallet-with-M6-threaded-hole.-bottom_INSERT-300x173-copy-2.png\" \/>\n\t<meta property=\"og:image:width\" content=\"500\" \/>\n\t<meta property=\"og:image:height\" content=\"500\" \/>\n\t<meta property=\"og:image:type\" content=\"image\/png\" \/>\n<meta name=\"twitter:card\" content=\"summary_large_image\" \/>\n<script type=\"application\/ld+json\" class=\"yoast-schema-graph\">{\"@context\":\"https:\/\/schema.org\",\"@graph\":[{\"@type\":\"WebPage\",\"@id\":\"https:\/\/tecus.com.tr\/pt-pt\/urun\/mesa-de-vacuo-m6\/\",\"url\":\"https:\/\/tecus.com.tr\/pt-pt\/urun\/mesa-de-vacuo-m6\/\",\"name\":\"Mesa de V\u00e1cuo M6 - Tecus Teknoloji\",\"isPartOf\":{\"@id\":\"https:\/\/tecus.com.tr\/pt-pt\/#website\"},\"datePublished\":\"2018-04-15T10:44:50+00:00\",\"dateModified\":\"2018-04-15T10:44:50+00:00\",\"breadcrumb\":{\"@id\":\"https:\/\/tecus.com.tr\/pt-pt\/urun\/mesa-de-vacuo-m6\/#breadcrumb\"},\"inLanguage\":\"pt-PT\",\"potentialAction\":[{\"@type\":\"ReadAction\",\"target\":[\"https:\/\/tecus.com.tr\/pt-pt\/urun\/mesa-de-vacuo-m6\/\"]}]},{\"@type\":\"BreadcrumbList\",\"@id\":\"https:\/\/tecus.com.tr\/pt-pt\/urun\/mesa-de-vacuo-m6\/#breadcrumb\",\"itemListElement\":[{\"@type\":\"ListItem\",\"position\":1,\"name\":\"Ana sayfa\",\"item\":\"https:\/\/tecus.com.tr\/pt-pt\/\"},{\"@type\":\"ListItem\",\"position\":2,\"name\":\"Ma\u011faza\",\"item\":\"https:\/\/tecus.com.tr\/magaza\/\"},{\"@type\":\"ListItem\",\"position\":3,\"name\":\"Mesa de V\u00e1cuo M6\"}]},{\"@type\":\"WebSite\",\"@id\":\"https:\/\/tecus.com.tr\/pt-pt\/#website\",\"url\":\"https:\/\/tecus.com.tr\/pt-pt\/\",\"name\":\"Tecus Teknoloji\",\"description\":\"CNC par\u00e7a ba\u011flama \u00e7\u00f6z\u00fcmleri\",\"publisher\":{\"@id\":\"https:\/\/tecus.com.tr\/pt-pt\/#organization\"},\"potentialAction\":[{\"@type\":\"SearchAction\",\"target\":{\"@type\":\"EntryPoint\",\"urlTemplate\":\"https:\/\/tecus.com.tr\/pt-pt\/?s={search_term_string}\"},\"query-input\":\"required name=search_term_string\"}],\"inLanguage\":\"pt-PT\"},{\"@type\":\"Organization\",\"@id\":\"https:\/\/tecus.com.tr\/pt-pt\/#organization\",\"name\":\"Tecus Teknoloji\",\"url\":\"https:\/\/tecus.com.tr\/pt-pt\/\",\"logo\":{\"@type\":\"ImageObject\",\"inLanguage\":\"pt-PT\",\"@id\":\"https:\/\/tecus.com.tr\/pt-pt\/#\/schema\/logo\/image\/\",\"url\":\"https:\/\/tecus.com.tr\/wp-content\/uploads\/2018\/04\/tecus-logo-beyaz-2-e1528750997765.png\",\"contentUrl\":\"https:\/\/tecus.com.tr\/wp-content\/uploads\/2018\/04\/tecus-logo-beyaz-2-e1528750997765.png\",\"width\":250,\"height\":53,\"caption\":\"Tecus Teknoloji\"},\"image\":{\"@id\":\"https:\/\/tecus.com.tr\/pt-pt\/#\/schema\/logo\/image\/\"}}]}<\/script>\n<!-- \/ Yoast SEO plugin. -->","yoast_head_json":{"title":"Mesa de V\u00e1cuo M6 - Tecus Teknoloji","robots":{"index":"index","follow":"follow","max-snippet":"max-snippet:-1","max-image-preview":"max-image-preview:large","max-video-preview":"max-video-preview:-1"},"canonical":"https:\/\/tecus.com.tr\/pt-pt\/urun\/mesa-de-vacuo-m6\/","og_locale":"pt_PT","og_type":"article","og_title":"Mesa de V\u00e1cuo M6 - Tecus Teknoloji","og_description":"Utilize os Batentes Deslizantes para for\u00e7a de fixa\u00e7\u00e3o adicional na aplica\u00e7\u00e3o de v\u00e1cuo (4 inclu\u00eddos)  Pacote de grampos de fixa\u00e7\u00e3o 50206 inclu\u00eddo sem custo adicional  Utilize parafusos de cabe\u00e7a (m\u00edn. 2) nos furos para posicionar a pe\u00e7a de trabalho e prevenir for\u00e7as de rota\u00e7\u00e3o, o melhor m\u00e9todo para maquinagem de alta velocidade com v\u00e1cuo.","og_url":"https:\/\/tecus.com.tr\/pt-pt\/urun\/mesa-de-vacuo-m6\/","og_site_name":"Tecus Teknoloji","og_image":[{"width":500,"height":500,"url":"https:\/\/tecus.com.tr\/wp-content\/uploads\/2018\/04\/Vacuum-Pallet-with-M6-threaded-hole.-bottom_INSERT-300x173-copy-2.png","type":"image\/png"}],"twitter_card":"summary_large_image","schema":{"@context":"https:\/\/schema.org","@graph":[{"@type":"WebPage","@id":"https:\/\/tecus.com.tr\/pt-pt\/urun\/mesa-de-vacuo-m6\/","url":"https:\/\/tecus.com.tr\/pt-pt\/urun\/mesa-de-vacuo-m6\/","name":"Mesa de V\u00e1cuo M6 - Tecus Teknoloji","isPartOf":{"@id":"https:\/\/tecus.com.tr\/pt-pt\/#website"},"datePublished":"2018-04-15T10:44:50+00:00","dateModified":"2018-04-15T10:44:50+00:00","breadcrumb":{"@id":"https:\/\/tecus.com.tr\/pt-pt\/urun\/mesa-de-vacuo-m6\/#breadcrumb"},"inLanguage":"pt-PT","potentialAction":[{"@type":"ReadAction","target":["https:\/\/tecus.com.tr\/pt-pt\/urun\/mesa-de-vacuo-m6\/"]}]},{"@type":"BreadcrumbList","@id":"https:\/\/tecus.com.tr\/pt-pt\/urun\/mesa-de-vacuo-m6\/#breadcrumb","itemListElement":[{"@type":"ListItem","position":1,"name":"Ana sayfa","item":"https:\/\/tecus.com.tr\/pt-pt\/"},{"@type":"ListItem","position":2,"name":"Ma\u011faza","item":"https:\/\/tecus.com.tr\/magaza\/"},{"@type":"ListItem","position":3,"name":"Mesa de V\u00e1cuo M6"}]},{"@type":"WebSite","@id":"https:\/\/tecus.com.tr\/pt-pt\/#website","url":"https:\/\/tecus.com.tr\/pt-pt\/","name":"Tecus Teknoloji","description":"CNC par\u00e7a ba\u011flama \u00e7\u00f6z\u00fcmleri","publisher":{"@id":"https:\/\/tecus.com.tr\/pt-pt\/#organization"},"potentialAction":[{"@type":"SearchAction","target":{"@type":"EntryPoint","urlTemplate":"https:\/\/tecus.com.tr\/pt-pt\/?s={search_term_string}"},"query-input":"required name=search_term_string"}],"inLanguage":"pt-PT"},{"@type":"Organization","@id":"https:\/\/tecus.com.tr\/pt-pt\/#organization","name":"Tecus Teknoloji","url":"https:\/\/tecus.com.tr\/pt-pt\/","logo":{"@type":"ImageObject","inLanguage":"pt-PT","@id":"https:\/\/tecus.com.tr\/pt-pt\/#\/schema\/logo\/image\/","url":"https:\/\/tecus.com.tr\/wp-content\/uploads\/2018\/04\/tecus-logo-beyaz-2-e1528750997765.png","contentUrl":"https:\/\/tecus.com.tr\/wp-content\/uploads\/2018\/04\/tecus-logo-beyaz-2-e1528750997765.png","width":250,"height":53,"caption":"Tecus Teknoloji"},"image":{"@id":"https:\/\/tecus.com.tr\/pt-pt\/#\/schema\/logo\/image\/"}}]}},"_links":{"self":[{"href":"https:\/\/tecus.com.tr\/pt-pt\/wp-json\/wp\/v2\/product\/43373","targetHints":{"allow":["GET"]}}],"collection":[{"href":"https:\/\/tecus.com.tr\/pt-pt\/wp-json\/wp\/v2\/product"}],"about":[{"href":"https:\/\/tecus.com.tr\/pt-pt\/wp-json\/wp\/v2\/types\/product"}],"version-history":[{"count":0,"href":"https:\/\/tecus.com.tr\/pt-pt\/wp-json\/wp\/v2\/product\/43373\/revisions"}],"wp:featuredmedia":[{"embeddable":true,"href":"https:\/\/tecus.com.tr\/pt-pt\/wp-json\/wp\/v2\/media\/43374"}],"wp:attachment":[{"href":"https:\/\/tecus.com.tr\/pt-pt\/wp-json\/wp\/v2\/media?parent=43373"}],"wp:term":[{"taxonomy":"product_brand","embeddable":true,"href":"https:\/\/tecus.com.tr\/pt-pt\/wp-json\/wp\/v2\/product_brand?post=43373"},{"taxonomy":"product_cat","embeddable":true,"href":"https:\/\/tecus.com.tr\/pt-pt\/wp-json\/wp\/v2\/product_cat?post=43373"},{"taxonomy":"product_tag","embeddable":true,"href":"https:\/\/tecus.com.tr\/pt-pt\/wp-json\/wp\/v2\/product_tag?post=43373"}],"curies":[{"name":"wp","href":"https:\/\/api.w.org\/{rel}","templated":true}]}}