{"id":43355,"date":"2018-04-15T11:05:08","date_gmt":"2018-04-15T11:05:08","guid":{"rendered":"https:\/\/tecus.com.tr\/urun\/grampos-pitbull-modulares\/"},"modified":"2025-10-14T20:00:13","modified_gmt":"2025-10-14T20:00:13","slug":"grampos-pitbull-modulares","status":"publish","type":"product","link":"https:\/\/tecus.com.tr\/pt-pt\/urun\/grampos-pitbull-modulares\/","title":{"rendered":"GRAMPOS PITBULL MODULARES"},"content":{"rendered":"<p>&nbsp;<br \/>\n<img fetchpriority=\"high\" decoding=\"async\" src=\"https:\/\/e-market.tecus.com.tr\/wp-content\/uploads\/2018\/03\/mod_pitbull_drawing-300x149.png\" alt=\"\" width=\"559\" height=\"279\"><br \/>\n[table id=ModularPitbullClamps\/]<\/p>\n<h2>UYGULAMA \u00d6RNEKLER\u0130<\/h2>\n<figure class=\"gallery-item\">\n\t\t\t\t<a data-elementor-open-lightbox=\"default\" data-elementor-lightbox-slideshow=\"18a3ff2a\" href=\"https:\/\/tecus.com.tr\/wp-content\/uploads\/2018\/06\/Modular-Pitbulls-1.jpg\"><img decoding=\"async\" width=\"200\" height=\"150\" src=\"https:\/\/tecus.com.tr\/wp-content\/uploads\/2018\/06\/Modular-Pitbulls-1-200x150.jpg\" alt=\"Modular Pitbulls (1)\" aria-describedby=\"gallery-1-6912\" srcset=\"https:\/\/tecus.com.tr\/wp-content\/uploads\/2018\/06\/Modular-Pitbulls-1-200x150.jpg 200w, https:\/\/tecus.com.tr\/wp-content\/uploads\/2018\/06\/Modular-Pitbulls-1-250x188.jpg 250w, https:\/\/tecus.com.tr\/wp-content\/uploads\/2018\/06\/Modular-Pitbulls-1-300x225.jpg 300w, https:\/\/tecus.com.tr\/wp-content\/uploads\/2018\/06\/Modular-Pitbulls-1-350x263.jpg 350w, https:\/\/tecus.com.tr\/wp-content\/uploads\/2018\/06\/Modular-Pitbulls-1-500x375.jpg 500w, https:\/\/tecus.com.tr\/wp-content\/uploads\/2018\/06\/Modular-Pitbulls-1.jpg 512w\" sizes=\"(max-width: 200px) 100vw, 200px\"><\/a><figcaption class=\"wp-caption-text gallery-caption\" id=\"gallery-1-6912\">\n\t\t\t\tModular Pitbulls (1)<br \/>\n<\/figcaption><\/figure>\n<figure class=\"gallery-item\">\n\t\t\t\t<a data-elementor-open-lightbox=\"default\" data-elementor-lightbox-slideshow=\"18a3ff2a\" href=\"https:\/\/tecus.com.tr\/wp-content\/uploads\/2018\/06\/Modular-Pitbulls-2.jpg\"><img decoding=\"async\" width=\"200\" height=\"150\" src=\"https:\/\/tecus.com.tr\/wp-content\/uploads\/2018\/06\/Modular-Pitbulls-2-200x150.jpg\" alt=\"Modular Pitbulls\" aria-describedby=\"gallery-1-6913\"><\/a><figcaption class=\"wp-caption-text gallery-caption\" id=\"gallery-1-6913\">\n\t\t\t\tModular Pitbulls<br \/>\n<\/figcaption><\/figure>\n<figure class=\"gallery-item\">\n\t\t\t\t<a data-elementor-open-lightbox=\"default\" data-elementor-lightbox-slideshow=\"18a3ff2a\" href=\"https:\/\/tecus.com.tr\/wp-content\/uploads\/2018\/06\/Modular-Pitbulls-3.jpg\"><img loading=\"lazy\" decoding=\"async\" width=\"200\" height=\"150\" src=\"https:\/\/tecus.com.tr\/wp-content\/uploads\/2018\/06\/Modular-Pitbulls-3-200x150.jpg\" alt=\"\"><\/a><\/figure>\n<figure class=\"gallery-item\">\n\t\t\t\t<a data-elementor-open-lightbox=\"default\" data-elementor-lightbox-slideshow=\"18a3ff2a\" href=\"https:\/\/tecus.com.tr\/wp-content\/uploads\/2018\/06\/Modular-Pitbulls-4.jpg\"><img loading=\"lazy\" decoding=\"async\" width=\"200\" height=\"150\" src=\"https:\/\/tecus.com.tr\/wp-content\/uploads\/2018\/06\/Modular-Pitbulls-4-200x150.jpg\" alt=\"\" srcset=\"https:\/\/tecus.com.tr\/wp-content\/uploads\/2018\/06\/Modular-Pitbulls-4-200x150.jpg 200w, https:\/\/tecus.com.tr\/wp-content\/uploads\/2018\/06\/Modular-Pitbulls-4-250x188.jpg 250w, https:\/\/tecus.com.tr\/wp-content\/uploads\/2018\/06\/Modular-Pitbulls-4-300x225.jpg 300w, https:\/\/tecus.com.tr\/wp-content\/uploads\/2018\/06\/Modular-Pitbulls-4-350x263.jpg 350w, https:\/\/tecus.com.tr\/wp-content\/uploads\/2018\/06\/Modular-Pitbulls-4-500x375.jpg 500w, https:\/\/tecus.com.tr\/wp-content\/uploads\/2018\/06\/Modular-Pitbulls-4.jpg 512w\" sizes=\"(max-width: 200px) 100vw, 200px\"><\/a><\/figure>\n","protected":false},"excerpt":{"rendered":"<p>O Grampo de Fixa\u00e7\u00e3o Pitbull\u00ae \u00e9 muito reconhecido pelo seu perfil baixo e for\u00e7a positiva para baixo. Agora est\u00e1 dispon\u00edvel como grampo modular em dois tipos. <\/p>\n<p>O Grampo Pitbull\u00ae Modular escalonado e ranhurado oferece utiliza\u00e7\u00e3o vers\u00e1til atrav\u00e9s do seu design \u00fanico de eleva\u00e7\u00e3o. Este grampo suporta a pe\u00e7a de trabalho na m\u00e1quina-ferramenta para fresagem e fura\u00e7\u00e3o. Os grampos temperados e rectificados s\u00e3o concebidos para mesas com configura\u00e7\u00f5es de furos-guia ou ranhura em T.  <\/p>\n<p>O Grampo Pitbull\u00ae Modular Compacto \u00e9 ideal para apertar pe\u00e7as em s\u00e9rie, utilizando a superf\u00edcie traseira de um grampo para posicionar a pe\u00e7a para a opera\u00e7\u00e3o seguinte. A altura do grampo pode ser ajustada com a profundidade da ranhura maquinada para posicionamento <\/p>\n","protected":false},"featured_media":43364,"template":"","meta":{"_acf_changed":false},"product_brand":[],"product_cat":[623],"product_tag":[],"class_list":{"0":"post-43355","1":"product","2":"type-product","3":"status-publish","4":"has-post-thumbnail","6":"product_cat-grampos-de-aperto-lateral","8":"first","9":"instock","10":"taxable","11":"shipping-taxable","12":"product-type-simple"},"acf":[],"yoast_head":"<!-- This site is optimized with the Yoast SEO plugin v20.2.1 - https:\/\/yoast.com\/wordpress\/plugins\/seo\/ -->\n<title>GRAMPOS PITBULL MODULARES - Tecus Teknoloji<\/title>\n<meta name=\"robots\" content=\"index, follow, max-snippet:-1, max-image-preview:large, max-video-preview:-1\" \/>\n<link rel=\"canonical\" href=\"https:\/\/tecus.com.tr\/pt-pt\/urun\/grampos-pitbull-modulares\/\" \/>\n<meta property=\"og:locale\" content=\"pt_PT\" \/>\n<meta property=\"og:type\" content=\"article\" \/>\n<meta property=\"og:title\" content=\"GRAMPOS PITBULL MODULARES - Tecus Teknoloji\" \/>\n<meta property=\"og:description\" content=\"O Grampo de Fixa\u00e7\u00e3o Pitbull\u00ae \u00e9 muito reconhecido pelo seu perfil baixo e for\u00e7a positiva para baixo. Agora est\u00e1 dispon\u00edvel como grampo modular em dois tipos.  O Grampo Pitbull\u00ae Modular escalonado e ranhurado oferece utiliza\u00e7\u00e3o vers\u00e1til atrav\u00e9s do seu design \u00fanico de eleva\u00e7\u00e3o. Este grampo suporta a pe\u00e7a de trabalho na m\u00e1quina-ferramenta para fresagem e fura\u00e7\u00e3o. Os grampos temperados e rectificados s\u00e3o concebidos para mesas com configura\u00e7\u00f5es de furos-guia ou ranhura em T.  O Grampo Pitbull\u00ae Modular Compacto \u00e9 ideal para apertar pe\u00e7as em s\u00e9rie, utilizando a superf\u00edcie traseira de um grampo para posicionar a pe\u00e7a para a opera\u00e7\u00e3o seguinte. A altura do grampo pode ser ajustada com a profundidade da ranhura maquinada para posicionamento\" \/>\n<meta property=\"og:url\" content=\"https:\/\/tecus.com.tr\/pt-pt\/urun\/grampos-pitbull-modulares\/\" \/>\n<meta property=\"og:site_name\" content=\"Tecus Teknoloji\" \/>\n<meta property=\"article:modified_time\" content=\"2025-10-14T20:00:13+00:00\" \/>\n<meta property=\"og:image\" content=\"https:\/\/tecus.com.tr\/wp-content\/uploads\/2018\/04\/moduler-pitbull-clamp-2.png\" \/>\n\t<meta property=\"og:image:width\" content=\"500\" \/>\n\t<meta property=\"og:image:height\" content=\"500\" \/>\n\t<meta property=\"og:image:type\" content=\"image\/png\" \/>\n<meta name=\"twitter:card\" content=\"summary_large_image\" \/>\n<script type=\"application\/ld+json\" class=\"yoast-schema-graph\">{\"@context\":\"https:\/\/schema.org\",\"@graph\":[{\"@type\":\"WebPage\",\"@id\":\"https:\/\/tecus.com.tr\/pt-pt\/urun\/grampos-pitbull-modulares\/\",\"url\":\"https:\/\/tecus.com.tr\/pt-pt\/urun\/grampos-pitbull-modulares\/\",\"name\":\"GRAMPOS PITBULL MODULARES - Tecus Teknoloji\",\"isPartOf\":{\"@id\":\"https:\/\/tecus.com.tr\/pt-pt\/#website\"},\"datePublished\":\"2018-04-15T11:05:08+00:00\",\"dateModified\":\"2025-10-14T20:00:13+00:00\",\"breadcrumb\":{\"@id\":\"https:\/\/tecus.com.tr\/pt-pt\/urun\/grampos-pitbull-modulares\/#breadcrumb\"},\"inLanguage\":\"pt-PT\",\"potentialAction\":[{\"@type\":\"ReadAction\",\"target\":[\"https:\/\/tecus.com.tr\/pt-pt\/urun\/grampos-pitbull-modulares\/\"]}]},{\"@type\":\"BreadcrumbList\",\"@id\":\"https:\/\/tecus.com.tr\/pt-pt\/urun\/grampos-pitbull-modulares\/#breadcrumb\",\"itemListElement\":[{\"@type\":\"ListItem\",\"position\":1,\"name\":\"Ana sayfa\",\"item\":\"https:\/\/tecus.com.tr\/pt-pt\/\"},{\"@type\":\"ListItem\",\"position\":2,\"name\":\"Ma\u011faza\",\"item\":\"https:\/\/tecus.com.tr\/magaza\/\"},{\"@type\":\"ListItem\",\"position\":3,\"name\":\"GRAMPOS PITBULL MODULARES\"}]},{\"@type\":\"WebSite\",\"@id\":\"https:\/\/tecus.com.tr\/pt-pt\/#website\",\"url\":\"https:\/\/tecus.com.tr\/pt-pt\/\",\"name\":\"Tecus Teknoloji\",\"description\":\"CNC par\u00e7a ba\u011flama \u00e7\u00f6z\u00fcmleri\",\"publisher\":{\"@id\":\"https:\/\/tecus.com.tr\/pt-pt\/#organization\"},\"potentialAction\":[{\"@type\":\"SearchAction\",\"target\":{\"@type\":\"EntryPoint\",\"urlTemplate\":\"https:\/\/tecus.com.tr\/pt-pt\/?s={search_term_string}\"},\"query-input\":\"required name=search_term_string\"}],\"inLanguage\":\"pt-PT\"},{\"@type\":\"Organization\",\"@id\":\"https:\/\/tecus.com.tr\/pt-pt\/#organization\",\"name\":\"Tecus Teknoloji\",\"url\":\"https:\/\/tecus.com.tr\/pt-pt\/\",\"logo\":{\"@type\":\"ImageObject\",\"inLanguage\":\"pt-PT\",\"@id\":\"https:\/\/tecus.com.tr\/pt-pt\/#\/schema\/logo\/image\/\",\"url\":\"https:\/\/tecus.com.tr\/wp-content\/uploads\/2018\/04\/tecus-logo-beyaz-2-e1528750997765.png\",\"contentUrl\":\"https:\/\/tecus.com.tr\/wp-content\/uploads\/2018\/04\/tecus-logo-beyaz-2-e1528750997765.png\",\"width\":250,\"height\":53,\"caption\":\"Tecus Teknoloji\"},\"image\":{\"@id\":\"https:\/\/tecus.com.tr\/pt-pt\/#\/schema\/logo\/image\/\"}}]}<\/script>\n<!-- \/ Yoast SEO plugin. -->","yoast_head_json":{"title":"GRAMPOS PITBULL MODULARES - Tecus Teknoloji","robots":{"index":"index","follow":"follow","max-snippet":"max-snippet:-1","max-image-preview":"max-image-preview:large","max-video-preview":"max-video-preview:-1"},"canonical":"https:\/\/tecus.com.tr\/pt-pt\/urun\/grampos-pitbull-modulares\/","og_locale":"pt_PT","og_type":"article","og_title":"GRAMPOS PITBULL MODULARES - Tecus Teknoloji","og_description":"O Grampo de Fixa\u00e7\u00e3o Pitbull\u00ae \u00e9 muito reconhecido pelo seu perfil baixo e for\u00e7a positiva para baixo. Agora est\u00e1 dispon\u00edvel como grampo modular em dois tipos.  O Grampo Pitbull\u00ae Modular escalonado e ranhurado oferece utiliza\u00e7\u00e3o vers\u00e1til atrav\u00e9s do seu design \u00fanico de eleva\u00e7\u00e3o. Este grampo suporta a pe\u00e7a de trabalho na m\u00e1quina-ferramenta para fresagem e fura\u00e7\u00e3o. Os grampos temperados e rectificados s\u00e3o concebidos para mesas com configura\u00e7\u00f5es de furos-guia ou ranhura em T.  O Grampo Pitbull\u00ae Modular Compacto \u00e9 ideal para apertar pe\u00e7as em s\u00e9rie, utilizando a superf\u00edcie traseira de um grampo para posicionar a pe\u00e7a para a opera\u00e7\u00e3o seguinte. A altura do grampo pode ser ajustada com a profundidade da ranhura maquinada para posicionamento","og_url":"https:\/\/tecus.com.tr\/pt-pt\/urun\/grampos-pitbull-modulares\/","og_site_name":"Tecus Teknoloji","article_modified_time":"2025-10-14T20:00:13+00:00","og_image":[{"width":500,"height":500,"url":"https:\/\/tecus.com.tr\/wp-content\/uploads\/2018\/04\/moduler-pitbull-clamp-2.png","type":"image\/png"}],"twitter_card":"summary_large_image","schema":{"@context":"https:\/\/schema.org","@graph":[{"@type":"WebPage","@id":"https:\/\/tecus.com.tr\/pt-pt\/urun\/grampos-pitbull-modulares\/","url":"https:\/\/tecus.com.tr\/pt-pt\/urun\/grampos-pitbull-modulares\/","name":"GRAMPOS PITBULL MODULARES - Tecus Teknoloji","isPartOf":{"@id":"https:\/\/tecus.com.tr\/pt-pt\/#website"},"datePublished":"2018-04-15T11:05:08+00:00","dateModified":"2025-10-14T20:00:13+00:00","breadcrumb":{"@id":"https:\/\/tecus.com.tr\/pt-pt\/urun\/grampos-pitbull-modulares\/#breadcrumb"},"inLanguage":"pt-PT","potentialAction":[{"@type":"ReadAction","target":["https:\/\/tecus.com.tr\/pt-pt\/urun\/grampos-pitbull-modulares\/"]}]},{"@type":"BreadcrumbList","@id":"https:\/\/tecus.com.tr\/pt-pt\/urun\/grampos-pitbull-modulares\/#breadcrumb","itemListElement":[{"@type":"ListItem","position":1,"name":"Ana sayfa","item":"https:\/\/tecus.com.tr\/pt-pt\/"},{"@type":"ListItem","position":2,"name":"Ma\u011faza","item":"https:\/\/tecus.com.tr\/magaza\/"},{"@type":"ListItem","position":3,"name":"GRAMPOS PITBULL MODULARES"}]},{"@type":"WebSite","@id":"https:\/\/tecus.com.tr\/pt-pt\/#website","url":"https:\/\/tecus.com.tr\/pt-pt\/","name":"Tecus Teknoloji","description":"CNC par\u00e7a ba\u011flama \u00e7\u00f6z\u00fcmleri","publisher":{"@id":"https:\/\/tecus.com.tr\/pt-pt\/#organization"},"potentialAction":[{"@type":"SearchAction","target":{"@type":"EntryPoint","urlTemplate":"https:\/\/tecus.com.tr\/pt-pt\/?s={search_term_string}"},"query-input":"required name=search_term_string"}],"inLanguage":"pt-PT"},{"@type":"Organization","@id":"https:\/\/tecus.com.tr\/pt-pt\/#organization","name":"Tecus Teknoloji","url":"https:\/\/tecus.com.tr\/pt-pt\/","logo":{"@type":"ImageObject","inLanguage":"pt-PT","@id":"https:\/\/tecus.com.tr\/pt-pt\/#\/schema\/logo\/image\/","url":"https:\/\/tecus.com.tr\/wp-content\/uploads\/2018\/04\/tecus-logo-beyaz-2-e1528750997765.png","contentUrl":"https:\/\/tecus.com.tr\/wp-content\/uploads\/2018\/04\/tecus-logo-beyaz-2-e1528750997765.png","width":250,"height":53,"caption":"Tecus Teknoloji"},"image":{"@id":"https:\/\/tecus.com.tr\/pt-pt\/#\/schema\/logo\/image\/"}}]}},"_links":{"self":[{"href":"https:\/\/tecus.com.tr\/pt-pt\/wp-json\/wp\/v2\/product\/43355","targetHints":{"allow":["GET"]}}],"collection":[{"href":"https:\/\/tecus.com.tr\/pt-pt\/wp-json\/wp\/v2\/product"}],"about":[{"href":"https:\/\/tecus.com.tr\/pt-pt\/wp-json\/wp\/v2\/types\/product"}],"version-history":[{"count":3,"href":"https:\/\/tecus.com.tr\/pt-pt\/wp-json\/wp\/v2\/product\/43355\/revisions"}],"predecessor-version":[{"id":43372,"href":"https:\/\/tecus.com.tr\/pt-pt\/wp-json\/wp\/v2\/product\/43355\/revisions\/43372"}],"wp:featuredmedia":[{"embeddable":true,"href":"https:\/\/tecus.com.tr\/pt-pt\/wp-json\/wp\/v2\/media\/43364"}],"wp:attachment":[{"href":"https:\/\/tecus.com.tr\/pt-pt\/wp-json\/wp\/v2\/media?parent=43355"}],"wp:term":[{"taxonomy":"product_brand","embeddable":true,"href":"https:\/\/tecus.com.tr\/pt-pt\/wp-json\/wp\/v2\/product_brand?post=43355"},{"taxonomy":"product_cat","embeddable":true,"href":"https:\/\/tecus.com.tr\/pt-pt\/wp-json\/wp\/v2\/product_cat?post=43355"},{"taxonomy":"product_tag","embeddable":true,"href":"https:\/\/tecus.com.tr\/pt-pt\/wp-json\/wp\/v2\/product_tag?post=43355"}],"curies":[{"name":"wp","href":"https:\/\/api.w.org\/{rel}","templated":true}]}}