{"id":43343,"date":"2018-04-15T11:16:12","date_gmt":"2018-04-15T11:16:12","guid":{"rendered":"https:\/\/tecus.com.tr\/urun\/grampos-side-loc-xpansion\/"},"modified":"2025-10-26T18:21:17","modified_gmt":"2025-10-26T18:21:17","slug":"grampos-side-loc-xpansion","status":"publish","type":"product","link":"https:\/\/tecus.com.tr\/pt-pt\/urun\/grampos-side-loc-xpansion\/","title":{"rendered":"Grampos Side-Loc Xpansion"},"content":{"rendered":"<p><img fetchpriority=\"high\" decoding=\"async\" class=\"alignnone wp-image-457\" src=\"https:\/\/e-market.tecus.com.tr\/wp-content\/uploads\/2018\/03\/sideloc_draw-300x132.png\" alt=\"\" width=\"916\" height=\"403\"><\/p>\n<p>[table id=&#8221;SideLocXpansionClamps&#8221; \/]<\/p>\n","protected":false},"excerpt":{"rendered":"<p>O Grampo Side-Loc Xpansion \u00e9 operado lateralmente, sendo perfeito para aplica\u00e7\u00f5es em furos cegos. Foi concebido tanto para aplica\u00e7\u00f5es de torneamento como de fresagem. O veio de came e o pist\u00e3o expandem o grampo lateralmente. Apresenta as mesmas dimens\u00f5es de montagem que o nosso grampo de identifica\u00e7\u00e3o original.   <\/p>\n<p>O Grampo Side-Loc Xpansion \u00e9 operado atrav\u00e9s da rota\u00e7\u00e3o de um veio de came com cabe\u00e7a sextavada lateral que move um pist\u00e3o c\u00f3nico para expandir o grampo. O anel de bloqueio proporciona um di\u00e2metro e rigidez pr\u00e9-definidos precisos para a maquina\u00e7\u00e3o. O bin\u00e1rio m\u00e1ximo no anel de bloqueio \u00e9 de 10 ft lbs. (13 Nm). Tal como os nossos grampos ID Xpansion\u2122 originais, o Grampo Side-Loc Xpansion possui a caracter\u00edstica de comprimento morto, crucial para dimens\u00f5es de toler\u00e2ncia apertada.    <\/p>\n<p>O Grampo Side-Loc Xpansion foi concebido em dois estilos: um para opera\u00e7\u00f5es de fresagem e outro para aplica\u00e7\u00f5es de torneamento. Est\u00e1 dispon\u00edvel um tamanho para cada modelo. O Grampo Side-Loc Xpansion para fresagem pode ser maquinado entre 1,120 e 0,710 (28,4 a 18 mm) e a vers\u00e3o para torneamento entre 2,09 e 7,10 (53 a 18 mm). A vers\u00e3o para torneamento tem um veio reto de 1&#8243; (25 mm).   <\/p>\n","protected":false},"featured_media":43344,"template":"","meta":{"_acf_changed":false},"product_brand":[],"product_cat":[640],"product_tag":[646],"class_list":{"0":"post-43343","1":"product","2":"type-product","3":"status-publish","4":"has-post-thumbnail","6":"product_cat-grampos-de-fixacao-por-diametro","7":"product_tag-grampos-xpansion","9":"first","10":"instock","11":"taxable","12":"shipping-taxable","13":"product-type-simple"},"acf":[],"yoast_head":"<!-- This site is optimized with the Yoast SEO plugin v20.2.1 - https:\/\/yoast.com\/wordpress\/plugins\/seo\/ -->\n<title>Grampos Side-Loc Xpansion - Tecus Teknoloji<\/title>\n<meta name=\"robots\" content=\"index, follow, max-snippet:-1, max-image-preview:large, max-video-preview:-1\" \/>\n<link rel=\"canonical\" href=\"https:\/\/tecus.com.tr\/pt-pt\/urun\/grampos-side-loc-xpansion\/\" \/>\n<meta property=\"og:locale\" content=\"pt_PT\" \/>\n<meta property=\"og:type\" content=\"article\" \/>\n<meta property=\"og:title\" content=\"Grampos Side-Loc Xpansion - Tecus Teknoloji\" \/>\n<meta property=\"og:description\" content=\"O Grampo Side-Loc Xpansion \u00e9 operado lateralmente, sendo perfeito para aplica\u00e7\u00f5es em furos cegos. Foi concebido tanto para aplica\u00e7\u00f5es de torneamento como de fresagem. O veio de came e o pist\u00e3o expandem o grampo lateralmente. Apresenta as mesmas dimens\u00f5es de montagem que o nosso grampo de identifica\u00e7\u00e3o original.   O Grampo Side-Loc Xpansion \u00e9 operado atrav\u00e9s da rota\u00e7\u00e3o de um veio de came com cabe\u00e7a sextavada lateral que move um pist\u00e3o c\u00f3nico para expandir o grampo. O anel de bloqueio proporciona um di\u00e2metro e rigidez pr\u00e9-definidos precisos para a maquina\u00e7\u00e3o. O bin\u00e1rio m\u00e1ximo no anel de bloqueio \u00e9 de 10 ft lbs. (13 Nm). Tal como os nossos grampos ID Xpansion\u2122 originais, o Grampo Side-Loc Xpansion possui a caracter\u00edstica de comprimento morto, crucial para dimens\u00f5es de toler\u00e2ncia apertada.   O Grampo Side-Loc Xpansion foi concebido em dois estilos: um para opera\u00e7\u00f5es de fresagem e outro para aplica\u00e7\u00f5es de torneamento. Est\u00e1 dispon\u00edvel um tamanho para cada modelo. O Grampo Side-Loc Xpansion para fresagem pode ser maquinado entre 1,120 e 0,710 (28,4 a 18 mm) e a vers\u00e3o para torneamento entre 2,09 e 7,10 (53 a 18 mm). A vers\u00e3o para torneamento tem um veio reto de 1&quot; (25 mm).\" \/>\n<meta property=\"og:url\" content=\"https:\/\/tecus.com.tr\/pt-pt\/urun\/grampos-side-loc-xpansion\/\" \/>\n<meta property=\"og:site_name\" content=\"Tecus Teknoloji\" \/>\n<meta property=\"article:modified_time\" content=\"2025-10-26T18:21:17+00:00\" \/>\n<meta property=\"og:image\" content=\"https:\/\/tecus.com.tr\/wp-content\/uploads\/2018\/04\/SIDE-LOC-EXP-glam-copy-1.png\" \/>\n\t<meta property=\"og:image:width\" content=\"500\" \/>\n\t<meta property=\"og:image:height\" content=\"500\" \/>\n\t<meta property=\"og:image:type\" content=\"image\/png\" \/>\n<meta name=\"twitter:card\" content=\"summary_large_image\" \/>\n<script type=\"application\/ld+json\" class=\"yoast-schema-graph\">{\"@context\":\"https:\/\/schema.org\",\"@graph\":[{\"@type\":\"WebPage\",\"@id\":\"https:\/\/tecus.com.tr\/pt-pt\/urun\/grampos-side-loc-xpansion\/\",\"url\":\"https:\/\/tecus.com.tr\/pt-pt\/urun\/grampos-side-loc-xpansion\/\",\"name\":\"Grampos Side-Loc Xpansion - Tecus Teknoloji\",\"isPartOf\":{\"@id\":\"https:\/\/tecus.com.tr\/pt-pt\/#website\"},\"datePublished\":\"2018-04-15T11:16:12+00:00\",\"dateModified\":\"2025-10-26T18:21:17+00:00\",\"breadcrumb\":{\"@id\":\"https:\/\/tecus.com.tr\/pt-pt\/urun\/grampos-side-loc-xpansion\/#breadcrumb\"},\"inLanguage\":\"pt-PT\",\"potentialAction\":[{\"@type\":\"ReadAction\",\"target\":[\"https:\/\/tecus.com.tr\/pt-pt\/urun\/grampos-side-loc-xpansion\/\"]}]},{\"@type\":\"BreadcrumbList\",\"@id\":\"https:\/\/tecus.com.tr\/pt-pt\/urun\/grampos-side-loc-xpansion\/#breadcrumb\",\"itemListElement\":[{\"@type\":\"ListItem\",\"position\":1,\"name\":\"Ana sayfa\",\"item\":\"https:\/\/tecus.com.tr\/pt-pt\/\"},{\"@type\":\"ListItem\",\"position\":2,\"name\":\"Ma\u011faza\",\"item\":\"https:\/\/tecus.com.tr\/magaza\/\"},{\"@type\":\"ListItem\",\"position\":3,\"name\":\"Grampos Side-Loc Xpansion\"}]},{\"@type\":\"WebSite\",\"@id\":\"https:\/\/tecus.com.tr\/pt-pt\/#website\",\"url\":\"https:\/\/tecus.com.tr\/pt-pt\/\",\"name\":\"Tecus Teknoloji\",\"description\":\"CNC par\u00e7a ba\u011flama \u00e7\u00f6z\u00fcmleri\",\"publisher\":{\"@id\":\"https:\/\/tecus.com.tr\/pt-pt\/#organization\"},\"potentialAction\":[{\"@type\":\"SearchAction\",\"target\":{\"@type\":\"EntryPoint\",\"urlTemplate\":\"https:\/\/tecus.com.tr\/pt-pt\/?s={search_term_string}\"},\"query-input\":\"required name=search_term_string\"}],\"inLanguage\":\"pt-PT\"},{\"@type\":\"Organization\",\"@id\":\"https:\/\/tecus.com.tr\/pt-pt\/#organization\",\"name\":\"Tecus Teknoloji\",\"url\":\"https:\/\/tecus.com.tr\/pt-pt\/\",\"logo\":{\"@type\":\"ImageObject\",\"inLanguage\":\"pt-PT\",\"@id\":\"https:\/\/tecus.com.tr\/pt-pt\/#\/schema\/logo\/image\/\",\"url\":\"https:\/\/tecus.com.tr\/wp-content\/uploads\/2018\/04\/tecus-logo-beyaz-2-e1528750997765.png\",\"contentUrl\":\"https:\/\/tecus.com.tr\/wp-content\/uploads\/2018\/04\/tecus-logo-beyaz-2-e1528750997765.png\",\"width\":250,\"height\":53,\"caption\":\"Tecus Teknoloji\"},\"image\":{\"@id\":\"https:\/\/tecus.com.tr\/pt-pt\/#\/schema\/logo\/image\/\"}}]}<\/script>\n<!-- \/ Yoast SEO plugin. -->","yoast_head_json":{"title":"Grampos Side-Loc Xpansion - Tecus Teknoloji","robots":{"index":"index","follow":"follow","max-snippet":"max-snippet:-1","max-image-preview":"max-image-preview:large","max-video-preview":"max-video-preview:-1"},"canonical":"https:\/\/tecus.com.tr\/pt-pt\/urun\/grampos-side-loc-xpansion\/","og_locale":"pt_PT","og_type":"article","og_title":"Grampos Side-Loc Xpansion - Tecus Teknoloji","og_description":"O Grampo Side-Loc Xpansion \u00e9 operado lateralmente, sendo perfeito para aplica\u00e7\u00f5es em furos cegos. Foi concebido tanto para aplica\u00e7\u00f5es de torneamento como de fresagem. O veio de came e o pist\u00e3o expandem o grampo lateralmente. Apresenta as mesmas dimens\u00f5es de montagem que o nosso grampo de identifica\u00e7\u00e3o original.   O Grampo Side-Loc Xpansion \u00e9 operado atrav\u00e9s da rota\u00e7\u00e3o de um veio de came com cabe\u00e7a sextavada lateral que move um pist\u00e3o c\u00f3nico para expandir o grampo. O anel de bloqueio proporciona um di\u00e2metro e rigidez pr\u00e9-definidos precisos para a maquina\u00e7\u00e3o. O bin\u00e1rio m\u00e1ximo no anel de bloqueio \u00e9 de 10 ft lbs. (13 Nm). Tal como os nossos grampos ID Xpansion\u2122 originais, o Grampo Side-Loc Xpansion possui a caracter\u00edstica de comprimento morto, crucial para dimens\u00f5es de toler\u00e2ncia apertada.   O Grampo Side-Loc Xpansion foi concebido em dois estilos: um para opera\u00e7\u00f5es de fresagem e outro para aplica\u00e7\u00f5es de torneamento. Est\u00e1 dispon\u00edvel um tamanho para cada modelo. O Grampo Side-Loc Xpansion para fresagem pode ser maquinado entre 1,120 e 0,710 (28,4 a 18 mm) e a vers\u00e3o para torneamento entre 2,09 e 7,10 (53 a 18 mm). A vers\u00e3o para torneamento tem um veio reto de 1\" (25 mm).","og_url":"https:\/\/tecus.com.tr\/pt-pt\/urun\/grampos-side-loc-xpansion\/","og_site_name":"Tecus Teknoloji","article_modified_time":"2025-10-26T18:21:17+00:00","og_image":[{"width":500,"height":500,"url":"https:\/\/tecus.com.tr\/wp-content\/uploads\/2018\/04\/SIDE-LOC-EXP-glam-copy-1.png","type":"image\/png"}],"twitter_card":"summary_large_image","schema":{"@context":"https:\/\/schema.org","@graph":[{"@type":"WebPage","@id":"https:\/\/tecus.com.tr\/pt-pt\/urun\/grampos-side-loc-xpansion\/","url":"https:\/\/tecus.com.tr\/pt-pt\/urun\/grampos-side-loc-xpansion\/","name":"Grampos Side-Loc Xpansion - Tecus Teknoloji","isPartOf":{"@id":"https:\/\/tecus.com.tr\/pt-pt\/#website"},"datePublished":"2018-04-15T11:16:12+00:00","dateModified":"2025-10-26T18:21:17+00:00","breadcrumb":{"@id":"https:\/\/tecus.com.tr\/pt-pt\/urun\/grampos-side-loc-xpansion\/#breadcrumb"},"inLanguage":"pt-PT","potentialAction":[{"@type":"ReadAction","target":["https:\/\/tecus.com.tr\/pt-pt\/urun\/grampos-side-loc-xpansion\/"]}]},{"@type":"BreadcrumbList","@id":"https:\/\/tecus.com.tr\/pt-pt\/urun\/grampos-side-loc-xpansion\/#breadcrumb","itemListElement":[{"@type":"ListItem","position":1,"name":"Ana sayfa","item":"https:\/\/tecus.com.tr\/pt-pt\/"},{"@type":"ListItem","position":2,"name":"Ma\u011faza","item":"https:\/\/tecus.com.tr\/magaza\/"},{"@type":"ListItem","position":3,"name":"Grampos Side-Loc Xpansion"}]},{"@type":"WebSite","@id":"https:\/\/tecus.com.tr\/pt-pt\/#website","url":"https:\/\/tecus.com.tr\/pt-pt\/","name":"Tecus Teknoloji","description":"CNC par\u00e7a ba\u011flama \u00e7\u00f6z\u00fcmleri","publisher":{"@id":"https:\/\/tecus.com.tr\/pt-pt\/#organization"},"potentialAction":[{"@type":"SearchAction","target":{"@type":"EntryPoint","urlTemplate":"https:\/\/tecus.com.tr\/pt-pt\/?s={search_term_string}"},"query-input":"required name=search_term_string"}],"inLanguage":"pt-PT"},{"@type":"Organization","@id":"https:\/\/tecus.com.tr\/pt-pt\/#organization","name":"Tecus Teknoloji","url":"https:\/\/tecus.com.tr\/pt-pt\/","logo":{"@type":"ImageObject","inLanguage":"pt-PT","@id":"https:\/\/tecus.com.tr\/pt-pt\/#\/schema\/logo\/image\/","url":"https:\/\/tecus.com.tr\/wp-content\/uploads\/2018\/04\/tecus-logo-beyaz-2-e1528750997765.png","contentUrl":"https:\/\/tecus.com.tr\/wp-content\/uploads\/2018\/04\/tecus-logo-beyaz-2-e1528750997765.png","width":250,"height":53,"caption":"Tecus Teknoloji"},"image":{"@id":"https:\/\/tecus.com.tr\/pt-pt\/#\/schema\/logo\/image\/"}}]}},"_links":{"self":[{"href":"https:\/\/tecus.com.tr\/pt-pt\/wp-json\/wp\/v2\/product\/43343","targetHints":{"allow":["GET"]}}],"collection":[{"href":"https:\/\/tecus.com.tr\/pt-pt\/wp-json\/wp\/v2\/product"}],"about":[{"href":"https:\/\/tecus.com.tr\/pt-pt\/wp-json\/wp\/v2\/types\/product"}],"version-history":[{"count":1,"href":"https:\/\/tecus.com.tr\/pt-pt\/wp-json\/wp\/v2\/product\/43343\/revisions"}],"predecessor-version":[{"id":46091,"href":"https:\/\/tecus.com.tr\/pt-pt\/wp-json\/wp\/v2\/product\/43343\/revisions\/46091"}],"wp:featuredmedia":[{"embeddable":true,"href":"https:\/\/tecus.com.tr\/pt-pt\/wp-json\/wp\/v2\/media\/43344"}],"wp:attachment":[{"href":"https:\/\/tecus.com.tr\/pt-pt\/wp-json\/wp\/v2\/media?parent=43343"}],"wp:term":[{"taxonomy":"product_brand","embeddable":true,"href":"https:\/\/tecus.com.tr\/pt-pt\/wp-json\/wp\/v2\/product_brand?post=43343"},{"taxonomy":"product_cat","embeddable":true,"href":"https:\/\/tecus.com.tr\/pt-pt\/wp-json\/wp\/v2\/product_cat?post=43343"},{"taxonomy":"product_tag","embeddable":true,"href":"https:\/\/tecus.com.tr\/pt-pt\/wp-json\/wp\/v2\/product_tag?post=43343"}],"curies":[{"name":"wp","href":"https:\/\/api.w.org\/{rel}","templated":true}]}}