{"id":43287,"date":"2018-04-19T09:39:33","date_gmt":"2018-04-19T09:39:33","guid":{"rendered":"https:\/\/tecus.com.tr\/urun\/escovas-de-disco-do-tipo-ponto\/"},"modified":"2025-12-03T12:18:35","modified_gmt":"2025-12-03T12:18:35","slug":"escovas-de-disco-do-tipo-ponto","status":"publish","type":"product","link":"https:\/\/tecus.com.tr\/pt-pt\/urun\/escovas-de-disco-do-tipo-ponto\/","title":{"rendered":"Escovas de Disco do Tipo Ponto"},"content":{"rendered":"<p>&nbsp;<\/p>\n<table width=\"20%\">\n<tbody>\n<tr>\n<td width=\"44%\"><strong>Sele\u00e7\u00e3o da granula\u00e7\u00e3o <\/strong><\/td>\n<td width=\"51%\"><strong>Valor Ra inicial<\/strong><\/td>\n<\/tr>\n<tr>\n<td> 80<\/td>\n<td>1,4 &#8211; 1,5<\/td>\n<\/tr>\n<tr>\n<td>120<\/td>\n<td>1 &#8211; 1,4<\/td>\n<\/tr>\n<tr>\n<td>180<\/td>\n<td>0,7 &#8211; 1<\/td>\n<\/tr>\n<tr>\n<td>320<\/td>\n<td>0,6 &#8211; 0,7<\/td>\n<\/tr>\n<\/tbody>\n<\/table>\n<p><strong>SELE\u00c7\u00c3O DO DI\u00c2METRO DA ESCOVA, COBERTURA TOTAL DA PE\u00c7A<\/strong><br \/>\n<strong>Cobertura da pe\u00e7a:<\/strong> A escova ideal deve ser 70mm maior que a pe\u00e7a a ser trabalhada. Se for necess\u00e1ria uma escova menor devido a restri\u00e7\u00f5es do dispositivo de fixa\u00e7\u00e3o, a linha central da escova deve ser alinhada de modo a que se estenda pelo menos 35mm al\u00e9m do canto pretendido.<br \/>\n<strong><em> <\/em><\/strong>Percurso da ferramenta: A escova deve girar \u00e0 velocidade m\u00e1xima e continuar a girar at\u00e9 se separar da pe\u00e7a e completar o seu percurso.<br \/>\nDire\u00e7\u00e3o de rota\u00e7\u00e3o: A dire\u00e7\u00e3o de rota\u00e7\u00e3o da escova deve ser oposta \u00e0 dire\u00e7\u00e3o das rebarbas criadas pela ferramenta de corte.<\/p>\n<p><strong>Par\u00e2metros de processo recomendados.<\/strong><br \/>\n<strong>Rota\u00e7\u00e3o<\/strong><br \/>\nAs escovas devem ser operadas a uma velocidade inferior \u00e0 velocidade m\u00e1xima listada no MSMFS para evitar o sobreaquecimento e a transfer\u00eancia de nylon para a superf\u00edcie. A velocidade m\u00e1xima de rota\u00e7\u00e3o indicada na escova n\u00e3o \u00e9 a velocidade de trabalho adequada. Recomenda-se manter abaixo de 2.500 rpm para aplica\u00e7\u00f5es a seco e abaixo de 3.500 rpm para aplica\u00e7\u00f5es h\u00famidas. Uma escova de 150mm de di\u00e2metro \u00e9 mais eficaz a 1400 rpm do que a 2800 rpm. A velocidade excessiva, especialmente em escovas de filamentos longos, causa dobramento dos filamentos e saltos sobre a pe\u00e7a. Geralmente, uma velocidade mais alta aumenta a agressividade da rebarbagem.<br \/>\n<strong>Compensa\u00e7\u00e3o do desgaste:<\/strong><br \/>\n\u00c9 poss\u00edvel automatizar a compensa\u00e7\u00e3o do desgaste em equipamentos especiais. Utilizando controlos eletr\u00f3nicos para monitorizar a carga no motor de acionamento, a press\u00e3o da escova pode ser ajustada para manter uma quantidade relativamente consistente de press\u00e3o. Em m\u00e1quinas CNC padr\u00e3o sem ajustes autom\u00e1ticos de carga, devem ser utilizados diferentes m\u00e9todos como indexa\u00e7\u00e3o autom\u00e1tica, controlo por sonda ou ajuste manual.<br \/>\n<strong>Profundidade de Press\u00e3o<\/strong><\/p>\n<table width=\"56%\">\n<tbody>\n<tr>\n<td width=\"48%\"><strong>Comprimento da Escova<\/strong><\/td>\n<td width=\"52%\"><strong>Profundidade de Press\u00e3o<\/strong><\/td>\n<\/tr>\n<tr>\n<td>Tipo Ponto<\/td>\n<td>0,381 \u2013 3,962 mm<\/td>\n<\/tr>\n<tr>\n<td>Tipo Turbina<\/td>\n<td>0,177 &#8211; 2,362 mm<\/td>\n<\/tr>\n<\/tbody>\n<\/table>\n<p>Para escovas de filamentos finos, a quantidade de press\u00e3o deve ser ajustada para penetrar at\u00e9 10% do comprimento do filamento dispon\u00edvel, e para escovas de filamentos grossos at\u00e9 5%. Geralmente, reduz-se a velocidade de rota\u00e7\u00e3o e aumenta-se a press\u00e3o para ajustar suavemente o filamento da escova aos contornos da pe\u00e7a. Desta forma, o filamento da escova n\u00e3o bate nem salta na superf\u00edcie da pe\u00e7a, mas sim remove e varre as rebarbas ao longo da superf\u00edcie e cantos da pe\u00e7a como uma lima.   Este m\u00e9todo de escovagem tamb\u00e9m aumenta a durabilidade da escova.<br \/>\n<strong>VELOCIDADE DE AVAN\u00c7O<\/strong><\/p>\n<table width=\"72%\">\n<tbody>\n<tr>\n<td width=\"52%\"><strong>Material <\/strong><\/td>\n<td width=\"48%\"><strong>Taxa de Avan\u00e7o<\/strong><\/td>\n<\/tr>\n<tr>\n<td>N\u00e3o Ferrosos<\/td>\n<td>2,032 m\/min<\/td>\n<\/tr>\n<tr>\n<td>Ferro Fundido<\/td>\n<td>1,524 m\/min<\/td>\n<\/tr>\n<tr>\n<td>A\u00e7o Macio e Ferro Fundido<\/td>\n<td>1,27 m\/min<\/td>\n<\/tr>\n<tr>\n<td>A\u00e7os Inoxid\u00e1veis e Ligados<\/td>\n<td>0,762 m\/min<\/td>\n<\/tr>\n<tr>\n<td>Tit\u00e2nio e Ligas de Alto Teor de N\u00edquel<\/td>\n<td>0,762 m\/min<\/td>\n<\/tr>\n<\/tbody>\n<\/table>\n<p>A velocidade de avan\u00e7o \u00e9 determinada por v\u00e1rios fatores, como o tamanho da rebarba, o material da pe\u00e7a, os contornos da superf\u00edcie e os requisitos de rugosidade. As superf\u00edcies contornadas devem ser processadas a velocidades mais baixas e com press\u00e3o mais alta do que as superf\u00edcies planas. A velocidade de avan\u00e7o inicial recomendada \u00e9 entre 30 e 80 fpm, mas a velocidade de avan\u00e7o final \u00e9 espec\u00edfica da aplica\u00e7\u00e3o e deve ser desenvolvida com base na experi\u00eancia de rebarbagem.<br \/>\n<strong>Diretrizes de Aplica\u00e7\u00e3o<\/strong><\/p>\n<table width=\"100%\">\n<tbody>\n<tr>\n<td><strong>Para mais agressividade<\/strong><br \/>\n&#8211; Reduza o comprimento da escova<br \/>\n&#8211; Use uma escova de maior di\u00e2metro<br \/>\n&#8211; Aumente o tamanho do gr\u00e3o<br \/>\n&#8211; Use uma escova de cerdas de alta densidade. (Tipo Turbina)<br \/>\n&#8211; Aumente a velocidade de rota\u00e7\u00e3o<br \/>\n&#8211; Aumente a profundidade de press\u00e3o <\/td>\n<td><strong>Para menos agressividade<\/strong><br \/>\n&#8211; Aumente o comprimento da escova<br \/>\n&#8211; Use uma escova de menor di\u00e2metro<br \/>\n&#8211; Use gr\u00e3os mais finos<br \/>\n&#8211; Use uma escova de cerdas de densidade m\u00e9dia (Tipo Ponto)<br \/>\n&#8211; Reduza a press\u00e3o<\/td>\n<td><strong>Para contornar<\/strong><br \/>\n&#8211; Aumente o comprimento da escova<br \/>\n&#8211; Use uma escova com gr\u00e3os finos<br \/>\n&#8211; Use uma escova de cerdas de baixa densidade (Tipo Ponto)<br \/>\n&#8211; Aumente a press\u00e3o<\/td>\n<\/tr>\n<tr>\n<td><strong>Para superf\u00edcies finas<\/strong><br \/>\n&#8211; Use a escova com refrigerante<br \/>\n&#8211; Use uma escova de cerdas longas<br \/>\n&#8211; Aumente a velocidade de rota\u00e7\u00e3o<\/td>\n<td><strong>Para superf\u00edcies rugosas<\/strong><br \/>\n&#8211; Use a escova sem refrigerante<br \/>\n&#8211; Aumente o tamanho do gr\u00e3o<br \/>\n&#8211; Use uma escova de menor di\u00e2metro<br \/>\n&#8211; Reduza a velocidade de rota\u00e7\u00e3o<\/td>\n<td><strong>Para remover marcas e manchas<\/strong><br \/>\n-Use a escova com refrigera\u00e7\u00e3o<br \/>\n-Use uma escova de menor di\u00e2metro<br \/>\n-Reduza a velocidade de rota\u00e7\u00e3o<br \/>\n-Reduza a press\u00e3o<\/td>\n<\/tr>\n<\/tbody>\n<\/table>\n<p>Enquanto os tipos ponto s\u00e3o preferidos para rebarbagem geral e aplica\u00e7\u00f5es de acabamento superficial leve, as nossas escovas de disco tipo turbina s\u00e3o utilizadas em opera\u00e7\u00f5es de rebarbagem m\u00e9dia e pesada. Em ambos os tipos das nossas escovas de disco, os filamentos de nylon com cer\u00e2mica e carboneto de sil\u00edcio s\u00e3o utilizados numa combina\u00e7\u00e3o eficaz. <\/p>\n","protected":false},"excerpt":{"rendered":"<p>As escovas de disco tipo ponto s\u00e3o utilizadas para limpeza geral de bordas e aplica\u00e7\u00f5es de acabamento superficial. O estilo ponto \u00e9 uma op\u00e7\u00e3o econ\u00f3mica para aplica\u00e7\u00f5es de rebarbagem leve quando os tempos de ciclo curtos s\u00e3o importantes. Proporcionam maior flexibilidade e podem facilmente aceder a pequenos orif\u00edcios e espa\u00e7os.  <\/p>\n","protected":false},"featured_media":43292,"template":"","meta":{"_acf_changed":false},"product_brand":[650],"product_cat":[643,634],"product_tag":[644],"class_list":{"0":"post-43287","1":"product","2":"type-product","3":"status-publish","4":"has-post-thumbnail","6":"product_brand-nampower","7":"product_cat-escovas-de-rebarbacao-nampower","8":"product_cat-ferramentas-e-dispositivos-para-torno-cnc","9":"product_tag-nampower","11":"first","12":"instock","13":"taxable","14":"shipping-taxable","15":"purchasable","16":"product-type-variable"},"acf":[],"yoast_head":"<!-- This site is optimized with the Yoast SEO plugin v20.2.1 - https:\/\/yoast.com\/wordpress\/plugins\/seo\/ -->\n<title>Escovas de Disco do Tipo Ponto - Tecus Teknoloji<\/title>\n<meta name=\"robots\" content=\"index, follow, max-snippet:-1, max-image-preview:large, max-video-preview:-1\" \/>\n<link rel=\"canonical\" href=\"https:\/\/tecus.com.tr\/pt-pt\/urun\/escovas-de-disco-do-tipo-ponto\/\" \/>\n<meta property=\"og:locale\" content=\"pt_PT\" \/>\n<meta property=\"og:type\" content=\"article\" \/>\n<meta property=\"og:title\" content=\"Escovas de Disco do Tipo Ponto - Tecus Teknoloji\" \/>\n<meta property=\"og:description\" content=\"As escovas de disco tipo ponto s\u00e3o utilizadas para limpeza geral de bordas e aplica\u00e7\u00f5es de acabamento superficial. O estilo ponto \u00e9 uma op\u00e7\u00e3o econ\u00f3mica para aplica\u00e7\u00f5es de rebarbagem leve quando os tempos de ciclo curtos s\u00e3o importantes. Proporcionam maior flexibilidade e podem facilmente aceder a pequenos orif\u00edcios e espa\u00e7os.\" \/>\n<meta property=\"og:url\" content=\"https:\/\/tecus.com.tr\/pt-pt\/urun\/escovas-de-disco-do-tipo-ponto\/\" \/>\n<meta property=\"og:site_name\" content=\"Tecus Teknoloji\" \/>\n<meta property=\"article:modified_time\" content=\"2025-12-03T12:18:35+00:00\" \/>\n<meta property=\"og:image\" content=\"https:\/\/tecus.com.tr\/wp-content\/uploads\/2018\/04\/nokta-tipi-disk-fircalari-500x500-1.png\" \/>\n\t<meta property=\"og:image:width\" content=\"375\" \/>\n\t<meta property=\"og:image:height\" content=\"375\" \/>\n\t<meta property=\"og:image:type\" content=\"image\/png\" \/>\n<meta name=\"twitter:card\" content=\"summary_large_image\" \/>\n<meta name=\"twitter:label1\" content=\"Tempo estimado de leitura\" \/>\n\t<meta name=\"twitter:data1\" content=\"4 minutos\" \/>\n<script type=\"application\/ld+json\" class=\"yoast-schema-graph\">{\"@context\":\"https:\/\/schema.org\",\"@graph\":[{\"@type\":\"WebPage\",\"@id\":\"https:\/\/tecus.com.tr\/pt-pt\/urun\/escovas-de-disco-do-tipo-ponto\/\",\"url\":\"https:\/\/tecus.com.tr\/pt-pt\/urun\/escovas-de-disco-do-tipo-ponto\/\",\"name\":\"Escovas de Disco do Tipo Ponto - Tecus Teknoloji\",\"isPartOf\":{\"@id\":\"https:\/\/tecus.com.tr\/pt-pt\/#website\"},\"datePublished\":\"2018-04-19T09:39:33+00:00\",\"dateModified\":\"2025-12-03T12:18:35+00:00\",\"breadcrumb\":{\"@id\":\"https:\/\/tecus.com.tr\/pt-pt\/urun\/escovas-de-disco-do-tipo-ponto\/#breadcrumb\"},\"inLanguage\":\"pt-PT\",\"potentialAction\":[{\"@type\":\"ReadAction\",\"target\":[\"https:\/\/tecus.com.tr\/pt-pt\/urun\/escovas-de-disco-do-tipo-ponto\/\"]}]},{\"@type\":\"BreadcrumbList\",\"@id\":\"https:\/\/tecus.com.tr\/pt-pt\/urun\/escovas-de-disco-do-tipo-ponto\/#breadcrumb\",\"itemListElement\":[{\"@type\":\"ListItem\",\"position\":1,\"name\":\"Ana sayfa\",\"item\":\"https:\/\/tecus.com.tr\/pt-pt\/\"},{\"@type\":\"ListItem\",\"position\":2,\"name\":\"Ma\u011faza\",\"item\":\"https:\/\/tecus.com.tr\/magaza\/\"},{\"@type\":\"ListItem\",\"position\":3,\"name\":\"Escovas de Disco do Tipo Ponto\"}]},{\"@type\":\"WebSite\",\"@id\":\"https:\/\/tecus.com.tr\/pt-pt\/#website\",\"url\":\"https:\/\/tecus.com.tr\/pt-pt\/\",\"name\":\"Tecus Teknoloji\",\"description\":\"CNC par\u00e7a ba\u011flama \u00e7\u00f6z\u00fcmleri\",\"publisher\":{\"@id\":\"https:\/\/tecus.com.tr\/pt-pt\/#organization\"},\"potentialAction\":[{\"@type\":\"SearchAction\",\"target\":{\"@type\":\"EntryPoint\",\"urlTemplate\":\"https:\/\/tecus.com.tr\/pt-pt\/?s={search_term_string}\"},\"query-input\":\"required name=search_term_string\"}],\"inLanguage\":\"pt-PT\"},{\"@type\":\"Organization\",\"@id\":\"https:\/\/tecus.com.tr\/pt-pt\/#organization\",\"name\":\"Tecus Teknoloji\",\"url\":\"https:\/\/tecus.com.tr\/pt-pt\/\",\"logo\":{\"@type\":\"ImageObject\",\"inLanguage\":\"pt-PT\",\"@id\":\"https:\/\/tecus.com.tr\/pt-pt\/#\/schema\/logo\/image\/\",\"url\":\"https:\/\/tecus.com.tr\/wp-content\/uploads\/2018\/04\/tecus-logo-beyaz-2-e1528750997765.png\",\"contentUrl\":\"https:\/\/tecus.com.tr\/wp-content\/uploads\/2018\/04\/tecus-logo-beyaz-2-e1528750997765.png\",\"width\":250,\"height\":53,\"caption\":\"Tecus Teknoloji\"},\"image\":{\"@id\":\"https:\/\/tecus.com.tr\/pt-pt\/#\/schema\/logo\/image\/\"}}]}<\/script>\n<!-- \/ Yoast SEO plugin. -->","yoast_head_json":{"title":"Escovas de Disco do Tipo Ponto - Tecus Teknoloji","robots":{"index":"index","follow":"follow","max-snippet":"max-snippet:-1","max-image-preview":"max-image-preview:large","max-video-preview":"max-video-preview:-1"},"canonical":"https:\/\/tecus.com.tr\/pt-pt\/urun\/escovas-de-disco-do-tipo-ponto\/","og_locale":"pt_PT","og_type":"article","og_title":"Escovas de Disco do Tipo Ponto - Tecus Teknoloji","og_description":"As escovas de disco tipo ponto s\u00e3o utilizadas para limpeza geral de bordas e aplica\u00e7\u00f5es de acabamento superficial. O estilo ponto \u00e9 uma op\u00e7\u00e3o econ\u00f3mica para aplica\u00e7\u00f5es de rebarbagem leve quando os tempos de ciclo curtos s\u00e3o importantes. Proporcionam maior flexibilidade e podem facilmente aceder a pequenos orif\u00edcios e espa\u00e7os.","og_url":"https:\/\/tecus.com.tr\/pt-pt\/urun\/escovas-de-disco-do-tipo-ponto\/","og_site_name":"Tecus Teknoloji","article_modified_time":"2025-12-03T12:18:35+00:00","og_image":[{"width":375,"height":375,"url":"https:\/\/tecus.com.tr\/wp-content\/uploads\/2018\/04\/nokta-tipi-disk-fircalari-500x500-1.png","type":"image\/png"}],"twitter_card":"summary_large_image","twitter_misc":{"Tempo estimado de leitura":"4 minutos"},"schema":{"@context":"https:\/\/schema.org","@graph":[{"@type":"WebPage","@id":"https:\/\/tecus.com.tr\/pt-pt\/urun\/escovas-de-disco-do-tipo-ponto\/","url":"https:\/\/tecus.com.tr\/pt-pt\/urun\/escovas-de-disco-do-tipo-ponto\/","name":"Escovas de Disco do Tipo Ponto - Tecus Teknoloji","isPartOf":{"@id":"https:\/\/tecus.com.tr\/pt-pt\/#website"},"datePublished":"2018-04-19T09:39:33+00:00","dateModified":"2025-12-03T12:18:35+00:00","breadcrumb":{"@id":"https:\/\/tecus.com.tr\/pt-pt\/urun\/escovas-de-disco-do-tipo-ponto\/#breadcrumb"},"inLanguage":"pt-PT","potentialAction":[{"@type":"ReadAction","target":["https:\/\/tecus.com.tr\/pt-pt\/urun\/escovas-de-disco-do-tipo-ponto\/"]}]},{"@type":"BreadcrumbList","@id":"https:\/\/tecus.com.tr\/pt-pt\/urun\/escovas-de-disco-do-tipo-ponto\/#breadcrumb","itemListElement":[{"@type":"ListItem","position":1,"name":"Ana sayfa","item":"https:\/\/tecus.com.tr\/pt-pt\/"},{"@type":"ListItem","position":2,"name":"Ma\u011faza","item":"https:\/\/tecus.com.tr\/magaza\/"},{"@type":"ListItem","position":3,"name":"Escovas de Disco do Tipo Ponto"}]},{"@type":"WebSite","@id":"https:\/\/tecus.com.tr\/pt-pt\/#website","url":"https:\/\/tecus.com.tr\/pt-pt\/","name":"Tecus Teknoloji","description":"CNC par\u00e7a ba\u011flama \u00e7\u00f6z\u00fcmleri","publisher":{"@id":"https:\/\/tecus.com.tr\/pt-pt\/#organization"},"potentialAction":[{"@type":"SearchAction","target":{"@type":"EntryPoint","urlTemplate":"https:\/\/tecus.com.tr\/pt-pt\/?s={search_term_string}"},"query-input":"required name=search_term_string"}],"inLanguage":"pt-PT"},{"@type":"Organization","@id":"https:\/\/tecus.com.tr\/pt-pt\/#organization","name":"Tecus Teknoloji","url":"https:\/\/tecus.com.tr\/pt-pt\/","logo":{"@type":"ImageObject","inLanguage":"pt-PT","@id":"https:\/\/tecus.com.tr\/pt-pt\/#\/schema\/logo\/image\/","url":"https:\/\/tecus.com.tr\/wp-content\/uploads\/2018\/04\/tecus-logo-beyaz-2-e1528750997765.png","contentUrl":"https:\/\/tecus.com.tr\/wp-content\/uploads\/2018\/04\/tecus-logo-beyaz-2-e1528750997765.png","width":250,"height":53,"caption":"Tecus Teknoloji"},"image":{"@id":"https:\/\/tecus.com.tr\/pt-pt\/#\/schema\/logo\/image\/"}}]}},"_links":{"self":[{"href":"https:\/\/tecus.com.tr\/pt-pt\/wp-json\/wp\/v2\/product\/43287","targetHints":{"allow":["GET"]}}],"collection":[{"href":"https:\/\/tecus.com.tr\/pt-pt\/wp-json\/wp\/v2\/product"}],"about":[{"href":"https:\/\/tecus.com.tr\/pt-pt\/wp-json\/wp\/v2\/types\/product"}],"version-history":[{"count":2,"href":"https:\/\/tecus.com.tr\/pt-pt\/wp-json\/wp\/v2\/product\/43287\/revisions"}],"predecessor-version":[{"id":46295,"href":"https:\/\/tecus.com.tr\/pt-pt\/wp-json\/wp\/v2\/product\/43287\/revisions\/46295"}],"wp:featuredmedia":[{"embeddable":true,"href":"https:\/\/tecus.com.tr\/pt-pt\/wp-json\/wp\/v2\/media\/43292"}],"wp:attachment":[{"href":"https:\/\/tecus.com.tr\/pt-pt\/wp-json\/wp\/v2\/media?parent=43287"}],"wp:term":[{"taxonomy":"product_brand","embeddable":true,"href":"https:\/\/tecus.com.tr\/pt-pt\/wp-json\/wp\/v2\/product_brand?post=43287"},{"taxonomy":"product_cat","embeddable":true,"href":"https:\/\/tecus.com.tr\/pt-pt\/wp-json\/wp\/v2\/product_cat?post=43287"},{"taxonomy":"product_tag","embeddable":true,"href":"https:\/\/tecus.com.tr\/pt-pt\/wp-json\/wp\/v2\/product_tag?post=43287"}],"curies":[{"name":"wp","href":"https:\/\/api.w.org\/{rel}","templated":true}]}}