{"id":43088,"date":"2018-04-19T09:41:00","date_gmt":"2018-04-19T09:41:00","guid":{"rendered":"https:\/\/tecus.com.tr\/urun\/escovas-de-disco-tipo-turbina\/"},"modified":"2025-10-26T18:23:12","modified_gmt":"2025-10-26T18:23:12","slug":"escovas-de-disco-tipo-turbina","status":"publish","type":"product","link":"https:\/\/tecus.com.tr\/pt-pt\/urun\/escovas-de-disco-tipo-turbina\/","title":{"rendered":"Escovas de Disco Tipo Turbina"},"content":{"rendered":"<p>&nbsp;<\/p>\n<table width=\"20%\">\n<tbody>\n<tr>\n<td width=\"44%\"><span style=\"color: #000000;\"><strong>Sele\u00e7\u00e3o de gr\u00e3o <\/strong><\/span><\/td>\n<td width=\"51%\"><span style=\"color: #000000;\"><strong>Valor inicial de Ra<\/strong><\/span><\/td>\n<\/tr>\n<tr>\n<td> 80<\/td>\n<td>1,4 &#8211; 1,5<\/td>\n<\/tr>\n<tr>\n<td>120<\/td>\n<td>1 &#8211; 1,4<\/td>\n<\/tr>\n<tr>\n<td>180<\/td>\n<td>0,7 &#8211; 1<\/td>\n<\/tr>\n<tr>\n<td>320<\/td>\n<td>0,6 &#8211; 0,7<\/td>\n<\/tr>\n<\/tbody>\n<\/table>\n<p>&nbsp;<\/p>\n<p><span style=\"color: #000000;\"><strong>SELE\u00c7\u00c3O DO DI\u00c2METRO DA ESCOVA, COBERTURA TOTAL DA PE\u00c7A<\/strong><\/span><\/p>\n<p><span style=\"color: #000000;\"><strong>Cobertura da pe\u00e7a:<\/strong><\/span> A escova ideal deve ser 70mm maior que a pe\u00e7a a ser trabalhada. Se uma escova menor for necess\u00e1ria devido a restri\u00e7\u00f5es de fixa\u00e7\u00e3o, o eixo central da escova deve ser alinhado para se estender pelo menos 35mm al\u00e9m do canto alvo. <\/p>\n<p><span style=\"color: #000000;\">Caminho de trabalho da ferramenta:<\/span> A escova deve girar em velocidade m\u00e1xima e continuar girando at\u00e9 se afastar da pe\u00e7a e completar o seu caminho.<br \/>\n<span style=\"color: #000000;\">Dire\u00e7\u00e3o de rota\u00e7\u00e3o:<\/span> A dire\u00e7\u00e3o de rota\u00e7\u00e3o da escova deve ser oposta \u00e0 dire\u00e7\u00e3o das rebarbas criadas pela ferramenta de corte.<\/p>\n<p>&nbsp;<\/p>\n<p>Enquanto os tipos ponto s\u00e3o preferidos para rebarbagem geral e aplica\u00e7\u00f5es de acabamento superficial leve, as nossas escovas de disco tipo turbina s\u00e3o utilizadas em opera\u00e7\u00f5es de rebarbagem m\u00e9dia e pesada. Em ambos os tipos das nossas escovas de disco, os filamentos de nylon com cer\u00e2mica e carboneto de sil\u00edcio s\u00e3o utilizados numa combina\u00e7\u00e3o eficaz. <\/p>\n<p>&nbsp;<\/p>\n<p><span style=\"color: #000000;\"><strong>Par\u00e2metros de processo recomendados.<\/strong><\/span><br \/>\n<span style=\"color: #000000;\"><strong>Rota\u00e7\u00e3o<\/strong><\/span><\/p>\n<p>As escovas devem ser operadas a uma rota\u00e7\u00e3o inferior \u00e0 velocidade m\u00e1xima listada no MSMFS para evitar o superaquecimento e a ades\u00e3o do nylon \u00e0 superf\u00edcie. A velocidade m\u00e1xima de rota\u00e7\u00e3o indicada na escova n\u00e3o \u00e9 a velocidade de opera\u00e7\u00e3o adequada. Recomenda-se manter abaixo de 2.500 rpm em aplica\u00e7\u00f5es a seco e abaixo de 3.500 rpm em aplica\u00e7\u00f5es \u00famidas. Uma escova de 150mm \u00e9 mais eficaz a 1.400 rota\u00e7\u00f5es do que a 2.800 rota\u00e7\u00f5es. Velocidades excessivas, especialmente em escovas de fios longos, podem causar a flex\u00e3o dos fios e o salto sobre a pe\u00e7a. Geralmente, uma rota\u00e7\u00e3o elevada aumenta a agressividade do desbaste.<br \/>\n<span style=\"color: #000000;\"><strong>Compensa\u00e7\u00e3o de desgaste:<\/strong><\/span><br \/>\n\u00c9 poss\u00edvel automatizar a compensa\u00e7\u00e3o de desgaste em equipamentos especiais. Utilizando controles eletr\u00f4nicos, \u00e9 poss\u00edvel ajustar a press\u00e3o da escova visualizando a carga no motor de acionamento, garantindo que a press\u00e3o permane\u00e7a relativamente constante. Em m\u00e1quinas CNC padr\u00e3o sem ajustes autom\u00e1ticos de carga, devem ser utilizados m\u00e9todos alternativos como indexa\u00e7\u00e3o autom\u00e1tica, controle por sonda ou ajuste manual.  <\/p>\n<p><span style=\"color: #000000;\"><strong>Profundidade de Press\u00e3o<\/strong><\/span><\/p>\n<table width=\"56%\">\n<tbody>\n<tr>\n<td width=\"48%\"><span style=\"color: #000000;\"><strong>Profundidade da Escova<\/strong><\/span><\/td>\n<td width=\"52%\"><span style=\"color: #000000;\"><strong>Profundidade de Press\u00e3o<\/strong><\/span><\/td>\n<\/tr>\n<tr>\n<td>Tipo Ponto<\/td>\n<td>0,381 \u2013 3,962 mm<\/td>\n<\/tr>\n<tr>\n<td>Tipo Turbina<\/td>\n<td>0,177 &#8211; 2,362 mm<\/td>\n<\/tr>\n<\/tbody>\n<\/table>\n<p>Para escovas de filamentos finos, a quantidade de press\u00e3o deve ser ajustada para penetrar at\u00e9 10% do comprimento do filamento dispon\u00edvel, e para escovas de filamentos grossos at\u00e9 5%. Geralmente, reduz-se a velocidade de rota\u00e7\u00e3o e aumenta-se a press\u00e3o para ajustar suavemente o filamento da escova aos contornos da pe\u00e7a. Desta forma, o filamento da escova n\u00e3o bate nem salta na superf\u00edcie da pe\u00e7a, mas sim remove e varre as rebarbas ao longo da superf\u00edcie e cantos da pe\u00e7a como uma lima.   Este m\u00e9todo de escovagem tamb\u00e9m aumenta a durabilidade da escova.<\/p>\n<p><span style=\"color: #000000;\"><strong>VELOCIDADE DE AVAN\u00c7O<\/strong><\/span><\/p>\n<table width=\"72%\">\n<tbody>\n<tr>\n<td width=\"52%\"><span style=\"color: #000000;\"><strong>Material <\/strong><\/span><\/td>\n<td width=\"48%\"><span style=\"color: #000000;\"><strong>Taxa de Avan\u00e7o<\/strong><\/span><\/td>\n<\/tr>\n<tr>\n<td>N\u00e3o Ferrosos<\/td>\n<td>2,032 m\/min<\/td>\n<\/tr>\n<tr>\n<td>Ferro Fundido<\/td>\n<td>1,524 m\/min<\/td>\n<\/tr>\n<tr>\n<td>A\u00e7o Macio e Ferro Fundido<\/td>\n<td>1,27 m\/min<\/td>\n<\/tr>\n<tr>\n<td>A\u00e7os Inoxid\u00e1veis e Ligados<\/td>\n<td>0,762 m\/min<\/td>\n<\/tr>\n<tr>\n<td>Tit\u00e2nio e Ligas de Alto Teor de N\u00edquel<\/td>\n<td>0,762 m\/min<\/td>\n<\/tr>\n<\/tbody>\n<\/table>\n<p>A velocidade de avan\u00e7o \u00e9 determinada por v\u00e1rios fatores, como o tamanho da rebarba, o material da pe\u00e7a, os contornos da superf\u00edcie e os requisitos de rugosidade. As superf\u00edcies contornadas devem ser processadas a velocidades mais baixas e com press\u00e3o mais alta do que as superf\u00edcies planas. A velocidade de avan\u00e7o inicial recomendada \u00e9 entre 30 e 80 fpm, mas a velocidade de avan\u00e7o final \u00e9 espec\u00edfica da aplica\u00e7\u00e3o e deve ser desenvolvida com base na experi\u00eancia de rebarbagem.  <\/p>\n<p><span style=\"color: #000000;\"><strong>Diretrizes de Aplica\u00e7\u00e3o<\/strong><\/span><\/p>\n<table width=\"100%\">\n<tbody>\n<tr>\n<td><span style=\"color: #000000;\"><strong>Para mais agressividade<\/strong><\/span><br \/>\n&#8211; Reduza o comprimento da escova<br \/>\n&#8211; Utilize uma escova de maior di\u00e2metro<br \/>\n&#8211; Aumente o tamanho do gr\u00e3o<br \/>\n&#8211; Utilize uma escova de cerdas de alta densidade. (Tipo Turbina)<br \/>\n&#8211; Aumente a velocidade de rota\u00e7\u00e3o<br \/>\n&#8211; Aumente a profundidade de press\u00e3o <\/td>\n<td><span style=\"color: #000000;\"><strong>Para menos agressividade<\/strong><\/span><br \/>\n&#8211; Aumente o comprimento da escova<br \/>\n&#8211; Utilize uma escova de menor di\u00e2metro<br \/>\n&#8211; Utilize gr\u00e3o mais fino<br \/>\n&#8211; Utilize uma escova de cerdas de densidade m\u00e9dia (Tipo Ponto)<br \/>\n&#8211; Reduza a press\u00e3o<\/td>\n<td><span style=\"color: #000000;\"><strong>Para obter contorno<\/strong><\/span><br \/>\n&#8211; Aumente o comprimento da escova<br \/>\n&#8211; Utilize uma escova de gr\u00e3o fino<br \/>\n&#8211; Utilize uma escova de cerdas de baixa densidade (Tipo Ponto)<br \/>\n&#8211; Aumente a press\u00e3o<\/td>\n<\/tr>\n<tr>\n<td><span style=\"color: #000000;\"><strong>Para superf\u00edcie fina<\/strong><\/span><br \/>\n&#8211; Utilize a escova com refrigerante<br \/>\n&#8211; Utilize uma escova de cerdas longas<br \/>\n&#8211; Aumente a velocidade de rota\u00e7\u00e3o<\/td>\n<td><span style=\"color: #000000;\"><strong>Para superf\u00edcie \u00e1spera<\/strong><\/span><br \/>\n&#8211; Utilize a escova sem refrigerante<br \/>\n&#8211; Aumente o tamanho do gr\u00e3o<br \/>\n&#8211; Utilize uma escova de menor di\u00e2metro<br \/>\n&#8211; Reduza a velocidade de rota\u00e7\u00e3o<\/td>\n<td><span style=\"color: #000000;\"><strong>Para limpar manchas<\/strong><\/span><br \/>\n-Use a escova com refrigerante<br \/>\n-Use uma escova de menor di\u00e2metro<br \/>\n-Reduza a velocidade de rota\u00e7\u00e3o<br \/>\n-Reduza a press\u00e3o<\/td>\n<\/tr>\n<\/tbody>\n<\/table>\n<p>&nbsp;<\/p>\n","protected":false},"excerpt":{"rendered":"<p>As escovas de disco estilo turbina s\u00e3o ideais para aplica\u00e7\u00f5es de desbaste m\u00e9dio e pesado. A combina\u00e7\u00e3o \u00fanica de filamentos de Carbeto de Sil\u00edcio e Cer\u00e2mica permite que as escovas cortem mais rapidamente e durem mais do que outras escovas no mercado. O filamento estilo turbina \u00e9 um enchimento de alta densidade ideal para tempos de ciclo curtos e longa vida \u00fatil da ferramenta.  <\/p>\n","protected":false},"featured_media":44785,"template":"","meta":{"_acf_changed":false},"product_brand":[],"product_cat":[643,631,634],"product_tag":[644],"class_list":{"0":"post-43088","1":"product","2":"type-product","3":"status-publish","4":"has-post-thumbnail","6":"product_cat-escovas-de-rebarbacao-nampower","7":"product_cat-ferramentas-de-rebarbacao-e-chanfragem","8":"product_cat-ferramentas-e-dispositivos-para-torno-cnc","9":"product_tag-nampower","11":"first","12":"instock","13":"taxable","14":"shipping-taxable","15":"purchasable","16":"product-type-variable"},"acf":[],"yoast_head":"<!-- This site is optimized with the Yoast SEO plugin v20.2.1 - https:\/\/yoast.com\/wordpress\/plugins\/seo\/ -->\n<title>Escovas de Disco Tipo Turbina - Tecus Teknoloji<\/title>\n<meta name=\"robots\" content=\"index, follow, max-snippet:-1, max-image-preview:large, max-video-preview:-1\" \/>\n<link rel=\"canonical\" href=\"https:\/\/tecus.com.tr\/pt-pt\/urun\/escovas-de-disco-tipo-turbina\/\" \/>\n<meta property=\"og:locale\" content=\"pt_PT\" \/>\n<meta property=\"og:type\" content=\"article\" \/>\n<meta property=\"og:title\" content=\"Escovas de Disco Tipo Turbina - Tecus Teknoloji\" \/>\n<meta property=\"og:description\" content=\"As escovas de disco estilo turbina s\u00e3o ideais para aplica\u00e7\u00f5es de desbaste m\u00e9dio e pesado. A combina\u00e7\u00e3o \u00fanica de filamentos de Carbeto de Sil\u00edcio e Cer\u00e2mica permite que as escovas cortem mais rapidamente e durem mais do que outras escovas no mercado. O filamento estilo turbina \u00e9 um enchimento de alta densidade ideal para tempos de ciclo curtos e longa vida \u00fatil da ferramenta.\" \/>\n<meta property=\"og:url\" content=\"https:\/\/tecus.com.tr\/pt-pt\/urun\/escovas-de-disco-tipo-turbina\/\" \/>\n<meta property=\"og:site_name\" content=\"Tecus Teknoloji\" \/>\n<meta property=\"article:modified_time\" content=\"2025-10-26T18:23:12+00:00\" \/>\n<meta property=\"og:image\" content=\"https:\/\/tecus.com.tr\/wp-content\/uploads\/2018\/04\/turbine_style_abrasive_disc_brush.png\" \/>\n\t<meta property=\"og:image:width\" content=\"1024\" \/>\n\t<meta property=\"og:image:height\" content=\"1024\" \/>\n\t<meta property=\"og:image:type\" content=\"image\/png\" \/>\n<meta name=\"twitter:card\" content=\"summary_large_image\" \/>\n<meta name=\"twitter:label1\" content=\"Tempo estimado de leitura\" \/>\n\t<meta name=\"twitter:data1\" content=\"4 minutos\" \/>\n<script type=\"application\/ld+json\" class=\"yoast-schema-graph\">{\"@context\":\"https:\/\/schema.org\",\"@graph\":[{\"@type\":\"WebPage\",\"@id\":\"https:\/\/tecus.com.tr\/pt-pt\/urun\/escovas-de-disco-tipo-turbina\/\",\"url\":\"https:\/\/tecus.com.tr\/pt-pt\/urun\/escovas-de-disco-tipo-turbina\/\",\"name\":\"Escovas de Disco Tipo Turbina - Tecus Teknoloji\",\"isPartOf\":{\"@id\":\"https:\/\/tecus.com.tr\/pt-pt\/#website\"},\"datePublished\":\"2018-04-19T09:41:00+00:00\",\"dateModified\":\"2025-10-26T18:23:12+00:00\",\"breadcrumb\":{\"@id\":\"https:\/\/tecus.com.tr\/pt-pt\/urun\/escovas-de-disco-tipo-turbina\/#breadcrumb\"},\"inLanguage\":\"pt-PT\",\"potentialAction\":[{\"@type\":\"ReadAction\",\"target\":[\"https:\/\/tecus.com.tr\/pt-pt\/urun\/escovas-de-disco-tipo-turbina\/\"]}]},{\"@type\":\"BreadcrumbList\",\"@id\":\"https:\/\/tecus.com.tr\/pt-pt\/urun\/escovas-de-disco-tipo-turbina\/#breadcrumb\",\"itemListElement\":[{\"@type\":\"ListItem\",\"position\":1,\"name\":\"Ana sayfa\",\"item\":\"https:\/\/tecus.com.tr\/pt-pt\/\"},{\"@type\":\"ListItem\",\"position\":2,\"name\":\"Ma\u011faza\",\"item\":\"https:\/\/tecus.com.tr\/magaza\/\"},{\"@type\":\"ListItem\",\"position\":3,\"name\":\"Escovas de Disco Tipo Turbina\"}]},{\"@type\":\"WebSite\",\"@id\":\"https:\/\/tecus.com.tr\/pt-pt\/#website\",\"url\":\"https:\/\/tecus.com.tr\/pt-pt\/\",\"name\":\"Tecus Teknoloji\",\"description\":\"CNC par\u00e7a ba\u011flama \u00e7\u00f6z\u00fcmleri\",\"publisher\":{\"@id\":\"https:\/\/tecus.com.tr\/pt-pt\/#organization\"},\"potentialAction\":[{\"@type\":\"SearchAction\",\"target\":{\"@type\":\"EntryPoint\",\"urlTemplate\":\"https:\/\/tecus.com.tr\/pt-pt\/?s={search_term_string}\"},\"query-input\":\"required name=search_term_string\"}],\"inLanguage\":\"pt-PT\"},{\"@type\":\"Organization\",\"@id\":\"https:\/\/tecus.com.tr\/pt-pt\/#organization\",\"name\":\"Tecus Teknoloji\",\"url\":\"https:\/\/tecus.com.tr\/pt-pt\/\",\"logo\":{\"@type\":\"ImageObject\",\"inLanguage\":\"pt-PT\",\"@id\":\"https:\/\/tecus.com.tr\/pt-pt\/#\/schema\/logo\/image\/\",\"url\":\"https:\/\/tecus.com.tr\/wp-content\/uploads\/2018\/04\/tecus-logo-beyaz-2-e1528750997765.png\",\"contentUrl\":\"https:\/\/tecus.com.tr\/wp-content\/uploads\/2018\/04\/tecus-logo-beyaz-2-e1528750997765.png\",\"width\":250,\"height\":53,\"caption\":\"Tecus Teknoloji\"},\"image\":{\"@id\":\"https:\/\/tecus.com.tr\/pt-pt\/#\/schema\/logo\/image\/\"}}]}<\/script>\n<!-- \/ Yoast SEO plugin. -->","yoast_head_json":{"title":"Escovas de Disco Tipo Turbina - Tecus Teknoloji","robots":{"index":"index","follow":"follow","max-snippet":"max-snippet:-1","max-image-preview":"max-image-preview:large","max-video-preview":"max-video-preview:-1"},"canonical":"https:\/\/tecus.com.tr\/pt-pt\/urun\/escovas-de-disco-tipo-turbina\/","og_locale":"pt_PT","og_type":"article","og_title":"Escovas de Disco Tipo Turbina - Tecus Teknoloji","og_description":"As escovas de disco estilo turbina s\u00e3o ideais para aplica\u00e7\u00f5es de desbaste m\u00e9dio e pesado. A combina\u00e7\u00e3o \u00fanica de filamentos de Carbeto de Sil\u00edcio e Cer\u00e2mica permite que as escovas cortem mais rapidamente e durem mais do que outras escovas no mercado. O filamento estilo turbina \u00e9 um enchimento de alta densidade ideal para tempos de ciclo curtos e longa vida \u00fatil da ferramenta.","og_url":"https:\/\/tecus.com.tr\/pt-pt\/urun\/escovas-de-disco-tipo-turbina\/","og_site_name":"Tecus Teknoloji","article_modified_time":"2025-10-26T18:23:12+00:00","og_image":[{"width":1024,"height":1024,"url":"https:\/\/tecus.com.tr\/wp-content\/uploads\/2018\/04\/turbine_style_abrasive_disc_brush.png","type":"image\/png"}],"twitter_card":"summary_large_image","twitter_misc":{"Tempo estimado de leitura":"4 minutos"},"schema":{"@context":"https:\/\/schema.org","@graph":[{"@type":"WebPage","@id":"https:\/\/tecus.com.tr\/pt-pt\/urun\/escovas-de-disco-tipo-turbina\/","url":"https:\/\/tecus.com.tr\/pt-pt\/urun\/escovas-de-disco-tipo-turbina\/","name":"Escovas de Disco Tipo Turbina - Tecus Teknoloji","isPartOf":{"@id":"https:\/\/tecus.com.tr\/pt-pt\/#website"},"datePublished":"2018-04-19T09:41:00+00:00","dateModified":"2025-10-26T18:23:12+00:00","breadcrumb":{"@id":"https:\/\/tecus.com.tr\/pt-pt\/urun\/escovas-de-disco-tipo-turbina\/#breadcrumb"},"inLanguage":"pt-PT","potentialAction":[{"@type":"ReadAction","target":["https:\/\/tecus.com.tr\/pt-pt\/urun\/escovas-de-disco-tipo-turbina\/"]}]},{"@type":"BreadcrumbList","@id":"https:\/\/tecus.com.tr\/pt-pt\/urun\/escovas-de-disco-tipo-turbina\/#breadcrumb","itemListElement":[{"@type":"ListItem","position":1,"name":"Ana sayfa","item":"https:\/\/tecus.com.tr\/pt-pt\/"},{"@type":"ListItem","position":2,"name":"Ma\u011faza","item":"https:\/\/tecus.com.tr\/magaza\/"},{"@type":"ListItem","position":3,"name":"Escovas de Disco Tipo Turbina"}]},{"@type":"WebSite","@id":"https:\/\/tecus.com.tr\/pt-pt\/#website","url":"https:\/\/tecus.com.tr\/pt-pt\/","name":"Tecus Teknoloji","description":"CNC par\u00e7a ba\u011flama \u00e7\u00f6z\u00fcmleri","publisher":{"@id":"https:\/\/tecus.com.tr\/pt-pt\/#organization"},"potentialAction":[{"@type":"SearchAction","target":{"@type":"EntryPoint","urlTemplate":"https:\/\/tecus.com.tr\/pt-pt\/?s={search_term_string}"},"query-input":"required name=search_term_string"}],"inLanguage":"pt-PT"},{"@type":"Organization","@id":"https:\/\/tecus.com.tr\/pt-pt\/#organization","name":"Tecus Teknoloji","url":"https:\/\/tecus.com.tr\/pt-pt\/","logo":{"@type":"ImageObject","inLanguage":"pt-PT","@id":"https:\/\/tecus.com.tr\/pt-pt\/#\/schema\/logo\/image\/","url":"https:\/\/tecus.com.tr\/wp-content\/uploads\/2018\/04\/tecus-logo-beyaz-2-e1528750997765.png","contentUrl":"https:\/\/tecus.com.tr\/wp-content\/uploads\/2018\/04\/tecus-logo-beyaz-2-e1528750997765.png","width":250,"height":53,"caption":"Tecus Teknoloji"},"image":{"@id":"https:\/\/tecus.com.tr\/pt-pt\/#\/schema\/logo\/image\/"}}]}},"_links":{"self":[{"href":"https:\/\/tecus.com.tr\/pt-pt\/wp-json\/wp\/v2\/product\/43088","targetHints":{"allow":["GET"]}}],"collection":[{"href":"https:\/\/tecus.com.tr\/pt-pt\/wp-json\/wp\/v2\/product"}],"about":[{"href":"https:\/\/tecus.com.tr\/pt-pt\/wp-json\/wp\/v2\/types\/product"}],"version-history":[{"count":2,"href":"https:\/\/tecus.com.tr\/pt-pt\/wp-json\/wp\/v2\/product\/43088\/revisions"}],"predecessor-version":[{"id":46303,"href":"https:\/\/tecus.com.tr\/pt-pt\/wp-json\/wp\/v2\/product\/43088\/revisions\/46303"}],"wp:featuredmedia":[{"embeddable":true,"href":"https:\/\/tecus.com.tr\/pt-pt\/wp-json\/wp\/v2\/media\/44785"}],"wp:attachment":[{"href":"https:\/\/tecus.com.tr\/pt-pt\/wp-json\/wp\/v2\/media?parent=43088"}],"wp:term":[{"taxonomy":"product_brand","embeddable":true,"href":"https:\/\/tecus.com.tr\/pt-pt\/wp-json\/wp\/v2\/product_brand?post=43088"},{"taxonomy":"product_cat","embeddable":true,"href":"https:\/\/tecus.com.tr\/pt-pt\/wp-json\/wp\/v2\/product_cat?post=43088"},{"taxonomy":"product_tag","embeddable":true,"href":"https:\/\/tecus.com.tr\/pt-pt\/wp-json\/wp\/v2\/product_tag?post=43088"}],"curies":[{"name":"wp","href":"https:\/\/api.w.org\/{rel}","templated":true}]}}