{"id":43027,"date":"2018-04-15T11:16:13","date_gmt":"2018-04-15T11:16:13","guid":{"rendered":"https:\/\/tecus.com.tr\/urun\/grampos-de-fixacao-usinaveis\/"},"modified":"2025-10-26T18:22:15","modified_gmt":"2025-10-26T18:22:15","slug":"grampos-de-fixacao-usinaveis","status":"publish","type":"product","link":"https:\/\/tecus.com.tr\/pt-pt\/urun\/grampos-de-fixacao-usinaveis\/","title":{"rendered":"Grampos de Fixa\u00e7\u00e3o Usin\u00e1veis"},"content":{"rendered":"<p><img decoding=\"async\" src=\"https:\/\/e-market.tecus.com.tr\/wp-content\/uploads\/2018\/03\/MACHFIXTCLAMP-chart-drawB-12-17.png\" alt=\"\" width=\"190\" height=\"135\" \/>\u00a0 \u00a0 \u00a0 \u00a0 \u00a0 \u00a0 \u00a0 \u00a0 \u00a0 \u00a0 \u00a0 \u00a0 \u00a0<img decoding=\"async\" src=\"https:\/\/e-market.tecus.com.tr\/wp-content\/uploads\/2018\/03\/MACHFIXTCLAMP-chart-drawA-12-17.png\" alt=\"\" width=\"202\" height=\"158\" \/><br \/>\n<b>[table id=MachinableFixtureClamps\/]<\/b><\/p>\n<figure class=\"gallery-item\"><a href=\"https:\/\/tecus.com.tr\/wp-content\/uploads\/2018\/06\/Machinable-Fixture-Clamp-5-1-17.jpg\" data-elementor-open-lightbox=\"default\" data-elementor-lightbox-slideshow=\"5a32060b\"><img decoding=\"async\" src=\"https:\/\/tecus.com.tr\/wp-content\/uploads\/2018\/06\/Machinable-Fixture-Clamp-5-1-17-200x150.jpg\" alt=\"Machinable-Fixture-Clamp\" width=\"200\" height=\"150\" aria-describedby=\"gallery-1-7036\" \/><\/a><figcaption id=\"gallery-1-7036\" class=\"wp-caption-text gallery-caption\">Machinable-Fixture-Clamp<\/figcaption><\/figure>\n","protected":false},"excerpt":{"rendered":"<p>Estas fixa\u00e7\u00f5es com porcas de a\u00e7o maquin\u00e1veis oferecem maior flexibilidade para fixar pe\u00e7as redondas ou de forma irregular. As pe\u00e7as podem ser fixadas diretamente \u00e0 superf\u00edcie da mesa de fixa\u00e7\u00e3o ou elevadas para folga de perfura\u00e7\u00e3o. Um parafuso especial \u00e9 fornecido com cada embalagem para manter o parafuso no lugar certo durante a maquina\u00e7\u00e3o.  <\/p>\n<p>&#8211; A extremidade plana est\u00e1 na mesma posi\u00e7\u00e3o que as nossas fixa\u00e7\u00f5es originais.<\/p>\n<p>-Pode ser utilizado em situa\u00e7\u00f5es que requerem uma superf\u00edcie de fixa\u00e7\u00e3o mais forte.<\/p>\n<p>-Perfil baixo<\/p>\n<p>-Fabricado em a\u00e7o macio para usinabilidade<\/p>\n<p>&nbsp;<\/p>\n","protected":false},"featured_media":43032,"template":"","meta":{"_acf_changed":false},"product_brand":[],"product_cat":[623,640],"product_tag":[641],"class_list":{"0":"post-43027","1":"product","2":"type-product","3":"status-publish","4":"has-post-thumbnail","6":"product_cat-grampos-de-aperto-lateral","7":"product_cat-grampos-de-fixacao-por-diametro","8":"product_tag-grampos-usinaveis","10":"first","11":"instock","12":"taxable","13":"shipping-taxable","14":"product-type-simple"},"acf":[],"yoast_head":"<!-- This site is optimized with the Yoast SEO plugin v20.2.1 - https:\/\/yoast.com\/wordpress\/plugins\/seo\/ -->\n<title>Grampos de Fixa\u00e7\u00e3o Usin\u00e1veis - Tecus Teknoloji<\/title>\n<meta name=\"robots\" content=\"index, follow, max-snippet:-1, max-image-preview:large, max-video-preview:-1\" \/>\n<link rel=\"canonical\" href=\"https:\/\/tecus.com.tr\/pt-pt\/urun\/grampos-de-fixacao-usinaveis\/\" \/>\n<meta property=\"og:locale\" content=\"pt_PT\" \/>\n<meta property=\"og:type\" content=\"article\" \/>\n<meta property=\"og:title\" content=\"Grampos de Fixa\u00e7\u00e3o Usin\u00e1veis - Tecus Teknoloji\" \/>\n<meta property=\"og:description\" content=\"Estas fixa\u00e7\u00f5es com porcas de a\u00e7o maquin\u00e1veis oferecem maior flexibilidade para fixar pe\u00e7as redondas ou de forma irregular. As pe\u00e7as podem ser fixadas diretamente \u00e0 superf\u00edcie da mesa de fixa\u00e7\u00e3o ou elevadas para folga de perfura\u00e7\u00e3o. Um parafuso especial \u00e9 fornecido com cada embalagem para manter o parafuso no lugar certo durante a maquina\u00e7\u00e3o.  - A extremidade plana est\u00e1 na mesma posi\u00e7\u00e3o que as nossas fixa\u00e7\u00f5es originais. -Pode ser utilizado em situa\u00e7\u00f5es que requerem uma superf\u00edcie de fixa\u00e7\u00e3o mais forte. -Perfil baixo -Fabricado em a\u00e7o macio para usinabilidade &nbsp;\" \/>\n<meta property=\"og:url\" content=\"https:\/\/tecus.com.tr\/pt-pt\/urun\/grampos-de-fixacao-usinaveis\/\" \/>\n<meta property=\"og:site_name\" content=\"Tecus Teknoloji\" \/>\n<meta property=\"article:modified_time\" content=\"2025-10-26T18:22:15+00:00\" \/>\n<meta property=\"og:image\" content=\"https:\/\/tecus.com.tr\/wp-content\/uploads\/2018\/04\/mach-fixture_clamps_thumb-copy-1.png\" \/>\n\t<meta property=\"og:image:width\" content=\"500\" \/>\n\t<meta property=\"og:image:height\" content=\"500\" \/>\n\t<meta property=\"og:image:type\" content=\"image\/png\" \/>\n<meta name=\"twitter:card\" content=\"summary_large_image\" \/>\n<script type=\"application\/ld+json\" class=\"yoast-schema-graph\">{\"@context\":\"https:\/\/schema.org\",\"@graph\":[{\"@type\":\"WebPage\",\"@id\":\"https:\/\/tecus.com.tr\/pt-pt\/urun\/grampos-de-fixacao-usinaveis\/\",\"url\":\"https:\/\/tecus.com.tr\/pt-pt\/urun\/grampos-de-fixacao-usinaveis\/\",\"name\":\"Grampos de Fixa\u00e7\u00e3o Usin\u00e1veis - Tecus Teknoloji\",\"isPartOf\":{\"@id\":\"https:\/\/tecus.com.tr\/pt-pt\/#website\"},\"datePublished\":\"2018-04-15T11:16:13+00:00\",\"dateModified\":\"2025-10-26T18:22:15+00:00\",\"breadcrumb\":{\"@id\":\"https:\/\/tecus.com.tr\/pt-pt\/urun\/grampos-de-fixacao-usinaveis\/#breadcrumb\"},\"inLanguage\":\"pt-PT\",\"potentialAction\":[{\"@type\":\"ReadAction\",\"target\":[\"https:\/\/tecus.com.tr\/pt-pt\/urun\/grampos-de-fixacao-usinaveis\/\"]}]},{\"@type\":\"BreadcrumbList\",\"@id\":\"https:\/\/tecus.com.tr\/pt-pt\/urun\/grampos-de-fixacao-usinaveis\/#breadcrumb\",\"itemListElement\":[{\"@type\":\"ListItem\",\"position\":1,\"name\":\"Ana sayfa\",\"item\":\"https:\/\/tecus.com.tr\/pt-pt\/\"},{\"@type\":\"ListItem\",\"position\":2,\"name\":\"Ma\u011faza\",\"item\":\"https:\/\/tecus.com.tr\/magaza\/\"},{\"@type\":\"ListItem\",\"position\":3,\"name\":\"Grampos de Fixa\u00e7\u00e3o Usin\u00e1veis\"}]},{\"@type\":\"WebSite\",\"@id\":\"https:\/\/tecus.com.tr\/pt-pt\/#website\",\"url\":\"https:\/\/tecus.com.tr\/pt-pt\/\",\"name\":\"Tecus Teknoloji\",\"description\":\"CNC par\u00e7a ba\u011flama \u00e7\u00f6z\u00fcmleri\",\"publisher\":{\"@id\":\"https:\/\/tecus.com.tr\/pt-pt\/#organization\"},\"potentialAction\":[{\"@type\":\"SearchAction\",\"target\":{\"@type\":\"EntryPoint\",\"urlTemplate\":\"https:\/\/tecus.com.tr\/pt-pt\/?s={search_term_string}\"},\"query-input\":\"required name=search_term_string\"}],\"inLanguage\":\"pt-PT\"},{\"@type\":\"Organization\",\"@id\":\"https:\/\/tecus.com.tr\/pt-pt\/#organization\",\"name\":\"Tecus Teknoloji\",\"url\":\"https:\/\/tecus.com.tr\/pt-pt\/\",\"logo\":{\"@type\":\"ImageObject\",\"inLanguage\":\"pt-PT\",\"@id\":\"https:\/\/tecus.com.tr\/pt-pt\/#\/schema\/logo\/image\/\",\"url\":\"https:\/\/tecus.com.tr\/wp-content\/uploads\/2018\/04\/tecus-logo-beyaz-2-e1528750997765.png\",\"contentUrl\":\"https:\/\/tecus.com.tr\/wp-content\/uploads\/2018\/04\/tecus-logo-beyaz-2-e1528750997765.png\",\"width\":250,\"height\":53,\"caption\":\"Tecus Teknoloji\"},\"image\":{\"@id\":\"https:\/\/tecus.com.tr\/pt-pt\/#\/schema\/logo\/image\/\"}}]}<\/script>\n<!-- \/ Yoast SEO plugin. -->","yoast_head_json":{"title":"Grampos de Fixa\u00e7\u00e3o Usin\u00e1veis - Tecus Teknoloji","robots":{"index":"index","follow":"follow","max-snippet":"max-snippet:-1","max-image-preview":"max-image-preview:large","max-video-preview":"max-video-preview:-1"},"canonical":"https:\/\/tecus.com.tr\/pt-pt\/urun\/grampos-de-fixacao-usinaveis\/","og_locale":"pt_PT","og_type":"article","og_title":"Grampos de Fixa\u00e7\u00e3o Usin\u00e1veis - Tecus Teknoloji","og_description":"Estas fixa\u00e7\u00f5es com porcas de a\u00e7o maquin\u00e1veis oferecem maior flexibilidade para fixar pe\u00e7as redondas ou de forma irregular. As pe\u00e7as podem ser fixadas diretamente \u00e0 superf\u00edcie da mesa de fixa\u00e7\u00e3o ou elevadas para folga de perfura\u00e7\u00e3o. Um parafuso especial \u00e9 fornecido com cada embalagem para manter o parafuso no lugar certo durante a maquina\u00e7\u00e3o.  - A extremidade plana est\u00e1 na mesma posi\u00e7\u00e3o que as nossas fixa\u00e7\u00f5es originais. -Pode ser utilizado em situa\u00e7\u00f5es que requerem uma superf\u00edcie de fixa\u00e7\u00e3o mais forte. -Perfil baixo -Fabricado em a\u00e7o macio para usinabilidade &nbsp;","og_url":"https:\/\/tecus.com.tr\/pt-pt\/urun\/grampos-de-fixacao-usinaveis\/","og_site_name":"Tecus Teknoloji","article_modified_time":"2025-10-26T18:22:15+00:00","og_image":[{"width":500,"height":500,"url":"https:\/\/tecus.com.tr\/wp-content\/uploads\/2018\/04\/mach-fixture_clamps_thumb-copy-1.png","type":"image\/png"}],"twitter_card":"summary_large_image","schema":{"@context":"https:\/\/schema.org","@graph":[{"@type":"WebPage","@id":"https:\/\/tecus.com.tr\/pt-pt\/urun\/grampos-de-fixacao-usinaveis\/","url":"https:\/\/tecus.com.tr\/pt-pt\/urun\/grampos-de-fixacao-usinaveis\/","name":"Grampos de Fixa\u00e7\u00e3o Usin\u00e1veis - Tecus Teknoloji","isPartOf":{"@id":"https:\/\/tecus.com.tr\/pt-pt\/#website"},"datePublished":"2018-04-15T11:16:13+00:00","dateModified":"2025-10-26T18:22:15+00:00","breadcrumb":{"@id":"https:\/\/tecus.com.tr\/pt-pt\/urun\/grampos-de-fixacao-usinaveis\/#breadcrumb"},"inLanguage":"pt-PT","potentialAction":[{"@type":"ReadAction","target":["https:\/\/tecus.com.tr\/pt-pt\/urun\/grampos-de-fixacao-usinaveis\/"]}]},{"@type":"BreadcrumbList","@id":"https:\/\/tecus.com.tr\/pt-pt\/urun\/grampos-de-fixacao-usinaveis\/#breadcrumb","itemListElement":[{"@type":"ListItem","position":1,"name":"Ana sayfa","item":"https:\/\/tecus.com.tr\/pt-pt\/"},{"@type":"ListItem","position":2,"name":"Ma\u011faza","item":"https:\/\/tecus.com.tr\/magaza\/"},{"@type":"ListItem","position":3,"name":"Grampos de Fixa\u00e7\u00e3o Usin\u00e1veis"}]},{"@type":"WebSite","@id":"https:\/\/tecus.com.tr\/pt-pt\/#website","url":"https:\/\/tecus.com.tr\/pt-pt\/","name":"Tecus Teknoloji","description":"CNC par\u00e7a ba\u011flama \u00e7\u00f6z\u00fcmleri","publisher":{"@id":"https:\/\/tecus.com.tr\/pt-pt\/#organization"},"potentialAction":[{"@type":"SearchAction","target":{"@type":"EntryPoint","urlTemplate":"https:\/\/tecus.com.tr\/pt-pt\/?s={search_term_string}"},"query-input":"required name=search_term_string"}],"inLanguage":"pt-PT"},{"@type":"Organization","@id":"https:\/\/tecus.com.tr\/pt-pt\/#organization","name":"Tecus Teknoloji","url":"https:\/\/tecus.com.tr\/pt-pt\/","logo":{"@type":"ImageObject","inLanguage":"pt-PT","@id":"https:\/\/tecus.com.tr\/pt-pt\/#\/schema\/logo\/image\/","url":"https:\/\/tecus.com.tr\/wp-content\/uploads\/2018\/04\/tecus-logo-beyaz-2-e1528750997765.png","contentUrl":"https:\/\/tecus.com.tr\/wp-content\/uploads\/2018\/04\/tecus-logo-beyaz-2-e1528750997765.png","width":250,"height":53,"caption":"Tecus Teknoloji"},"image":{"@id":"https:\/\/tecus.com.tr\/pt-pt\/#\/schema\/logo\/image\/"}}]}},"_links":{"self":[{"href":"https:\/\/tecus.com.tr\/pt-pt\/wp-json\/wp\/v2\/product\/43027","targetHints":{"allow":["GET"]}}],"collection":[{"href":"https:\/\/tecus.com.tr\/pt-pt\/wp-json\/wp\/v2\/product"}],"about":[{"href":"https:\/\/tecus.com.tr\/pt-pt\/wp-json\/wp\/v2\/types\/product"}],"version-history":[{"count":3,"href":"https:\/\/tecus.com.tr\/pt-pt\/wp-json\/wp\/v2\/product\/43027\/revisions"}],"predecessor-version":[{"id":46243,"href":"https:\/\/tecus.com.tr\/pt-pt\/wp-json\/wp\/v2\/product\/43027\/revisions\/46243"}],"wp:featuredmedia":[{"embeddable":true,"href":"https:\/\/tecus.com.tr\/pt-pt\/wp-json\/wp\/v2\/media\/43032"}],"wp:attachment":[{"href":"https:\/\/tecus.com.tr\/pt-pt\/wp-json\/wp\/v2\/media?parent=43027"}],"wp:term":[{"taxonomy":"product_brand","embeddable":true,"href":"https:\/\/tecus.com.tr\/pt-pt\/wp-json\/wp\/v2\/product_brand?post=43027"},{"taxonomy":"product_cat","embeddable":true,"href":"https:\/\/tecus.com.tr\/pt-pt\/wp-json\/wp\/v2\/product_cat?post=43027"},{"taxonomy":"product_tag","embeddable":true,"href":"https:\/\/tecus.com.tr\/pt-pt\/wp-json\/wp\/v2\/product_tag?post=43027"}],"curies":[{"name":"wp","href":"https:\/\/api.w.org\/{rel}","templated":true}]}}