{"id":42721,"date":"2019-10-19T06:54:42","date_gmt":"2019-10-19T06:54:42","guid":{"rendered":"https:\/\/tecus.com.tr\/urun\/nurb2-pes-macios-altos\/"},"modified":"2025-10-14T19:56:43","modified_gmt":"2025-10-14T19:56:43","slug":"nurb2-pes-macios-altos","status":"publish","type":"product","link":"https:\/\/tecus.com.tr\/pt-pt\/urun\/nurb2-pes-macios-altos\/","title":{"rendered":"NURB2 &#8211; P\u00c9S MACIOS (ALTOS)"},"content":{"rendered":"","protected":false},"excerpt":{"rendered":"","protected":false},"featured_media":42722,"template":"","meta":{"_acf_changed":false},"product_brand":[],"product_cat":[634],"product_tag":[],"class_list":{"0":"post-42721","1":"product","2":"type-product","3":"status-publish","4":"has-post-thumbnail","6":"product_cat-ferramentas-e-dispositivos-para-torno-cnc","8":"first","9":"instock","10":"taxable","11":"shipping-taxable","12":"product-type-simple"},"acf":[],"yoast_head":"<!-- This site is optimized with the Yoast SEO plugin v20.2.1 - https:\/\/yoast.com\/wordpress\/plugins\/seo\/ -->\n<title>NURB2 - P\u00c9S MACIOS (ALTOS) - Tecus Teknoloji<\/title>\n<meta name=\"robots\" content=\"index, follow, max-snippet:-1, max-image-preview:large, max-video-preview:-1\" \/>\n<link rel=\"canonical\" href=\"https:\/\/tecus.com.tr\/pt-pt\/urun\/nurb2-pes-macios-altos\/\" \/>\n<meta property=\"og:locale\" content=\"pt_PT\" \/>\n<meta property=\"og:type\" content=\"article\" \/>\n<meta property=\"og:title\" content=\"NURB2 - P\u00c9S MACIOS (ALTOS) - Tecus Teknoloji\" \/>\n<meta property=\"og:url\" content=\"https:\/\/tecus.com.tr\/pt-pt\/urun\/nurb2-pes-macios-altos\/\" \/>\n<meta property=\"og:site_name\" content=\"Tecus Teknoloji\" \/>\n<meta property=\"article:modified_time\" content=\"2025-10-14T19:56:43+00:00\" \/>\n<meta property=\"og:image\" content=\"https:\/\/tecus.com.tr\/wp-content\/uploads\/2019\/10\/nurb2-yumusak-ayaklar.jpg\" \/>\n\t<meta property=\"og:image:width\" content=\"800\" \/>\n\t<meta property=\"og:image:height\" content=\"600\" \/>\n\t<meta property=\"og:image:type\" content=\"image\/jpeg\" \/>\n<meta name=\"twitter:card\" content=\"summary_large_image\" \/>\n<script type=\"application\/ld+json\" class=\"yoast-schema-graph\">{\"@context\":\"https:\/\/schema.org\",\"@graph\":[{\"@type\":\"WebPage\",\"@id\":\"https:\/\/tecus.com.tr\/pt-pt\/urun\/nurb2-pes-macios-altos\/\",\"url\":\"https:\/\/tecus.com.tr\/pt-pt\/urun\/nurb2-pes-macios-altos\/\",\"name\":\"NURB2 - P\u00c9S MACIOS (ALTOS) - Tecus Teknoloji\",\"isPartOf\":{\"@id\":\"https:\/\/tecus.com.tr\/pt-pt\/#website\"},\"datePublished\":\"2019-10-19T06:54:42+00:00\",\"dateModified\":\"2025-10-14T19:56:43+00:00\",\"breadcrumb\":{\"@id\":\"https:\/\/tecus.com.tr\/pt-pt\/urun\/nurb2-pes-macios-altos\/#breadcrumb\"},\"inLanguage\":\"pt-PT\",\"potentialAction\":[{\"@type\":\"ReadAction\",\"target\":[\"https:\/\/tecus.com.tr\/pt-pt\/urun\/nurb2-pes-macios-altos\/\"]}]},{\"@type\":\"BreadcrumbList\",\"@id\":\"https:\/\/tecus.com.tr\/pt-pt\/urun\/nurb2-pes-macios-altos\/#breadcrumb\",\"itemListElement\":[{\"@type\":\"ListItem\",\"position\":1,\"name\":\"Ana sayfa\",\"item\":\"https:\/\/tecus.com.tr\/pt-pt\/\"},{\"@type\":\"ListItem\",\"position\":2,\"name\":\"Ma\u011faza\",\"item\":\"https:\/\/tecus.com.tr\/magaza\/\"},{\"@type\":\"ListItem\",\"position\":3,\"name\":\"NURB2 &#8211; P\u00c9S MACIOS (ALTOS)\"}]},{\"@type\":\"WebSite\",\"@id\":\"https:\/\/tecus.com.tr\/pt-pt\/#website\",\"url\":\"https:\/\/tecus.com.tr\/pt-pt\/\",\"name\":\"Tecus Teknoloji\",\"description\":\"CNC par\u00e7a ba\u011flama \u00e7\u00f6z\u00fcmleri\",\"publisher\":{\"@id\":\"https:\/\/tecus.com.tr\/pt-pt\/#organization\"},\"potentialAction\":[{\"@type\":\"SearchAction\",\"target\":{\"@type\":\"EntryPoint\",\"urlTemplate\":\"https:\/\/tecus.com.tr\/pt-pt\/?s={search_term_string}\"},\"query-input\":\"required name=search_term_string\"}],\"inLanguage\":\"pt-PT\"},{\"@type\":\"Organization\",\"@id\":\"https:\/\/tecus.com.tr\/pt-pt\/#organization\",\"name\":\"Tecus Teknoloji\",\"url\":\"https:\/\/tecus.com.tr\/pt-pt\/\",\"logo\":{\"@type\":\"ImageObject\",\"inLanguage\":\"pt-PT\",\"@id\":\"https:\/\/tecus.com.tr\/pt-pt\/#\/schema\/logo\/image\/\",\"url\":\"https:\/\/tecus.com.tr\/wp-content\/uploads\/2018\/04\/tecus-logo-beyaz-2-e1528750997765.png\",\"contentUrl\":\"https:\/\/tecus.com.tr\/wp-content\/uploads\/2018\/04\/tecus-logo-beyaz-2-e1528750997765.png\",\"width\":250,\"height\":53,\"caption\":\"Tecus Teknoloji\"},\"image\":{\"@id\":\"https:\/\/tecus.com.tr\/pt-pt\/#\/schema\/logo\/image\/\"}}]}<\/script>\n<!-- \/ Yoast SEO plugin. -->","yoast_head_json":{"title":"NURB2 - P\u00c9S MACIOS (ALTOS) - Tecus Teknoloji","robots":{"index":"index","follow":"follow","max-snippet":"max-snippet:-1","max-image-preview":"max-image-preview:large","max-video-preview":"max-video-preview:-1"},"canonical":"https:\/\/tecus.com.tr\/pt-pt\/urun\/nurb2-pes-macios-altos\/","og_locale":"pt_PT","og_type":"article","og_title":"NURB2 - P\u00c9S MACIOS (ALTOS) - Tecus Teknoloji","og_url":"https:\/\/tecus.com.tr\/pt-pt\/urun\/nurb2-pes-macios-altos\/","og_site_name":"Tecus Teknoloji","article_modified_time":"2025-10-14T19:56:43+00:00","og_image":[{"width":800,"height":600,"url":"https:\/\/tecus.com.tr\/wp-content\/uploads\/2019\/10\/nurb2-yumusak-ayaklar.jpg","type":"image\/jpeg"}],"twitter_card":"summary_large_image","schema":{"@context":"https:\/\/schema.org","@graph":[{"@type":"WebPage","@id":"https:\/\/tecus.com.tr\/pt-pt\/urun\/nurb2-pes-macios-altos\/","url":"https:\/\/tecus.com.tr\/pt-pt\/urun\/nurb2-pes-macios-altos\/","name":"NURB2 - P\u00c9S MACIOS (ALTOS) - Tecus Teknoloji","isPartOf":{"@id":"https:\/\/tecus.com.tr\/pt-pt\/#website"},"datePublished":"2019-10-19T06:54:42+00:00","dateModified":"2025-10-14T19:56:43+00:00","breadcrumb":{"@id":"https:\/\/tecus.com.tr\/pt-pt\/urun\/nurb2-pes-macios-altos\/#breadcrumb"},"inLanguage":"pt-PT","potentialAction":[{"@type":"ReadAction","target":["https:\/\/tecus.com.tr\/pt-pt\/urun\/nurb2-pes-macios-altos\/"]}]},{"@type":"BreadcrumbList","@id":"https:\/\/tecus.com.tr\/pt-pt\/urun\/nurb2-pes-macios-altos\/#breadcrumb","itemListElement":[{"@type":"ListItem","position":1,"name":"Ana sayfa","item":"https:\/\/tecus.com.tr\/pt-pt\/"},{"@type":"ListItem","position":2,"name":"Ma\u011faza","item":"https:\/\/tecus.com.tr\/magaza\/"},{"@type":"ListItem","position":3,"name":"NURB2 &#8211; P\u00c9S MACIOS (ALTOS)"}]},{"@type":"WebSite","@id":"https:\/\/tecus.com.tr\/pt-pt\/#website","url":"https:\/\/tecus.com.tr\/pt-pt\/","name":"Tecus Teknoloji","description":"CNC par\u00e7a ba\u011flama \u00e7\u00f6z\u00fcmleri","publisher":{"@id":"https:\/\/tecus.com.tr\/pt-pt\/#organization"},"potentialAction":[{"@type":"SearchAction","target":{"@type":"EntryPoint","urlTemplate":"https:\/\/tecus.com.tr\/pt-pt\/?s={search_term_string}"},"query-input":"required name=search_term_string"}],"inLanguage":"pt-PT"},{"@type":"Organization","@id":"https:\/\/tecus.com.tr\/pt-pt\/#organization","name":"Tecus Teknoloji","url":"https:\/\/tecus.com.tr\/pt-pt\/","logo":{"@type":"ImageObject","inLanguage":"pt-PT","@id":"https:\/\/tecus.com.tr\/pt-pt\/#\/schema\/logo\/image\/","url":"https:\/\/tecus.com.tr\/wp-content\/uploads\/2018\/04\/tecus-logo-beyaz-2-e1528750997765.png","contentUrl":"https:\/\/tecus.com.tr\/wp-content\/uploads\/2018\/04\/tecus-logo-beyaz-2-e1528750997765.png","width":250,"height":53,"caption":"Tecus Teknoloji"},"image":{"@id":"https:\/\/tecus.com.tr\/pt-pt\/#\/schema\/logo\/image\/"}}]}},"_links":{"self":[{"href":"https:\/\/tecus.com.tr\/pt-pt\/wp-json\/wp\/v2\/product\/42721","targetHints":{"allow":["GET"]}}],"collection":[{"href":"https:\/\/tecus.com.tr\/pt-pt\/wp-json\/wp\/v2\/product"}],"about":[{"href":"https:\/\/tecus.com.tr\/pt-pt\/wp-json\/wp\/v2\/types\/product"}],"version-history":[{"count":1,"href":"https:\/\/tecus.com.tr\/pt-pt\/wp-json\/wp\/v2\/product\/42721\/revisions"}],"predecessor-version":[{"id":42782,"href":"https:\/\/tecus.com.tr\/pt-pt\/wp-json\/wp\/v2\/product\/42721\/revisions\/42782"}],"wp:featuredmedia":[{"embeddable":true,"href":"https:\/\/tecus.com.tr\/pt-pt\/wp-json\/wp\/v2\/media\/42722"}],"wp:attachment":[{"href":"https:\/\/tecus.com.tr\/pt-pt\/wp-json\/wp\/v2\/media?parent=42721"}],"wp:term":[{"taxonomy":"product_brand","embeddable":true,"href":"https:\/\/tecus.com.tr\/pt-pt\/wp-json\/wp\/v2\/product_brand?post=42721"},{"taxonomy":"product_cat","embeddable":true,"href":"https:\/\/tecus.com.tr\/pt-pt\/wp-json\/wp\/v2\/product_cat?post=42721"},{"taxonomy":"product_tag","embeddable":true,"href":"https:\/\/tecus.com.tr\/pt-pt\/wp-json\/wp\/v2\/product_tag?post=42721"}],"curies":[{"name":"wp","href":"https:\/\/api.w.org\/{rel}","templated":true}]}}