{"id":42216,"date":"2018-04-20T23:36:23","date_gmt":"2018-04-20T23:36:23","guid":{"rendered":"https:\/\/tecus.com.tr\/pagina-inicial\/"},"modified":"2025-12-03T12:16:47","modified_gmt":"2025-12-03T12:16:47","slug":"pagina-inicial","status":"publish","type":"page","link":"https:\/\/tecus.com.tr\/pt-pt\/","title":{"rendered":"P\u00e1gina Inicial"},"content":{"rendered":"\t\t<div data-elementor-type=\"wp-post\" data-elementor-id=\"42216\" class=\"elementor elementor-42216 elementor-3865\" data-elementor-post-type=\"page\">\n\t\t\t\t\t\t<section class=\"elementor-section elementor-top-section elementor-element elementor-element-3ac4b3a elementor-section-content-bottom elementor-section-full_width elementor-section-height-default elementor-section-height-default\" data-id=\"3ac4b3a\" data-element_type=\"section\" data-settings=\"{&quot;background_background&quot;:&quot;classic&quot;}\">\n\t\t\t\t\t\t<div class=\"elementor-container elementor-column-gap-default\">\n\t\t\t\t\t<div class=\"elementor-column elementor-col-100 elementor-top-column elementor-element elementor-element-70f6beb\" data-id=\"70f6beb\" data-element_type=\"column\" data-settings=\"{&quot;background_background&quot;:&quot;classic&quot;}\">\n\t\t\t<div class=\"elementor-widget-wrap elementor-element-populated\">\n\t\t\t\t\t\t<section class=\"elementor-section elementor-inner-section elementor-element elementor-element-3f09af0 elementor-section-height-min-height elementor-section-content-middle elementor-section-boxed elementor-section-height-default\" data-id=\"3f09af0\" data-element_type=\"section\" data-settings=\"{&quot;background_background&quot;:&quot;classic&quot;}\">\n\t\t\t\t\t\t<div class=\"elementor-container elementor-column-gap-default\">\n\t\t\t\t\t<div class=\"elementor-column elementor-col-50 elementor-inner-column elementor-element elementor-element-239800a\" data-id=\"239800a\" data-element_type=\"column\" data-settings=\"{&quot;background_background&quot;:&quot;classic&quot;}\">\n\t\t\t<div class=\"elementor-widget-wrap elementor-element-populated\">\n\t\t\t\t\t\t<div class=\"elementor-element elementor-element-e5cdefd elementor-cta--skin-cover elementor-cta--valign-bottom elementor-widget-tablet__width-initial elementor-widget-mobile__width-initial elementor-bg-transform elementor-bg-transform-zoom-in elementor-widget elementor-widget-call-to-action\" data-id=\"e5cdefd\" data-element_type=\"widget\" data-widget_type=\"call-to-action.default\">\n\t\t\t\t<div class=\"elementor-widget-container\">\n\t\t\t\t\t\t\t<a class=\"elementor-cta\" href=\"https:\/\/tecus.com.tr\/pt-pt\/servico-de-pecas-haas\/\">\n\t\t\t\t\t<div class=\"elementor-cta__bg-wrapper\">\n\t\t\t\t<div class=\"elementor-cta__bg elementor-bg\" style=\"background-image: url(https:\/\/tecus.com.tr\/wp-content\/uploads\/2025\/09\/ana_ekran_haas.jpeg);\" role=\"img\" aria-label=\"ana_ekran_haas\"><\/div>\n\t\t\t\t<div class=\"elementor-cta__bg-overlay\"><\/div>\n\t\t\t<\/div>\n\t\t\t\t\t\t\t<div class=\"elementor-cta__content\">\n\t\t\t\t\t\t\t\t\t<div class=\"elementor-content-item elementor-cta__content-item elementor-cta__image\">\n\t\t\t\t\t\t<img fetchpriority=\"high\" decoding=\"async\" width=\"2560\" height=\"755\" src=\"https:\/\/tecus.com.tr\/wp-content\/uploads\/2025\/08\/haas_logo-scaled.png\" class=\"attachment-full size-full wp-image-42152\" alt=\"\" srcset=\"https:\/\/tecus.com.tr\/wp-content\/uploads\/2025\/08\/haas_logo-scaled.png 2560w, https:\/\/tecus.com.tr\/wp-content\/uploads\/2025\/08\/haas_logo-300x88.png 300w, https:\/\/tecus.com.tr\/wp-content\/uploads\/2025\/08\/haas_logo-500x147.png 500w, https:\/\/tecus.com.tr\/wp-content\/uploads\/2025\/08\/haas_logo-768x227.png 768w, https:\/\/tecus.com.tr\/wp-content\/uploads\/2025\/08\/haas_logo-1536x453.png 1536w, https:\/\/tecus.com.tr\/wp-content\/uploads\/2025\/08\/haas_logo-2048x604.png 2048w, https:\/\/tecus.com.tr\/wp-content\/uploads\/2025\/08\/haas_logo-900x265.png 900w\" sizes=\"(max-width: 2560px) 100vw, 2560px\" \/>\t\t\t\t\t<\/div>\n\t\t\t\t\n\t\t\t\t\t\t\t\t\t<h2 class=\"elementor-cta__title elementor-cta__content-item elementor-content-item\">\n\t\t\t\t\t\tM\u00c1QUINAS-FERRAMENTA CNC HAAS\t\t\t\t\t<\/h2>\n\t\t\t\t\n\t\t\t\t\n\t\t\t\t\t\t\t<\/div>\n\t\t\t\t\t\t<\/a>\n\t\t\t\t\t\t<\/div>\n\t\t\t\t<\/div>\n\t\t\t\t\t<\/div>\n\t\t<\/div>\n\t\t\t\t<div class=\"elementor-column elementor-col-50 elementor-inner-column elementor-element elementor-element-18ea0a8\" data-id=\"18ea0a8\" data-element_type=\"column\" data-settings=\"{&quot;background_background&quot;:&quot;classic&quot;}\">\n\t\t\t<div class=\"elementor-widget-wrap elementor-element-populated\">\n\t\t\t\t\t\t<div class=\"elementor-element elementor-element-9080de0 elementor-cta--skin-cover elementor-cta--valign-bottom elementor-widget-tablet__width-initial elementor-widget-mobile__width-initial elementor-bg-transform elementor-bg-transform-zoom-in elementor-widget elementor-widget-call-to-action\" data-id=\"9080de0\" data-element_type=\"widget\" data-widget_type=\"call-to-action.default\">\n\t\t\t\t<div class=\"elementor-widget-container\">\n\t\t\t\t\t\t\t<a class=\"elementor-cta\" href=\"https:\/\/tecus.com.tr\/pt-pt\/categorias-de-produtos\/\">\n\t\t\t\t\t<div class=\"elementor-cta__bg-wrapper\">\n\t\t\t\t<div class=\"elementor-cta__bg elementor-bg\" style=\"background-image: url(https:\/\/tecus.com.tr\/wp-content\/uploads\/2025\/08\/ana_erkan.png);\" role=\"img\" aria-label=\"ana_erkan\"><\/div>\n\t\t\t\t<div class=\"elementor-cta__bg-overlay\"><\/div>\n\t\t\t<\/div>\n\t\t\t\t\t\t\t<div class=\"elementor-cta__content\">\n\t\t\t\t\t\t\t\t\t<div class=\"elementor-content-item elementor-cta__content-item elementor-cta__image\">\n\t\t\t\t\t\t<img decoding=\"async\" width=\"250\" height=\"53\" src=\"https:\/\/tecus.com.tr\/wp-content\/uploads\/2018\/04\/tecus-logo-beyaz-2-e1528750997765.png\" class=\"attachment-full size-full wp-image-42252\" alt=\"tecus-logo-beyaz\" srcset=\"https:\/\/tecus.com.tr\/wp-content\/uploads\/2018\/04\/tecus-logo-beyaz-2-e1528750997765.png 1x, https:\/\/tecus.com.tr\/wp-content\/uploads\/2018\/04\/tecus-logo-beyaz-2-e1528750997765.png 2x\" \/>\t\t\t\t\t<\/div>\n\t\t\t\t\n\t\t\t\t\t\t\t\t\t<h2 class=\"elementor-cta__title elementor-cta__content-item elementor-content-item\">\n\t\t\t\t\t\tSISTEMAS DE FIXA\u00c7\u00c3O CNC E ACESS\u00d3RIOS\t\t\t\t\t<\/h2>\n\t\t\t\t\n\t\t\t\t\n\t\t\t\t\t\t\t<\/div>\n\t\t\t\t\t\t<\/a>\n\t\t\t\t\t\t<\/div>\n\t\t\t\t<\/div>\n\t\t\t\t\t<\/div>\n\t\t<\/div>\n\t\t\t\t\t<\/div>\n\t\t<\/section>\n\t\t\t\t\t<\/div>\n\t\t<\/div>\n\t\t\t\t\t<\/div>\n\t\t<\/section>\n\t\t\t\t<\/div>\n\t\t","protected":false},"excerpt":{"rendered":"<p>M\u00c1QUINAS-FERRAMENTA CNC HAAS SISTEMAS DE FIXA\u00c7\u00c3O CNC E ACESS\u00d3RIOS<\/p>\n","protected":false},"author":23,"featured_media":44874,"parent":0,"menu_order":15,"comment_status":"closed","ping_status":"closed","template":"","meta":{"_acf_changed":false,"footnotes":""},"class_list":["post-42216","page","type-page","status-publish","has-post-thumbnail","hentry"],"acf":[],"yoast_head":"<!-- This site is optimized with the Yoast SEO plugin v20.2.1 - https:\/\/yoast.com\/wordpress\/plugins\/seo\/ -->\n<title>fixa\u00e7\u00e3o de pe\u00e7as - Tecus Teknoloji morsas de 3 4 5 eixos<\/title>\n<meta name=\"description\" content=\"equipamentos de fixa\u00e7\u00e3o de pe\u00e7as, tecnologias de alta efici\u00eancia para m\u00e1quinas-ferramenta, mudan\u00e7a r\u00e1pida de pe\u00e7as, morsas de 3 4 5 eixos.\" \/>\n<meta name=\"robots\" content=\"index, follow, max-snippet:-1, max-image-preview:large, max-video-preview:-1\" \/>\n<link rel=\"canonical\" href=\"https:\/\/tecus.com.tr\/pt-pt\/\" \/>\n<meta property=\"og:locale\" content=\"pt_PT\" \/>\n<meta property=\"og:type\" content=\"article\" \/>\n<meta property=\"og:title\" content=\"fixa\u00e7\u00e3o de pe\u00e7as - Tecus Teknoloji morsas de 3 4 5 eixos\" \/>\n<meta property=\"og:description\" content=\"equipamentos de fixa\u00e7\u00e3o de pe\u00e7as, tecnologias de alta efici\u00eancia para m\u00e1quinas-ferramenta, mudan\u00e7a r\u00e1pida de pe\u00e7as, morsas de 3 4 5 eixos.\" \/>\n<meta property=\"og:url\" content=\"https:\/\/tecus.com.tr\/pt-pt\/\" \/>\n<meta property=\"og:site_name\" content=\"Tecus Teknoloji\" \/>\n<meta property=\"article:modified_time\" content=\"2025-12-03T12:16:47+00:00\" \/>\n<meta property=\"og:image\" content=\"https:\/\/tecus.com.tr\/wp-content\/uploads\/2025\/10\/anasayfa.png\" \/>\n\t<meta property=\"og:image:width\" content=\"1024\" \/>\n\t<meta property=\"og:image:height\" content=\"1024\" \/>\n\t<meta property=\"og:image:type\" content=\"image\/png\" \/>\n<meta name=\"twitter:card\" content=\"summary_large_image\" \/>\n<script type=\"application\/ld+json\" class=\"yoast-schema-graph\">{\"@context\":\"https:\/\/schema.org\",\"@graph\":[{\"@type\":\"WebPage\",\"@id\":\"https:\/\/tecus.com.tr\/pt-pt\/\",\"url\":\"https:\/\/tecus.com.tr\/pt-pt\/\",\"name\":\"fixa\u00e7\u00e3o de pe\u00e7as - Tecus Teknoloji morsas de 3 4 5 eixos\",\"isPartOf\":{\"@id\":\"https:\/\/tecus.com.tr\/pt-pt\/#website\"},\"datePublished\":\"2018-04-20T23:36:23+00:00\",\"dateModified\":\"2025-12-03T12:16:47+00:00\",\"description\":\"equipamentos de fixa\u00e7\u00e3o de pe\u00e7as, tecnologias de alta efici\u00eancia para m\u00e1quinas-ferramenta, mudan\u00e7a r\u00e1pida de pe\u00e7as, morsas de 3 4 5 eixos.\",\"breadcrumb\":{\"@id\":\"https:\/\/tecus.com.tr\/pt-pt\/#breadcrumb\"},\"inLanguage\":\"pt-PT\",\"potentialAction\":[{\"@type\":\"ReadAction\",\"target\":[\"https:\/\/tecus.com.tr\/pt-pt\/\"]}]},{\"@type\":\"BreadcrumbList\",\"@id\":\"https:\/\/tecus.com.tr\/pt-pt\/#breadcrumb\",\"itemListElement\":[{\"@type\":\"ListItem\",\"position\":1,\"name\":\"Ana sayfa\",\"item\":\"https:\/\/tecus.com.tr\/pt-pt\/\"},{\"@type\":\"ListItem\",\"position\":2,\"name\":\"P\u00e1gina Inicial\"}]},{\"@type\":\"WebSite\",\"@id\":\"https:\/\/tecus.com.tr\/pt-pt\/#website\",\"url\":\"https:\/\/tecus.com.tr\/pt-pt\/\",\"name\":\"Tecus Teknoloji\",\"description\":\"CNC par\u00e7a ba\u011flama \u00e7\u00f6z\u00fcmleri\",\"publisher\":{\"@id\":\"https:\/\/tecus.com.tr\/pt-pt\/#organization\"},\"potentialAction\":[{\"@type\":\"SearchAction\",\"target\":{\"@type\":\"EntryPoint\",\"urlTemplate\":\"https:\/\/tecus.com.tr\/pt-pt\/?s={search_term_string}\"},\"query-input\":\"required name=search_term_string\"}],\"inLanguage\":\"pt-PT\"},{\"@type\":\"Organization\",\"@id\":\"https:\/\/tecus.com.tr\/pt-pt\/#organization\",\"name\":\"Tecus Teknoloji\",\"url\":\"https:\/\/tecus.com.tr\/pt-pt\/\",\"logo\":{\"@type\":\"ImageObject\",\"inLanguage\":\"pt-PT\",\"@id\":\"https:\/\/tecus.com.tr\/pt-pt\/#\/schema\/logo\/image\/\",\"url\":\"https:\/\/tecus.com.tr\/wp-content\/uploads\/2018\/04\/tecus-logo-beyaz-2-e1528750997765.png\",\"contentUrl\":\"https:\/\/tecus.com.tr\/wp-content\/uploads\/2018\/04\/tecus-logo-beyaz-2-e1528750997765.png\",\"width\":250,\"height\":53,\"caption\":\"Tecus Teknoloji\"},\"image\":{\"@id\":\"https:\/\/tecus.com.tr\/pt-pt\/#\/schema\/logo\/image\/\"}}]}<\/script>\n<!-- \/ Yoast SEO plugin. -->","yoast_head_json":{"title":"fixa\u00e7\u00e3o de pe\u00e7as - Tecus Teknoloji morsas de 3 4 5 eixos","description":"equipamentos de fixa\u00e7\u00e3o de pe\u00e7as, tecnologias de alta efici\u00eancia para m\u00e1quinas-ferramenta, mudan\u00e7a r\u00e1pida de pe\u00e7as, morsas de 3 4 5 eixos.","robots":{"index":"index","follow":"follow","max-snippet":"max-snippet:-1","max-image-preview":"max-image-preview:large","max-video-preview":"max-video-preview:-1"},"canonical":"https:\/\/tecus.com.tr\/pt-pt\/","og_locale":"pt_PT","og_type":"article","og_title":"fixa\u00e7\u00e3o de pe\u00e7as - Tecus Teknoloji morsas de 3 4 5 eixos","og_description":"equipamentos de fixa\u00e7\u00e3o de pe\u00e7as, tecnologias de alta efici\u00eancia para m\u00e1quinas-ferramenta, mudan\u00e7a r\u00e1pida de pe\u00e7as, morsas de 3 4 5 eixos.","og_url":"https:\/\/tecus.com.tr\/pt-pt\/","og_site_name":"Tecus Teknoloji","article_modified_time":"2025-12-03T12:16:47+00:00","og_image":[{"width":1024,"height":1024,"url":"https:\/\/tecus.com.tr\/wp-content\/uploads\/2025\/10\/anasayfa.png","type":"image\/png"}],"twitter_card":"summary_large_image","schema":{"@context":"https:\/\/schema.org","@graph":[{"@type":"WebPage","@id":"https:\/\/tecus.com.tr\/pt-pt\/","url":"https:\/\/tecus.com.tr\/pt-pt\/","name":"fixa\u00e7\u00e3o de pe\u00e7as - Tecus Teknoloji morsas de 3 4 5 eixos","isPartOf":{"@id":"https:\/\/tecus.com.tr\/pt-pt\/#website"},"datePublished":"2018-04-20T23:36:23+00:00","dateModified":"2025-12-03T12:16:47+00:00","description":"equipamentos de fixa\u00e7\u00e3o de pe\u00e7as, tecnologias de alta efici\u00eancia para m\u00e1quinas-ferramenta, mudan\u00e7a r\u00e1pida de pe\u00e7as, morsas de 3 4 5 eixos.","breadcrumb":{"@id":"https:\/\/tecus.com.tr\/pt-pt\/#breadcrumb"},"inLanguage":"pt-PT","potentialAction":[{"@type":"ReadAction","target":["https:\/\/tecus.com.tr\/pt-pt\/"]}]},{"@type":"BreadcrumbList","@id":"https:\/\/tecus.com.tr\/pt-pt\/#breadcrumb","itemListElement":[{"@type":"ListItem","position":1,"name":"Ana sayfa","item":"https:\/\/tecus.com.tr\/pt-pt\/"},{"@type":"ListItem","position":2,"name":"P\u00e1gina Inicial"}]},{"@type":"WebSite","@id":"https:\/\/tecus.com.tr\/pt-pt\/#website","url":"https:\/\/tecus.com.tr\/pt-pt\/","name":"Tecus Teknoloji","description":"CNC par\u00e7a ba\u011flama \u00e7\u00f6z\u00fcmleri","publisher":{"@id":"https:\/\/tecus.com.tr\/pt-pt\/#organization"},"potentialAction":[{"@type":"SearchAction","target":{"@type":"EntryPoint","urlTemplate":"https:\/\/tecus.com.tr\/pt-pt\/?s={search_term_string}"},"query-input":"required name=search_term_string"}],"inLanguage":"pt-PT"},{"@type":"Organization","@id":"https:\/\/tecus.com.tr\/pt-pt\/#organization","name":"Tecus Teknoloji","url":"https:\/\/tecus.com.tr\/pt-pt\/","logo":{"@type":"ImageObject","inLanguage":"pt-PT","@id":"https:\/\/tecus.com.tr\/pt-pt\/#\/schema\/logo\/image\/","url":"https:\/\/tecus.com.tr\/wp-content\/uploads\/2018\/04\/tecus-logo-beyaz-2-e1528750997765.png","contentUrl":"https:\/\/tecus.com.tr\/wp-content\/uploads\/2018\/04\/tecus-logo-beyaz-2-e1528750997765.png","width":250,"height":53,"caption":"Tecus Teknoloji"},"image":{"@id":"https:\/\/tecus.com.tr\/pt-pt\/#\/schema\/logo\/image\/"}}]}},"_links":{"self":[{"href":"https:\/\/tecus.com.tr\/pt-pt\/wp-json\/wp\/v2\/pages\/42216","targetHints":{"allow":["GET"]}}],"collection":[{"href":"https:\/\/tecus.com.tr\/pt-pt\/wp-json\/wp\/v2\/pages"}],"about":[{"href":"https:\/\/tecus.com.tr\/pt-pt\/wp-json\/wp\/v2\/types\/page"}],"author":[{"embeddable":true,"href":"https:\/\/tecus.com.tr\/pt-pt\/wp-json\/wp\/v2\/users\/23"}],"replies":[{"embeddable":true,"href":"https:\/\/tecus.com.tr\/pt-pt\/wp-json\/wp\/v2\/comments?post=42216"}],"version-history":[{"count":6,"href":"https:\/\/tecus.com.tr\/pt-pt\/wp-json\/wp\/v2\/pages\/42216\/revisions"}],"predecessor-version":[{"id":48947,"href":"https:\/\/tecus.com.tr\/pt-pt\/wp-json\/wp\/v2\/pages\/42216\/revisions\/48947"}],"wp:featuredmedia":[{"embeddable":true,"href":"https:\/\/tecus.com.tr\/pt-pt\/wp-json\/wp\/v2\/media\/44874"}],"wp:attachment":[{"href":"https:\/\/tecus.com.tr\/pt-pt\/wp-json\/wp\/v2\/media?parent=42216"}],"curies":[{"name":"wp","href":"https:\/\/api.w.org\/{rel}","templated":true}]}}