{"id":34757,"date":"2025-08-23T15:07:10","date_gmt":"2025-08-23T15:07:10","guid":{"rendered":"https:\/\/tecus.com.tr\/urun\/pica-5x\/"},"modified":"2025-10-26T18:14:56","modified_gmt":"2025-10-26T18:14:56","slug":"pica-5x","status":"publish","type":"product","link":"https:\/\/tecus.com.tr\/pl\/produkt\/pica-5x\/","title":{"rendered":"piCA-5X"},"content":{"rendered":"","protected":false},"excerpt":{"rendered":"<p><strong>Imad\u0142o modu\u0142owe<\/strong> posiada wymiary szcz\u0119ki sta\u0142ej 200x50x28 mm oraz szcz\u0119ki ruchomej 200x115x18 mm; jest kompatybilne z systemami rowk\u00f3w 50 mm.<br \/>\nDzi\u0119ki sile zacisku przekraczaj\u0105cej 2,5 mm zapewnia niezawodne mocowanie przy minimalnym zu\u017cyciu materia\u0142u. Jego modu\u0142owa konstrukcja umo\u017cliwia mocowanie element\u00f3w od 1 cm do kilku metr\u00f3w d\u0142ugo\u015bci.<br \/>\nNiezale\u017cne uchwyty Pitbull pozwalaj\u0105 na mocowanie wielu element\u00f3w. Dzi\u0119ki od\u0142\u0105czanej przedniej szcz\u0119ce mo\u017cliwe jest mocowanie element\u00f3w o wysoko\u015bci do 30 mm w operacjach wt\u00f3rnych. Stanowi solidn\u0105 alternatyw\u0119 dla klasycznych imade\u0142.   <\/p>\n<p>&nbsp;<\/p>\n<p>&nbsp;<\/p>\n<p>Zawarto\u015b\u0107 zestawu:<br \/>\n\u25cf 1 sztuka Pitbull M6 (si\u0142a zacisku 1,6 tony)<br \/>\n\u25cf 3 sztuki Pitbull M6 z ostrymi kraw\u0119dziami<br \/>\n\u25cf 2 sztuki Pitbull M6 z p\u0142askimi kraw\u0119dziami<br \/>\n\u25cf 3 sztuki Talon Grip<br \/>\n\u25cf 2 sztuki blok\u00f3w oporowych<br \/>\n\u25cf Elementy mocuj\u0105ce do rowk\u00f3w teowych M12<\/p>\n","protected":false},"featured_media":34759,"template":"","meta":{"_acf_changed":false},"product_brand":[591],"product_cat":[515,528,502],"product_tag":[],"class_list":{"0":"post-34757","1":"product","2":"type-product","3":"status-publish","4":"has-post-thumbnail","6":"product_brand-canaca","7":"product_cat-imadla-3-4-5-osiowe","8":"product_cat-mocowanie-modulowe","9":"product_cat-zaciski-boczne","11":"first","12":"instock","13":"sale","14":"taxable","15":"shipping-taxable","16":"purchasable","17":"product-type-simple"},"acf":[],"yoast_head":"<!-- This site is optimized with the Yoast SEO plugin v20.2.1 - https:\/\/yoast.com\/wordpress\/plugins\/seo\/ -->\n<title>piCA-5X - Tecus Teknoloji<\/title>\n<meta name=\"robots\" content=\"index, follow, max-snippet:-1, max-image-preview:large, max-video-preview:-1\" \/>\n<link rel=\"canonical\" href=\"https:\/\/tecus.com.tr\/pl\/produkt\/pica-5x\/\" \/>\n<meta property=\"og:locale\" content=\"pl_PL\" \/>\n<meta property=\"og:type\" content=\"article\" \/>\n<meta property=\"og:title\" content=\"piCA-5X - Tecus Teknoloji\" \/>\n<meta property=\"og:description\" content=\"Imad\u0142o modu\u0142owe posiada wymiary szcz\u0119ki sta\u0142ej 200x50x28 mm oraz szcz\u0119ki ruchomej 200x115x18 mm; jest kompatybilne z systemami rowk\u00f3w 50 mm. Dzi\u0119ki sile zacisku przekraczaj\u0105cej 2,5 mm zapewnia niezawodne mocowanie przy minimalnym zu\u017cyciu materia\u0142u. Jego modu\u0142owa konstrukcja umo\u017cliwia mocowanie element\u00f3w od 1 cm do kilku metr\u00f3w d\u0142ugo\u015bci. Niezale\u017cne uchwyty Pitbull pozwalaj\u0105 na mocowanie wielu element\u00f3w. Dzi\u0119ki od\u0142\u0105czanej przedniej szcz\u0119ce mo\u017cliwe jest mocowanie element\u00f3w o wysoko\u015bci do 30 mm w operacjach wt\u00f3rnych. Stanowi solidn\u0105 alternatyw\u0119 dla klasycznych imade\u0142.   &nbsp; &nbsp; Zawarto\u015b\u0107 zestawu: \u25cf 1 sztuka Pitbull M6 (si\u0142a zacisku 1,6 tony) \u25cf 3 sztuki Pitbull M6 z ostrymi kraw\u0119dziami \u25cf 2 sztuki Pitbull M6 z p\u0142askimi kraw\u0119dziami \u25cf 3 sztuki Talon Grip \u25cf 2 sztuki blok\u00f3w oporowych \u25cf Elementy mocuj\u0105ce do rowk\u00f3w teowych M12\" \/>\n<meta property=\"og:url\" content=\"https:\/\/tecus.com.tr\/pl\/produkt\/pica-5x\/\" \/>\n<meta property=\"og:site_name\" content=\"Tecus Teknoloji\" \/>\n<meta property=\"article:modified_time\" content=\"2025-10-26T18:14:56+00:00\" \/>\n<meta property=\"og:image\" content=\"https:\/\/tecus.com.tr\/wp-content\/uploads\/2025\/08\/pica_5x_kit.png\" \/>\n\t<meta property=\"og:image:width\" content=\"1024\" \/>\n\t<meta property=\"og:image:height\" content=\"1024\" \/>\n\t<meta property=\"og:image:type\" content=\"image\/png\" \/>\n<meta name=\"twitter:card\" content=\"summary_large_image\" \/>\n<script type=\"application\/ld+json\" class=\"yoast-schema-graph\">{\"@context\":\"https:\/\/schema.org\",\"@graph\":[{\"@type\":\"WebPage\",\"@id\":\"https:\/\/tecus.com.tr\/pl\/produkt\/pica-5x\/\",\"url\":\"https:\/\/tecus.com.tr\/pl\/produkt\/pica-5x\/\",\"name\":\"piCA-5X - Tecus Teknoloji\",\"isPartOf\":{\"@id\":\"https:\/\/tecus.com.tr\/pl\/#website\"},\"datePublished\":\"2025-08-23T15:07:10+00:00\",\"dateModified\":\"2025-10-26T18:14:56+00:00\",\"breadcrumb\":{\"@id\":\"https:\/\/tecus.com.tr\/pl\/produkt\/pica-5x\/#breadcrumb\"},\"inLanguage\":\"pl-PL\",\"potentialAction\":[{\"@type\":\"ReadAction\",\"target\":[\"https:\/\/tecus.com.tr\/pl\/produkt\/pica-5x\/\"]}]},{\"@type\":\"BreadcrumbList\",\"@id\":\"https:\/\/tecus.com.tr\/pl\/produkt\/pica-5x\/#breadcrumb\",\"itemListElement\":[{\"@type\":\"ListItem\",\"position\":1,\"name\":\"Ana sayfa\",\"item\":\"https:\/\/tecus.com.tr\/pl\/\"},{\"@type\":\"ListItem\",\"position\":2,\"name\":\"Ma\u011faza\",\"item\":\"https:\/\/tecus.com.tr\/magaza\/\"},{\"@type\":\"ListItem\",\"position\":3,\"name\":\"piCA-5X\"}]},{\"@type\":\"WebSite\",\"@id\":\"https:\/\/tecus.com.tr\/pl\/#website\",\"url\":\"https:\/\/tecus.com.tr\/pl\/\",\"name\":\"Tecus Teknoloji\",\"description\":\"CNC par\u00e7a ba\u011flama \u00e7\u00f6z\u00fcmleri\",\"publisher\":{\"@id\":\"https:\/\/tecus.com.tr\/pl\/#organization\"},\"potentialAction\":[{\"@type\":\"SearchAction\",\"target\":{\"@type\":\"EntryPoint\",\"urlTemplate\":\"https:\/\/tecus.com.tr\/pl\/?s={search_term_string}\"},\"query-input\":\"required name=search_term_string\"}],\"inLanguage\":\"pl-PL\"},{\"@type\":\"Organization\",\"@id\":\"https:\/\/tecus.com.tr\/pl\/#organization\",\"name\":\"Tecus Teknoloji\",\"url\":\"https:\/\/tecus.com.tr\/pl\/\",\"logo\":{\"@type\":\"ImageObject\",\"inLanguage\":\"pl-PL\",\"@id\":\"https:\/\/tecus.com.tr\/pl\/#\/schema\/logo\/image\/\",\"url\":\"https:\/\/tecus.com.tr\/wp-content\/uploads\/2018\/04\/tecus-logo-beyaz-2-e1528750997765.png\",\"contentUrl\":\"https:\/\/tecus.com.tr\/wp-content\/uploads\/2018\/04\/tecus-logo-beyaz-2-e1528750997765.png\",\"width\":250,\"height\":53,\"caption\":\"Tecus Teknoloji\"},\"image\":{\"@id\":\"https:\/\/tecus.com.tr\/pl\/#\/schema\/logo\/image\/\"}}]}<\/script>\n<!-- \/ Yoast SEO plugin. -->","yoast_head_json":{"title":"piCA-5X - Tecus Teknoloji","robots":{"index":"index","follow":"follow","max-snippet":"max-snippet:-1","max-image-preview":"max-image-preview:large","max-video-preview":"max-video-preview:-1"},"canonical":"https:\/\/tecus.com.tr\/pl\/produkt\/pica-5x\/","og_locale":"pl_PL","og_type":"article","og_title":"piCA-5X - Tecus Teknoloji","og_description":"Imad\u0142o modu\u0142owe posiada wymiary szcz\u0119ki sta\u0142ej 200x50x28 mm oraz szcz\u0119ki ruchomej 200x115x18 mm; jest kompatybilne z systemami rowk\u00f3w 50 mm. Dzi\u0119ki sile zacisku przekraczaj\u0105cej 2,5 mm zapewnia niezawodne mocowanie przy minimalnym zu\u017cyciu materia\u0142u. Jego modu\u0142owa konstrukcja umo\u017cliwia mocowanie element\u00f3w od 1 cm do kilku metr\u00f3w d\u0142ugo\u015bci. Niezale\u017cne uchwyty Pitbull pozwalaj\u0105 na mocowanie wielu element\u00f3w. Dzi\u0119ki od\u0142\u0105czanej przedniej szcz\u0119ce mo\u017cliwe jest mocowanie element\u00f3w o wysoko\u015bci do 30 mm w operacjach wt\u00f3rnych. Stanowi solidn\u0105 alternatyw\u0119 dla klasycznych imade\u0142.   &nbsp; &nbsp; Zawarto\u015b\u0107 zestawu: \u25cf 1 sztuka Pitbull M6 (si\u0142a zacisku 1,6 tony) \u25cf 3 sztuki Pitbull M6 z ostrymi kraw\u0119dziami \u25cf 2 sztuki Pitbull M6 z p\u0142askimi kraw\u0119dziami \u25cf 3 sztuki Talon Grip \u25cf 2 sztuki blok\u00f3w oporowych \u25cf Elementy mocuj\u0105ce do rowk\u00f3w teowych M12","og_url":"https:\/\/tecus.com.tr\/pl\/produkt\/pica-5x\/","og_site_name":"Tecus Teknoloji","article_modified_time":"2025-10-26T18:14:56+00:00","og_image":[{"width":1024,"height":1024,"url":"https:\/\/tecus.com.tr\/wp-content\/uploads\/2025\/08\/pica_5x_kit.png","type":"image\/png"}],"twitter_card":"summary_large_image","schema":{"@context":"https:\/\/schema.org","@graph":[{"@type":"WebPage","@id":"https:\/\/tecus.com.tr\/pl\/produkt\/pica-5x\/","url":"https:\/\/tecus.com.tr\/pl\/produkt\/pica-5x\/","name":"piCA-5X - Tecus Teknoloji","isPartOf":{"@id":"https:\/\/tecus.com.tr\/pl\/#website"},"datePublished":"2025-08-23T15:07:10+00:00","dateModified":"2025-10-26T18:14:56+00:00","breadcrumb":{"@id":"https:\/\/tecus.com.tr\/pl\/produkt\/pica-5x\/#breadcrumb"},"inLanguage":"pl-PL","potentialAction":[{"@type":"ReadAction","target":["https:\/\/tecus.com.tr\/pl\/produkt\/pica-5x\/"]}]},{"@type":"BreadcrumbList","@id":"https:\/\/tecus.com.tr\/pl\/produkt\/pica-5x\/#breadcrumb","itemListElement":[{"@type":"ListItem","position":1,"name":"Ana sayfa","item":"https:\/\/tecus.com.tr\/pl\/"},{"@type":"ListItem","position":2,"name":"Ma\u011faza","item":"https:\/\/tecus.com.tr\/magaza\/"},{"@type":"ListItem","position":3,"name":"piCA-5X"}]},{"@type":"WebSite","@id":"https:\/\/tecus.com.tr\/pl\/#website","url":"https:\/\/tecus.com.tr\/pl\/","name":"Tecus Teknoloji","description":"CNC par\u00e7a ba\u011flama \u00e7\u00f6z\u00fcmleri","publisher":{"@id":"https:\/\/tecus.com.tr\/pl\/#organization"},"potentialAction":[{"@type":"SearchAction","target":{"@type":"EntryPoint","urlTemplate":"https:\/\/tecus.com.tr\/pl\/?s={search_term_string}"},"query-input":"required name=search_term_string"}],"inLanguage":"pl-PL"},{"@type":"Organization","@id":"https:\/\/tecus.com.tr\/pl\/#organization","name":"Tecus Teknoloji","url":"https:\/\/tecus.com.tr\/pl\/","logo":{"@type":"ImageObject","inLanguage":"pl-PL","@id":"https:\/\/tecus.com.tr\/pl\/#\/schema\/logo\/image\/","url":"https:\/\/tecus.com.tr\/wp-content\/uploads\/2018\/04\/tecus-logo-beyaz-2-e1528750997765.png","contentUrl":"https:\/\/tecus.com.tr\/wp-content\/uploads\/2018\/04\/tecus-logo-beyaz-2-e1528750997765.png","width":250,"height":53,"caption":"Tecus Teknoloji"},"image":{"@id":"https:\/\/tecus.com.tr\/pl\/#\/schema\/logo\/image\/"}}]}},"_links":{"self":[{"href":"https:\/\/tecus.com.tr\/pl\/wp-json\/wp\/v2\/product\/34757","targetHints":{"allow":["GET"]}}],"collection":[{"href":"https:\/\/tecus.com.tr\/pl\/wp-json\/wp\/v2\/product"}],"about":[{"href":"https:\/\/tecus.com.tr\/pl\/wp-json\/wp\/v2\/types\/product"}],"version-history":[{"count":2,"href":"https:\/\/tecus.com.tr\/pl\/wp-json\/wp\/v2\/product\/34757\/revisions"}],"predecessor-version":[{"id":45596,"href":"https:\/\/tecus.com.tr\/pl\/wp-json\/wp\/v2\/product\/34757\/revisions\/45596"}],"wp:featuredmedia":[{"embeddable":true,"href":"https:\/\/tecus.com.tr\/pl\/wp-json\/wp\/v2\/media\/34759"}],"wp:attachment":[{"href":"https:\/\/tecus.com.tr\/pl\/wp-json\/wp\/v2\/media?parent=34757"}],"wp:term":[{"taxonomy":"product_brand","embeddable":true,"href":"https:\/\/tecus.com.tr\/pl\/wp-json\/wp\/v2\/product_brand?post=34757"},{"taxonomy":"product_cat","embeddable":true,"href":"https:\/\/tecus.com.tr\/pl\/wp-json\/wp\/v2\/product_cat?post=34757"},{"taxonomy":"product_tag","embeddable":true,"href":"https:\/\/tecus.com.tr\/pl\/wp-json\/wp\/v2\/product_tag?post=34757"}],"curies":[{"name":"wp","href":"https:\/\/api.w.org\/{rel}","templated":true}]}}