{"id":34652,"date":"2021-04-05T19:45:22","date_gmt":"2021-04-05T19:45:22","guid":{"rendered":"https:\/\/tecus.com.tr\/urun\/elipti-bur\/"},"modified":"2025-09-22T19:50:48","modified_gmt":"2025-09-22T19:50:48","slug":"elipti-bur","status":"publish","type":"product","link":"https:\/\/tecus.com.tr\/pl\/produkt\/elipti-bur\/","title":{"rendered":"Elipti-Bur"},"content":{"rendered":"","protected":false},"excerpt":{"rendered":"<div class=\"fusion-title title fusion-title-2 fusion-sep-none fusion-title-text fusion-title-size-one fusion-border-below-title\">\n<h1 class=\"title-heading-left fusion-responsive-typography-calculated\" data-fontsize=\"48\" data-lineheight=\"57.6px\">Iluzja eliptyczna<\/h1>\n<\/div>\n<div class=\"fusion-text fusion-text-1\">\n<p>Gratowanie na powierzchniach cylindrycznych, eliptycznych lub innych zakrzywionych, u\u017cywane do wyzwania nawet dla najbardziej do\u015bwiadczonych in\u017cynier\u00f3w. Teraz jednak z Elipti-Bur to ju\u017c bezwysi\u0142kowa prostota. <\/p>\n<p>Ellipti-Bur<span class=\"super\">\u00ae<\/span> zosta\u0142 zaprojektowany do usuwania zadzior\u00f3w na nieregularnych powierzchniach otwor\u00f3w, takich jak te utworzone przez wiercenie na powierzchniach zakrzywionych lub wiercenie pod k\u0105tem. Ellipti-Bur umo\u017cliwia u\u017cytkownikowi szybkie i precyzyjne wykonanie tych trudnych operacji usuwania zadzior\u00f3w bez konieczno\u015bci stosowania przyrz\u0105d\u00f3w, uchwyt\u00f3w czy specjalnych umiej\u0119tno\u015bci operatora. <\/p>\n<p>Ostrze pozostaje swobodne, aby reagowa\u0107 na nieregularn\u0105 geometri\u0119 powierzchni otworu i pozwala na przemieszczenie zar\u00f3wno promieniowe, jak i osiowe wynikaj\u0105ce z eliptycznego kszta\u0142tu otwor\u00f3w wierconych pod k\u0105tem oraz na przemieszczenie osiowe (&#8222;wznoszenie i opadanie\") wynikaj\u0105ce z siod\u0142owatej konfiguracji otwor\u00f3w wierconych na powierzchniach cylindrycznych. <\/p>\n<p>Ta automatyczna funkcja samoprowadzenia tworzy stosunkowo r\u00f3wnomierne prze\u0142amanie na kraw\u0119dzi otworu.<\/p>\n<\/div>\n","protected":false},"featured_media":36297,"template":"","meta":{"_acf_changed":false},"product_brand":[],"product_cat":[521,500],"product_tag":[522],"class_list":{"0":"post-34652","1":"product","2":"type-product","3":"status-publish","4":"has-post-thumbnail","6":"product_cat-narzedzia-do-gratowania-cogsdill","7":"product_cat-narzedzia-i-akcesoria-do-tokarek-cnc","8":"product_tag-cogsdill","10":"first","11":"instock","12":"taxable","13":"shipping-taxable","14":"product-type-simple"},"acf":[],"yoast_head":"<!-- This site is optimized with the Yoast SEO plugin v20.2.1 - https:\/\/yoast.com\/wordpress\/plugins\/seo\/ -->\n<title>Elipti-Bur - Tecus Teknoloji<\/title>\n<meta name=\"robots\" content=\"index, follow, max-snippet:-1, max-image-preview:large, max-video-preview:-1\" \/>\n<link rel=\"canonical\" href=\"https:\/\/tecus.com.tr\/pl\/produkt\/elipti-bur\/\" \/>\n<meta property=\"og:locale\" content=\"pl_PL\" \/>\n<meta property=\"og:type\" content=\"article\" \/>\n<meta property=\"og:title\" content=\"Elipti-Bur - Tecus Teknoloji\" \/>\n<meta property=\"og:description\" content=\"Iluzja eliptyczna  Gratowanie na powierzchniach cylindrycznych, eliptycznych lub innych zakrzywionych, u\u017cywane do wyzwania nawet dla najbardziej do\u015bwiadczonych in\u017cynier\u00f3w. Teraz jednak z Elipti-Bur to ju\u017c bezwysi\u0142kowa prostota.  Ellipti-Bur\u00ae zosta\u0142 zaprojektowany do usuwania zadzior\u00f3w na nieregularnych powierzchniach otwor\u00f3w, takich jak te utworzone przez wiercenie na powierzchniach zakrzywionych lub wiercenie pod k\u0105tem. Ellipti-Bur umo\u017cliwia u\u017cytkownikowi szybkie i precyzyjne wykonanie tych trudnych operacji usuwania zadzior\u00f3w bez konieczno\u015bci stosowania przyrz\u0105d\u00f3w, uchwyt\u00f3w czy specjalnych umiej\u0119tno\u015bci operatora.  Ostrze pozostaje swobodne, aby reagowa\u0107 na nieregularn\u0105 geometri\u0119 powierzchni otworu i pozwala na przemieszczenie zar\u00f3wno promieniowe, jak i osiowe wynikaj\u0105ce z eliptycznego kszta\u0142tu otwor\u00f3w wierconych pod k\u0105tem oraz na przemieszczenie osiowe (&quot;wznoszenie i opadanie&quot;) wynikaj\u0105ce z siod\u0142owatej konfiguracji otwor\u00f3w wierconych na powierzchniach cylindrycznych.  Ta automatyczna funkcja samoprowadzenia tworzy stosunkowo r\u00f3wnomierne prze\u0142amanie na kraw\u0119dzi otworu.\" \/>\n<meta property=\"og:url\" content=\"https:\/\/tecus.com.tr\/pl\/produkt\/elipti-bur\/\" \/>\n<meta property=\"og:site_name\" content=\"Tecus Teknoloji\" \/>\n<meta property=\"article:modified_time\" content=\"2025-09-22T19:50:48+00:00\" \/>\n<meta property=\"og:image\" content=\"https:\/\/tecus.com.tr\/wp-content\/uploads\/2021\/04\/ellipti-bur-front-on.png\" \/>\n\t<meta property=\"og:image:width\" content=\"1024\" \/>\n\t<meta property=\"og:image:height\" content=\"1024\" \/>\n\t<meta property=\"og:image:type\" content=\"image\/png\" \/>\n<meta name=\"twitter:card\" content=\"summary_large_image\" \/>\n<script type=\"application\/ld+json\" class=\"yoast-schema-graph\">{\"@context\":\"https:\/\/schema.org\",\"@graph\":[{\"@type\":\"WebPage\",\"@id\":\"https:\/\/tecus.com.tr\/pl\/produkt\/elipti-bur\/\",\"url\":\"https:\/\/tecus.com.tr\/pl\/produkt\/elipti-bur\/\",\"name\":\"Elipti-Bur - Tecus Teknoloji\",\"isPartOf\":{\"@id\":\"https:\/\/tecus.com.tr\/pl\/#website\"},\"datePublished\":\"2021-04-05T19:45:22+00:00\",\"dateModified\":\"2025-09-22T19:50:48+00:00\",\"breadcrumb\":{\"@id\":\"https:\/\/tecus.com.tr\/pl\/produkt\/elipti-bur\/#breadcrumb\"},\"inLanguage\":\"pl-PL\",\"potentialAction\":[{\"@type\":\"ReadAction\",\"target\":[\"https:\/\/tecus.com.tr\/pl\/produkt\/elipti-bur\/\"]}]},{\"@type\":\"BreadcrumbList\",\"@id\":\"https:\/\/tecus.com.tr\/pl\/produkt\/elipti-bur\/#breadcrumb\",\"itemListElement\":[{\"@type\":\"ListItem\",\"position\":1,\"name\":\"Ana sayfa\",\"item\":\"https:\/\/tecus.com.tr\/pl\/\"},{\"@type\":\"ListItem\",\"position\":2,\"name\":\"Ma\u011faza\",\"item\":\"https:\/\/tecus.com.tr\/magaza\/\"},{\"@type\":\"ListItem\",\"position\":3,\"name\":\"Elipti-Bur\"}]},{\"@type\":\"WebSite\",\"@id\":\"https:\/\/tecus.com.tr\/pl\/#website\",\"url\":\"https:\/\/tecus.com.tr\/pl\/\",\"name\":\"Tecus Teknoloji\",\"description\":\"CNC par\u00e7a ba\u011flama \u00e7\u00f6z\u00fcmleri\",\"publisher\":{\"@id\":\"https:\/\/tecus.com.tr\/pl\/#organization\"},\"potentialAction\":[{\"@type\":\"SearchAction\",\"target\":{\"@type\":\"EntryPoint\",\"urlTemplate\":\"https:\/\/tecus.com.tr\/pl\/?s={search_term_string}\"},\"query-input\":\"required name=search_term_string\"}],\"inLanguage\":\"pl-PL\"},{\"@type\":\"Organization\",\"@id\":\"https:\/\/tecus.com.tr\/pl\/#organization\",\"name\":\"Tecus Teknoloji\",\"url\":\"https:\/\/tecus.com.tr\/pl\/\",\"logo\":{\"@type\":\"ImageObject\",\"inLanguage\":\"pl-PL\",\"@id\":\"https:\/\/tecus.com.tr\/pl\/#\/schema\/logo\/image\/\",\"url\":\"https:\/\/tecus.com.tr\/wp-content\/uploads\/2018\/04\/tecus-logo-beyaz-2-e1528750997765.png\",\"contentUrl\":\"https:\/\/tecus.com.tr\/wp-content\/uploads\/2018\/04\/tecus-logo-beyaz-2-e1528750997765.png\",\"width\":250,\"height\":53,\"caption\":\"Tecus Teknoloji\"},\"image\":{\"@id\":\"https:\/\/tecus.com.tr\/pl\/#\/schema\/logo\/image\/\"}}]}<\/script>\n<!-- \/ Yoast SEO plugin. -->","yoast_head_json":{"title":"Elipti-Bur - Tecus Teknoloji","robots":{"index":"index","follow":"follow","max-snippet":"max-snippet:-1","max-image-preview":"max-image-preview:large","max-video-preview":"max-video-preview:-1"},"canonical":"https:\/\/tecus.com.tr\/pl\/produkt\/elipti-bur\/","og_locale":"pl_PL","og_type":"article","og_title":"Elipti-Bur - Tecus Teknoloji","og_description":"Iluzja eliptyczna  Gratowanie na powierzchniach cylindrycznych, eliptycznych lub innych zakrzywionych, u\u017cywane do wyzwania nawet dla najbardziej do\u015bwiadczonych in\u017cynier\u00f3w. Teraz jednak z Elipti-Bur to ju\u017c bezwysi\u0142kowa prostota.  Ellipti-Bur\u00ae zosta\u0142 zaprojektowany do usuwania zadzior\u00f3w na nieregularnych powierzchniach otwor\u00f3w, takich jak te utworzone przez wiercenie na powierzchniach zakrzywionych lub wiercenie pod k\u0105tem. Ellipti-Bur umo\u017cliwia u\u017cytkownikowi szybkie i precyzyjne wykonanie tych trudnych operacji usuwania zadzior\u00f3w bez konieczno\u015bci stosowania przyrz\u0105d\u00f3w, uchwyt\u00f3w czy specjalnych umiej\u0119tno\u015bci operatora.  Ostrze pozostaje swobodne, aby reagowa\u0107 na nieregularn\u0105 geometri\u0119 powierzchni otworu i pozwala na przemieszczenie zar\u00f3wno promieniowe, jak i osiowe wynikaj\u0105ce z eliptycznego kszta\u0142tu otwor\u00f3w wierconych pod k\u0105tem oraz na przemieszczenie osiowe (\"wznoszenie i opadanie\") wynikaj\u0105ce z siod\u0142owatej konfiguracji otwor\u00f3w wierconych na powierzchniach cylindrycznych.  Ta automatyczna funkcja samoprowadzenia tworzy stosunkowo r\u00f3wnomierne prze\u0142amanie na kraw\u0119dzi otworu.","og_url":"https:\/\/tecus.com.tr\/pl\/produkt\/elipti-bur\/","og_site_name":"Tecus Teknoloji","article_modified_time":"2025-09-22T19:50:48+00:00","og_image":[{"width":1024,"height":1024,"url":"https:\/\/tecus.com.tr\/wp-content\/uploads\/2021\/04\/ellipti-bur-front-on.png","type":"image\/png"}],"twitter_card":"summary_large_image","schema":{"@context":"https:\/\/schema.org","@graph":[{"@type":"WebPage","@id":"https:\/\/tecus.com.tr\/pl\/produkt\/elipti-bur\/","url":"https:\/\/tecus.com.tr\/pl\/produkt\/elipti-bur\/","name":"Elipti-Bur - Tecus Teknoloji","isPartOf":{"@id":"https:\/\/tecus.com.tr\/pl\/#website"},"datePublished":"2021-04-05T19:45:22+00:00","dateModified":"2025-09-22T19:50:48+00:00","breadcrumb":{"@id":"https:\/\/tecus.com.tr\/pl\/produkt\/elipti-bur\/#breadcrumb"},"inLanguage":"pl-PL","potentialAction":[{"@type":"ReadAction","target":["https:\/\/tecus.com.tr\/pl\/produkt\/elipti-bur\/"]}]},{"@type":"BreadcrumbList","@id":"https:\/\/tecus.com.tr\/pl\/produkt\/elipti-bur\/#breadcrumb","itemListElement":[{"@type":"ListItem","position":1,"name":"Ana sayfa","item":"https:\/\/tecus.com.tr\/pl\/"},{"@type":"ListItem","position":2,"name":"Ma\u011faza","item":"https:\/\/tecus.com.tr\/magaza\/"},{"@type":"ListItem","position":3,"name":"Elipti-Bur"}]},{"@type":"WebSite","@id":"https:\/\/tecus.com.tr\/pl\/#website","url":"https:\/\/tecus.com.tr\/pl\/","name":"Tecus Teknoloji","description":"CNC par\u00e7a ba\u011flama \u00e7\u00f6z\u00fcmleri","publisher":{"@id":"https:\/\/tecus.com.tr\/pl\/#organization"},"potentialAction":[{"@type":"SearchAction","target":{"@type":"EntryPoint","urlTemplate":"https:\/\/tecus.com.tr\/pl\/?s={search_term_string}"},"query-input":"required name=search_term_string"}],"inLanguage":"pl-PL"},{"@type":"Organization","@id":"https:\/\/tecus.com.tr\/pl\/#organization","name":"Tecus Teknoloji","url":"https:\/\/tecus.com.tr\/pl\/","logo":{"@type":"ImageObject","inLanguage":"pl-PL","@id":"https:\/\/tecus.com.tr\/pl\/#\/schema\/logo\/image\/","url":"https:\/\/tecus.com.tr\/wp-content\/uploads\/2018\/04\/tecus-logo-beyaz-2-e1528750997765.png","contentUrl":"https:\/\/tecus.com.tr\/wp-content\/uploads\/2018\/04\/tecus-logo-beyaz-2-e1528750997765.png","width":250,"height":53,"caption":"Tecus Teknoloji"},"image":{"@id":"https:\/\/tecus.com.tr\/pl\/#\/schema\/logo\/image\/"}}]}},"_links":{"self":[{"href":"https:\/\/tecus.com.tr\/pl\/wp-json\/wp\/v2\/product\/34652","targetHints":{"allow":["GET"]}}],"collection":[{"href":"https:\/\/tecus.com.tr\/pl\/wp-json\/wp\/v2\/product"}],"about":[{"href":"https:\/\/tecus.com.tr\/pl\/wp-json\/wp\/v2\/types\/product"}],"version-history":[{"count":1,"href":"https:\/\/tecus.com.tr\/pl\/wp-json\/wp\/v2\/product\/34652\/revisions"}],"predecessor-version":[{"id":40361,"href":"https:\/\/tecus.com.tr\/pl\/wp-json\/wp\/v2\/product\/34652\/revisions\/40361"}],"wp:featuredmedia":[{"embeddable":true,"href":"https:\/\/tecus.com.tr\/pl\/wp-json\/wp\/v2\/media\/36297"}],"wp:attachment":[{"href":"https:\/\/tecus.com.tr\/pl\/wp-json\/wp\/v2\/media?parent=34652"}],"wp:term":[{"taxonomy":"product_brand","embeddable":true,"href":"https:\/\/tecus.com.tr\/pl\/wp-json\/wp\/v2\/product_brand?post=34652"},{"taxonomy":"product_cat","embeddable":true,"href":"https:\/\/tecus.com.tr\/pl\/wp-json\/wp\/v2\/product_cat?post=34652"},{"taxonomy":"product_tag","embeddable":true,"href":"https:\/\/tecus.com.tr\/pl\/wp-json\/wp\/v2\/product_tag?post=34652"}],"curies":[{"name":"wp","href":"https:\/\/api.w.org\/{rel}","templated":true}]}}