{"id":34140,"date":"2018-04-15T11:16:12","date_gmt":"2018-04-15T11:16:12","guid":{"rendered":"https:\/\/tecus.com.tr\/urun\/zaciski-side-loc-xpansion\/"},"modified":"2025-10-26T18:20:43","modified_gmt":"2025-10-26T18:20:43","slug":"zaciski-side-loc-xpansion","status":"publish","type":"product","link":"https:\/\/tecus.com.tr\/pl\/produkt\/zaciski-side-loc-xpansion\/","title":{"rendered":"Zaciski Side-Loc Xpansion"},"content":{"rendered":"<p><img fetchpriority=\"high\" decoding=\"async\" class=\"alignnone wp-image-457\" src=\"https:\/\/e-market.tecus.com.tr\/wp-content\/uploads\/2018\/03\/sideloc_draw-300x132.png\" alt=\"\" width=\"916\" height=\"403\"><\/p>\n<p>[table id=\"SideLocXpansionClamps\" \/]<\/p>\n","protected":false},"excerpt":{"rendered":"<p>Zacisk Side-Loc Xpansion jest obs\u0142ugiwany z boku, co czyni go idealnym do zastosowa\u0144 w otworach \u015blepych. Zosta\u0142 zaprojektowany zar\u00f3wno do zastosowa\u0144 tokarskich, jak i frezarskich. Wa\u0142ek krzywkowy i t\u0142ok rozszerzaj\u0105 zacisk od boku. Te same wymiary monta\u017cowe co nasz oryginalny zacisk ID.   <\/p>\n<p>Zacisk Side-Loc Xpansion jest uruchamiany poprzez obr\u00f3t bocznego wa\u0142ka krzywkowego z \u0142bem gniazdowym, kt\u00f3ry przesuwa sto\u017ckowy t\u0142ok w celu rozszerzenia zacisku. Pier\u015bcie\u0144 blokuj\u0105cy zapewnia precyzyjnie ustawion\u0105 \u015brednic\u0119 i sztywno\u015b\u0107 do obr\u00f3bki. Maksymalny moment obrotowy na pier\u015bcieniu blokuj\u0105cym wynosi 10 ft lbs. (13 Nm). Podobnie jak nasze oryginalne zaciski ID Xpansion\u2122, zacisk Side-Loc Xpansion posiada funkcj\u0119 martwej d\u0142ugo\u015bci, kt\u00f3ra jest kluczowa dla wymiar\u00f3w o ma\u0142ych tolerancjach.    <\/p>\n<p>Zacisk Side-Loc Xpansion zosta\u0142 zaprojektowany w dw\u00f3ch wersjach: jedna do frezowania i jedna do zastosowa\u0144 tokarskich. Dla ka\u017cdego modelu dost\u0119pny jest jeden rozmiar. Frezarski zacisk Side-Loc Xpansion mo\u017ce by\u0107 obrabiany w zakresie od 1,120 do 0,710 (28,4 do 18 mm), a wersja tokarska od 2,09 do 7,10 (53 do 18 mm). Wersja tokarska posiada prosty wa\u0142ek 1\u2033 (25 mm).   <\/p>\n","protected":false},"featured_media":34141,"template":"","meta":{"_acf_changed":false},"product_brand":[],"product_cat":[492],"product_tag":[493],"class_list":{"0":"post-34140","1":"product","2":"type-product","3":"status-publish","4":"has-post-thumbnail","6":"product_cat-zaciski-na-srednice","7":"product_tag-xpansion-clamps","9":"first","10":"instock","11":"taxable","12":"shipping-taxable","13":"product-type-simple"},"acf":[],"yoast_head":"<!-- This site is optimized with the Yoast SEO plugin v20.2.1 - https:\/\/yoast.com\/wordpress\/plugins\/seo\/ -->\n<title>Zaciski Side-Loc Xpansion - Tecus Teknoloji<\/title>\n<meta name=\"robots\" content=\"index, follow, max-snippet:-1, max-image-preview:large, max-video-preview:-1\" \/>\n<link rel=\"canonical\" href=\"https:\/\/tecus.com.tr\/pl\/produkt\/zaciski-side-loc-xpansion\/\" \/>\n<meta property=\"og:locale\" content=\"pl_PL\" \/>\n<meta property=\"og:type\" content=\"article\" \/>\n<meta property=\"og:title\" content=\"Zaciski Side-Loc Xpansion - Tecus Teknoloji\" \/>\n<meta property=\"og:description\" content=\"Zacisk Side-Loc Xpansion jest obs\u0142ugiwany z boku, co czyni go idealnym do zastosowa\u0144 w otworach \u015blepych. Zosta\u0142 zaprojektowany zar\u00f3wno do zastosowa\u0144 tokarskich, jak i frezarskich. Wa\u0142ek krzywkowy i t\u0142ok rozszerzaj\u0105 zacisk od boku. Te same wymiary monta\u017cowe co nasz oryginalny zacisk ID.   Zacisk Side-Loc Xpansion jest uruchamiany poprzez obr\u00f3t bocznego wa\u0142ka krzywkowego z \u0142bem gniazdowym, kt\u00f3ry przesuwa sto\u017ckowy t\u0142ok w celu rozszerzenia zacisku. Pier\u015bcie\u0144 blokuj\u0105cy zapewnia precyzyjnie ustawion\u0105 \u015brednic\u0119 i sztywno\u015b\u0107 do obr\u00f3bki. Maksymalny moment obrotowy na pier\u015bcieniu blokuj\u0105cym wynosi 10 ft lbs. (13 Nm). Podobnie jak nasze oryginalne zaciski ID Xpansion\u2122, zacisk Side-Loc Xpansion posiada funkcj\u0119 martwej d\u0142ugo\u015bci, kt\u00f3ra jest kluczowa dla wymiar\u00f3w o ma\u0142ych tolerancjach.   Zacisk Side-Loc Xpansion zosta\u0142 zaprojektowany w dw\u00f3ch wersjach: jedna do frezowania i jedna do zastosowa\u0144 tokarskich. Dla ka\u017cdego modelu dost\u0119pny jest jeden rozmiar. Frezarski zacisk Side-Loc Xpansion mo\u017ce by\u0107 obrabiany w zakresie od 1,120 do 0,710 (28,4 do 18 mm), a wersja tokarska od 2,09 do 7,10 (53 do 18 mm). Wersja tokarska posiada prosty wa\u0142ek 1\u2033 (25 mm).\" \/>\n<meta property=\"og:url\" content=\"https:\/\/tecus.com.tr\/pl\/produkt\/zaciski-side-loc-xpansion\/\" \/>\n<meta property=\"og:site_name\" content=\"Tecus Teknoloji\" \/>\n<meta property=\"article:modified_time\" content=\"2025-10-26T18:20:43+00:00\" \/>\n<meta property=\"og:image\" content=\"https:\/\/tecus.com.tr\/wp-content\/uploads\/2018\/04\/SIDE-LOC-EXP-glam-copy-1.png\" \/>\n\t<meta property=\"og:image:width\" content=\"500\" \/>\n\t<meta property=\"og:image:height\" content=\"500\" \/>\n\t<meta property=\"og:image:type\" content=\"image\/png\" \/>\n<meta name=\"twitter:card\" content=\"summary_large_image\" \/>\n<script type=\"application\/ld+json\" class=\"yoast-schema-graph\">{\"@context\":\"https:\/\/schema.org\",\"@graph\":[{\"@type\":\"WebPage\",\"@id\":\"https:\/\/tecus.com.tr\/pl\/produkt\/zaciski-side-loc-xpansion\/\",\"url\":\"https:\/\/tecus.com.tr\/pl\/produkt\/zaciski-side-loc-xpansion\/\",\"name\":\"Zaciski Side-Loc Xpansion - Tecus Teknoloji\",\"isPartOf\":{\"@id\":\"https:\/\/tecus.com.tr\/pl\/#website\"},\"datePublished\":\"2018-04-15T11:16:12+00:00\",\"dateModified\":\"2025-10-26T18:20:43+00:00\",\"breadcrumb\":{\"@id\":\"https:\/\/tecus.com.tr\/pl\/produkt\/zaciski-side-loc-xpansion\/#breadcrumb\"},\"inLanguage\":\"pl-PL\",\"potentialAction\":[{\"@type\":\"ReadAction\",\"target\":[\"https:\/\/tecus.com.tr\/pl\/produkt\/zaciski-side-loc-xpansion\/\"]}]},{\"@type\":\"BreadcrumbList\",\"@id\":\"https:\/\/tecus.com.tr\/pl\/produkt\/zaciski-side-loc-xpansion\/#breadcrumb\",\"itemListElement\":[{\"@type\":\"ListItem\",\"position\":1,\"name\":\"Ana sayfa\",\"item\":\"https:\/\/tecus.com.tr\/pl\/\"},{\"@type\":\"ListItem\",\"position\":2,\"name\":\"Ma\u011faza\",\"item\":\"https:\/\/tecus.com.tr\/magaza\/\"},{\"@type\":\"ListItem\",\"position\":3,\"name\":\"Zaciski Side-Loc Xpansion\"}]},{\"@type\":\"WebSite\",\"@id\":\"https:\/\/tecus.com.tr\/pl\/#website\",\"url\":\"https:\/\/tecus.com.tr\/pl\/\",\"name\":\"Tecus Teknoloji\",\"description\":\"CNC par\u00e7a ba\u011flama \u00e7\u00f6z\u00fcmleri\",\"publisher\":{\"@id\":\"https:\/\/tecus.com.tr\/pl\/#organization\"},\"potentialAction\":[{\"@type\":\"SearchAction\",\"target\":{\"@type\":\"EntryPoint\",\"urlTemplate\":\"https:\/\/tecus.com.tr\/pl\/?s={search_term_string}\"},\"query-input\":\"required name=search_term_string\"}],\"inLanguage\":\"pl-PL\"},{\"@type\":\"Organization\",\"@id\":\"https:\/\/tecus.com.tr\/pl\/#organization\",\"name\":\"Tecus Teknoloji\",\"url\":\"https:\/\/tecus.com.tr\/pl\/\",\"logo\":{\"@type\":\"ImageObject\",\"inLanguage\":\"pl-PL\",\"@id\":\"https:\/\/tecus.com.tr\/pl\/#\/schema\/logo\/image\/\",\"url\":\"https:\/\/tecus.com.tr\/wp-content\/uploads\/2018\/04\/tecus-logo-beyaz-2-e1528750997765.png\",\"contentUrl\":\"https:\/\/tecus.com.tr\/wp-content\/uploads\/2018\/04\/tecus-logo-beyaz-2-e1528750997765.png\",\"width\":250,\"height\":53,\"caption\":\"Tecus Teknoloji\"},\"image\":{\"@id\":\"https:\/\/tecus.com.tr\/pl\/#\/schema\/logo\/image\/\"}}]}<\/script>\n<!-- \/ Yoast SEO plugin. -->","yoast_head_json":{"title":"Zaciski Side-Loc Xpansion - Tecus Teknoloji","robots":{"index":"index","follow":"follow","max-snippet":"max-snippet:-1","max-image-preview":"max-image-preview:large","max-video-preview":"max-video-preview:-1"},"canonical":"https:\/\/tecus.com.tr\/pl\/produkt\/zaciski-side-loc-xpansion\/","og_locale":"pl_PL","og_type":"article","og_title":"Zaciski Side-Loc Xpansion - Tecus Teknoloji","og_description":"Zacisk Side-Loc Xpansion jest obs\u0142ugiwany z boku, co czyni go idealnym do zastosowa\u0144 w otworach \u015blepych. Zosta\u0142 zaprojektowany zar\u00f3wno do zastosowa\u0144 tokarskich, jak i frezarskich. Wa\u0142ek krzywkowy i t\u0142ok rozszerzaj\u0105 zacisk od boku. Te same wymiary monta\u017cowe co nasz oryginalny zacisk ID.   Zacisk Side-Loc Xpansion jest uruchamiany poprzez obr\u00f3t bocznego wa\u0142ka krzywkowego z \u0142bem gniazdowym, kt\u00f3ry przesuwa sto\u017ckowy t\u0142ok w celu rozszerzenia zacisku. Pier\u015bcie\u0144 blokuj\u0105cy zapewnia precyzyjnie ustawion\u0105 \u015brednic\u0119 i sztywno\u015b\u0107 do obr\u00f3bki. Maksymalny moment obrotowy na pier\u015bcieniu blokuj\u0105cym wynosi 10 ft lbs. (13 Nm). Podobnie jak nasze oryginalne zaciski ID Xpansion\u2122, zacisk Side-Loc Xpansion posiada funkcj\u0119 martwej d\u0142ugo\u015bci, kt\u00f3ra jest kluczowa dla wymiar\u00f3w o ma\u0142ych tolerancjach.   Zacisk Side-Loc Xpansion zosta\u0142 zaprojektowany w dw\u00f3ch wersjach: jedna do frezowania i jedna do zastosowa\u0144 tokarskich. Dla ka\u017cdego modelu dost\u0119pny jest jeden rozmiar. Frezarski zacisk Side-Loc Xpansion mo\u017ce by\u0107 obrabiany w zakresie od 1,120 do 0,710 (28,4 do 18 mm), a wersja tokarska od 2,09 do 7,10 (53 do 18 mm). Wersja tokarska posiada prosty wa\u0142ek 1\u2033 (25 mm).","og_url":"https:\/\/tecus.com.tr\/pl\/produkt\/zaciski-side-loc-xpansion\/","og_site_name":"Tecus Teknoloji","article_modified_time":"2025-10-26T18:20:43+00:00","og_image":[{"width":500,"height":500,"url":"https:\/\/tecus.com.tr\/wp-content\/uploads\/2018\/04\/SIDE-LOC-EXP-glam-copy-1.png","type":"image\/png"}],"twitter_card":"summary_large_image","schema":{"@context":"https:\/\/schema.org","@graph":[{"@type":"WebPage","@id":"https:\/\/tecus.com.tr\/pl\/produkt\/zaciski-side-loc-xpansion\/","url":"https:\/\/tecus.com.tr\/pl\/produkt\/zaciski-side-loc-xpansion\/","name":"Zaciski Side-Loc Xpansion - Tecus Teknoloji","isPartOf":{"@id":"https:\/\/tecus.com.tr\/pl\/#website"},"datePublished":"2018-04-15T11:16:12+00:00","dateModified":"2025-10-26T18:20:43+00:00","breadcrumb":{"@id":"https:\/\/tecus.com.tr\/pl\/produkt\/zaciski-side-loc-xpansion\/#breadcrumb"},"inLanguage":"pl-PL","potentialAction":[{"@type":"ReadAction","target":["https:\/\/tecus.com.tr\/pl\/produkt\/zaciski-side-loc-xpansion\/"]}]},{"@type":"BreadcrumbList","@id":"https:\/\/tecus.com.tr\/pl\/produkt\/zaciski-side-loc-xpansion\/#breadcrumb","itemListElement":[{"@type":"ListItem","position":1,"name":"Ana sayfa","item":"https:\/\/tecus.com.tr\/pl\/"},{"@type":"ListItem","position":2,"name":"Ma\u011faza","item":"https:\/\/tecus.com.tr\/magaza\/"},{"@type":"ListItem","position":3,"name":"Zaciski Side-Loc Xpansion"}]},{"@type":"WebSite","@id":"https:\/\/tecus.com.tr\/pl\/#website","url":"https:\/\/tecus.com.tr\/pl\/","name":"Tecus Teknoloji","description":"CNC par\u00e7a ba\u011flama \u00e7\u00f6z\u00fcmleri","publisher":{"@id":"https:\/\/tecus.com.tr\/pl\/#organization"},"potentialAction":[{"@type":"SearchAction","target":{"@type":"EntryPoint","urlTemplate":"https:\/\/tecus.com.tr\/pl\/?s={search_term_string}"},"query-input":"required name=search_term_string"}],"inLanguage":"pl-PL"},{"@type":"Organization","@id":"https:\/\/tecus.com.tr\/pl\/#organization","name":"Tecus Teknoloji","url":"https:\/\/tecus.com.tr\/pl\/","logo":{"@type":"ImageObject","inLanguage":"pl-PL","@id":"https:\/\/tecus.com.tr\/pl\/#\/schema\/logo\/image\/","url":"https:\/\/tecus.com.tr\/wp-content\/uploads\/2018\/04\/tecus-logo-beyaz-2-e1528750997765.png","contentUrl":"https:\/\/tecus.com.tr\/wp-content\/uploads\/2018\/04\/tecus-logo-beyaz-2-e1528750997765.png","width":250,"height":53,"caption":"Tecus Teknoloji"},"image":{"@id":"https:\/\/tecus.com.tr\/pl\/#\/schema\/logo\/image\/"}}]}},"_links":{"self":[{"href":"https:\/\/tecus.com.tr\/pl\/wp-json\/wp\/v2\/product\/34140","targetHints":{"allow":["GET"]}}],"collection":[{"href":"https:\/\/tecus.com.tr\/pl\/wp-json\/wp\/v2\/product"}],"about":[{"href":"https:\/\/tecus.com.tr\/pl\/wp-json\/wp\/v2\/types\/product"}],"version-history":[{"count":1,"href":"https:\/\/tecus.com.tr\/pl\/wp-json\/wp\/v2\/product\/34140\/revisions"}],"predecessor-version":[{"id":40197,"href":"https:\/\/tecus.com.tr\/pl\/wp-json\/wp\/v2\/product\/34140\/revisions\/40197"}],"wp:featuredmedia":[{"embeddable":true,"href":"https:\/\/tecus.com.tr\/pl\/wp-json\/wp\/v2\/media\/34141"}],"wp:attachment":[{"href":"https:\/\/tecus.com.tr\/pl\/wp-json\/wp\/v2\/media?parent=34140"}],"wp:term":[{"taxonomy":"product_brand","embeddable":true,"href":"https:\/\/tecus.com.tr\/pl\/wp-json\/wp\/v2\/product_brand?post=34140"},{"taxonomy":"product_cat","embeddable":true,"href":"https:\/\/tecus.com.tr\/pl\/wp-json\/wp\/v2\/product_cat?post=34140"},{"taxonomy":"product_tag","embeddable":true,"href":"https:\/\/tecus.com.tr\/pl\/wp-json\/wp\/v2\/product_tag?post=34140"}],"curies":[{"name":"wp","href":"https:\/\/api.w.org\/{rel}","templated":true}]}}