{"id":34100,"date":"2018-04-15T11:05:08","date_gmt":"2018-04-15T11:05:08","guid":{"rendered":"https:\/\/tecus.com.tr\/urun\/modularne-zaciski-pitbull\/"},"modified":"2025-09-22T19:57:13","modified_gmt":"2025-09-22T19:57:13","slug":"modularne-zaciski-pitbull","status":"publish","type":"product","link":"https:\/\/tecus.com.tr\/pl\/produkt\/modularne-zaciski-pitbull\/","title":{"rendered":"MODULARNE ZACISKI PITBULL"},"content":{"rendered":"<p>&nbsp;<br \/>\n<img fetchpriority=\"high\" decoding=\"async\" src=\"https:\/\/e-market.tecus.com.tr\/wp-content\/uploads\/2018\/03\/mod_pitbull_drawing-300x149.png\" alt=\"\" width=\"559\" height=\"279\"><br \/>\n[table id=ModularPitbullClamps\/]<\/p>\n<h2>UYGULAMA \u00d6RNEKLER\u0130<\/h2>\n<figure class=\"gallery-item\">\n\t\t\t\t<a data-elementor-open-lightbox=\"default\" data-elementor-lightbox-slideshow=\"18a3ff2a\" href=\"https:\/\/tecus.com.tr\/wp-content\/uploads\/2018\/06\/Modular-Pitbulls-1.jpg\"><img decoding=\"async\" width=\"200\" height=\"150\" src=\"https:\/\/tecus.com.tr\/wp-content\/uploads\/2018\/06\/Modular-Pitbulls-1-200x150.jpg\" alt=\"Modular Pitbulls (1)\" aria-describedby=\"gallery-1-6912\" srcset=\"https:\/\/tecus.com.tr\/wp-content\/uploads\/2018\/06\/Modular-Pitbulls-1-200x150.jpg 200w, https:\/\/tecus.com.tr\/wp-content\/uploads\/2018\/06\/Modular-Pitbulls-1-250x188.jpg 250w, https:\/\/tecus.com.tr\/wp-content\/uploads\/2018\/06\/Modular-Pitbulls-1-300x225.jpg 300w, https:\/\/tecus.com.tr\/wp-content\/uploads\/2018\/06\/Modular-Pitbulls-1-350x263.jpg 350w, https:\/\/tecus.com.tr\/wp-content\/uploads\/2018\/06\/Modular-Pitbulls-1-500x375.jpg 500w, https:\/\/tecus.com.tr\/wp-content\/uploads\/2018\/06\/Modular-Pitbulls-1.jpg 512w\" sizes=\"(max-width: 200px) 100vw, 200px\"><\/a><figcaption class=\"wp-caption-text gallery-caption\" id=\"gallery-1-6912\">\n\t\t\t\tModular Pitbulls (1)<br \/>\n<\/figcaption><\/figure>\n<figure class=\"gallery-item\">\n\t\t\t\t<a data-elementor-open-lightbox=\"default\" data-elementor-lightbox-slideshow=\"18a3ff2a\" href=\"https:\/\/tecus.com.tr\/wp-content\/uploads\/2018\/06\/Modular-Pitbulls-2.jpg\"><img decoding=\"async\" width=\"200\" height=\"150\" src=\"https:\/\/tecus.com.tr\/wp-content\/uploads\/2018\/06\/Modular-Pitbulls-2-200x150.jpg\" alt=\"Modular Pitbulls\" aria-describedby=\"gallery-1-6913\"><\/a><figcaption class=\"wp-caption-text gallery-caption\" id=\"gallery-1-6913\">\n\t\t\t\tModular Pitbulls<br \/>\n<\/figcaption><\/figure>\n<figure class=\"gallery-item\">\n\t\t\t\t<a data-elementor-open-lightbox=\"default\" data-elementor-lightbox-slideshow=\"18a3ff2a\" href=\"https:\/\/tecus.com.tr\/wp-content\/uploads\/2018\/06\/Modular-Pitbulls-3.jpg\"><img loading=\"lazy\" decoding=\"async\" width=\"200\" height=\"150\" src=\"https:\/\/tecus.com.tr\/wp-content\/uploads\/2018\/06\/Modular-Pitbulls-3-200x150.jpg\" alt=\"\"><\/a><\/figure>\n<figure class=\"gallery-item\">\n\t\t\t\t<a data-elementor-open-lightbox=\"default\" data-elementor-lightbox-slideshow=\"18a3ff2a\" href=\"https:\/\/tecus.com.tr\/wp-content\/uploads\/2018\/06\/Modular-Pitbulls-4.jpg\"><img loading=\"lazy\" decoding=\"async\" width=\"200\" height=\"150\" src=\"https:\/\/tecus.com.tr\/wp-content\/uploads\/2018\/06\/Modular-Pitbulls-4-200x150.jpg\" alt=\"\" srcset=\"https:\/\/tecus.com.tr\/wp-content\/uploads\/2018\/06\/Modular-Pitbulls-4-200x150.jpg 200w, https:\/\/tecus.com.tr\/wp-content\/uploads\/2018\/06\/Modular-Pitbulls-4-250x188.jpg 250w, https:\/\/tecus.com.tr\/wp-content\/uploads\/2018\/06\/Modular-Pitbulls-4-300x225.jpg 300w, https:\/\/tecus.com.tr\/wp-content\/uploads\/2018\/06\/Modular-Pitbulls-4-350x263.jpg 350w, https:\/\/tecus.com.tr\/wp-content\/uploads\/2018\/06\/Modular-Pitbulls-4-500x375.jpg 500w, https:\/\/tecus.com.tr\/wp-content\/uploads\/2018\/06\/Modular-Pitbulls-4.jpg 512w\" sizes=\"(max-width: 200px) 100vw, 200px\"><\/a><\/figure>\n","protected":false},"excerpt":{"rendered":"<p>Zacisk mocuj\u0105cy Pitbull\u00ae jest dobrze znany ze swojego niskiego profilu i pozytywnej si\u0142y skierowanej w d\u00f3\u0142. Obecnie dost\u0119pny jest w dw\u00f3ch wariantach modularnych. <\/p>\n<p>Stopniowany i rowkowany modularny zacisk Pitbull\u00ae oferuje wszechstronne zastosowanie dzi\u0119ki unikalnemu projektowi podnosz\u0105cemu. Zacisk ten podtrzymuje obrabiany przedmiot na stole obrabiarki podczas frezowania i wiercenia. Hartowane i szlifowane zaciski s\u0105 zaprojektowane do sto\u0142\u00f3w z otworami prowadz\u0105cymi lub konfiguracj\u0105 rowk\u00f3w teowych.  <\/p>\n<p>Kompaktowy modularny zacisk Pitbull\u00ae jest idealny do seryjnego mocowania cz\u0119\u015bci, wykorzystuj\u0105c tyln\u0105 powierzchni\u0119 zacisku do pozycjonowania kolejnego elementu do obr\u00f3bki. Wysoko\u015b\u0107 zacisku mo\u017cna regulowa\u0107 g\u0142\u0119boko\u015bci\u0105 obrobionego rowka w celu pozycjonowania. <\/p>\n","protected":false},"featured_media":34112,"template":"","meta":{"_acf_changed":false},"product_brand":[],"product_cat":[502],"product_tag":[],"class_list":{"0":"post-34100","1":"product","2":"type-product","3":"status-publish","4":"has-post-thumbnail","6":"product_cat-zaciski-boczne","8":"first","9":"instock","10":"taxable","11":"shipping-taxable","12":"product-type-simple"},"acf":[],"yoast_head":"<!-- This site is optimized with the Yoast SEO plugin v20.2.1 - https:\/\/yoast.com\/wordpress\/plugins\/seo\/ -->\n<title>MODULARNE ZACISKI PITBULL - Tecus Teknoloji<\/title>\n<meta name=\"robots\" content=\"index, follow, max-snippet:-1, max-image-preview:large, max-video-preview:-1\" \/>\n<link rel=\"canonical\" href=\"https:\/\/tecus.com.tr\/pl\/produkt\/modularne-zaciski-pitbull\/\" \/>\n<meta property=\"og:locale\" content=\"pl_PL\" \/>\n<meta property=\"og:type\" content=\"article\" \/>\n<meta property=\"og:title\" content=\"MODULARNE ZACISKI PITBULL - Tecus Teknoloji\" \/>\n<meta property=\"og:description\" content=\"Zacisk mocuj\u0105cy Pitbull\u00ae jest dobrze znany ze swojego niskiego profilu i pozytywnej si\u0142y skierowanej w d\u00f3\u0142. Obecnie dost\u0119pny jest w dw\u00f3ch wariantach modularnych.  Stopniowany i rowkowany modularny zacisk Pitbull\u00ae oferuje wszechstronne zastosowanie dzi\u0119ki unikalnemu projektowi podnosz\u0105cemu. Zacisk ten podtrzymuje obrabiany przedmiot na stole obrabiarki podczas frezowania i wiercenia. Hartowane i szlifowane zaciski s\u0105 zaprojektowane do sto\u0142\u00f3w z otworami prowadz\u0105cymi lub konfiguracj\u0105 rowk\u00f3w teowych.  Kompaktowy modularny zacisk Pitbull\u00ae jest idealny do seryjnego mocowania cz\u0119\u015bci, wykorzystuj\u0105c tyln\u0105 powierzchni\u0119 zacisku do pozycjonowania kolejnego elementu do obr\u00f3bki. Wysoko\u015b\u0107 zacisku mo\u017cna regulowa\u0107 g\u0142\u0119boko\u015bci\u0105 obrobionego rowka w celu pozycjonowania.\" \/>\n<meta property=\"og:url\" content=\"https:\/\/tecus.com.tr\/pl\/produkt\/modularne-zaciski-pitbull\/\" \/>\n<meta property=\"og:site_name\" content=\"Tecus Teknoloji\" \/>\n<meta property=\"article:modified_time\" content=\"2025-09-22T19:57:13+00:00\" \/>\n<meta property=\"og:image\" content=\"https:\/\/tecus.com.tr\/wp-content\/uploads\/2018\/04\/moduler-pitbull-clamp-2.png\" \/>\n\t<meta property=\"og:image:width\" content=\"500\" \/>\n\t<meta property=\"og:image:height\" content=\"500\" \/>\n\t<meta property=\"og:image:type\" content=\"image\/png\" \/>\n<meta name=\"twitter:card\" content=\"summary_large_image\" \/>\n<script type=\"application\/ld+json\" class=\"yoast-schema-graph\">{\"@context\":\"https:\/\/schema.org\",\"@graph\":[{\"@type\":\"WebPage\",\"@id\":\"https:\/\/tecus.com.tr\/pl\/produkt\/modularne-zaciski-pitbull\/\",\"url\":\"https:\/\/tecus.com.tr\/pl\/produkt\/modularne-zaciski-pitbull\/\",\"name\":\"MODULARNE ZACISKI PITBULL - Tecus Teknoloji\",\"isPartOf\":{\"@id\":\"https:\/\/tecus.com.tr\/pl\/#website\"},\"datePublished\":\"2018-04-15T11:05:08+00:00\",\"dateModified\":\"2025-09-22T19:57:13+00:00\",\"breadcrumb\":{\"@id\":\"https:\/\/tecus.com.tr\/pl\/produkt\/modularne-zaciski-pitbull\/#breadcrumb\"},\"inLanguage\":\"pl-PL\",\"potentialAction\":[{\"@type\":\"ReadAction\",\"target\":[\"https:\/\/tecus.com.tr\/pl\/produkt\/modularne-zaciski-pitbull\/\"]}]},{\"@type\":\"BreadcrumbList\",\"@id\":\"https:\/\/tecus.com.tr\/pl\/produkt\/modularne-zaciski-pitbull\/#breadcrumb\",\"itemListElement\":[{\"@type\":\"ListItem\",\"position\":1,\"name\":\"Ana sayfa\",\"item\":\"https:\/\/tecus.com.tr\/pl\/\"},{\"@type\":\"ListItem\",\"position\":2,\"name\":\"Ma\u011faza\",\"item\":\"https:\/\/tecus.com.tr\/magaza\/\"},{\"@type\":\"ListItem\",\"position\":3,\"name\":\"MODULARNE ZACISKI PITBULL\"}]},{\"@type\":\"WebSite\",\"@id\":\"https:\/\/tecus.com.tr\/pl\/#website\",\"url\":\"https:\/\/tecus.com.tr\/pl\/\",\"name\":\"Tecus Teknoloji\",\"description\":\"CNC par\u00e7a ba\u011flama \u00e7\u00f6z\u00fcmleri\",\"publisher\":{\"@id\":\"https:\/\/tecus.com.tr\/pl\/#organization\"},\"potentialAction\":[{\"@type\":\"SearchAction\",\"target\":{\"@type\":\"EntryPoint\",\"urlTemplate\":\"https:\/\/tecus.com.tr\/pl\/?s={search_term_string}\"},\"query-input\":\"required name=search_term_string\"}],\"inLanguage\":\"pl-PL\"},{\"@type\":\"Organization\",\"@id\":\"https:\/\/tecus.com.tr\/pl\/#organization\",\"name\":\"Tecus Teknoloji\",\"url\":\"https:\/\/tecus.com.tr\/pl\/\",\"logo\":{\"@type\":\"ImageObject\",\"inLanguage\":\"pl-PL\",\"@id\":\"https:\/\/tecus.com.tr\/pl\/#\/schema\/logo\/image\/\",\"url\":\"https:\/\/tecus.com.tr\/wp-content\/uploads\/2018\/04\/tecus-logo-beyaz-2-e1528750997765.png\",\"contentUrl\":\"https:\/\/tecus.com.tr\/wp-content\/uploads\/2018\/04\/tecus-logo-beyaz-2-e1528750997765.png\",\"width\":250,\"height\":53,\"caption\":\"Tecus Teknoloji\"},\"image\":{\"@id\":\"https:\/\/tecus.com.tr\/pl\/#\/schema\/logo\/image\/\"}}]}<\/script>\n<!-- \/ Yoast SEO plugin. -->","yoast_head_json":{"title":"MODULARNE ZACISKI PITBULL - Tecus Teknoloji","robots":{"index":"index","follow":"follow","max-snippet":"max-snippet:-1","max-image-preview":"max-image-preview:large","max-video-preview":"max-video-preview:-1"},"canonical":"https:\/\/tecus.com.tr\/pl\/produkt\/modularne-zaciski-pitbull\/","og_locale":"pl_PL","og_type":"article","og_title":"MODULARNE ZACISKI PITBULL - Tecus Teknoloji","og_description":"Zacisk mocuj\u0105cy Pitbull\u00ae jest dobrze znany ze swojego niskiego profilu i pozytywnej si\u0142y skierowanej w d\u00f3\u0142. Obecnie dost\u0119pny jest w dw\u00f3ch wariantach modularnych.  Stopniowany i rowkowany modularny zacisk Pitbull\u00ae oferuje wszechstronne zastosowanie dzi\u0119ki unikalnemu projektowi podnosz\u0105cemu. Zacisk ten podtrzymuje obrabiany przedmiot na stole obrabiarki podczas frezowania i wiercenia. Hartowane i szlifowane zaciski s\u0105 zaprojektowane do sto\u0142\u00f3w z otworami prowadz\u0105cymi lub konfiguracj\u0105 rowk\u00f3w teowych.  Kompaktowy modularny zacisk Pitbull\u00ae jest idealny do seryjnego mocowania cz\u0119\u015bci, wykorzystuj\u0105c tyln\u0105 powierzchni\u0119 zacisku do pozycjonowania kolejnego elementu do obr\u00f3bki. Wysoko\u015b\u0107 zacisku mo\u017cna regulowa\u0107 g\u0142\u0119boko\u015bci\u0105 obrobionego rowka w celu pozycjonowania.","og_url":"https:\/\/tecus.com.tr\/pl\/produkt\/modularne-zaciski-pitbull\/","og_site_name":"Tecus Teknoloji","article_modified_time":"2025-09-22T19:57:13+00:00","og_image":[{"width":500,"height":500,"url":"https:\/\/tecus.com.tr\/wp-content\/uploads\/2018\/04\/moduler-pitbull-clamp-2.png","type":"image\/png"}],"twitter_card":"summary_large_image","schema":{"@context":"https:\/\/schema.org","@graph":[{"@type":"WebPage","@id":"https:\/\/tecus.com.tr\/pl\/produkt\/modularne-zaciski-pitbull\/","url":"https:\/\/tecus.com.tr\/pl\/produkt\/modularne-zaciski-pitbull\/","name":"MODULARNE ZACISKI PITBULL - Tecus Teknoloji","isPartOf":{"@id":"https:\/\/tecus.com.tr\/pl\/#website"},"datePublished":"2018-04-15T11:05:08+00:00","dateModified":"2025-09-22T19:57:13+00:00","breadcrumb":{"@id":"https:\/\/tecus.com.tr\/pl\/produkt\/modularne-zaciski-pitbull\/#breadcrumb"},"inLanguage":"pl-PL","potentialAction":[{"@type":"ReadAction","target":["https:\/\/tecus.com.tr\/pl\/produkt\/modularne-zaciski-pitbull\/"]}]},{"@type":"BreadcrumbList","@id":"https:\/\/tecus.com.tr\/pl\/produkt\/modularne-zaciski-pitbull\/#breadcrumb","itemListElement":[{"@type":"ListItem","position":1,"name":"Ana sayfa","item":"https:\/\/tecus.com.tr\/pl\/"},{"@type":"ListItem","position":2,"name":"Ma\u011faza","item":"https:\/\/tecus.com.tr\/magaza\/"},{"@type":"ListItem","position":3,"name":"MODULARNE ZACISKI PITBULL"}]},{"@type":"WebSite","@id":"https:\/\/tecus.com.tr\/pl\/#website","url":"https:\/\/tecus.com.tr\/pl\/","name":"Tecus Teknoloji","description":"CNC par\u00e7a ba\u011flama \u00e7\u00f6z\u00fcmleri","publisher":{"@id":"https:\/\/tecus.com.tr\/pl\/#organization"},"potentialAction":[{"@type":"SearchAction","target":{"@type":"EntryPoint","urlTemplate":"https:\/\/tecus.com.tr\/pl\/?s={search_term_string}"},"query-input":"required name=search_term_string"}],"inLanguage":"pl-PL"},{"@type":"Organization","@id":"https:\/\/tecus.com.tr\/pl\/#organization","name":"Tecus Teknoloji","url":"https:\/\/tecus.com.tr\/pl\/","logo":{"@type":"ImageObject","inLanguage":"pl-PL","@id":"https:\/\/tecus.com.tr\/pl\/#\/schema\/logo\/image\/","url":"https:\/\/tecus.com.tr\/wp-content\/uploads\/2018\/04\/tecus-logo-beyaz-2-e1528750997765.png","contentUrl":"https:\/\/tecus.com.tr\/wp-content\/uploads\/2018\/04\/tecus-logo-beyaz-2-e1528750997765.png","width":250,"height":53,"caption":"Tecus Teknoloji"},"image":{"@id":"https:\/\/tecus.com.tr\/pl\/#\/schema\/logo\/image\/"}}]}},"_links":{"self":[{"href":"https:\/\/tecus.com.tr\/pl\/wp-json\/wp\/v2\/product\/34100","targetHints":{"allow":["GET"]}}],"collection":[{"href":"https:\/\/tecus.com.tr\/pl\/wp-json\/wp\/v2\/product"}],"about":[{"href":"https:\/\/tecus.com.tr\/pl\/wp-json\/wp\/v2\/types\/product"}],"version-history":[{"count":5,"href":"https:\/\/tecus.com.tr\/pl\/wp-json\/wp\/v2\/product\/34100\/revisions"}],"predecessor-version":[{"id":40568,"href":"https:\/\/tecus.com.tr\/pl\/wp-json\/wp\/v2\/product\/34100\/revisions\/40568"}],"wp:featuredmedia":[{"embeddable":true,"href":"https:\/\/tecus.com.tr\/pl\/wp-json\/wp\/v2\/media\/34112"}],"wp:attachment":[{"href":"https:\/\/tecus.com.tr\/pl\/wp-json\/wp\/v2\/media?parent=34100"}],"wp:term":[{"taxonomy":"product_brand","embeddable":true,"href":"https:\/\/tecus.com.tr\/pl\/wp-json\/wp\/v2\/product_brand?post=34100"},{"taxonomy":"product_cat","embeddable":true,"href":"https:\/\/tecus.com.tr\/pl\/wp-json\/wp\/v2\/product_cat?post=34100"},{"taxonomy":"product_tag","embeddable":true,"href":"https:\/\/tecus.com.tr\/pl\/wp-json\/wp\/v2\/product_tag?post=34100"}],"curies":[{"name":"wp","href":"https:\/\/api.w.org\/{rel}","templated":true}]}}