{"id":34054,"date":"2018-04-15T08:30:37","date_gmt":"2018-04-15T08:30:37","guid":{"rendered":"https:\/\/tecus.com.tr\/urun\/system-loc-down\/"},"modified":"2025-10-27T19:52:09","modified_gmt":"2025-10-27T19:52:09","slug":"system-loc-down","status":"publish","type":"product","link":"https:\/\/tecus.com.tr\/pl\/produkt\/system-loc-down\/","title":{"rendered":"Loc-Down\u00ae"},"content":{"rendered":"\t\t<div data-elementor-type=\"wp-post\" data-elementor-id=\"34054\" class=\"elementor elementor-34054 elementor-8648\" data-elementor-post-type=\"product\">\n\t\t\t\t\t\t<section class=\"elementor-section elementor-top-section elementor-element elementor-element-3624d1 elementor-section-boxed elementor-section-height-default elementor-section-height-default\" data-id=\"3624d1\" data-element_type=\"section\">\n\t\t\t\t\t\t<div class=\"elementor-container elementor-column-gap-default\">\n\t\t\t\t\t<div class=\"elementor-column elementor-col-100 elementor-top-column elementor-element elementor-element-4396956c\" data-id=\"4396956c\" data-element_type=\"column\">\n\t\t\t<div class=\"elementor-widget-wrap elementor-element-populated\">\n\t\t\t\t\t\t<div class=\"elementor-element elementor-element-4c558a8 elementor-widget elementor-widget-text-editor\" data-id=\"4c558a8\" data-element_type=\"widget\" data-widget_type=\"text-editor.default\">\n\t\t\t\t<div class=\"elementor-widget-container\">\n\t\t\t\t\t\t\t\t\t<div class=\"prodinfocont\"><div class=\"proddescript\"><h2 class=\"white\">System Loc-Down\u00ae<\/h2><p>System Mitee-Bite Loc-Down\u00ae zosta\u0142 zaprojektowany jako marzenie programisty i operatora do szybkiego i \u0142atwego mocowania ma\u0142ych i du\u017cych cz\u0119\u015bci lotniczych. Jego kompaktowa konstrukcja pozwala na g\u0119stsze rozmieszczenie na p\u0142ytach siatkowych w por\u00f3wnaniu z innymi opcjami dost\u0119pnymi na rynku, co pozwala zaoszcz\u0119dzi\u0107 na kosztach materia\u0142\u00f3w z drogich stop\u00f3w lotniczych. <\/p><p>Loc-Down\u00ae generuje du\u017c\u0105 si\u0142\u0119 mocowania i zapewnia niskoprofilowe, &#8222;niezawadzaj\u0105ce\" mocowanie, pozwalaj\u0105c programistom na du\u017c\u0105 kreatywno\u015b\u0107. Umo\u017cliwia agresywn\u0105 obr\u00f3bk\u0119 bez zak\u0142\u00f3ce\u0144 narz\u0119dziowych lub stosowanie si\u0142, kt\u00f3re mog\u0142yby wp\u0142yn\u0105\u0107 na cz\u0119\u015b\u0107, maj\u0105c na celu usprawnienie produkcji dla przemys\u0142u lotniczego. <\/p><ul><li>Idealny do p\u0142yt siatkowych, nagrobk\u00f3w i niestandardowych zastosowa\u0144<\/li><li>100% Stal nierdzewna poddana obr\u00f3bce cieplnej<\/li><\/ul><\/div><\/div><table class=\"smalltable tablepad\"><tbody><tr class=\"tbbordbot\"><th> <\/th><th align=\"left\">Opis<\/th><th>Nr cz\u0119\u015bci<\/th><th> <\/th><th>Rozmiar<br>gwintu<\/th><th align=\"center\">Nr cz\u0119\u015bci<br>tulei<\/th><th align=\"center\">Nr cz\u0119\u015bci<br>frezu<\/th><th align=\"center\">Nr cz\u0119\u015bci zestawu<br>szybkiej wymiany<br>Loc-Down\u00ae*<\/th><\/tr><tr><td>CALOWE<\/td><td>Zacisk Loc-Down\u00ae<\/td><td align=\"center\">11538<\/td><td><a href=\"https:\/\/miteebite.com\/MB%20CAD%20FILES\/Loc-Down%20Clamp\/11538.STEP\" target=\"_blank\" rel=\"noopener\">CAD<\/a><\/td><td align=\"center\">3\/8-16<\/td><td align=\"center\">11524<\/td><td align=\"center\">11531<\/td><td> <\/td><\/tr><tr><td> <\/td><td>Zacisk Loc-Down\u00ae<\/td><td align=\"center\">11500<\/td><td><a href=\"https:\/\/miteebite.com\/MB%20CAD%20FILES\/Loc-Down%20Clamp\/11500.STEP\" target=\"_blank\" rel=\"noopener\">CAD<\/a><\/td><td align=\"center\">1\/2-13<\/td><td align=\"center\">11520<\/td><td align=\"center\">11530<\/td><td align=\"center\">11550<\/td><\/tr><tr><td> <\/td><td>Zacisk Loc-Down\u00ae<\/td><td align=\"center\">11558<\/td><td><a href=\"https:\/\/miteebite.com\/MB%20CAD%20FILES\/Loc-Down%20Clamp\/11558.STEP\" target=\"_blank\" rel=\"noopener\">CAD<\/a><\/td><td align=\"center\">5\/8-11<\/td><td align=\"center\">11528<\/td><td align=\"center\">11530<\/td><td> <\/td><\/tr><tr><td>METRYCZNE<\/td><td>Zacisk Loc-Down\u00ae<\/td><td align=\"center\">11610<\/td><td><a href=\"https:\/\/miteebite.com\/MB%20CAD%20FILES\/Loc-Down%20Clamp\/11610.STEP\" target=\"_blank\" rel=\"noopener\">CAD<\/a><\/td><td align=\"center\">M10-1,5<\/td><td align=\"center\">11524<\/td><td align=\"center\">11531<\/td><td> <\/td><\/tr><tr><td> <\/td><td>Zacisk Loc-Down\u00ae<\/td><td align=\"center\">11612<\/td><td><a href=\"https:\/\/miteebite.com\/MB%20CAD%20FILES\/Loc-Down%20Clamp\/11612.STEP\" target=\"_blank\" rel=\"noopener\">CAD<\/a><\/td><td align=\"center\">M12-1,75<\/td><td align=\"center\">11520<\/td><td align=\"center\">11530<\/td><td align=\"center\">11650<\/td><\/tr><tr><td> <\/td><td>Zacisk Loc-Down\u00ae<\/td><td align=\"center\">11616<\/td><td><a href=\"https:\/\/miteebite.com\/MB%20CAD%20FILES\/Loc-Down%20Clamp\/11616.STEP\" target=\"_blank\" rel=\"noopener\">CAD<\/a><\/td><td align=\"center\">M16-2,0<\/td><td align=\"center\">11528<\/td><td align=\"center\">11530<\/td><td> <\/td><\/tr><\/tbody><\/table><table class=\"smalltable tablepad\"><tbody><tr class=\"tbbordbot\"><th align=\"left\">Opis<\/th><th>Nr cz\u0119\u015bci<\/th><th> <\/th> <\/tr><tr><td>Frez w\u0119glikowy Loc-Down\u00ae 1\/2\u2033<\/td><td align=\"center\">11530<\/td><td><a href=\"https:\/\/miteebite.com\/MB%20CAD%20FILES\/Loc-Down%20Clamp\/11530.STEP\" target=\"_blank\" rel=\"noopener\">CAD<\/a><\/td><\/tr><tr><td>Frez w\u0119glikowy Loc-Down\u00ae 3\/8\u2033<\/td><td align=\"center\">11531<\/td><td><a href=\"https:\/\/miteebite.com\/MB%20CAD%20FILES\/Loc-Down%20Clamp\/11531.STEP\" target=\"_blank\" rel=\"noopener\">CAD<\/a><\/td><\/tr><tr><td>Narz\u0119dzie do osadzania Loc-Down\u00ae<\/td><td align=\"center\">11535<\/td><td><a href=\"https:\/\/miteebite.com\/MB%20CAD%20FILES\/Loc-Down%20Clamp\/11535.STEP\" target=\"_blank\" rel=\"noopener\">CAD<\/a><\/td><\/tr><tr><td>Tuleja grubo\u015bcienna Loc-Down\u00ae \u2013 3\/8 (M10)<\/td><td align=\"center\">11524<\/td><td><a href=\"https:\/\/miteebite.com\/MB%20CAD%20FILES\/Loc-Down%20Clamp\/11524.STEP\" target=\"_blank\" rel=\"noopener\">CAD<\/a><\/td><\/tr><tr><td>Tuleja grubo\u015bcienna Loc-Down\u00ae \u2013 1\/2-13 (M12)<\/td><td align=\"center\">11520<\/td><td><a href=\"https:\/\/miteebite.com\/MB%20CAD%20FILES\/Loc-Down%20Clamp\/11520.STEP\" target=\"_blank\" rel=\"noopener\">CAD<\/a><\/td><\/tr><tr><td>Tuleja grubo\u015bcienna Loc-Down\u00ae \u2013 5\/8-11 (M16)<\/td><td align=\"center\">11528<\/td><td><a href=\"https:\/\/miteebite.com\/MB%20CAD%20FILES\/Loc-Down%20Clamp\/11528.STEP\" target=\"_blank\" rel=\"noopener\">CAD<\/a><\/td><\/tr><\/tbody><\/table><p><b>Nigdy nie u\u017cywaj wkr\u0119tarki udarowej do dokr\u0119cania <i>lub odkr\u0119cania.<\/i><\/b><br>Dokr\u0119canie r\u0119czne jest wystarczaj\u0105ce dla wi\u0119kszo\u015bci zastosowa\u0144 \u2013  <b><span style=\"color: #f7d417;\">Maksymalny moment obrotowy 15 funt\u00f3w-st\u00f3p (20 N.m) <\/span><\/b><br>*Zestaw zawiera 4 Loc-Downy, 4 niestandardowe tuleje, narz\u0119dzie do osadzania,<br>4 wk\u0142adki, 1 diamentowy i sto\u017ckowy ko\u0142ek z \u015brubami monta\u017cowymi.<\/p><div><div class=\"wp-caption alignnone\"><img decoding=\"async\" class=\"alignnone size-medium wp-image-2463\" src=\"https:\/\/www.miteebite.com\/wp-content\/uploads\/2017\/12\/LOCDOWNCUSTBUSHING.png\" alt=\"APARAT CYFROWY OLYMPUS\" width=\"163\" height=\"144\"><p class=\"wp-caption-text\">11520 NOWA grubo\u015bcienna<br>tuleja Lock-Down<\/p><\/div><\/div><p><a href=\"https:\/\/www.miteebite.com\/wp-content\/uploads\/2018\/03\/LOC-DOWN-SYSTEM-e1625689117942.jpg\" rel=\"lightbox[4551]\"><img fetchpriority=\"high\" decoding=\"async\" class=\"alignnone size-medium wp-image-1786\" src=\"https:\/\/www.miteebite.com\/wp-content\/uploads\/2018\/03\/LOC-DOWN-SYSTEM-e1625689117942.jpg\" alt=\"Zestaw Loc-Down z os\u0142onami przeciwwi\u00f3rowej\" width=\"300\" height=\"193\"><\/a><br>Po\u0142\u0105czyli\u015bmy nasz Loc-Down\u00ae, niestandardowe tuleje<br>oraz ko\u0142ki i wk\u0142adki ustalaj\u0105ce w wygodny zestaw (kt\u00f3ry<br>zapewnia niedrogie, wysokoprecyzyjne rozwi\u0105zanie do szybkiej wymiany palet<br>z powtarzalno\u015bci\u0105 0,0004\u2033\/0,01mm lub lepsz\u0105!<\/p>\t\t\t\t\t\t\t\t<\/div>\n\t\t\t\t<\/div>\n\t\t\t\t\t<\/div>\n\t\t<\/div>\n\t\t\t\t\t<\/div>\n\t\t<\/section>\n\t\t\t\t<\/div>\n\t\t","protected":false},"excerpt":{"rendered":"<p>System Mitee-Bite Loc-Down\u00ae zosta\u0142 zaprojektowany jako marzenie programisty i operatora do szybkiego i \u0142atwego mocowania ma\u0142ych i du\u017cych cz\u0119\u015bci lotniczych. Jego kompaktowa konstrukcja zapewnia g\u0119stszy wz\u00f3r na p\u0142ytach siatkowych w por\u00f3wnaniu z innymi opcjami dost\u0119pnymi na rynku, oszcz\u0119dzaj\u0105c koszty materia\u0142\u00f3w w drogich stopach lotniczych. <\/p>\n<p>Loc-Down\u00ae generuje wysok\u0105 si\u0142\u0119 trzymania i zapewnia niskoprofilowe mocowanie &#8222;poza drog\u0105\", pozwalaj\u0105c programistom na du\u017c\u0105 kreatywno\u015b\u0107. Umo\u017cliwia agresywn\u0105 obr\u00f3bk\u0119, stosuj\u0105c si\u0142y, kt\u00f3re wp\u0142yn\u0105 na cz\u0119\u015b\u0107 lub j\u0105 dotkn\u0105, maj\u0105c na celu przyspieszenie produkcji dla przemys\u0142u lotniczego. <\/p>\n<ul>\n<li>Idealny do p\u0142yt siatkowych, wie\u017c i specjalnych zastosowa\u0144<\/li>\n<li>100% Hartowana Stal Nierdzewna<\/li>\n<\/ul>\n","protected":false},"featured_media":34056,"template":"","meta":{"_acf_changed":false},"product_brand":[],"product_cat":[506],"product_tag":[],"class_list":{"0":"post-34054","1":"product","2":"type-product","3":"status-publish","4":"has-post-thumbnail","6":"product_cat-szybka-wymiana-czesci","8":"first","9":"instock","10":"taxable","11":"shipping-taxable","12":"product-type-simple"},"acf":[],"yoast_head":"<!-- This site is optimized with the Yoast SEO plugin v20.2.1 - https:\/\/yoast.com\/wordpress\/plugins\/seo\/ -->\n<title>Loc-Down\u00ae - Tecus Teknoloji<\/title>\n<meta name=\"robots\" content=\"index, follow, max-snippet:-1, max-image-preview:large, max-video-preview:-1\" \/>\n<link rel=\"canonical\" href=\"https:\/\/tecus.com.tr\/pl\/produkt\/system-loc-down\/\" \/>\n<meta property=\"og:locale\" content=\"pl_PL\" \/>\n<meta property=\"og:type\" content=\"article\" \/>\n<meta property=\"og:title\" content=\"Loc-Down\u00ae - Tecus Teknoloji\" \/>\n<meta property=\"og:description\" content=\"System Mitee-Bite Loc-Down\u00ae zosta\u0142 zaprojektowany jako marzenie programisty i operatora do szybkiego i \u0142atwego mocowania ma\u0142ych i du\u017cych cz\u0119\u015bci lotniczych. Jego kompaktowa konstrukcja zapewnia g\u0119stszy wz\u00f3r na p\u0142ytach siatkowych w por\u00f3wnaniu z innymi opcjami dost\u0119pnymi na rynku, oszcz\u0119dzaj\u0105c koszty materia\u0142\u00f3w w drogich stopach lotniczych.  Loc-Down\u00ae generuje wysok\u0105 si\u0142\u0119 trzymania i zapewnia niskoprofilowe mocowanie &quot;poza drog\u0105&quot;, pozwalaj\u0105c programistom na du\u017c\u0105 kreatywno\u015b\u0107. Umo\u017cliwia agresywn\u0105 obr\u00f3bk\u0119, stosuj\u0105c si\u0142y, kt\u00f3re wp\u0142yn\u0105 na cz\u0119\u015b\u0107 lub j\u0105 dotkn\u0105, maj\u0105c na celu przyspieszenie produkcji dla przemys\u0142u lotniczego.   Idealny do p\u0142yt siatkowych, wie\u017c i specjalnych zastosowa\u0144  100% Hartowana Stal Nierdzewna\" \/>\n<meta property=\"og:url\" content=\"https:\/\/tecus.com.tr\/pl\/produkt\/system-loc-down\/\" \/>\n<meta property=\"og:site_name\" content=\"Tecus Teknoloji\" \/>\n<meta property=\"article:modified_time\" content=\"2025-10-27T19:52:09+00:00\" \/>\n<meta property=\"og:image\" content=\"https:\/\/tecus.com.tr\/wp-content\/uploads\/2018\/04\/loc_down.png\" \/>\n\t<meta property=\"og:image:width\" content=\"1000\" \/>\n\t<meta property=\"og:image:height\" content=\"1000\" \/>\n\t<meta property=\"og:image:type\" content=\"image\/png\" \/>\n<meta name=\"twitter:card\" content=\"summary_large_image\" \/>\n<meta name=\"twitter:label1\" content=\"Szacowany czas czytania\" \/>\n\t<meta name=\"twitter:data1\" content=\"1 minuta\" \/>\n<script type=\"application\/ld+json\" class=\"yoast-schema-graph\">{\"@context\":\"https:\/\/schema.org\",\"@graph\":[{\"@type\":\"WebPage\",\"@id\":\"https:\/\/tecus.com.tr\/pl\/produkt\/system-loc-down\/\",\"url\":\"https:\/\/tecus.com.tr\/pl\/produkt\/system-loc-down\/\",\"name\":\"Loc-Down\u00ae - Tecus Teknoloji\",\"isPartOf\":{\"@id\":\"https:\/\/tecus.com.tr\/pl\/#website\"},\"datePublished\":\"2018-04-15T08:30:37+00:00\",\"dateModified\":\"2025-10-27T19:52:09+00:00\",\"breadcrumb\":{\"@id\":\"https:\/\/tecus.com.tr\/pl\/produkt\/system-loc-down\/#breadcrumb\"},\"inLanguage\":\"pl-PL\",\"potentialAction\":[{\"@type\":\"ReadAction\",\"target\":[\"https:\/\/tecus.com.tr\/pl\/produkt\/system-loc-down\/\"]}]},{\"@type\":\"BreadcrumbList\",\"@id\":\"https:\/\/tecus.com.tr\/pl\/produkt\/system-loc-down\/#breadcrumb\",\"itemListElement\":[{\"@type\":\"ListItem\",\"position\":1,\"name\":\"Ana sayfa\",\"item\":\"https:\/\/tecus.com.tr\/pl\/\"},{\"@type\":\"ListItem\",\"position\":2,\"name\":\"Ma\u011faza\",\"item\":\"https:\/\/tecus.com.tr\/magaza\/\"},{\"@type\":\"ListItem\",\"position\":3,\"name\":\"Loc-Down\u00ae\"}]},{\"@type\":\"WebSite\",\"@id\":\"https:\/\/tecus.com.tr\/pl\/#website\",\"url\":\"https:\/\/tecus.com.tr\/pl\/\",\"name\":\"Tecus Teknoloji\",\"description\":\"CNC par\u00e7a ba\u011flama \u00e7\u00f6z\u00fcmleri\",\"publisher\":{\"@id\":\"https:\/\/tecus.com.tr\/pl\/#organization\"},\"potentialAction\":[{\"@type\":\"SearchAction\",\"target\":{\"@type\":\"EntryPoint\",\"urlTemplate\":\"https:\/\/tecus.com.tr\/pl\/?s={search_term_string}\"},\"query-input\":\"required name=search_term_string\"}],\"inLanguage\":\"pl-PL\"},{\"@type\":\"Organization\",\"@id\":\"https:\/\/tecus.com.tr\/pl\/#organization\",\"name\":\"Tecus Teknoloji\",\"url\":\"https:\/\/tecus.com.tr\/pl\/\",\"logo\":{\"@type\":\"ImageObject\",\"inLanguage\":\"pl-PL\",\"@id\":\"https:\/\/tecus.com.tr\/pl\/#\/schema\/logo\/image\/\",\"url\":\"https:\/\/tecus.com.tr\/wp-content\/uploads\/2018\/04\/tecus-logo-beyaz-2-e1528750997765.png\",\"contentUrl\":\"https:\/\/tecus.com.tr\/wp-content\/uploads\/2018\/04\/tecus-logo-beyaz-2-e1528750997765.png\",\"width\":250,\"height\":53,\"caption\":\"Tecus Teknoloji\"},\"image\":{\"@id\":\"https:\/\/tecus.com.tr\/pl\/#\/schema\/logo\/image\/\"}}]}<\/script>\n<!-- \/ Yoast SEO plugin. -->","yoast_head_json":{"title":"Loc-Down\u00ae - Tecus Teknoloji","robots":{"index":"index","follow":"follow","max-snippet":"max-snippet:-1","max-image-preview":"max-image-preview:large","max-video-preview":"max-video-preview:-1"},"canonical":"https:\/\/tecus.com.tr\/pl\/produkt\/system-loc-down\/","og_locale":"pl_PL","og_type":"article","og_title":"Loc-Down\u00ae - Tecus Teknoloji","og_description":"System Mitee-Bite Loc-Down\u00ae zosta\u0142 zaprojektowany jako marzenie programisty i operatora do szybkiego i \u0142atwego mocowania ma\u0142ych i du\u017cych cz\u0119\u015bci lotniczych. Jego kompaktowa konstrukcja zapewnia g\u0119stszy wz\u00f3r na p\u0142ytach siatkowych w por\u00f3wnaniu z innymi opcjami dost\u0119pnymi na rynku, oszcz\u0119dzaj\u0105c koszty materia\u0142\u00f3w w drogich stopach lotniczych.  Loc-Down\u00ae generuje wysok\u0105 si\u0142\u0119 trzymania i zapewnia niskoprofilowe mocowanie \"poza drog\u0105\", pozwalaj\u0105c programistom na du\u017c\u0105 kreatywno\u015b\u0107. Umo\u017cliwia agresywn\u0105 obr\u00f3bk\u0119, stosuj\u0105c si\u0142y, kt\u00f3re wp\u0142yn\u0105 na cz\u0119\u015b\u0107 lub j\u0105 dotkn\u0105, maj\u0105c na celu przyspieszenie produkcji dla przemys\u0142u lotniczego.   Idealny do p\u0142yt siatkowych, wie\u017c i specjalnych zastosowa\u0144  100% Hartowana Stal Nierdzewna","og_url":"https:\/\/tecus.com.tr\/pl\/produkt\/system-loc-down\/","og_site_name":"Tecus Teknoloji","article_modified_time":"2025-10-27T19:52:09+00:00","og_image":[{"width":1000,"height":1000,"url":"https:\/\/tecus.com.tr\/wp-content\/uploads\/2018\/04\/loc_down.png","type":"image\/png"}],"twitter_card":"summary_large_image","twitter_misc":{"Szacowany czas czytania":"1 minuta"},"schema":{"@context":"https:\/\/schema.org","@graph":[{"@type":"WebPage","@id":"https:\/\/tecus.com.tr\/pl\/produkt\/system-loc-down\/","url":"https:\/\/tecus.com.tr\/pl\/produkt\/system-loc-down\/","name":"Loc-Down\u00ae - Tecus Teknoloji","isPartOf":{"@id":"https:\/\/tecus.com.tr\/pl\/#website"},"datePublished":"2018-04-15T08:30:37+00:00","dateModified":"2025-10-27T19:52:09+00:00","breadcrumb":{"@id":"https:\/\/tecus.com.tr\/pl\/produkt\/system-loc-down\/#breadcrumb"},"inLanguage":"pl-PL","potentialAction":[{"@type":"ReadAction","target":["https:\/\/tecus.com.tr\/pl\/produkt\/system-loc-down\/"]}]},{"@type":"BreadcrumbList","@id":"https:\/\/tecus.com.tr\/pl\/produkt\/system-loc-down\/#breadcrumb","itemListElement":[{"@type":"ListItem","position":1,"name":"Ana sayfa","item":"https:\/\/tecus.com.tr\/pl\/"},{"@type":"ListItem","position":2,"name":"Ma\u011faza","item":"https:\/\/tecus.com.tr\/magaza\/"},{"@type":"ListItem","position":3,"name":"Loc-Down\u00ae"}]},{"@type":"WebSite","@id":"https:\/\/tecus.com.tr\/pl\/#website","url":"https:\/\/tecus.com.tr\/pl\/","name":"Tecus Teknoloji","description":"CNC par\u00e7a ba\u011flama \u00e7\u00f6z\u00fcmleri","publisher":{"@id":"https:\/\/tecus.com.tr\/pl\/#organization"},"potentialAction":[{"@type":"SearchAction","target":{"@type":"EntryPoint","urlTemplate":"https:\/\/tecus.com.tr\/pl\/?s={search_term_string}"},"query-input":"required name=search_term_string"}],"inLanguage":"pl-PL"},{"@type":"Organization","@id":"https:\/\/tecus.com.tr\/pl\/#organization","name":"Tecus Teknoloji","url":"https:\/\/tecus.com.tr\/pl\/","logo":{"@type":"ImageObject","inLanguage":"pl-PL","@id":"https:\/\/tecus.com.tr\/pl\/#\/schema\/logo\/image\/","url":"https:\/\/tecus.com.tr\/wp-content\/uploads\/2018\/04\/tecus-logo-beyaz-2-e1528750997765.png","contentUrl":"https:\/\/tecus.com.tr\/wp-content\/uploads\/2018\/04\/tecus-logo-beyaz-2-e1528750997765.png","width":250,"height":53,"caption":"Tecus Teknoloji"},"image":{"@id":"https:\/\/tecus.com.tr\/pl\/#\/schema\/logo\/image\/"}}]}},"_links":{"self":[{"href":"https:\/\/tecus.com.tr\/pl\/wp-json\/wp\/v2\/product\/34054","targetHints":{"allow":["GET"]}}],"collection":[{"href":"https:\/\/tecus.com.tr\/pl\/wp-json\/wp\/v2\/product"}],"about":[{"href":"https:\/\/tecus.com.tr\/pl\/wp-json\/wp\/v2\/types\/product"}],"version-history":[{"count":8,"href":"https:\/\/tecus.com.tr\/pl\/wp-json\/wp\/v2\/product\/34054\/revisions"}],"predecessor-version":[{"id":47170,"href":"https:\/\/tecus.com.tr\/pl\/wp-json\/wp\/v2\/product\/34054\/revisions\/47170"}],"wp:featuredmedia":[{"embeddable":true,"href":"https:\/\/tecus.com.tr\/pl\/wp-json\/wp\/v2\/media\/34056"}],"wp:attachment":[{"href":"https:\/\/tecus.com.tr\/pl\/wp-json\/wp\/v2\/media?parent=34054"}],"wp:term":[{"taxonomy":"product_brand","embeddable":true,"href":"https:\/\/tecus.com.tr\/pl\/wp-json\/wp\/v2\/product_brand?post=34054"},{"taxonomy":"product_cat","embeddable":true,"href":"https:\/\/tecus.com.tr\/pl\/wp-json\/wp\/v2\/product_cat?post=34054"},{"taxonomy":"product_tag","embeddable":true,"href":"https:\/\/tecus.com.tr\/pl\/wp-json\/wp\/v2\/product_tag?post=34054"}],"curies":[{"name":"wp","href":"https:\/\/api.w.org\/{rel}","templated":true}]}}