{"id":34048,"date":"2018-04-15T11:16:13","date_gmt":"2018-04-15T11:16:13","guid":{"rendered":"https:\/\/tecus.com.tr\/urun\/obrabiane-zaciski-mocujace\/"},"modified":"2025-10-26T18:21:26","modified_gmt":"2025-10-26T18:21:26","slug":"obrabiane-zaciski-mocujace","status":"publish","type":"product","link":"https:\/\/tecus.com.tr\/pl\/produkt\/obrabiane-zaciski-mocujace\/","title":{"rendered":"Obrabiane zaciski mocuj\u0105ce"},"content":{"rendered":"<p><img decoding=\"async\" src=\"https:\/\/e-market.tecus.com.tr\/wp-content\/uploads\/2018\/03\/MACHFIXTCLAMP-chart-drawB-12-17.png\" alt=\"\" width=\"190\" height=\"135\" \/>\u00a0 \u00a0 \u00a0 \u00a0 \u00a0 \u00a0 \u00a0 \u00a0 \u00a0 \u00a0 \u00a0 \u00a0 \u00a0<img decoding=\"async\" src=\"https:\/\/e-market.tecus.com.tr\/wp-content\/uploads\/2018\/03\/MACHFIXTCLAMP-chart-drawA-12-17.png\" alt=\"\" width=\"202\" height=\"158\" \/><br \/>\n<b>[table id=MachinableFixtureClamps\/]<\/b><\/p>\n<figure class=\"gallery-item\"><a href=\"https:\/\/tecus.com.tr\/wp-content\/uploads\/2018\/06\/Machinable-Fixture-Clamp-5-1-17.jpg\" data-elementor-open-lightbox=\"default\" data-elementor-lightbox-slideshow=\"5a32060b\"><img decoding=\"async\" src=\"https:\/\/tecus.com.tr\/wp-content\/uploads\/2018\/06\/Machinable-Fixture-Clamp-5-1-17-200x150.jpg\" alt=\"Machinable-Fixture-Clamp\" width=\"200\" height=\"150\" aria-describedby=\"gallery-1-7036\" \/><\/a><figcaption id=\"gallery-1-7036\" class=\"wp-caption-text gallery-caption\">Machinable-Fixture-Clamp<\/figcaption><\/figure>\n","protected":false},"excerpt":{"rendered":"<p>Te zaciski z obrabialnymi nakr\u0119tkami stalowymi zapewniaj\u0105 wi\u0119ksz\u0105 elastyczno\u015b\u0107 przy mocowaniu cz\u0119\u015bci okr\u0105g\u0142ych lub o nietypowych kszta\u0142tach. Cz\u0119\u015bci mo\u017cna mocowa\u0107 bezpo\u015brednio do powierzchni p\u0142yty mocuj\u0105cej lub podnosi\u0107 do wiercenia. Specjalna \u015bruba jest do\u0142\u0105czona do ka\u017cdego zestawu, aby utrzyma\u0107 \u015brub\u0119 we w\u0142a\u015bciwym miejscu podczas obr\u00f3bki.  <\/p>\n<p>\u2013 Prosta kraw\u0119d\u017a znajduje si\u0119 w tej samej pozycji co w naszych oryginalnych zaciskach mocuj\u0105cych.<\/p>\n<p>-Mo\u017cna stosowa\u0107 w sytuacjach wymagaj\u0105cych mocniejszej powierzchni zaciskowej.<\/p>\n<p>-Niski profil<\/p>\n<p>-Wykonane z mi\u0119kkiej stali do obr\u00f3bki<\/p>\n<p>&nbsp;<\/p>\n","protected":false},"featured_media":34049,"template":"","meta":{"_acf_changed":false},"product_brand":[],"product_cat":[502,492],"product_tag":[516],"class_list":{"0":"post-34048","1":"product","2":"type-product","3":"status-publish","4":"has-post-thumbnail","6":"product_cat-zaciski-boczne","7":"product_cat-zaciski-na-srednice","8":"product_tag-zaciski-obrabiane","10":"first","11":"instock","12":"taxable","13":"shipping-taxable","14":"product-type-simple"},"acf":[],"yoast_head":"<!-- This site is optimized with the Yoast SEO plugin v20.2.1 - https:\/\/yoast.com\/wordpress\/plugins\/seo\/ -->\n<title>Obrabiane zaciski mocuj\u0105ce - Tecus Teknoloji<\/title>\n<meta name=\"robots\" content=\"index, follow, max-snippet:-1, max-image-preview:large, max-video-preview:-1\" \/>\n<link rel=\"canonical\" href=\"https:\/\/tecus.com.tr\/pl\/produkt\/obrabiane-zaciski-mocujace\/\" \/>\n<meta property=\"og:locale\" content=\"pl_PL\" \/>\n<meta property=\"og:type\" content=\"article\" \/>\n<meta property=\"og:title\" content=\"Obrabiane zaciski mocuj\u0105ce - Tecus Teknoloji\" \/>\n<meta property=\"og:description\" content=\"Te zaciski z obrabialnymi nakr\u0119tkami stalowymi zapewniaj\u0105 wi\u0119ksz\u0105 elastyczno\u015b\u0107 przy mocowaniu cz\u0119\u015bci okr\u0105g\u0142ych lub o nietypowych kszta\u0142tach. Cz\u0119\u015bci mo\u017cna mocowa\u0107 bezpo\u015brednio do powierzchni p\u0142yty mocuj\u0105cej lub podnosi\u0107 do wiercenia. Specjalna \u015bruba jest do\u0142\u0105czona do ka\u017cdego zestawu, aby utrzyma\u0107 \u015brub\u0119 we w\u0142a\u015bciwym miejscu podczas obr\u00f3bki.  - Prosta kraw\u0119d\u017a znajduje si\u0119 w tej samej pozycji co w naszych oryginalnych zaciskach mocuj\u0105cych. -Mo\u017cna stosowa\u0107 w sytuacjach wymagaj\u0105cych mocniejszej powierzchni zaciskowej. -Niski profil -Wykonane z mi\u0119kkiej stali do obr\u00f3bki &nbsp;\" \/>\n<meta property=\"og:url\" content=\"https:\/\/tecus.com.tr\/pl\/produkt\/obrabiane-zaciski-mocujace\/\" \/>\n<meta property=\"og:site_name\" content=\"Tecus Teknoloji\" \/>\n<meta property=\"article:modified_time\" content=\"2025-10-26T18:21:26+00:00\" \/>\n<meta property=\"og:image\" content=\"https:\/\/tecus.com.tr\/wp-content\/uploads\/2018\/04\/mach-fixture_clamps_thumb-copy-1.png\" \/>\n\t<meta property=\"og:image:width\" content=\"500\" \/>\n\t<meta property=\"og:image:height\" content=\"500\" \/>\n\t<meta property=\"og:image:type\" content=\"image\/png\" \/>\n<meta name=\"twitter:card\" content=\"summary_large_image\" \/>\n<script type=\"application\/ld+json\" class=\"yoast-schema-graph\">{\"@context\":\"https:\/\/schema.org\",\"@graph\":[{\"@type\":\"WebPage\",\"@id\":\"https:\/\/tecus.com.tr\/pl\/produkt\/obrabiane-zaciski-mocujace\/\",\"url\":\"https:\/\/tecus.com.tr\/pl\/produkt\/obrabiane-zaciski-mocujace\/\",\"name\":\"Obrabiane zaciski mocuj\u0105ce - Tecus Teknoloji\",\"isPartOf\":{\"@id\":\"https:\/\/tecus.com.tr\/pl\/#website\"},\"datePublished\":\"2018-04-15T11:16:13+00:00\",\"dateModified\":\"2025-10-26T18:21:26+00:00\",\"breadcrumb\":{\"@id\":\"https:\/\/tecus.com.tr\/pl\/produkt\/obrabiane-zaciski-mocujace\/#breadcrumb\"},\"inLanguage\":\"pl-PL\",\"potentialAction\":[{\"@type\":\"ReadAction\",\"target\":[\"https:\/\/tecus.com.tr\/pl\/produkt\/obrabiane-zaciski-mocujace\/\"]}]},{\"@type\":\"BreadcrumbList\",\"@id\":\"https:\/\/tecus.com.tr\/pl\/produkt\/obrabiane-zaciski-mocujace\/#breadcrumb\",\"itemListElement\":[{\"@type\":\"ListItem\",\"position\":1,\"name\":\"Ana sayfa\",\"item\":\"https:\/\/tecus.com.tr\/pl\/\"},{\"@type\":\"ListItem\",\"position\":2,\"name\":\"Ma\u011faza\",\"item\":\"https:\/\/tecus.com.tr\/magaza\/\"},{\"@type\":\"ListItem\",\"position\":3,\"name\":\"Obrabiane zaciski mocuj\u0105ce\"}]},{\"@type\":\"WebSite\",\"@id\":\"https:\/\/tecus.com.tr\/pl\/#website\",\"url\":\"https:\/\/tecus.com.tr\/pl\/\",\"name\":\"Tecus Teknoloji\",\"description\":\"CNC par\u00e7a ba\u011flama \u00e7\u00f6z\u00fcmleri\",\"publisher\":{\"@id\":\"https:\/\/tecus.com.tr\/pl\/#organization\"},\"potentialAction\":[{\"@type\":\"SearchAction\",\"target\":{\"@type\":\"EntryPoint\",\"urlTemplate\":\"https:\/\/tecus.com.tr\/pl\/?s={search_term_string}\"},\"query-input\":\"required name=search_term_string\"}],\"inLanguage\":\"pl-PL\"},{\"@type\":\"Organization\",\"@id\":\"https:\/\/tecus.com.tr\/pl\/#organization\",\"name\":\"Tecus Teknoloji\",\"url\":\"https:\/\/tecus.com.tr\/pl\/\",\"logo\":{\"@type\":\"ImageObject\",\"inLanguage\":\"pl-PL\",\"@id\":\"https:\/\/tecus.com.tr\/pl\/#\/schema\/logo\/image\/\",\"url\":\"https:\/\/tecus.com.tr\/wp-content\/uploads\/2018\/04\/tecus-logo-beyaz-2-e1528750997765.png\",\"contentUrl\":\"https:\/\/tecus.com.tr\/wp-content\/uploads\/2018\/04\/tecus-logo-beyaz-2-e1528750997765.png\",\"width\":250,\"height\":53,\"caption\":\"Tecus Teknoloji\"},\"image\":{\"@id\":\"https:\/\/tecus.com.tr\/pl\/#\/schema\/logo\/image\/\"}}]}<\/script>\n<!-- \/ Yoast SEO plugin. -->","yoast_head_json":{"title":"Obrabiane zaciski mocuj\u0105ce - Tecus Teknoloji","robots":{"index":"index","follow":"follow","max-snippet":"max-snippet:-1","max-image-preview":"max-image-preview:large","max-video-preview":"max-video-preview:-1"},"canonical":"https:\/\/tecus.com.tr\/pl\/produkt\/obrabiane-zaciski-mocujace\/","og_locale":"pl_PL","og_type":"article","og_title":"Obrabiane zaciski mocuj\u0105ce - Tecus Teknoloji","og_description":"Te zaciski z obrabialnymi nakr\u0119tkami stalowymi zapewniaj\u0105 wi\u0119ksz\u0105 elastyczno\u015b\u0107 przy mocowaniu cz\u0119\u015bci okr\u0105g\u0142ych lub o nietypowych kszta\u0142tach. Cz\u0119\u015bci mo\u017cna mocowa\u0107 bezpo\u015brednio do powierzchni p\u0142yty mocuj\u0105cej lub podnosi\u0107 do wiercenia. Specjalna \u015bruba jest do\u0142\u0105czona do ka\u017cdego zestawu, aby utrzyma\u0107 \u015brub\u0119 we w\u0142a\u015bciwym miejscu podczas obr\u00f3bki.  - Prosta kraw\u0119d\u017a znajduje si\u0119 w tej samej pozycji co w naszych oryginalnych zaciskach mocuj\u0105cych. -Mo\u017cna stosowa\u0107 w sytuacjach wymagaj\u0105cych mocniejszej powierzchni zaciskowej. -Niski profil -Wykonane z mi\u0119kkiej stali do obr\u00f3bki &nbsp;","og_url":"https:\/\/tecus.com.tr\/pl\/produkt\/obrabiane-zaciski-mocujace\/","og_site_name":"Tecus Teknoloji","article_modified_time":"2025-10-26T18:21:26+00:00","og_image":[{"width":500,"height":500,"url":"https:\/\/tecus.com.tr\/wp-content\/uploads\/2018\/04\/mach-fixture_clamps_thumb-copy-1.png","type":"image\/png"}],"twitter_card":"summary_large_image","schema":{"@context":"https:\/\/schema.org","@graph":[{"@type":"WebPage","@id":"https:\/\/tecus.com.tr\/pl\/produkt\/obrabiane-zaciski-mocujace\/","url":"https:\/\/tecus.com.tr\/pl\/produkt\/obrabiane-zaciski-mocujace\/","name":"Obrabiane zaciski mocuj\u0105ce - Tecus Teknoloji","isPartOf":{"@id":"https:\/\/tecus.com.tr\/pl\/#website"},"datePublished":"2018-04-15T11:16:13+00:00","dateModified":"2025-10-26T18:21:26+00:00","breadcrumb":{"@id":"https:\/\/tecus.com.tr\/pl\/produkt\/obrabiane-zaciski-mocujace\/#breadcrumb"},"inLanguage":"pl-PL","potentialAction":[{"@type":"ReadAction","target":["https:\/\/tecus.com.tr\/pl\/produkt\/obrabiane-zaciski-mocujace\/"]}]},{"@type":"BreadcrumbList","@id":"https:\/\/tecus.com.tr\/pl\/produkt\/obrabiane-zaciski-mocujace\/#breadcrumb","itemListElement":[{"@type":"ListItem","position":1,"name":"Ana sayfa","item":"https:\/\/tecus.com.tr\/pl\/"},{"@type":"ListItem","position":2,"name":"Ma\u011faza","item":"https:\/\/tecus.com.tr\/magaza\/"},{"@type":"ListItem","position":3,"name":"Obrabiane zaciski mocuj\u0105ce"}]},{"@type":"WebSite","@id":"https:\/\/tecus.com.tr\/pl\/#website","url":"https:\/\/tecus.com.tr\/pl\/","name":"Tecus Teknoloji","description":"CNC par\u00e7a ba\u011flama \u00e7\u00f6z\u00fcmleri","publisher":{"@id":"https:\/\/tecus.com.tr\/pl\/#organization"},"potentialAction":[{"@type":"SearchAction","target":{"@type":"EntryPoint","urlTemplate":"https:\/\/tecus.com.tr\/pl\/?s={search_term_string}"},"query-input":"required name=search_term_string"}],"inLanguage":"pl-PL"},{"@type":"Organization","@id":"https:\/\/tecus.com.tr\/pl\/#organization","name":"Tecus Teknoloji","url":"https:\/\/tecus.com.tr\/pl\/","logo":{"@type":"ImageObject","inLanguage":"pl-PL","@id":"https:\/\/tecus.com.tr\/pl\/#\/schema\/logo\/image\/","url":"https:\/\/tecus.com.tr\/wp-content\/uploads\/2018\/04\/tecus-logo-beyaz-2-e1528750997765.png","contentUrl":"https:\/\/tecus.com.tr\/wp-content\/uploads\/2018\/04\/tecus-logo-beyaz-2-e1528750997765.png","width":250,"height":53,"caption":"Tecus Teknoloji"},"image":{"@id":"https:\/\/tecus.com.tr\/pl\/#\/schema\/logo\/image\/"}}]}},"_links":{"self":[{"href":"https:\/\/tecus.com.tr\/pl\/wp-json\/wp\/v2\/product\/34048","targetHints":{"allow":["GET"]}}],"collection":[{"href":"https:\/\/tecus.com.tr\/pl\/wp-json\/wp\/v2\/product"}],"about":[{"href":"https:\/\/tecus.com.tr\/pl\/wp-json\/wp\/v2\/types\/product"}],"version-history":[{"count":7,"href":"https:\/\/tecus.com.tr\/pl\/wp-json\/wp\/v2\/product\/34048\/revisions"}],"predecessor-version":[{"id":46093,"href":"https:\/\/tecus.com.tr\/pl\/wp-json\/wp\/v2\/product\/34048\/revisions\/46093"}],"wp:featuredmedia":[{"embeddable":true,"href":"https:\/\/tecus.com.tr\/pl\/wp-json\/wp\/v2\/media\/34049"}],"wp:attachment":[{"href":"https:\/\/tecus.com.tr\/pl\/wp-json\/wp\/v2\/media?parent=34048"}],"wp:term":[{"taxonomy":"product_brand","embeddable":true,"href":"https:\/\/tecus.com.tr\/pl\/wp-json\/wp\/v2\/product_brand?post=34048"},{"taxonomy":"product_cat","embeddable":true,"href":"https:\/\/tecus.com.tr\/pl\/wp-json\/wp\/v2\/product_cat?post=34048"},{"taxonomy":"product_tag","embeddable":true,"href":"https:\/\/tecus.com.tr\/pl\/wp-json\/wp\/v2\/product_tag?post=34048"}],"curies":[{"name":"wp","href":"https:\/\/api.w.org\/{rel}","templated":true}]}}