{"id":34006,"date":"2018-04-14T11:56:33","date_gmt":"2018-04-14T11:56:33","guid":{"rendered":"https:\/\/tecus.com.tr\/urun\/stol-prozniowy-multi-power\/"},"modified":"2025-10-26T18:20:34","modified_gmt":"2025-10-26T18:20:34","slug":"stol-prozniowy-multi-power","status":"publish","type":"product","link":"https:\/\/tecus.com.tr\/pl\/produkt\/stol-prozniowy-multi-power\/","title":{"rendered":"St\u00f3\u0142 pr\u00f3\u017cniowy Multi-Power"},"content":{"rendered":"<table class=\"smalltable tablepad\">\n<tbody>\n<tr class=\"tbbordbot\">\n<th>Numer cz\u0119\u015bci<\/th>\n<th>Opis<\/th>\n<\/tr>\n<tr>\n<td>46000<\/td>\n<td>1 paleta Multi-Power Vac z generatorem pr\u00f3\u017cni, w tym wszystkie akcesoria i pu\u0142apka ch\u0142odziwa<\/td>\n<\/tr>\n<tr>\n<td>46100<\/td>\n<td>Z\u0142\u0105cze push-fit do pod\u0142\u0105czenia generatora pr\u00f3\u017cni z regulatorem\/przewodem\/mosi\u0119\u017cnym filtrem<\/td>\n<\/tr>\n<tr>\n<td>46200<\/td>\n<td>1 paleta Multi-Power Vac bez generatora pr\u00f3\u017cni, zawiera osprz\u0119t monta\u017cowy i przewody <\/td>\n<\/tr>\n<tr>\n<td>46250<\/td>\n<td>P\u0142yta ochronna z elementami monta\u017cowymi <\/td>\n<\/tr>\n<tr>\n<td>46050<\/td>\n<td>Pu\u0142apka ch\u0142odziwa z w\u0119\u017cami i z\u0142\u0105czkami<\/td>\n<\/tr>\n<tr>\n<td>46300<\/td>\n<td>Pompa pr\u00f3\u017cniowa 115 V. Dostarczana z w\u0119\u017cami i pu\u0142apk\u0105 ch\u0142odziwa <\/td>\n<\/tr>\n<tr>\n<td>46330<\/td>\n<td>Pompa pr\u00f3\u017cniowa 230 V. Dostarczana z w\u0119\u017cami i pu\u0142apk\u0105 ch\u0142odziwa <\/td>\n<\/tr>\n<\/tbody>\n<\/table>\n","protected":false},"excerpt":{"rendered":"<p>Z dum\u0105 prezentujemy prawdopodobnie najbardziej wielofunkcyjny system multi-pr\u00f3\u017cniowy dost\u0119pny na dzisiejszym rynku. System ten posiada wiele unikalnych cech, kt\u00f3re spe\u0142ni\u0105 Pa\u0144stwa potrzeby w zakresie obr\u00f3bki pr\u00f3\u017cniowej. <\/p>\n<ul>\n<li>Mo\u017ce by\u0107 zasilany naszym generatorem pr\u00f3\u017cni (spr\u0119\u017cone powietrze) lub naszymi pompami pr\u00f3\u017cniowymi<\/li>\n<li>14\u2033 x 16\u2033 z teksturowan\u0105 powierzchni\u0105 zapewniaj\u0105c\u0105 dodatkow\u0105 si\u0142\u0119 trzymania poprzez tarcie<\/li>\n<li>4 porty pr\u00f3\u017cniowe pozwalaj\u0105ce 4 u\u017cytkownikom na mocowanie 1-4 ma\u0142ych cz\u0119\u015bci lub 1 du\u017cej cz\u0119\u015bci (porty s\u0105 wtykowe)<\/li>\n<li>P\u0142yta prowadz\u0105ca z gwintami M6 umo\u017cliwiaj\u0105ca r\u00f3\u017cnorodne rozwi\u0105zania mocowania<\/li>\n<li>6 du\u017cych stalowych podk\u0142adek wbudowanych pod doln\u0105 powierzchni\u0119, umo\u017cliwiaj\u0105cych wykorzystanie urz\u0105dzenia na stole magnetycznym do szlifowania<\/li>\n<li>Mo\u017cna zastosowa\u0107 wiele generator\u00f3w pr\u00f3\u017cni na palet\u0119, je\u015bli wymagany jest dodatkowy przep\u0142yw<\/li>\n<li>Wiele palet mo\u017ce pracowa\u0107 z jednego (1) generatora pr\u00f3\u017cni<\/li>\n<li>Pu\u0142apka ch\u0142odziwa mo\u017ce by\u0107 wymagana przy korzystaniu z zewn\u0119trznego \u017ar\u00f3d\u0142a pr\u00f3\u017cni (pu\u0142apka sprzedawana oddzielnie)<\/li>\n<\/ul>\n","protected":false},"featured_media":34008,"template":"","meta":{"_acf_changed":false},"product_brand":[],"product_cat":[496],"product_tag":[],"class_list":{"0":"post-34006","1":"product","2":"type-product","3":"status-publish","4":"has-post-thumbnail","6":"product_cat-stol-prozniowy","8":"first","9":"instock","10":"taxable","11":"shipping-taxable","12":"product-type-simple"},"acf":[],"yoast_head":"<!-- This site is optimized with the Yoast SEO plugin v20.2.1 - https:\/\/yoast.com\/wordpress\/plugins\/seo\/ -->\n<title>St\u00f3\u0142 pr\u00f3\u017cniowy Multi-Power - Tecus Teknoloji<\/title>\n<meta name=\"robots\" content=\"index, follow, max-snippet:-1, max-image-preview:large, max-video-preview:-1\" \/>\n<link rel=\"canonical\" href=\"https:\/\/tecus.com.tr\/pl\/produkt\/stol-prozniowy-multi-power\/\" \/>\n<meta property=\"og:locale\" content=\"pl_PL\" \/>\n<meta property=\"og:type\" content=\"article\" \/>\n<meta property=\"og:title\" content=\"St\u00f3\u0142 pr\u00f3\u017cniowy Multi-Power - Tecus Teknoloji\" \/>\n<meta property=\"og:description\" content=\"Z dum\u0105 prezentujemy prawdopodobnie najbardziej wielofunkcyjny system multi-pr\u00f3\u017cniowy dost\u0119pny na dzisiejszym rynku. System ten posiada wiele unikalnych cech, kt\u00f3re spe\u0142ni\u0105 Pa\u0144stwa potrzeby w zakresie obr\u00f3bki pr\u00f3\u017cniowej.   Mo\u017ce by\u0107 zasilany naszym generatorem pr\u00f3\u017cni (spr\u0119\u017cone powietrze) lub naszymi pompami pr\u00f3\u017cniowymi  14\u2033 x 16\u2033 z teksturowan\u0105 powierzchni\u0105 zapewniaj\u0105c\u0105 dodatkow\u0105 si\u0142\u0119 trzymania poprzez tarcie  4 porty pr\u00f3\u017cniowe pozwalaj\u0105ce 4 u\u017cytkownikom na mocowanie 1-4 ma\u0142ych cz\u0119\u015bci lub 1 du\u017cej cz\u0119\u015bci (porty s\u0105 wtykowe)  P\u0142yta prowadz\u0105ca z gwintami M6 umo\u017cliwiaj\u0105ca r\u00f3\u017cnorodne rozwi\u0105zania mocowania  6 du\u017cych stalowych podk\u0142adek wbudowanych pod doln\u0105 powierzchni\u0119, umo\u017cliwiaj\u0105cych wykorzystanie urz\u0105dzenia na stole magnetycznym do szlifowania  Mo\u017cna zastosowa\u0107 wiele generator\u00f3w pr\u00f3\u017cni na palet\u0119, je\u015bli wymagany jest dodatkowy przep\u0142yw  Wiele palet mo\u017ce pracowa\u0107 z jednego (1) generatora pr\u00f3\u017cni  Pu\u0142apka ch\u0142odziwa mo\u017ce by\u0107 wymagana przy korzystaniu z zewn\u0119trznego \u017ar\u00f3d\u0142a pr\u00f3\u017cni (pu\u0142apka sprzedawana oddzielnie)\" \/>\n<meta property=\"og:url\" content=\"https:\/\/tecus.com.tr\/pl\/produkt\/stol-prozniowy-multi-power\/\" \/>\n<meta property=\"og:site_name\" content=\"Tecus Teknoloji\" \/>\n<meta property=\"article:modified_time\" content=\"2025-10-26T18:20:34+00:00\" \/>\n<meta property=\"og:image\" content=\"https:\/\/tecus.com.tr\/wp-content\/uploads\/2018\/04\/multi_power_vac_header-copy-2.png\" \/>\n\t<meta property=\"og:image:width\" content=\"500\" \/>\n\t<meta property=\"og:image:height\" content=\"500\" \/>\n\t<meta property=\"og:image:type\" content=\"image\/png\" \/>\n<meta name=\"twitter:card\" content=\"summary_large_image\" \/>\n<script type=\"application\/ld+json\" class=\"yoast-schema-graph\">{\"@context\":\"https:\/\/schema.org\",\"@graph\":[{\"@type\":\"WebPage\",\"@id\":\"https:\/\/tecus.com.tr\/pl\/produkt\/stol-prozniowy-multi-power\/\",\"url\":\"https:\/\/tecus.com.tr\/pl\/produkt\/stol-prozniowy-multi-power\/\",\"name\":\"St\u00f3\u0142 pr\u00f3\u017cniowy Multi-Power - Tecus Teknoloji\",\"isPartOf\":{\"@id\":\"https:\/\/tecus.com.tr\/pl\/#website\"},\"datePublished\":\"2018-04-14T11:56:33+00:00\",\"dateModified\":\"2025-10-26T18:20:34+00:00\",\"breadcrumb\":{\"@id\":\"https:\/\/tecus.com.tr\/pl\/produkt\/stol-prozniowy-multi-power\/#breadcrumb\"},\"inLanguage\":\"pl-PL\",\"potentialAction\":[{\"@type\":\"ReadAction\",\"target\":[\"https:\/\/tecus.com.tr\/pl\/produkt\/stol-prozniowy-multi-power\/\"]}]},{\"@type\":\"BreadcrumbList\",\"@id\":\"https:\/\/tecus.com.tr\/pl\/produkt\/stol-prozniowy-multi-power\/#breadcrumb\",\"itemListElement\":[{\"@type\":\"ListItem\",\"position\":1,\"name\":\"Ana sayfa\",\"item\":\"https:\/\/tecus.com.tr\/pl\/\"},{\"@type\":\"ListItem\",\"position\":2,\"name\":\"Ma\u011faza\",\"item\":\"https:\/\/tecus.com.tr\/magaza\/\"},{\"@type\":\"ListItem\",\"position\":3,\"name\":\"St\u00f3\u0142 pr\u00f3\u017cniowy Multi-Power\"}]},{\"@type\":\"WebSite\",\"@id\":\"https:\/\/tecus.com.tr\/pl\/#website\",\"url\":\"https:\/\/tecus.com.tr\/pl\/\",\"name\":\"Tecus Teknoloji\",\"description\":\"CNC par\u00e7a ba\u011flama \u00e7\u00f6z\u00fcmleri\",\"publisher\":{\"@id\":\"https:\/\/tecus.com.tr\/pl\/#organization\"},\"potentialAction\":[{\"@type\":\"SearchAction\",\"target\":{\"@type\":\"EntryPoint\",\"urlTemplate\":\"https:\/\/tecus.com.tr\/pl\/?s={search_term_string}\"},\"query-input\":\"required name=search_term_string\"}],\"inLanguage\":\"pl-PL\"},{\"@type\":\"Organization\",\"@id\":\"https:\/\/tecus.com.tr\/pl\/#organization\",\"name\":\"Tecus Teknoloji\",\"url\":\"https:\/\/tecus.com.tr\/pl\/\",\"logo\":{\"@type\":\"ImageObject\",\"inLanguage\":\"pl-PL\",\"@id\":\"https:\/\/tecus.com.tr\/pl\/#\/schema\/logo\/image\/\",\"url\":\"https:\/\/tecus.com.tr\/wp-content\/uploads\/2018\/04\/tecus-logo-beyaz-2-e1528750997765.png\",\"contentUrl\":\"https:\/\/tecus.com.tr\/wp-content\/uploads\/2018\/04\/tecus-logo-beyaz-2-e1528750997765.png\",\"width\":250,\"height\":53,\"caption\":\"Tecus Teknoloji\"},\"image\":{\"@id\":\"https:\/\/tecus.com.tr\/pl\/#\/schema\/logo\/image\/\"}}]}<\/script>\n<!-- \/ Yoast SEO plugin. -->","yoast_head_json":{"title":"St\u00f3\u0142 pr\u00f3\u017cniowy Multi-Power - Tecus Teknoloji","robots":{"index":"index","follow":"follow","max-snippet":"max-snippet:-1","max-image-preview":"max-image-preview:large","max-video-preview":"max-video-preview:-1"},"canonical":"https:\/\/tecus.com.tr\/pl\/produkt\/stol-prozniowy-multi-power\/","og_locale":"pl_PL","og_type":"article","og_title":"St\u00f3\u0142 pr\u00f3\u017cniowy Multi-Power - Tecus Teknoloji","og_description":"Z dum\u0105 prezentujemy prawdopodobnie najbardziej wielofunkcyjny system multi-pr\u00f3\u017cniowy dost\u0119pny na dzisiejszym rynku. System ten posiada wiele unikalnych cech, kt\u00f3re spe\u0142ni\u0105 Pa\u0144stwa potrzeby w zakresie obr\u00f3bki pr\u00f3\u017cniowej.   Mo\u017ce by\u0107 zasilany naszym generatorem pr\u00f3\u017cni (spr\u0119\u017cone powietrze) lub naszymi pompami pr\u00f3\u017cniowymi  14\u2033 x 16\u2033 z teksturowan\u0105 powierzchni\u0105 zapewniaj\u0105c\u0105 dodatkow\u0105 si\u0142\u0119 trzymania poprzez tarcie  4 porty pr\u00f3\u017cniowe pozwalaj\u0105ce 4 u\u017cytkownikom na mocowanie 1-4 ma\u0142ych cz\u0119\u015bci lub 1 du\u017cej cz\u0119\u015bci (porty s\u0105 wtykowe)  P\u0142yta prowadz\u0105ca z gwintami M6 umo\u017cliwiaj\u0105ca r\u00f3\u017cnorodne rozwi\u0105zania mocowania  6 du\u017cych stalowych podk\u0142adek wbudowanych pod doln\u0105 powierzchni\u0119, umo\u017cliwiaj\u0105cych wykorzystanie urz\u0105dzenia na stole magnetycznym do szlifowania  Mo\u017cna zastosowa\u0107 wiele generator\u00f3w pr\u00f3\u017cni na palet\u0119, je\u015bli wymagany jest dodatkowy przep\u0142yw  Wiele palet mo\u017ce pracowa\u0107 z jednego (1) generatora pr\u00f3\u017cni  Pu\u0142apka ch\u0142odziwa mo\u017ce by\u0107 wymagana przy korzystaniu z zewn\u0119trznego \u017ar\u00f3d\u0142a pr\u00f3\u017cni (pu\u0142apka sprzedawana oddzielnie)","og_url":"https:\/\/tecus.com.tr\/pl\/produkt\/stol-prozniowy-multi-power\/","og_site_name":"Tecus Teknoloji","article_modified_time":"2025-10-26T18:20:34+00:00","og_image":[{"width":500,"height":500,"url":"https:\/\/tecus.com.tr\/wp-content\/uploads\/2018\/04\/multi_power_vac_header-copy-2.png","type":"image\/png"}],"twitter_card":"summary_large_image","schema":{"@context":"https:\/\/schema.org","@graph":[{"@type":"WebPage","@id":"https:\/\/tecus.com.tr\/pl\/produkt\/stol-prozniowy-multi-power\/","url":"https:\/\/tecus.com.tr\/pl\/produkt\/stol-prozniowy-multi-power\/","name":"St\u00f3\u0142 pr\u00f3\u017cniowy Multi-Power - Tecus Teknoloji","isPartOf":{"@id":"https:\/\/tecus.com.tr\/pl\/#website"},"datePublished":"2018-04-14T11:56:33+00:00","dateModified":"2025-10-26T18:20:34+00:00","breadcrumb":{"@id":"https:\/\/tecus.com.tr\/pl\/produkt\/stol-prozniowy-multi-power\/#breadcrumb"},"inLanguage":"pl-PL","potentialAction":[{"@type":"ReadAction","target":["https:\/\/tecus.com.tr\/pl\/produkt\/stol-prozniowy-multi-power\/"]}]},{"@type":"BreadcrumbList","@id":"https:\/\/tecus.com.tr\/pl\/produkt\/stol-prozniowy-multi-power\/#breadcrumb","itemListElement":[{"@type":"ListItem","position":1,"name":"Ana sayfa","item":"https:\/\/tecus.com.tr\/pl\/"},{"@type":"ListItem","position":2,"name":"Ma\u011faza","item":"https:\/\/tecus.com.tr\/magaza\/"},{"@type":"ListItem","position":3,"name":"St\u00f3\u0142 pr\u00f3\u017cniowy Multi-Power"}]},{"@type":"WebSite","@id":"https:\/\/tecus.com.tr\/pl\/#website","url":"https:\/\/tecus.com.tr\/pl\/","name":"Tecus Teknoloji","description":"CNC par\u00e7a ba\u011flama \u00e7\u00f6z\u00fcmleri","publisher":{"@id":"https:\/\/tecus.com.tr\/pl\/#organization"},"potentialAction":[{"@type":"SearchAction","target":{"@type":"EntryPoint","urlTemplate":"https:\/\/tecus.com.tr\/pl\/?s={search_term_string}"},"query-input":"required name=search_term_string"}],"inLanguage":"pl-PL"},{"@type":"Organization","@id":"https:\/\/tecus.com.tr\/pl\/#organization","name":"Tecus Teknoloji","url":"https:\/\/tecus.com.tr\/pl\/","logo":{"@type":"ImageObject","inLanguage":"pl-PL","@id":"https:\/\/tecus.com.tr\/pl\/#\/schema\/logo\/image\/","url":"https:\/\/tecus.com.tr\/wp-content\/uploads\/2018\/04\/tecus-logo-beyaz-2-e1528750997765.png","contentUrl":"https:\/\/tecus.com.tr\/wp-content\/uploads\/2018\/04\/tecus-logo-beyaz-2-e1528750997765.png","width":250,"height":53,"caption":"Tecus Teknoloji"},"image":{"@id":"https:\/\/tecus.com.tr\/pl\/#\/schema\/logo\/image\/"}}]}},"_links":{"self":[{"href":"https:\/\/tecus.com.tr\/pl\/wp-json\/wp\/v2\/product\/34006","targetHints":{"allow":["GET"]}}],"collection":[{"href":"https:\/\/tecus.com.tr\/pl\/wp-json\/wp\/v2\/product"}],"about":[{"href":"https:\/\/tecus.com.tr\/pl\/wp-json\/wp\/v2\/types\/product"}],"version-history":[{"count":2,"href":"https:\/\/tecus.com.tr\/pl\/wp-json\/wp\/v2\/product\/34006\/revisions"}],"predecessor-version":[{"id":45893,"href":"https:\/\/tecus.com.tr\/pl\/wp-json\/wp\/v2\/product\/34006\/revisions\/45893"}],"wp:featuredmedia":[{"embeddable":true,"href":"https:\/\/tecus.com.tr\/pl\/wp-json\/wp\/v2\/media\/34008"}],"wp:attachment":[{"href":"https:\/\/tecus.com.tr\/pl\/wp-json\/wp\/v2\/media?parent=34006"}],"wp:term":[{"taxonomy":"product_brand","embeddable":true,"href":"https:\/\/tecus.com.tr\/pl\/wp-json\/wp\/v2\/product_brand?post=34006"},{"taxonomy":"product_cat","embeddable":true,"href":"https:\/\/tecus.com.tr\/pl\/wp-json\/wp\/v2\/product_cat?post=34006"},{"taxonomy":"product_tag","embeddable":true,"href":"https:\/\/tecus.com.tr\/pl\/wp-json\/wp\/v2\/product_tag?post=34006"}],"curies":[{"name":"wp","href":"https:\/\/api.w.org\/{rel}","templated":true}]}}