{"id":33992,"date":"2018-04-19T09:39:33","date_gmt":"2018-04-19T09:39:33","guid":{"rendered":"https:\/\/tecus.com.tr\/urun\/szczotki-tarczowe-punktowe\/"},"modified":"2025-12-03T12:18:38","modified_gmt":"2025-12-03T12:18:38","slug":"szczotki-tarczowe-punktowe","status":"publish","type":"product","link":"https:\/\/tecus.com.tr\/pl\/produkt\/szczotki-tarczowe-punktowe\/","title":{"rendered":"Szczotki tarczowe punktowe"},"content":{"rendered":"<p>&nbsp;<\/p>\n<table width=\"20%\">\n<tbody>\n<tr>\n<td width=\"44%\"><strong>Wyb\u00f3r ziarna <\/strong><\/td>\n<td width=\"51%\"><strong>Pocz\u0105tkowa warto\u015b\u0107 Ra<\/strong><\/td>\n<\/tr>\n<tr>\n<td> 80<\/td>\n<td>1,4 \u2013 1,5<\/td>\n<\/tr>\n<tr>\n<td>120<\/td>\n<td>1 \u2013 1,4<\/td>\n<\/tr>\n<tr>\n<td>180<\/td>\n<td>0,7 \u2013 1<\/td>\n<\/tr>\n<tr>\n<td>320<\/td>\n<td>0,6 \u2013 0,7<\/td>\n<\/tr>\n<\/tbody>\n<\/table>\n<p><strong>WYB\u00d3R \u015aREDNICY SZCZOTKI, POKRYCIE CA\u0141EGO ELEMENTU<\/strong><br \/>\n<strong>Pokrycie cz\u0119\u015bci:<\/strong> Idealna szczotka powinna by\u0107 o 70 mm wi\u0119ksza ni\u017c obrabiany element. Je\u015bli ze wzgl\u0119du na ograniczenia mocowania wymagana jest mniejsza szczotka, jej linia \u015brodkowa powinna by\u0107 wyr\u00f3wnana tak, aby wystawa\u0142a co najmniej 35 mm poza docelowy naro\u017cnik.<br \/>\n<strong><em> <\/em><\/strong>\u015acie\u017cka robocza narz\u0119dzia: Szczotka powinna obraca\u0107 si\u0119 z pe\u0142n\u0105 pr\u0119dko\u015bci\u0105 i kontynuowa\u0107 obr\u00f3t, a\u017c oderwie si\u0119 od cz\u0119\u015bci i zako\u0144czy swoj\u0105 \u015bcie\u017ck\u0119.<br \/>\nKierunek obrotu: Kierunek obrotu szczotki powinien by\u0107 przeciwny do kierunku powstawania zadzior\u00f3w tworzonych przez narz\u0119dzie tn\u0105ce.<\/p>\n<p><strong>Zalecane parametry procesu.<\/strong><br \/>\n<strong>Pr\u0119dko\u015b\u0107 obrotowa<\/strong><br \/>\nAby zapobiec przegrzaniu szczotek i przywieraniu nylonu do powierzchni, nale\u017cy je u\u017cywa\u0107 z pr\u0119dko\u015bci\u0105 ni\u017csz\u0105 ni\u017c maksymalna pr\u0119dko\u015b\u0107 podana w MSMFS. Maksymalna pr\u0119dko\u015b\u0107 obrotowa podana na szczotce nie jest odpowiedni\u0105 pr\u0119dko\u015bci\u0105 robocz\u0105. Zaleca si\u0119 utrzymywanie pr\u0119dko\u015bci poni\u017cej 2500 obr\/min dla zastosowa\u0144 na sucho i poni\u017cej 3500 obr\/min dla zastosowa\u0144 na mokro. Szczotka o \u015brednicy 150 mm jest bardziej efektywna przy 1400 obr\/min ni\u017c przy 2800 obr\/min. Nadmierna pr\u0119dko\u015b\u0107, szczeg\u00f3lnie w przypadku szczotek z d\u0142ugim w\u0142osiem, powoduje zginanie si\u0119 w\u0142\u00f3kien i ich odbijanie od powierzchni cz\u0119\u015bci. Og\u00f3lnie wy\u017csza pr\u0119dko\u015b\u0107 zwi\u0119ksza agresywno\u015b\u0107 usuwania zadzior\u00f3w.<br \/>\n<strong>Kompensacja zu\u017cycia:<\/strong><br \/>\nW specjalistycznym sprz\u0119cie mo\u017cliwe jest zautomatyzowanie kompensacji zu\u017cycia. Wykorzystuj\u0105c elektroniczne sterowanie, mo\u017cna monitorowa\u0107 obci\u0105\u017cenie silnika nap\u0119dowego, dostosowywa\u0107 nacisk szczotki i utrzymywa\u0107 wzgl\u0119dnie sta\u0142y poziom nacisku. W standardowych maszynach CNC bez automatycznej regulacji obci\u0105\u017cenia nale\u017cy stosowa\u0107 r\u00f3\u017cne metody, takie jak automatyczne indeksowanie, kontrola sond\u0105 lub r\u0119czna regulacja.<br \/>\n<strong>G\u0142\u0119boko\u015b\u0107 docisku<\/strong><\/p>\n<table width=\"56%\">\n<tbody>\n<tr>\n<td width=\"48%\"><strong>G\u0142\u0119boko\u015b\u0107 szczotki<\/strong><\/td>\n<td width=\"52%\"><strong>G\u0142\u0119boko\u015b\u0107 nacisku<\/strong><\/td>\n<\/tr>\n<tr>\n<td>Typ punktowy<\/td>\n<td>0,381 \u2013 3,962 mm<\/td>\n<\/tr>\n<tr>\n<td>Typ turbinowy<\/td>\n<td>0,177 \u2013 2,362 mm<\/td>\n<\/tr>\n<\/tbody>\n<\/table>\n<p>W przypadku szczotek z cienkim w\u0142osiem, ilo\u015b\u0107 docisku powinna by\u0107 ustawiona tak, aby wchodzi\u0142a do 10% dost\u0119pnej d\u0142ugo\u015bci w\u0142osia, a w przypadku szczotek z grubym w\u0142osiem \u2013 do 5%. Zazwyczaj zmniejszaj\u0105c pr\u0119dko\u015b\u0107 obrotow\u0105 i zwi\u0119kszaj\u0105c docisk, w\u0142osie szczotki bez problemu dopasowuje si\u0119 do kontur\u00f3w elementu. W ten spos\u00f3b w\u0142osie szczotki nie uderza w element i nie odbija si\u0119 od jego powierzchni, ale zamiast tego usuwa zadziory i czy\u015bci wzd\u0142u\u017c powierzchni i kraw\u0119dzi elementu, jakby by\u0142 to pilnik. Ten spos\u00f3b szczotkowania zwi\u0119ksza r\u00f3wnie\u017c trwa\u0142o\u015b\u0107 szczotki.<br \/>\n<strong>PR\u0118DKO\u015a\u0106 POSUWU<\/strong><\/p>\n<table width=\"72%\">\n<tbody>\n<tr>\n<td width=\"52%\"><strong>Materia\u0142 <\/strong><\/td>\n<td width=\"48%\"><strong>Wsp\u00f3\u0142czynnik posuwu<\/strong><\/td>\n<\/tr>\n<tr>\n<td>Metale nie\u017celazne<\/td>\n<td>2,032 m \/ min<\/td>\n<\/tr>\n<tr>\n<td>\u017beliwo<\/td>\n<td>1,524 m \/ min<\/td>\n<\/tr>\n<tr>\n<td>Stal mi\u0119kka i \u017celiwo<\/td>\n<td>1,27 m \/ min<\/td>\n<\/tr>\n<tr>\n<td>Stal nierdzewna i stale stopowe<\/td>\n<td>0,762 m \/ min<\/td>\n<\/tr>\n<tr>\n<td>Tytan i stopy o wysokiej zawarto\u015bci niklu<\/td>\n<td>0,762 m \/ min<\/td>\n<\/tr>\n<\/tbody>\n<\/table>\n<p>Pr\u0119dko\u015b\u0107 posuwu jest determinowana przez wiele czynnik\u00f3w, takich jak rozmiar zadzior\u00f3w, materia\u0142 obrabianego elementu, kontury powierzchni i wymagania dotycz\u0105ce chropowato\u015bci. Powierzchnie konturowe powinny by\u0107 obrabiane z ni\u017cszymi pr\u0119dko\u015bciami i wy\u017cszym dociskiem w por\u00f3wnaniu do powierzchni p\u0142askich. Zalecana pocz\u0105tkowa pr\u0119dko\u015b\u0107 posuwu wynosi od 30 do 80 st\u00f3p na minut\u0119, ale ostateczna pr\u0119dko\u015b\u0107 posuwu jest specyficzna dla danego zastosowania i powinna by\u0107 rozwijana w oparciu o do\u015bwiadczenie w usuwaniu zadzior\u00f3w.<br \/>\n<strong>Wytyczne dotycz\u0105ce zastosowania<\/strong><\/p>\n<table width=\"100%\">\n<tbody>\n<tr>\n<td><strong>Dla wi\u0119kszej agresywno\u015bci<\/strong><br \/>\n-Zmniejsz d\u0142ugo\u015b\u0107 w\u0142osia szczotki<br \/>\n-U\u017cyj szczotki o wi\u0119kszej \u015brednicy<br \/>\n-Zwi\u0119ksz rozmiar ziarna<br \/>\n-U\u017cyj szczotki o wysokiej g\u0119sto\u015bci w\u0142osia (typ turbinowy)<br \/>\n-Zwi\u0119ksz pr\u0119dko\u015b\u0107 obrotow\u0105<br \/>\n-Zwi\u0119ksz g\u0142\u0119boko\u015b\u0107 nacisku <\/td>\n<td><strong>Dla mniejszej agresywno\u015bci<\/strong><br \/>\n-Zwi\u0119ksz d\u0142ugo\u015b\u0107 w\u0142osia szczotki<br \/>\n-U\u017cyj szczotki o mniejszej \u015brednicy<br \/>\n-U\u017cyj drobniejszego ziarna<br \/>\n-U\u017cyj szczotki o \u015bredniej g\u0119sto\u015bci w\u0142osia (typ punktowy)<br \/>\n-Zmniejsz nacisk<\/td>\n<td><strong>Aby uzyska\u0107 kontur<\/strong><br \/>\n-Zwi\u0119ksz d\u0142ugo\u015b\u0107 w\u0142osia szczotki<br \/>\n-U\u017cyj szczotki z drobnym ziarnem<br \/>\n-U\u017cyj szczotki o niskiej g\u0119sto\u015bci w\u0142osia (typ punktowy)<br \/>\n-Zwi\u0119ksz nacisk<\/td>\n<\/tr>\n<tr>\n<td><strong>Dla g\u0142adkiej powierzchni<\/strong><br \/>\n-U\u017cywaj szczotki z ch\u0142odziwem<br \/>\n-U\u017cyj szczotki z d\u0142ugim w\u0142osiem<br \/>\n-Zwi\u0119ksz pr\u0119dko\u015b\u0107 obrotow\u0105<\/td>\n<td><strong>Dla chropowatej powierzchni<\/strong><br \/>\n-U\u017cywaj szczotki bez ch\u0142odziwa<br \/>\n-Zwi\u0119ksz rozmiar ziarna<br \/>\n-U\u017cyj szczotki o mniejszej \u015brednicy<br \/>\n-Zmniejsz pr\u0119dko\u015b\u0107 obrotow\u0105<\/td>\n<td><strong>Do usuwania \u015blad\u00f3w i plam<\/strong><br \/>\n-U\u017cywaj szczotki z ch\u0142odziwem<br \/>\n-U\u017cyj szczotki o ma\u0142ej \u015brednicy<br \/>\n-Zmniejsz pr\u0119dko\u015b\u0107 obrotow\u0105<br \/>\n-Zmniejsz nacisk<\/td>\n<\/tr>\n<\/tbody>\n<\/table>\n<p>Szczotki typu punktowego s\u0105 preferowane do og\u00f3lnego usuwania zadzior\u00f3w i lekkich zastosowa\u0144 wyko\u0144czeniowych powierzchni, podczas gdy nasze szczotki tarczowe typu turbinowego s\u0105 u\u017cywane do \u015brednich i ci\u0119\u017ckich operacji usuwania zadzior\u00f3w. W obu typach naszych szczotek tarczowych zastosowano skuteczn\u0105 kombinacj\u0119 w\u0142\u00f3kien nylonowych z domieszk\u0105 ceramiki i w\u0119glika krzemu. <\/p>\n","protected":false},"excerpt":{"rendered":"<p>Szczotki tarczowe punktowe s\u0105 u\u017cywane do og\u00f3lnego czyszczenia kraw\u0119dzi i wyka\u0144czania powierzchni. Styl punktowy jest ekonomiczn\u0105 opcj\u0105 do lekkich zastosowa\u0144 gratowania, gdy wa\u017cne s\u0105 kr\u00f3tkie cykle. Zapewniaj\u0105 wi\u0119ksz\u0105 elastyczno\u015b\u0107 i mog\u0105 \u0142atwo dociera\u0107 do ma\u0142ych otwor\u00f3w i szczelin.  <\/p>\n","protected":false},"featured_media":33994,"template":"","meta":{"_acf_changed":false},"product_brand":[651],"product_cat":[500,509],"product_tag":[510],"class_list":{"0":"post-33992","1":"product","2":"type-product","3":"status-publish","4":"has-post-thumbnail","6":"product_brand-nampower","7":"product_cat-narzedzia-i-akcesoria-do-tokarek-cnc","8":"product_cat-szczotki-do-gratowania-nampower","9":"product_tag-nampower","11":"first","12":"instock","13":"taxable","14":"shipping-taxable","15":"purchasable","16":"product-type-variable"},"acf":[],"yoast_head":"<!-- This site is optimized with the Yoast SEO plugin v20.2.1 - https:\/\/yoast.com\/wordpress\/plugins\/seo\/ -->\n<title>Szczotki tarczowe punktowe - Tecus Teknoloji<\/title>\n<meta name=\"robots\" content=\"index, follow, max-snippet:-1, max-image-preview:large, max-video-preview:-1\" \/>\n<link rel=\"canonical\" href=\"https:\/\/tecus.com.tr\/pl\/produkt\/szczotki-tarczowe-punktowe\/\" \/>\n<meta property=\"og:locale\" content=\"pl_PL\" \/>\n<meta property=\"og:type\" content=\"article\" \/>\n<meta property=\"og:title\" content=\"Szczotki tarczowe punktowe - Tecus Teknoloji\" \/>\n<meta property=\"og:description\" content=\"Szczotki tarczowe punktowe s\u0105 u\u017cywane do og\u00f3lnego czyszczenia kraw\u0119dzi i wyka\u0144czania powierzchni. Styl punktowy jest ekonomiczn\u0105 opcj\u0105 do lekkich zastosowa\u0144 gratowania, gdy wa\u017cne s\u0105 kr\u00f3tkie cykle. Zapewniaj\u0105 wi\u0119ksz\u0105 elastyczno\u015b\u0107 i mog\u0105 \u0142atwo dociera\u0107 do ma\u0142ych otwor\u00f3w i szczelin.\" \/>\n<meta property=\"og:url\" content=\"https:\/\/tecus.com.tr\/pl\/produkt\/szczotki-tarczowe-punktowe\/\" \/>\n<meta property=\"og:site_name\" content=\"Tecus Teknoloji\" \/>\n<meta property=\"article:modified_time\" content=\"2025-12-03T12:18:38+00:00\" \/>\n<meta property=\"og:image\" content=\"https:\/\/tecus.com.tr\/wp-content\/uploads\/2018\/04\/nokta-tipi-disk-fircalari-500x500-1.png\" \/>\n\t<meta property=\"og:image:width\" content=\"375\" \/>\n\t<meta property=\"og:image:height\" content=\"375\" \/>\n\t<meta property=\"og:image:type\" content=\"image\/png\" \/>\n<meta name=\"twitter:card\" content=\"summary_large_image\" \/>\n<meta name=\"twitter:label1\" content=\"Szacowany czas czytania\" \/>\n\t<meta name=\"twitter:data1\" content=\"4 minuta\" \/>\n<script type=\"application\/ld+json\" class=\"yoast-schema-graph\">{\"@context\":\"https:\/\/schema.org\",\"@graph\":[{\"@type\":\"WebPage\",\"@id\":\"https:\/\/tecus.com.tr\/pl\/produkt\/szczotki-tarczowe-punktowe\/\",\"url\":\"https:\/\/tecus.com.tr\/pl\/produkt\/szczotki-tarczowe-punktowe\/\",\"name\":\"Szczotki tarczowe punktowe - Tecus Teknoloji\",\"isPartOf\":{\"@id\":\"https:\/\/tecus.com.tr\/pl\/#website\"},\"datePublished\":\"2018-04-19T09:39:33+00:00\",\"dateModified\":\"2025-12-03T12:18:38+00:00\",\"breadcrumb\":{\"@id\":\"https:\/\/tecus.com.tr\/pl\/produkt\/szczotki-tarczowe-punktowe\/#breadcrumb\"},\"inLanguage\":\"pl-PL\",\"potentialAction\":[{\"@type\":\"ReadAction\",\"target\":[\"https:\/\/tecus.com.tr\/pl\/produkt\/szczotki-tarczowe-punktowe\/\"]}]},{\"@type\":\"BreadcrumbList\",\"@id\":\"https:\/\/tecus.com.tr\/pl\/produkt\/szczotki-tarczowe-punktowe\/#breadcrumb\",\"itemListElement\":[{\"@type\":\"ListItem\",\"position\":1,\"name\":\"Ana sayfa\",\"item\":\"https:\/\/tecus.com.tr\/pl\/\"},{\"@type\":\"ListItem\",\"position\":2,\"name\":\"Ma\u011faza\",\"item\":\"https:\/\/tecus.com.tr\/magaza\/\"},{\"@type\":\"ListItem\",\"position\":3,\"name\":\"Szczotki tarczowe punktowe\"}]},{\"@type\":\"WebSite\",\"@id\":\"https:\/\/tecus.com.tr\/pl\/#website\",\"url\":\"https:\/\/tecus.com.tr\/pl\/\",\"name\":\"Tecus Teknoloji\",\"description\":\"CNC par\u00e7a ba\u011flama \u00e7\u00f6z\u00fcmleri\",\"publisher\":{\"@id\":\"https:\/\/tecus.com.tr\/pl\/#organization\"},\"potentialAction\":[{\"@type\":\"SearchAction\",\"target\":{\"@type\":\"EntryPoint\",\"urlTemplate\":\"https:\/\/tecus.com.tr\/pl\/?s={search_term_string}\"},\"query-input\":\"required name=search_term_string\"}],\"inLanguage\":\"pl-PL\"},{\"@type\":\"Organization\",\"@id\":\"https:\/\/tecus.com.tr\/pl\/#organization\",\"name\":\"Tecus Teknoloji\",\"url\":\"https:\/\/tecus.com.tr\/pl\/\",\"logo\":{\"@type\":\"ImageObject\",\"inLanguage\":\"pl-PL\",\"@id\":\"https:\/\/tecus.com.tr\/pl\/#\/schema\/logo\/image\/\",\"url\":\"https:\/\/tecus.com.tr\/wp-content\/uploads\/2018\/04\/tecus-logo-beyaz-2-e1528750997765.png\",\"contentUrl\":\"https:\/\/tecus.com.tr\/wp-content\/uploads\/2018\/04\/tecus-logo-beyaz-2-e1528750997765.png\",\"width\":250,\"height\":53,\"caption\":\"Tecus Teknoloji\"},\"image\":{\"@id\":\"https:\/\/tecus.com.tr\/pl\/#\/schema\/logo\/image\/\"}}]}<\/script>\n<!-- \/ Yoast SEO plugin. -->","yoast_head_json":{"title":"Szczotki tarczowe punktowe - Tecus Teknoloji","robots":{"index":"index","follow":"follow","max-snippet":"max-snippet:-1","max-image-preview":"max-image-preview:large","max-video-preview":"max-video-preview:-1"},"canonical":"https:\/\/tecus.com.tr\/pl\/produkt\/szczotki-tarczowe-punktowe\/","og_locale":"pl_PL","og_type":"article","og_title":"Szczotki tarczowe punktowe - Tecus Teknoloji","og_description":"Szczotki tarczowe punktowe s\u0105 u\u017cywane do og\u00f3lnego czyszczenia kraw\u0119dzi i wyka\u0144czania powierzchni. Styl punktowy jest ekonomiczn\u0105 opcj\u0105 do lekkich zastosowa\u0144 gratowania, gdy wa\u017cne s\u0105 kr\u00f3tkie cykle. Zapewniaj\u0105 wi\u0119ksz\u0105 elastyczno\u015b\u0107 i mog\u0105 \u0142atwo dociera\u0107 do ma\u0142ych otwor\u00f3w i szczelin.","og_url":"https:\/\/tecus.com.tr\/pl\/produkt\/szczotki-tarczowe-punktowe\/","og_site_name":"Tecus Teknoloji","article_modified_time":"2025-12-03T12:18:38+00:00","og_image":[{"width":375,"height":375,"url":"https:\/\/tecus.com.tr\/wp-content\/uploads\/2018\/04\/nokta-tipi-disk-fircalari-500x500-1.png","type":"image\/png"}],"twitter_card":"summary_large_image","twitter_misc":{"Szacowany czas czytania":"4 minuta"},"schema":{"@context":"https:\/\/schema.org","@graph":[{"@type":"WebPage","@id":"https:\/\/tecus.com.tr\/pl\/produkt\/szczotki-tarczowe-punktowe\/","url":"https:\/\/tecus.com.tr\/pl\/produkt\/szczotki-tarczowe-punktowe\/","name":"Szczotki tarczowe punktowe - Tecus Teknoloji","isPartOf":{"@id":"https:\/\/tecus.com.tr\/pl\/#website"},"datePublished":"2018-04-19T09:39:33+00:00","dateModified":"2025-12-03T12:18:38+00:00","breadcrumb":{"@id":"https:\/\/tecus.com.tr\/pl\/produkt\/szczotki-tarczowe-punktowe\/#breadcrumb"},"inLanguage":"pl-PL","potentialAction":[{"@type":"ReadAction","target":["https:\/\/tecus.com.tr\/pl\/produkt\/szczotki-tarczowe-punktowe\/"]}]},{"@type":"BreadcrumbList","@id":"https:\/\/tecus.com.tr\/pl\/produkt\/szczotki-tarczowe-punktowe\/#breadcrumb","itemListElement":[{"@type":"ListItem","position":1,"name":"Ana sayfa","item":"https:\/\/tecus.com.tr\/pl\/"},{"@type":"ListItem","position":2,"name":"Ma\u011faza","item":"https:\/\/tecus.com.tr\/magaza\/"},{"@type":"ListItem","position":3,"name":"Szczotki tarczowe punktowe"}]},{"@type":"WebSite","@id":"https:\/\/tecus.com.tr\/pl\/#website","url":"https:\/\/tecus.com.tr\/pl\/","name":"Tecus Teknoloji","description":"CNC par\u00e7a ba\u011flama \u00e7\u00f6z\u00fcmleri","publisher":{"@id":"https:\/\/tecus.com.tr\/pl\/#organization"},"potentialAction":[{"@type":"SearchAction","target":{"@type":"EntryPoint","urlTemplate":"https:\/\/tecus.com.tr\/pl\/?s={search_term_string}"},"query-input":"required name=search_term_string"}],"inLanguage":"pl-PL"},{"@type":"Organization","@id":"https:\/\/tecus.com.tr\/pl\/#organization","name":"Tecus Teknoloji","url":"https:\/\/tecus.com.tr\/pl\/","logo":{"@type":"ImageObject","inLanguage":"pl-PL","@id":"https:\/\/tecus.com.tr\/pl\/#\/schema\/logo\/image\/","url":"https:\/\/tecus.com.tr\/wp-content\/uploads\/2018\/04\/tecus-logo-beyaz-2-e1528750997765.png","contentUrl":"https:\/\/tecus.com.tr\/wp-content\/uploads\/2018\/04\/tecus-logo-beyaz-2-e1528750997765.png","width":250,"height":53,"caption":"Tecus Teknoloji"},"image":{"@id":"https:\/\/tecus.com.tr\/pl\/#\/schema\/logo\/image\/"}}]}},"_links":{"self":[{"href":"https:\/\/tecus.com.tr\/pl\/wp-json\/wp\/v2\/product\/33992","targetHints":{"allow":["GET"]}}],"collection":[{"href":"https:\/\/tecus.com.tr\/pl\/wp-json\/wp\/v2\/product"}],"about":[{"href":"https:\/\/tecus.com.tr\/pl\/wp-json\/wp\/v2\/types\/product"}],"version-history":[{"count":3,"href":"https:\/\/tecus.com.tr\/pl\/wp-json\/wp\/v2\/product\/33992\/revisions"}],"predecessor-version":[{"id":46296,"href":"https:\/\/tecus.com.tr\/pl\/wp-json\/wp\/v2\/product\/33992\/revisions\/46296"}],"wp:featuredmedia":[{"embeddable":true,"href":"https:\/\/tecus.com.tr\/pl\/wp-json\/wp\/v2\/media\/33994"}],"wp:attachment":[{"href":"https:\/\/tecus.com.tr\/pl\/wp-json\/wp\/v2\/media?parent=33992"}],"wp:term":[{"taxonomy":"product_brand","embeddable":true,"href":"https:\/\/tecus.com.tr\/pl\/wp-json\/wp\/v2\/product_brand?post=33992"},{"taxonomy":"product_cat","embeddable":true,"href":"https:\/\/tecus.com.tr\/pl\/wp-json\/wp\/v2\/product_cat?post=33992"},{"taxonomy":"product_tag","embeddable":true,"href":"https:\/\/tecus.com.tr\/pl\/wp-json\/wp\/v2\/product_tag?post=33992"}],"curies":[{"name":"wp","href":"https:\/\/api.w.org\/{rel}","templated":true}]}}