{"id":33960,"date":"2018-07-07T12:16:14","date_gmt":"2018-07-07T12:16:14","guid":{"rendered":"https:\/\/tecus.com.tr\/urun\/system-klejenia-mitee-grip\/"},"modified":"2025-10-27T19:53:45","modified_gmt":"2025-10-27T19:53:45","slug":"system-klejenia-mitee-grip","status":"publish","type":"product","link":"https:\/\/tecus.com.tr\/pl\/produkt\/system-klejenia-mitee-grip\/","title":{"rendered":"Mitee-Grip"},"content":{"rendered":"","protected":false},"excerpt":{"rendered":"<p><em>Jak utrzyma\u0107 obrabiany przedmiot, gdy nie mo\u017cna u\u017cy\u0107 zacisku?<\/em><\/p>\n<p>Mitee-Grip\u2122 to aktywowany ciep\u0142em zwi\u0105zek na bazie pasty, osadzony w papierze w postaci ta\u015bmy samoprzylepnej pokrytej nylonem.<\/p>\n<p>Ten \u015brodek mocuj\u0105cy zachowuje r\u00f3wnoleg\u0142o\u015b\u0107 na oznaczonych obszarach. Jest bardzo przydatny do cienkich element\u00f3w, mikroobr\u00f3bki, komponent\u00f3w optycznych i kwarcowych oraz element\u00f3w jubilerskich. Przybli\u017cona si\u0142a mocowania wynosi 40 PSI.  <\/p>\n<p>&nbsp;<\/p>\n","protected":false},"featured_media":44701,"template":"","meta":{"_acf_changed":false},"product_brand":[],"product_cat":[504],"product_tag":[],"class_list":{"0":"post-33960","1":"product","2":"type-product","3":"status-publish","4":"has-post-thumbnail","6":"product_cat-zaciski-dolne","8":"first","9":"instock","10":"taxable","11":"shipping-taxable","12":"product-type-simple"},"acf":[],"yoast_head":"<!-- This site is optimized with the Yoast SEO plugin v20.2.1 - https:\/\/yoast.com\/wordpress\/plugins\/seo\/ -->\n<title>Mitee-Grip - Tecus Teknoloji<\/title>\n<meta name=\"robots\" content=\"index, follow, max-snippet:-1, max-image-preview:large, max-video-preview:-1\" \/>\n<link rel=\"canonical\" href=\"https:\/\/tecus.com.tr\/pl\/produkt\/system-klejenia-mitee-grip\/\" \/>\n<meta property=\"og:locale\" content=\"pl_PL\" \/>\n<meta property=\"og:type\" content=\"article\" \/>\n<meta property=\"og:title\" content=\"Mitee-Grip - Tecus Teknoloji\" \/>\n<meta property=\"og:description\" content=\"Jak utrzyma\u0107 obrabiany przedmiot, gdy nie mo\u017cna u\u017cy\u0107 zacisku? Mitee-Grip\u2122 to aktywowany ciep\u0142em zwi\u0105zek na bazie pasty, osadzony w papierze w postaci ta\u015bmy samoprzylepnej pokrytej nylonem. Ten \u015brodek mocuj\u0105cy zachowuje r\u00f3wnoleg\u0142o\u015b\u0107 na oznaczonych obszarach. Jest bardzo przydatny do cienkich element\u00f3w, mikroobr\u00f3bki, komponent\u00f3w optycznych i kwarcowych oraz element\u00f3w jubilerskich. Przybli\u017cona si\u0142a mocowania wynosi 40 PSI.  &nbsp;\" \/>\n<meta property=\"og:url\" content=\"https:\/\/tecus.com.tr\/pl\/produkt\/system-klejenia-mitee-grip\/\" \/>\n<meta property=\"og:site_name\" content=\"Tecus Teknoloji\" \/>\n<meta property=\"article:modified_time\" content=\"2025-10-27T19:53:45+00:00\" \/>\n<meta property=\"og:image\" content=\"https:\/\/tecus.com.tr\/wp-content\/uploads\/2018\/07\/miteegripyapistirmasistemi.png\" \/>\n\t<meta property=\"og:image:width\" content=\"1024\" \/>\n\t<meta property=\"og:image:height\" content=\"1024\" \/>\n\t<meta property=\"og:image:type\" content=\"image\/png\" \/>\n<meta name=\"twitter:card\" content=\"summary_large_image\" \/>\n<script type=\"application\/ld+json\" class=\"yoast-schema-graph\">{\"@context\":\"https:\/\/schema.org\",\"@graph\":[{\"@type\":\"WebPage\",\"@id\":\"https:\/\/tecus.com.tr\/pl\/produkt\/system-klejenia-mitee-grip\/\",\"url\":\"https:\/\/tecus.com.tr\/pl\/produkt\/system-klejenia-mitee-grip\/\",\"name\":\"Mitee-Grip - Tecus Teknoloji\",\"isPartOf\":{\"@id\":\"https:\/\/tecus.com.tr\/pl\/#website\"},\"datePublished\":\"2018-07-07T12:16:14+00:00\",\"dateModified\":\"2025-10-27T19:53:45+00:00\",\"breadcrumb\":{\"@id\":\"https:\/\/tecus.com.tr\/pl\/produkt\/system-klejenia-mitee-grip\/#breadcrumb\"},\"inLanguage\":\"pl-PL\",\"potentialAction\":[{\"@type\":\"ReadAction\",\"target\":[\"https:\/\/tecus.com.tr\/pl\/produkt\/system-klejenia-mitee-grip\/\"]}]},{\"@type\":\"BreadcrumbList\",\"@id\":\"https:\/\/tecus.com.tr\/pl\/produkt\/system-klejenia-mitee-grip\/#breadcrumb\",\"itemListElement\":[{\"@type\":\"ListItem\",\"position\":1,\"name\":\"Ana sayfa\",\"item\":\"https:\/\/tecus.com.tr\/pl\/\"},{\"@type\":\"ListItem\",\"position\":2,\"name\":\"Ma\u011faza\",\"item\":\"https:\/\/tecus.com.tr\/magaza\/\"},{\"@type\":\"ListItem\",\"position\":3,\"name\":\"Mitee-Grip\"}]},{\"@type\":\"WebSite\",\"@id\":\"https:\/\/tecus.com.tr\/pl\/#website\",\"url\":\"https:\/\/tecus.com.tr\/pl\/\",\"name\":\"Tecus Teknoloji\",\"description\":\"CNC par\u00e7a ba\u011flama \u00e7\u00f6z\u00fcmleri\",\"publisher\":{\"@id\":\"https:\/\/tecus.com.tr\/pl\/#organization\"},\"potentialAction\":[{\"@type\":\"SearchAction\",\"target\":{\"@type\":\"EntryPoint\",\"urlTemplate\":\"https:\/\/tecus.com.tr\/pl\/?s={search_term_string}\"},\"query-input\":\"required name=search_term_string\"}],\"inLanguage\":\"pl-PL\"},{\"@type\":\"Organization\",\"@id\":\"https:\/\/tecus.com.tr\/pl\/#organization\",\"name\":\"Tecus Teknoloji\",\"url\":\"https:\/\/tecus.com.tr\/pl\/\",\"logo\":{\"@type\":\"ImageObject\",\"inLanguage\":\"pl-PL\",\"@id\":\"https:\/\/tecus.com.tr\/pl\/#\/schema\/logo\/image\/\",\"url\":\"https:\/\/tecus.com.tr\/wp-content\/uploads\/2018\/04\/tecus-logo-beyaz-2-e1528750997765.png\",\"contentUrl\":\"https:\/\/tecus.com.tr\/wp-content\/uploads\/2018\/04\/tecus-logo-beyaz-2-e1528750997765.png\",\"width\":250,\"height\":53,\"caption\":\"Tecus Teknoloji\"},\"image\":{\"@id\":\"https:\/\/tecus.com.tr\/pl\/#\/schema\/logo\/image\/\"}}]}<\/script>\n<!-- \/ Yoast SEO plugin. -->","yoast_head_json":{"title":"Mitee-Grip - Tecus Teknoloji","robots":{"index":"index","follow":"follow","max-snippet":"max-snippet:-1","max-image-preview":"max-image-preview:large","max-video-preview":"max-video-preview:-1"},"canonical":"https:\/\/tecus.com.tr\/pl\/produkt\/system-klejenia-mitee-grip\/","og_locale":"pl_PL","og_type":"article","og_title":"Mitee-Grip - Tecus Teknoloji","og_description":"Jak utrzyma\u0107 obrabiany przedmiot, gdy nie mo\u017cna u\u017cy\u0107 zacisku? Mitee-Grip\u2122 to aktywowany ciep\u0142em zwi\u0105zek na bazie pasty, osadzony w papierze w postaci ta\u015bmy samoprzylepnej pokrytej nylonem. Ten \u015brodek mocuj\u0105cy zachowuje r\u00f3wnoleg\u0142o\u015b\u0107 na oznaczonych obszarach. Jest bardzo przydatny do cienkich element\u00f3w, mikroobr\u00f3bki, komponent\u00f3w optycznych i kwarcowych oraz element\u00f3w jubilerskich. Przybli\u017cona si\u0142a mocowania wynosi 40 PSI.  &nbsp;","og_url":"https:\/\/tecus.com.tr\/pl\/produkt\/system-klejenia-mitee-grip\/","og_site_name":"Tecus Teknoloji","article_modified_time":"2025-10-27T19:53:45+00:00","og_image":[{"width":1024,"height":1024,"url":"https:\/\/tecus.com.tr\/wp-content\/uploads\/2018\/07\/miteegripyapistirmasistemi.png","type":"image\/png"}],"twitter_card":"summary_large_image","schema":{"@context":"https:\/\/schema.org","@graph":[{"@type":"WebPage","@id":"https:\/\/tecus.com.tr\/pl\/produkt\/system-klejenia-mitee-grip\/","url":"https:\/\/tecus.com.tr\/pl\/produkt\/system-klejenia-mitee-grip\/","name":"Mitee-Grip - Tecus Teknoloji","isPartOf":{"@id":"https:\/\/tecus.com.tr\/pl\/#website"},"datePublished":"2018-07-07T12:16:14+00:00","dateModified":"2025-10-27T19:53:45+00:00","breadcrumb":{"@id":"https:\/\/tecus.com.tr\/pl\/produkt\/system-klejenia-mitee-grip\/#breadcrumb"},"inLanguage":"pl-PL","potentialAction":[{"@type":"ReadAction","target":["https:\/\/tecus.com.tr\/pl\/produkt\/system-klejenia-mitee-grip\/"]}]},{"@type":"BreadcrumbList","@id":"https:\/\/tecus.com.tr\/pl\/produkt\/system-klejenia-mitee-grip\/#breadcrumb","itemListElement":[{"@type":"ListItem","position":1,"name":"Ana sayfa","item":"https:\/\/tecus.com.tr\/pl\/"},{"@type":"ListItem","position":2,"name":"Ma\u011faza","item":"https:\/\/tecus.com.tr\/magaza\/"},{"@type":"ListItem","position":3,"name":"Mitee-Grip"}]},{"@type":"WebSite","@id":"https:\/\/tecus.com.tr\/pl\/#website","url":"https:\/\/tecus.com.tr\/pl\/","name":"Tecus Teknoloji","description":"CNC par\u00e7a ba\u011flama \u00e7\u00f6z\u00fcmleri","publisher":{"@id":"https:\/\/tecus.com.tr\/pl\/#organization"},"potentialAction":[{"@type":"SearchAction","target":{"@type":"EntryPoint","urlTemplate":"https:\/\/tecus.com.tr\/pl\/?s={search_term_string}"},"query-input":"required name=search_term_string"}],"inLanguage":"pl-PL"},{"@type":"Organization","@id":"https:\/\/tecus.com.tr\/pl\/#organization","name":"Tecus Teknoloji","url":"https:\/\/tecus.com.tr\/pl\/","logo":{"@type":"ImageObject","inLanguage":"pl-PL","@id":"https:\/\/tecus.com.tr\/pl\/#\/schema\/logo\/image\/","url":"https:\/\/tecus.com.tr\/wp-content\/uploads\/2018\/04\/tecus-logo-beyaz-2-e1528750997765.png","contentUrl":"https:\/\/tecus.com.tr\/wp-content\/uploads\/2018\/04\/tecus-logo-beyaz-2-e1528750997765.png","width":250,"height":53,"caption":"Tecus Teknoloji"},"image":{"@id":"https:\/\/tecus.com.tr\/pl\/#\/schema\/logo\/image\/"}}]}},"_links":{"self":[{"href":"https:\/\/tecus.com.tr\/pl\/wp-json\/wp\/v2\/product\/33960","targetHints":{"allow":["GET"]}}],"collection":[{"href":"https:\/\/tecus.com.tr\/pl\/wp-json\/wp\/v2\/product"}],"about":[{"href":"https:\/\/tecus.com.tr\/pl\/wp-json\/wp\/v2\/types\/product"}],"version-history":[{"count":2,"href":"https:\/\/tecus.com.tr\/pl\/wp-json\/wp\/v2\/product\/33960\/revisions"}],"predecessor-version":[{"id":47740,"href":"https:\/\/tecus.com.tr\/pl\/wp-json\/wp\/v2\/product\/33960\/revisions\/47740"}],"wp:featuredmedia":[{"embeddable":true,"href":"https:\/\/tecus.com.tr\/pl\/wp-json\/wp\/v2\/media\/44701"}],"wp:attachment":[{"href":"https:\/\/tecus.com.tr\/pl\/wp-json\/wp\/v2\/media?parent=33960"}],"wp:term":[{"taxonomy":"product_brand","embeddable":true,"href":"https:\/\/tecus.com.tr\/pl\/wp-json\/wp\/v2\/product_brand?post=33960"},{"taxonomy":"product_cat","embeddable":true,"href":"https:\/\/tecus.com.tr\/pl\/wp-json\/wp\/v2\/product_cat?post=33960"},{"taxonomy":"product_tag","embeddable":true,"href":"https:\/\/tecus.com.tr\/pl\/wp-json\/wp\/v2\/product_tag?post=33960"}],"curies":[{"name":"wp","href":"https:\/\/api.w.org\/{rel}","templated":true}]}}