{"id":33951,"date":"2018-04-15T11:16:13","date_gmt":"2018-04-15T11:16:13","guid":{"rendered":"https:\/\/tecus.com.tr\/urun\/system-szczek-imadla-versa-grip\/"},"modified":"2025-12-03T12:17:56","modified_gmt":"2025-12-03T12:17:56","slug":"system-szczek-imadla-versa-grip","status":"publish","type":"product","link":"https:\/\/tecus.com.tr\/pl\/produkt\/system-szczek-imadla-versa-grip\/","title":{"rendered":"Szcz\u0119ki Versa Grip"},"content":{"rendered":"\t\t<div data-elementor-type=\"wp-post\" data-elementor-id=\"33951\" class=\"elementor elementor-33951 elementor-9110\" data-elementor-post-type=\"product\">\n\t\t\t\t\t\t<section class=\"elementor-section elementor-top-section elementor-element elementor-element-33f8860 elementor-section-boxed elementor-section-height-default elementor-section-height-default\" data-id=\"33f8860\" data-element_type=\"section\">\n\t\t\t\t\t\t<div class=\"elementor-container elementor-column-gap-default\">\n\t\t\t\t\t<div class=\"elementor-column elementor-col-100 elementor-top-column elementor-element elementor-element-719bd0fe\" data-id=\"719bd0fe\" data-element_type=\"column\">\n\t\t\t<div class=\"elementor-widget-wrap elementor-element-populated\">\n\t\t\t\t\t\t<div class=\"elementor-element elementor-element-2d8818e3 elementor-widget elementor-widget-text-editor\" data-id=\"2d8818e3\" data-element_type=\"widget\" data-widget_type=\"text-editor.default\">\n\t\t\t\t<div class=\"elementor-widget-container\">\n\t\t\t\t\t\t\t\t\t<div class=\"prodinfocont\"><div class=\"proddescript\"><h2 class=\"white\">Szcz\u0119ki imad\u0142a VersaGrip\u2122<\/h2><p>VersaGrip\u2122, jak sama nazwa wskazuje, oferuje wszechstronno\u015b\u0107 mocowania standardowych prac w imadle, a tak\u017ce zapewnia rozwi\u0105zanie dla trudnych zastosowa\u0144, kt\u00f3re normalnie wymaga\u0142yby oprzyrz\u0105dowania lub obr\u00f3bki mi\u0119kkich szcz\u0119k. Poprzez zwyk\u0142\u0105 wymian\u0119 obecnych szcz\u0119k na system VersaGrip\u2122 mo\u017cna bezpiecznie utrzyma\u0107 cz\u0119\u015bci o nietypowych kszta\u0142tach podczas obr\u00f3bki z pr\u0119dko\u015bciami i posuwami, kt\u00f3re wcze\u015bniej wydawa\u0142y si\u0119 niemo\u017cliwe. <\/p><\/div><\/div><div class=\"fullwidthdrawing\"><table class=\"tableshiftdown\" border=\"0\" width=\"982\" cellspacing=\"2\" cellpadding=\"1\"><tbody><tr><td align=\"center\" valign=\"middle\" width=\"245\"><img decoding=\"async\" src=\"https:\/\/www.miteebite.com\/wp-content\/uploads\/2014\/02\/versa_grip1.jpg\" alt=\"\" width=\"220\" height=\"192\"><\/td><td align=\"center\" valign=\"middle\" width=\"245\"><img decoding=\"async\" src=\"https:\/\/www.miteebite.com\/wp-content\/uploads\/2014\/02\/versa_grip2.jpg\" alt=\"\" width=\"220\" height=\"192\"><\/td><td align=\"center\" valign=\"middle\" width=\"245\"><img decoding=\"async\" src=\"https:\/\/www.miteebite.com\/wp-content\/uploads\/2014\/02\/versa_grip3.jpg\" alt=\"\" width=\"220\" height=\"192\"><\/td><td align=\"center\" valign=\"middle\" width=\"245\"><img loading=\"lazy\" decoding=\"async\" src=\"https:\/\/www.miteebite.com\/wp-content\/uploads\/2014\/02\/versa_grip4.jpg\" alt=\"\" width=\"220\" height=\"192\"><\/td><\/tr><tr><td align=\"center\" valign=\"middle\"><strong>Du\u017ce wymiary<\/strong><\/td><td align=\"center\" valign=\"middle\"><strong>Cz\u0119\u015bci o nietypowych kszta\u0142tach<\/strong><\/td><td align=\"center\" valign=\"middle\"><strong>Wiele cz\u0119\u015bci<\/strong><\/td><td align=\"center\" valign=\"middle\"><strong>Zastosowanie Tombstone<\/strong><\/td><\/tr><\/tbody><\/table><\/div><div class=\"fullwidthdrawing\"><table class=\"tableshiftdown\" border=\"0\" width=\"982\" cellspacing=\"0\" cellpadding=\"0\"><tbody><tr><td align=\"left\" valign=\"top\" width=\"286\">System ten mo\u017ce pomie\u015bci\u0107 szeroki zakres rozmiar\u00f3w cz\u0119\u015bci, a tak\u017ce utrzymywa\u0107 wiele cz\u0119\u015bci w jednym cyklu. Hartowany (55-58 HRC) VersaGrip\u2122 ma penetruj\u0105ce z\u0119by zaprojektowane do wgryzania si\u0119 w przedmiot obrabiany, zapobiegaj\u0105c ruchom bocznym i poziomym. Te uchwyty utrzymaj\u0105 cz\u0119\u015bci ci\u0119te p\u0142omieniem, odlewy, nawet cz\u0119\u015bci z ujemnym skosem!  <\/td><td align=\"center\" valign=\"top\" width=\"696\"><h3 class=\"white\"><a href=\"https:\/\/www.miteebite.com\/wp-content\/uploads\/2014\/02\/versa_grip1.png\" rel=\"lightbox[967]\"><img loading=\"lazy\" decoding=\"async\" class=\"alignnone wp-image-1474\" src=\"https:\/\/www.miteebite.com\/wp-content\/uploads\/2025\/05\/VERSAGRIP_chart-drawing-gripA.png\" alt=\"versa_grip2\" width=\"159\" height=\"174\"><img loading=\"lazy\" decoding=\"async\" class=\"alignnone wp-image-1473\" src=\"https:\/\/www.miteebite.com\/wp-content\/uploads\/2025\/05\/VERSAGRIP_chart-drawing-jaws.png\" alt=\"versa_grip1\" width=\"423\" height=\"383\"><\/a><\/h3><\/td><\/tr><\/tbody><\/table><\/div><h2 class=\"white\">ZESTAW STALOWYCH SZCZ\u0118K IMAD\u0141A<\/h2><p>Wszystkie szcz\u0119ki z gwintem M5<\/p><p><strong>Zestaw zawiera 2 szcz\u0119ki, 4 VersaGrips\u2122 (32175) ze \u015brubami M5<\/strong><\/p><table class=\"smalltable\" border=\"0\" cellspacing=\"2\" cellpadding=\"1\"><tbody><tr class=\"tbbordbot\"><th align=\"center\">Nr cz\u0119\u015bci<\/th><th align=\"center\"> <\/th><th align=\"left\">Imad\u0142o (metryczne)<\/th><th align=\"center\">A (metryczne)<\/th><th align=\"center\">B (metryczne)<\/th><th align=\"center\">C (metryczne)<\/th><th align=\"center\">D (metryczne)<\/th><th align=\"center\">E (metryczne)<\/th><\/tr><tr><td colspan=\"8\">Z OTWORAMI MONTA\u017bOWYMI<\/td><\/tr><tr><td align=\"center\">32166<\/td><td align=\"center\"><a href=\"https:\/\/miteebite.com\/MB%20CAD%20FILES\/Versagrip\/32166.STEP\" target=\"_blank\" rel=\"noopener\">CAD<\/a><\/td><td align=\"left\">4&#8243;\/6&#8243; (100mm\/150mm)<\/td><td align=\"center\">6.00 (150)<\/td><td align=\"center\">1.88 (47.75)<\/td><td align=\"center\">1.0 (25.4)<\/td><td align=\"center\">2.5\/3.88 (63.5\/98.55)<\/td><td align=\"center\">.688\/.94 (17.47\/23.87)<\/td><\/tr><tr><td align=\"center\">32168<\/td><td align=\"center\"><a href=\"https:\/\/miteebite.com\/MB%20CAD%20FILES\/Versagrip\/32168.STEP\" target=\"_blank\" rel=\"noopener\">CAD<\/a><\/td><td align=\"left\">6&#8243; (150mm)<\/td><td align=\"center\">8.00 (200)<\/td><td align=\"center\">1.88 (47.75)<\/td><td align=\"center\">1.0 (25.4)<\/td><td align=\"center\">3.88 (98.55)<\/td><td align=\"center\">.94 (23.87)<\/td><\/tr><tr><td colspan=\"8\">BEZ OTWOR\u00d3W MONTA\u017bOWYCH<\/td><\/tr><tr><td align=\"center\">33166<\/td><td align=\"center\"><a href=\"https:\/\/miteebite.com\/MB%20CAD%20FILES\/Versagrip\/33166.STEP\" target=\"_blank\" rel=\"noopener\">CAD<\/a><\/td><td align=\"left\">\u2013<\/td><td align=\"center\">6.00 (150)<\/td><td align=\"center\">1.88 (47.75)<\/td><td align=\"center\">1.0 (25.4)<\/td><td> <\/td><td> <\/td><\/tr><tr><td align=\"center\">33168<\/td><td align=\"center\"><a href=\"https:\/\/miteebite.com\/MB%20CAD%20FILES\/Versagrip\/33168.STEP\" target=\"_blank\" rel=\"noopener\">CAD<\/a><\/td><td align=\"left\">\u2013<\/td><td align=\"center\">8.00 (200)<\/td><td align=\"center\">1.88 (47.75)<\/td><td align=\"center\">1.0 (25.4)<\/td><td> <\/td><td> <\/td><\/tr><\/tbody><\/table><table border=\"0\" width=\"507\" cellspacing=\"1\" cellpadding=\"1\"><tbody><tr><td align=\"left\" valign=\"top\" width=\"501\"><h3 class=\"grey\">VersaGrips\u2122<\/h3><\/td><\/tr><tr><td align=\"left\" valign=\"top\"><table class=\"smalltable\"><tbody><tr class=\"tbbordbot\"><th> <\/th><th>Nr cz\u0119\u015bci<\/th><th> <\/th><th>A<\/th><th>B<\/th><th>C<\/th><th>Zalecana<br>wysoko\u015b\u0107 uchwytu<\/th><th>Liczba uchwyt\u00f3w<br>w opakowaniu <\/th><\/tr><tr><td>Cale<br>Metryczne<\/td><td>33175<br>32175<\/td><td><a href=\"https:\/\/miteebite.com\/MB%20CAD%20FILES\/Versagrip\/33175.STEP\" target=\"_blank\" rel=\"noopener\">CAD<\/a><br><a href=\"https:\/\/miteebite.com\/MB%20CAD%20FILES\/Versagrip\/32175.STEP\" target=\"_blank\" rel=\"noopener\">CAD<\/a><\/td><td align=\"CENTER\" valign=\"BOTTOM\">.750<br>19.05<\/td><td align=\"CENTER\" valign=\"BOTTOM\">.375<br>9.52<\/td><td align=\"CENTER\" valign=\"BOTTOM\">10-32<br>M5<\/td><td align=\"CENTER\" valign=\"BOTTOM\">.060-.140<br>1.5mm-3.5mm<\/td><td align=\"CENTER\" valign=\"BOTTOM\">2<br>2<\/td><\/tr><\/tbody><\/table><\/td><\/tr><\/tbody><\/table><p>Uchwyty calowe (33175) do u\u017cytku w oprzyrz\u0105dowaniu. Uchwyty metryczne (32175) pasuj\u0105 do wszystkich zestaw\u00f3w szcz\u0119k VersaGrip\u2122 Mitee-Bite. <\/p><div class=\"fullwidthdrawing\"><p><a href=\"https:\/\/www.miteebite.com\/wp-content\/uploads\/2014\/02\/ATT40439.jpg\" rel=\"lightbox[967]\"><img loading=\"lazy\" decoding=\"async\" class=\"alignnone size-medium wp-image-2492\" src=\"https:\/\/www.miteebite.com\/wp-content\/uploads\/2014\/02\/ATT40439-280x300.jpg\" sizes=\"auto, (max-width: 280px) 100vw, 280px\" srcset=\"https:\/\/www.miteebite.com\/wp-content\/uploads\/2014\/02\/ATT40439-280x300.jpg 280w, https:\/\/www.miteebite.com\/wp-content\/uploads\/2014\/02\/ATT40439.jpg 481w\" alt=\"ATT40439\" width=\"280\" height=\"300\"><\/a><\/p><h3 class=\"grey\">Zestawy kombinowane Talongrip\u2122 i Versagrip\u2122<\/h3><table class=\"smalltable\" width=\"35%\"><tbody><tr class=\"tbbordbot\"><th align=\"left\">33006<\/th><th align=\"left\">Zestaw kombinowany Talongrip\u2122 i Versagrip\u2122 6&#8243;<\/th><\/tr><tr><td colspan=\"2\"><strong>Zawarto\u015b\u0107 zestawu<\/strong><\/td><\/tr><tr><td align=\"left\">32066<\/td><td align=\"left\">Zestaw szcz\u0119k imad\u0142a Talongrip\u2122 6\u2033<\/td><\/tr><tr><td align=\"left\">32166<\/td><td align=\"left\">Zestaw szcz\u0119k imad\u0142a Versagrip\u2122 6\u2033<\/td><\/tr><\/tbody><\/table><table class=\"smalltable\" width=\"35%\"><tbody><tr class=\"tbbordbot\"><th align=\"left\">33008<\/th><th align=\"left\">Zestaw kombinowany Talongrip\u2122 i Versagrip\u2122 8\u2033<\/th><\/tr><tr><td colspan=\"2\"><strong>Zawarto\u015b\u0107 zestawu<\/strong><\/td><\/tr><tr><td align=\"left\">32068<\/td><td align=\"left\">Zestaw szcz\u0119k imad\u0142a Talongrip\u2122 8\u2033<\/td><\/tr><tr><td align=\"left\">32168<\/td><td align=\"left\">Zestaw szcz\u0119k imad\u0142a Versagrip\u2122 8\u2033<\/td><\/tr><\/tbody><\/table><div> <\/div><p>UWAGA: Wszystkie szcz\u0119ki dla #33006 s\u0105 zaprojektowane do monta\u017cu w imadle 4\u2033 lub 6\u2033.<br>UWAGA: Wszystkie szcz\u0119ki dla #33008 s\u0105 zaprojektowane do monta\u017cu w imadle 6\u2033.<\/p><\/div>\t\t\t\t\t\t\t\t<\/div>\n\t\t\t\t<\/div>\n\t\t\t\t\t<\/div>\n\t\t<\/div>\n\t\t\t\t\t<\/div>\n\t\t<\/section>\n\t\t\t\t<\/div>\n\t\t","protected":false},"excerpt":{"rendered":"<p>VersaGrip\u2122, jak sama nazwa wskazuje, oferuje wszechstronno\u015b\u0107 standardowego mocowania imad\u0142a, a tak\u017ce rozwi\u0105zanie dla wymagaj\u0105cych zastosowa\u0144, kt\u00f3re normalnie wymaga\u0142yby u\u017cycia mi\u0119kkich szcz\u0119k lub specjalnych mocowa\u0144. Wymieniaj\u0105c istniej\u0105ce szcz\u0119ki na system VersaGrip\u2122, mo\u017cna bezpiecznie mocowa\u0107 pojedyncze, ukszta\u0142towane cz\u0119\u015bci, obrabiaj\u0105c je tak szybko, jak to mo\u017cliwe. <\/p>\n","protected":false},"featured_media":33953,"template":"","meta":{"_acf_changed":false},"product_brand":[],"product_cat":[502],"product_tag":[503],"class_list":{"0":"post-33951","1":"product","2":"type-product","3":"status-publish","4":"has-post-thumbnail","6":"product_cat-zaciski-boczne","7":"product_tag-zaciski-boczne","9":"first","10":"instock","11":"sale","12":"taxable","13":"shipping-taxable","14":"purchasable","15":"product-type-simple"},"acf":[],"yoast_head":"<!-- This site is optimized with the Yoast SEO plugin v20.2.1 - https:\/\/yoast.com\/wordpress\/plugins\/seo\/ -->\n<title>Szcz\u0119ki Versa Grip - Tecus Teknoloji<\/title>\n<meta name=\"robots\" content=\"index, follow, max-snippet:-1, max-image-preview:large, max-video-preview:-1\" \/>\n<link rel=\"canonical\" href=\"https:\/\/tecus.com.tr\/pl\/produkt\/system-szczek-imadla-versa-grip\/\" \/>\n<meta property=\"og:locale\" content=\"pl_PL\" \/>\n<meta property=\"og:type\" content=\"article\" \/>\n<meta property=\"og:title\" content=\"Szcz\u0119ki Versa Grip - Tecus Teknoloji\" \/>\n<meta property=\"og:description\" content=\"VersaGrip\u2122, jak sama nazwa wskazuje, oferuje wszechstronno\u015b\u0107 standardowego mocowania imad\u0142a, a tak\u017ce rozwi\u0105zanie dla wymagaj\u0105cych zastosowa\u0144, kt\u00f3re normalnie wymaga\u0142yby u\u017cycia mi\u0119kkich szcz\u0119k lub specjalnych mocowa\u0144. Wymieniaj\u0105c istniej\u0105ce szcz\u0119ki na system VersaGrip\u2122, mo\u017cna bezpiecznie mocowa\u0107 pojedyncze, ukszta\u0142towane cz\u0119\u015bci, obrabiaj\u0105c je tak szybko, jak to mo\u017cliwe.\" \/>\n<meta property=\"og:url\" content=\"https:\/\/tecus.com.tr\/pl\/produkt\/system-szczek-imadla-versa-grip\/\" \/>\n<meta property=\"og:site_name\" content=\"Tecus Teknoloji\" \/>\n<meta property=\"article:modified_time\" content=\"2025-12-03T12:17:56+00:00\" \/>\n<meta property=\"og:image\" content=\"https:\/\/tecus.com.tr\/wp-content\/uploads\/2018\/04\/VersaGrip.png\" \/>\n\t<meta property=\"og:image:width\" content=\"1000\" \/>\n\t<meta property=\"og:image:height\" content=\"1000\" \/>\n\t<meta property=\"og:image:type\" content=\"image\/png\" \/>\n<meta name=\"twitter:card\" content=\"summary_large_image\" \/>\n<meta name=\"twitter:label1\" content=\"Szacowany czas czytania\" \/>\n\t<meta name=\"twitter:data1\" content=\"2 minuta\" \/>\n<script type=\"application\/ld+json\" class=\"yoast-schema-graph\">{\"@context\":\"https:\/\/schema.org\",\"@graph\":[{\"@type\":\"WebPage\",\"@id\":\"https:\/\/tecus.com.tr\/pl\/produkt\/system-szczek-imadla-versa-grip\/\",\"url\":\"https:\/\/tecus.com.tr\/pl\/produkt\/system-szczek-imadla-versa-grip\/\",\"name\":\"Szcz\u0119ki Versa Grip - Tecus Teknoloji\",\"isPartOf\":{\"@id\":\"https:\/\/tecus.com.tr\/pl\/#website\"},\"datePublished\":\"2018-04-15T11:16:13+00:00\",\"dateModified\":\"2025-12-03T12:17:56+00:00\",\"breadcrumb\":{\"@id\":\"https:\/\/tecus.com.tr\/pl\/produkt\/system-szczek-imadla-versa-grip\/#breadcrumb\"},\"inLanguage\":\"pl-PL\",\"potentialAction\":[{\"@type\":\"ReadAction\",\"target\":[\"https:\/\/tecus.com.tr\/pl\/produkt\/system-szczek-imadla-versa-grip\/\"]}]},{\"@type\":\"BreadcrumbList\",\"@id\":\"https:\/\/tecus.com.tr\/pl\/produkt\/system-szczek-imadla-versa-grip\/#breadcrumb\",\"itemListElement\":[{\"@type\":\"ListItem\",\"position\":1,\"name\":\"Ana sayfa\",\"item\":\"https:\/\/tecus.com.tr\/pl\/\"},{\"@type\":\"ListItem\",\"position\":2,\"name\":\"Ma\u011faza\",\"item\":\"https:\/\/tecus.com.tr\/magaza\/\"},{\"@type\":\"ListItem\",\"position\":3,\"name\":\"Szcz\u0119ki Versa Grip\"}]},{\"@type\":\"WebSite\",\"@id\":\"https:\/\/tecus.com.tr\/pl\/#website\",\"url\":\"https:\/\/tecus.com.tr\/pl\/\",\"name\":\"Tecus Teknoloji\",\"description\":\"CNC par\u00e7a ba\u011flama \u00e7\u00f6z\u00fcmleri\",\"publisher\":{\"@id\":\"https:\/\/tecus.com.tr\/pl\/#organization\"},\"potentialAction\":[{\"@type\":\"SearchAction\",\"target\":{\"@type\":\"EntryPoint\",\"urlTemplate\":\"https:\/\/tecus.com.tr\/pl\/?s={search_term_string}\"},\"query-input\":\"required name=search_term_string\"}],\"inLanguage\":\"pl-PL\"},{\"@type\":\"Organization\",\"@id\":\"https:\/\/tecus.com.tr\/pl\/#organization\",\"name\":\"Tecus Teknoloji\",\"url\":\"https:\/\/tecus.com.tr\/pl\/\",\"logo\":{\"@type\":\"ImageObject\",\"inLanguage\":\"pl-PL\",\"@id\":\"https:\/\/tecus.com.tr\/pl\/#\/schema\/logo\/image\/\",\"url\":\"https:\/\/tecus.com.tr\/wp-content\/uploads\/2018\/04\/tecus-logo-beyaz-2-e1528750997765.png\",\"contentUrl\":\"https:\/\/tecus.com.tr\/wp-content\/uploads\/2018\/04\/tecus-logo-beyaz-2-e1528750997765.png\",\"width\":250,\"height\":53,\"caption\":\"Tecus Teknoloji\"},\"image\":{\"@id\":\"https:\/\/tecus.com.tr\/pl\/#\/schema\/logo\/image\/\"}}]}<\/script>\n<!-- \/ Yoast SEO plugin. -->","yoast_head_json":{"title":"Szcz\u0119ki Versa Grip - Tecus Teknoloji","robots":{"index":"index","follow":"follow","max-snippet":"max-snippet:-1","max-image-preview":"max-image-preview:large","max-video-preview":"max-video-preview:-1"},"canonical":"https:\/\/tecus.com.tr\/pl\/produkt\/system-szczek-imadla-versa-grip\/","og_locale":"pl_PL","og_type":"article","og_title":"Szcz\u0119ki Versa Grip - Tecus Teknoloji","og_description":"VersaGrip\u2122, jak sama nazwa wskazuje, oferuje wszechstronno\u015b\u0107 standardowego mocowania imad\u0142a, a tak\u017ce rozwi\u0105zanie dla wymagaj\u0105cych zastosowa\u0144, kt\u00f3re normalnie wymaga\u0142yby u\u017cycia mi\u0119kkich szcz\u0119k lub specjalnych mocowa\u0144. Wymieniaj\u0105c istniej\u0105ce szcz\u0119ki na system VersaGrip\u2122, mo\u017cna bezpiecznie mocowa\u0107 pojedyncze, ukszta\u0142towane cz\u0119\u015bci, obrabiaj\u0105c je tak szybko, jak to mo\u017cliwe.","og_url":"https:\/\/tecus.com.tr\/pl\/produkt\/system-szczek-imadla-versa-grip\/","og_site_name":"Tecus Teknoloji","article_modified_time":"2025-12-03T12:17:56+00:00","og_image":[{"width":1000,"height":1000,"url":"https:\/\/tecus.com.tr\/wp-content\/uploads\/2018\/04\/VersaGrip.png","type":"image\/png"}],"twitter_card":"summary_large_image","twitter_misc":{"Szacowany czas czytania":"2 minuta"},"schema":{"@context":"https:\/\/schema.org","@graph":[{"@type":"WebPage","@id":"https:\/\/tecus.com.tr\/pl\/produkt\/system-szczek-imadla-versa-grip\/","url":"https:\/\/tecus.com.tr\/pl\/produkt\/system-szczek-imadla-versa-grip\/","name":"Szcz\u0119ki Versa Grip - Tecus Teknoloji","isPartOf":{"@id":"https:\/\/tecus.com.tr\/pl\/#website"},"datePublished":"2018-04-15T11:16:13+00:00","dateModified":"2025-12-03T12:17:56+00:00","breadcrumb":{"@id":"https:\/\/tecus.com.tr\/pl\/produkt\/system-szczek-imadla-versa-grip\/#breadcrumb"},"inLanguage":"pl-PL","potentialAction":[{"@type":"ReadAction","target":["https:\/\/tecus.com.tr\/pl\/produkt\/system-szczek-imadla-versa-grip\/"]}]},{"@type":"BreadcrumbList","@id":"https:\/\/tecus.com.tr\/pl\/produkt\/system-szczek-imadla-versa-grip\/#breadcrumb","itemListElement":[{"@type":"ListItem","position":1,"name":"Ana sayfa","item":"https:\/\/tecus.com.tr\/pl\/"},{"@type":"ListItem","position":2,"name":"Ma\u011faza","item":"https:\/\/tecus.com.tr\/magaza\/"},{"@type":"ListItem","position":3,"name":"Szcz\u0119ki Versa Grip"}]},{"@type":"WebSite","@id":"https:\/\/tecus.com.tr\/pl\/#website","url":"https:\/\/tecus.com.tr\/pl\/","name":"Tecus Teknoloji","description":"CNC par\u00e7a ba\u011flama \u00e7\u00f6z\u00fcmleri","publisher":{"@id":"https:\/\/tecus.com.tr\/pl\/#organization"},"potentialAction":[{"@type":"SearchAction","target":{"@type":"EntryPoint","urlTemplate":"https:\/\/tecus.com.tr\/pl\/?s={search_term_string}"},"query-input":"required name=search_term_string"}],"inLanguage":"pl-PL"},{"@type":"Organization","@id":"https:\/\/tecus.com.tr\/pl\/#organization","name":"Tecus Teknoloji","url":"https:\/\/tecus.com.tr\/pl\/","logo":{"@type":"ImageObject","inLanguage":"pl-PL","@id":"https:\/\/tecus.com.tr\/pl\/#\/schema\/logo\/image\/","url":"https:\/\/tecus.com.tr\/wp-content\/uploads\/2018\/04\/tecus-logo-beyaz-2-e1528750997765.png","contentUrl":"https:\/\/tecus.com.tr\/wp-content\/uploads\/2018\/04\/tecus-logo-beyaz-2-e1528750997765.png","width":250,"height":53,"caption":"Tecus Teknoloji"},"image":{"@id":"https:\/\/tecus.com.tr\/pl\/#\/schema\/logo\/image\/"}}]}},"_links":{"self":[{"href":"https:\/\/tecus.com.tr\/pl\/wp-json\/wp\/v2\/product\/33951","targetHints":{"allow":["GET"]}}],"collection":[{"href":"https:\/\/tecus.com.tr\/pl\/wp-json\/wp\/v2\/product"}],"about":[{"href":"https:\/\/tecus.com.tr\/pl\/wp-json\/wp\/v2\/types\/product"}],"version-history":[{"count":8,"href":"https:\/\/tecus.com.tr\/pl\/wp-json\/wp\/v2\/product\/33951\/revisions"}],"predecessor-version":[{"id":48955,"href":"https:\/\/tecus.com.tr\/pl\/wp-json\/wp\/v2\/product\/33951\/revisions\/48955"}],"wp:featuredmedia":[{"embeddable":true,"href":"https:\/\/tecus.com.tr\/pl\/wp-json\/wp\/v2\/media\/33953"}],"wp:attachment":[{"href":"https:\/\/tecus.com.tr\/pl\/wp-json\/wp\/v2\/media?parent=33951"}],"wp:term":[{"taxonomy":"product_brand","embeddable":true,"href":"https:\/\/tecus.com.tr\/pl\/wp-json\/wp\/v2\/product_brand?post=33951"},{"taxonomy":"product_cat","embeddable":true,"href":"https:\/\/tecus.com.tr\/pl\/wp-json\/wp\/v2\/product_cat?post=33951"},{"taxonomy":"product_tag","embeddable":true,"href":"https:\/\/tecus.com.tr\/pl\/wp-json\/wp\/v2\/product_tag?post=33951"}],"curies":[{"name":"wp","href":"https:\/\/api.w.org\/{rel}","templated":true}]}}