{"id":33944,"date":"2018-07-07T12:44:46","date_gmt":"2018-07-07T12:44:46","guid":{"rendered":"https:\/\/tecus.com.tr\/urun\/uniforce-clampler\/"},"modified":"2025-12-03T12:19:03","modified_gmt":"2025-12-03T12:19:03","slug":"uniforce-clampler","status":"publish","type":"product","link":"https:\/\/tecus.com.tr\/pl\/produkt\/uniforce-clampler\/","title":{"rendered":"Uniforce Clampler"},"content":{"rendered":"\t\t<div data-elementor-type=\"wp-post\" data-elementor-id=\"33944\" class=\"elementor elementor-33944 elementor-9242\" data-elementor-post-type=\"product\">\n\t\t\t\t\t\t<section class=\"elementor-section elementor-top-section elementor-element elementor-element-44ceba97 elementor-section-boxed elementor-section-height-default elementor-section-height-default\" data-id=\"44ceba97\" data-element_type=\"section\">\n\t\t\t\t\t\t<div class=\"elementor-container elementor-column-gap-default\">\n\t\t\t\t\t<div class=\"elementor-column elementor-col-100 elementor-top-column elementor-element elementor-element-31b4ae77\" data-id=\"31b4ae77\" data-element_type=\"column\">\n\t\t\t<div class=\"elementor-widget-wrap elementor-element-populated\">\n\t\t\t\t\t\t<div class=\"elementor-element elementor-element-2fe83e6 elementor-widget elementor-widget-text-editor\" data-id=\"2fe83e6\" data-element_type=\"widget\" data-widget_type=\"text-editor.default\">\n\t\t\t\t<div class=\"elementor-widget-container\">\n\t\t\t\t\t\t\t\t\t<table border=\"0\" width=\"982\" cellspacing=\"0\" cellpadding=\"0\"><tbody><tr><td align=\"left\" valign=\"top\"><h2>Metryczne<\/h2><ul><li><table style=\"height: 530px;\" width=\"1033\"><tbody><tr><th style=\"text-align: left;\">Nr cz\u0119\u015bci<\/th><th style=\"text-align: left;\">mdl<\/th><th style=\"text-align: left;\"> <\/th><th style=\"text-align: left;\">A<\/th><th style=\"text-align: left;\">B<\/th><th style=\"text-align: left;\">B1<\/th><th style=\"text-align: left;\">C<\/th><th style=\"text-align: left;\">D *<\/th><th style=\"text-align: left;\">E<\/th><th style=\"text-align: left;\">F \u2020<\/th><th style=\"text-align: left;\"><p>Gwint<\/p><p>d\u0142ugo\u015b\u0107<\/p><\/th><th style=\"text-align: left;\"><p>Maks.<\/p><p>rozst.<\/p><\/th><th style=\"text-align: left;\"><p>Maks.<\/p><p>Moment<\/p><p>(Nm)<\/p><\/th><th style=\"text-align: left;\"><p>Si\u0142a<\/p><p>zac. (N)<\/p><\/th><th style=\"text-align: left;\"><p>Liczba<\/p><p>zacisk\u00f3w<\/p><p>na opakowanie<\/p><\/th><th style=\"text-align: left;\"><p>D\u0142ugo\u015b\u0107<\/p><p>d\u0142ugo\u015b\u0107<\/p><\/th><th style=\"text-align: left;\" colspan=\"2\"><p>Cz\u0119\u015bci<\/p><p>zamienne + kana\u0142<\/p><\/th><\/tr><tr><td align=\"center\" valign=\"middle\">80250<\/td><td align=\"center\" valign=\"middle\">250<\/td><td align=\"center\"><a style=\"color: #000000;\">CAD<\/a><\/td><td align=\"center\" valign=\"middle\">6.1<\/td><td align=\"center\" valign=\"middle\">6.9<\/td><td align=\"center\" valign=\"middle\">6.4<\/td><td align=\"center\" valign=\"middle\">8.1<\/td><td align=\"center\" valign=\"middle\">5.3<\/td><td align=\"center\" valign=\"middle\">3.6<\/td><td align=\"center\" valign=\"middle\">6.4<\/td><td align=\"center\" valign=\"middle\">M2<\/td><td align=\"center\" valign=\"middle\">6.7<\/td><td align=\"center\" valign=\"middle\">0.70<\/td><td align=\"center\" valign=\"middle\">880<\/td><td align=\"center\" valign=\"middle\">6<\/td><td align=\"center\" valign=\"middle\">1.5<\/td><td align=\"center\" valign=\"middle\" width=\"50\">60305<\/td><td align=\"center\" valign=\"middle\" width=\"50\">60205<\/td><\/tr><tr><td align=\"center\" valign=\"middle\">80375<\/td><td align=\"center\" valign=\"middle\">375<\/td><td align=\"center\"><a style=\"color: #000000;\">CAD<\/a><\/td><td align=\"center\" valign=\"middle\">9.1<\/td><td align=\"center\" valign=\"middle\">9.7<\/td><td align=\"center\" valign=\"middle\">9.5<\/td><td align=\"center\" valign=\"middle\">11.9<\/td><td align=\"center\" valign=\"middle\">7.9<\/td><td align=\"center\" valign=\"middle\">4.7<\/td><td align=\"center\" valign=\"middle\">9.5<\/td><td align=\"center\" valign=\"middle\">M 2,5<\/td><td align=\"center\" valign=\"middle\">10.0<\/td><td align=\"center\" valign=\"middle\">1.50<\/td><td align=\"center\" valign=\"middle\">1350<\/td><td align=\"center\" valign=\"middle\">6<\/td><td align=\"center\" valign=\"middle\">2<\/td><td align=\"center\" valign=\"middle\">60307<\/td><td align=\"center\" valign=\"middle\">60207<\/td><\/tr><tr><td align=\"center\" valign=\"middle\">80500<\/td><td align=\"center\" valign=\"middle\">500<\/td><td align=\"center\"><a style=\"color: #000000;\">CAD<\/a><\/td><td align=\"center\" valign=\"middle\">12.3<\/td><td align=\"center\" valign=\"middle\">14.5<\/td><td align=\"center\" valign=\"middle\">12.70<\/td><td align=\"center\" valign=\"middle\">15.9<\/td><td align=\"center\" valign=\"middle\">10.4<\/td><td align=\"center\" valign=\"middle\">5.6<\/td><td align=\"center\" valign=\"middle\">12.7<\/td><td align=\"center\" valign=\"middle\">M4<\/td><td align=\"center\" valign=\"middle\">13.2<\/td><td align=\"center\" valign=\"middle\">3.40<\/td><td align=\"center\" valign=\"middle\">2225<\/td><td align=\"center\" valign=\"middle\">8<\/td><td align=\"center\" valign=\"middle\">3<\/td><td align=\"center\" valign=\"middle\">60310<\/td><td align=\"center\" valign=\"middle\">60210<\/td><\/tr><tr><td align=\"center\" valign=\"middle\">80750<\/td><td align=\"center\" valign=\"middle\">750<\/td><td align=\"center\"><a style=\"color: #000000;\">CAD<\/a><\/td><td align=\"center\" valign=\"middle\">18.6<\/td><td align=\"center\" valign=\"middle\">19.0<\/td><td align=\"center\" valign=\"middle\">19.05<\/td><td align=\"center\" valign=\"middle\">23.8<\/td><td align=\"center\" valign=\"middle\">16.1<\/td><td align=\"center\" valign=\"middle\">9.5<\/td><td align=\"center\" valign=\"middle\">19.0<\/td><td align=\"center\" valign=\"middle\">M6<\/td><td align=\"center\" valign=\"middle\">20.3<\/td><td align=\"center\" valign=\"middle\">13,50<\/td><td align=\"center\" valign=\"middle\">6675<\/td><td align=\"center\" valign=\"middle\">6<\/td><td align=\"center\" valign=\"middle\">5<\/td><td align=\"center\" valign=\"middle\">60320<\/td><td align=\"center\" valign=\"middle\">60220<\/td><\/tr><tr><td align=\"center\" valign=\"middle\">81000<\/td><td align=\"center\" valign=\"middle\">1000<\/td><td align=\"center\"><a style=\"color: #000000;\">CAD<\/a><\/td><td align=\"center\" valign=\"middle\">24.8<\/td><td align=\"center\" valign=\"middle\">25.9<\/td><td align=\"center\" valign=\"middle\">25.40<\/td><td align=\"center\" valign=\"middle\">31,7<\/td><td align=\"center\" valign=\"middle\">20.8<\/td><td align=\"center\" valign=\"middle\">12.7<\/td><td align=\"center\" valign=\"middle\">25.4<\/td><td align=\"center\" valign=\"middle\">M8<\/td><td align=\"center\" valign=\"middle\">26.9<\/td><td align=\"center\" valign=\"middle\">25.00<\/td><td align=\"center\" valign=\"middle\">11125<\/td><td align=\"center\" valign=\"middle\">4<\/td><td align=\"center\" valign=\"middle\">6<\/td><td align=\"center\" valign=\"middle\">60330<\/td><td align=\"center\" valign=\"middle\">60230<\/td><\/tr><tr><td align=\"center\" valign=\"middle\">81500<\/td><td align=\"center\" valign=\"middle\">1500<\/td><td align=\"center\"><a style=\"color: #000000;\">CAD<\/a><\/td><td align=\"center\" valign=\"middle\">37.3<\/td><td align=\"center\" valign=\"middle\">38.6<\/td><td align=\"center\" valign=\"middle\">38.10<\/td><td align=\"center\" valign=\"middle\">47.6<\/td><td align=\"center\" valign=\"middle\">30.8<\/td><td align=\"center\" valign=\"middle\">19.0<\/td><td align=\"center\" valign=\"middle\">38.1<\/td><td align=\"center\" valign=\"middle\">M12<\/td><td align=\"center\" valign=\"middle\">39,9<\/td><td align=\"center\" valign=\"middle\">38.40<\/td><td align=\"center\" valign=\"middle\">15575<\/td><td align=\"center\" valign=\"middle\">2<\/td><td align=\"center\" valign=\"middle\">10<\/td><td align=\"center\" valign=\"middle\">60340<\/td><td align=\"center\" valign=\"middle\">60240<\/td><\/tr><tr><td style=\"text-align: left;\" align=\"center\" valign=\"middle\">82000<\/td><td style=\"text-align: left;\" align=\"center\" valign=\"middle\">2000<\/td><td style=\"text-align: left;\" align=\"center\"><a style=\"color: #000000;\">CAD<\/a><\/td><td style=\"text-align: left;\" align=\"center\" valign=\"middle\">49.7<\/td><td style=\"text-align: left;\" align=\"center\" valign=\"middle\">51.5<\/td><td style=\"text-align: left;\" align=\"center\" valign=\"middle\">50.80<\/td><td style=\"text-align: left;\" align=\"center\" valign=\"middle\">63.5<\/td><td style=\"text-align: left;\" align=\"center\" valign=\"middle\">41,2<\/td><td style=\"text-align: left;\" align=\"center\" valign=\"middle\">25.4<\/td><td style=\"text-align: left;\" align=\"center\" valign=\"middle\">50,8<\/td><td style=\"text-align: left;\" align=\"center\" valign=\"middle\">M16<\/td><td style=\"text-align: left;\" align=\"center\" valign=\"middle\">53.0<\/td><td style=\"text-align: left;\" align=\"center\" valign=\"middle\">74,60<\/td><td style=\"text-align: left;\" align=\"center\" valign=\"middle\">26700<\/td><td style=\"text-align: left;\" align=\"center\" valign=\"middle\">2<\/td><td style=\"text-align: left;\" align=\"center\" valign=\"middle\">14<\/td><td style=\"text-align: left;\" align=\"center\" valign=\"middle\">60350<\/td><td style=\"text-align: left;\" align=\"center\" valign=\"middle\">60245<\/td><\/tr><\/tbody><\/table><\/li><\/ul><\/td><\/tr><\/tbody><\/table><p>D * \u2013 Wyfrezowany rowek szerszy ni\u017c wymiar D zapewnia, \u017ce zacisk pozostaje w jednej linii z obrabianym elementem. Kraw\u0119dzie rozszerzaj\u0105ce nie powinny styka\u0107 si\u0119 ze \u015bciankami rowka podczas rozszerzania.<br>F \u2020 Odleg\u0142o\u015b\u0107 mi\u0119dzy obrabianymi elementami dla otworu zacisku. Otw\u00f3r monta\u017cowy do wiercenia i gwintowania w centrum wymiaru F  <\/p>\t\t\t\t\t\t\t\t<\/div>\n\t\t\t\t<\/div>\n\t\t\t\t\t<\/div>\n\t\t<\/div>\n\t\t\t\t\t<\/div>\n\t\t<\/section>\n\t\t\t\t<\/div>\n\t\t","protected":false},"excerpt":{"rendered":"<p>Kompaktowy, ekonomiczny zacisk MITEE-BITE Uniforce\u00ae umo\u017cliwia mocowanie wi\u0119kszej liczby cz\u0119\u015bci na stole obrabiarki. Specjalnie zaprojektowany stalowy klin r\u00f3wnomiernie rozprowadza si\u0142\u0119 zacisku z obu stron kana\u0142u wykonanego z aluminium 7075-T6. Szybkie mocowanie jest zapewnione dzi\u0119ki temu, \u017ce jedna \u015bruba jednocze\u015bnie zaciska dwie cz\u0119\u015bci.  <\/p>\n<ul>\n<li>Zwi\u0119ksza produktywno\u015b\u0107.<\/li>\n<li>Minimalizuje zmiany narz\u0119dzi.<\/li>\n<li>Utrzymuje dwie cz\u0119\u015bci z r\u00f3wn\u0105 si\u0142\u0105 zacisku.<\/li>\n<li>Idealny do mocowania cz\u0119\u015bci p\u0142askich lub okr\u0105g\u0142ych.<\/li>\n<li>Zmniejsza niewykorzystan\u0105 przestrze\u0144.<\/li>\n<li>\u0141atwo \u0142\u0105czy si\u0119 z hydraulicznymi si\u0142ownikami poci\u0105gowymi.<\/li>\n<li>Idealny do zmieniacz\u00f3w palet<\/li>\n<\/ul>\n<p>&nbsp;<\/p>\n","protected":false},"featured_media":36328,"template":"","meta":{"_acf_changed":false},"product_brand":[],"product_cat":[502],"product_tag":[503],"class_list":{"0":"post-33944","1":"product","2":"type-product","3":"status-publish","4":"has-post-thumbnail","6":"product_cat-zaciski-boczne","7":"product_tag-zaciski-boczne","9":"first","10":"instock","11":"sale","12":"taxable","13":"shipping-taxable","14":"purchasable","15":"product-type-variable"},"acf":[],"yoast_head":"<!-- This site is optimized with the Yoast SEO plugin v20.2.1 - https:\/\/yoast.com\/wordpress\/plugins\/seo\/ -->\n<title>Uniforce Clampler - Tecus Teknoloji<\/title>\n<meta name=\"robots\" content=\"index, follow, max-snippet:-1, max-image-preview:large, max-video-preview:-1\" \/>\n<link rel=\"canonical\" href=\"https:\/\/tecus.com.tr\/pl\/produkt\/uniforce-clampler\/\" \/>\n<meta property=\"og:locale\" content=\"pl_PL\" \/>\n<meta property=\"og:type\" content=\"article\" \/>\n<meta property=\"og:title\" content=\"Uniforce Clampler - Tecus Teknoloji\" \/>\n<meta property=\"og:description\" content=\"Kompaktowy, ekonomiczny zacisk MITEE-BITE Uniforce\u00ae umo\u017cliwia mocowanie wi\u0119kszej liczby cz\u0119\u015bci na stole obrabiarki. Specjalnie zaprojektowany stalowy klin r\u00f3wnomiernie rozprowadza si\u0142\u0119 zacisku z obu stron kana\u0142u wykonanego z aluminium 7075-T6. Szybkie mocowanie jest zapewnione dzi\u0119ki temu, \u017ce jedna \u015bruba jednocze\u015bnie zaciska dwie cz\u0119\u015bci.   Zwi\u0119ksza produktywno\u015b\u0107.  Minimalizuje zmiany narz\u0119dzi.  Utrzymuje dwie cz\u0119\u015bci z r\u00f3wn\u0105 si\u0142\u0105 zacisku.  Idealny do mocowania cz\u0119\u015bci p\u0142askich lub okr\u0105g\u0142ych.  Zmniejsza niewykorzystan\u0105 przestrze\u0144.  \u0141atwo \u0142\u0105czy si\u0119 z hydraulicznymi si\u0142ownikami poci\u0105gowymi.  Idealny do zmieniacz\u00f3w palet &nbsp;\" \/>\n<meta property=\"og:url\" content=\"https:\/\/tecus.com.tr\/pl\/produkt\/uniforce-clampler\/\" \/>\n<meta property=\"og:site_name\" content=\"Tecus Teknoloji\" \/>\n<meta property=\"article:modified_time\" content=\"2025-12-03T12:19:03+00:00\" \/>\n<meta property=\"og:image\" content=\"https:\/\/tecus.com.tr\/wp-content\/uploads\/2018\/07\/uniforce_clamps_header.png\" \/>\n\t<meta property=\"og:image:width\" content=\"1024\" \/>\n\t<meta property=\"og:image:height\" content=\"1024\" \/>\n\t<meta property=\"og:image:type\" content=\"image\/png\" \/>\n<meta name=\"twitter:card\" content=\"summary_large_image\" \/>\n<script type=\"application\/ld+json\" class=\"yoast-schema-graph\">{\"@context\":\"https:\/\/schema.org\",\"@graph\":[{\"@type\":\"WebPage\",\"@id\":\"https:\/\/tecus.com.tr\/pl\/produkt\/uniforce-clampler\/\",\"url\":\"https:\/\/tecus.com.tr\/pl\/produkt\/uniforce-clampler\/\",\"name\":\"Uniforce Clampler - Tecus Teknoloji\",\"isPartOf\":{\"@id\":\"https:\/\/tecus.com.tr\/pl\/#website\"},\"datePublished\":\"2018-07-07T12:44:46+00:00\",\"dateModified\":\"2025-12-03T12:19:03+00:00\",\"breadcrumb\":{\"@id\":\"https:\/\/tecus.com.tr\/pl\/produkt\/uniforce-clampler\/#breadcrumb\"},\"inLanguage\":\"pl-PL\",\"potentialAction\":[{\"@type\":\"ReadAction\",\"target\":[\"https:\/\/tecus.com.tr\/pl\/produkt\/uniforce-clampler\/\"]}]},{\"@type\":\"BreadcrumbList\",\"@id\":\"https:\/\/tecus.com.tr\/pl\/produkt\/uniforce-clampler\/#breadcrumb\",\"itemListElement\":[{\"@type\":\"ListItem\",\"position\":1,\"name\":\"Ana sayfa\",\"item\":\"https:\/\/tecus.com.tr\/pl\/\"},{\"@type\":\"ListItem\",\"position\":2,\"name\":\"Ma\u011faza\",\"item\":\"https:\/\/tecus.com.tr\/magaza\/\"},{\"@type\":\"ListItem\",\"position\":3,\"name\":\"Uniforce Clampler\"}]},{\"@type\":\"WebSite\",\"@id\":\"https:\/\/tecus.com.tr\/pl\/#website\",\"url\":\"https:\/\/tecus.com.tr\/pl\/\",\"name\":\"Tecus Teknoloji\",\"description\":\"CNC par\u00e7a ba\u011flama \u00e7\u00f6z\u00fcmleri\",\"publisher\":{\"@id\":\"https:\/\/tecus.com.tr\/pl\/#organization\"},\"potentialAction\":[{\"@type\":\"SearchAction\",\"target\":{\"@type\":\"EntryPoint\",\"urlTemplate\":\"https:\/\/tecus.com.tr\/pl\/?s={search_term_string}\"},\"query-input\":\"required name=search_term_string\"}],\"inLanguage\":\"pl-PL\"},{\"@type\":\"Organization\",\"@id\":\"https:\/\/tecus.com.tr\/pl\/#organization\",\"name\":\"Tecus Teknoloji\",\"url\":\"https:\/\/tecus.com.tr\/pl\/\",\"logo\":{\"@type\":\"ImageObject\",\"inLanguage\":\"pl-PL\",\"@id\":\"https:\/\/tecus.com.tr\/pl\/#\/schema\/logo\/image\/\",\"url\":\"https:\/\/tecus.com.tr\/wp-content\/uploads\/2018\/04\/tecus-logo-beyaz-2-e1528750997765.png\",\"contentUrl\":\"https:\/\/tecus.com.tr\/wp-content\/uploads\/2018\/04\/tecus-logo-beyaz-2-e1528750997765.png\",\"width\":250,\"height\":53,\"caption\":\"Tecus Teknoloji\"},\"image\":{\"@id\":\"https:\/\/tecus.com.tr\/pl\/#\/schema\/logo\/image\/\"}}]}<\/script>\n<!-- \/ Yoast SEO plugin. -->","yoast_head_json":{"title":"Uniforce Clampler - Tecus Teknoloji","robots":{"index":"index","follow":"follow","max-snippet":"max-snippet:-1","max-image-preview":"max-image-preview:large","max-video-preview":"max-video-preview:-1"},"canonical":"https:\/\/tecus.com.tr\/pl\/produkt\/uniforce-clampler\/","og_locale":"pl_PL","og_type":"article","og_title":"Uniforce Clampler - Tecus Teknoloji","og_description":"Kompaktowy, ekonomiczny zacisk MITEE-BITE Uniforce\u00ae umo\u017cliwia mocowanie wi\u0119kszej liczby cz\u0119\u015bci na stole obrabiarki. Specjalnie zaprojektowany stalowy klin r\u00f3wnomiernie rozprowadza si\u0142\u0119 zacisku z obu stron kana\u0142u wykonanego z aluminium 7075-T6. Szybkie mocowanie jest zapewnione dzi\u0119ki temu, \u017ce jedna \u015bruba jednocze\u015bnie zaciska dwie cz\u0119\u015bci.   Zwi\u0119ksza produktywno\u015b\u0107.  Minimalizuje zmiany narz\u0119dzi.  Utrzymuje dwie cz\u0119\u015bci z r\u00f3wn\u0105 si\u0142\u0105 zacisku.  Idealny do mocowania cz\u0119\u015bci p\u0142askich lub okr\u0105g\u0142ych.  Zmniejsza niewykorzystan\u0105 przestrze\u0144.  \u0141atwo \u0142\u0105czy si\u0119 z hydraulicznymi si\u0142ownikami poci\u0105gowymi.  Idealny do zmieniacz\u00f3w palet &nbsp;","og_url":"https:\/\/tecus.com.tr\/pl\/produkt\/uniforce-clampler\/","og_site_name":"Tecus Teknoloji","article_modified_time":"2025-12-03T12:19:03+00:00","og_image":[{"width":1024,"height":1024,"url":"https:\/\/tecus.com.tr\/wp-content\/uploads\/2018\/07\/uniforce_clamps_header.png","type":"image\/png"}],"twitter_card":"summary_large_image","schema":{"@context":"https:\/\/schema.org","@graph":[{"@type":"WebPage","@id":"https:\/\/tecus.com.tr\/pl\/produkt\/uniforce-clampler\/","url":"https:\/\/tecus.com.tr\/pl\/produkt\/uniforce-clampler\/","name":"Uniforce Clampler - Tecus Teknoloji","isPartOf":{"@id":"https:\/\/tecus.com.tr\/pl\/#website"},"datePublished":"2018-07-07T12:44:46+00:00","dateModified":"2025-12-03T12:19:03+00:00","breadcrumb":{"@id":"https:\/\/tecus.com.tr\/pl\/produkt\/uniforce-clampler\/#breadcrumb"},"inLanguage":"pl-PL","potentialAction":[{"@type":"ReadAction","target":["https:\/\/tecus.com.tr\/pl\/produkt\/uniforce-clampler\/"]}]},{"@type":"BreadcrumbList","@id":"https:\/\/tecus.com.tr\/pl\/produkt\/uniforce-clampler\/#breadcrumb","itemListElement":[{"@type":"ListItem","position":1,"name":"Ana sayfa","item":"https:\/\/tecus.com.tr\/pl\/"},{"@type":"ListItem","position":2,"name":"Ma\u011faza","item":"https:\/\/tecus.com.tr\/magaza\/"},{"@type":"ListItem","position":3,"name":"Uniforce Clampler"}]},{"@type":"WebSite","@id":"https:\/\/tecus.com.tr\/pl\/#website","url":"https:\/\/tecus.com.tr\/pl\/","name":"Tecus Teknoloji","description":"CNC par\u00e7a ba\u011flama \u00e7\u00f6z\u00fcmleri","publisher":{"@id":"https:\/\/tecus.com.tr\/pl\/#organization"},"potentialAction":[{"@type":"SearchAction","target":{"@type":"EntryPoint","urlTemplate":"https:\/\/tecus.com.tr\/pl\/?s={search_term_string}"},"query-input":"required name=search_term_string"}],"inLanguage":"pl-PL"},{"@type":"Organization","@id":"https:\/\/tecus.com.tr\/pl\/#organization","name":"Tecus Teknoloji","url":"https:\/\/tecus.com.tr\/pl\/","logo":{"@type":"ImageObject","inLanguage":"pl-PL","@id":"https:\/\/tecus.com.tr\/pl\/#\/schema\/logo\/image\/","url":"https:\/\/tecus.com.tr\/wp-content\/uploads\/2018\/04\/tecus-logo-beyaz-2-e1528750997765.png","contentUrl":"https:\/\/tecus.com.tr\/wp-content\/uploads\/2018\/04\/tecus-logo-beyaz-2-e1528750997765.png","width":250,"height":53,"caption":"Tecus Teknoloji"},"image":{"@id":"https:\/\/tecus.com.tr\/pl\/#\/schema\/logo\/image\/"}}]}},"_links":{"self":[{"href":"https:\/\/tecus.com.tr\/pl\/wp-json\/wp\/v2\/product\/33944","targetHints":{"allow":["GET"]}}],"collection":[{"href":"https:\/\/tecus.com.tr\/pl\/wp-json\/wp\/v2\/product"}],"about":[{"href":"https:\/\/tecus.com.tr\/pl\/wp-json\/wp\/v2\/types\/product"}],"version-history":[{"count":4,"href":"https:\/\/tecus.com.tr\/pl\/wp-json\/wp\/v2\/product\/33944\/revisions"}],"predecessor-version":[{"id":49053,"href":"https:\/\/tecus.com.tr\/pl\/wp-json\/wp\/v2\/product\/33944\/revisions\/49053"}],"wp:featuredmedia":[{"embeddable":true,"href":"https:\/\/tecus.com.tr\/pl\/wp-json\/wp\/v2\/media\/36328"}],"wp:attachment":[{"href":"https:\/\/tecus.com.tr\/pl\/wp-json\/wp\/v2\/media?parent=33944"}],"wp:term":[{"taxonomy":"product_brand","embeddable":true,"href":"https:\/\/tecus.com.tr\/pl\/wp-json\/wp\/v2\/product_brand?post=33944"},{"taxonomy":"product_cat","embeddable":true,"href":"https:\/\/tecus.com.tr\/pl\/wp-json\/wp\/v2\/product_cat?post=33944"},{"taxonomy":"product_tag","embeddable":true,"href":"https:\/\/tecus.com.tr\/pl\/wp-json\/wp\/v2\/product_tag?post=33944"}],"curies":[{"name":"wp","href":"https:\/\/api.w.org\/{rel}","templated":true}]}}