{"id":33936,"date":"2018-07-07T12:47:35","date_gmt":"2018-07-07T12:47:35","guid":{"rendered":"https:\/\/tecus.com.tr\/urun\/zaciski-z-ostra-krawedzia\/"},"modified":"2025-10-27T19:54:53","modified_gmt":"2025-10-27T19:54:53","slug":"zaciski-z-ostra-krawedzia","status":"publish","type":"product","link":"https:\/\/tecus.com.tr\/pl\/produkt\/zaciski-z-ostra-krawedzia\/","title":{"rendered":"Zaciski z ostr\u0105 kraw\u0119dzi\u0105"},"content":{"rendered":"\t\t<div data-elementor-type=\"wp-post\" data-elementor-id=\"33936\" class=\"elementor elementor-33936 elementor-9244\" data-elementor-post-type=\"product\">\n\t\t\t\t\t\t<section class=\"elementor-section elementor-top-section elementor-element elementor-element-33d59a77 elementor-section-boxed elementor-section-height-default elementor-section-height-default\" data-id=\"33d59a77\" data-element_type=\"section\">\n\t\t\t\t\t\t<div class=\"elementor-container elementor-column-gap-default\">\n\t\t\t\t\t<div class=\"elementor-column elementor-col-100 elementor-top-column elementor-element elementor-element-6852ae29\" data-id=\"6852ae29\" data-element_type=\"column\">\n\t\t\t<div class=\"elementor-widget-wrap elementor-element-populated\">\n\t\t\t\t\t\t<div class=\"elementor-element elementor-element-22a4222d elementor-widget elementor-widget-text-editor\" data-id=\"22a4222d\" data-element_type=\"widget\" data-widget_type=\"text-editor.default\">\n\t\t\t\t<div class=\"elementor-widget-container\">\n\t\t\t\t\t\t\t\t\t<p> <\/p><table><tbody><tr><th>Nr cz\u0119\u015bci<\/th><th> <\/th><th>A<\/th><th>B<\/th><th>C<\/th><th>D<\/th><th>E<\/th><th>F<\/th><th>G<\/th><th>Moment obrotowy<br>(Nm)<\/th><th>Si\u0142a<br>zacisku (n)<\/th><th>Liczba<br>zacisk\u00f3w w opakowaniu<\/th><th>Zapasowe \u015bruby krzywkowe<\/th><th>Zapasowe podk\u0142adki<\/th><\/tr><tr><td>82584<\/td><td><a>CAD<\/a><\/td><td align=\"RIGHT\">M10<\/td><td align=\"RIGHT\">7M<\/td><td align=\"RIGHT\">1.27<\/td><td align=\"RIGHT\">20.60<\/td><td align=\"RIGHT\">6.35<\/td><td align=\"RIGHT\">19.0<\/td><td align=\"RIGHT\">10.15<\/td><td align=\"RIGHT\">28.00<\/td><td align=\"RIGHT\">8900<\/td><td align=\"CENTER\">8<\/td><td align=\"CENTER\">50369<\/td><td align=\"CENTER\">12584<\/td><\/tr><tr><td>82588<\/td><td><a>CAD<\/a><\/td><td align=\"RIGHT\">M12<\/td><td align=\"RIGHT\">8M<\/td><td align=\"RIGHT\">2.03<\/td><td align=\"RIGHT\">25.40<\/td><td align=\"RIGHT\">9,52<\/td><td align=\"RIGHT\">22.8<\/td><td align=\"RIGHT\">12.70<\/td><td align=\"RIGHT\">88.00<\/td><td align=\"RIGHT\">17800<\/td><td align=\"CENTER\">8<\/td><td align=\"CENTER\">50371<\/td><td align=\"CENTER\">12588B<\/td><\/tr><tr><td>82592<\/td><td><a>CAD<\/a><\/td><td align=\"RIGHT\">M16<\/td><td align=\"RIGHT\">12M<\/td><td align=\"RIGHT\">2,54<\/td><td align=\"RIGHT\">30.15<\/td><td align=\"RIGHT\">12.70<\/td><td align=\"RIGHT\">28.5<\/td><td align=\"RIGHT\">15.00<\/td><td align=\"RIGHT\">135,00<\/td><td align=\"RIGHT\">26700<\/td><td align=\"CENTER\">4<\/td><td align=\"CENTER\">50373<\/td><td align=\"CENTER\">12592<\/td><\/tr><\/tbody><\/table><h2> <\/h2>\t\t\t\t\t\t\t\t<\/div>\n\t\t\t\t<\/div>\n\t\t\t\t\t<\/div>\n\t\t<\/div>\n\t\t\t\t\t<\/div>\n\t\t<\/section>\n\t\t\t\t<\/div>\n\t\t","protected":false},"excerpt":{"rendered":"<p><strong>Nasze zaciski z ostr\u0105 kraw\u0119dzi\u0105<\/strong> mog\u0105 by\u0107 stosowane zamiast oryginalnych mosi\u0119\u017cnych zacisk\u00f3w sze\u015bciok\u0105tnych do mocowania wszelkiego rodzaju materia\u0142\u00f3w, obr\u00f3bki zgrubnej i odlew\u00f3w, kt\u00f3re wymagaj\u0105 utwardzonego elementu zaciskowego. Maj\u0105 te same wymiary &#8222;G\" co oryginalne zaciski mocuj\u0105ce. Zaciski s\u0105 wykonane ze stali 12L14 z pow\u0142ok\u0105 niklow\u0105.  <\/p>\n","protected":false},"featured_media":36333,"template":"","meta":{"_acf_changed":false},"product_brand":[],"product_cat":[502],"product_tag":[503],"class_list":{"0":"post-33936","1":"product","2":"type-product","3":"status-publish","4":"has-post-thumbnail","6":"product_cat-zaciski-boczne","7":"product_tag-zaciski-boczne","9":"first","10":"instock","11":"taxable","12":"shipping-taxable","13":"product-type-simple"},"acf":[],"yoast_head":"<!-- This site is optimized with the Yoast SEO plugin v20.2.1 - https:\/\/yoast.com\/wordpress\/plugins\/seo\/ -->\n<title>Zaciski z ostr\u0105 kraw\u0119dzi\u0105 - Tecus Teknoloji<\/title>\n<meta name=\"robots\" content=\"index, follow, max-snippet:-1, max-image-preview:large, max-video-preview:-1\" \/>\n<link rel=\"canonical\" href=\"https:\/\/tecus.com.tr\/pl\/produkt\/zaciski-z-ostra-krawedzia\/\" \/>\n<meta property=\"og:locale\" content=\"pl_PL\" \/>\n<meta property=\"og:type\" content=\"article\" \/>\n<meta property=\"og:title\" content=\"Zaciski z ostr\u0105 kraw\u0119dzi\u0105 - Tecus Teknoloji\" \/>\n<meta property=\"og:description\" content=\"Nasze zaciski z ostr\u0105 kraw\u0119dzi\u0105 mog\u0105 by\u0107 stosowane zamiast oryginalnych mosi\u0119\u017cnych zacisk\u00f3w sze\u015bciok\u0105tnych do mocowania wszelkiego rodzaju materia\u0142\u00f3w, obr\u00f3bki zgrubnej i odlew\u00f3w, kt\u00f3re wymagaj\u0105 utwardzonego elementu zaciskowego. Maj\u0105 te same wymiary &quot;G&quot; co oryginalne zaciski mocuj\u0105ce. Zaciski s\u0105 wykonane ze stali 12L14 z pow\u0142ok\u0105 niklow\u0105.\" \/>\n<meta property=\"og:url\" content=\"https:\/\/tecus.com.tr\/pl\/produkt\/zaciski-z-ostra-krawedzia\/\" \/>\n<meta property=\"og:site_name\" content=\"Tecus Teknoloji\" \/>\n<meta property=\"article:modified_time\" content=\"2025-10-27T19:54:53+00:00\" \/>\n<meta property=\"og:image\" content=\"https:\/\/tecus.com.tr\/wp-content\/uploads\/2018\/07\/knife_edge_header.png\" \/>\n\t<meta property=\"og:image:width\" content=\"1024\" \/>\n\t<meta property=\"og:image:height\" content=\"1024\" \/>\n\t<meta property=\"og:image:type\" content=\"image\/png\" \/>\n<meta name=\"twitter:card\" content=\"summary_large_image\" \/>\n<script type=\"application\/ld+json\" class=\"yoast-schema-graph\">{\"@context\":\"https:\/\/schema.org\",\"@graph\":[{\"@type\":\"WebPage\",\"@id\":\"https:\/\/tecus.com.tr\/pl\/produkt\/zaciski-z-ostra-krawedzia\/\",\"url\":\"https:\/\/tecus.com.tr\/pl\/produkt\/zaciski-z-ostra-krawedzia\/\",\"name\":\"Zaciski z ostr\u0105 kraw\u0119dzi\u0105 - Tecus Teknoloji\",\"isPartOf\":{\"@id\":\"https:\/\/tecus.com.tr\/pl\/#website\"},\"datePublished\":\"2018-07-07T12:47:35+00:00\",\"dateModified\":\"2025-10-27T19:54:53+00:00\",\"breadcrumb\":{\"@id\":\"https:\/\/tecus.com.tr\/pl\/produkt\/zaciski-z-ostra-krawedzia\/#breadcrumb\"},\"inLanguage\":\"pl-PL\",\"potentialAction\":[{\"@type\":\"ReadAction\",\"target\":[\"https:\/\/tecus.com.tr\/pl\/produkt\/zaciski-z-ostra-krawedzia\/\"]}]},{\"@type\":\"BreadcrumbList\",\"@id\":\"https:\/\/tecus.com.tr\/pl\/produkt\/zaciski-z-ostra-krawedzia\/#breadcrumb\",\"itemListElement\":[{\"@type\":\"ListItem\",\"position\":1,\"name\":\"Ana sayfa\",\"item\":\"https:\/\/tecus.com.tr\/pl\/\"},{\"@type\":\"ListItem\",\"position\":2,\"name\":\"Ma\u011faza\",\"item\":\"https:\/\/tecus.com.tr\/magaza\/\"},{\"@type\":\"ListItem\",\"position\":3,\"name\":\"Zaciski z ostr\u0105 kraw\u0119dzi\u0105\"}]},{\"@type\":\"WebSite\",\"@id\":\"https:\/\/tecus.com.tr\/pl\/#website\",\"url\":\"https:\/\/tecus.com.tr\/pl\/\",\"name\":\"Tecus Teknoloji\",\"description\":\"CNC par\u00e7a ba\u011flama \u00e7\u00f6z\u00fcmleri\",\"publisher\":{\"@id\":\"https:\/\/tecus.com.tr\/pl\/#organization\"},\"potentialAction\":[{\"@type\":\"SearchAction\",\"target\":{\"@type\":\"EntryPoint\",\"urlTemplate\":\"https:\/\/tecus.com.tr\/pl\/?s={search_term_string}\"},\"query-input\":\"required name=search_term_string\"}],\"inLanguage\":\"pl-PL\"},{\"@type\":\"Organization\",\"@id\":\"https:\/\/tecus.com.tr\/pl\/#organization\",\"name\":\"Tecus Teknoloji\",\"url\":\"https:\/\/tecus.com.tr\/pl\/\",\"logo\":{\"@type\":\"ImageObject\",\"inLanguage\":\"pl-PL\",\"@id\":\"https:\/\/tecus.com.tr\/pl\/#\/schema\/logo\/image\/\",\"url\":\"https:\/\/tecus.com.tr\/wp-content\/uploads\/2018\/04\/tecus-logo-beyaz-2-e1528750997765.png\",\"contentUrl\":\"https:\/\/tecus.com.tr\/wp-content\/uploads\/2018\/04\/tecus-logo-beyaz-2-e1528750997765.png\",\"width\":250,\"height\":53,\"caption\":\"Tecus Teknoloji\"},\"image\":{\"@id\":\"https:\/\/tecus.com.tr\/pl\/#\/schema\/logo\/image\/\"}}]}<\/script>\n<!-- \/ Yoast SEO plugin. -->","yoast_head_json":{"title":"Zaciski z ostr\u0105 kraw\u0119dzi\u0105 - Tecus Teknoloji","robots":{"index":"index","follow":"follow","max-snippet":"max-snippet:-1","max-image-preview":"max-image-preview:large","max-video-preview":"max-video-preview:-1"},"canonical":"https:\/\/tecus.com.tr\/pl\/produkt\/zaciski-z-ostra-krawedzia\/","og_locale":"pl_PL","og_type":"article","og_title":"Zaciski z ostr\u0105 kraw\u0119dzi\u0105 - Tecus Teknoloji","og_description":"Nasze zaciski z ostr\u0105 kraw\u0119dzi\u0105 mog\u0105 by\u0107 stosowane zamiast oryginalnych mosi\u0119\u017cnych zacisk\u00f3w sze\u015bciok\u0105tnych do mocowania wszelkiego rodzaju materia\u0142\u00f3w, obr\u00f3bki zgrubnej i odlew\u00f3w, kt\u00f3re wymagaj\u0105 utwardzonego elementu zaciskowego. Maj\u0105 te same wymiary \"G\" co oryginalne zaciski mocuj\u0105ce. Zaciski s\u0105 wykonane ze stali 12L14 z pow\u0142ok\u0105 niklow\u0105.","og_url":"https:\/\/tecus.com.tr\/pl\/produkt\/zaciski-z-ostra-krawedzia\/","og_site_name":"Tecus Teknoloji","article_modified_time":"2025-10-27T19:54:53+00:00","og_image":[{"width":1024,"height":1024,"url":"https:\/\/tecus.com.tr\/wp-content\/uploads\/2018\/07\/knife_edge_header.png","type":"image\/png"}],"twitter_card":"summary_large_image","schema":{"@context":"https:\/\/schema.org","@graph":[{"@type":"WebPage","@id":"https:\/\/tecus.com.tr\/pl\/produkt\/zaciski-z-ostra-krawedzia\/","url":"https:\/\/tecus.com.tr\/pl\/produkt\/zaciski-z-ostra-krawedzia\/","name":"Zaciski z ostr\u0105 kraw\u0119dzi\u0105 - Tecus Teknoloji","isPartOf":{"@id":"https:\/\/tecus.com.tr\/pl\/#website"},"datePublished":"2018-07-07T12:47:35+00:00","dateModified":"2025-10-27T19:54:53+00:00","breadcrumb":{"@id":"https:\/\/tecus.com.tr\/pl\/produkt\/zaciski-z-ostra-krawedzia\/#breadcrumb"},"inLanguage":"pl-PL","potentialAction":[{"@type":"ReadAction","target":["https:\/\/tecus.com.tr\/pl\/produkt\/zaciski-z-ostra-krawedzia\/"]}]},{"@type":"BreadcrumbList","@id":"https:\/\/tecus.com.tr\/pl\/produkt\/zaciski-z-ostra-krawedzia\/#breadcrumb","itemListElement":[{"@type":"ListItem","position":1,"name":"Ana sayfa","item":"https:\/\/tecus.com.tr\/pl\/"},{"@type":"ListItem","position":2,"name":"Ma\u011faza","item":"https:\/\/tecus.com.tr\/magaza\/"},{"@type":"ListItem","position":3,"name":"Zaciski z ostr\u0105 kraw\u0119dzi\u0105"}]},{"@type":"WebSite","@id":"https:\/\/tecus.com.tr\/pl\/#website","url":"https:\/\/tecus.com.tr\/pl\/","name":"Tecus Teknoloji","description":"CNC par\u00e7a ba\u011flama \u00e7\u00f6z\u00fcmleri","publisher":{"@id":"https:\/\/tecus.com.tr\/pl\/#organization"},"potentialAction":[{"@type":"SearchAction","target":{"@type":"EntryPoint","urlTemplate":"https:\/\/tecus.com.tr\/pl\/?s={search_term_string}"},"query-input":"required name=search_term_string"}],"inLanguage":"pl-PL"},{"@type":"Organization","@id":"https:\/\/tecus.com.tr\/pl\/#organization","name":"Tecus Teknoloji","url":"https:\/\/tecus.com.tr\/pl\/","logo":{"@type":"ImageObject","inLanguage":"pl-PL","@id":"https:\/\/tecus.com.tr\/pl\/#\/schema\/logo\/image\/","url":"https:\/\/tecus.com.tr\/wp-content\/uploads\/2018\/04\/tecus-logo-beyaz-2-e1528750997765.png","contentUrl":"https:\/\/tecus.com.tr\/wp-content\/uploads\/2018\/04\/tecus-logo-beyaz-2-e1528750997765.png","width":250,"height":53,"caption":"Tecus Teknoloji"},"image":{"@id":"https:\/\/tecus.com.tr\/pl\/#\/schema\/logo\/image\/"}}]}},"_links":{"self":[{"href":"https:\/\/tecus.com.tr\/pl\/wp-json\/wp\/v2\/product\/33936","targetHints":{"allow":["GET"]}}],"collection":[{"href":"https:\/\/tecus.com.tr\/pl\/wp-json\/wp\/v2\/product"}],"about":[{"href":"https:\/\/tecus.com.tr\/pl\/wp-json\/wp\/v2\/types\/product"}],"version-history":[{"count":4,"href":"https:\/\/tecus.com.tr\/pl\/wp-json\/wp\/v2\/product\/33936\/revisions"}],"predecessor-version":[{"id":47778,"href":"https:\/\/tecus.com.tr\/pl\/wp-json\/wp\/v2\/product\/33936\/revisions\/47778"}],"wp:featuredmedia":[{"embeddable":true,"href":"https:\/\/tecus.com.tr\/pl\/wp-json\/wp\/v2\/media\/36333"}],"wp:attachment":[{"href":"https:\/\/tecus.com.tr\/pl\/wp-json\/wp\/v2\/media?parent=33936"}],"wp:term":[{"taxonomy":"product_brand","embeddable":true,"href":"https:\/\/tecus.com.tr\/pl\/wp-json\/wp\/v2\/product_brand?post=33936"},{"taxonomy":"product_cat","embeddable":true,"href":"https:\/\/tecus.com.tr\/pl\/wp-json\/wp\/v2\/product_cat?post=33936"},{"taxonomy":"product_tag","embeddable":true,"href":"https:\/\/tecus.com.tr\/pl\/wp-json\/wp\/v2\/product_tag?post=33936"}],"curies":[{"name":"wp","href":"https:\/\/api.w.org\/{rel}","templated":true}]}}