{"id":33726,"date":"2018-04-15T10:45:23","date_gmt":"2018-04-15T10:45:23","guid":{"rendered":"https:\/\/tecus.com.tr\/urun\/obrotowa-plyta-prozniowa\/"},"modified":"2025-09-22T19:54:44","modified_gmt":"2025-09-22T19:54:44","slug":"obrotowa-plyta-prozniowa","status":"publish","type":"product","link":"https:\/\/tecus.com.tr\/pl\/produkt\/obrotowa-plyta-prozniowa\/","title":{"rendered":"Obrotowa p\u0142yta pr\u00f3\u017cniowa"},"content":{"rendered":"<div><img fetchpriority=\"high\" decoding=\"async\" class=\"alignnone wp-image-588\" src=\"https:\/\/e-market.tecus.com.tr\/wp-content\/uploads\/2018\/03\/ROTARY-VACUUM-CHUCK-banner2-300x96.jpg\" alt=\"\" width=\"531\" height=\"170\"><\/div>\n<table class=\"smalltable\">\n<tbody>\n<tr class=\"tbbordbot\">\n<th>Nr cz\u0119\u015bci<\/th>\n<th>Opis<\/th>\n<th>\u015arednica<\/th>\n<th>Grubo\u015b\u0107<\/th>\n<\/tr>\n<tr>\n<td align=\"center\">46400<\/td>\n<td align=\"left\">Obrotowa p\u0142yta pr\u00f3\u017cniowa z otworami M6<\/td>\n<td align=\"center\">9,85&#8243;<\/td>\n<td align=\"center\">1,0&#8243;<\/td>\n<\/tr>\n<tr>\n<td align=\"center\">46450<\/td>\n<td align=\"left\">Obrotowa p\u0142yta po\u015bwi\u0119cana<\/td>\n<td align=\"center\">9,85&#8243;<\/td>\n<td align=\"center\">0,375&#8243;<\/td>\n<\/tr>\n<tr>\n<td align=\"center\">46455<\/td>\n<td align=\"left\">Z\u0142\u0105cze obrotowe 8mm<\/td>\n<td align=\"center\"><\/td>\n<td align=\"center\"><\/td>\n<\/tr>\n<tr>\n<td align=\"center\">45155<\/td>\n<td align=\"left\">Uchwyty pr\u00f3\u017cniowe M6 (2 szt.)<\/td>\n<td align=\"center\"><\/td>\n<td align=\"center\"><\/td>\n<\/tr>\n<tr>\n<td align=\"center\">45111<\/td>\n<td align=\"left\">Uszczelka pr\u00f3\u017cniowa (czarna) sprzedawana na metry<\/td>\n<td align=\"center\">0,170&#8243;<\/td>\n<td align=\"center\"><\/td>\n<\/tr>\n<tr>\n<td align=\"center\">46401<\/td>\n<td align=\"left\">Zestaw pr\u00f3\u017cniowy obrotowy (zawiera p\u0142yt\u0119 pr\u00f3\u017cniow\u0105,<br \/>\nz\u0142\u0105cze obrotowe, 4 uchwyty pr\u00f3\u017cniowe, przew\u00f3d i uszczelk\u0119)<\/td>\n<td align=\"center\"><\/td>\n<td align=\"center\"><\/td>\n<\/tr>\n<\/tbody>\n<\/table>\n","protected":false},"excerpt":{"rendered":"<p>Tak, to prawda! System pr\u00f3\u017cniowy zapewniaj\u0105cy mo\u017cliwo\u015bci niedost\u0119pne przy u\u017cyciu konwencjonalnych metod dla tokarki lub sto\u0142u obrotowego. Chocia\u017c pocz\u0105tkowo zaprojektowany do cienkich materia\u0142\u00f3w i kompozyt\u00f3w, odkryli\u015bmy, \u017ce dzi\u0119ki naszym nowo zaprojektowanym uchwytom pr\u00f3\u017cniowym mo\u017cemy pracowa\u0107 bardziej agresywnie ni\u017c oczekiwano. Uchwyty te pozostawi\u0105 wg\u0142\u0119bienie na tylnej stronie przedmiotu obrabianego, ale w niekt\u00f3rych przypadkach zwi\u0119ksz\u0105 obci\u0105\u017cenie boczne o ponad 400%! Uchwyty mo\u017cna podnosi\u0107\/opuszcza\u0107\/pozycjonowa\u0107 wed\u0142ug potrzeb w 32 gwintowanych otworach M6 na powierzchni, w tym mo\u017cliwo\u015b\u0107 \u0142atwej zmiany rozmiaru komory pr\u00f3\u017cniowej poprzez usuni\u0119cie\/ponowne w\u0142o\u017cenie materia\u0142u uszczelniaj\u0105cego z jednego z 9 kana\u0142\u00f3w. Zawsze nale\u017cy wybiera\u0107 najwi\u0119ksz\u0105 mo\u017cliw\u0105 \u015brednic\u0119 dla danego zastosowania.     <\/p>\n<p>Wa\u0142 wykonany z litego materia\u0142u zapewnia koncentryczno\u015b\u0107 mi\u0119dzy wa\u0142em a komorami pr\u00f3\u017cniowymi, zwi\u0119kszon\u0105 sztywno\u015b\u0107 oraz dodatkowy materia\u0142 potrzebny w przypadku wymaganych specjalnych modyfikacji. Na przyk\u0142ad: zmniejszenie \u015brednicy tarczy czo\u0142owej lub wa\u0142u, a tak\u017ce monta\u017c lustrzanego odbicia przedmiotu obrabianego na przedniej powierzchni do specjalnych zastosowa\u0144. <\/p>\n<p>Z\u0142\u0105cze obrotowe jest zaprojektowane dla 1100 obr.\/min, jednak podczas korzystania z tego produktu nale\u017cy wzi\u0105\u0107 pod uwag\u0119 og\u00f3lne zastosowania obr\u00f3bki i zdrowy rozs\u0105dek. Zalecane do zastosowa\u0144 obr\u00f3bkowych o lekkim obci\u0105\u017ceniu \u2013 prosimy o kontakt w przypadku jakichkolwiek pyta\u0144. Z\u0142\u0105cza s\u0105 przeznaczone do rur 5\/16 lub 8mm. W przypadku stosowania na tokarce wymagana jest stalowa rura z pu\u0142apk\u0105 ch\u0142odz\u0105c\u0105 umieszczon\u0105 mi\u0119dzy <a title=\"Pompa pr\u00f3\u017cniowa\" href=\"https:\/\/www.miteebite.com\/products\/vacuum-pump\/\">pomp\u0105 pr\u00f3\u017cniow\u0105<\/a> a uchwytem pr\u00f3\u017cniowym. Elastyczny w\u0105\u017c mo\u017ce by\u0107 u\u017cywany na stole obrotowym, chocia\u017c stalowa rura jest zawsze preferowan\u0105 metod\u0105.    <\/p>\n","protected":false},"featured_media":33728,"template":"","meta":{"_acf_changed":false},"product_brand":[],"product_cat":[496],"product_tag":[],"class_list":{"0":"post-33726","1":"product","2":"type-product","3":"status-publish","4":"has-post-thumbnail","6":"product_cat-stol-prozniowy","8":"first","9":"instock","10":"taxable","11":"shipping-taxable","12":"product-type-simple"},"acf":[],"yoast_head":"<!-- This site is optimized with the Yoast SEO plugin v20.2.1 - https:\/\/yoast.com\/wordpress\/plugins\/seo\/ -->\n<title>Obrotowa p\u0142yta pr\u00f3\u017cniowa - Tecus Teknoloji<\/title>\n<meta name=\"robots\" content=\"index, follow, max-snippet:-1, max-image-preview:large, max-video-preview:-1\" \/>\n<link rel=\"canonical\" href=\"https:\/\/tecus.com.tr\/pl\/produkt\/obrotowa-plyta-prozniowa\/\" \/>\n<meta property=\"og:locale\" content=\"pl_PL\" \/>\n<meta property=\"og:type\" content=\"article\" \/>\n<meta property=\"og:title\" content=\"Obrotowa p\u0142yta pr\u00f3\u017cniowa - Tecus Teknoloji\" \/>\n<meta property=\"og:description\" content=\"Tak, to prawda! System pr\u00f3\u017cniowy zapewniaj\u0105cy mo\u017cliwo\u015bci niedost\u0119pne przy u\u017cyciu konwencjonalnych metod dla tokarki lub sto\u0142u obrotowego. Chocia\u017c pocz\u0105tkowo zaprojektowany do cienkich materia\u0142\u00f3w i kompozyt\u00f3w, odkryli\u015bmy, \u017ce dzi\u0119ki naszym nowo zaprojektowanym uchwytom pr\u00f3\u017cniowym mo\u017cemy pracowa\u0107 bardziej agresywnie ni\u017c oczekiwano. Uchwyty te pozostawi\u0105 wg\u0142\u0119bienie na tylnej stronie przedmiotu obrabianego, ale w niekt\u00f3rych przypadkach zwi\u0119ksz\u0105 obci\u0105\u017cenie boczne o ponad 400%! Uchwyty mo\u017cna podnosi\u0107\/opuszcza\u0107\/pozycjonowa\u0107 wed\u0142ug potrzeb w 32 gwintowanych otworach M6 na powierzchni, w tym mo\u017cliwo\u015b\u0107 \u0142atwej zmiany rozmiaru komory pr\u00f3\u017cniowej poprzez usuni\u0119cie\/ponowne w\u0142o\u017cenie materia\u0142u uszczelniaj\u0105cego z jednego z 9 kana\u0142\u00f3w. Zawsze nale\u017cy wybiera\u0107 najwi\u0119ksz\u0105 mo\u017cliw\u0105 \u015brednic\u0119 dla danego zastosowania.    Wa\u0142 wykonany z litego materia\u0142u zapewnia koncentryczno\u015b\u0107 mi\u0119dzy wa\u0142em a komorami pr\u00f3\u017cniowymi, zwi\u0119kszon\u0105 sztywno\u015b\u0107 oraz dodatkowy materia\u0142 potrzebny w przypadku wymaganych specjalnych modyfikacji. Na przyk\u0142ad: zmniejszenie \u015brednicy tarczy czo\u0142owej lub wa\u0142u, a tak\u017ce monta\u017c lustrzanego odbicia przedmiotu obrabianego na przedniej powierzchni do specjalnych zastosowa\u0144.  Z\u0142\u0105cze obrotowe jest zaprojektowane dla 1100 obr.\/min, jednak podczas korzystania z tego produktu nale\u017cy wzi\u0105\u0107 pod uwag\u0119 og\u00f3lne zastosowania obr\u00f3bki i zdrowy rozs\u0105dek. Zalecane do zastosowa\u0144 obr\u00f3bkowych o lekkim obci\u0105\u017ceniu - prosimy o kontakt w przypadku jakichkolwiek pyta\u0144. Z\u0142\u0105cza s\u0105 przeznaczone do rur 5\/16 lub 8mm. W przypadku stosowania na tokarce wymagana jest stalowa rura z pu\u0142apk\u0105 ch\u0142odz\u0105c\u0105 umieszczon\u0105 mi\u0119dzy pomp\u0105 pr\u00f3\u017cniow\u0105 a uchwytem pr\u00f3\u017cniowym. Elastyczny w\u0105\u017c mo\u017ce by\u0107 u\u017cywany na stole obrotowym, chocia\u017c stalowa rura jest zawsze preferowan\u0105 metod\u0105.\" \/>\n<meta property=\"og:url\" content=\"https:\/\/tecus.com.tr\/pl\/produkt\/obrotowa-plyta-prozniowa\/\" \/>\n<meta property=\"og:site_name\" content=\"Tecus Teknoloji\" \/>\n<meta property=\"article:modified_time\" content=\"2025-09-22T19:54:44+00:00\" \/>\n<meta property=\"og:image\" content=\"https:\/\/tecus.com.tr\/wp-content\/uploads\/2018\/04\/ROTARY-VACUUM-CHUCKglam1-copy-1.png\" \/>\n\t<meta property=\"og:image:width\" content=\"500\" \/>\n\t<meta property=\"og:image:height\" content=\"500\" \/>\n\t<meta property=\"og:image:type\" content=\"image\/png\" \/>\n<meta name=\"twitter:card\" content=\"summary_large_image\" \/>\n<script type=\"application\/ld+json\" class=\"yoast-schema-graph\">{\"@context\":\"https:\/\/schema.org\",\"@graph\":[{\"@type\":\"WebPage\",\"@id\":\"https:\/\/tecus.com.tr\/pl\/produkt\/obrotowa-plyta-prozniowa\/\",\"url\":\"https:\/\/tecus.com.tr\/pl\/produkt\/obrotowa-plyta-prozniowa\/\",\"name\":\"Obrotowa p\u0142yta pr\u00f3\u017cniowa - Tecus Teknoloji\",\"isPartOf\":{\"@id\":\"https:\/\/tecus.com.tr\/pl\/#website\"},\"datePublished\":\"2018-04-15T10:45:23+00:00\",\"dateModified\":\"2025-09-22T19:54:44+00:00\",\"breadcrumb\":{\"@id\":\"https:\/\/tecus.com.tr\/pl\/produkt\/obrotowa-plyta-prozniowa\/#breadcrumb\"},\"inLanguage\":\"pl-PL\",\"potentialAction\":[{\"@type\":\"ReadAction\",\"target\":[\"https:\/\/tecus.com.tr\/pl\/produkt\/obrotowa-plyta-prozniowa\/\"]}]},{\"@type\":\"BreadcrumbList\",\"@id\":\"https:\/\/tecus.com.tr\/pl\/produkt\/obrotowa-plyta-prozniowa\/#breadcrumb\",\"itemListElement\":[{\"@type\":\"ListItem\",\"position\":1,\"name\":\"Ana sayfa\",\"item\":\"https:\/\/tecus.com.tr\/pl\/\"},{\"@type\":\"ListItem\",\"position\":2,\"name\":\"Ma\u011faza\",\"item\":\"https:\/\/tecus.com.tr\/magaza\/\"},{\"@type\":\"ListItem\",\"position\":3,\"name\":\"Obrotowa p\u0142yta pr\u00f3\u017cniowa\"}]},{\"@type\":\"WebSite\",\"@id\":\"https:\/\/tecus.com.tr\/pl\/#website\",\"url\":\"https:\/\/tecus.com.tr\/pl\/\",\"name\":\"Tecus Teknoloji\",\"description\":\"CNC par\u00e7a ba\u011flama \u00e7\u00f6z\u00fcmleri\",\"publisher\":{\"@id\":\"https:\/\/tecus.com.tr\/pl\/#organization\"},\"potentialAction\":[{\"@type\":\"SearchAction\",\"target\":{\"@type\":\"EntryPoint\",\"urlTemplate\":\"https:\/\/tecus.com.tr\/pl\/?s={search_term_string}\"},\"query-input\":\"required name=search_term_string\"}],\"inLanguage\":\"pl-PL\"},{\"@type\":\"Organization\",\"@id\":\"https:\/\/tecus.com.tr\/pl\/#organization\",\"name\":\"Tecus Teknoloji\",\"url\":\"https:\/\/tecus.com.tr\/pl\/\",\"logo\":{\"@type\":\"ImageObject\",\"inLanguage\":\"pl-PL\",\"@id\":\"https:\/\/tecus.com.tr\/pl\/#\/schema\/logo\/image\/\",\"url\":\"https:\/\/tecus.com.tr\/wp-content\/uploads\/2018\/04\/tecus-logo-beyaz-2-e1528750997765.png\",\"contentUrl\":\"https:\/\/tecus.com.tr\/wp-content\/uploads\/2018\/04\/tecus-logo-beyaz-2-e1528750997765.png\",\"width\":250,\"height\":53,\"caption\":\"Tecus Teknoloji\"},\"image\":{\"@id\":\"https:\/\/tecus.com.tr\/pl\/#\/schema\/logo\/image\/\"}}]}<\/script>\n<!-- \/ Yoast SEO plugin. -->","yoast_head_json":{"title":"Obrotowa p\u0142yta pr\u00f3\u017cniowa - Tecus Teknoloji","robots":{"index":"index","follow":"follow","max-snippet":"max-snippet:-1","max-image-preview":"max-image-preview:large","max-video-preview":"max-video-preview:-1"},"canonical":"https:\/\/tecus.com.tr\/pl\/produkt\/obrotowa-plyta-prozniowa\/","og_locale":"pl_PL","og_type":"article","og_title":"Obrotowa p\u0142yta pr\u00f3\u017cniowa - Tecus Teknoloji","og_description":"Tak, to prawda! System pr\u00f3\u017cniowy zapewniaj\u0105cy mo\u017cliwo\u015bci niedost\u0119pne przy u\u017cyciu konwencjonalnych metod dla tokarki lub sto\u0142u obrotowego. Chocia\u017c pocz\u0105tkowo zaprojektowany do cienkich materia\u0142\u00f3w i kompozyt\u00f3w, odkryli\u015bmy, \u017ce dzi\u0119ki naszym nowo zaprojektowanym uchwytom pr\u00f3\u017cniowym mo\u017cemy pracowa\u0107 bardziej agresywnie ni\u017c oczekiwano. Uchwyty te pozostawi\u0105 wg\u0142\u0119bienie na tylnej stronie przedmiotu obrabianego, ale w niekt\u00f3rych przypadkach zwi\u0119ksz\u0105 obci\u0105\u017cenie boczne o ponad 400%! Uchwyty mo\u017cna podnosi\u0107\/opuszcza\u0107\/pozycjonowa\u0107 wed\u0142ug potrzeb w 32 gwintowanych otworach M6 na powierzchni, w tym mo\u017cliwo\u015b\u0107 \u0142atwej zmiany rozmiaru komory pr\u00f3\u017cniowej poprzez usuni\u0119cie\/ponowne w\u0142o\u017cenie materia\u0142u uszczelniaj\u0105cego z jednego z 9 kana\u0142\u00f3w. Zawsze nale\u017cy wybiera\u0107 najwi\u0119ksz\u0105 mo\u017cliw\u0105 \u015brednic\u0119 dla danego zastosowania.    Wa\u0142 wykonany z litego materia\u0142u zapewnia koncentryczno\u015b\u0107 mi\u0119dzy wa\u0142em a komorami pr\u00f3\u017cniowymi, zwi\u0119kszon\u0105 sztywno\u015b\u0107 oraz dodatkowy materia\u0142 potrzebny w przypadku wymaganych specjalnych modyfikacji. Na przyk\u0142ad: zmniejszenie \u015brednicy tarczy czo\u0142owej lub wa\u0142u, a tak\u017ce monta\u017c lustrzanego odbicia przedmiotu obrabianego na przedniej powierzchni do specjalnych zastosowa\u0144.  Z\u0142\u0105cze obrotowe jest zaprojektowane dla 1100 obr.\/min, jednak podczas korzystania z tego produktu nale\u017cy wzi\u0105\u0107 pod uwag\u0119 og\u00f3lne zastosowania obr\u00f3bki i zdrowy rozs\u0105dek. Zalecane do zastosowa\u0144 obr\u00f3bkowych o lekkim obci\u0105\u017ceniu - prosimy o kontakt w przypadku jakichkolwiek pyta\u0144. Z\u0142\u0105cza s\u0105 przeznaczone do rur 5\/16 lub 8mm. W przypadku stosowania na tokarce wymagana jest stalowa rura z pu\u0142apk\u0105 ch\u0142odz\u0105c\u0105 umieszczon\u0105 mi\u0119dzy pomp\u0105 pr\u00f3\u017cniow\u0105 a uchwytem pr\u00f3\u017cniowym. Elastyczny w\u0105\u017c mo\u017ce by\u0107 u\u017cywany na stole obrotowym, chocia\u017c stalowa rura jest zawsze preferowan\u0105 metod\u0105.","og_url":"https:\/\/tecus.com.tr\/pl\/produkt\/obrotowa-plyta-prozniowa\/","og_site_name":"Tecus Teknoloji","article_modified_time":"2025-09-22T19:54:44+00:00","og_image":[{"width":500,"height":500,"url":"https:\/\/tecus.com.tr\/wp-content\/uploads\/2018\/04\/ROTARY-VACUUM-CHUCKglam1-copy-1.png","type":"image\/png"}],"twitter_card":"summary_large_image","schema":{"@context":"https:\/\/schema.org","@graph":[{"@type":"WebPage","@id":"https:\/\/tecus.com.tr\/pl\/produkt\/obrotowa-plyta-prozniowa\/","url":"https:\/\/tecus.com.tr\/pl\/produkt\/obrotowa-plyta-prozniowa\/","name":"Obrotowa p\u0142yta pr\u00f3\u017cniowa - Tecus Teknoloji","isPartOf":{"@id":"https:\/\/tecus.com.tr\/pl\/#website"},"datePublished":"2018-04-15T10:45:23+00:00","dateModified":"2025-09-22T19:54:44+00:00","breadcrumb":{"@id":"https:\/\/tecus.com.tr\/pl\/produkt\/obrotowa-plyta-prozniowa\/#breadcrumb"},"inLanguage":"pl-PL","potentialAction":[{"@type":"ReadAction","target":["https:\/\/tecus.com.tr\/pl\/produkt\/obrotowa-plyta-prozniowa\/"]}]},{"@type":"BreadcrumbList","@id":"https:\/\/tecus.com.tr\/pl\/produkt\/obrotowa-plyta-prozniowa\/#breadcrumb","itemListElement":[{"@type":"ListItem","position":1,"name":"Ana sayfa","item":"https:\/\/tecus.com.tr\/pl\/"},{"@type":"ListItem","position":2,"name":"Ma\u011faza","item":"https:\/\/tecus.com.tr\/magaza\/"},{"@type":"ListItem","position":3,"name":"Obrotowa p\u0142yta pr\u00f3\u017cniowa"}]},{"@type":"WebSite","@id":"https:\/\/tecus.com.tr\/pl\/#website","url":"https:\/\/tecus.com.tr\/pl\/","name":"Tecus Teknoloji","description":"CNC par\u00e7a ba\u011flama \u00e7\u00f6z\u00fcmleri","publisher":{"@id":"https:\/\/tecus.com.tr\/pl\/#organization"},"potentialAction":[{"@type":"SearchAction","target":{"@type":"EntryPoint","urlTemplate":"https:\/\/tecus.com.tr\/pl\/?s={search_term_string}"},"query-input":"required name=search_term_string"}],"inLanguage":"pl-PL"},{"@type":"Organization","@id":"https:\/\/tecus.com.tr\/pl\/#organization","name":"Tecus Teknoloji","url":"https:\/\/tecus.com.tr\/pl\/","logo":{"@type":"ImageObject","inLanguage":"pl-PL","@id":"https:\/\/tecus.com.tr\/pl\/#\/schema\/logo\/image\/","url":"https:\/\/tecus.com.tr\/wp-content\/uploads\/2018\/04\/tecus-logo-beyaz-2-e1528750997765.png","contentUrl":"https:\/\/tecus.com.tr\/wp-content\/uploads\/2018\/04\/tecus-logo-beyaz-2-e1528750997765.png","width":250,"height":53,"caption":"Tecus Teknoloji"},"image":{"@id":"https:\/\/tecus.com.tr\/pl\/#\/schema\/logo\/image\/"}}]}},"_links":{"self":[{"href":"https:\/\/tecus.com.tr\/pl\/wp-json\/wp\/v2\/product\/33726","targetHints":{"allow":["GET"]}}],"collection":[{"href":"https:\/\/tecus.com.tr\/pl\/wp-json\/wp\/v2\/product"}],"about":[{"href":"https:\/\/tecus.com.tr\/pl\/wp-json\/wp\/v2\/types\/product"}],"version-history":[{"count":1,"href":"https:\/\/tecus.com.tr\/pl\/wp-json\/wp\/v2\/product\/33726\/revisions"}],"predecessor-version":[{"id":40172,"href":"https:\/\/tecus.com.tr\/pl\/wp-json\/wp\/v2\/product\/33726\/revisions\/40172"}],"wp:featuredmedia":[{"embeddable":true,"href":"https:\/\/tecus.com.tr\/pl\/wp-json\/wp\/v2\/media\/33728"}],"wp:attachment":[{"href":"https:\/\/tecus.com.tr\/pl\/wp-json\/wp\/v2\/media?parent=33726"}],"wp:term":[{"taxonomy":"product_brand","embeddable":true,"href":"https:\/\/tecus.com.tr\/pl\/wp-json\/wp\/v2\/product_brand?post=33726"},{"taxonomy":"product_cat","embeddable":true,"href":"https:\/\/tecus.com.tr\/pl\/wp-json\/wp\/v2\/product_cat?post=33726"},{"taxonomy":"product_tag","embeddable":true,"href":"https:\/\/tecus.com.tr\/pl\/wp-json\/wp\/v2\/product_tag?post=33726"}],"curies":[{"name":"wp","href":"https:\/\/api.w.org\/{rel}","templated":true}]}}