{"id":34601,"date":"2021-05-05T10:18:21","date_gmt":"2021-05-05T10:18:21","guid":{"rendered":"https:\/\/tecus.com.tr\/urun\/orbitool\/"},"modified":"2025-10-26T18:23:44","modified_gmt":"2025-10-26T18:23:44","slug":"orbitool","status":"publish","type":"product","link":"https:\/\/tecus.com.tr\/it\/prodotto\/orbitool\/","title":{"rendered":"Orbitool"},"content":{"rendered":"<div style=\"width: 640px;\" class=\"wp-video\"><video class=\"wp-video-shortcode\" id=\"video-34601-1\" width=\"640\" height=\"360\" preload=\"metadata\" controls=\"controls\"><source type=\"video\/mp4\" src=\"https:\/\/tecus.com.tr\/wp-content\/uploads\/2021\/05\/mikrocapak.mp4?_=1\" \/><a href=\"https:\/\/tecus.com.tr\/wp-content\/uploads\/2021\/05\/mikrocapak.mp4\">https:\/\/tecus.com.tr\/wp-content\/uploads\/2021\/05\/mikrocapak.mp4<\/a><\/video><\/div>\n<h2>Orbitol Tan\u0131t\u0131m<\/h2>\n<div style=\"width: 640px;\" class=\"wp-video\"><video class=\"wp-video-shortcode\" id=\"video-34601-2\" width=\"640\" height=\"360\" preload=\"metadata\" controls=\"controls\"><source type=\"video\/mp4\" src=\"https:\/\/tecus.com.tr\/wp-content\/uploads\/2021\/05\/manuel_kullanim.mp4?_=2\" \/><a href=\"https:\/\/tecus.com.tr\/wp-content\/uploads\/2021\/05\/manuel_kullanim.mp4\">https:\/\/tecus.com.tr\/wp-content\/uploads\/2021\/05\/manuel_kullanim.mp4<\/a><\/video><\/div>\n<h2>Manuel Kullan\u0131m<\/h2>\n<div style=\"width: 640px;\" class=\"wp-video\"><video class=\"wp-video-shortcode\" id=\"video-34601-3\" width=\"640\" height=\"360\" preload=\"metadata\" controls=\"controls\"><source type=\"video\/mp4\" src=\"https:\/\/tecus.com.tr\/wp-content\/uploads\/2021\/05\/islem_merkezi.mp4?_=3\" \/><a href=\"https:\/\/tecus.com.tr\/wp-content\/uploads\/2021\/05\/islem_merkezi.mp4\">https:\/\/tecus.com.tr\/wp-content\/uploads\/2021\/05\/islem_merkezi.mp4<\/a><\/video><\/div>\n<h2>\u0130\u015flem Merkezi<\/h2>\n<div style=\"width: 640px;\" class=\"wp-video\"><video class=\"wp-video-shortcode\" id=\"video-34601-4\" width=\"640\" height=\"360\" preload=\"metadata\" controls=\"controls\"><source type=\"video\/mp4\" src=\"https:\/\/tecus.com.tr\/wp-content\/uploads\/2021\/05\/deburring.mp4?_=4\" \/><a href=\"https:\/\/tecus.com.tr\/wp-content\/uploads\/2021\/05\/deburring.mp4\">https:\/\/tecus.com.tr\/wp-content\/uploads\/2021\/05\/deburring.mp4<\/a><\/video><\/div>\n<h2>\u00c7apak Alma<\/h2>\n<p><a href=\"https:\/\/tecus.com.tr\/wp-content\/uploads\/2021\/05\/2.png\" data-elementor-open-lightbox=\"yes\" data-elementor-lightbox-slideshow=\"all-f8c7f1f\" data-elementor-lightbox-title=\"2\"><br \/>\n<\/a><br \/>\n<a href=\"https:\/\/tecus.com.tr\/wp-content\/uploads\/2021\/05\/3.png\" data-elementor-open-lightbox=\"yes\" data-elementor-lightbox-slideshow=\"all-f8c7f1f\" data-elementor-lightbox-title=\"3\"><br \/>\n<\/a><br \/>\n<a href=\"https:\/\/tecus.com.tr\/wp-content\/uploads\/2021\/05\/once_sonra2.jpg\" data-elementor-open-lightbox=\"yes\" data-elementor-lightbox-slideshow=\"all-f8c7f1f\" data-elementor-lightbox-title=\"once_sonra2\"><br \/>\n<\/a><br \/>\n<a href=\"https:\/\/tecus.com.tr\/wp-content\/uploads\/2021\/05\/once_sonra2-1.jpg\" data-elementor-open-lightbox=\"yes\" data-elementor-lightbox-slideshow=\"all-f8c7f1f\" data-elementor-lightbox-title=\"once_sonra2 (1)\"><br \/>\n<\/a><br \/>\n<img fetchpriority=\"high\" decoding=\"async\" src=\"https:\/\/tecus.com.tr\/wp-content\/uploads\/2021\/05\/tam-500x292.jpg\" sizes=\"(max-width: 500px) 100vw, 500px\" srcset=\"https:\/\/tecus.com.tr\/wp-content\/uploads\/2021\/05\/tam-500x292.jpg 500w, https:\/\/tecus.com.tr\/wp-content\/uploads\/2021\/05\/tam-300x175.jpg 300w, https:\/\/tecus.com.tr\/wp-content\/uploads\/2021\/05\/tam-768x449.jpg 768w, https:\/\/tecus.com.tr\/wp-content\/uploads\/2021\/05\/tam.jpg 792w\" alt=\"\" width=\"500\" height=\"292\" \/><br \/>\n<img decoding=\"async\" src=\"https:\/\/tecus.com.tr\/wp-content\/uploads\/2021\/05\/yarim-500x297.jpg\" sizes=\"(max-width: 500px) 100vw, 500px\" srcset=\"https:\/\/tecus.com.tr\/wp-content\/uploads\/2021\/05\/yarim-500x297.jpg 500w, https:\/\/tecus.com.tr\/wp-content\/uploads\/2021\/05\/yarim-300x178.jpg 300w, https:\/\/tecus.com.tr\/wp-content\/uploads\/2021\/05\/yarim.jpg 762w\" alt=\"\" width=\"500\" height=\"297\" \/><br \/>\n<img decoding=\"async\" src=\"https:\/\/tecus.com.tr\/wp-content\/uploads\/2021\/05\/olcu2-500x333.jpg\" sizes=\"(max-width: 500px) 100vw, 500px\" srcset=\"https:\/\/tecus.com.tr\/wp-content\/uploads\/2021\/05\/olcu2-500x333.jpg 500w, https:\/\/tecus.com.tr\/wp-content\/uploads\/2021\/05\/olcu2-300x200.jpg 300w, https:\/\/tecus.com.tr\/wp-content\/uploads\/2021\/05\/olcu2.jpg 753w\" alt=\"\" width=\"500\" height=\"333\" \/><br \/>\n<img loading=\"lazy\" decoding=\"async\" src=\"https:\/\/tecus.com.tr\/wp-content\/uploads\/2021\/05\/olcu1-500x332.jpg\" sizes=\"(max-width: 500px) 100vw, 500px\" srcset=\"https:\/\/tecus.com.tr\/wp-content\/uploads\/2021\/05\/olcu1-500x332.jpg 500w, https:\/\/tecus.com.tr\/wp-content\/uploads\/2021\/05\/olcu1-300x199.jpg 300w, https:\/\/tecus.com.tr\/wp-content\/uploads\/2021\/05\/olcu1.jpg 752w\" alt=\"\" width=\"500\" height=\"332\" \/><br \/>\n<img loading=\"lazy\" decoding=\"async\" src=\"https:\/\/tecus.com.tr\/wp-content\/uploads\/2021\/05\/adimlar-1.jpg\" sizes=\"(max-width: 800px) 100vw, 800px\" srcset=\"https:\/\/tecus.com.tr\/wp-content\/uploads\/2021\/05\/adimlar-1.jpg 800w, https:\/\/tecus.com.tr\/wp-content\/uploads\/2021\/05\/adimlar-1-300x132.jpg 300w, https:\/\/tecus.com.tr\/wp-content\/uploads\/2021\/05\/adimlar-1-500x220.jpg 500w, https:\/\/tecus.com.tr\/wp-content\/uploads\/2021\/05\/adimlar-1-768x338.jpg 768w\" alt=\"\" width=\"800\" height=\"352\" \/><\/p>\n<ul>\n<li>Kesici u\u00e7\/tak\u0131m,i\u015flem g\u00f6recek delik merkezine ilerleme eksen merkezinde (Z ekseni) girer.<\/li>\n<li>Kesici tak\u0131m,ilerleme kaydedece\u011fi delik \u00e7eperine do\u011fru (X ekseni) hareket ettirilir.<br \/>\nBu yakla\u015fma i\u00e7in Form\u00fcl : ((Enterpolasyon \u00c7ap\u0131 \u00f7 2)-0.05)<br \/>\n\u00d6rne\u011fin i\u015flem g\u00f6recek 8mm i\u00e7 \u00e7ap i\u00e7in merkezden \u00e7epere yakla\u015fma hesaplamas\u0131 : ((8mm -1.55mm)\u00f7)-0.05=3.175mm<\/li>\n<li>Tak\u0131m \u00e7al\u0131\u015ft\u0131r\u0131l\u0131r ve tak\u0131m d\u00f6n\u00fc\u015f\u00fc ile birlikte sarmal enterpolasyon ba\u015flar.<br \/>\nTak\u0131m D\u00f6n\u00fc\u015f H\u0131z\u0131 \/ Devir : 2.000 \u2013 12.000 rpm \u0130lerleme : 0.05mm ~ 0.6 mm \/ 1 sarmal enterpolasyon (helis tur)<\/li>\n<li>Tak\u0131m kesi\u015fme noktas\u0131na ilerler, kesisi u\u00e7 k\u00f6\u015fe ile bulu\u015fur ve \u00e7apak alma operasyonu ba\u015flar<\/li>\n<li>Kesici ucun t\u00fcm helis y\u00fczeyi, kesi\u015fme noktas\u0131n\u0131 tarayarak bo\u015fa d\u00fc\u015fer.Tak\u0131m hareketi sonland\u0131r\u0131l\u0131r.<\/li>\n<li>Merkez ekseninde tak\u0131m geri \u00e7ekilir.<\/li>\n<\/ul>\n<h2><a href=\"https:\/\/mikrocapak.com\/page\/dokuman_detay\/capak-alma-ornekleri.html#\">\u00c7apak Alma \u00d6rnekleri<\/a><\/h2>\n<p>Konu \u00e7al\u0131\u015fmam\u0131zda basit bir manuel torna tezgah\u0131 kullan\u0131lm\u0131\u015ft\u0131r \u00e7\u00fcnk\u00fc ;<br \/>\n1) Hemen hemen her k\u00fc\u00e7\u00fck \u00f6l\u00e7ekli atelyede bir torna bulunur.<br \/>\n2) Manuel torna tezgahlar\u0131 genellikle \u00fcretim i\u00e7in tercih edilmezler.<\/p>\n<p>Manuel torna tezgah\u0131, ayr\u0131ca, Mikrodelik \u00c7apak Alma Teknolojisi&#8217;nin kolay kullan\u0131m\u0131n\u0131 g\u00f6sterebilmesi a\u00e7\u0131s\u0131ndan iyi bir \u00f6rnektir. Mikrodelik \u00c7apak Alma Tak\u0131mlar\u0131&#8217;n\u0131n sarmal enterpolasyon(helical interpolation) \u00f6zelli\u011fi de d\u00fc\u015f\u00fcn\u00fcld\u00fc\u011f\u00fcnde, \u00f6ncelikle CNC tornalar ve \u0130\u015flem Merkezleri&#8217;nde kullan\u0131mlar\u0131 \u00f6ng\u00f6r\u00fclm\u00fc\u015ft\u00fcr. Ancak tak\u0131mlar, m\u00fckemmel verim al\u0131nacak \u015fekilde, manuel kullan\u0131m i\u00e7in de son derece uygun tak\u0131mlard\u0131r.<\/p>\n<p>Kullan\u0131lan Ekipmanlar<\/p>\n<ul>\n<li>Manuel Torna Tezgah\u0131<\/li>\n<li>Tercihen Elektrikli Ta\u015flama MotoruTest Par\u00e7as\u0131<\/li>\n<li>Mikrodelik \u00c7apak Alma Tak\u0131m\u0131<\/li>\n<\/ul>\n<p>1-\u015eekil de g\u00f6r\u00fclen par\u00e7ay\u0131, \u015eekil 2 de g\u00f6r\u00fclece\u011fi gibi 3 ayakl\u0131 torna aynas\u0131na ba\u011flay\u0131n<\/p>\n<p><a href=\"https:\/\/tecus.com.tr\/wp-content\/uploads\/2021\/05\/sekil_1.jpg\" data-elementor-open-lightbox=\"yes\" data-elementor-lightbox-slideshow=\"all-99f3fe2\" data-elementor-lightbox-title=\"sekil_1\"><br \/>\n<\/a><br \/>\n<a href=\"https:\/\/tecus.com.tr\/wp-content\/uploads\/2021\/05\/sekil_2.jpg\" data-elementor-open-lightbox=\"yes\" data-elementor-lightbox-slideshow=\"all-99f3fe2\" data-elementor-lightbox-title=\"sekil_2\"><br \/>\n<\/a><br \/>\n<a href=\"https:\/\/tecus.com.tr\/wp-content\/uploads\/2021\/05\/sekil_3.jpg\" data-elementor-open-lightbox=\"yes\" data-elementor-lightbox-slideshow=\"all-99f3fe2\" data-elementor-lightbox-title=\"sekil_3\"><br \/>\n<\/a><br \/>\n<a href=\"https:\/\/tecus.com.tr\/wp-content\/uploads\/2021\/05\/sekil_4.jpg\" data-elementor-open-lightbox=\"yes\" data-elementor-lightbox-slideshow=\"all-99f3fe2\" data-elementor-lightbox-title=\"sekil_4\"><br \/>\n<\/a><br \/>\n<a href=\"https:\/\/tecus.com.tr\/wp-content\/uploads\/2021\/05\/sekil_5.jpg\" data-elementor-open-lightbox=\"yes\" data-elementor-lightbox-slideshow=\"all-99f3fe2\" data-elementor-lightbox-title=\"sekil_5\"><br \/>\n<\/a><br \/>\n<a href=\"https:\/\/tecus.com.tr\/wp-content\/uploads\/2021\/05\/sekil_6.jpg\" data-elementor-open-lightbox=\"yes\" data-elementor-lightbox-slideshow=\"all-99f3fe2\" data-elementor-lightbox-title=\"sekil_6\"><br \/>\n<\/a><br \/>\n<a href=\"https:\/\/tecus.com.tr\/wp-content\/uploads\/2021\/05\/sekil_7.jpg\" data-elementor-open-lightbox=\"yes\" data-elementor-lightbox-slideshow=\"all-99f3fe2\" data-elementor-lightbox-title=\"sekil_7\"><br \/>\n<\/a><br \/>\n<a href=\"https:\/\/tecus.com.tr\/wp-content\/uploads\/2021\/05\/sekil_8.jpg\" data-elementor-open-lightbox=\"yes\" data-elementor-lightbox-slideshow=\"all-99f3fe2\" data-elementor-lightbox-title=\"sekil_8\"><br \/>\n<\/a><\/p>\n","protected":false},"excerpt":{"rendered":"<p style=\"text-align: left;\">Con gli utensili di sbavatura Orbitool \u00e8 possibile sbavare tutti i materiali come acciaio, ghisa, alluminio, ecc.<\/p>\n<p style=\"text-align: left;\">I nostri utensili con interpolazione fanno un ottimo lavoro nonostante le loro dimensioni.<\/p>\n<p style=\"text-align: left;\">I nostri inserti di sbavatura sono disponibili in 7 diverse misure da 1.88 mm a 9.52 mm.<\/p>\n","protected":false},"featured_media":33422,"template":"","meta":{"_acf_changed":false},"product_brand":[],"product_cat":[535,534],"product_tag":[536],"class_list":{"0":"post-34601","1":"product","2":"type-product","3":"status-publish","4":"has-post-thumbnail","6":"product_cat-utensili-di-sbavatura-orbitool","7":"product_cat-utensili-per-sbavatura-e-smussatura","8":"product_tag-orbitool","10":"first","11":"instock","12":"taxable","13":"shipping-taxable","14":"product-type-simple"},"acf":[],"yoast_head":"<!-- This site is optimized with the Yoast SEO plugin v20.2.1 - https:\/\/yoast.com\/wordpress\/plugins\/seo\/ -->\n<title>Orbitool - Tecus Teknoloji<\/title>\n<meta name=\"robots\" content=\"index, follow, max-snippet:-1, max-image-preview:large, max-video-preview:-1\" \/>\n<link rel=\"canonical\" href=\"https:\/\/tecus.com.tr\/it\/prodotto\/orbitool\/\" \/>\n<meta property=\"og:locale\" content=\"it_IT\" \/>\n<meta property=\"og:type\" content=\"article\" \/>\n<meta property=\"og:title\" content=\"Orbitool - Tecus Teknoloji\" \/>\n<meta property=\"og:description\" content=\"Con gli utensili di sbavatura Orbitool \u00e8 possibile sbavare tutti i materiali come acciaio, ghisa, alluminio, ecc. I nostri utensili con interpolazione fanno un ottimo lavoro nonostante le loro dimensioni. I nostri inserti di sbavatura sono disponibili in 7 diverse misure da 1.88 mm a 9.52 mm.\" \/>\n<meta property=\"og:url\" content=\"https:\/\/tecus.com.tr\/it\/prodotto\/orbitool\/\" \/>\n<meta property=\"og:site_name\" content=\"Tecus Teknoloji\" \/>\n<meta property=\"article:modified_time\" content=\"2025-10-26T18:23:44+00:00\" \/>\n<meta property=\"og:image\" content=\"https:\/\/tecus.com.tr\/wp-content\/uploads\/2021\/05\/orbitool.png\" \/>\n\t<meta property=\"og:image:width\" content=\"1000\" \/>\n\t<meta property=\"og:image:height\" content=\"1000\" \/>\n\t<meta property=\"og:image:type\" content=\"image\/png\" \/>\n<meta name=\"twitter:card\" content=\"summary_large_image\" \/>\n<meta name=\"twitter:label1\" content=\"Tempo di lettura stimato\" \/>\n\t<meta name=\"twitter:data1\" content=\"2 minuto\" \/>\n<script type=\"application\/ld+json\" class=\"yoast-schema-graph\">{\"@context\":\"https:\/\/schema.org\",\"@graph\":[{\"@type\":\"WebPage\",\"@id\":\"https:\/\/tecus.com.tr\/it\/prodotto\/orbitool\/\",\"url\":\"https:\/\/tecus.com.tr\/it\/prodotto\/orbitool\/\",\"name\":\"Orbitool - Tecus Teknoloji\",\"isPartOf\":{\"@id\":\"https:\/\/tecus.com.tr\/it\/#website\"},\"datePublished\":\"2021-05-05T10:18:21+00:00\",\"dateModified\":\"2025-10-26T18:23:44+00:00\",\"breadcrumb\":{\"@id\":\"https:\/\/tecus.com.tr\/it\/prodotto\/orbitool\/#breadcrumb\"},\"inLanguage\":\"it-IT\",\"potentialAction\":[{\"@type\":\"ReadAction\",\"target\":[\"https:\/\/tecus.com.tr\/it\/prodotto\/orbitool\/\"]}]},{\"@type\":\"BreadcrumbList\",\"@id\":\"https:\/\/tecus.com.tr\/it\/prodotto\/orbitool\/#breadcrumb\",\"itemListElement\":[{\"@type\":\"ListItem\",\"position\":1,\"name\":\"Ana sayfa\",\"item\":\"https:\/\/tecus.com.tr\/it\/\"},{\"@type\":\"ListItem\",\"position\":2,\"name\":\"Ma\u011faza\",\"item\":\"https:\/\/tecus.com.tr\/magaza\/\"},{\"@type\":\"ListItem\",\"position\":3,\"name\":\"Orbitool\"}]},{\"@type\":\"WebSite\",\"@id\":\"https:\/\/tecus.com.tr\/it\/#website\",\"url\":\"https:\/\/tecus.com.tr\/it\/\",\"name\":\"Tecus Teknoloji\",\"description\":\"CNC par\u00e7a ba\u011flama \u00e7\u00f6z\u00fcmleri\",\"publisher\":{\"@id\":\"https:\/\/tecus.com.tr\/it\/#organization\"},\"potentialAction\":[{\"@type\":\"SearchAction\",\"target\":{\"@type\":\"EntryPoint\",\"urlTemplate\":\"https:\/\/tecus.com.tr\/it\/?s={search_term_string}\"},\"query-input\":\"required name=search_term_string\"}],\"inLanguage\":\"it-IT\"},{\"@type\":\"Organization\",\"@id\":\"https:\/\/tecus.com.tr\/it\/#organization\",\"name\":\"Tecus Teknoloji\",\"url\":\"https:\/\/tecus.com.tr\/it\/\",\"logo\":{\"@type\":\"ImageObject\",\"inLanguage\":\"it-IT\",\"@id\":\"https:\/\/tecus.com.tr\/it\/#\/schema\/logo\/image\/\",\"url\":\"https:\/\/tecus.com.tr\/wp-content\/uploads\/2018\/04\/tecus-logo-beyaz-2-e1528750997765.png\",\"contentUrl\":\"https:\/\/tecus.com.tr\/wp-content\/uploads\/2018\/04\/tecus-logo-beyaz-2-e1528750997765.png\",\"width\":250,\"height\":53,\"caption\":\"Tecus Teknoloji\"},\"image\":{\"@id\":\"https:\/\/tecus.com.tr\/it\/#\/schema\/logo\/image\/\"}}]}<\/script>\n<!-- \/ Yoast SEO plugin. -->","yoast_head_json":{"title":"Orbitool - Tecus Teknoloji","robots":{"index":"index","follow":"follow","max-snippet":"max-snippet:-1","max-image-preview":"max-image-preview:large","max-video-preview":"max-video-preview:-1"},"canonical":"https:\/\/tecus.com.tr\/it\/prodotto\/orbitool\/","og_locale":"it_IT","og_type":"article","og_title":"Orbitool - Tecus Teknoloji","og_description":"Con gli utensili di sbavatura Orbitool \u00e8 possibile sbavare tutti i materiali come acciaio, ghisa, alluminio, ecc. I nostri utensili con interpolazione fanno un ottimo lavoro nonostante le loro dimensioni. I nostri inserti di sbavatura sono disponibili in 7 diverse misure da 1.88 mm a 9.52 mm.","og_url":"https:\/\/tecus.com.tr\/it\/prodotto\/orbitool\/","og_site_name":"Tecus Teknoloji","article_modified_time":"2025-10-26T18:23:44+00:00","og_image":[{"width":1000,"height":1000,"url":"https:\/\/tecus.com.tr\/wp-content\/uploads\/2021\/05\/orbitool.png","type":"image\/png"}],"twitter_card":"summary_large_image","twitter_misc":{"Tempo di lettura stimato":"2 minuto"},"schema":{"@context":"https:\/\/schema.org","@graph":[{"@type":"WebPage","@id":"https:\/\/tecus.com.tr\/it\/prodotto\/orbitool\/","url":"https:\/\/tecus.com.tr\/it\/prodotto\/orbitool\/","name":"Orbitool - Tecus Teknoloji","isPartOf":{"@id":"https:\/\/tecus.com.tr\/it\/#website"},"datePublished":"2021-05-05T10:18:21+00:00","dateModified":"2025-10-26T18:23:44+00:00","breadcrumb":{"@id":"https:\/\/tecus.com.tr\/it\/prodotto\/orbitool\/#breadcrumb"},"inLanguage":"it-IT","potentialAction":[{"@type":"ReadAction","target":["https:\/\/tecus.com.tr\/it\/prodotto\/orbitool\/"]}]},{"@type":"BreadcrumbList","@id":"https:\/\/tecus.com.tr\/it\/prodotto\/orbitool\/#breadcrumb","itemListElement":[{"@type":"ListItem","position":1,"name":"Ana sayfa","item":"https:\/\/tecus.com.tr\/it\/"},{"@type":"ListItem","position":2,"name":"Ma\u011faza","item":"https:\/\/tecus.com.tr\/magaza\/"},{"@type":"ListItem","position":3,"name":"Orbitool"}]},{"@type":"WebSite","@id":"https:\/\/tecus.com.tr\/it\/#website","url":"https:\/\/tecus.com.tr\/it\/","name":"Tecus Teknoloji","description":"CNC par\u00e7a ba\u011flama \u00e7\u00f6z\u00fcmleri","publisher":{"@id":"https:\/\/tecus.com.tr\/it\/#organization"},"potentialAction":[{"@type":"SearchAction","target":{"@type":"EntryPoint","urlTemplate":"https:\/\/tecus.com.tr\/it\/?s={search_term_string}"},"query-input":"required name=search_term_string"}],"inLanguage":"it-IT"},{"@type":"Organization","@id":"https:\/\/tecus.com.tr\/it\/#organization","name":"Tecus Teknoloji","url":"https:\/\/tecus.com.tr\/it\/","logo":{"@type":"ImageObject","inLanguage":"it-IT","@id":"https:\/\/tecus.com.tr\/it\/#\/schema\/logo\/image\/","url":"https:\/\/tecus.com.tr\/wp-content\/uploads\/2018\/04\/tecus-logo-beyaz-2-e1528750997765.png","contentUrl":"https:\/\/tecus.com.tr\/wp-content\/uploads\/2018\/04\/tecus-logo-beyaz-2-e1528750997765.png","width":250,"height":53,"caption":"Tecus Teknoloji"},"image":{"@id":"https:\/\/tecus.com.tr\/it\/#\/schema\/logo\/image\/"}}]}},"_links":{"self":[{"href":"https:\/\/tecus.com.tr\/it\/wp-json\/wp\/v2\/product\/34601","targetHints":{"allow":["GET"]}}],"collection":[{"href":"https:\/\/tecus.com.tr\/it\/wp-json\/wp\/v2\/product"}],"about":[{"href":"https:\/\/tecus.com.tr\/it\/wp-json\/wp\/v2\/types\/product"}],"version-history":[{"count":2,"href":"https:\/\/tecus.com.tr\/it\/wp-json\/wp\/v2\/product\/34601\/revisions"}],"predecessor-version":[{"id":46341,"href":"https:\/\/tecus.com.tr\/it\/wp-json\/wp\/v2\/product\/34601\/revisions\/46341"}],"wp:featuredmedia":[{"embeddable":true,"href":"https:\/\/tecus.com.tr\/it\/wp-json\/wp\/v2\/media\/33422"}],"wp:attachment":[{"href":"https:\/\/tecus.com.tr\/it\/wp-json\/wp\/v2\/media?parent=34601"}],"wp:term":[{"taxonomy":"product_brand","embeddable":true,"href":"https:\/\/tecus.com.tr\/it\/wp-json\/wp\/v2\/product_brand?post=34601"},{"taxonomy":"product_cat","embeddable":true,"href":"https:\/\/tecus.com.tr\/it\/wp-json\/wp\/v2\/product_cat?post=34601"},{"taxonomy":"product_tag","embeddable":true,"href":"https:\/\/tecus.com.tr\/it\/wp-json\/wp\/v2\/product_tag?post=34601"}],"curies":[{"name":"wp","href":"https:\/\/api.w.org\/{rel}","templated":true}]}}