{"id":34565,"date":"2025-08-23T15:06:59","date_gmt":"2025-08-23T15:06:59","guid":{"rendered":"https:\/\/tecus.com.tr\/urun\/zeroca\/"},"modified":"2025-10-27T19:55:11","modified_gmt":"2025-10-27T19:55:11","slug":"zeroca","status":"publish","type":"product","link":"https:\/\/tecus.com.tr\/it\/prodotto\/zeroca\/","title":{"rendered":"zeroCA"},"content":{"rendered":"","protected":false},"excerpt":{"rendered":"<p>Il <strong>sistema di cambio rapido tavola con piastra adattatore 96-52 mm<\/strong> offre una soluzione unica sia per i centri dei fori standard industriali da 96 mm che da 52 mm. \u00c8 durevole grazie alla sua struttura in acciaio speciale temprato. Grazie alle attrezzature inferiori e superiori compatibili, \u00e8 un sistema eccellente che consente una transizione rapida e un aumento dell&#8217;efficienza nella tua linea di produzione.  <\/p>\n","protected":false},"featured_media":33414,"template":"","meta":{"_acf_changed":false},"product_brand":[590],"product_cat":[511,505],"product_tag":[],"class_list":{"0":"post-34565","1":"product","2":"type-product","3":"status-publish","4":"has-post-thumbnail","6":"product_brand-canaca","7":"product_cat-cambio-rapido-dei-pezzi","8":"product_cat-morsetti-a-trazione-dal-basso","10":"first","11":"instock","12":"sale","13":"taxable","14":"shipping-taxable","15":"purchasable","16":"product-type-simple"},"acf":[],"yoast_head":"<!-- This site is optimized with the Yoast SEO plugin v20.2.1 - https:\/\/yoast.com\/wordpress\/plugins\/seo\/ -->\n<title>zeroCA - Tecus Teknoloji<\/title>\n<meta name=\"robots\" content=\"index, follow, max-snippet:-1, max-image-preview:large, max-video-preview:-1\" \/>\n<link rel=\"canonical\" href=\"https:\/\/tecus.com.tr\/it\/prodotto\/zeroca\/\" \/>\n<meta property=\"og:locale\" content=\"it_IT\" \/>\n<meta property=\"og:type\" content=\"article\" \/>\n<meta property=\"og:title\" content=\"zeroCA - Tecus Teknoloji\" \/>\n<meta property=\"og:description\" content=\"Il sistema di cambio rapido tavola con piastra adattatore 96-52 mm offre una soluzione unica sia per i centri dei fori standard industriali da 96 mm che da 52 mm. \u00c8 durevole grazie alla sua struttura in acciaio speciale temprato. Grazie alle attrezzature inferiori e superiori compatibili, \u00e8 un sistema eccellente che consente una transizione rapida e un aumento dell&#039;efficienza nella tua linea di produzione.\" \/>\n<meta property=\"og:url\" content=\"https:\/\/tecus.com.tr\/it\/prodotto\/zeroca\/\" \/>\n<meta property=\"og:site_name\" content=\"Tecus Teknoloji\" \/>\n<meta property=\"article:modified_time\" content=\"2025-10-27T19:55:11+00:00\" \/>\n<meta property=\"og:image\" content=\"https:\/\/tecus.com.tr\/wp-content\/uploads\/2025\/08\/zeroca.png\" \/>\n\t<meta property=\"og:image:width\" content=\"1024\" \/>\n\t<meta property=\"og:image:height\" content=\"1024\" \/>\n\t<meta property=\"og:image:type\" content=\"image\/png\" \/>\n<meta name=\"twitter:card\" content=\"summary_large_image\" \/>\n<script type=\"application\/ld+json\" class=\"yoast-schema-graph\">{\"@context\":\"https:\/\/schema.org\",\"@graph\":[{\"@type\":\"WebPage\",\"@id\":\"https:\/\/tecus.com.tr\/it\/prodotto\/zeroca\/\",\"url\":\"https:\/\/tecus.com.tr\/it\/prodotto\/zeroca\/\",\"name\":\"zeroCA - Tecus Teknoloji\",\"isPartOf\":{\"@id\":\"https:\/\/tecus.com.tr\/it\/#website\"},\"datePublished\":\"2025-08-23T15:06:59+00:00\",\"dateModified\":\"2025-10-27T19:55:11+00:00\",\"breadcrumb\":{\"@id\":\"https:\/\/tecus.com.tr\/it\/prodotto\/zeroca\/#breadcrumb\"},\"inLanguage\":\"it-IT\",\"potentialAction\":[{\"@type\":\"ReadAction\",\"target\":[\"https:\/\/tecus.com.tr\/it\/prodotto\/zeroca\/\"]}]},{\"@type\":\"BreadcrumbList\",\"@id\":\"https:\/\/tecus.com.tr\/it\/prodotto\/zeroca\/#breadcrumb\",\"itemListElement\":[{\"@type\":\"ListItem\",\"position\":1,\"name\":\"Ana sayfa\",\"item\":\"https:\/\/tecus.com.tr\/it\/\"},{\"@type\":\"ListItem\",\"position\":2,\"name\":\"Ma\u011faza\",\"item\":\"https:\/\/tecus.com.tr\/magaza\/\"},{\"@type\":\"ListItem\",\"position\":3,\"name\":\"zeroCA\"}]},{\"@type\":\"WebSite\",\"@id\":\"https:\/\/tecus.com.tr\/it\/#website\",\"url\":\"https:\/\/tecus.com.tr\/it\/\",\"name\":\"Tecus Teknoloji\",\"description\":\"CNC par\u00e7a ba\u011flama \u00e7\u00f6z\u00fcmleri\",\"publisher\":{\"@id\":\"https:\/\/tecus.com.tr\/it\/#organization\"},\"potentialAction\":[{\"@type\":\"SearchAction\",\"target\":{\"@type\":\"EntryPoint\",\"urlTemplate\":\"https:\/\/tecus.com.tr\/it\/?s={search_term_string}\"},\"query-input\":\"required name=search_term_string\"}],\"inLanguage\":\"it-IT\"},{\"@type\":\"Organization\",\"@id\":\"https:\/\/tecus.com.tr\/it\/#organization\",\"name\":\"Tecus Teknoloji\",\"url\":\"https:\/\/tecus.com.tr\/it\/\",\"logo\":{\"@type\":\"ImageObject\",\"inLanguage\":\"it-IT\",\"@id\":\"https:\/\/tecus.com.tr\/it\/#\/schema\/logo\/image\/\",\"url\":\"https:\/\/tecus.com.tr\/wp-content\/uploads\/2018\/04\/tecus-logo-beyaz-2-e1528750997765.png\",\"contentUrl\":\"https:\/\/tecus.com.tr\/wp-content\/uploads\/2018\/04\/tecus-logo-beyaz-2-e1528750997765.png\",\"width\":250,\"height\":53,\"caption\":\"Tecus Teknoloji\"},\"image\":{\"@id\":\"https:\/\/tecus.com.tr\/it\/#\/schema\/logo\/image\/\"}}]}<\/script>\n<!-- \/ Yoast SEO plugin. -->","yoast_head_json":{"title":"zeroCA - Tecus Teknoloji","robots":{"index":"index","follow":"follow","max-snippet":"max-snippet:-1","max-image-preview":"max-image-preview:large","max-video-preview":"max-video-preview:-1"},"canonical":"https:\/\/tecus.com.tr\/it\/prodotto\/zeroca\/","og_locale":"it_IT","og_type":"article","og_title":"zeroCA - Tecus Teknoloji","og_description":"Il sistema di cambio rapido tavola con piastra adattatore 96-52 mm offre una soluzione unica sia per i centri dei fori standard industriali da 96 mm che da 52 mm. \u00c8 durevole grazie alla sua struttura in acciaio speciale temprato. Grazie alle attrezzature inferiori e superiori compatibili, \u00e8 un sistema eccellente che consente una transizione rapida e un aumento dell'efficienza nella tua linea di produzione.","og_url":"https:\/\/tecus.com.tr\/it\/prodotto\/zeroca\/","og_site_name":"Tecus Teknoloji","article_modified_time":"2025-10-27T19:55:11+00:00","og_image":[{"width":1024,"height":1024,"url":"https:\/\/tecus.com.tr\/wp-content\/uploads\/2025\/08\/zeroca.png","type":"image\/png"}],"twitter_card":"summary_large_image","schema":{"@context":"https:\/\/schema.org","@graph":[{"@type":"WebPage","@id":"https:\/\/tecus.com.tr\/it\/prodotto\/zeroca\/","url":"https:\/\/tecus.com.tr\/it\/prodotto\/zeroca\/","name":"zeroCA - Tecus Teknoloji","isPartOf":{"@id":"https:\/\/tecus.com.tr\/it\/#website"},"datePublished":"2025-08-23T15:06:59+00:00","dateModified":"2025-10-27T19:55:11+00:00","breadcrumb":{"@id":"https:\/\/tecus.com.tr\/it\/prodotto\/zeroca\/#breadcrumb"},"inLanguage":"it-IT","potentialAction":[{"@type":"ReadAction","target":["https:\/\/tecus.com.tr\/it\/prodotto\/zeroca\/"]}]},{"@type":"BreadcrumbList","@id":"https:\/\/tecus.com.tr\/it\/prodotto\/zeroca\/#breadcrumb","itemListElement":[{"@type":"ListItem","position":1,"name":"Ana sayfa","item":"https:\/\/tecus.com.tr\/it\/"},{"@type":"ListItem","position":2,"name":"Ma\u011faza","item":"https:\/\/tecus.com.tr\/magaza\/"},{"@type":"ListItem","position":3,"name":"zeroCA"}]},{"@type":"WebSite","@id":"https:\/\/tecus.com.tr\/it\/#website","url":"https:\/\/tecus.com.tr\/it\/","name":"Tecus Teknoloji","description":"CNC par\u00e7a ba\u011flama \u00e7\u00f6z\u00fcmleri","publisher":{"@id":"https:\/\/tecus.com.tr\/it\/#organization"},"potentialAction":[{"@type":"SearchAction","target":{"@type":"EntryPoint","urlTemplate":"https:\/\/tecus.com.tr\/it\/?s={search_term_string}"},"query-input":"required name=search_term_string"}],"inLanguage":"it-IT"},{"@type":"Organization","@id":"https:\/\/tecus.com.tr\/it\/#organization","name":"Tecus Teknoloji","url":"https:\/\/tecus.com.tr\/it\/","logo":{"@type":"ImageObject","inLanguage":"it-IT","@id":"https:\/\/tecus.com.tr\/it\/#\/schema\/logo\/image\/","url":"https:\/\/tecus.com.tr\/wp-content\/uploads\/2018\/04\/tecus-logo-beyaz-2-e1528750997765.png","contentUrl":"https:\/\/tecus.com.tr\/wp-content\/uploads\/2018\/04\/tecus-logo-beyaz-2-e1528750997765.png","width":250,"height":53,"caption":"Tecus Teknoloji"},"image":{"@id":"https:\/\/tecus.com.tr\/it\/#\/schema\/logo\/image\/"}}]}},"_links":{"self":[{"href":"https:\/\/tecus.com.tr\/it\/wp-json\/wp\/v2\/product\/34565","targetHints":{"allow":["GET"]}}],"collection":[{"href":"https:\/\/tecus.com.tr\/it\/wp-json\/wp\/v2\/product"}],"about":[{"href":"https:\/\/tecus.com.tr\/it\/wp-json\/wp\/v2\/types\/product"}],"version-history":[{"count":3,"href":"https:\/\/tecus.com.tr\/it\/wp-json\/wp\/v2\/product\/34565\/revisions"}],"predecessor-version":[{"id":47796,"href":"https:\/\/tecus.com.tr\/it\/wp-json\/wp\/v2\/product\/34565\/revisions\/47796"}],"wp:featuredmedia":[{"embeddable":true,"href":"https:\/\/tecus.com.tr\/it\/wp-json\/wp\/v2\/media\/33414"}],"wp:attachment":[{"href":"https:\/\/tecus.com.tr\/it\/wp-json\/wp\/v2\/media?parent=34565"}],"wp:term":[{"taxonomy":"product_brand","embeddable":true,"href":"https:\/\/tecus.com.tr\/it\/wp-json\/wp\/v2\/product_brand?post=34565"},{"taxonomy":"product_cat","embeddable":true,"href":"https:\/\/tecus.com.tr\/it\/wp-json\/wp\/v2\/product_cat?post=34565"},{"taxonomy":"product_tag","embeddable":true,"href":"https:\/\/tecus.com.tr\/it\/wp-json\/wp\/v2\/product_tag?post=34565"}],"curies":[{"name":"wp","href":"https:\/\/api.w.org\/{rel}","templated":true}]}}