{"id":34489,"date":"2025-08-23T15:07:08","date_gmt":"2025-08-23T15:07:08","guid":{"rendered":"https:\/\/tecus.com.tr\/urun\/pica-b\/"},"modified":"2025-09-22T19:49:01","modified_gmt":"2025-09-22T19:49:01","slug":"pica-b","status":"publish","type":"product","link":"https:\/\/tecus.com.tr\/it\/prodotto\/pica-b\/","title":{"rendered":"piCA-B"},"content":{"rendered":"","protected":false},"excerpt":{"rendered":"<p>Morsa modulare, ganascia fissa 200x50x35, ganascia mobile 200x115x35 mm, dimensioni slot 50 mm. Possibilit\u00e0 di serraggio con forza superiore a 2,5 mm con conseguente riduzione degli scarti di materiale, la struttura modulare consente di serrare pezzi da 1 cm a metri di lunghezza. \u00c8 possibile serrare pi\u00f9 pezzi con Pitbull indipendenti. Con la ganascia anteriore rimovibile, \u00e8 possibile serrare pezzi da un&#8217;altezza di 30 mm anche per le seconde operazioni. Offre un&#8217;eccellente alternativa alle morse classiche. Set; 1 Pitbull M6 fornisce una forza di serraggio di 1,6 tonnellate, include 3 Pitbull M6 a spigoli vivi, 2 Pitbull M6 a spigoli vivi, 3 Talon grip, 2 blocchi di appoggio, accessori di collegamento per scanalatura a T M12.     <\/p>\n","protected":false},"featured_media":34429,"template":"","meta":{"_acf_changed":false},"product_brand":[590],"product_cat":[526],"product_tag":[],"class_list":{"0":"post-34489","1":"product","2":"type-product","3":"status-publish","4":"has-post-thumbnail","6":"product_brand-canaca","7":"product_cat-fissaggio-modulare","9":"first","10":"instock","11":"sale","12":"taxable","13":"shipping-taxable","14":"purchasable","15":"product-type-simple"},"acf":[],"yoast_head":"<!-- This site is optimized with the Yoast SEO plugin v20.2.1 - https:\/\/yoast.com\/wordpress\/plugins\/seo\/ -->\n<title>piCA-B - Tecus Teknoloji<\/title>\n<meta name=\"robots\" content=\"index, follow, max-snippet:-1, max-image-preview:large, max-video-preview:-1\" \/>\n<link rel=\"canonical\" href=\"https:\/\/tecus.com.tr\/it\/prodotto\/pica-b\/\" \/>\n<meta property=\"og:locale\" content=\"it_IT\" \/>\n<meta property=\"og:type\" content=\"article\" \/>\n<meta property=\"og:title\" content=\"piCA-B - Tecus Teknoloji\" \/>\n<meta property=\"og:description\" content=\"Morsa modulare, ganascia fissa 200x50x35, ganascia mobile 200x115x35 mm, dimensioni slot 50 mm. Possibilit\u00e0 di serraggio con forza superiore a 2,5 mm con conseguente riduzione degli scarti di materiale, la struttura modulare consente di serrare pezzi da 1 cm a metri di lunghezza. \u00c8 possibile serrare pi\u00f9 pezzi con Pitbull indipendenti. Con la ganascia anteriore rimovibile, \u00e8 possibile serrare pezzi da un&#039;altezza di 30 mm anche per le seconde operazioni. Offre un&#039;eccellente alternativa alle morse classiche. Set; 1 Pitbull M6 fornisce una forza di serraggio di 1,6 tonnellate, include 3 Pitbull M6 a spigoli vivi, 2 Pitbull M6 a spigoli vivi, 3 Talon grip, 2 blocchi di appoggio, accessori di collegamento per scanalatura a T M12.\" \/>\n<meta property=\"og:url\" content=\"https:\/\/tecus.com.tr\/it\/prodotto\/pica-b\/\" \/>\n<meta property=\"og:site_name\" content=\"Tecus Teknoloji\" \/>\n<meta property=\"article:modified_time\" content=\"2025-09-22T19:49:01+00:00\" \/>\n<meta property=\"og:image\" content=\"https:\/\/tecus.com.tr\/wp-content\/uploads\/2025\/08\/pica_b_kit.png\" \/>\n\t<meta property=\"og:image:width\" content=\"1024\" \/>\n\t<meta property=\"og:image:height\" content=\"1024\" \/>\n\t<meta property=\"og:image:type\" content=\"image\/png\" \/>\n<meta name=\"twitter:card\" content=\"summary_large_image\" \/>\n<script type=\"application\/ld+json\" class=\"yoast-schema-graph\">{\"@context\":\"https:\/\/schema.org\",\"@graph\":[{\"@type\":\"WebPage\",\"@id\":\"https:\/\/tecus.com.tr\/it\/prodotto\/pica-b\/\",\"url\":\"https:\/\/tecus.com.tr\/it\/prodotto\/pica-b\/\",\"name\":\"piCA-B - Tecus Teknoloji\",\"isPartOf\":{\"@id\":\"https:\/\/tecus.com.tr\/it\/#website\"},\"datePublished\":\"2025-08-23T15:07:08+00:00\",\"dateModified\":\"2025-09-22T19:49:01+00:00\",\"breadcrumb\":{\"@id\":\"https:\/\/tecus.com.tr\/it\/prodotto\/pica-b\/#breadcrumb\"},\"inLanguage\":\"it-IT\",\"potentialAction\":[{\"@type\":\"ReadAction\",\"target\":[\"https:\/\/tecus.com.tr\/it\/prodotto\/pica-b\/\"]}]},{\"@type\":\"BreadcrumbList\",\"@id\":\"https:\/\/tecus.com.tr\/it\/prodotto\/pica-b\/#breadcrumb\",\"itemListElement\":[{\"@type\":\"ListItem\",\"position\":1,\"name\":\"Ana sayfa\",\"item\":\"https:\/\/tecus.com.tr\/it\/\"},{\"@type\":\"ListItem\",\"position\":2,\"name\":\"Ma\u011faza\",\"item\":\"https:\/\/tecus.com.tr\/magaza\/\"},{\"@type\":\"ListItem\",\"position\":3,\"name\":\"piCA-B\"}]},{\"@type\":\"WebSite\",\"@id\":\"https:\/\/tecus.com.tr\/it\/#website\",\"url\":\"https:\/\/tecus.com.tr\/it\/\",\"name\":\"Tecus Teknoloji\",\"description\":\"CNC par\u00e7a ba\u011flama \u00e7\u00f6z\u00fcmleri\",\"publisher\":{\"@id\":\"https:\/\/tecus.com.tr\/it\/#organization\"},\"potentialAction\":[{\"@type\":\"SearchAction\",\"target\":{\"@type\":\"EntryPoint\",\"urlTemplate\":\"https:\/\/tecus.com.tr\/it\/?s={search_term_string}\"},\"query-input\":\"required name=search_term_string\"}],\"inLanguage\":\"it-IT\"},{\"@type\":\"Organization\",\"@id\":\"https:\/\/tecus.com.tr\/it\/#organization\",\"name\":\"Tecus Teknoloji\",\"url\":\"https:\/\/tecus.com.tr\/it\/\",\"logo\":{\"@type\":\"ImageObject\",\"inLanguage\":\"it-IT\",\"@id\":\"https:\/\/tecus.com.tr\/it\/#\/schema\/logo\/image\/\",\"url\":\"https:\/\/tecus.com.tr\/wp-content\/uploads\/2018\/04\/tecus-logo-beyaz-2-e1528750997765.png\",\"contentUrl\":\"https:\/\/tecus.com.tr\/wp-content\/uploads\/2018\/04\/tecus-logo-beyaz-2-e1528750997765.png\",\"width\":250,\"height\":53,\"caption\":\"Tecus Teknoloji\"},\"image\":{\"@id\":\"https:\/\/tecus.com.tr\/it\/#\/schema\/logo\/image\/\"}}]}<\/script>\n<!-- \/ Yoast SEO plugin. -->","yoast_head_json":{"title":"piCA-B - Tecus Teknoloji","robots":{"index":"index","follow":"follow","max-snippet":"max-snippet:-1","max-image-preview":"max-image-preview:large","max-video-preview":"max-video-preview:-1"},"canonical":"https:\/\/tecus.com.tr\/it\/prodotto\/pica-b\/","og_locale":"it_IT","og_type":"article","og_title":"piCA-B - Tecus Teknoloji","og_description":"Morsa modulare, ganascia fissa 200x50x35, ganascia mobile 200x115x35 mm, dimensioni slot 50 mm. Possibilit\u00e0 di serraggio con forza superiore a 2,5 mm con conseguente riduzione degli scarti di materiale, la struttura modulare consente di serrare pezzi da 1 cm a metri di lunghezza. \u00c8 possibile serrare pi\u00f9 pezzi con Pitbull indipendenti. Con la ganascia anteriore rimovibile, \u00e8 possibile serrare pezzi da un'altezza di 30 mm anche per le seconde operazioni. Offre un'eccellente alternativa alle morse classiche. Set; 1 Pitbull M6 fornisce una forza di serraggio di 1,6 tonnellate, include 3 Pitbull M6 a spigoli vivi, 2 Pitbull M6 a spigoli vivi, 3 Talon grip, 2 blocchi di appoggio, accessori di collegamento per scanalatura a T M12.","og_url":"https:\/\/tecus.com.tr\/it\/prodotto\/pica-b\/","og_site_name":"Tecus Teknoloji","article_modified_time":"2025-09-22T19:49:01+00:00","og_image":[{"width":1024,"height":1024,"url":"https:\/\/tecus.com.tr\/wp-content\/uploads\/2025\/08\/pica_b_kit.png","type":"image\/png"}],"twitter_card":"summary_large_image","schema":{"@context":"https:\/\/schema.org","@graph":[{"@type":"WebPage","@id":"https:\/\/tecus.com.tr\/it\/prodotto\/pica-b\/","url":"https:\/\/tecus.com.tr\/it\/prodotto\/pica-b\/","name":"piCA-B - Tecus Teknoloji","isPartOf":{"@id":"https:\/\/tecus.com.tr\/it\/#website"},"datePublished":"2025-08-23T15:07:08+00:00","dateModified":"2025-09-22T19:49:01+00:00","breadcrumb":{"@id":"https:\/\/tecus.com.tr\/it\/prodotto\/pica-b\/#breadcrumb"},"inLanguage":"it-IT","potentialAction":[{"@type":"ReadAction","target":["https:\/\/tecus.com.tr\/it\/prodotto\/pica-b\/"]}]},{"@type":"BreadcrumbList","@id":"https:\/\/tecus.com.tr\/it\/prodotto\/pica-b\/#breadcrumb","itemListElement":[{"@type":"ListItem","position":1,"name":"Ana sayfa","item":"https:\/\/tecus.com.tr\/it\/"},{"@type":"ListItem","position":2,"name":"Ma\u011faza","item":"https:\/\/tecus.com.tr\/magaza\/"},{"@type":"ListItem","position":3,"name":"piCA-B"}]},{"@type":"WebSite","@id":"https:\/\/tecus.com.tr\/it\/#website","url":"https:\/\/tecus.com.tr\/it\/","name":"Tecus Teknoloji","description":"CNC par\u00e7a ba\u011flama \u00e7\u00f6z\u00fcmleri","publisher":{"@id":"https:\/\/tecus.com.tr\/it\/#organization"},"potentialAction":[{"@type":"SearchAction","target":{"@type":"EntryPoint","urlTemplate":"https:\/\/tecus.com.tr\/it\/?s={search_term_string}"},"query-input":"required name=search_term_string"}],"inLanguage":"it-IT"},{"@type":"Organization","@id":"https:\/\/tecus.com.tr\/it\/#organization","name":"Tecus Teknoloji","url":"https:\/\/tecus.com.tr\/it\/","logo":{"@type":"ImageObject","inLanguage":"it-IT","@id":"https:\/\/tecus.com.tr\/it\/#\/schema\/logo\/image\/","url":"https:\/\/tecus.com.tr\/wp-content\/uploads\/2018\/04\/tecus-logo-beyaz-2-e1528750997765.png","contentUrl":"https:\/\/tecus.com.tr\/wp-content\/uploads\/2018\/04\/tecus-logo-beyaz-2-e1528750997765.png","width":250,"height":53,"caption":"Tecus Teknoloji"},"image":{"@id":"https:\/\/tecus.com.tr\/it\/#\/schema\/logo\/image\/"}}]}},"_links":{"self":[{"href":"https:\/\/tecus.com.tr\/it\/wp-json\/wp\/v2\/product\/34489","targetHints":{"allow":["GET"]}}],"collection":[{"href":"https:\/\/tecus.com.tr\/it\/wp-json\/wp\/v2\/product"}],"about":[{"href":"https:\/\/tecus.com.tr\/it\/wp-json\/wp\/v2\/types\/product"}],"version-history":[{"count":1,"href":"https:\/\/tecus.com.tr\/it\/wp-json\/wp\/v2\/product\/34489\/revisions"}],"predecessor-version":[{"id":40009,"href":"https:\/\/tecus.com.tr\/it\/wp-json\/wp\/v2\/product\/34489\/revisions\/40009"}],"wp:featuredmedia":[{"embeddable":true,"href":"https:\/\/tecus.com.tr\/it\/wp-json\/wp\/v2\/media\/34429"}],"wp:attachment":[{"href":"https:\/\/tecus.com.tr\/it\/wp-json\/wp\/v2\/media?parent=34489"}],"wp:term":[{"taxonomy":"product_brand","embeddable":true,"href":"https:\/\/tecus.com.tr\/it\/wp-json\/wp\/v2\/product_brand?post=34489"},{"taxonomy":"product_cat","embeddable":true,"href":"https:\/\/tecus.com.tr\/it\/wp-json\/wp\/v2\/product_cat?post=34489"},{"taxonomy":"product_tag","embeddable":true,"href":"https:\/\/tecus.com.tr\/it\/wp-json\/wp\/v2\/product_tag?post=34489"}],"curies":[{"name":"wp","href":"https:\/\/api.w.org\/{rel}","templated":true}]}}