{"id":34142,"date":"2018-04-15T11:16:12","date_gmt":"2018-04-15T11:16:12","guid":{"rendered":"https:\/\/tecus.com.tr\/urun\/morsetti-di-espansione-side-loc\/"},"modified":"2025-10-26T18:20:45","modified_gmt":"2025-10-26T18:20:45","slug":"morsetti-di-espansione-side-loc","status":"publish","type":"product","link":"https:\/\/tecus.com.tr\/it\/prodotto\/morsetti-di-espansione-side-loc\/","title":{"rendered":"Morsetti di espansione Side-Loc"},"content":{"rendered":"<p><img fetchpriority=\"high\" decoding=\"async\" class=\"alignnone wp-image-457\" src=\"https:\/\/e-market.tecus.com.tr\/wp-content\/uploads\/2018\/03\/sideloc_draw-300x132.png\" alt=\"\" width=\"916\" height=\"403\"><\/p>\n<p>[table id=\u201dSideLocXpansionClamps\u201d \/]<\/p>\n","protected":false},"excerpt":{"rendered":"<p>Il morsetto di espansione Side-Loc \u00e8 azionato lateralmente, il che lo rende perfetto per le applicazioni a foro cieco. Prodotto sia per applicazioni di tornitura che di tornio. L&#8217;albero a camme e il pistone espandono il morsetto lateralmente. Stesse dimensioni di montaggio del nostro morsetto ID originale.   <\/p>\n<p>Il morsetto di espansione Side-Loc \u00e8 azionato ruotando un albero a camme a testa esagonale sul lato, che muove un pistone conico per espandere il morsetto. L&#8217;anello di bloccaggio fornisce un diametro e una rigidit\u00e0 preimpostati precisi per la lavorazione. La coppia massima sull&#8217;anello di bloccaggio \u00e8 di 10 ft lbs. (13 Nm). Come i nostri morsetti ID Xpansion\u2122 originali, il morsetto di espansione Side-Loc ha la caratteristica di lunghezza morta, fondamentale per dimensioni a tolleranza ristretta.    <\/p>\n<p>Il morsetto di espansione Side-Loc \u00e8 progettato in due stili: uno per operazioni di fresatura e uno per applicazioni di tornitura. \u00c8 disponibile una dimensione per ogni modello. Il morsetto di espansione Side-Loc per fresatura pu\u00f2 essere lavorato da 1.120 a .710 (da 28.4 a 18 mm) e la versione per tornio da 2.09 a 7.10 (da 53 a 18 mm). La versione per tornio ha un albero dritto da 1 \u2033 (25 mm).   <\/p>\n","protected":false},"featured_media":34143,"template":"","meta":{"_acf_changed":false},"product_brand":[],"product_cat":[494],"product_tag":[495],"class_list":{"0":"post-34142","1":"product","2":"type-product","3":"status-publish","4":"has-post-thumbnail","6":"product_cat-morsetto-a-espansione-di-diametro","7":"product_tag-morsetti-xpansion","9":"first","10":"instock","11":"taxable","12":"shipping-taxable","13":"product-type-simple"},"acf":[],"yoast_head":"<!-- This site is optimized with the Yoast SEO plugin v20.2.1 - https:\/\/yoast.com\/wordpress\/plugins\/seo\/ -->\n<title>Morsetti di espansione Side-Loc - Tecus Teknoloji<\/title>\n<meta name=\"robots\" content=\"index, follow, max-snippet:-1, max-image-preview:large, max-video-preview:-1\" \/>\n<link rel=\"canonical\" href=\"https:\/\/tecus.com.tr\/it\/prodotto\/morsetti-di-espansione-side-loc\/\" \/>\n<meta property=\"og:locale\" content=\"it_IT\" \/>\n<meta property=\"og:type\" content=\"article\" \/>\n<meta property=\"og:title\" content=\"Morsetti di espansione Side-Loc - Tecus Teknoloji\" \/>\n<meta property=\"og:description\" content=\"Il morsetto di espansione Side-Loc \u00e8 azionato lateralmente, il che lo rende perfetto per le applicazioni a foro cieco. Prodotto sia per applicazioni di tornitura che di tornio. L&#039;albero a camme e il pistone espandono il morsetto lateralmente. Stesse dimensioni di montaggio del nostro morsetto ID originale.   Il morsetto di espansione Side-Loc \u00e8 azionato ruotando un albero a camme a testa esagonale sul lato, che muove un pistone conico per espandere il morsetto. L&#039;anello di bloccaggio fornisce un diametro e una rigidit\u00e0 preimpostati precisi per la lavorazione. La coppia massima sull&#039;anello di bloccaggio \u00e8 di 10 ft lbs. (13 Nm). Come i nostri morsetti ID Xpansion\u2122 originali, il morsetto di espansione Side-Loc ha la caratteristica di lunghezza morta, fondamentale per dimensioni a tolleranza ristretta.   Il morsetto di espansione Side-Loc \u00e8 progettato in due stili: uno per operazioni di fresatura e uno per applicazioni di tornitura. \u00c8 disponibile una dimensione per ogni modello. Il morsetto di espansione Side-Loc per fresatura pu\u00f2 essere lavorato da 1.120 a .710 (da 28.4 a 18 mm) e la versione per tornio da 2.09 a 7.10 (da 53 a 18 mm). La versione per tornio ha un albero dritto da 1 \u2033 (25 mm).\" \/>\n<meta property=\"og:url\" content=\"https:\/\/tecus.com.tr\/it\/prodotto\/morsetti-di-espansione-side-loc\/\" \/>\n<meta property=\"og:site_name\" content=\"Tecus Teknoloji\" \/>\n<meta property=\"article:modified_time\" content=\"2025-10-26T18:20:45+00:00\" \/>\n<meta property=\"og:image\" content=\"https:\/\/tecus.com.tr\/wp-content\/uploads\/2018\/04\/SIDE-LOC-EXP-glam-copy-1.png\" \/>\n\t<meta property=\"og:image:width\" content=\"500\" \/>\n\t<meta property=\"og:image:height\" content=\"500\" \/>\n\t<meta property=\"og:image:type\" content=\"image\/png\" \/>\n<meta name=\"twitter:card\" content=\"summary_large_image\" \/>\n<script type=\"application\/ld+json\" class=\"yoast-schema-graph\">{\"@context\":\"https:\/\/schema.org\",\"@graph\":[{\"@type\":\"WebPage\",\"@id\":\"https:\/\/tecus.com.tr\/it\/prodotto\/morsetti-di-espansione-side-loc\/\",\"url\":\"https:\/\/tecus.com.tr\/it\/prodotto\/morsetti-di-espansione-side-loc\/\",\"name\":\"Morsetti di espansione Side-Loc - Tecus Teknoloji\",\"isPartOf\":{\"@id\":\"https:\/\/tecus.com.tr\/it\/#website\"},\"datePublished\":\"2018-04-15T11:16:12+00:00\",\"dateModified\":\"2025-10-26T18:20:45+00:00\",\"breadcrumb\":{\"@id\":\"https:\/\/tecus.com.tr\/it\/prodotto\/morsetti-di-espansione-side-loc\/#breadcrumb\"},\"inLanguage\":\"it-IT\",\"potentialAction\":[{\"@type\":\"ReadAction\",\"target\":[\"https:\/\/tecus.com.tr\/it\/prodotto\/morsetti-di-espansione-side-loc\/\"]}]},{\"@type\":\"BreadcrumbList\",\"@id\":\"https:\/\/tecus.com.tr\/it\/prodotto\/morsetti-di-espansione-side-loc\/#breadcrumb\",\"itemListElement\":[{\"@type\":\"ListItem\",\"position\":1,\"name\":\"Ana sayfa\",\"item\":\"https:\/\/tecus.com.tr\/it\/\"},{\"@type\":\"ListItem\",\"position\":2,\"name\":\"Ma\u011faza\",\"item\":\"https:\/\/tecus.com.tr\/magaza\/\"},{\"@type\":\"ListItem\",\"position\":3,\"name\":\"Morsetti di espansione Side-Loc\"}]},{\"@type\":\"WebSite\",\"@id\":\"https:\/\/tecus.com.tr\/it\/#website\",\"url\":\"https:\/\/tecus.com.tr\/it\/\",\"name\":\"Tecus Teknoloji\",\"description\":\"CNC par\u00e7a ba\u011flama \u00e7\u00f6z\u00fcmleri\",\"publisher\":{\"@id\":\"https:\/\/tecus.com.tr\/it\/#organization\"},\"potentialAction\":[{\"@type\":\"SearchAction\",\"target\":{\"@type\":\"EntryPoint\",\"urlTemplate\":\"https:\/\/tecus.com.tr\/it\/?s={search_term_string}\"},\"query-input\":\"required name=search_term_string\"}],\"inLanguage\":\"it-IT\"},{\"@type\":\"Organization\",\"@id\":\"https:\/\/tecus.com.tr\/it\/#organization\",\"name\":\"Tecus Teknoloji\",\"url\":\"https:\/\/tecus.com.tr\/it\/\",\"logo\":{\"@type\":\"ImageObject\",\"inLanguage\":\"it-IT\",\"@id\":\"https:\/\/tecus.com.tr\/it\/#\/schema\/logo\/image\/\",\"url\":\"https:\/\/tecus.com.tr\/wp-content\/uploads\/2018\/04\/tecus-logo-beyaz-2-e1528750997765.png\",\"contentUrl\":\"https:\/\/tecus.com.tr\/wp-content\/uploads\/2018\/04\/tecus-logo-beyaz-2-e1528750997765.png\",\"width\":250,\"height\":53,\"caption\":\"Tecus Teknoloji\"},\"image\":{\"@id\":\"https:\/\/tecus.com.tr\/it\/#\/schema\/logo\/image\/\"}}]}<\/script>\n<!-- \/ Yoast SEO plugin. -->","yoast_head_json":{"title":"Morsetti di espansione Side-Loc - Tecus Teknoloji","robots":{"index":"index","follow":"follow","max-snippet":"max-snippet:-1","max-image-preview":"max-image-preview:large","max-video-preview":"max-video-preview:-1"},"canonical":"https:\/\/tecus.com.tr\/it\/prodotto\/morsetti-di-espansione-side-loc\/","og_locale":"it_IT","og_type":"article","og_title":"Morsetti di espansione Side-Loc - Tecus Teknoloji","og_description":"Il morsetto di espansione Side-Loc \u00e8 azionato lateralmente, il che lo rende perfetto per le applicazioni a foro cieco. Prodotto sia per applicazioni di tornitura che di tornio. L'albero a camme e il pistone espandono il morsetto lateralmente. Stesse dimensioni di montaggio del nostro morsetto ID originale.   Il morsetto di espansione Side-Loc \u00e8 azionato ruotando un albero a camme a testa esagonale sul lato, che muove un pistone conico per espandere il morsetto. L'anello di bloccaggio fornisce un diametro e una rigidit\u00e0 preimpostati precisi per la lavorazione. La coppia massima sull'anello di bloccaggio \u00e8 di 10 ft lbs. (13 Nm). Come i nostri morsetti ID Xpansion\u2122 originali, il morsetto di espansione Side-Loc ha la caratteristica di lunghezza morta, fondamentale per dimensioni a tolleranza ristretta.   Il morsetto di espansione Side-Loc \u00e8 progettato in due stili: uno per operazioni di fresatura e uno per applicazioni di tornitura. \u00c8 disponibile una dimensione per ogni modello. Il morsetto di espansione Side-Loc per fresatura pu\u00f2 essere lavorato da 1.120 a .710 (da 28.4 a 18 mm) e la versione per tornio da 2.09 a 7.10 (da 53 a 18 mm). La versione per tornio ha un albero dritto da 1 \u2033 (25 mm).","og_url":"https:\/\/tecus.com.tr\/it\/prodotto\/morsetti-di-espansione-side-loc\/","og_site_name":"Tecus Teknoloji","article_modified_time":"2025-10-26T18:20:45+00:00","og_image":[{"width":500,"height":500,"url":"https:\/\/tecus.com.tr\/wp-content\/uploads\/2018\/04\/SIDE-LOC-EXP-glam-copy-1.png","type":"image\/png"}],"twitter_card":"summary_large_image","schema":{"@context":"https:\/\/schema.org","@graph":[{"@type":"WebPage","@id":"https:\/\/tecus.com.tr\/it\/prodotto\/morsetti-di-espansione-side-loc\/","url":"https:\/\/tecus.com.tr\/it\/prodotto\/morsetti-di-espansione-side-loc\/","name":"Morsetti di espansione Side-Loc - Tecus Teknoloji","isPartOf":{"@id":"https:\/\/tecus.com.tr\/it\/#website"},"datePublished":"2018-04-15T11:16:12+00:00","dateModified":"2025-10-26T18:20:45+00:00","breadcrumb":{"@id":"https:\/\/tecus.com.tr\/it\/prodotto\/morsetti-di-espansione-side-loc\/#breadcrumb"},"inLanguage":"it-IT","potentialAction":[{"@type":"ReadAction","target":["https:\/\/tecus.com.tr\/it\/prodotto\/morsetti-di-espansione-side-loc\/"]}]},{"@type":"BreadcrumbList","@id":"https:\/\/tecus.com.tr\/it\/prodotto\/morsetti-di-espansione-side-loc\/#breadcrumb","itemListElement":[{"@type":"ListItem","position":1,"name":"Ana sayfa","item":"https:\/\/tecus.com.tr\/it\/"},{"@type":"ListItem","position":2,"name":"Ma\u011faza","item":"https:\/\/tecus.com.tr\/magaza\/"},{"@type":"ListItem","position":3,"name":"Morsetti di espansione Side-Loc"}]},{"@type":"WebSite","@id":"https:\/\/tecus.com.tr\/it\/#website","url":"https:\/\/tecus.com.tr\/it\/","name":"Tecus Teknoloji","description":"CNC par\u00e7a ba\u011flama \u00e7\u00f6z\u00fcmleri","publisher":{"@id":"https:\/\/tecus.com.tr\/it\/#organization"},"potentialAction":[{"@type":"SearchAction","target":{"@type":"EntryPoint","urlTemplate":"https:\/\/tecus.com.tr\/it\/?s={search_term_string}"},"query-input":"required name=search_term_string"}],"inLanguage":"it-IT"},{"@type":"Organization","@id":"https:\/\/tecus.com.tr\/it\/#organization","name":"Tecus Teknoloji","url":"https:\/\/tecus.com.tr\/it\/","logo":{"@type":"ImageObject","inLanguage":"it-IT","@id":"https:\/\/tecus.com.tr\/it\/#\/schema\/logo\/image\/","url":"https:\/\/tecus.com.tr\/wp-content\/uploads\/2018\/04\/tecus-logo-beyaz-2-e1528750997765.png","contentUrl":"https:\/\/tecus.com.tr\/wp-content\/uploads\/2018\/04\/tecus-logo-beyaz-2-e1528750997765.png","width":250,"height":53,"caption":"Tecus Teknoloji"},"image":{"@id":"https:\/\/tecus.com.tr\/it\/#\/schema\/logo\/image\/"}}]}},"_links":{"self":[{"href":"https:\/\/tecus.com.tr\/it\/wp-json\/wp\/v2\/product\/34142","targetHints":{"allow":["GET"]}}],"collection":[{"href":"https:\/\/tecus.com.tr\/it\/wp-json\/wp\/v2\/product"}],"about":[{"href":"https:\/\/tecus.com.tr\/it\/wp-json\/wp\/v2\/types\/product"}],"version-history":[{"count":1,"href":"https:\/\/tecus.com.tr\/it\/wp-json\/wp\/v2\/product\/34142\/revisions"}],"predecessor-version":[{"id":40198,"href":"https:\/\/tecus.com.tr\/it\/wp-json\/wp\/v2\/product\/34142\/revisions\/40198"}],"wp:featuredmedia":[{"embeddable":true,"href":"https:\/\/tecus.com.tr\/it\/wp-json\/wp\/v2\/media\/34143"}],"wp:attachment":[{"href":"https:\/\/tecus.com.tr\/it\/wp-json\/wp\/v2\/media?parent=34142"}],"wp:term":[{"taxonomy":"product_brand","embeddable":true,"href":"https:\/\/tecus.com.tr\/it\/wp-json\/wp\/v2\/product_brand?post=34142"},{"taxonomy":"product_cat","embeddable":true,"href":"https:\/\/tecus.com.tr\/it\/wp-json\/wp\/v2\/product_cat?post=34142"},{"taxonomy":"product_tag","embeddable":true,"href":"https:\/\/tecus.com.tr\/it\/wp-json\/wp\/v2\/product_tag?post=34142"}],"curies":[{"name":"wp","href":"https:\/\/api.w.org\/{rel}","templated":true}]}}