{"id":34133,"date":"2018-04-15T11:05:08","date_gmt":"2018-04-15T11:05:08","guid":{"rendered":"https:\/\/tecus.com.tr\/urun\/morsetti-modulari-pitbull\/"},"modified":"2025-09-22T19:57:04","modified_gmt":"2025-09-22T19:57:04","slug":"morsetti-modulari-pitbull","status":"publish","type":"product","link":"https:\/\/tecus.com.tr\/it\/prodotto\/morsetti-modulari-pitbull\/","title":{"rendered":"MORSETTI MODULARI PITBULL"},"content":{"rendered":"<p>&nbsp;<br \/>\n<img fetchpriority=\"high\" decoding=\"async\" src=\"https:\/\/e-market.tecus.com.tr\/wp-content\/uploads\/2018\/03\/mod_pitbull_drawing-300x149.png\" alt=\"\" width=\"559\" height=\"279\"><br \/>\n[table id=ModularPitbullClamps\/]<\/p>\n<h2>UYGULAMA \u00d6RNEKLER\u0130<\/h2>\n<figure class=\"gallery-item\">\n\t\t\t\t<a data-elementor-open-lightbox=\"default\" data-elementor-lightbox-slideshow=\"18a3ff2a\" href=\"https:\/\/tecus.com.tr\/wp-content\/uploads\/2018\/06\/Modular-Pitbulls-1.jpg\"><img decoding=\"async\" width=\"200\" height=\"150\" src=\"https:\/\/tecus.com.tr\/wp-content\/uploads\/2018\/06\/Modular-Pitbulls-1-200x150.jpg\" alt=\"Modular Pitbulls (1)\" aria-describedby=\"gallery-1-6912\" srcset=\"https:\/\/tecus.com.tr\/wp-content\/uploads\/2018\/06\/Modular-Pitbulls-1-200x150.jpg 200w, https:\/\/tecus.com.tr\/wp-content\/uploads\/2018\/06\/Modular-Pitbulls-1-250x188.jpg 250w, https:\/\/tecus.com.tr\/wp-content\/uploads\/2018\/06\/Modular-Pitbulls-1-300x225.jpg 300w, https:\/\/tecus.com.tr\/wp-content\/uploads\/2018\/06\/Modular-Pitbulls-1-350x263.jpg 350w, https:\/\/tecus.com.tr\/wp-content\/uploads\/2018\/06\/Modular-Pitbulls-1-500x375.jpg 500w, https:\/\/tecus.com.tr\/wp-content\/uploads\/2018\/06\/Modular-Pitbulls-1.jpg 512w\" sizes=\"(max-width: 200px) 100vw, 200px\"><\/a><figcaption class=\"wp-caption-text gallery-caption\" id=\"gallery-1-6912\">\n\t\t\t\tModular Pitbulls (1)<br \/>\n<\/figcaption><\/figure>\n<figure class=\"gallery-item\">\n\t\t\t\t<a data-elementor-open-lightbox=\"default\" data-elementor-lightbox-slideshow=\"18a3ff2a\" href=\"https:\/\/tecus.com.tr\/wp-content\/uploads\/2018\/06\/Modular-Pitbulls-2.jpg\"><img decoding=\"async\" width=\"200\" height=\"150\" src=\"https:\/\/tecus.com.tr\/wp-content\/uploads\/2018\/06\/Modular-Pitbulls-2-200x150.jpg\" alt=\"Modular Pitbulls\" aria-describedby=\"gallery-1-6913\"><\/a><figcaption class=\"wp-caption-text gallery-caption\" id=\"gallery-1-6913\">\n\t\t\t\tModular Pitbulls<br \/>\n<\/figcaption><\/figure>\n<figure class=\"gallery-item\">\n\t\t\t\t<a data-elementor-open-lightbox=\"default\" data-elementor-lightbox-slideshow=\"18a3ff2a\" href=\"https:\/\/tecus.com.tr\/wp-content\/uploads\/2018\/06\/Modular-Pitbulls-3.jpg\"><img loading=\"lazy\" decoding=\"async\" width=\"200\" height=\"150\" src=\"https:\/\/tecus.com.tr\/wp-content\/uploads\/2018\/06\/Modular-Pitbulls-3-200x150.jpg\" alt=\"\"><\/a><\/figure>\n<figure class=\"gallery-item\">\n\t\t\t\t<a data-elementor-open-lightbox=\"default\" data-elementor-lightbox-slideshow=\"18a3ff2a\" href=\"https:\/\/tecus.com.tr\/wp-content\/uploads\/2018\/06\/Modular-Pitbulls-4.jpg\"><img loading=\"lazy\" decoding=\"async\" width=\"200\" height=\"150\" src=\"https:\/\/tecus.com.tr\/wp-content\/uploads\/2018\/06\/Modular-Pitbulls-4-200x150.jpg\" alt=\"\" srcset=\"https:\/\/tecus.com.tr\/wp-content\/uploads\/2018\/06\/Modular-Pitbulls-4-200x150.jpg 200w, https:\/\/tecus.com.tr\/wp-content\/uploads\/2018\/06\/Modular-Pitbulls-4-250x188.jpg 250w, https:\/\/tecus.com.tr\/wp-content\/uploads\/2018\/06\/Modular-Pitbulls-4-300x225.jpg 300w, https:\/\/tecus.com.tr\/wp-content\/uploads\/2018\/06\/Modular-Pitbulls-4-350x263.jpg 350w, https:\/\/tecus.com.tr\/wp-content\/uploads\/2018\/06\/Modular-Pitbulls-4-500x375.jpg 500w, https:\/\/tecus.com.tr\/wp-content\/uploads\/2018\/06\/Modular-Pitbulls-4.jpg 512w\" sizes=\"(max-width: 200px) 100vw, 200px\"><\/a><\/figure>\n","protected":false},"excerpt":{"rendered":"<p>Il morsetto per attrezzature Pitbull\u00ae \u00e8 molto apprezzato per il suo profilo basso e la forza positiva verso il basso. Ora, pu\u00f2 essere fornito come un morsetto modulare in due tipi. <\/p>\n<p>Il morsetto modulare Pitbull\u00ae graduato e scanalato offre un utilizzo versatile grazie al suo esclusivo design di rialzo. Questo morsetto supporta il pezzo lavorato sulla macchina utensile per la fresatura e la foratura. I morsetti temprati e rettificati sono progettati per tavole con fori di guida o configurazioni a T.  <\/p>\n<p>Il morsetto modulare compatto Pitbull\u00ae \u00e8 ideale per serrare i pezzi in serie, utilizzando la superficie posteriore di un morsetto per posizionare il pezzo di lavorazione successivo. L&#8217;altezza del morsetto pu\u00f2 essere regolata in base alla profondit\u00e0 della scanalatura lavorata per il posizionamento <\/p>\n","protected":false},"featured_media":34134,"template":"","meta":{"_acf_changed":false},"product_brand":[],"product_cat":[488],"product_tag":[],"class_list":{"0":"post-34133","1":"product","2":"type-product","3":"status-publish","4":"has-post-thumbnail","6":"product_cat-morsetti-a-serraggio-laterale","8":"first","9":"instock","10":"taxable","11":"shipping-taxable","12":"product-type-simple"},"acf":[],"yoast_head":"<!-- This site is optimized with the Yoast SEO plugin v20.2.1 - https:\/\/yoast.com\/wordpress\/plugins\/seo\/ -->\n<title>MORSETTI MODULARI PITBULL - Tecus Teknoloji<\/title>\n<meta name=\"robots\" content=\"index, follow, max-snippet:-1, max-image-preview:large, max-video-preview:-1\" \/>\n<link rel=\"canonical\" href=\"https:\/\/tecus.com.tr\/it\/prodotto\/morsetti-modulari-pitbull\/\" \/>\n<meta property=\"og:locale\" content=\"it_IT\" \/>\n<meta property=\"og:type\" content=\"article\" \/>\n<meta property=\"og:title\" content=\"MORSETTI MODULARI PITBULL - Tecus Teknoloji\" \/>\n<meta property=\"og:description\" content=\"Il morsetto per attrezzature Pitbull\u00ae \u00e8 molto apprezzato per il suo profilo basso e la forza positiva verso il basso. Ora, pu\u00f2 essere fornito come un morsetto modulare in due tipi.  Il morsetto modulare Pitbull\u00ae graduato e scanalato offre un utilizzo versatile grazie al suo esclusivo design di rialzo. Questo morsetto supporta il pezzo lavorato sulla macchina utensile per la fresatura e la foratura. I morsetti temprati e rettificati sono progettati per tavole con fori di guida o configurazioni a T.  Il morsetto modulare compatto Pitbull\u00ae \u00e8 ideale per serrare i pezzi in serie, utilizzando la superficie posteriore di un morsetto per posizionare il pezzo di lavorazione successivo. L&#039;altezza del morsetto pu\u00f2 essere regolata in base alla profondit\u00e0 della scanalatura lavorata per il posizionamento\" \/>\n<meta property=\"og:url\" content=\"https:\/\/tecus.com.tr\/it\/prodotto\/morsetti-modulari-pitbull\/\" \/>\n<meta property=\"og:site_name\" content=\"Tecus Teknoloji\" \/>\n<meta property=\"article:modified_time\" content=\"2025-09-22T19:57:04+00:00\" \/>\n<meta property=\"og:image\" content=\"https:\/\/tecus.com.tr\/wp-content\/uploads\/2018\/04\/moduler-pitbull-clamp-2.png\" \/>\n\t<meta property=\"og:image:width\" content=\"500\" \/>\n\t<meta property=\"og:image:height\" content=\"500\" \/>\n\t<meta property=\"og:image:type\" content=\"image\/png\" \/>\n<meta name=\"twitter:card\" content=\"summary_large_image\" \/>\n<script type=\"application\/ld+json\" class=\"yoast-schema-graph\">{\"@context\":\"https:\/\/schema.org\",\"@graph\":[{\"@type\":\"WebPage\",\"@id\":\"https:\/\/tecus.com.tr\/it\/prodotto\/morsetti-modulari-pitbull\/\",\"url\":\"https:\/\/tecus.com.tr\/it\/prodotto\/morsetti-modulari-pitbull\/\",\"name\":\"MORSETTI MODULARI PITBULL - Tecus Teknoloji\",\"isPartOf\":{\"@id\":\"https:\/\/tecus.com.tr\/it\/#website\"},\"datePublished\":\"2018-04-15T11:05:08+00:00\",\"dateModified\":\"2025-09-22T19:57:04+00:00\",\"breadcrumb\":{\"@id\":\"https:\/\/tecus.com.tr\/it\/prodotto\/morsetti-modulari-pitbull\/#breadcrumb\"},\"inLanguage\":\"it-IT\",\"potentialAction\":[{\"@type\":\"ReadAction\",\"target\":[\"https:\/\/tecus.com.tr\/it\/prodotto\/morsetti-modulari-pitbull\/\"]}]},{\"@type\":\"BreadcrumbList\",\"@id\":\"https:\/\/tecus.com.tr\/it\/prodotto\/morsetti-modulari-pitbull\/#breadcrumb\",\"itemListElement\":[{\"@type\":\"ListItem\",\"position\":1,\"name\":\"Ana sayfa\",\"item\":\"https:\/\/tecus.com.tr\/it\/\"},{\"@type\":\"ListItem\",\"position\":2,\"name\":\"Ma\u011faza\",\"item\":\"https:\/\/tecus.com.tr\/magaza\/\"},{\"@type\":\"ListItem\",\"position\":3,\"name\":\"MORSETTI MODULARI PITBULL\"}]},{\"@type\":\"WebSite\",\"@id\":\"https:\/\/tecus.com.tr\/it\/#website\",\"url\":\"https:\/\/tecus.com.tr\/it\/\",\"name\":\"Tecus Teknoloji\",\"description\":\"CNC par\u00e7a ba\u011flama \u00e7\u00f6z\u00fcmleri\",\"publisher\":{\"@id\":\"https:\/\/tecus.com.tr\/it\/#organization\"},\"potentialAction\":[{\"@type\":\"SearchAction\",\"target\":{\"@type\":\"EntryPoint\",\"urlTemplate\":\"https:\/\/tecus.com.tr\/it\/?s={search_term_string}\"},\"query-input\":\"required name=search_term_string\"}],\"inLanguage\":\"it-IT\"},{\"@type\":\"Organization\",\"@id\":\"https:\/\/tecus.com.tr\/it\/#organization\",\"name\":\"Tecus Teknoloji\",\"url\":\"https:\/\/tecus.com.tr\/it\/\",\"logo\":{\"@type\":\"ImageObject\",\"inLanguage\":\"it-IT\",\"@id\":\"https:\/\/tecus.com.tr\/it\/#\/schema\/logo\/image\/\",\"url\":\"https:\/\/tecus.com.tr\/wp-content\/uploads\/2018\/04\/tecus-logo-beyaz-2-e1528750997765.png\",\"contentUrl\":\"https:\/\/tecus.com.tr\/wp-content\/uploads\/2018\/04\/tecus-logo-beyaz-2-e1528750997765.png\",\"width\":250,\"height\":53,\"caption\":\"Tecus Teknoloji\"},\"image\":{\"@id\":\"https:\/\/tecus.com.tr\/it\/#\/schema\/logo\/image\/\"}}]}<\/script>\n<!-- \/ Yoast SEO plugin. -->","yoast_head_json":{"title":"MORSETTI MODULARI PITBULL - Tecus Teknoloji","robots":{"index":"index","follow":"follow","max-snippet":"max-snippet:-1","max-image-preview":"max-image-preview:large","max-video-preview":"max-video-preview:-1"},"canonical":"https:\/\/tecus.com.tr\/it\/prodotto\/morsetti-modulari-pitbull\/","og_locale":"it_IT","og_type":"article","og_title":"MORSETTI MODULARI PITBULL - Tecus Teknoloji","og_description":"Il morsetto per attrezzature Pitbull\u00ae \u00e8 molto apprezzato per il suo profilo basso e la forza positiva verso il basso. Ora, pu\u00f2 essere fornito come un morsetto modulare in due tipi.  Il morsetto modulare Pitbull\u00ae graduato e scanalato offre un utilizzo versatile grazie al suo esclusivo design di rialzo. Questo morsetto supporta il pezzo lavorato sulla macchina utensile per la fresatura e la foratura. I morsetti temprati e rettificati sono progettati per tavole con fori di guida o configurazioni a T.  Il morsetto modulare compatto Pitbull\u00ae \u00e8 ideale per serrare i pezzi in serie, utilizzando la superficie posteriore di un morsetto per posizionare il pezzo di lavorazione successivo. L'altezza del morsetto pu\u00f2 essere regolata in base alla profondit\u00e0 della scanalatura lavorata per il posizionamento","og_url":"https:\/\/tecus.com.tr\/it\/prodotto\/morsetti-modulari-pitbull\/","og_site_name":"Tecus Teknoloji","article_modified_time":"2025-09-22T19:57:04+00:00","og_image":[{"width":500,"height":500,"url":"https:\/\/tecus.com.tr\/wp-content\/uploads\/2018\/04\/moduler-pitbull-clamp-2.png","type":"image\/png"}],"twitter_card":"summary_large_image","schema":{"@context":"https:\/\/schema.org","@graph":[{"@type":"WebPage","@id":"https:\/\/tecus.com.tr\/it\/prodotto\/morsetti-modulari-pitbull\/","url":"https:\/\/tecus.com.tr\/it\/prodotto\/morsetti-modulari-pitbull\/","name":"MORSETTI MODULARI PITBULL - Tecus Teknoloji","isPartOf":{"@id":"https:\/\/tecus.com.tr\/it\/#website"},"datePublished":"2018-04-15T11:05:08+00:00","dateModified":"2025-09-22T19:57:04+00:00","breadcrumb":{"@id":"https:\/\/tecus.com.tr\/it\/prodotto\/morsetti-modulari-pitbull\/#breadcrumb"},"inLanguage":"it-IT","potentialAction":[{"@type":"ReadAction","target":["https:\/\/tecus.com.tr\/it\/prodotto\/morsetti-modulari-pitbull\/"]}]},{"@type":"BreadcrumbList","@id":"https:\/\/tecus.com.tr\/it\/prodotto\/morsetti-modulari-pitbull\/#breadcrumb","itemListElement":[{"@type":"ListItem","position":1,"name":"Ana sayfa","item":"https:\/\/tecus.com.tr\/it\/"},{"@type":"ListItem","position":2,"name":"Ma\u011faza","item":"https:\/\/tecus.com.tr\/magaza\/"},{"@type":"ListItem","position":3,"name":"MORSETTI MODULARI PITBULL"}]},{"@type":"WebSite","@id":"https:\/\/tecus.com.tr\/it\/#website","url":"https:\/\/tecus.com.tr\/it\/","name":"Tecus Teknoloji","description":"CNC par\u00e7a ba\u011flama \u00e7\u00f6z\u00fcmleri","publisher":{"@id":"https:\/\/tecus.com.tr\/it\/#organization"},"potentialAction":[{"@type":"SearchAction","target":{"@type":"EntryPoint","urlTemplate":"https:\/\/tecus.com.tr\/it\/?s={search_term_string}"},"query-input":"required name=search_term_string"}],"inLanguage":"it-IT"},{"@type":"Organization","@id":"https:\/\/tecus.com.tr\/it\/#organization","name":"Tecus Teknoloji","url":"https:\/\/tecus.com.tr\/it\/","logo":{"@type":"ImageObject","inLanguage":"it-IT","@id":"https:\/\/tecus.com.tr\/it\/#\/schema\/logo\/image\/","url":"https:\/\/tecus.com.tr\/wp-content\/uploads\/2018\/04\/tecus-logo-beyaz-2-e1528750997765.png","contentUrl":"https:\/\/tecus.com.tr\/wp-content\/uploads\/2018\/04\/tecus-logo-beyaz-2-e1528750997765.png","width":250,"height":53,"caption":"Tecus Teknoloji"},"image":{"@id":"https:\/\/tecus.com.tr\/it\/#\/schema\/logo\/image\/"}}]}},"_links":{"self":[{"href":"https:\/\/tecus.com.tr\/it\/wp-json\/wp\/v2\/product\/34133","targetHints":{"allow":["GET"]}}],"collection":[{"href":"https:\/\/tecus.com.tr\/it\/wp-json\/wp\/v2\/product"}],"about":[{"href":"https:\/\/tecus.com.tr\/it\/wp-json\/wp\/v2\/types\/product"}],"version-history":[{"count":5,"href":"https:\/\/tecus.com.tr\/it\/wp-json\/wp\/v2\/product\/34133\/revisions"}],"predecessor-version":[{"id":40561,"href":"https:\/\/tecus.com.tr\/it\/wp-json\/wp\/v2\/product\/34133\/revisions\/40561"}],"wp:featuredmedia":[{"embeddable":true,"href":"https:\/\/tecus.com.tr\/it\/wp-json\/wp\/v2\/media\/34134"}],"wp:attachment":[{"href":"https:\/\/tecus.com.tr\/it\/wp-json\/wp\/v2\/media?parent=34133"}],"wp:term":[{"taxonomy":"product_brand","embeddable":true,"href":"https:\/\/tecus.com.tr\/it\/wp-json\/wp\/v2\/product_brand?post=34133"},{"taxonomy":"product_cat","embeddable":true,"href":"https:\/\/tecus.com.tr\/it\/wp-json\/wp\/v2\/product_cat?post=34133"},{"taxonomy":"product_tag","embeddable":true,"href":"https:\/\/tecus.com.tr\/it\/wp-json\/wp\/v2\/product_tag?post=34133"}],"curies":[{"name":"wp","href":"https:\/\/api.w.org\/{rel}","templated":true}]}}