{"id":34064,"date":"2018-04-15T11:16:13","date_gmt":"2018-04-15T11:16:13","guid":{"rendered":"https:\/\/tecus.com.tr\/urun\/morsetti-per-attrezzature\/"},"modified":"2025-10-26T18:22:23","modified_gmt":"2025-10-26T18:22:23","slug":"morsetti-per-attrezzature","status":"publish","type":"product","link":"https:\/\/tecus.com.tr\/it\/prodotto\/morsetti-per-attrezzature\/","title":{"rendered":"Morsetti per attrezzature"},"content":{"rendered":"<p>[table id=FixtureClamps \/]<\/p>\n","protected":false},"excerpt":{"rendered":"<p>Il <strong>morsetto per attrezzaggio MITEE-BITE con movimento a camma<\/strong> \u00e8 composto da due componenti principali:<\/p>\n<ul>\n<li>Bullone a gradini in acciaio temprato con testa eccentrica<\/li>\n<li>Dado esagonale in ottone<\/li>\n<\/ul>\n<p><strong>Caratteristiche principali:<\/strong><\/p>\n<ul>\n<li>Utilizzato per il montaggio rapido e semplice di guide lineari<\/li>\n<li>Fornisce un serraggio potente e rapido grazie al meccanismo a camma<\/li>\n<li>La sua struttura compatta consente di collegare pi\u00f9 parti per carico<\/li>\n<li>Offre un vantaggio di costo inferiore con il suo design semplice<\/li>\n<\/ul>\n<p><em>Nota:<\/em> Si consiglia di eseguire il serraggio <strong>in senso orario<\/strong>. Il perno di posizionamento deve essere sul <strong>lato destro<\/strong> del pezzo. <\/p>\n","protected":false},"featured_media":34075,"template":"","meta":{"_acf_changed":false},"product_brand":[],"product_cat":[488],"product_tag":[489],"class_list":{"0":"post-34064","1":"product","2":"type-product","3":"status-publish","4":"has-post-thumbnail","6":"product_cat-morsetti-a-serraggio-laterale","7":"product_tag-morsetti-laterali","9":"first","10":"instock","11":"taxable","12":"shipping-taxable","13":"product-type-simple"},"acf":[],"yoast_head":"<!-- This site is optimized with the Yoast SEO plugin v20.2.1 - https:\/\/yoast.com\/wordpress\/plugins\/seo\/ -->\n<title>Morsetti per attrezzature - Tecus Teknoloji<\/title>\n<meta name=\"robots\" content=\"index, follow, max-snippet:-1, max-image-preview:large, max-video-preview:-1\" \/>\n<link rel=\"canonical\" href=\"https:\/\/tecus.com.tr\/it\/prodotto\/morsetti-per-attrezzature\/\" \/>\n<meta property=\"og:locale\" content=\"it_IT\" \/>\n<meta property=\"og:type\" content=\"article\" \/>\n<meta property=\"og:title\" content=\"Morsetti per attrezzature - Tecus Teknoloji\" \/>\n<meta property=\"og:description\" content=\"Il morsetto per attrezzaggio MITEE-BITE con movimento a camma \u00e8 composto da due componenti principali:  Bullone a gradini in acciaio temprato con testa eccentrica  Dado esagonale in ottone Caratteristiche principali:  Utilizzato per il montaggio rapido e semplice di guide lineari  Fornisce un serraggio potente e rapido grazie al meccanismo a camma  La sua struttura compatta consente di collegare pi\u00f9 parti per carico  Offre un vantaggio di costo inferiore con il suo design semplice Nota: Si consiglia di eseguire il serraggio in senso orario. Il perno di posizionamento deve essere sul lato destro del pezzo.\" \/>\n<meta property=\"og:url\" content=\"https:\/\/tecus.com.tr\/it\/prodotto\/morsetti-per-attrezzature\/\" \/>\n<meta property=\"og:site_name\" content=\"Tecus Teknoloji\" \/>\n<meta property=\"article:modified_time\" content=\"2025-10-26T18:22:23+00:00\" \/>\n<meta property=\"og:image\" content=\"https:\/\/tecus.com.tr\/wp-content\/uploads\/2018\/04\/fixture_clamp2_thumb-copy-2.png\" \/>\n\t<meta property=\"og:image:width\" content=\"500\" \/>\n\t<meta property=\"og:image:height\" content=\"500\" \/>\n\t<meta property=\"og:image:type\" content=\"image\/png\" \/>\n<meta name=\"twitter:card\" content=\"summary_large_image\" \/>\n<script type=\"application\/ld+json\" class=\"yoast-schema-graph\">{\"@context\":\"https:\/\/schema.org\",\"@graph\":[{\"@type\":\"WebPage\",\"@id\":\"https:\/\/tecus.com.tr\/it\/prodotto\/morsetti-per-attrezzature\/\",\"url\":\"https:\/\/tecus.com.tr\/it\/prodotto\/morsetti-per-attrezzature\/\",\"name\":\"Morsetti per attrezzature - Tecus Teknoloji\",\"isPartOf\":{\"@id\":\"https:\/\/tecus.com.tr\/it\/#website\"},\"datePublished\":\"2018-04-15T11:16:13+00:00\",\"dateModified\":\"2025-10-26T18:22:23+00:00\",\"breadcrumb\":{\"@id\":\"https:\/\/tecus.com.tr\/it\/prodotto\/morsetti-per-attrezzature\/#breadcrumb\"},\"inLanguage\":\"it-IT\",\"potentialAction\":[{\"@type\":\"ReadAction\",\"target\":[\"https:\/\/tecus.com.tr\/it\/prodotto\/morsetti-per-attrezzature\/\"]}]},{\"@type\":\"BreadcrumbList\",\"@id\":\"https:\/\/tecus.com.tr\/it\/prodotto\/morsetti-per-attrezzature\/#breadcrumb\",\"itemListElement\":[{\"@type\":\"ListItem\",\"position\":1,\"name\":\"Ana sayfa\",\"item\":\"https:\/\/tecus.com.tr\/it\/\"},{\"@type\":\"ListItem\",\"position\":2,\"name\":\"Ma\u011faza\",\"item\":\"https:\/\/tecus.com.tr\/magaza\/\"},{\"@type\":\"ListItem\",\"position\":3,\"name\":\"Morsetti per attrezzature\"}]},{\"@type\":\"WebSite\",\"@id\":\"https:\/\/tecus.com.tr\/it\/#website\",\"url\":\"https:\/\/tecus.com.tr\/it\/\",\"name\":\"Tecus Teknoloji\",\"description\":\"CNC par\u00e7a ba\u011flama \u00e7\u00f6z\u00fcmleri\",\"publisher\":{\"@id\":\"https:\/\/tecus.com.tr\/it\/#organization\"},\"potentialAction\":[{\"@type\":\"SearchAction\",\"target\":{\"@type\":\"EntryPoint\",\"urlTemplate\":\"https:\/\/tecus.com.tr\/it\/?s={search_term_string}\"},\"query-input\":\"required name=search_term_string\"}],\"inLanguage\":\"it-IT\"},{\"@type\":\"Organization\",\"@id\":\"https:\/\/tecus.com.tr\/it\/#organization\",\"name\":\"Tecus Teknoloji\",\"url\":\"https:\/\/tecus.com.tr\/it\/\",\"logo\":{\"@type\":\"ImageObject\",\"inLanguage\":\"it-IT\",\"@id\":\"https:\/\/tecus.com.tr\/it\/#\/schema\/logo\/image\/\",\"url\":\"https:\/\/tecus.com.tr\/wp-content\/uploads\/2018\/04\/tecus-logo-beyaz-2-e1528750997765.png\",\"contentUrl\":\"https:\/\/tecus.com.tr\/wp-content\/uploads\/2018\/04\/tecus-logo-beyaz-2-e1528750997765.png\",\"width\":250,\"height\":53,\"caption\":\"Tecus Teknoloji\"},\"image\":{\"@id\":\"https:\/\/tecus.com.tr\/it\/#\/schema\/logo\/image\/\"}}]}<\/script>\n<!-- \/ Yoast SEO plugin. -->","yoast_head_json":{"title":"Morsetti per attrezzature - Tecus Teknoloji","robots":{"index":"index","follow":"follow","max-snippet":"max-snippet:-1","max-image-preview":"max-image-preview:large","max-video-preview":"max-video-preview:-1"},"canonical":"https:\/\/tecus.com.tr\/it\/prodotto\/morsetti-per-attrezzature\/","og_locale":"it_IT","og_type":"article","og_title":"Morsetti per attrezzature - Tecus Teknoloji","og_description":"Il morsetto per attrezzaggio MITEE-BITE con movimento a camma \u00e8 composto da due componenti principali:  Bullone a gradini in acciaio temprato con testa eccentrica  Dado esagonale in ottone Caratteristiche principali:  Utilizzato per il montaggio rapido e semplice di guide lineari  Fornisce un serraggio potente e rapido grazie al meccanismo a camma  La sua struttura compatta consente di collegare pi\u00f9 parti per carico  Offre un vantaggio di costo inferiore con il suo design semplice Nota: Si consiglia di eseguire il serraggio in senso orario. Il perno di posizionamento deve essere sul lato destro del pezzo.","og_url":"https:\/\/tecus.com.tr\/it\/prodotto\/morsetti-per-attrezzature\/","og_site_name":"Tecus Teknoloji","article_modified_time":"2025-10-26T18:22:23+00:00","og_image":[{"width":500,"height":500,"url":"https:\/\/tecus.com.tr\/wp-content\/uploads\/2018\/04\/fixture_clamp2_thumb-copy-2.png","type":"image\/png"}],"twitter_card":"summary_large_image","schema":{"@context":"https:\/\/schema.org","@graph":[{"@type":"WebPage","@id":"https:\/\/tecus.com.tr\/it\/prodotto\/morsetti-per-attrezzature\/","url":"https:\/\/tecus.com.tr\/it\/prodotto\/morsetti-per-attrezzature\/","name":"Morsetti per attrezzature - Tecus Teknoloji","isPartOf":{"@id":"https:\/\/tecus.com.tr\/it\/#website"},"datePublished":"2018-04-15T11:16:13+00:00","dateModified":"2025-10-26T18:22:23+00:00","breadcrumb":{"@id":"https:\/\/tecus.com.tr\/it\/prodotto\/morsetti-per-attrezzature\/#breadcrumb"},"inLanguage":"it-IT","potentialAction":[{"@type":"ReadAction","target":["https:\/\/tecus.com.tr\/it\/prodotto\/morsetti-per-attrezzature\/"]}]},{"@type":"BreadcrumbList","@id":"https:\/\/tecus.com.tr\/it\/prodotto\/morsetti-per-attrezzature\/#breadcrumb","itemListElement":[{"@type":"ListItem","position":1,"name":"Ana sayfa","item":"https:\/\/tecus.com.tr\/it\/"},{"@type":"ListItem","position":2,"name":"Ma\u011faza","item":"https:\/\/tecus.com.tr\/magaza\/"},{"@type":"ListItem","position":3,"name":"Morsetti per attrezzature"}]},{"@type":"WebSite","@id":"https:\/\/tecus.com.tr\/it\/#website","url":"https:\/\/tecus.com.tr\/it\/","name":"Tecus Teknoloji","description":"CNC par\u00e7a ba\u011flama \u00e7\u00f6z\u00fcmleri","publisher":{"@id":"https:\/\/tecus.com.tr\/it\/#organization"},"potentialAction":[{"@type":"SearchAction","target":{"@type":"EntryPoint","urlTemplate":"https:\/\/tecus.com.tr\/it\/?s={search_term_string}"},"query-input":"required name=search_term_string"}],"inLanguage":"it-IT"},{"@type":"Organization","@id":"https:\/\/tecus.com.tr\/it\/#organization","name":"Tecus Teknoloji","url":"https:\/\/tecus.com.tr\/it\/","logo":{"@type":"ImageObject","inLanguage":"it-IT","@id":"https:\/\/tecus.com.tr\/it\/#\/schema\/logo\/image\/","url":"https:\/\/tecus.com.tr\/wp-content\/uploads\/2018\/04\/tecus-logo-beyaz-2-e1528750997765.png","contentUrl":"https:\/\/tecus.com.tr\/wp-content\/uploads\/2018\/04\/tecus-logo-beyaz-2-e1528750997765.png","width":250,"height":53,"caption":"Tecus Teknoloji"},"image":{"@id":"https:\/\/tecus.com.tr\/it\/#\/schema\/logo\/image\/"}}]}},"_links":{"self":[{"href":"https:\/\/tecus.com.tr\/it\/wp-json\/wp\/v2\/product\/34064","targetHints":{"allow":["GET"]}}],"collection":[{"href":"https:\/\/tecus.com.tr\/it\/wp-json\/wp\/v2\/product"}],"about":[{"href":"https:\/\/tecus.com.tr\/it\/wp-json\/wp\/v2\/types\/product"}],"version-history":[{"count":3,"href":"https:\/\/tecus.com.tr\/it\/wp-json\/wp\/v2\/product\/34064\/revisions"}],"predecessor-version":[{"id":46246,"href":"https:\/\/tecus.com.tr\/it\/wp-json\/wp\/v2\/product\/34064\/revisions\/46246"}],"wp:featuredmedia":[{"embeddable":true,"href":"https:\/\/tecus.com.tr\/it\/wp-json\/wp\/v2\/media\/34075"}],"wp:attachment":[{"href":"https:\/\/tecus.com.tr\/it\/wp-json\/wp\/v2\/media?parent=34064"}],"wp:term":[{"taxonomy":"product_brand","embeddable":true,"href":"https:\/\/tecus.com.tr\/it\/wp-json\/wp\/v2\/product_brand?post=34064"},{"taxonomy":"product_cat","embeddable":true,"href":"https:\/\/tecus.com.tr\/it\/wp-json\/wp\/v2\/product_cat?post=34064"},{"taxonomy":"product_tag","embeddable":true,"href":"https:\/\/tecus.com.tr\/it\/wp-json\/wp\/v2\/product_tag?post=34064"}],"curies":[{"name":"wp","href":"https:\/\/api.w.org\/{rel}","templated":true}]}}