{"id":34061,"date":"2018-04-15T08:30:37","date_gmt":"2018-04-15T08:30:37","guid":{"rendered":"https:\/\/tecus.com.tr\/urun\/sistema-loc-down\/"},"modified":"2025-10-27T19:52:10","modified_gmt":"2025-10-27T19:52:10","slug":"sistema-loc-down","status":"publish","type":"product","link":"https:\/\/tecus.com.tr\/it\/prodotto\/sistema-loc-down\/","title":{"rendered":"Loc-Down\u00ae"},"content":{"rendered":"\t\t<div data-elementor-type=\"wp-post\" data-elementor-id=\"34061\" class=\"elementor elementor-34061 elementor-8648\" data-elementor-post-type=\"product\">\n\t\t\t\t\t\t<section class=\"elementor-section elementor-top-section elementor-element elementor-element-3624d1 elementor-section-boxed elementor-section-height-default elementor-section-height-default\" data-id=\"3624d1\" data-element_type=\"section\">\n\t\t\t\t\t\t<div class=\"elementor-container elementor-column-gap-default\">\n\t\t\t\t\t<div class=\"elementor-column elementor-col-100 elementor-top-column elementor-element elementor-element-4396956c\" data-id=\"4396956c\" data-element_type=\"column\">\n\t\t\t<div class=\"elementor-widget-wrap elementor-element-populated\">\n\t\t\t\t\t\t<div class=\"elementor-element elementor-element-4c558a8 elementor-widget elementor-widget-text-editor\" data-id=\"4c558a8\" data-element_type=\"widget\" data-widget_type=\"text-editor.default\">\n\t\t\t\t<div class=\"elementor-widget-container\">\n\t\t\t\t\t\t\t\t\t<div class=\"prodinfocont\"><div class=\"proddescript\"><h2 class=\"white\">Sistema Loc-Down\u00ae<\/h2><p>Il sistema Mitee-Bite Loc-Down\u00ae \u00e8 stato progettato per essere il sogno di programmatori e operatori per fissare in modo rapido e semplice parti aerospaziali di piccole e grandi dimensioni. Il suo design compatto consente un modello pi\u00f9 stretto su piastre a griglia rispetto ad altre opzioni sul mercato, risparmiando sui costi dei materiali per le costose leghe aerospaziali. <\/p><p>Il Loc-Down\u00ae genera un&#8217;elevata forza di tenuta e fornisce un bloccaggio a basso profilo \u201cfuori mano\u201d, consentendo ai programmatori di essere molto creativi. Consente una lavorazione aggressiva senza interferenze con gli utensili o l&#8217;applicazione di forze che influenzerebbero la parte, con l&#8217;intento di semplificare la produzione per l&#8217;industria aerospaziale. <\/p><ul><li>Ideale per piastre a griglia, torrette e applicazioni personalizzate<\/li><li>Acciaio inossidabile trattato termicamente al 100%<\/li><\/ul><\/div><\/div><table class=\"smalltable tablepad\"><tbody><tr class=\"tbbordbot\"><th> <\/th><th align=\"left\">Descrizione<\/th><th>Codice articolo<\/th><th> <\/th><th>Dimensione<br>filettatura<\/th><th align=\"center\">Bussola<br>Codice articolo<\/th><th align=\"center\">Fresa<br>Codice articolo<\/th><th align=\"center\">Kit di cambio rapido<br>Loc-Down\u00ae*<br>Codice articolo<\/th><\/tr><tr><td>POLLICI<\/td><td>Morsetto Loc-Down\u00ae<\/td><td align=\"center\">11538<\/td><td><a href=\"https:\/\/miteebite.com\/MB%20CAD%20FILES\/Loc-Down%20Clamp\/11538.STEP\" target=\"_blank\" rel=\"noopener\">CAD<\/a><\/td><td align=\"center\">3\/8-16<\/td><td align=\"center\">11524<\/td><td align=\"center\">11531<\/td><td> <\/td><\/tr><tr><td> <\/td><td>Morsetto Loc-Down\u00ae<\/td><td align=\"center\">11500<\/td><td><a href=\"https:\/\/miteebite.com\/MB%20CAD%20FILES\/Loc-Down%20Clamp\/11500.STEP\" target=\"_blank\" rel=\"noopener\">CAD<\/a><\/td><td align=\"center\">1\/2-13<\/td><td align=\"center\">11520<\/td><td align=\"center\">11530<\/td><td align=\"center\">11550<\/td><\/tr><tr><td> <\/td><td>Morsetto Loc-Down\u00ae<\/td><td align=\"center\">11558<\/td><td><a href=\"https:\/\/miteebite.com\/MB%20CAD%20FILES\/Loc-Down%20Clamp\/11558.STEP\" target=\"_blank\" rel=\"noopener\">CAD<\/a><\/td><td align=\"center\">5\/8-11<\/td><td align=\"center\">11528<\/td><td align=\"center\">11530<\/td><td> <\/td><\/tr><tr><td>METRICO<\/td><td>Morsetto Loc-Down\u00ae<\/td><td align=\"center\">11610<\/td><td><a href=\"https:\/\/miteebite.com\/MB%20CAD%20FILES\/Loc-Down%20Clamp\/11610.STEP\" target=\"_blank\" rel=\"noopener\">CAD<\/a><\/td><td align=\"center\">M10-1.5<\/td><td align=\"center\">11524<\/td><td align=\"center\">11531<\/td><td> <\/td><\/tr><tr><td> <\/td><td>Morsetto Loc-Down\u00ae<\/td><td align=\"center\">11612<\/td><td><a href=\"https:\/\/miteebite.com\/MB%20CAD%20FILES\/Loc-Down%20Clamp\/11612.STEP\" target=\"_blank\" rel=\"noopener\">CAD<\/a><\/td><td align=\"center\">M12-1.75<\/td><td align=\"center\">11520<\/td><td align=\"center\">11530<\/td><td align=\"center\">11650<\/td><\/tr><tr><td> <\/td><td>Morsetto Loc-Down\u00ae<\/td><td align=\"center\">11616<\/td><td><a href=\"https:\/\/miteebite.com\/MB%20CAD%20FILES\/Loc-Down%20Clamp\/11616.STEP\" target=\"_blank\" rel=\"noopener\">CAD<\/a><\/td><td align=\"center\">M16-2.0<\/td><td align=\"center\">11528<\/td><td align=\"center\">11530<\/td><td> <\/td><\/tr><\/tbody><\/table><table class=\"smalltable tablepad\"><tbody><tr class=\"tbbordbot\"><th align=\"left\">Descrizione<\/th><th>Codice articolo<\/th><th> <\/th> <\/tr><tr><td>Fresa in metallo duro Loc-Down\u00ae 1\/2\u2033<\/td><td align=\"center\">11530<\/td><td><a href=\"https:\/\/miteebite.com\/MB%20CAD%20FILES\/Loc-Down%20Clamp\/11530.STEP\" target=\"_blank\" rel=\"noopener\">CAD<\/a><\/td><\/tr><tr><td>Fresa in metallo duro Loc-Down\u00ae 3\/8\u2033<\/td><td align=\"center\">11531<\/td><td><a href=\"https:\/\/miteebite.com\/MB%20CAD%20FILES\/Loc-Down%20Clamp\/11531.STEP\" target=\"_blank\" rel=\"noopener\">CAD<\/a><\/td><\/tr><tr><td>Utensile di inserimento Loc-Down\u00ae<\/td><td align=\"center\">11535<\/td><td><a href=\"https:\/\/miteebite.com\/MB%20CAD%20FILES\/Loc-Down%20Clamp\/11535.STEP\" target=\"_blank\" rel=\"noopener\">CAD<\/a><\/td><\/tr><tr><td>Bussola Loc-Down\u00ae a parete spessa \u2013 3\/8 (M10)<\/td><td align=\"center\">11524<\/td><td><a href=\"https:\/\/miteebite.com\/MB%20CAD%20FILES\/Loc-Down%20Clamp\/11524.STEP\" target=\"_blank\" rel=\"noopener\">CAD<\/a><\/td><\/tr><tr><td>Bussola Loc-Down\u00ae a parete spessa \u2013 1\/2-13 (M12)<\/td><td align=\"center\">11520<\/td><td><a href=\"https:\/\/miteebite.com\/MB%20CAD%20FILES\/Loc-Down%20Clamp\/11520.STEP\" target=\"_blank\" rel=\"noopener\">CAD<\/a><\/td><\/tr><tr><td>Bussola Loc-Down\u00ae a parete spessa \u2013 5\/8-11 (M16)<\/td><td align=\"center\">11528<\/td><td><a href=\"https:\/\/miteebite.com\/MB%20CAD%20FILES\/Loc-Down%20Clamp\/11528.STEP\" target=\"_blank\" rel=\"noopener\">CAD<\/a><\/td><\/tr><\/tbody><\/table><p><b>Non utilizzare mai un avvitatore a impulsi durante il serraggio <i>o l&#8217;allentamento.<\/i><\/b><br>Il serraggio manuale \u00e8 sufficiente per la maggior parte delle applicazioni \u2013 <b><span style=\"color: #f7d417;\">Coppia massima 15 Ft-lbs. (20 N.m) <\/span><\/b><br>*Il kit include 4 Loc-Down, 4 boccole personalizzate, utensile di inserimento,<br>4 rivestimenti, 1 perno diamantato e conico con viti di montaggio.<\/p><div><div class=\"wp-caption alignnone\"><img decoding=\"async\" class=\"alignnone size-medium wp-image-2463\" src=\"https:\/\/www.miteebite.com\/wp-content\/uploads\/2017\/12\/LOCDOWNCUSTBUSHING.png\" alt=\"FOTOCAMERA DIGITALE OLYMPUS\" width=\"163\" height=\"144\"><p class=\"wp-caption-text\">11520 NUOVA bussola Lock-Down<br>a parete spessa<\/p><\/div><\/div><p><a href=\"https:\/\/www.miteebite.com\/wp-content\/uploads\/2018\/03\/LOC-DOWN-SYSTEM-e1625689117942.jpg\" rel=\"lightbox[4551]\"><img fetchpriority=\"high\" decoding=\"async\" class=\"alignnone size-medium wp-image-1786\" src=\"https:\/\/www.miteebite.com\/wp-content\/uploads\/2018\/03\/LOC-DOWN-SYSTEM-e1625689117942.jpg\" alt=\"Kit Loc-Down con tappi per trucioli\" width=\"300\" height=\"193\"><\/a><br>Abbiamo combinato i nostri Loc-Down\u00ae, boccole personalizzate<br>e perni e rivestimenti di posizionamento in un kit conveniente (che<br>offre un sistema di cambio rapido pallet ad alta precisione e a basso costo<br>con una ripetibilit\u00e0 di .0004\u2033\/0.01mm o superiore!<\/p>\t\t\t\t\t\t\t\t<\/div>\n\t\t\t\t<\/div>\n\t\t\t\t\t<\/div>\n\t\t<\/div>\n\t\t\t\t\t<\/div>\n\t\t<\/section>\n\t\t\t\t<\/div>\n\t\t","protected":false},"excerpt":{"rendered":"<p>Il sistema Mitee-Bite Loc-Down\u00ae \u00e8 stato progettato come un sogno per programmatori e operatori, per fissare rapidamente e facilmente componenti aerospaziali, sia piccoli che grandi. Il suo design compatto consente un modello pi\u00f9 fitto sulle piastre a griglia rispetto ad altre opzioni sul mercato, risparmiando sui costi dei materiali nelle costose leghe aerospaziali. <\/p>\n<p>Loc-Down\u00ae produce un&#8217;elevata forza di tenuta e consente un bloccaggio a basso profilo che \u201cnon intralcia\u201d, permettendo ai programmatori di essere molto creativi. Destinato ad accelerare la produzione per l&#8217;industria aerospaziale, consente una lavorazione aggressiva applicando forze che interessano o influenzano il pezzo. <\/p>\n<ul>\n<li>Ideale per piastre a griglia, torrette e applicazioni personalizzate<\/li>\n<li>Acciaio inossidabile trattato termicamente al 100%<\/li>\n<\/ul>\n","protected":false},"featured_media":34063,"template":"","meta":{"_acf_changed":false},"product_brand":[],"product_cat":[511],"product_tag":[],"class_list":{"0":"post-34061","1":"product","2":"type-product","3":"status-publish","4":"has-post-thumbnail","6":"product_cat-cambio-rapido-dei-pezzi","8":"first","9":"instock","10":"taxable","11":"shipping-taxable","12":"product-type-simple"},"acf":[],"yoast_head":"<!-- This site is optimized with the Yoast SEO plugin v20.2.1 - https:\/\/yoast.com\/wordpress\/plugins\/seo\/ -->\n<title>Loc-Down\u00ae - Tecus Teknoloji<\/title>\n<meta name=\"robots\" content=\"index, follow, max-snippet:-1, max-image-preview:large, max-video-preview:-1\" \/>\n<link rel=\"canonical\" href=\"https:\/\/tecus.com.tr\/it\/prodotto\/sistema-loc-down\/\" \/>\n<meta property=\"og:locale\" content=\"it_IT\" \/>\n<meta property=\"og:type\" content=\"article\" \/>\n<meta property=\"og:title\" content=\"Loc-Down\u00ae - Tecus Teknoloji\" \/>\n<meta property=\"og:description\" content=\"Il sistema Mitee-Bite Loc-Down\u00ae \u00e8 stato progettato come un sogno per programmatori e operatori, per fissare rapidamente e facilmente componenti aerospaziali, sia piccoli che grandi. Il suo design compatto consente un modello pi\u00f9 fitto sulle piastre a griglia rispetto ad altre opzioni sul mercato, risparmiando sui costi dei materiali nelle costose leghe aerospaziali.  Loc-Down\u00ae produce un&#039;elevata forza di tenuta e consente un bloccaggio a basso profilo che &quot;non intralcia&quot;, permettendo ai programmatori di essere molto creativi. Destinato ad accelerare la produzione per l&#039;industria aerospaziale, consente una lavorazione aggressiva applicando forze che interessano o influenzano il pezzo.   Ideale per piastre a griglia, torrette e applicazioni personalizzate  Acciaio inossidabile trattato termicamente al 100%\" \/>\n<meta property=\"og:url\" content=\"https:\/\/tecus.com.tr\/it\/prodotto\/sistema-loc-down\/\" \/>\n<meta property=\"og:site_name\" content=\"Tecus Teknoloji\" \/>\n<meta property=\"article:modified_time\" content=\"2025-10-27T19:52:10+00:00\" \/>\n<meta property=\"og:image\" content=\"https:\/\/tecus.com.tr\/wp-content\/uploads\/2018\/04\/loc_down.png\" \/>\n\t<meta property=\"og:image:width\" content=\"1000\" \/>\n\t<meta property=\"og:image:height\" content=\"1000\" \/>\n\t<meta property=\"og:image:type\" content=\"image\/png\" \/>\n<meta name=\"twitter:card\" content=\"summary_large_image\" \/>\n<meta name=\"twitter:label1\" content=\"Tempo di lettura stimato\" \/>\n\t<meta name=\"twitter:data1\" content=\"1 minuto\" \/>\n<script type=\"application\/ld+json\" class=\"yoast-schema-graph\">{\"@context\":\"https:\/\/schema.org\",\"@graph\":[{\"@type\":\"WebPage\",\"@id\":\"https:\/\/tecus.com.tr\/it\/prodotto\/sistema-loc-down\/\",\"url\":\"https:\/\/tecus.com.tr\/it\/prodotto\/sistema-loc-down\/\",\"name\":\"Loc-Down\u00ae - Tecus Teknoloji\",\"isPartOf\":{\"@id\":\"https:\/\/tecus.com.tr\/it\/#website\"},\"datePublished\":\"2018-04-15T08:30:37+00:00\",\"dateModified\":\"2025-10-27T19:52:10+00:00\",\"breadcrumb\":{\"@id\":\"https:\/\/tecus.com.tr\/it\/prodotto\/sistema-loc-down\/#breadcrumb\"},\"inLanguage\":\"it-IT\",\"potentialAction\":[{\"@type\":\"ReadAction\",\"target\":[\"https:\/\/tecus.com.tr\/it\/prodotto\/sistema-loc-down\/\"]}]},{\"@type\":\"BreadcrumbList\",\"@id\":\"https:\/\/tecus.com.tr\/it\/prodotto\/sistema-loc-down\/#breadcrumb\",\"itemListElement\":[{\"@type\":\"ListItem\",\"position\":1,\"name\":\"Ana sayfa\",\"item\":\"https:\/\/tecus.com.tr\/it\/\"},{\"@type\":\"ListItem\",\"position\":2,\"name\":\"Ma\u011faza\",\"item\":\"https:\/\/tecus.com.tr\/magaza\/\"},{\"@type\":\"ListItem\",\"position\":3,\"name\":\"Loc-Down\u00ae\"}]},{\"@type\":\"WebSite\",\"@id\":\"https:\/\/tecus.com.tr\/it\/#website\",\"url\":\"https:\/\/tecus.com.tr\/it\/\",\"name\":\"Tecus Teknoloji\",\"description\":\"CNC par\u00e7a ba\u011flama \u00e7\u00f6z\u00fcmleri\",\"publisher\":{\"@id\":\"https:\/\/tecus.com.tr\/it\/#organization\"},\"potentialAction\":[{\"@type\":\"SearchAction\",\"target\":{\"@type\":\"EntryPoint\",\"urlTemplate\":\"https:\/\/tecus.com.tr\/it\/?s={search_term_string}\"},\"query-input\":\"required name=search_term_string\"}],\"inLanguage\":\"it-IT\"},{\"@type\":\"Organization\",\"@id\":\"https:\/\/tecus.com.tr\/it\/#organization\",\"name\":\"Tecus Teknoloji\",\"url\":\"https:\/\/tecus.com.tr\/it\/\",\"logo\":{\"@type\":\"ImageObject\",\"inLanguage\":\"it-IT\",\"@id\":\"https:\/\/tecus.com.tr\/it\/#\/schema\/logo\/image\/\",\"url\":\"https:\/\/tecus.com.tr\/wp-content\/uploads\/2018\/04\/tecus-logo-beyaz-2-e1528750997765.png\",\"contentUrl\":\"https:\/\/tecus.com.tr\/wp-content\/uploads\/2018\/04\/tecus-logo-beyaz-2-e1528750997765.png\",\"width\":250,\"height\":53,\"caption\":\"Tecus Teknoloji\"},\"image\":{\"@id\":\"https:\/\/tecus.com.tr\/it\/#\/schema\/logo\/image\/\"}}]}<\/script>\n<!-- \/ Yoast SEO plugin. -->","yoast_head_json":{"title":"Loc-Down\u00ae - Tecus Teknoloji","robots":{"index":"index","follow":"follow","max-snippet":"max-snippet:-1","max-image-preview":"max-image-preview:large","max-video-preview":"max-video-preview:-1"},"canonical":"https:\/\/tecus.com.tr\/it\/prodotto\/sistema-loc-down\/","og_locale":"it_IT","og_type":"article","og_title":"Loc-Down\u00ae - Tecus Teknoloji","og_description":"Il sistema Mitee-Bite Loc-Down\u00ae \u00e8 stato progettato come un sogno per programmatori e operatori, per fissare rapidamente e facilmente componenti aerospaziali, sia piccoli che grandi. Il suo design compatto consente un modello pi\u00f9 fitto sulle piastre a griglia rispetto ad altre opzioni sul mercato, risparmiando sui costi dei materiali nelle costose leghe aerospaziali.  Loc-Down\u00ae produce un'elevata forza di tenuta e consente un bloccaggio a basso profilo che \"non intralcia\", permettendo ai programmatori di essere molto creativi. Destinato ad accelerare la produzione per l'industria aerospaziale, consente una lavorazione aggressiva applicando forze che interessano o influenzano il pezzo.   Ideale per piastre a griglia, torrette e applicazioni personalizzate  Acciaio inossidabile trattato termicamente al 100%","og_url":"https:\/\/tecus.com.tr\/it\/prodotto\/sistema-loc-down\/","og_site_name":"Tecus Teknoloji","article_modified_time":"2025-10-27T19:52:10+00:00","og_image":[{"width":1000,"height":1000,"url":"https:\/\/tecus.com.tr\/wp-content\/uploads\/2018\/04\/loc_down.png","type":"image\/png"}],"twitter_card":"summary_large_image","twitter_misc":{"Tempo di lettura stimato":"1 minuto"},"schema":{"@context":"https:\/\/schema.org","@graph":[{"@type":"WebPage","@id":"https:\/\/tecus.com.tr\/it\/prodotto\/sistema-loc-down\/","url":"https:\/\/tecus.com.tr\/it\/prodotto\/sistema-loc-down\/","name":"Loc-Down\u00ae - Tecus Teknoloji","isPartOf":{"@id":"https:\/\/tecus.com.tr\/it\/#website"},"datePublished":"2018-04-15T08:30:37+00:00","dateModified":"2025-10-27T19:52:10+00:00","breadcrumb":{"@id":"https:\/\/tecus.com.tr\/it\/prodotto\/sistema-loc-down\/#breadcrumb"},"inLanguage":"it-IT","potentialAction":[{"@type":"ReadAction","target":["https:\/\/tecus.com.tr\/it\/prodotto\/sistema-loc-down\/"]}]},{"@type":"BreadcrumbList","@id":"https:\/\/tecus.com.tr\/it\/prodotto\/sistema-loc-down\/#breadcrumb","itemListElement":[{"@type":"ListItem","position":1,"name":"Ana sayfa","item":"https:\/\/tecus.com.tr\/it\/"},{"@type":"ListItem","position":2,"name":"Ma\u011faza","item":"https:\/\/tecus.com.tr\/magaza\/"},{"@type":"ListItem","position":3,"name":"Loc-Down\u00ae"}]},{"@type":"WebSite","@id":"https:\/\/tecus.com.tr\/it\/#website","url":"https:\/\/tecus.com.tr\/it\/","name":"Tecus Teknoloji","description":"CNC par\u00e7a ba\u011flama \u00e7\u00f6z\u00fcmleri","publisher":{"@id":"https:\/\/tecus.com.tr\/it\/#organization"},"potentialAction":[{"@type":"SearchAction","target":{"@type":"EntryPoint","urlTemplate":"https:\/\/tecus.com.tr\/it\/?s={search_term_string}"},"query-input":"required name=search_term_string"}],"inLanguage":"it-IT"},{"@type":"Organization","@id":"https:\/\/tecus.com.tr\/it\/#organization","name":"Tecus Teknoloji","url":"https:\/\/tecus.com.tr\/it\/","logo":{"@type":"ImageObject","inLanguage":"it-IT","@id":"https:\/\/tecus.com.tr\/it\/#\/schema\/logo\/image\/","url":"https:\/\/tecus.com.tr\/wp-content\/uploads\/2018\/04\/tecus-logo-beyaz-2-e1528750997765.png","contentUrl":"https:\/\/tecus.com.tr\/wp-content\/uploads\/2018\/04\/tecus-logo-beyaz-2-e1528750997765.png","width":250,"height":53,"caption":"Tecus Teknoloji"},"image":{"@id":"https:\/\/tecus.com.tr\/it\/#\/schema\/logo\/image\/"}}]}},"_links":{"self":[{"href":"https:\/\/tecus.com.tr\/it\/wp-json\/wp\/v2\/product\/34061","targetHints":{"allow":["GET"]}}],"collection":[{"href":"https:\/\/tecus.com.tr\/it\/wp-json\/wp\/v2\/product"}],"about":[{"href":"https:\/\/tecus.com.tr\/it\/wp-json\/wp\/v2\/types\/product"}],"version-history":[{"count":8,"href":"https:\/\/tecus.com.tr\/it\/wp-json\/wp\/v2\/product\/34061\/revisions"}],"predecessor-version":[{"id":47231,"href":"https:\/\/tecus.com.tr\/it\/wp-json\/wp\/v2\/product\/34061\/revisions\/47231"}],"wp:featuredmedia":[{"embeddable":true,"href":"https:\/\/tecus.com.tr\/it\/wp-json\/wp\/v2\/media\/34063"}],"wp:attachment":[{"href":"https:\/\/tecus.com.tr\/it\/wp-json\/wp\/v2\/media?parent=34061"}],"wp:term":[{"taxonomy":"product_brand","embeddable":true,"href":"https:\/\/tecus.com.tr\/it\/wp-json\/wp\/v2\/product_brand?post=34061"},{"taxonomy":"product_cat","embeddable":true,"href":"https:\/\/tecus.com.tr\/it\/wp-json\/wp\/v2\/product_cat?post=34061"},{"taxonomy":"product_tag","embeddable":true,"href":"https:\/\/tecus.com.tr\/it\/wp-json\/wp\/v2\/product_tag?post=34061"}],"curies":[{"name":"wp","href":"https:\/\/api.w.org\/{rel}","templated":true}]}}