{"id":34055,"date":"2018-04-15T11:16:13","date_gmt":"2018-04-15T11:16:13","guid":{"rendered":"https:\/\/tecus.com.tr\/urun\/clamper-per-dispositivi-lavorabili\/"},"modified":"2025-10-27T19:53:37","modified_gmt":"2025-10-27T19:53:37","slug":"clamper-per-dispositivi-lavorabili","status":"publish","type":"product","link":"https:\/\/tecus.com.tr\/it\/prodotto\/clamper-per-dispositivi-lavorabili\/","title":{"rendered":"Clamper per dispositivi lavorabili"},"content":{"rendered":"<p><img decoding=\"async\" src=\"https:\/\/e-market.tecus.com.tr\/wp-content\/uploads\/2018\/03\/MACHFIXTCLAMP-chart-drawB-12-17.png\" alt=\"\" width=\"190\" height=\"135\" \/>\u00a0 \u00a0 \u00a0 \u00a0 \u00a0 \u00a0 \u00a0 \u00a0 \u00a0 \u00a0 \u00a0 \u00a0 \u00a0<img decoding=\"async\" src=\"https:\/\/e-market.tecus.com.tr\/wp-content\/uploads\/2018\/03\/MACHFIXTCLAMP-chart-drawA-12-17.png\" alt=\"\" width=\"202\" height=\"158\" \/><br \/>\n<b>[table id=MachinableFixtureClamps\/]<\/b><\/p>\n<figure class=\"gallery-item\"><a href=\"https:\/\/tecus.com.tr\/wp-content\/uploads\/2018\/06\/Machinable-Fixture-Clamp-5-1-17.jpg\" data-elementor-open-lightbox=\"default\" data-elementor-lightbox-slideshow=\"5a32060b\"><img decoding=\"async\" src=\"https:\/\/tecus.com.tr\/wp-content\/uploads\/2018\/06\/Machinable-Fixture-Clamp-5-1-17-200x150.jpg\" alt=\"Machinable-Fixture-Clamp\" width=\"200\" height=\"150\" aria-describedby=\"gallery-1-7036\" \/><\/a><figcaption id=\"gallery-1-7036\" class=\"wp-caption-text gallery-caption\">Machinable-Fixture-Clamp<\/figcaption><\/figure>\n","protected":false},"excerpt":{"rendered":"<p>Questi morsetti, dotati di dadi in acciaio lavorabile, offrono maggiore flessibilit\u00e0 per il fissaggio di parti di forma rotonda o irregolare. I pezzi possono essere fissati direttamente alla superficie del piano di fissaggio o rialzati per la foratura. Con ogni confezione viene fornito uno speciale bullone per mantenere il bullone in posizione corretta durante la lavorazione.  <\/p>\n<p>-Il bordo dritto \u00e8 nella stessa posizione dei nostri morsetti di fissaggio originali.<\/p>\n<p>-Pu\u00f2 essere utilizzato quando \u00e8 necessaria una superficie di serraggio pi\u00f9 resistente.<\/p>\n<p>-Profilo basso<\/p>\n<p>-Realizzato in acciaio dolce per la lavorabilit\u00e0<\/p>\n<p>&nbsp;<\/p>\n","protected":false},"featured_media":34058,"template":"","meta":{"_acf_changed":false},"product_brand":[],"product_cat":[488,494],"product_tag":[518],"class_list":{"0":"post-34055","1":"product","2":"type-product","3":"status-publish","4":"has-post-thumbnail","6":"product_cat-morsetti-a-serraggio-laterale","7":"product_cat-morsetto-a-espansione-di-diametro","8":"product_tag-morsetti-lavorabili","10":"first","11":"instock","12":"taxable","13":"shipping-taxable","14":"product-type-simple"},"acf":[],"yoast_head":"<!-- This site is optimized with the Yoast SEO plugin v20.2.1 - https:\/\/yoast.com\/wordpress\/plugins\/seo\/ -->\n<title>Clamper per dispositivi lavorabili - Tecus Teknoloji<\/title>\n<meta name=\"robots\" content=\"index, follow, max-snippet:-1, max-image-preview:large, max-video-preview:-1\" \/>\n<link rel=\"canonical\" href=\"https:\/\/tecus.com.tr\/it\/prodotto\/clamper-per-dispositivi-lavorabili\/\" \/>\n<meta property=\"og:locale\" content=\"it_IT\" \/>\n<meta property=\"og:type\" content=\"article\" \/>\n<meta property=\"og:title\" content=\"Clamper per dispositivi lavorabili - Tecus Teknoloji\" \/>\n<meta property=\"og:description\" content=\"Questi morsetti, dotati di dadi in acciaio lavorabile, offrono maggiore flessibilit\u00e0 per il fissaggio di parti di forma rotonda o irregolare. I pezzi possono essere fissati direttamente alla superficie del piano di fissaggio o rialzati per la foratura. Con ogni confezione viene fornito uno speciale bullone per mantenere il bullone in posizione corretta durante la lavorazione.  -Il bordo dritto \u00e8 nella stessa posizione dei nostri morsetti di fissaggio originali. -Pu\u00f2 essere utilizzato quando \u00e8 necessaria una superficie di serraggio pi\u00f9 resistente. -Profilo basso -Realizzato in acciaio dolce per la lavorabilit\u00e0 &nbsp;\" \/>\n<meta property=\"og:url\" content=\"https:\/\/tecus.com.tr\/it\/prodotto\/clamper-per-dispositivi-lavorabili\/\" \/>\n<meta property=\"og:site_name\" content=\"Tecus Teknoloji\" \/>\n<meta property=\"article:modified_time\" content=\"2025-10-27T19:53:37+00:00\" \/>\n<meta property=\"og:image\" content=\"https:\/\/tecus.com.tr\/wp-content\/uploads\/2018\/04\/mach-fixture_clamps_thumb-copy-1.png\" \/>\n\t<meta property=\"og:image:width\" content=\"500\" \/>\n\t<meta property=\"og:image:height\" content=\"500\" \/>\n\t<meta property=\"og:image:type\" content=\"image\/png\" \/>\n<meta name=\"twitter:card\" content=\"summary_large_image\" \/>\n<script type=\"application\/ld+json\" class=\"yoast-schema-graph\">{\"@context\":\"https:\/\/schema.org\",\"@graph\":[{\"@type\":\"WebPage\",\"@id\":\"https:\/\/tecus.com.tr\/it\/prodotto\/clamper-per-dispositivi-lavorabili\/\",\"url\":\"https:\/\/tecus.com.tr\/it\/prodotto\/clamper-per-dispositivi-lavorabili\/\",\"name\":\"Clamper per dispositivi lavorabili - Tecus Teknoloji\",\"isPartOf\":{\"@id\":\"https:\/\/tecus.com.tr\/it\/#website\"},\"datePublished\":\"2018-04-15T11:16:13+00:00\",\"dateModified\":\"2025-10-27T19:53:37+00:00\",\"breadcrumb\":{\"@id\":\"https:\/\/tecus.com.tr\/it\/prodotto\/clamper-per-dispositivi-lavorabili\/#breadcrumb\"},\"inLanguage\":\"it-IT\",\"potentialAction\":[{\"@type\":\"ReadAction\",\"target\":[\"https:\/\/tecus.com.tr\/it\/prodotto\/clamper-per-dispositivi-lavorabili\/\"]}]},{\"@type\":\"BreadcrumbList\",\"@id\":\"https:\/\/tecus.com.tr\/it\/prodotto\/clamper-per-dispositivi-lavorabili\/#breadcrumb\",\"itemListElement\":[{\"@type\":\"ListItem\",\"position\":1,\"name\":\"Ana sayfa\",\"item\":\"https:\/\/tecus.com.tr\/it\/\"},{\"@type\":\"ListItem\",\"position\":2,\"name\":\"Ma\u011faza\",\"item\":\"https:\/\/tecus.com.tr\/magaza\/\"},{\"@type\":\"ListItem\",\"position\":3,\"name\":\"Clamper per dispositivi lavorabili\"}]},{\"@type\":\"WebSite\",\"@id\":\"https:\/\/tecus.com.tr\/it\/#website\",\"url\":\"https:\/\/tecus.com.tr\/it\/\",\"name\":\"Tecus Teknoloji\",\"description\":\"CNC par\u00e7a ba\u011flama \u00e7\u00f6z\u00fcmleri\",\"publisher\":{\"@id\":\"https:\/\/tecus.com.tr\/it\/#organization\"},\"potentialAction\":[{\"@type\":\"SearchAction\",\"target\":{\"@type\":\"EntryPoint\",\"urlTemplate\":\"https:\/\/tecus.com.tr\/it\/?s={search_term_string}\"},\"query-input\":\"required name=search_term_string\"}],\"inLanguage\":\"it-IT\"},{\"@type\":\"Organization\",\"@id\":\"https:\/\/tecus.com.tr\/it\/#organization\",\"name\":\"Tecus Teknoloji\",\"url\":\"https:\/\/tecus.com.tr\/it\/\",\"logo\":{\"@type\":\"ImageObject\",\"inLanguage\":\"it-IT\",\"@id\":\"https:\/\/tecus.com.tr\/it\/#\/schema\/logo\/image\/\",\"url\":\"https:\/\/tecus.com.tr\/wp-content\/uploads\/2018\/04\/tecus-logo-beyaz-2-e1528750997765.png\",\"contentUrl\":\"https:\/\/tecus.com.tr\/wp-content\/uploads\/2018\/04\/tecus-logo-beyaz-2-e1528750997765.png\",\"width\":250,\"height\":53,\"caption\":\"Tecus Teknoloji\"},\"image\":{\"@id\":\"https:\/\/tecus.com.tr\/it\/#\/schema\/logo\/image\/\"}}]}<\/script>\n<!-- \/ Yoast SEO plugin. -->","yoast_head_json":{"title":"Clamper per dispositivi lavorabili - Tecus Teknoloji","robots":{"index":"index","follow":"follow","max-snippet":"max-snippet:-1","max-image-preview":"max-image-preview:large","max-video-preview":"max-video-preview:-1"},"canonical":"https:\/\/tecus.com.tr\/it\/prodotto\/clamper-per-dispositivi-lavorabili\/","og_locale":"it_IT","og_type":"article","og_title":"Clamper per dispositivi lavorabili - Tecus Teknoloji","og_description":"Questi morsetti, dotati di dadi in acciaio lavorabile, offrono maggiore flessibilit\u00e0 per il fissaggio di parti di forma rotonda o irregolare. I pezzi possono essere fissati direttamente alla superficie del piano di fissaggio o rialzati per la foratura. Con ogni confezione viene fornito uno speciale bullone per mantenere il bullone in posizione corretta durante la lavorazione.  -Il bordo dritto \u00e8 nella stessa posizione dei nostri morsetti di fissaggio originali. -Pu\u00f2 essere utilizzato quando \u00e8 necessaria una superficie di serraggio pi\u00f9 resistente. -Profilo basso -Realizzato in acciaio dolce per la lavorabilit\u00e0 &nbsp;","og_url":"https:\/\/tecus.com.tr\/it\/prodotto\/clamper-per-dispositivi-lavorabili\/","og_site_name":"Tecus Teknoloji","article_modified_time":"2025-10-27T19:53:37+00:00","og_image":[{"width":500,"height":500,"url":"https:\/\/tecus.com.tr\/wp-content\/uploads\/2018\/04\/mach-fixture_clamps_thumb-copy-1.png","type":"image\/png"}],"twitter_card":"summary_large_image","schema":{"@context":"https:\/\/schema.org","@graph":[{"@type":"WebPage","@id":"https:\/\/tecus.com.tr\/it\/prodotto\/clamper-per-dispositivi-lavorabili\/","url":"https:\/\/tecus.com.tr\/it\/prodotto\/clamper-per-dispositivi-lavorabili\/","name":"Clamper per dispositivi lavorabili - Tecus Teknoloji","isPartOf":{"@id":"https:\/\/tecus.com.tr\/it\/#website"},"datePublished":"2018-04-15T11:16:13+00:00","dateModified":"2025-10-27T19:53:37+00:00","breadcrumb":{"@id":"https:\/\/tecus.com.tr\/it\/prodotto\/clamper-per-dispositivi-lavorabili\/#breadcrumb"},"inLanguage":"it-IT","potentialAction":[{"@type":"ReadAction","target":["https:\/\/tecus.com.tr\/it\/prodotto\/clamper-per-dispositivi-lavorabili\/"]}]},{"@type":"BreadcrumbList","@id":"https:\/\/tecus.com.tr\/it\/prodotto\/clamper-per-dispositivi-lavorabili\/#breadcrumb","itemListElement":[{"@type":"ListItem","position":1,"name":"Ana sayfa","item":"https:\/\/tecus.com.tr\/it\/"},{"@type":"ListItem","position":2,"name":"Ma\u011faza","item":"https:\/\/tecus.com.tr\/magaza\/"},{"@type":"ListItem","position":3,"name":"Clamper per dispositivi lavorabili"}]},{"@type":"WebSite","@id":"https:\/\/tecus.com.tr\/it\/#website","url":"https:\/\/tecus.com.tr\/it\/","name":"Tecus Teknoloji","description":"CNC par\u00e7a ba\u011flama \u00e7\u00f6z\u00fcmleri","publisher":{"@id":"https:\/\/tecus.com.tr\/it\/#organization"},"potentialAction":[{"@type":"SearchAction","target":{"@type":"EntryPoint","urlTemplate":"https:\/\/tecus.com.tr\/it\/?s={search_term_string}"},"query-input":"required name=search_term_string"}],"inLanguage":"it-IT"},{"@type":"Organization","@id":"https:\/\/tecus.com.tr\/it\/#organization","name":"Tecus Teknoloji","url":"https:\/\/tecus.com.tr\/it\/","logo":{"@type":"ImageObject","inLanguage":"it-IT","@id":"https:\/\/tecus.com.tr\/it\/#\/schema\/logo\/image\/","url":"https:\/\/tecus.com.tr\/wp-content\/uploads\/2018\/04\/tecus-logo-beyaz-2-e1528750997765.png","contentUrl":"https:\/\/tecus.com.tr\/wp-content\/uploads\/2018\/04\/tecus-logo-beyaz-2-e1528750997765.png","width":250,"height":53,"caption":"Tecus Teknoloji"},"image":{"@id":"https:\/\/tecus.com.tr\/it\/#\/schema\/logo\/image\/"}}]}},"_links":{"self":[{"href":"https:\/\/tecus.com.tr\/it\/wp-json\/wp\/v2\/product\/34055","targetHints":{"allow":["GET"]}}],"collection":[{"href":"https:\/\/tecus.com.tr\/it\/wp-json\/wp\/v2\/product"}],"about":[{"href":"https:\/\/tecus.com.tr\/it\/wp-json\/wp\/v2\/types\/product"}],"version-history":[{"count":7,"href":"https:\/\/tecus.com.tr\/it\/wp-json\/wp\/v2\/product\/34055\/revisions"}],"predecessor-version":[{"id":47737,"href":"https:\/\/tecus.com.tr\/it\/wp-json\/wp\/v2\/product\/34055\/revisions\/47737"}],"wp:featuredmedia":[{"embeddable":true,"href":"https:\/\/tecus.com.tr\/it\/wp-json\/wp\/v2\/media\/34058"}],"wp:attachment":[{"href":"https:\/\/tecus.com.tr\/it\/wp-json\/wp\/v2\/media?parent=34055"}],"wp:term":[{"taxonomy":"product_brand","embeddable":true,"href":"https:\/\/tecus.com.tr\/it\/wp-json\/wp\/v2\/product_brand?post=34055"},{"taxonomy":"product_cat","embeddable":true,"href":"https:\/\/tecus.com.tr\/it\/wp-json\/wp\/v2\/product_cat?post=34055"},{"taxonomy":"product_tag","embeddable":true,"href":"https:\/\/tecus.com.tr\/it\/wp-json\/wp\/v2\/product_tag?post=34055"}],"curies":[{"name":"wp","href":"https:\/\/api.w.org\/{rel}","templated":true}]}}