{"id":34007,"date":"2018-04-15T10:44:50","date_gmt":"2018-04-15T10:44:50","guid":{"rendered":"https:\/\/tecus.com.tr\/urun\/tavola-a-vuoto-m6\/"},"modified":"2025-09-22T19:54:39","modified_gmt":"2025-09-22T19:54:39","slug":"tavola-a-vuoto-m6","status":"publish","type":"product","link":"https:\/\/tecus.com.tr\/it\/prodotto\/tavola-a-vuoto-m6\/","title":{"rendered":"Tavola a vuoto M6"},"content":{"rendered":"<p>Numero parte Descrizione<\/p>\n<p>45150 Pallet a vuoto Vacmagic\u00ae con fori filettati M6<\/p>\n","protected":false},"excerpt":{"rendered":"<ul>\n<li>Utilizzare i fermi a scorrimento per una maggiore forza di tenuta nell&#8217;applicazione del vuoto (4 inclusi)<\/li>\n<li>Pacchetto di morsetti per fissaggio 50206 incluso senza costi aggiuntivi<\/li>\n<li>Utilizzare le teste delle viti (min. 2) nei fori per posizionare il pezzo e prevenire le forze di rotazione, il metodo migliore per la lavorazione ad alta velocit\u00e0 con il vuoto.<\/li>\n<\/ul>\n","protected":false},"featured_media":34009,"template":"","meta":{"_acf_changed":false},"product_brand":[],"product_cat":[497],"product_tag":[],"class_list":{"0":"post-34007","1":"product","2":"type-product","3":"status-publish","4":"has-post-thumbnail","6":"product_cat-tavola-a-vuoto","8":"first","9":"instock","10":"taxable","11":"shipping-taxable","12":"product-type-simple"},"acf":[],"yoast_head":"<!-- This site is optimized with the Yoast SEO plugin v20.2.1 - https:\/\/yoast.com\/wordpress\/plugins\/seo\/ -->\n<title>Tavola a vuoto M6 - Tecus Teknoloji<\/title>\n<meta name=\"robots\" content=\"index, follow, max-snippet:-1, max-image-preview:large, max-video-preview:-1\" \/>\n<link rel=\"canonical\" href=\"https:\/\/tecus.com.tr\/it\/prodotto\/tavola-a-vuoto-m6\/\" \/>\n<meta property=\"og:locale\" content=\"it_IT\" \/>\n<meta property=\"og:type\" content=\"article\" \/>\n<meta property=\"og:title\" content=\"Tavola a vuoto M6 - Tecus Teknoloji\" \/>\n<meta property=\"og:description\" content=\"Utilizzare i fermi a scorrimento per una maggiore forza di tenuta nell&#039;applicazione del vuoto (4 inclusi)  Pacchetto di morsetti per fissaggio 50206 incluso senza costi aggiuntivi  Utilizzare le teste delle viti (min. 2) nei fori per posizionare il pezzo e prevenire le forze di rotazione, il metodo migliore per la lavorazione ad alta velocit\u00e0 con il vuoto.\" \/>\n<meta property=\"og:url\" content=\"https:\/\/tecus.com.tr\/it\/prodotto\/tavola-a-vuoto-m6\/\" \/>\n<meta property=\"og:site_name\" content=\"Tecus Teknoloji\" \/>\n<meta property=\"article:modified_time\" content=\"2025-09-22T19:54:39+00:00\" \/>\n<meta property=\"og:image\" content=\"https:\/\/tecus.com.tr\/wp-content\/uploads\/2018\/04\/Vacuum-Pallet-with-M6-threaded-hole.-bottom_INSERT-300x173-copy-2.png\" \/>\n\t<meta property=\"og:image:width\" content=\"500\" \/>\n\t<meta property=\"og:image:height\" content=\"500\" \/>\n\t<meta property=\"og:image:type\" content=\"image\/png\" \/>\n<meta name=\"twitter:card\" content=\"summary_large_image\" \/>\n<script type=\"application\/ld+json\" class=\"yoast-schema-graph\">{\"@context\":\"https:\/\/schema.org\",\"@graph\":[{\"@type\":\"WebPage\",\"@id\":\"https:\/\/tecus.com.tr\/it\/prodotto\/tavola-a-vuoto-m6\/\",\"url\":\"https:\/\/tecus.com.tr\/it\/prodotto\/tavola-a-vuoto-m6\/\",\"name\":\"Tavola a vuoto M6 - Tecus Teknoloji\",\"isPartOf\":{\"@id\":\"https:\/\/tecus.com.tr\/it\/#website\"},\"datePublished\":\"2018-04-15T10:44:50+00:00\",\"dateModified\":\"2025-09-22T19:54:39+00:00\",\"breadcrumb\":{\"@id\":\"https:\/\/tecus.com.tr\/it\/prodotto\/tavola-a-vuoto-m6\/#breadcrumb\"},\"inLanguage\":\"it-IT\",\"potentialAction\":[{\"@type\":\"ReadAction\",\"target\":[\"https:\/\/tecus.com.tr\/it\/prodotto\/tavola-a-vuoto-m6\/\"]}]},{\"@type\":\"BreadcrumbList\",\"@id\":\"https:\/\/tecus.com.tr\/it\/prodotto\/tavola-a-vuoto-m6\/#breadcrumb\",\"itemListElement\":[{\"@type\":\"ListItem\",\"position\":1,\"name\":\"Ana sayfa\",\"item\":\"https:\/\/tecus.com.tr\/it\/\"},{\"@type\":\"ListItem\",\"position\":2,\"name\":\"Ma\u011faza\",\"item\":\"https:\/\/tecus.com.tr\/magaza\/\"},{\"@type\":\"ListItem\",\"position\":3,\"name\":\"Tavola a vuoto M6\"}]},{\"@type\":\"WebSite\",\"@id\":\"https:\/\/tecus.com.tr\/it\/#website\",\"url\":\"https:\/\/tecus.com.tr\/it\/\",\"name\":\"Tecus Teknoloji\",\"description\":\"CNC par\u00e7a ba\u011flama \u00e7\u00f6z\u00fcmleri\",\"publisher\":{\"@id\":\"https:\/\/tecus.com.tr\/it\/#organization\"},\"potentialAction\":[{\"@type\":\"SearchAction\",\"target\":{\"@type\":\"EntryPoint\",\"urlTemplate\":\"https:\/\/tecus.com.tr\/it\/?s={search_term_string}\"},\"query-input\":\"required name=search_term_string\"}],\"inLanguage\":\"it-IT\"},{\"@type\":\"Organization\",\"@id\":\"https:\/\/tecus.com.tr\/it\/#organization\",\"name\":\"Tecus Teknoloji\",\"url\":\"https:\/\/tecus.com.tr\/it\/\",\"logo\":{\"@type\":\"ImageObject\",\"inLanguage\":\"it-IT\",\"@id\":\"https:\/\/tecus.com.tr\/it\/#\/schema\/logo\/image\/\",\"url\":\"https:\/\/tecus.com.tr\/wp-content\/uploads\/2018\/04\/tecus-logo-beyaz-2-e1528750997765.png\",\"contentUrl\":\"https:\/\/tecus.com.tr\/wp-content\/uploads\/2018\/04\/tecus-logo-beyaz-2-e1528750997765.png\",\"width\":250,\"height\":53,\"caption\":\"Tecus Teknoloji\"},\"image\":{\"@id\":\"https:\/\/tecus.com.tr\/it\/#\/schema\/logo\/image\/\"}}]}<\/script>\n<!-- \/ Yoast SEO plugin. -->","yoast_head_json":{"title":"Tavola a vuoto M6 - Tecus Teknoloji","robots":{"index":"index","follow":"follow","max-snippet":"max-snippet:-1","max-image-preview":"max-image-preview:large","max-video-preview":"max-video-preview:-1"},"canonical":"https:\/\/tecus.com.tr\/it\/prodotto\/tavola-a-vuoto-m6\/","og_locale":"it_IT","og_type":"article","og_title":"Tavola a vuoto M6 - Tecus Teknoloji","og_description":"Utilizzare i fermi a scorrimento per una maggiore forza di tenuta nell'applicazione del vuoto (4 inclusi)  Pacchetto di morsetti per fissaggio 50206 incluso senza costi aggiuntivi  Utilizzare le teste delle viti (min. 2) nei fori per posizionare il pezzo e prevenire le forze di rotazione, il metodo migliore per la lavorazione ad alta velocit\u00e0 con il vuoto.","og_url":"https:\/\/tecus.com.tr\/it\/prodotto\/tavola-a-vuoto-m6\/","og_site_name":"Tecus Teknoloji","article_modified_time":"2025-09-22T19:54:39+00:00","og_image":[{"width":500,"height":500,"url":"https:\/\/tecus.com.tr\/wp-content\/uploads\/2018\/04\/Vacuum-Pallet-with-M6-threaded-hole.-bottom_INSERT-300x173-copy-2.png","type":"image\/png"}],"twitter_card":"summary_large_image","schema":{"@context":"https:\/\/schema.org","@graph":[{"@type":"WebPage","@id":"https:\/\/tecus.com.tr\/it\/prodotto\/tavola-a-vuoto-m6\/","url":"https:\/\/tecus.com.tr\/it\/prodotto\/tavola-a-vuoto-m6\/","name":"Tavola a vuoto M6 - Tecus Teknoloji","isPartOf":{"@id":"https:\/\/tecus.com.tr\/it\/#website"},"datePublished":"2018-04-15T10:44:50+00:00","dateModified":"2025-09-22T19:54:39+00:00","breadcrumb":{"@id":"https:\/\/tecus.com.tr\/it\/prodotto\/tavola-a-vuoto-m6\/#breadcrumb"},"inLanguage":"it-IT","potentialAction":[{"@type":"ReadAction","target":["https:\/\/tecus.com.tr\/it\/prodotto\/tavola-a-vuoto-m6\/"]}]},{"@type":"BreadcrumbList","@id":"https:\/\/tecus.com.tr\/it\/prodotto\/tavola-a-vuoto-m6\/#breadcrumb","itemListElement":[{"@type":"ListItem","position":1,"name":"Ana sayfa","item":"https:\/\/tecus.com.tr\/it\/"},{"@type":"ListItem","position":2,"name":"Ma\u011faza","item":"https:\/\/tecus.com.tr\/magaza\/"},{"@type":"ListItem","position":3,"name":"Tavola a vuoto M6"}]},{"@type":"WebSite","@id":"https:\/\/tecus.com.tr\/it\/#website","url":"https:\/\/tecus.com.tr\/it\/","name":"Tecus Teknoloji","description":"CNC par\u00e7a ba\u011flama \u00e7\u00f6z\u00fcmleri","publisher":{"@id":"https:\/\/tecus.com.tr\/it\/#organization"},"potentialAction":[{"@type":"SearchAction","target":{"@type":"EntryPoint","urlTemplate":"https:\/\/tecus.com.tr\/it\/?s={search_term_string}"},"query-input":"required name=search_term_string"}],"inLanguage":"it-IT"},{"@type":"Organization","@id":"https:\/\/tecus.com.tr\/it\/#organization","name":"Tecus Teknoloji","url":"https:\/\/tecus.com.tr\/it\/","logo":{"@type":"ImageObject","inLanguage":"it-IT","@id":"https:\/\/tecus.com.tr\/it\/#\/schema\/logo\/image\/","url":"https:\/\/tecus.com.tr\/wp-content\/uploads\/2018\/04\/tecus-logo-beyaz-2-e1528750997765.png","contentUrl":"https:\/\/tecus.com.tr\/wp-content\/uploads\/2018\/04\/tecus-logo-beyaz-2-e1528750997765.png","width":250,"height":53,"caption":"Tecus Teknoloji"},"image":{"@id":"https:\/\/tecus.com.tr\/it\/#\/schema\/logo\/image\/"}}]}},"_links":{"self":[{"href":"https:\/\/tecus.com.tr\/it\/wp-json\/wp\/v2\/product\/34007","targetHints":{"allow":["GET"]}}],"collection":[{"href":"https:\/\/tecus.com.tr\/it\/wp-json\/wp\/v2\/product"}],"about":[{"href":"https:\/\/tecus.com.tr\/it\/wp-json\/wp\/v2\/types\/product"}],"version-history":[{"count":1,"href":"https:\/\/tecus.com.tr\/it\/wp-json\/wp\/v2\/product\/34007\/revisions"}],"predecessor-version":[{"id":40176,"href":"https:\/\/tecus.com.tr\/it\/wp-json\/wp\/v2\/product\/34007\/revisions\/40176"}],"wp:featuredmedia":[{"embeddable":true,"href":"https:\/\/tecus.com.tr\/it\/wp-json\/wp\/v2\/media\/34009"}],"wp:attachment":[{"href":"https:\/\/tecus.com.tr\/it\/wp-json\/wp\/v2\/media?parent=34007"}],"wp:term":[{"taxonomy":"product_brand","embeddable":true,"href":"https:\/\/tecus.com.tr\/it\/wp-json\/wp\/v2\/product_brand?post=34007"},{"taxonomy":"product_cat","embeddable":true,"href":"https:\/\/tecus.com.tr\/it\/wp-json\/wp\/v2\/product_cat?post=34007"},{"taxonomy":"product_tag","embeddable":true,"href":"https:\/\/tecus.com.tr\/it\/wp-json\/wp\/v2\/product_tag?post=34007"}],"curies":[{"name":"wp","href":"https:\/\/api.w.org\/{rel}","templated":true}]}}