{"id":34000,"date":"2018-04-19T09:39:33","date_gmt":"2018-04-19T09:39:33","guid":{"rendered":"https:\/\/tecus.com.tr\/urun\/spazzole-a-disco-a-punta\/"},"modified":"2025-12-03T12:18:40","modified_gmt":"2025-12-03T12:18:40","slug":"spazzole-a-disco-a-punta","status":"publish","type":"product","link":"https:\/\/tecus.com.tr\/it\/prodotto\/spazzole-a-disco-a-punta\/","title":{"rendered":"Spazzole a disco a punta"},"content":{"rendered":"<p>&nbsp;<\/p>\n<table width=\"20%\">\n<tbody>\n<tr>\n<td width=\"44%\"><strong>Selezione della grana<\/strong><\/td>\n<td width=\"51%\"><strong>Valore Ra iniziale<\/strong><\/td>\n<\/tr>\n<tr>\n<td>80<\/td>\n<td>1.4 \u2013 1.5<\/td>\n<\/tr>\n<tr>\n<td>120<\/td>\n<td>1 \u2013 1.4<\/td>\n<\/tr>\n<tr>\n<td>180<\/td>\n<td>0.7 \u2013 1<\/td>\n<\/tr>\n<tr>\n<td>320<\/td>\n<td>0.6 \u2013 .7<\/td>\n<\/tr>\n<\/tbody>\n<\/table>\n<p><strong>SELEZIONE DEL DIAMETRO DELLA SPAZZOLA, COPERTURA COMPLETA DEL PEZZO<\/strong><br \/>\n<strong>Copertura del pezzo:<\/strong> La spazzola ideale dovrebbe essere pi\u00f9 grande di 70 mm rispetto al pezzo da lavorare. Se \u00e8 necessaria una spazzola pi\u00f9 piccola a causa della limitazione del sistema di fissaggio, la linea centrale della spazzola deve essere allineata in modo da sporgere di almeno 35 mm dall&#8217;angolo target.<br \/>\n<strong><em> <\/em><\/strong>Percorso di lavoro dell&#8217;utensile: la spazzola deve ruotare a piena velocit\u00e0 e continuare a ruotare fino a quando non si allontana dal pezzo e completa il suo percorso.<br \/>\nDirezione di rotazione: la direzione di rotazione della spazzola deve essere opposta alla direzione delle bave create dall&#8217;utensile da taglio.<\/p>\n<p><strong>Parametri di processo consigliati.<\/strong><br \/>\n<strong>Giri<\/strong><br \/>\nPer evitare che le spazzole si surriscaldino e che il nylon si attacchi alla superficie, l&#8217;MSMFS deve essere azionato a un numero di giri inferiore alla velocit\u00e0 massima elencata. La velocit\u00e0 massima di rotazione scritta sulla spazzola non \u00e8 la velocit\u00e0 di lavoro appropriata. Si consiglia di rimanere al di sotto di 2.500 giri\/min per le applicazioni a secco e al di sotto di 3.500 giri\/min per le applicazioni a umido. Una spazzola con un diametro di 150 mm \u00e8 pi\u00f9 efficace a 1400 giri\/min che a 2800 giri\/min. La velocit\u00e0 eccessiva fa s\u00ec che i fili si pieghino e rimbalzino sul pezzo, soprattutto nelle spazzole a filo lungo. In generale, un numero di giri elevato aumenta l&#8217;aggressivit\u00e0 della sbavatura.<br \/>\n<strong>Compensazione dell&#8217;usura:<\/strong><br \/>\n\u00c8 possibile automatizzare la compensazione dell&#8217;usura su apparecchiature speciali. Utilizzando i controlli elettronici per visualizzare il carico sul motore di azionamento, \u00e8 possibile regolare la pressione della spazzola e garantire che la pressione rimanga una quantit\u00e0 relativamente costante. Sulle macchine CNC standard senza regolazioni automatiche del carico, \u00e8 necessario utilizzare metodi diversi come l&#8217;indicizzazione automatica, il controllo con sonda o la regolazione manuale.<br \/>\n<strong>Profondit\u00e0 di pressione<\/strong><\/p>\n<table width=\"56%\">\n<tbody>\n<tr>\n<td width=\"48%\"><strong>Profondit\u00e0 della spazzola<\/strong><\/td>\n<td width=\"52%\"><strong>Profondit\u00e0 di pressione<\/strong><\/td>\n<\/tr>\n<tr>\n<td>Tipo a punta<\/td>\n<td>0.381 \u2013 3.962 mm<\/td>\n<\/tr>\n<tr>\n<td>Tipo turbina<\/td>\n<td>0.177 \u2013 2.362 mm<\/td>\n<\/tr>\n<\/tbody>\n<\/table>\n<p>Nelle spazzole a setole sottili, la quantit\u00e0 di pressione deve essere regolata in modo da entrare fino al 10% della lunghezza della setola esistente e nelle spazzole a setole spesse fino al 5%. Generalmente, la setola della spazzola viene inserita senza problemi nelle linee del pezzo riducendo la velocit\u00e0 di rotazione e aumentando la pressione. In questo modo, la setola della spazzola non colpisce il pezzo e non rimbalza sulla sua superficie, al contrario, spazza via le bave come una lima lungo la superficie e gli angoli del pezzo. Questa forma di spazzolatura aumenta anche la durata della spazzola.<br \/>\n<strong>VELOCIT\u00c0 DI AVANZAMENTO<\/strong><\/p>\n<table width=\"72%\">\n<tbody>\n<tr>\n<td width=\"52%\"><strong>Materiale<\/strong><\/td>\n<td width=\"48%\"><strong>Velocit\u00e0 di avanzamento<\/strong><\/td>\n<\/tr>\n<tr>\n<td>Non ferroso<\/td>\n<td>2,032 m \/ min<\/td>\n<\/tr>\n<tr>\n<td>Ghisa<\/td>\n<td>1,524 m \/ min<\/td>\n<\/tr>\n<tr>\n<td>Acciaio dolce e ghisa<\/td>\n<td>1,27 m \/ min<\/td>\n<\/tr>\n<tr>\n<td>Acciai inossidabili e legati<\/td>\n<td>0,762 m \/ min<\/td>\n<\/tr>\n<tr>\n<td>Titanio e leghe ad alto contenuto di nichel<\/td>\n<td>0,762 m \/ min<\/td>\n<\/tr>\n<\/tbody>\n<\/table>\n<p>La velocit\u00e0 di avanzamento \u00e8 determinata da molti fattori come la dimensione della bava, il materiale del pezzo, le linee superficiali e i requisiti di rugosit\u00e0. Le superfici sagomate devono essere lavorate a velocit\u00e0 inferiori e con una pressione maggiore rispetto alle superfici piane. Si consiglia una velocit\u00e0 di avanzamento iniziale di 30 fpm e 80 fpm, ma la velocit\u00e0 di avanzamento finale \u00e8 specifica per l&#8217;applicazione e deve essere migliorata in base all&#8217;esperienza di sbavatura.<br \/>\n<strong>Linee guida per l&#8217;applicazione<\/strong><\/p>\n<table width=\"100%\">\n<tbody>\n<tr>\n<td><strong>Per una maggiore aggressivit\u00e0<\/strong><br \/>\n-Riduci la lunghezza della spazzola<br \/>\n-Usa una spazzola di diametro maggiore<br \/>\n-Aumenta la dimensione della grana<br \/>\n-Usa una spazzola con setole ad alta densit\u00e0 (tipo turbina)<br \/>\n-Aumenta la velocit\u00e0 di rotazione<br \/>\n-Aumenta la profondit\u00e0 di pressione <\/td>\n<td><strong>Per una minore aggressivit\u00e0<\/strong><br \/>\n-Aumenta la lunghezza della spazzola<br \/>\n-Usa una spazzola di diametro inferiore<br \/>\n-Usa una grana pi\u00f9 fine<br \/>\n-Usa una spazzola con setole a media densit\u00e0 (tipo a punta)<br \/>\n-Riduci la pressione<\/td>\n<td><strong>Per contornare<\/strong><br \/>\n-Aumenta la lunghezza della spazzola<br \/>\n-Usa una spazzola con grana fine<br \/>\n-Usa una spazzola con setole a bassa densit\u00e0 (tipo a punta)<br \/>\n-Aumenta la pressione<\/td>\n<\/tr>\n<tr>\n<td><strong>Per una superficie fine<\/strong><br \/>\n-Usa la spazzola con refrigerante<br \/>\n-Usa una spazzola con setole lunghe<br \/>\n-Aumenta la velocit\u00e0 di rotazione<\/td>\n<td><strong>Per una superficie ruvida<\/strong><br \/>\n-Usa la spazzola senza refrigerante<br \/>\n-Aumenta la dimensione della grana<br \/>\n-Usa una spazzola di diametro inferiore<br \/>\n-Riduci la velocit\u00e0 di rotazione<\/td>\n<td><strong>Per pulire macchie e segni<\/strong><br \/>\n-Utilizzare la spazzola con refrigerante<br \/>\n-Utilizzare una spazzola di piccolo diametro<br \/>\n\u2013 Ridurre la velocit\u00e0 di rotazione<br \/>\n\u2013 Ridurre la pressione<\/td>\n<\/tr>\n<\/tbody>\n<\/table>\n<p>I tipi a punta sono preferiti nelle applicazioni generali di sbavatura e finitura superficiale leggera, mentre le nostre spazzole a disco di tipo turbina sono utilizzate nelle operazioni di sbavatura di media e alta intensit\u00e0. In entrambi i tipi delle nostre spazzole a disco, sono stati utilizzati filamenti di nylon in lega di carburo di silicio e ceramica in una combinazione efficace. <\/p>\n","protected":false},"excerpt":{"rendered":"<p>Le spazzole a disco a punta sono utilizzate per applicazioni generiche di pulizia dei bordi e finitura delle superfici. Lo stile a punta \u00e8 un&#8217;opzione economica per applicazioni di sbavatura leggera quando tempi di ciclo brevi sono importanti. Offrono maggiore flessibilit\u00e0 e possono entrare facilmente in piccoli fori e spazi vuoti.  <\/p>\n","protected":false},"featured_media":34002,"template":"","meta":{"_acf_changed":false},"product_brand":[652],"product_cat":[513,499],"product_tag":[514],"class_list":{"0":"post-34000","1":"product","2":"type-product","3":"status-publish","4":"has-post-thumbnail","6":"product_brand-nampower","7":"product_cat-spazzole-di-sbavatura-nampower","8":"product_cat-utensili-e-accessori-per-torni-cnc","9":"product_tag-nampower","11":"first","12":"instock","13":"taxable","14":"shipping-taxable","15":"purchasable","16":"product-type-variable"},"acf":[],"yoast_head":"<!-- This site is optimized with the Yoast SEO plugin v20.2.1 - https:\/\/yoast.com\/wordpress\/plugins\/seo\/ -->\n<title>Spazzole a disco a punta - Tecus Teknoloji<\/title>\n<meta name=\"robots\" content=\"index, follow, max-snippet:-1, max-image-preview:large, max-video-preview:-1\" \/>\n<link rel=\"canonical\" href=\"https:\/\/tecus.com.tr\/it\/prodotto\/spazzole-a-disco-a-punta\/\" \/>\n<meta property=\"og:locale\" content=\"it_IT\" \/>\n<meta property=\"og:type\" content=\"article\" \/>\n<meta property=\"og:title\" content=\"Spazzole a disco a punta - Tecus Teknoloji\" \/>\n<meta property=\"og:description\" content=\"Le spazzole a disco a punta sono utilizzate per applicazioni generiche di pulizia dei bordi e finitura delle superfici. Lo stile a punta \u00e8 un&#039;opzione economica per applicazioni di sbavatura leggera quando tempi di ciclo brevi sono importanti. Offrono maggiore flessibilit\u00e0 e possono entrare facilmente in piccoli fori e spazi vuoti.\" \/>\n<meta property=\"og:url\" content=\"https:\/\/tecus.com.tr\/it\/prodotto\/spazzole-a-disco-a-punta\/\" \/>\n<meta property=\"og:site_name\" content=\"Tecus Teknoloji\" \/>\n<meta property=\"article:modified_time\" content=\"2025-12-03T12:18:40+00:00\" \/>\n<meta property=\"og:image\" content=\"https:\/\/tecus.com.tr\/wp-content\/uploads\/2018\/04\/nokta-tipi-disk-fircalari-500x500-1.png\" \/>\n\t<meta property=\"og:image:width\" content=\"375\" \/>\n\t<meta property=\"og:image:height\" content=\"375\" \/>\n\t<meta property=\"og:image:type\" content=\"image\/png\" \/>\n<meta name=\"twitter:card\" content=\"summary_large_image\" \/>\n<meta name=\"twitter:label1\" content=\"Tempo di lettura stimato\" \/>\n\t<meta name=\"twitter:data1\" content=\"4 minuto\" \/>\n<script type=\"application\/ld+json\" class=\"yoast-schema-graph\">{\"@context\":\"https:\/\/schema.org\",\"@graph\":[{\"@type\":\"WebPage\",\"@id\":\"https:\/\/tecus.com.tr\/it\/prodotto\/spazzole-a-disco-a-punta\/\",\"url\":\"https:\/\/tecus.com.tr\/it\/prodotto\/spazzole-a-disco-a-punta\/\",\"name\":\"Spazzole a disco a punta - Tecus Teknoloji\",\"isPartOf\":{\"@id\":\"https:\/\/tecus.com.tr\/it\/#website\"},\"datePublished\":\"2018-04-19T09:39:33+00:00\",\"dateModified\":\"2025-12-03T12:18:40+00:00\",\"breadcrumb\":{\"@id\":\"https:\/\/tecus.com.tr\/it\/prodotto\/spazzole-a-disco-a-punta\/#breadcrumb\"},\"inLanguage\":\"it-IT\",\"potentialAction\":[{\"@type\":\"ReadAction\",\"target\":[\"https:\/\/tecus.com.tr\/it\/prodotto\/spazzole-a-disco-a-punta\/\"]}]},{\"@type\":\"BreadcrumbList\",\"@id\":\"https:\/\/tecus.com.tr\/it\/prodotto\/spazzole-a-disco-a-punta\/#breadcrumb\",\"itemListElement\":[{\"@type\":\"ListItem\",\"position\":1,\"name\":\"Ana sayfa\",\"item\":\"https:\/\/tecus.com.tr\/it\/\"},{\"@type\":\"ListItem\",\"position\":2,\"name\":\"Ma\u011faza\",\"item\":\"https:\/\/tecus.com.tr\/magaza\/\"},{\"@type\":\"ListItem\",\"position\":3,\"name\":\"Spazzole a disco a punta\"}]},{\"@type\":\"WebSite\",\"@id\":\"https:\/\/tecus.com.tr\/it\/#website\",\"url\":\"https:\/\/tecus.com.tr\/it\/\",\"name\":\"Tecus Teknoloji\",\"description\":\"CNC par\u00e7a ba\u011flama \u00e7\u00f6z\u00fcmleri\",\"publisher\":{\"@id\":\"https:\/\/tecus.com.tr\/it\/#organization\"},\"potentialAction\":[{\"@type\":\"SearchAction\",\"target\":{\"@type\":\"EntryPoint\",\"urlTemplate\":\"https:\/\/tecus.com.tr\/it\/?s={search_term_string}\"},\"query-input\":\"required name=search_term_string\"}],\"inLanguage\":\"it-IT\"},{\"@type\":\"Organization\",\"@id\":\"https:\/\/tecus.com.tr\/it\/#organization\",\"name\":\"Tecus Teknoloji\",\"url\":\"https:\/\/tecus.com.tr\/it\/\",\"logo\":{\"@type\":\"ImageObject\",\"inLanguage\":\"it-IT\",\"@id\":\"https:\/\/tecus.com.tr\/it\/#\/schema\/logo\/image\/\",\"url\":\"https:\/\/tecus.com.tr\/wp-content\/uploads\/2018\/04\/tecus-logo-beyaz-2-e1528750997765.png\",\"contentUrl\":\"https:\/\/tecus.com.tr\/wp-content\/uploads\/2018\/04\/tecus-logo-beyaz-2-e1528750997765.png\",\"width\":250,\"height\":53,\"caption\":\"Tecus Teknoloji\"},\"image\":{\"@id\":\"https:\/\/tecus.com.tr\/it\/#\/schema\/logo\/image\/\"}}]}<\/script>\n<!-- \/ Yoast SEO plugin. -->","yoast_head_json":{"title":"Spazzole a disco a punta - Tecus Teknoloji","robots":{"index":"index","follow":"follow","max-snippet":"max-snippet:-1","max-image-preview":"max-image-preview:large","max-video-preview":"max-video-preview:-1"},"canonical":"https:\/\/tecus.com.tr\/it\/prodotto\/spazzole-a-disco-a-punta\/","og_locale":"it_IT","og_type":"article","og_title":"Spazzole a disco a punta - Tecus Teknoloji","og_description":"Le spazzole a disco a punta sono utilizzate per applicazioni generiche di pulizia dei bordi e finitura delle superfici. Lo stile a punta \u00e8 un'opzione economica per applicazioni di sbavatura leggera quando tempi di ciclo brevi sono importanti. Offrono maggiore flessibilit\u00e0 e possono entrare facilmente in piccoli fori e spazi vuoti.","og_url":"https:\/\/tecus.com.tr\/it\/prodotto\/spazzole-a-disco-a-punta\/","og_site_name":"Tecus Teknoloji","article_modified_time":"2025-12-03T12:18:40+00:00","og_image":[{"width":375,"height":375,"url":"https:\/\/tecus.com.tr\/wp-content\/uploads\/2018\/04\/nokta-tipi-disk-fircalari-500x500-1.png","type":"image\/png"}],"twitter_card":"summary_large_image","twitter_misc":{"Tempo di lettura stimato":"4 minuto"},"schema":{"@context":"https:\/\/schema.org","@graph":[{"@type":"WebPage","@id":"https:\/\/tecus.com.tr\/it\/prodotto\/spazzole-a-disco-a-punta\/","url":"https:\/\/tecus.com.tr\/it\/prodotto\/spazzole-a-disco-a-punta\/","name":"Spazzole a disco a punta - Tecus Teknoloji","isPartOf":{"@id":"https:\/\/tecus.com.tr\/it\/#website"},"datePublished":"2018-04-19T09:39:33+00:00","dateModified":"2025-12-03T12:18:40+00:00","breadcrumb":{"@id":"https:\/\/tecus.com.tr\/it\/prodotto\/spazzole-a-disco-a-punta\/#breadcrumb"},"inLanguage":"it-IT","potentialAction":[{"@type":"ReadAction","target":["https:\/\/tecus.com.tr\/it\/prodotto\/spazzole-a-disco-a-punta\/"]}]},{"@type":"BreadcrumbList","@id":"https:\/\/tecus.com.tr\/it\/prodotto\/spazzole-a-disco-a-punta\/#breadcrumb","itemListElement":[{"@type":"ListItem","position":1,"name":"Ana sayfa","item":"https:\/\/tecus.com.tr\/it\/"},{"@type":"ListItem","position":2,"name":"Ma\u011faza","item":"https:\/\/tecus.com.tr\/magaza\/"},{"@type":"ListItem","position":3,"name":"Spazzole a disco a punta"}]},{"@type":"WebSite","@id":"https:\/\/tecus.com.tr\/it\/#website","url":"https:\/\/tecus.com.tr\/it\/","name":"Tecus Teknoloji","description":"CNC par\u00e7a ba\u011flama \u00e7\u00f6z\u00fcmleri","publisher":{"@id":"https:\/\/tecus.com.tr\/it\/#organization"},"potentialAction":[{"@type":"SearchAction","target":{"@type":"EntryPoint","urlTemplate":"https:\/\/tecus.com.tr\/it\/?s={search_term_string}"},"query-input":"required name=search_term_string"}],"inLanguage":"it-IT"},{"@type":"Organization","@id":"https:\/\/tecus.com.tr\/it\/#organization","name":"Tecus Teknoloji","url":"https:\/\/tecus.com.tr\/it\/","logo":{"@type":"ImageObject","inLanguage":"it-IT","@id":"https:\/\/tecus.com.tr\/it\/#\/schema\/logo\/image\/","url":"https:\/\/tecus.com.tr\/wp-content\/uploads\/2018\/04\/tecus-logo-beyaz-2-e1528750997765.png","contentUrl":"https:\/\/tecus.com.tr\/wp-content\/uploads\/2018\/04\/tecus-logo-beyaz-2-e1528750997765.png","width":250,"height":53,"caption":"Tecus Teknoloji"},"image":{"@id":"https:\/\/tecus.com.tr\/it\/#\/schema\/logo\/image\/"}}]}},"_links":{"self":[{"href":"https:\/\/tecus.com.tr\/it\/wp-json\/wp\/v2\/product\/34000","targetHints":{"allow":["GET"]}}],"collection":[{"href":"https:\/\/tecus.com.tr\/it\/wp-json\/wp\/v2\/product"}],"about":[{"href":"https:\/\/tecus.com.tr\/it\/wp-json\/wp\/v2\/types\/product"}],"version-history":[{"count":3,"href":"https:\/\/tecus.com.tr\/it\/wp-json\/wp\/v2\/product\/34000\/revisions"}],"predecessor-version":[{"id":46298,"href":"https:\/\/tecus.com.tr\/it\/wp-json\/wp\/v2\/product\/34000\/revisions\/46298"}],"wp:featuredmedia":[{"embeddable":true,"href":"https:\/\/tecus.com.tr\/it\/wp-json\/wp\/v2\/media\/34002"}],"wp:attachment":[{"href":"https:\/\/tecus.com.tr\/it\/wp-json\/wp\/v2\/media?parent=34000"}],"wp:term":[{"taxonomy":"product_brand","embeddable":true,"href":"https:\/\/tecus.com.tr\/it\/wp-json\/wp\/v2\/product_brand?post=34000"},{"taxonomy":"product_cat","embeddable":true,"href":"https:\/\/tecus.com.tr\/it\/wp-json\/wp\/v2\/product_cat?post=34000"},{"taxonomy":"product_tag","embeddable":true,"href":"https:\/\/tecus.com.tr\/it\/wp-json\/wp\/v2\/product_tag?post=34000"}],"curies":[{"name":"wp","href":"https:\/\/api.w.org\/{rel}","templated":true}]}}