{"id":33979,"date":"2018-05-07T11:21:58","date_gmt":"2018-05-07T11:21:58","guid":{"rendered":"https:\/\/tecus.com.tr\/urun\/morsetti-uniforce-lavorabili-a-gambo-lungo\/"},"modified":"2025-09-22T19:53:36","modified_gmt":"2025-09-22T19:53:36","slug":"morsetti-uniforce-lavorabili-a-gambo-lungo","status":"publish","type":"product","link":"https:\/\/tecus.com.tr\/it\/prodotto\/morsetti-uniforce-lavorabili-a-gambo-lungo\/","title":{"rendered":"MORSETTI UNIFORCE LAVORABILI A GAMBO LUNGO"},"content":{"rendered":"<p><strong>Par<\/strong><strong>\u00e7<\/strong><strong>a&nbsp;&nbsp;&nbsp;&nbsp;&nbsp;&nbsp;&nbsp;&nbsp;&nbsp;&nbsp;&nbsp;&nbsp;&nbsp;&nbsp;&nbsp;&nbsp;&nbsp;&nbsp;&nbsp;&nbsp;&nbsp;&nbsp;&nbsp;&nbsp;&nbsp;&nbsp;&nbsp;&nbsp;&nbsp;&nbsp;&nbsp;&nbsp;&nbsp;&nbsp;&nbsp;&nbsp;&nbsp;&nbsp;&nbsp;&nbsp;&nbsp;&nbsp;&nbsp;&nbsp;&nbsp;&nbsp;&nbsp;&nbsp;&nbsp;&nbsp;&nbsp;&nbsp;&nbsp;&nbsp;&nbsp;&nbsp;&nbsp;&nbsp;&nbsp;&nbsp;&nbsp;&nbsp;&nbsp;&nbsp;&nbsp;&nbsp;&nbsp;&nbsp;&nbsp;&nbsp;&nbsp;&nbsp;&nbsp;&nbsp;&nbsp;&nbsp;&nbsp;&nbsp;&nbsp;&nbsp;&nbsp;&nbsp;&nbsp;&nbsp;&nbsp;&nbsp;&nbsp;&nbsp;&nbsp;&nbsp;&nbsp;&nbsp;&nbsp;&nbsp;&nbsp;&nbsp;&nbsp;&nbsp;&nbsp;&nbsp;&nbsp;&nbsp;&nbsp;&nbsp;&nbsp;&nbsp;&nbsp;&nbsp;&nbsp;&nbsp;&nbsp;&nbsp;&nbsp;&nbsp;&nbsp;&nbsp;&nbsp;&nbsp;&nbsp;&nbsp;&nbsp;&nbsp;&nbsp;&nbsp;&nbsp;&nbsp;&nbsp;&nbsp;&nbsp;&nbsp;&nbsp; <\/strong><strong>Tork&nbsp;&nbsp;&nbsp;&nbsp;&nbsp;&nbsp;&nbsp;&nbsp;&nbsp; <\/strong><strong>Kuvveti<\/strong><\/p>\n<table>\n<tbody>\n<tr>\n<td width=\"505\">\n<table width=\"100%\">\n<tbody>\n<tr>\n<td>\n<table width=\"509\">\n<tbody>\n<tr>\n<td width=\"42\">60051<\/td>\n<td width=\"83\">500 Kanal<\/td>\n<td width=\"37\">1.125<\/td>\n<td width=\"31\">.50<\/td>\n<td width=\"42\">7.50<\/td>\n<td width=\"38\">.420<\/td>\n<td width=\"30\">.25<\/td>\n<td width=\"31\">.18<\/td>\n<td width=\"37\">2-56<\/td>\n<td width=\"45\">8-32<\/td>\n<td width=\"48\">2.5<\/td>\n<td width=\"46\">500<\/td>\n<\/tr>\n<tr>\n<td width=\"42\">60052<\/td>\n<td width=\"83\">500 \u00c7elik Kama<\/td>\n<td width=\"37\"><\/td>\n<td width=\"31\"><\/td>\n<td width=\"42\">7.50<\/td>\n<td width=\"38\"><\/td>\n<td width=\"30\"><\/td>\n<td width=\"31\"><\/td>\n<td width=\"37\"><\/td>\n<td width=\"45\"><\/td>\n<td width=\"48\"><\/td>\n<td width=\"46\"><\/td>\n<\/tr>\n<tr>\n<td width=\"42\">60071<\/td>\n<td width=\"83\">750 Kanal<\/td>\n<td width=\"37\">1.500<\/td>\n<td width=\"31\">.75<\/td>\n<td width=\"42\">7.50<\/td>\n<td width=\"38\">.632<\/td>\n<td width=\"30\">.37<\/td>\n<td width=\"31\">.26<\/td>\n<td width=\"37\">6-32<\/td>\n<td width=\"45\">1\/4-20<\/td>\n<td width=\"48\">10.8<\/td>\n<td width=\"46\">1,500<\/td>\n<\/tr>\n<tr>\n<td width=\"42\">60072<\/td>\n<td width=\"83\">750 \u00c7elik Kama<\/td>\n<td width=\"37\"><\/td>\n<td width=\"31\"><\/td>\n<td width=\"42\">7.50<\/td>\n<td width=\"38\"><\/td>\n<td width=\"30\"><\/td>\n<td width=\"31\"><\/td>\n<td width=\"37\"><\/td>\n<td width=\"45\"><\/td>\n<td width=\"48\"><\/td>\n<td width=\"46\"><\/td>\n<\/tr>\n<tr>\n<td width=\"42\">60101<\/td>\n<td width=\"83\">1000 Kanal<\/td>\n<td width=\"37\">2.000<\/td>\n<td width=\"31\">1.00<\/td>\n<td width=\"42\">7.50<\/td>\n<td width=\"38\">.820<\/td>\n<td width=\"30\">.50<\/td>\n<td width=\"31\">.39<\/td>\n<td width=\"37\">6-32<\/td>\n<td width=\"45\">5\/16-18<\/td>\n<td width=\"48\">10.4<\/td>\n<td width=\"46\">2,000<\/td>\n<\/tr>\n<tr>\n<td width=\"42\">60102<\/td>\n<td width=\"83\">1000 \u00c7elik Kama<\/td>\n<td width=\"37\"><\/td>\n<td width=\"31\"><\/td>\n<td width=\"42\">7.50<\/td>\n<td width=\"38\"><\/td>\n<td width=\"30\"><\/td>\n<td width=\"31\"><\/td>\n<td width=\"37\"><\/td>\n<td width=\"45\"><\/td>\n<td width=\"48\"><\/td>\n<td width=\"46\"><\/td>\n<\/tr>\n<tr>\n<td width=\"42\">60151<\/td>\n<td width=\"83\">1500 Kanal<\/td>\n<td width=\"37\">3.000<\/td>\n<td width=\"31\">1.50<\/td>\n<td width=\"42\">7.50<\/td>\n<td width=\"38\">1.215<\/td>\n<td width=\"30\">.75<\/td>\n<td width=\"31\">.62<\/td>\n<td width=\"37\">10-32<\/td>\n<td width=\"45\">1\/2-13<\/td>\n<td width=\"48\">28.3<\/td>\n<td width=\"46\">3,500<\/td>\n<\/tr>\n<tr>\n<td width=\"42\">60152<\/td>\n<td width=\"83\">1500 \u00c7elik Kama<\/td>\n<td width=\"37\"><\/td>\n<td width=\"31\"><\/td>\n<td width=\"42\">7.50<\/td>\n<td width=\"38\"><\/td>\n<td width=\"30\"><\/td>\n<td width=\"31\"><\/td>\n<td width=\"37\"><\/td>\n<td width=\"45\"><\/td>\n<td width=\"48\"><\/td>\n<td width=\"46\"><\/td>\n<\/tr>\n<tr>\n<td width=\"42\"><strong>&nbsp;&nbsp; METR<\/strong><strong>\u0130<\/strong><strong>K<\/strong><\/p>\n<p>80051<\/td>\n<td width=\"83\"><strong>&nbsp;<\/strong><\/p>\n<p>500 Kanal<\/td>\n<td width=\"37\"><strong>&nbsp;<\/strong><\/p>\n<p>28.6<\/td>\n<td width=\"31\"><strong>&nbsp;<\/strong><\/p>\n<p>12.7<\/td>\n<td width=\"42\"><strong>&nbsp;<\/strong><\/p>\n<p>190mm<\/td>\n<td width=\"38\"><strong>&nbsp;<\/strong><\/p>\n<p>10.67<\/td>\n<td width=\"30\"><strong>&nbsp;<\/strong><\/p>\n<p>6.3<\/td>\n<td width=\"31\"><strong>&nbsp;<\/strong><\/p>\n<p>4.6<\/td>\n<td width=\"37\"><strong>&nbsp;<\/strong><\/p>\n<p>M2<\/td>\n<td width=\"45\"><strong>&nbsp;<\/strong><\/p>\n<p>M4<\/td>\n<td width=\"48\"><strong>(N.m)&nbsp;&nbsp;&nbsp;&nbsp;&nbsp;&nbsp; <\/strong><\/p>\n<p>3.40<\/td>\n<td width=\"46\"><strong>&nbsp;&nbsp; <\/strong><strong> (N)<\/strong><\/p>\n<p>2225<\/td>\n<\/tr>\n<tr>\n<td width=\"42\">80071<\/td>\n<td width=\"83\">750 Kanal<\/td>\n<td width=\"37\">38.1<\/td>\n<td width=\"31\">19.1<\/td>\n<td width=\"42\">190mm<\/td>\n<td width=\"38\">16.05<\/td>\n<td width=\"30\">9.4<\/td>\n<td width=\"31\">6.6<\/td>\n<td width=\"37\">M4<\/td>\n<td width=\"45\">M6<\/td>\n<td width=\"48\">14.30<\/td>\n<td width=\"46\">6675<\/td>\n<\/tr>\n<tr>\n<td width=\"42\">80101<\/td>\n<td width=\"83\">1000 Kanal<\/td>\n<td width=\"37\">50.8<\/td>\n<td width=\"31\">25.4<\/td>\n<td width=\"42\">190mm<\/td>\n<td width=\"38\">20.83<\/td>\n<td width=\"30\">12.7<\/td>\n<td width=\"31\">9.9<\/td>\n<td width=\"37\">M4<\/td>\n<td width=\"45\">M8<\/td>\n<td width=\"48\">14.50<\/td>\n<td width=\"46\">8900<\/td>\n<\/tr>\n<tr>\n<td width=\"42\">80151<\/td>\n<td width=\"83\">1500 Kanal<\/td>\n<td width=\"37\">76.2<\/td>\n<td width=\"31\">38.1<\/td>\n<td width=\"42\">190mm<\/td>\n<td width=\"38\">30.86<\/td>\n<td width=\"30\">19.1<\/td>\n<td width=\"31\">15.7<\/td>\n<td width=\"37\">M5<\/td>\n<td width=\"45\">M12<\/td>\n<td width=\"48\">38.40<\/td>\n<td width=\"46\">15575<\/td>\n<\/tr>\n<\/tbody>\n<\/table>\n<p>&nbsp;<\/td>\n<\/tr>\n<\/tbody>\n<\/table>\n<\/td>\n<\/tr>\n<\/tbody>\n<\/table>\n<p>&nbsp;<\/p>\n<p>A*<strong> \u2013 <\/strong>Clamp bo\u015flu\u011fu ile i\u015fpar\u00e7as\u0131 aras\u0131nda gerekli mesafe. \u201dA\u201d\u00f6l\u00e7\u00fcs\u00fcn\u00fcn eksen \u00e7igisine delik delip di\u015f a\u00e7\u0131n.<\/p>\n<p>F\u2020 \u2013 \u00c7eneler \u00fczerinde i\u015flenebilir stok miktar\u0131.&nbsp;&nbsp;&nbsp;&nbsp;&nbsp;&nbsp;&nbsp;&nbsp;&nbsp;&nbsp;&nbsp;&nbsp;&nbsp;&nbsp;&nbsp;&nbsp;&nbsp;&nbsp;&nbsp;&nbsp;&nbsp;&nbsp;&nbsp;&nbsp;&nbsp;&nbsp;&nbsp;&nbsp;&nbsp;&nbsp;&nbsp;&nbsp;&nbsp;&nbsp;&nbsp; (3) Tahrik Vidas\u0131 ve (4) ba\u011flama c\u0131vatalar\u0131 dahildir.<\/p>\n<p><strong>&nbsp;<img fetchpriority=\"high\" decoding=\"async\" src=\"http:\/\/www.miteebite.com\/wp-content\/uploads\/2014\/02\/llmu_drawing1.png\" alt=\"\" width=\"250\" height=\"211\"><img decoding=\"async\" src=\"http:\/\/www.miteebite.com\/wp-content\/uploads\/2014\/02\/llmu_drawing2.png\" alt=\"\" width=\"561\" height=\"211\"><img decoding=\"async\" src=\"http:\/\/www.miteebite.com\/wp-content\/uploads\/2014\/02\/llmu_drawing2.png\" alt=\"\" width=\"561\" height=\"211\"><\/strong><\/p>\n<p><strong>&nbsp;<\/strong><\/p>\n","protected":false},"excerpt":{"rendered":"<p>Questo materiale pu\u00f2 essere fornito con lunghezze di 190 mm. I morsetti personalizzati possono essere fabbricati in diverse lunghezze per soddisfare esigenze specifiche. Il canale e il cuneo in acciaio sono senza fori e senza rivestimento.  <\/p>\n","protected":false},"featured_media":33980,"template":"","meta":{"_acf_changed":false},"product_brand":[],"product_cat":[488],"product_tag":[],"class_list":{"0":"post-33979","1":"product","2":"type-product","3":"status-publish","4":"has-post-thumbnail","6":"product_cat-morsetti-a-serraggio-laterale","8":"first","9":"instock","10":"taxable","11":"shipping-taxable","12":"product-type-simple"},"acf":[],"yoast_head":"<!-- This site is optimized with the Yoast SEO plugin v20.2.1 - https:\/\/yoast.com\/wordpress\/plugins\/seo\/ -->\n<title>MORSETTI UNIFORCE LAVORABILI A GAMBO LUNGO - Tecus Teknoloji<\/title>\n<meta name=\"robots\" content=\"index, follow, max-snippet:-1, max-image-preview:large, max-video-preview:-1\" \/>\n<link rel=\"canonical\" href=\"https:\/\/tecus.com.tr\/it\/prodotto\/morsetti-uniforce-lavorabili-a-gambo-lungo\/\" \/>\n<meta property=\"og:locale\" content=\"it_IT\" \/>\n<meta property=\"og:type\" content=\"article\" \/>\n<meta property=\"og:title\" content=\"MORSETTI UNIFORCE LAVORABILI A GAMBO LUNGO - Tecus Teknoloji\" \/>\n<meta property=\"og:description\" content=\"Questo materiale pu\u00f2 essere fornito con lunghezze di 190 mm. I morsetti personalizzati possono essere fabbricati in diverse lunghezze per soddisfare esigenze specifiche. Il canale e il cuneo in acciaio sono senza fori e senza rivestimento.\" \/>\n<meta property=\"og:url\" content=\"https:\/\/tecus.com.tr\/it\/prodotto\/morsetti-uniforce-lavorabili-a-gambo-lungo\/\" \/>\n<meta property=\"og:site_name\" content=\"Tecus Teknoloji\" \/>\n<meta property=\"article:modified_time\" content=\"2025-09-22T19:53:36+00:00\" \/>\n<meta property=\"og:image\" content=\"https:\/\/tecus.com.tr\/wp-content\/uploads\/2018\/05\/i\u015flenebilir-uzun-uniforce-clampler-1.jpg\" \/>\n\t<meta property=\"og:image:width\" content=\"322\" \/>\n\t<meta property=\"og:image:height\" content=\"186\" \/>\n\t<meta property=\"og:image:type\" content=\"image\/jpeg\" \/>\n<meta name=\"twitter:card\" content=\"summary_large_image\" \/>\n<meta name=\"twitter:label1\" content=\"Tempo di lettura stimato\" \/>\n\t<meta name=\"twitter:data1\" content=\"1 minuto\" \/>\n<script type=\"application\/ld+json\" class=\"yoast-schema-graph\">{\"@context\":\"https:\/\/schema.org\",\"@graph\":[{\"@type\":\"WebPage\",\"@id\":\"https:\/\/tecus.com.tr\/it\/prodotto\/morsetti-uniforce-lavorabili-a-gambo-lungo\/\",\"url\":\"https:\/\/tecus.com.tr\/it\/prodotto\/morsetti-uniforce-lavorabili-a-gambo-lungo\/\",\"name\":\"MORSETTI UNIFORCE LAVORABILI A GAMBO LUNGO - Tecus Teknoloji\",\"isPartOf\":{\"@id\":\"https:\/\/tecus.com.tr\/it\/#website\"},\"datePublished\":\"2018-05-07T11:21:58+00:00\",\"dateModified\":\"2025-09-22T19:53:36+00:00\",\"breadcrumb\":{\"@id\":\"https:\/\/tecus.com.tr\/it\/prodotto\/morsetti-uniforce-lavorabili-a-gambo-lungo\/#breadcrumb\"},\"inLanguage\":\"it-IT\",\"potentialAction\":[{\"@type\":\"ReadAction\",\"target\":[\"https:\/\/tecus.com.tr\/it\/prodotto\/morsetti-uniforce-lavorabili-a-gambo-lungo\/\"]}]},{\"@type\":\"BreadcrumbList\",\"@id\":\"https:\/\/tecus.com.tr\/it\/prodotto\/morsetti-uniforce-lavorabili-a-gambo-lungo\/#breadcrumb\",\"itemListElement\":[{\"@type\":\"ListItem\",\"position\":1,\"name\":\"Ana sayfa\",\"item\":\"https:\/\/tecus.com.tr\/it\/\"},{\"@type\":\"ListItem\",\"position\":2,\"name\":\"Ma\u011faza\",\"item\":\"https:\/\/tecus.com.tr\/magaza\/\"},{\"@type\":\"ListItem\",\"position\":3,\"name\":\"MORSETTI UNIFORCE LAVORABILI A GAMBO LUNGO\"}]},{\"@type\":\"WebSite\",\"@id\":\"https:\/\/tecus.com.tr\/it\/#website\",\"url\":\"https:\/\/tecus.com.tr\/it\/\",\"name\":\"Tecus Teknoloji\",\"description\":\"CNC par\u00e7a ba\u011flama \u00e7\u00f6z\u00fcmleri\",\"publisher\":{\"@id\":\"https:\/\/tecus.com.tr\/it\/#organization\"},\"potentialAction\":[{\"@type\":\"SearchAction\",\"target\":{\"@type\":\"EntryPoint\",\"urlTemplate\":\"https:\/\/tecus.com.tr\/it\/?s={search_term_string}\"},\"query-input\":\"required name=search_term_string\"}],\"inLanguage\":\"it-IT\"},{\"@type\":\"Organization\",\"@id\":\"https:\/\/tecus.com.tr\/it\/#organization\",\"name\":\"Tecus Teknoloji\",\"url\":\"https:\/\/tecus.com.tr\/it\/\",\"logo\":{\"@type\":\"ImageObject\",\"inLanguage\":\"it-IT\",\"@id\":\"https:\/\/tecus.com.tr\/it\/#\/schema\/logo\/image\/\",\"url\":\"https:\/\/tecus.com.tr\/wp-content\/uploads\/2018\/04\/tecus-logo-beyaz-2-e1528750997765.png\",\"contentUrl\":\"https:\/\/tecus.com.tr\/wp-content\/uploads\/2018\/04\/tecus-logo-beyaz-2-e1528750997765.png\",\"width\":250,\"height\":53,\"caption\":\"Tecus Teknoloji\"},\"image\":{\"@id\":\"https:\/\/tecus.com.tr\/it\/#\/schema\/logo\/image\/\"}}]}<\/script>\n<!-- \/ Yoast SEO plugin. -->","yoast_head_json":{"title":"MORSETTI UNIFORCE LAVORABILI A GAMBO LUNGO - Tecus Teknoloji","robots":{"index":"index","follow":"follow","max-snippet":"max-snippet:-1","max-image-preview":"max-image-preview:large","max-video-preview":"max-video-preview:-1"},"canonical":"https:\/\/tecus.com.tr\/it\/prodotto\/morsetti-uniforce-lavorabili-a-gambo-lungo\/","og_locale":"it_IT","og_type":"article","og_title":"MORSETTI UNIFORCE LAVORABILI A GAMBO LUNGO - Tecus Teknoloji","og_description":"Questo materiale pu\u00f2 essere fornito con lunghezze di 190 mm. I morsetti personalizzati possono essere fabbricati in diverse lunghezze per soddisfare esigenze specifiche. Il canale e il cuneo in acciaio sono senza fori e senza rivestimento.","og_url":"https:\/\/tecus.com.tr\/it\/prodotto\/morsetti-uniforce-lavorabili-a-gambo-lungo\/","og_site_name":"Tecus Teknoloji","article_modified_time":"2025-09-22T19:53:36+00:00","og_image":[{"width":322,"height":186,"url":"https:\/\/tecus.com.tr\/wp-content\/uploads\/2018\/05\/i\u015flenebilir-uzun-uniforce-clampler-1.jpg","type":"image\/jpeg"}],"twitter_card":"summary_large_image","twitter_misc":{"Tempo di lettura stimato":"1 minuto"},"schema":{"@context":"https:\/\/schema.org","@graph":[{"@type":"WebPage","@id":"https:\/\/tecus.com.tr\/it\/prodotto\/morsetti-uniforce-lavorabili-a-gambo-lungo\/","url":"https:\/\/tecus.com.tr\/it\/prodotto\/morsetti-uniforce-lavorabili-a-gambo-lungo\/","name":"MORSETTI UNIFORCE LAVORABILI A GAMBO LUNGO - Tecus Teknoloji","isPartOf":{"@id":"https:\/\/tecus.com.tr\/it\/#website"},"datePublished":"2018-05-07T11:21:58+00:00","dateModified":"2025-09-22T19:53:36+00:00","breadcrumb":{"@id":"https:\/\/tecus.com.tr\/it\/prodotto\/morsetti-uniforce-lavorabili-a-gambo-lungo\/#breadcrumb"},"inLanguage":"it-IT","potentialAction":[{"@type":"ReadAction","target":["https:\/\/tecus.com.tr\/it\/prodotto\/morsetti-uniforce-lavorabili-a-gambo-lungo\/"]}]},{"@type":"BreadcrumbList","@id":"https:\/\/tecus.com.tr\/it\/prodotto\/morsetti-uniforce-lavorabili-a-gambo-lungo\/#breadcrumb","itemListElement":[{"@type":"ListItem","position":1,"name":"Ana sayfa","item":"https:\/\/tecus.com.tr\/it\/"},{"@type":"ListItem","position":2,"name":"Ma\u011faza","item":"https:\/\/tecus.com.tr\/magaza\/"},{"@type":"ListItem","position":3,"name":"MORSETTI UNIFORCE LAVORABILI A GAMBO LUNGO"}]},{"@type":"WebSite","@id":"https:\/\/tecus.com.tr\/it\/#website","url":"https:\/\/tecus.com.tr\/it\/","name":"Tecus Teknoloji","description":"CNC par\u00e7a ba\u011flama \u00e7\u00f6z\u00fcmleri","publisher":{"@id":"https:\/\/tecus.com.tr\/it\/#organization"},"potentialAction":[{"@type":"SearchAction","target":{"@type":"EntryPoint","urlTemplate":"https:\/\/tecus.com.tr\/it\/?s={search_term_string}"},"query-input":"required name=search_term_string"}],"inLanguage":"it-IT"},{"@type":"Organization","@id":"https:\/\/tecus.com.tr\/it\/#organization","name":"Tecus Teknoloji","url":"https:\/\/tecus.com.tr\/it\/","logo":{"@type":"ImageObject","inLanguage":"it-IT","@id":"https:\/\/tecus.com.tr\/it\/#\/schema\/logo\/image\/","url":"https:\/\/tecus.com.tr\/wp-content\/uploads\/2018\/04\/tecus-logo-beyaz-2-e1528750997765.png","contentUrl":"https:\/\/tecus.com.tr\/wp-content\/uploads\/2018\/04\/tecus-logo-beyaz-2-e1528750997765.png","width":250,"height":53,"caption":"Tecus Teknoloji"},"image":{"@id":"https:\/\/tecus.com.tr\/it\/#\/schema\/logo\/image\/"}}]}},"_links":{"self":[{"href":"https:\/\/tecus.com.tr\/it\/wp-json\/wp\/v2\/product\/33979","targetHints":{"allow":["GET"]}}],"collection":[{"href":"https:\/\/tecus.com.tr\/it\/wp-json\/wp\/v2\/product"}],"about":[{"href":"https:\/\/tecus.com.tr\/it\/wp-json\/wp\/v2\/types\/product"}],"version-history":[{"count":1,"href":"https:\/\/tecus.com.tr\/it\/wp-json\/wp\/v2\/product\/33979\/revisions"}],"predecessor-version":[{"id":33982,"href":"https:\/\/tecus.com.tr\/it\/wp-json\/wp\/v2\/product\/33979\/revisions\/33982"}],"wp:featuredmedia":[{"embeddable":true,"href":"https:\/\/tecus.com.tr\/it\/wp-json\/wp\/v2\/media\/33980"}],"wp:attachment":[{"href":"https:\/\/tecus.com.tr\/it\/wp-json\/wp\/v2\/media?parent=33979"}],"wp:term":[{"taxonomy":"product_brand","embeddable":true,"href":"https:\/\/tecus.com.tr\/it\/wp-json\/wp\/v2\/product_brand?post=33979"},{"taxonomy":"product_cat","embeddable":true,"href":"https:\/\/tecus.com.tr\/it\/wp-json\/wp\/v2\/product_cat?post=33979"},{"taxonomy":"product_tag","embeddable":true,"href":"https:\/\/tecus.com.tr\/it\/wp-json\/wp\/v2\/product_tag?post=33979"}],"curies":[{"name":"wp","href":"https:\/\/api.w.org\/{rel}","templated":true}]}}