{"id":33961,"date":"2018-04-15T11:16:13","date_gmt":"2018-04-15T11:16:13","guid":{"rendered":"https:\/\/tecus.com.tr\/urun\/sistema-di-ganasce-per-morse-versa-grip\/"},"modified":"2025-12-03T12:17:56","modified_gmt":"2025-12-03T12:17:56","slug":"sistema-di-ganasce-per-morse-versa-grip","status":"publish","type":"product","link":"https:\/\/tecus.com.tr\/it\/prodotto\/sistema-di-ganasce-per-morse-versa-grip\/","title":{"rendered":"Ganasce Versa Grip"},"content":{"rendered":"\t\t<div data-elementor-type=\"wp-post\" data-elementor-id=\"33961\" class=\"elementor elementor-33961 elementor-9110\" data-elementor-post-type=\"product\">\n\t\t\t\t\t\t<section class=\"elementor-section elementor-top-section elementor-element elementor-element-33f8860 elementor-section-boxed elementor-section-height-default elementor-section-height-default\" data-id=\"33f8860\" data-element_type=\"section\">\n\t\t\t\t\t\t<div class=\"elementor-container elementor-column-gap-default\">\n\t\t\t\t\t<div class=\"elementor-column elementor-col-100 elementor-top-column elementor-element elementor-element-719bd0fe\" data-id=\"719bd0fe\" data-element_type=\"column\">\n\t\t\t<div class=\"elementor-widget-wrap elementor-element-populated\">\n\t\t\t\t\t\t<div class=\"elementor-element elementor-element-2d8818e3 elementor-widget elementor-widget-text-editor\" data-id=\"2d8818e3\" data-element_type=\"widget\" data-widget_type=\"text-editor.default\">\n\t\t\t\t<div class=\"elementor-widget-container\">\n\t\t\t\t\t\t\t\t\t<div class=\"prodinfocont\"><div class=\"proddescript\"><h2 class=\"white\">Ganasce per morsa VersaGrip\u2122<\/h2><p>VersaGrip\u2122, come suggerisce il nome, offre la versatilit\u00e0 di bloccare pezzi standard in morsa, oltre a fornire una soluzione per applicazioni difficili che normalmente richiederebbero attrezzature o la lavorazione di ganasce morbide. Semplicemente sostituendo le ganasce attuali con il sistema VersaGrip\u2122 \u00e8 possibile tenere saldamente pezzi di forma irregolare durante la lavorazione a velocit\u00e0 e avanzamenti che non avresti mai creduto possibili. <\/p><\/div><\/div><div class=\"fullwidthdrawing\"><table class=\"tableshiftdown\" border=\"0\" width=\"982\" cellspacing=\"2\" cellpadding=\"1\"><tbody><tr><td align=\"center\" valign=\"middle\" width=\"245\"><img decoding=\"async\" src=\"https:\/\/www.miteebite.com\/wp-content\/uploads\/2014\/02\/versa_grip1.jpg\" alt=\"\" width=\"220\" height=\"192\"><\/td><td align=\"center\" valign=\"middle\" width=\"245\"><img decoding=\"async\" src=\"https:\/\/www.miteebite.com\/wp-content\/uploads\/2014\/02\/versa_grip2.jpg\" alt=\"\" width=\"220\" height=\"192\"><\/td><td align=\"center\" valign=\"middle\" width=\"245\"><img decoding=\"async\" src=\"https:\/\/www.miteebite.com\/wp-content\/uploads\/2014\/02\/versa_grip3.jpg\" alt=\"\" width=\"220\" height=\"192\"><\/td><td align=\"center\" valign=\"middle\" width=\"245\"><img loading=\"lazy\" decoding=\"async\" src=\"https:\/\/www.miteebite.com\/wp-content\/uploads\/2014\/02\/versa_grip4.jpg\" alt=\"\" width=\"220\" height=\"192\"><\/td><\/tr><tr><td align=\"center\" valign=\"middle\"><strong>Grandi dimensioni<\/strong><\/td><td align=\"center\" valign=\"middle\"><strong>Parti di forma irregolare<\/strong><\/td><td align=\"center\" valign=\"middle\"><strong>Parti multiple<\/strong><\/td><td align=\"center\" valign=\"middle\"><strong>Applicazione su torretta portautensili<\/strong><\/td><\/tr><\/tbody><\/table><\/div><div class=\"fullwidthdrawing\"><table class=\"tableshiftdown\" border=\"0\" width=\"982\" cellspacing=\"0\" cellpadding=\"0\"><tbody><tr><td align=\"left\" valign=\"top\" width=\"286\">Questo sistema pu\u00f2 ospitare un&#8217;ampia gamma di dimensioni di pezzi, oltre a tenere pi\u00f9 pezzi in un singolo ciclo. Il VersaGrip\u2122 temprato (55-58 HRC) ha denti penetranti progettati per mordere il pezzo in lavorazione, impedendo il movimento laterale e orizzontale. Queste ganasce terranno pezzi tagliati a fiamma, fusioni e persino pezzi con una spoglia negativa!  <\/td><td align=\"center\" valign=\"top\" width=\"696\"><h3 class=\"white\"><a href=\"https:\/\/www.miteebite.com\/wp-content\/uploads\/2014\/02\/versa_grip1.png\" rel=\"lightbox[967]\"><img loading=\"lazy\" decoding=\"async\" class=\"alignnone wp-image-1474\" src=\"https:\/\/www.miteebite.com\/wp-content\/uploads\/2025\/05\/VERSAGRIP_chart-drawing-gripA.png\" alt=\"versa_grip2\" width=\"159\" height=\"174\"><img loading=\"lazy\" decoding=\"async\" class=\"alignnone wp-image-1473\" src=\"https:\/\/www.miteebite.com\/wp-content\/uploads\/2025\/05\/VERSAGRIP_chart-drawing-jaws.png\" alt=\"versa_grip1\" width=\"423\" height=\"383\"><\/a><\/h3><\/td><\/tr><\/tbody><\/table><\/div><h2 class=\"white\">SET DI GANASCE PER MORSA IN ACCIAIO<\/h2><p>Tutte le ganasce filettate M5<\/p><p><strong>Il set include 2 ganasce, 4 VersaGrip\u2122 (32175) con viti M5<\/strong><\/p><table class=\"smalltable\" border=\"0\" cellspacing=\"2\" cellpadding=\"1\"><tbody><tr class=\"tbbordbot\"><th align=\"center\">Codice articolo<\/th><th align=\"center\"> <\/th><th align=\"left\">Morsa (metrica)<\/th><th align=\"center\">A (metrica)<\/th><th align=\"center\">B (metrica)<\/th><th align=\"center\">C (metrica)<\/th><th align=\"center\">D (metrica)<\/th><th align=\"center\">E (metrica)<\/th><\/tr><tr><td colspan=\"8\">CON FORI DI MONTAGGIO<\/td><\/tr><tr><td align=\"center\">32166<\/td><td align=\"center\"><a href=\"https:\/\/miteebite.com\/MB%20CAD%20FILES\/Versagrip\/32166.STEP\" target=\"_blank\" rel=\"noopener\">CAD<\/a><\/td><td align=\"left\">4\u201d\/6\u201d (100 mm\/150 mm)<\/td><td align=\"center\">6.00 (150)<\/td><td align=\"center\">1.88 (47.75)<\/td><td align=\"center\">1.0 (25.4)<\/td><td align=\"center\">2.5\/3.88 (63.5\/98.55)<\/td><td align=\"center\">.688\/.94 (17.47\/23.87)<\/td><\/tr><tr><td align=\"center\">32168<\/td><td align=\"center\"><a href=\"https:\/\/miteebite.com\/MB%20CAD%20FILES\/Versagrip\/32168.STEP\" target=\"_blank\" rel=\"noopener\">CAD<\/a><\/td><td align=\"left\">6\u201d (150 mm)<\/td><td align=\"center\">8.00 (200)<\/td><td align=\"center\">1.88 (47.75)<\/td><td align=\"center\">1.0 (25.4)<\/td><td align=\"center\">3.88 (98.55)<\/td><td align=\"center\">.94 (23.87)<\/td><\/tr><tr><td colspan=\"8\">SENZA FORI DI MONTAGGIO<\/td><\/tr><tr><td align=\"center\">33166<\/td><td align=\"center\"><a href=\"https:\/\/miteebite.com\/MB%20CAD%20FILES\/Versagrip\/33166.STEP\" target=\"_blank\" rel=\"noopener\">CAD<\/a><\/td><td align=\"left\">\u2013<\/td><td align=\"center\">6.00 (150)<\/td><td align=\"center\">1.88 (47.75)<\/td><td align=\"center\">1.0 (25.4)<\/td><td> <\/td><td> <\/td><\/tr><tr><td align=\"center\">33168<\/td><td align=\"center\"><a href=\"https:\/\/miteebite.com\/MB%20CAD%20FILES\/Versagrip\/33168.STEP\" target=\"_blank\" rel=\"noopener\">CAD<\/a><\/td><td align=\"left\">\u2013<\/td><td align=\"center\">8.00 (200)<\/td><td align=\"center\">1.88 (47.75)<\/td><td align=\"center\">1.0 (25.4)<\/td><td> <\/td><td> <\/td><\/tr><\/tbody><\/table><table border=\"0\" width=\"507\" cellspacing=\"1\" cellpadding=\"1\"><tbody><tr><td align=\"left\" valign=\"top\" width=\"501\"><h3 class=\"grey\">VersaGrips\u2122<\/h3><\/td><\/tr><tr><td align=\"left\" valign=\"top\"><table class=\"smalltable\"><tbody><tr class=\"tbbordbot\"><th> <\/th><th>Codice articolo<\/th><th> <\/th><th>A<\/th><th>B<\/th><th>C<\/th><th>Altezza di presa<br>raccomandata<\/th><th>N. di ganasce<br>per confezione <\/th><\/tr><tr><td>Pollici<br>Metrico<\/td><td>33175<br>32175<\/td><td><a href=\"https:\/\/miteebite.com\/MB%20CAD%20FILES\/Versagrip\/33175.STEP\" target=\"_blank\" rel=\"noopener\">CAD<\/a><br><a href=\"https:\/\/miteebite.com\/MB%20CAD%20FILES\/Versagrip\/32175.STEP\" target=\"_blank\" rel=\"noopener\">CAD<\/a><\/td><td align=\"CENTER\" valign=\"BOTTOM\">.750<br>19.05<\/td><td align=\"CENTER\" valign=\"BOTTOM\">.375<br>9.52<\/td><td align=\"CENTER\" valign=\"BOTTOM\">10-32<br>M5<\/td><td align=\"CENTER\" valign=\"BOTTOM\">.060-.140<br>1.5mm-3.5mm<\/td><td align=\"CENTER\" valign=\"BOTTOM\">2<br>2<\/td><\/tr><\/tbody><\/table><\/td><\/tr><\/tbody><\/table><p>Ganasce in pollici (33175) per l&#8217;uso in attrezzature. Le ganasce metriche (32175) si adattano a tutti i set di ganasce Mitee-Bite VersaGrip\u2122. <\/p><div class=\"fullwidthdrawing\"><p><a href=\"https:\/\/www.miteebite.com\/wp-content\/uploads\/2014\/02\/ATT40439.jpg\" rel=\"lightbox[967]\"><img loading=\"lazy\" decoding=\"async\" class=\"alignnone size-medium wp-image-2492\" src=\"https:\/\/www.miteebite.com\/wp-content\/uploads\/2014\/02\/ATT40439-280x300.jpg\" sizes=\"auto, (max-width: 280px) 100vw, 280px\" srcset=\"https:\/\/www.miteebite.com\/wp-content\/uploads\/2014\/02\/ATT40439-280x300.jpg 280w, https:\/\/www.miteebite.com\/wp-content\/uploads\/2014\/02\/ATT40439.jpg 481w\" alt=\"ATT40439\" width=\"280\" height=\"300\"><\/a><\/p><h3 class=\"grey\">Kit combinati Talongrip\u2122 e Versagrip\u2122<\/h3><table class=\"smalltable\" width=\"35%\"><tbody><tr class=\"tbbordbot\"><th align=\"left\">33006<\/th><th align=\"left\">Kit combinato Talongrip\u2122 e Versagrip\u2122 da 6\u201d<\/th><\/tr><tr><td colspan=\"2\"><strong>Contenuto del kit<\/strong><\/td><\/tr><tr><td align=\"left\">32066<\/td><td align=\"left\">Set di ganasce per morsa Talongrip\u2122 da 6\u2033<\/td><\/tr><tr><td align=\"left\">32166<\/td><td align=\"left\">Set di ganasce per morsa Versagrip\u2122 da 6\u2033<\/td><\/tr><\/tbody><\/table><table class=\"smalltable\" width=\"35%\"><tbody><tr class=\"tbbordbot\"><th align=\"left\">33008<\/th><th align=\"left\">Kit combinato Talongrip\u2122 e Versagrip\u2122 da 8\u2033<\/th><\/tr><tr><td colspan=\"2\"><strong>Contenuto del kit<\/strong><\/td><\/tr><tr><td align=\"left\">32068<\/td><td align=\"left\">Set di ganasce per morsa Talongrip\u2122 da 8\u2033<\/td><\/tr><tr><td align=\"left\">32168<\/td><td align=\"left\">Set di ganasce per morsa Versagrip\u2122 da 8\u2033<\/td><\/tr><\/tbody><\/table><div> <\/div><p>NOTA: tutte le ganasce per #33006 sono progettate per adattarsi a una morsa da 4\u2033 o 6\u2033.<br>NOTA: tutte le ganasce per #33008 sono progettate per adattarsi a una morsa da 6\u2033.<\/p><\/div>\t\t\t\t\t\t\t\t<\/div>\n\t\t\t\t<\/div>\n\t\t\t\t\t<\/div>\n\t\t<\/div>\n\t\t\t\t\t<\/div>\n\t\t<\/section>\n\t\t\t\t<\/div>\n\t\t","protected":false},"excerpt":{"rendered":"<p>VersaGrip \u2122, come suggerisce il nome, offre la versatilit\u00e0 di serrare il pezzo in una morsa standard, oltre a fornire una soluzione per applicazioni difficili che normalmente richiederebbero la fissazione o la lavorazione delle ganasce morbide. Semplicemente sostituendo le ganasce esistenti con il sistema VersaGrip \u2122, \u00e8 possibile tenere saldamente i pezzi sagomati, lavorando il pi\u00f9 velocemente possibile. <\/p>\n","protected":false},"featured_media":33965,"template":"","meta":{"_acf_changed":false},"product_brand":[],"product_cat":[488],"product_tag":[489],"class_list":{"0":"post-33961","1":"product","2":"type-product","3":"status-publish","4":"has-post-thumbnail","6":"product_cat-morsetti-a-serraggio-laterale","7":"product_tag-morsetti-laterali","9":"first","10":"instock","11":"sale","12":"taxable","13":"shipping-taxable","14":"purchasable","15":"product-type-simple"},"acf":[],"yoast_head":"<!-- This site is optimized with the Yoast SEO plugin v20.2.1 - https:\/\/yoast.com\/wordpress\/plugins\/seo\/ -->\n<title>Ganasce Versa Grip - Tecus Teknoloji<\/title>\n<meta name=\"robots\" content=\"index, follow, max-snippet:-1, max-image-preview:large, max-video-preview:-1\" \/>\n<link rel=\"canonical\" href=\"https:\/\/tecus.com.tr\/it\/prodotto\/sistema-di-ganasce-per-morse-versa-grip\/\" \/>\n<meta property=\"og:locale\" content=\"it_IT\" \/>\n<meta property=\"og:type\" content=\"article\" \/>\n<meta property=\"og:title\" content=\"Ganasce Versa Grip - Tecus Teknoloji\" \/>\n<meta property=\"og:description\" content=\"VersaGrip \u2122, come suggerisce il nome, offre la versatilit\u00e0 di serrare il pezzo in una morsa standard, oltre a fornire una soluzione per applicazioni difficili che normalmente richiederebbero la fissazione o la lavorazione delle ganasce morbide. Semplicemente sostituendo le ganasce esistenti con il sistema VersaGrip \u2122, \u00e8 possibile tenere saldamente i pezzi sagomati, lavorando il pi\u00f9 velocemente possibile.\" \/>\n<meta property=\"og:url\" content=\"https:\/\/tecus.com.tr\/it\/prodotto\/sistema-di-ganasce-per-morse-versa-grip\/\" \/>\n<meta property=\"og:site_name\" content=\"Tecus Teknoloji\" \/>\n<meta property=\"article:modified_time\" content=\"2025-12-03T12:17:56+00:00\" \/>\n<meta property=\"og:image\" content=\"https:\/\/tecus.com.tr\/wp-content\/uploads\/2018\/04\/VersaGrip.png\" \/>\n\t<meta property=\"og:image:width\" content=\"1000\" \/>\n\t<meta property=\"og:image:height\" content=\"1000\" \/>\n\t<meta property=\"og:image:type\" content=\"image\/png\" \/>\n<meta name=\"twitter:card\" content=\"summary_large_image\" \/>\n<meta name=\"twitter:label1\" content=\"Tempo di lettura stimato\" \/>\n\t<meta name=\"twitter:data1\" content=\"1 minuto\" \/>\n<script type=\"application\/ld+json\" class=\"yoast-schema-graph\">{\"@context\":\"https:\/\/schema.org\",\"@graph\":[{\"@type\":\"WebPage\",\"@id\":\"https:\/\/tecus.com.tr\/it\/prodotto\/sistema-di-ganasce-per-morse-versa-grip\/\",\"url\":\"https:\/\/tecus.com.tr\/it\/prodotto\/sistema-di-ganasce-per-morse-versa-grip\/\",\"name\":\"Ganasce Versa Grip - Tecus Teknoloji\",\"isPartOf\":{\"@id\":\"https:\/\/tecus.com.tr\/it\/#website\"},\"datePublished\":\"2018-04-15T11:16:13+00:00\",\"dateModified\":\"2025-12-03T12:17:56+00:00\",\"breadcrumb\":{\"@id\":\"https:\/\/tecus.com.tr\/it\/prodotto\/sistema-di-ganasce-per-morse-versa-grip\/#breadcrumb\"},\"inLanguage\":\"it-IT\",\"potentialAction\":[{\"@type\":\"ReadAction\",\"target\":[\"https:\/\/tecus.com.tr\/it\/prodotto\/sistema-di-ganasce-per-morse-versa-grip\/\"]}]},{\"@type\":\"BreadcrumbList\",\"@id\":\"https:\/\/tecus.com.tr\/it\/prodotto\/sistema-di-ganasce-per-morse-versa-grip\/#breadcrumb\",\"itemListElement\":[{\"@type\":\"ListItem\",\"position\":1,\"name\":\"Ana sayfa\",\"item\":\"https:\/\/tecus.com.tr\/it\/\"},{\"@type\":\"ListItem\",\"position\":2,\"name\":\"Ma\u011faza\",\"item\":\"https:\/\/tecus.com.tr\/magaza\/\"},{\"@type\":\"ListItem\",\"position\":3,\"name\":\"Ganasce Versa Grip\"}]},{\"@type\":\"WebSite\",\"@id\":\"https:\/\/tecus.com.tr\/it\/#website\",\"url\":\"https:\/\/tecus.com.tr\/it\/\",\"name\":\"Tecus Teknoloji\",\"description\":\"CNC par\u00e7a ba\u011flama \u00e7\u00f6z\u00fcmleri\",\"publisher\":{\"@id\":\"https:\/\/tecus.com.tr\/it\/#organization\"},\"potentialAction\":[{\"@type\":\"SearchAction\",\"target\":{\"@type\":\"EntryPoint\",\"urlTemplate\":\"https:\/\/tecus.com.tr\/it\/?s={search_term_string}\"},\"query-input\":\"required name=search_term_string\"}],\"inLanguage\":\"it-IT\"},{\"@type\":\"Organization\",\"@id\":\"https:\/\/tecus.com.tr\/it\/#organization\",\"name\":\"Tecus Teknoloji\",\"url\":\"https:\/\/tecus.com.tr\/it\/\",\"logo\":{\"@type\":\"ImageObject\",\"inLanguage\":\"it-IT\",\"@id\":\"https:\/\/tecus.com.tr\/it\/#\/schema\/logo\/image\/\",\"url\":\"https:\/\/tecus.com.tr\/wp-content\/uploads\/2018\/04\/tecus-logo-beyaz-2-e1528750997765.png\",\"contentUrl\":\"https:\/\/tecus.com.tr\/wp-content\/uploads\/2018\/04\/tecus-logo-beyaz-2-e1528750997765.png\",\"width\":250,\"height\":53,\"caption\":\"Tecus Teknoloji\"},\"image\":{\"@id\":\"https:\/\/tecus.com.tr\/it\/#\/schema\/logo\/image\/\"}}]}<\/script>\n<!-- \/ Yoast SEO plugin. -->","yoast_head_json":{"title":"Ganasce Versa Grip - Tecus Teknoloji","robots":{"index":"index","follow":"follow","max-snippet":"max-snippet:-1","max-image-preview":"max-image-preview:large","max-video-preview":"max-video-preview:-1"},"canonical":"https:\/\/tecus.com.tr\/it\/prodotto\/sistema-di-ganasce-per-morse-versa-grip\/","og_locale":"it_IT","og_type":"article","og_title":"Ganasce Versa Grip - Tecus Teknoloji","og_description":"VersaGrip \u2122, come suggerisce il nome, offre la versatilit\u00e0 di serrare il pezzo in una morsa standard, oltre a fornire una soluzione per applicazioni difficili che normalmente richiederebbero la fissazione o la lavorazione delle ganasce morbide. Semplicemente sostituendo le ganasce esistenti con il sistema VersaGrip \u2122, \u00e8 possibile tenere saldamente i pezzi sagomati, lavorando il pi\u00f9 velocemente possibile.","og_url":"https:\/\/tecus.com.tr\/it\/prodotto\/sistema-di-ganasce-per-morse-versa-grip\/","og_site_name":"Tecus Teknoloji","article_modified_time":"2025-12-03T12:17:56+00:00","og_image":[{"width":1000,"height":1000,"url":"https:\/\/tecus.com.tr\/wp-content\/uploads\/2018\/04\/VersaGrip.png","type":"image\/png"}],"twitter_card":"summary_large_image","twitter_misc":{"Tempo di lettura stimato":"1 minuto"},"schema":{"@context":"https:\/\/schema.org","@graph":[{"@type":"WebPage","@id":"https:\/\/tecus.com.tr\/it\/prodotto\/sistema-di-ganasce-per-morse-versa-grip\/","url":"https:\/\/tecus.com.tr\/it\/prodotto\/sistema-di-ganasce-per-morse-versa-grip\/","name":"Ganasce Versa Grip - Tecus Teknoloji","isPartOf":{"@id":"https:\/\/tecus.com.tr\/it\/#website"},"datePublished":"2018-04-15T11:16:13+00:00","dateModified":"2025-12-03T12:17:56+00:00","breadcrumb":{"@id":"https:\/\/tecus.com.tr\/it\/prodotto\/sistema-di-ganasce-per-morse-versa-grip\/#breadcrumb"},"inLanguage":"it-IT","potentialAction":[{"@type":"ReadAction","target":["https:\/\/tecus.com.tr\/it\/prodotto\/sistema-di-ganasce-per-morse-versa-grip\/"]}]},{"@type":"BreadcrumbList","@id":"https:\/\/tecus.com.tr\/it\/prodotto\/sistema-di-ganasce-per-morse-versa-grip\/#breadcrumb","itemListElement":[{"@type":"ListItem","position":1,"name":"Ana sayfa","item":"https:\/\/tecus.com.tr\/it\/"},{"@type":"ListItem","position":2,"name":"Ma\u011faza","item":"https:\/\/tecus.com.tr\/magaza\/"},{"@type":"ListItem","position":3,"name":"Ganasce Versa Grip"}]},{"@type":"WebSite","@id":"https:\/\/tecus.com.tr\/it\/#website","url":"https:\/\/tecus.com.tr\/it\/","name":"Tecus Teknoloji","description":"CNC par\u00e7a ba\u011flama \u00e7\u00f6z\u00fcmleri","publisher":{"@id":"https:\/\/tecus.com.tr\/it\/#organization"},"potentialAction":[{"@type":"SearchAction","target":{"@type":"EntryPoint","urlTemplate":"https:\/\/tecus.com.tr\/it\/?s={search_term_string}"},"query-input":"required name=search_term_string"}],"inLanguage":"it-IT"},{"@type":"Organization","@id":"https:\/\/tecus.com.tr\/it\/#organization","name":"Tecus Teknoloji","url":"https:\/\/tecus.com.tr\/it\/","logo":{"@type":"ImageObject","inLanguage":"it-IT","@id":"https:\/\/tecus.com.tr\/it\/#\/schema\/logo\/image\/","url":"https:\/\/tecus.com.tr\/wp-content\/uploads\/2018\/04\/tecus-logo-beyaz-2-e1528750997765.png","contentUrl":"https:\/\/tecus.com.tr\/wp-content\/uploads\/2018\/04\/tecus-logo-beyaz-2-e1528750997765.png","width":250,"height":53,"caption":"Tecus Teknoloji"},"image":{"@id":"https:\/\/tecus.com.tr\/it\/#\/schema\/logo\/image\/"}}]}},"_links":{"self":[{"href":"https:\/\/tecus.com.tr\/it\/wp-json\/wp\/v2\/product\/33961","targetHints":{"allow":["GET"]}}],"collection":[{"href":"https:\/\/tecus.com.tr\/it\/wp-json\/wp\/v2\/product"}],"about":[{"href":"https:\/\/tecus.com.tr\/it\/wp-json\/wp\/v2\/types\/product"}],"version-history":[{"count":8,"href":"https:\/\/tecus.com.tr\/it\/wp-json\/wp\/v2\/product\/33961\/revisions"}],"predecessor-version":[{"id":48957,"href":"https:\/\/tecus.com.tr\/it\/wp-json\/wp\/v2\/product\/33961\/revisions\/48957"}],"wp:featuredmedia":[{"embeddable":true,"href":"https:\/\/tecus.com.tr\/it\/wp-json\/wp\/v2\/media\/33965"}],"wp:attachment":[{"href":"https:\/\/tecus.com.tr\/it\/wp-json\/wp\/v2\/media?parent=33961"}],"wp:term":[{"taxonomy":"product_brand","embeddable":true,"href":"https:\/\/tecus.com.tr\/it\/wp-json\/wp\/v2\/product_brand?post=33961"},{"taxonomy":"product_cat","embeddable":true,"href":"https:\/\/tecus.com.tr\/it\/wp-json\/wp\/v2\/product_cat?post=33961"},{"taxonomy":"product_tag","embeddable":true,"href":"https:\/\/tecus.com.tr\/it\/wp-json\/wp\/v2\/product_tag?post=33961"}],"curies":[{"name":"wp","href":"https:\/\/api.w.org\/{rel}","templated":true}]}}