{"id":33940,"date":"2018-07-07T12:47:35","date_gmt":"2018-07-07T12:47:35","guid":{"rendered":"https:\/\/tecus.com.tr\/urun\/clampler-a-bordo-affilato\/"},"modified":"2025-10-27T19:54:53","modified_gmt":"2025-10-27T19:54:53","slug":"clampler-a-bordo-affilato","status":"publish","type":"product","link":"https:\/\/tecus.com.tr\/it\/prodotto\/clampler-a-bordo-affilato\/","title":{"rendered":"Clampler a bordo affilato"},"content":{"rendered":"\t\t<div data-elementor-type=\"wp-post\" data-elementor-id=\"33940\" class=\"elementor elementor-33940 elementor-9244\" data-elementor-post-type=\"product\">\n\t\t\t\t\t\t<section class=\"elementor-section elementor-top-section elementor-element elementor-element-33d59a77 elementor-section-boxed elementor-section-height-default elementor-section-height-default\" data-id=\"33d59a77\" data-element_type=\"section\">\n\t\t\t\t\t\t<div class=\"elementor-container elementor-column-gap-default\">\n\t\t\t\t\t<div class=\"elementor-column elementor-col-100 elementor-top-column elementor-element elementor-element-6852ae29\" data-id=\"6852ae29\" data-element_type=\"column\">\n\t\t\t<div class=\"elementor-widget-wrap elementor-element-populated\">\n\t\t\t\t\t\t<div class=\"elementor-element elementor-element-22a4222d elementor-widget elementor-widget-text-editor\" data-id=\"22a4222d\" data-element_type=\"widget\" data-widget_type=\"text-editor.default\">\n\t\t\t\t<div class=\"elementor-widget-container\">\n\t\t\t\t\t\t\t\t\t<p> <\/p><table><tbody><tr><th>N. parte<\/th><th> <\/th><th>A<\/th><th>B<\/th><th>C<\/th><th>D<\/th><th>E<\/th><th>F<\/th><th>G,<\/th><th>Coppia<br>(Nm)<\/th><th>Forza di<br>tenuta (n)<\/th><th>N.<br>di morsetti per confezione<\/th><th>Viti a camma di ricambio<\/th><th>Rondelle di ricambio<\/th><\/tr><tr><td>82584<\/td><td><a>CAD<\/a><\/td><td align=\"RIGHT\">M10<\/td><td align=\"RIGHT\">7M<\/td><td align=\"RIGHT\">1.27<\/td><td align=\"RIGHT\">20.60<\/td><td align=\"RIGHT\">6.35<\/td><td align=\"RIGHT\">19.0<\/td><td align=\"RIGHT\">10.15<\/td><td align=\"RIGHT\">28.00<\/td><td align=\"RIGHT\">8900<\/td><td align=\"CENTER\">8<\/td><td align=\"CENTER\">50369<\/td><td align=\"CENTER\">12584<\/td><\/tr><tr><td>82588<\/td><td><a>CAD<\/a><\/td><td align=\"RIGHT\">M12<\/td><td align=\"RIGHT\">8M<\/td><td align=\"RIGHT\">2.03<\/td><td align=\"RIGHT\">25.40<\/td><td align=\"RIGHT\">9,52<\/td><td align=\"RIGHT\">22.8<\/td><td align=\"RIGHT\">12.70<\/td><td align=\"RIGHT\">88.00<\/td><td align=\"RIGHT\">17800<\/td><td align=\"CENTER\">8<\/td><td align=\"CENTER\">50371<\/td><td align=\"CENTER\">12588B<\/td><\/tr><tr><td>82592<\/td><td><a>CAD<\/a><\/td><td align=\"RIGHT\">M16<\/td><td align=\"RIGHT\">12M<\/td><td align=\"RIGHT\">2,54<\/td><td align=\"RIGHT\">30.15<\/td><td align=\"RIGHT\">12.70<\/td><td align=\"RIGHT\">28.5<\/td><td align=\"RIGHT\">15.00<\/td><td align=\"RIGHT\">135,00<\/td><td align=\"RIGHT\">26700<\/td><td align=\"CENTER\">4<\/td><td align=\"CENTER\">50373<\/td><td align=\"CENTER\">12592<\/td><\/tr><\/tbody><\/table><h2> <\/h2>\t\t\t\t\t\t\t\t<\/div>\n\t\t\t\t<\/div>\n\t\t\t\t\t<\/div>\n\t\t<\/div>\n\t\t\t\t\t<\/div>\n\t\t<\/section>\n\t\t\t\t<\/div>\n\t\t","protected":false},"excerpt":{"rendered":"<p>I nostri <strong>Clamper a bordo tagliente<\/strong> possono essere utilizzati al posto dei clamper esagonali in ottone originali per il bloccaggio di qualsiasi materiale, lavorazione grezza e fusioni che richiedono un elemento di bloccaggio temprato. Hanno le stesse dimensioni \u201cG\u201d dei Clamper per attrezzaggio originali. Il clamper \u00e8 realizzato in acciaio 12L14 nichelato.  <\/p>\n","protected":false},"featured_media":36332,"template":"","meta":{"_acf_changed":false},"product_brand":[],"product_cat":[488],"product_tag":[489],"class_list":{"0":"post-33940","1":"product","2":"type-product","3":"status-publish","4":"has-post-thumbnail","6":"product_cat-morsetti-a-serraggio-laterale","7":"product_tag-morsetti-laterali","9":"first","10":"instock","11":"taxable","12":"shipping-taxable","13":"product-type-simple"},"acf":[],"yoast_head":"<!-- This site is optimized with the Yoast SEO plugin v20.2.1 - https:\/\/yoast.com\/wordpress\/plugins\/seo\/ -->\n<title>Clampler a bordo affilato - Tecus Teknoloji<\/title>\n<meta name=\"robots\" content=\"index, follow, max-snippet:-1, max-image-preview:large, max-video-preview:-1\" \/>\n<link rel=\"canonical\" href=\"https:\/\/tecus.com.tr\/it\/prodotto\/clampler-a-bordo-affilato\/\" \/>\n<meta property=\"og:locale\" content=\"it_IT\" \/>\n<meta property=\"og:type\" content=\"article\" \/>\n<meta property=\"og:title\" content=\"Clampler a bordo affilato - Tecus Teknoloji\" \/>\n<meta property=\"og:description\" content=\"I nostri Clamper a bordo tagliente possono essere utilizzati al posto dei clamper esagonali in ottone originali per il bloccaggio di qualsiasi materiale, lavorazione grezza e fusioni che richiedono un elemento di bloccaggio temprato. Hanno le stesse dimensioni \u201cG\u201d dei Clamper per attrezzaggio originali. Il clamper \u00e8 realizzato in acciaio 12L14 nichelato.\" \/>\n<meta property=\"og:url\" content=\"https:\/\/tecus.com.tr\/it\/prodotto\/clampler-a-bordo-affilato\/\" \/>\n<meta property=\"og:site_name\" content=\"Tecus Teknoloji\" \/>\n<meta property=\"article:modified_time\" content=\"2025-10-27T19:54:53+00:00\" \/>\n<meta property=\"og:image\" content=\"https:\/\/tecus.com.tr\/wp-content\/uploads\/2018\/07\/knife_edge_header.png\" \/>\n\t<meta property=\"og:image:width\" content=\"1024\" \/>\n\t<meta property=\"og:image:height\" content=\"1024\" \/>\n\t<meta property=\"og:image:type\" content=\"image\/png\" \/>\n<meta name=\"twitter:card\" content=\"summary_large_image\" \/>\n<script type=\"application\/ld+json\" class=\"yoast-schema-graph\">{\"@context\":\"https:\/\/schema.org\",\"@graph\":[{\"@type\":\"WebPage\",\"@id\":\"https:\/\/tecus.com.tr\/it\/prodotto\/clampler-a-bordo-affilato\/\",\"url\":\"https:\/\/tecus.com.tr\/it\/prodotto\/clampler-a-bordo-affilato\/\",\"name\":\"Clampler a bordo affilato - Tecus Teknoloji\",\"isPartOf\":{\"@id\":\"https:\/\/tecus.com.tr\/it\/#website\"},\"datePublished\":\"2018-07-07T12:47:35+00:00\",\"dateModified\":\"2025-10-27T19:54:53+00:00\",\"breadcrumb\":{\"@id\":\"https:\/\/tecus.com.tr\/it\/prodotto\/clampler-a-bordo-affilato\/#breadcrumb\"},\"inLanguage\":\"it-IT\",\"potentialAction\":[{\"@type\":\"ReadAction\",\"target\":[\"https:\/\/tecus.com.tr\/it\/prodotto\/clampler-a-bordo-affilato\/\"]}]},{\"@type\":\"BreadcrumbList\",\"@id\":\"https:\/\/tecus.com.tr\/it\/prodotto\/clampler-a-bordo-affilato\/#breadcrumb\",\"itemListElement\":[{\"@type\":\"ListItem\",\"position\":1,\"name\":\"Ana sayfa\",\"item\":\"https:\/\/tecus.com.tr\/it\/\"},{\"@type\":\"ListItem\",\"position\":2,\"name\":\"Ma\u011faza\",\"item\":\"https:\/\/tecus.com.tr\/magaza\/\"},{\"@type\":\"ListItem\",\"position\":3,\"name\":\"Clampler a bordo affilato\"}]},{\"@type\":\"WebSite\",\"@id\":\"https:\/\/tecus.com.tr\/it\/#website\",\"url\":\"https:\/\/tecus.com.tr\/it\/\",\"name\":\"Tecus Teknoloji\",\"description\":\"CNC par\u00e7a ba\u011flama \u00e7\u00f6z\u00fcmleri\",\"publisher\":{\"@id\":\"https:\/\/tecus.com.tr\/it\/#organization\"},\"potentialAction\":[{\"@type\":\"SearchAction\",\"target\":{\"@type\":\"EntryPoint\",\"urlTemplate\":\"https:\/\/tecus.com.tr\/it\/?s={search_term_string}\"},\"query-input\":\"required name=search_term_string\"}],\"inLanguage\":\"it-IT\"},{\"@type\":\"Organization\",\"@id\":\"https:\/\/tecus.com.tr\/it\/#organization\",\"name\":\"Tecus Teknoloji\",\"url\":\"https:\/\/tecus.com.tr\/it\/\",\"logo\":{\"@type\":\"ImageObject\",\"inLanguage\":\"it-IT\",\"@id\":\"https:\/\/tecus.com.tr\/it\/#\/schema\/logo\/image\/\",\"url\":\"https:\/\/tecus.com.tr\/wp-content\/uploads\/2018\/04\/tecus-logo-beyaz-2-e1528750997765.png\",\"contentUrl\":\"https:\/\/tecus.com.tr\/wp-content\/uploads\/2018\/04\/tecus-logo-beyaz-2-e1528750997765.png\",\"width\":250,\"height\":53,\"caption\":\"Tecus Teknoloji\"},\"image\":{\"@id\":\"https:\/\/tecus.com.tr\/it\/#\/schema\/logo\/image\/\"}}]}<\/script>\n<!-- \/ Yoast SEO plugin. -->","yoast_head_json":{"title":"Clampler a bordo affilato - Tecus Teknoloji","robots":{"index":"index","follow":"follow","max-snippet":"max-snippet:-1","max-image-preview":"max-image-preview:large","max-video-preview":"max-video-preview:-1"},"canonical":"https:\/\/tecus.com.tr\/it\/prodotto\/clampler-a-bordo-affilato\/","og_locale":"it_IT","og_type":"article","og_title":"Clampler a bordo affilato - Tecus Teknoloji","og_description":"I nostri Clamper a bordo tagliente possono essere utilizzati al posto dei clamper esagonali in ottone originali per il bloccaggio di qualsiasi materiale, lavorazione grezza e fusioni che richiedono un elemento di bloccaggio temprato. Hanno le stesse dimensioni \u201cG\u201d dei Clamper per attrezzaggio originali. Il clamper \u00e8 realizzato in acciaio 12L14 nichelato.","og_url":"https:\/\/tecus.com.tr\/it\/prodotto\/clampler-a-bordo-affilato\/","og_site_name":"Tecus Teknoloji","article_modified_time":"2025-10-27T19:54:53+00:00","og_image":[{"width":1024,"height":1024,"url":"https:\/\/tecus.com.tr\/wp-content\/uploads\/2018\/07\/knife_edge_header.png","type":"image\/png"}],"twitter_card":"summary_large_image","schema":{"@context":"https:\/\/schema.org","@graph":[{"@type":"WebPage","@id":"https:\/\/tecus.com.tr\/it\/prodotto\/clampler-a-bordo-affilato\/","url":"https:\/\/tecus.com.tr\/it\/prodotto\/clampler-a-bordo-affilato\/","name":"Clampler a bordo affilato - Tecus Teknoloji","isPartOf":{"@id":"https:\/\/tecus.com.tr\/it\/#website"},"datePublished":"2018-07-07T12:47:35+00:00","dateModified":"2025-10-27T19:54:53+00:00","breadcrumb":{"@id":"https:\/\/tecus.com.tr\/it\/prodotto\/clampler-a-bordo-affilato\/#breadcrumb"},"inLanguage":"it-IT","potentialAction":[{"@type":"ReadAction","target":["https:\/\/tecus.com.tr\/it\/prodotto\/clampler-a-bordo-affilato\/"]}]},{"@type":"BreadcrumbList","@id":"https:\/\/tecus.com.tr\/it\/prodotto\/clampler-a-bordo-affilato\/#breadcrumb","itemListElement":[{"@type":"ListItem","position":1,"name":"Ana sayfa","item":"https:\/\/tecus.com.tr\/it\/"},{"@type":"ListItem","position":2,"name":"Ma\u011faza","item":"https:\/\/tecus.com.tr\/magaza\/"},{"@type":"ListItem","position":3,"name":"Clampler a bordo affilato"}]},{"@type":"WebSite","@id":"https:\/\/tecus.com.tr\/it\/#website","url":"https:\/\/tecus.com.tr\/it\/","name":"Tecus Teknoloji","description":"CNC par\u00e7a ba\u011flama \u00e7\u00f6z\u00fcmleri","publisher":{"@id":"https:\/\/tecus.com.tr\/it\/#organization"},"potentialAction":[{"@type":"SearchAction","target":{"@type":"EntryPoint","urlTemplate":"https:\/\/tecus.com.tr\/it\/?s={search_term_string}"},"query-input":"required name=search_term_string"}],"inLanguage":"it-IT"},{"@type":"Organization","@id":"https:\/\/tecus.com.tr\/it\/#organization","name":"Tecus Teknoloji","url":"https:\/\/tecus.com.tr\/it\/","logo":{"@type":"ImageObject","inLanguage":"it-IT","@id":"https:\/\/tecus.com.tr\/it\/#\/schema\/logo\/image\/","url":"https:\/\/tecus.com.tr\/wp-content\/uploads\/2018\/04\/tecus-logo-beyaz-2-e1528750997765.png","contentUrl":"https:\/\/tecus.com.tr\/wp-content\/uploads\/2018\/04\/tecus-logo-beyaz-2-e1528750997765.png","width":250,"height":53,"caption":"Tecus Teknoloji"},"image":{"@id":"https:\/\/tecus.com.tr\/it\/#\/schema\/logo\/image\/"}}]}},"_links":{"self":[{"href":"https:\/\/tecus.com.tr\/it\/wp-json\/wp\/v2\/product\/33940","targetHints":{"allow":["GET"]}}],"collection":[{"href":"https:\/\/tecus.com.tr\/it\/wp-json\/wp\/v2\/product"}],"about":[{"href":"https:\/\/tecus.com.tr\/it\/wp-json\/wp\/v2\/types\/product"}],"version-history":[{"count":4,"href":"https:\/\/tecus.com.tr\/it\/wp-json\/wp\/v2\/product\/33940\/revisions"}],"predecessor-version":[{"id":47784,"href":"https:\/\/tecus.com.tr\/it\/wp-json\/wp\/v2\/product\/33940\/revisions\/47784"}],"wp:featuredmedia":[{"embeddable":true,"href":"https:\/\/tecus.com.tr\/it\/wp-json\/wp\/v2\/media\/36332"}],"wp:attachment":[{"href":"https:\/\/tecus.com.tr\/it\/wp-json\/wp\/v2\/media?parent=33940"}],"wp:term":[{"taxonomy":"product_brand","embeddable":true,"href":"https:\/\/tecus.com.tr\/it\/wp-json\/wp\/v2\/product_brand?post=33940"},{"taxonomy":"product_cat","embeddable":true,"href":"https:\/\/tecus.com.tr\/it\/wp-json\/wp\/v2\/product_cat?post=33940"},{"taxonomy":"product_tag","embeddable":true,"href":"https:\/\/tecus.com.tr\/it\/wp-json\/wp\/v2\/product_tag?post=33940"}],"curies":[{"name":"wp","href":"https:\/\/api.w.org\/{rel}","templated":true}]}}