{"id":33669,"date":"2019-04-04T07:32:43","date_gmt":"2019-04-04T07:32:43","guid":{"rendered":"https:\/\/tecus.com.tr\/la-nostra-politica-della-qualita\/"},"modified":"2025-10-26T17:11:57","modified_gmt":"2025-10-26T17:11:57","slug":"la-nostra-politica-della-qualita","status":"publish","type":"page","link":"https:\/\/tecus.com.tr\/it\/la-nostra-politica-della-qualita\/","title":{"rendered":"La nostra politica della qualit\u00e0"},"content":{"rendered":"\t\t<div data-elementor-type=\"wp-post\" data-elementor-id=\"33669\" class=\"elementor elementor-33669 elementor-12456\" data-elementor-post-type=\"page\">\n\t\t\t\t\t\t<section class=\"elementor-section elementor-top-section elementor-element elementor-element-cdcec4f elementor-section-boxed elementor-section-height-default elementor-section-height-default\" data-id=\"cdcec4f\" data-element_type=\"section\">\n\t\t\t\t\t\t<div class=\"elementor-container elementor-column-gap-default\">\n\t\t\t\t\t<div class=\"elementor-column elementor-col-100 elementor-top-column elementor-element elementor-element-825b61a\" data-id=\"825b61a\" data-element_type=\"column\">\n\t\t\t<div class=\"elementor-widget-wrap elementor-element-populated\">\n\t\t\t\t\t\t<div class=\"elementor-element elementor-element-52aa1bc elementor-widget elementor-widget-text-editor\" data-id=\"52aa1bc\" data-element_type=\"widget\" data-widget_type=\"text-editor.default\">\n\t\t\t\t<div class=\"elementor-widget-container\">\n\t\t\t\t\t\t\t\t\t<p><strong>LA NOSTRA POLITICA DELLA QUALIT\u00c0<\/strong><\/p><p><strong> <\/strong>In linea con la vision della nostra azienda e in conformit\u00e0 con lo standard ISO 9001:2015, la nostra politica della qualit\u00e0 \u00e8:<\/p><ul><li>Utilizzare tecnologie avanzate e aggiornate, seguire da vicino gli sviluppi del settore, migliorare costantemente la qualit\u00e0 dei prodotti e realizzare una produzione che superi le aspettative dei clienti<\/li><li>Produrre le soluzioni pi\u00f9 adatte, corrette ed economiche nel modo pi\u00f9 rapido possibile, prevenendo cos\u00ec eventuali non conformit\u00e0 che potrebbero verificarsi in seguito<\/li><li>Essere un&#8217;azienda affidabile che soddisfi le esigenze e le aspettative dei clienti al massimo livello<\/li><li>In linea con la nostra politica, per raggiungere i nostri obiettivi di qualit\u00e0, garantire la continuit\u00e0 della nostra comprensione della qualit\u00e0 ed essere un&#8217;organizzazione esemplare, rispettosa della societ\u00e0 e dell&#8217;ambiente in cui operiamo<\/li><li>In linea con la nostra politica, fornire tutta la formazione necessaria ai nostri dipendenti per raggiungere i nostri obiettivi, fornire un ambiente di lavoro adeguato e supportarlo con la tecnologia, diventando cos\u00ec una famiglia<\/li><li>Aumentare ulteriormente la nostra esperienza e il nostro know-how, contribuendo all&#8217;economia del paese con la qualit\u00e0 del servizio che forniamo<\/li><li>Garantire la soddisfazione del cliente, la soddisfazione dei dipendenti e la qualit\u00e0 del nostro servizio <\/li><li>Garantire la massima comunicazione ed efficienza con un approccio sistemico nei processi e nella gestione.<\/li><li>Rendere il miglioramento continuo sostenibile, basato sul principio dell&#8217;efficienza.<\/li><li>Soddisfare le condizioni applicabili e garantire un meccanismo decisionale efficace coinvolgendo dipendenti e fornitori<\/li><li>Inculcare la leadership a tutti i nostri dipendenti attraverso una gestione aziendale legata alle strategie.<\/li><\/ul><p>A tal fine, come direzione, ci impegniamo a garantire la continuit\u00e0 del sistema di gestione della qualit\u00e0.<\/p>\t\t\t\t\t\t\t\t<\/div>\n\t\t\t\t<\/div>\n\t\t\t\t\t<\/div>\n\t\t<\/div>\n\t\t\t\t\t<\/div>\n\t\t<\/section>\n\t\t\t\t<\/div>\n\t\t","protected":false},"excerpt":{"rendered":"<p>LA NOSTRA POLITICA DELLA QUALIT\u00c0 In linea con la vision della nostra azienda e in conformit\u00e0 con lo standard ISO 9001:2015, la nostra politica della qualit\u00e0 \u00e8: Utilizzare tecnologie avanzate e aggiornate, seguire da vicino gli sviluppi del settore, migliorare costantemente la qualit\u00e0 dei prodotti e realizzare una produzione che superi le aspettative dei clienti &hellip;<\/p>\n<p class=\"read-more\"> <a class=\"\" href=\"https:\/\/tecus.com.tr\/it\/la-nostra-politica-della-qualita\/\"> <span class=\"screen-reader-text\">La nostra politica della qualit\u00e0<\/span> Leggi altro &raquo;<\/a><\/p>\n","protected":false},"author":23,"featured_media":44832,"parent":0,"menu_order":0,"comment_status":"closed","ping_status":"closed","template":"elementor_header_footer","meta":{"_acf_changed":false,"footnotes":""},"class_list":["post-33669","page","type-page","status-publish","has-post-thumbnail","hentry"],"acf":[],"yoast_head":"<!-- This site is optimized with the Yoast SEO plugin v20.2.1 - https:\/\/yoast.com\/wordpress\/plugins\/seo\/ -->\n<title>La nostra politica della qualit\u00e0 - Tecus Teknoloji<\/title>\n<meta name=\"robots\" content=\"index, follow, max-snippet:-1, max-image-preview:large, max-video-preview:-1\" \/>\n<link rel=\"canonical\" href=\"https:\/\/tecus.com.tr\/it\/la-nostra-politica-della-qualita\/\" \/>\n<meta property=\"og:locale\" content=\"it_IT\" \/>\n<meta property=\"og:type\" content=\"article\" \/>\n<meta property=\"og:title\" content=\"La nostra politica della qualit\u00e0 - Tecus Teknoloji\" \/>\n<meta property=\"og:description\" content=\"LA NOSTRA POLITICA DELLA QUALIT\u00c0 In linea con la vision della nostra azienda e in conformit\u00e0 con lo standard ISO 9001:2015, la nostra politica della qualit\u00e0 \u00e8: Utilizzare tecnologie avanzate e aggiornate, seguire da vicino gli sviluppi del settore, migliorare costantemente la qualit\u00e0 dei prodotti e realizzare una produzione che superi le aspettative dei clienti &hellip; La nostra politica della qualit\u00e0 Leggi altro &raquo;\" \/>\n<meta property=\"og:url\" content=\"https:\/\/tecus.com.tr\/it\/la-nostra-politica-della-qualita\/\" \/>\n<meta property=\"og:site_name\" content=\"Tecus Teknoloji\" \/>\n<meta property=\"article:modified_time\" content=\"2025-10-26T17:11:57+00:00\" \/>\n<meta property=\"og:image\" content=\"https:\/\/tecus.com.tr\/wp-content\/uploads\/2025\/10\/kalite-politikamiz.png\" \/>\n\t<meta property=\"og:image:width\" content=\"1024\" \/>\n\t<meta property=\"og:image:height\" content=\"1024\" \/>\n\t<meta property=\"og:image:type\" content=\"image\/png\" \/>\n<meta name=\"twitter:card\" content=\"summary_large_image\" \/>\n<meta name=\"twitter:label1\" content=\"Tempo di lettura stimato\" \/>\n\t<meta name=\"twitter:data1\" content=\"1 minuto\" \/>\n<script type=\"application\/ld+json\" class=\"yoast-schema-graph\">{\"@context\":\"https:\/\/schema.org\",\"@graph\":[{\"@type\":\"WebPage\",\"@id\":\"https:\/\/tecus.com.tr\/it\/la-nostra-politica-della-qualita\/\",\"url\":\"https:\/\/tecus.com.tr\/it\/la-nostra-politica-della-qualita\/\",\"name\":\"La nostra politica della qualit\u00e0 - Tecus Teknoloji\",\"isPartOf\":{\"@id\":\"https:\/\/tecus.com.tr\/it\/#website\"},\"datePublished\":\"2019-04-04T07:32:43+00:00\",\"dateModified\":\"2025-10-26T17:11:57+00:00\",\"breadcrumb\":{\"@id\":\"https:\/\/tecus.com.tr\/it\/la-nostra-politica-della-qualita\/#breadcrumb\"},\"inLanguage\":\"it-IT\",\"potentialAction\":[{\"@type\":\"ReadAction\",\"target\":[\"https:\/\/tecus.com.tr\/it\/la-nostra-politica-della-qualita\/\"]}]},{\"@type\":\"BreadcrumbList\",\"@id\":\"https:\/\/tecus.com.tr\/it\/la-nostra-politica-della-qualita\/#breadcrumb\",\"itemListElement\":[{\"@type\":\"ListItem\",\"position\":1,\"name\":\"Ana sayfa\",\"item\":\"https:\/\/tecus.com.tr\/it\/\"},{\"@type\":\"ListItem\",\"position\":2,\"name\":\"La nostra politica della qualit\u00e0\"}]},{\"@type\":\"WebSite\",\"@id\":\"https:\/\/tecus.com.tr\/it\/#website\",\"url\":\"https:\/\/tecus.com.tr\/it\/\",\"name\":\"Tecus Teknoloji\",\"description\":\"CNC par\u00e7a ba\u011flama \u00e7\u00f6z\u00fcmleri\",\"publisher\":{\"@id\":\"https:\/\/tecus.com.tr\/it\/#organization\"},\"potentialAction\":[{\"@type\":\"SearchAction\",\"target\":{\"@type\":\"EntryPoint\",\"urlTemplate\":\"https:\/\/tecus.com.tr\/it\/?s={search_term_string}\"},\"query-input\":\"required name=search_term_string\"}],\"inLanguage\":\"it-IT\"},{\"@type\":\"Organization\",\"@id\":\"https:\/\/tecus.com.tr\/it\/#organization\",\"name\":\"Tecus Teknoloji\",\"url\":\"https:\/\/tecus.com.tr\/it\/\",\"logo\":{\"@type\":\"ImageObject\",\"inLanguage\":\"it-IT\",\"@id\":\"https:\/\/tecus.com.tr\/it\/#\/schema\/logo\/image\/\",\"url\":\"https:\/\/tecus.com.tr\/wp-content\/uploads\/2018\/04\/tecus-logo-beyaz-2-e1528750997765.png\",\"contentUrl\":\"https:\/\/tecus.com.tr\/wp-content\/uploads\/2018\/04\/tecus-logo-beyaz-2-e1528750997765.png\",\"width\":250,\"height\":53,\"caption\":\"Tecus Teknoloji\"},\"image\":{\"@id\":\"https:\/\/tecus.com.tr\/it\/#\/schema\/logo\/image\/\"}}]}<\/script>\n<!-- \/ Yoast SEO plugin. -->","yoast_head_json":{"title":"La nostra politica della qualit\u00e0 - Tecus Teknoloji","robots":{"index":"index","follow":"follow","max-snippet":"max-snippet:-1","max-image-preview":"max-image-preview:large","max-video-preview":"max-video-preview:-1"},"canonical":"https:\/\/tecus.com.tr\/it\/la-nostra-politica-della-qualita\/","og_locale":"it_IT","og_type":"article","og_title":"La nostra politica della qualit\u00e0 - Tecus Teknoloji","og_description":"LA NOSTRA POLITICA DELLA QUALIT\u00c0 In linea con la vision della nostra azienda e in conformit\u00e0 con lo standard ISO 9001:2015, la nostra politica della qualit\u00e0 \u00e8: Utilizzare tecnologie avanzate e aggiornate, seguire da vicino gli sviluppi del settore, migliorare costantemente la qualit\u00e0 dei prodotti e realizzare una produzione che superi le aspettative dei clienti &hellip; La nostra politica della qualit\u00e0 Leggi altro &raquo;","og_url":"https:\/\/tecus.com.tr\/it\/la-nostra-politica-della-qualita\/","og_site_name":"Tecus Teknoloji","article_modified_time":"2025-10-26T17:11:57+00:00","og_image":[{"width":1024,"height":1024,"url":"https:\/\/tecus.com.tr\/wp-content\/uploads\/2025\/10\/kalite-politikamiz.png","type":"image\/png"}],"twitter_card":"summary_large_image","twitter_misc":{"Tempo di lettura stimato":"1 minuto"},"schema":{"@context":"https:\/\/schema.org","@graph":[{"@type":"WebPage","@id":"https:\/\/tecus.com.tr\/it\/la-nostra-politica-della-qualita\/","url":"https:\/\/tecus.com.tr\/it\/la-nostra-politica-della-qualita\/","name":"La nostra politica della qualit\u00e0 - Tecus Teknoloji","isPartOf":{"@id":"https:\/\/tecus.com.tr\/it\/#website"},"datePublished":"2019-04-04T07:32:43+00:00","dateModified":"2025-10-26T17:11:57+00:00","breadcrumb":{"@id":"https:\/\/tecus.com.tr\/it\/la-nostra-politica-della-qualita\/#breadcrumb"},"inLanguage":"it-IT","potentialAction":[{"@type":"ReadAction","target":["https:\/\/tecus.com.tr\/it\/la-nostra-politica-della-qualita\/"]}]},{"@type":"BreadcrumbList","@id":"https:\/\/tecus.com.tr\/it\/la-nostra-politica-della-qualita\/#breadcrumb","itemListElement":[{"@type":"ListItem","position":1,"name":"Ana sayfa","item":"https:\/\/tecus.com.tr\/it\/"},{"@type":"ListItem","position":2,"name":"La nostra politica della qualit\u00e0"}]},{"@type":"WebSite","@id":"https:\/\/tecus.com.tr\/it\/#website","url":"https:\/\/tecus.com.tr\/it\/","name":"Tecus Teknoloji","description":"CNC par\u00e7a ba\u011flama \u00e7\u00f6z\u00fcmleri","publisher":{"@id":"https:\/\/tecus.com.tr\/it\/#organization"},"potentialAction":[{"@type":"SearchAction","target":{"@type":"EntryPoint","urlTemplate":"https:\/\/tecus.com.tr\/it\/?s={search_term_string}"},"query-input":"required name=search_term_string"}],"inLanguage":"it-IT"},{"@type":"Organization","@id":"https:\/\/tecus.com.tr\/it\/#organization","name":"Tecus Teknoloji","url":"https:\/\/tecus.com.tr\/it\/","logo":{"@type":"ImageObject","inLanguage":"it-IT","@id":"https:\/\/tecus.com.tr\/it\/#\/schema\/logo\/image\/","url":"https:\/\/tecus.com.tr\/wp-content\/uploads\/2018\/04\/tecus-logo-beyaz-2-e1528750997765.png","contentUrl":"https:\/\/tecus.com.tr\/wp-content\/uploads\/2018\/04\/tecus-logo-beyaz-2-e1528750997765.png","width":250,"height":53,"caption":"Tecus Teknoloji"},"image":{"@id":"https:\/\/tecus.com.tr\/it\/#\/schema\/logo\/image\/"}}]}},"_links":{"self":[{"href":"https:\/\/tecus.com.tr\/it\/wp-json\/wp\/v2\/pages\/33669","targetHints":{"allow":["GET"]}}],"collection":[{"href":"https:\/\/tecus.com.tr\/it\/wp-json\/wp\/v2\/pages"}],"about":[{"href":"https:\/\/tecus.com.tr\/it\/wp-json\/wp\/v2\/types\/page"}],"author":[{"embeddable":true,"href":"https:\/\/tecus.com.tr\/it\/wp-json\/wp\/v2\/users\/23"}],"replies":[{"embeddable":true,"href":"https:\/\/tecus.com.tr\/it\/wp-json\/wp\/v2\/comments?post=33669"}],"version-history":[{"count":1,"href":"https:\/\/tecus.com.tr\/it\/wp-json\/wp\/v2\/pages\/33669\/revisions"}],"predecessor-version":[{"id":33670,"href":"https:\/\/tecus.com.tr\/it\/wp-json\/wp\/v2\/pages\/33669\/revisions\/33670"}],"wp:featuredmedia":[{"embeddable":true,"href":"https:\/\/tecus.com.tr\/it\/wp-json\/wp\/v2\/media\/44832"}],"wp:attachment":[{"href":"https:\/\/tecus.com.tr\/it\/wp-json\/wp\/v2\/media?parent=33669"}],"curies":[{"name":"wp","href":"https:\/\/api.w.org\/{rel}","templated":true}]}}