{"id":33665,"date":"2025-08-24T09:21:17","date_gmt":"2025-08-24T09:21:17","guid":{"rendered":"https:\/\/tecus.com.tr\/assistenza\/"},"modified":"2025-12-03T11:44:32","modified_gmt":"2025-12-03T11:44:32","slug":"assistenza","status":"publish","type":"page","link":"https:\/\/tecus.com.tr\/it\/assistenza\/","title":{"rendered":"assistenza"},"content":{"rendered":"\t\t<div data-elementor-type=\"wp-page\" data-elementor-id=\"33665\" class=\"elementor elementor-33665 elementor-25577\" data-elementor-post-type=\"page\">\n\t\t\t\t\t\t<section class=\"elementor-section elementor-top-section elementor-element elementor-element-a5faf93 elementor-section-boxed elementor-section-height-default elementor-section-height-default\" data-id=\"a5faf93\" data-element_type=\"section\">\n\t\t\t\t\t\t<div class=\"elementor-container elementor-column-gap-narrow\">\n\t\t\t\t\t<div class=\"elementor-column elementor-col-100 elementor-top-column elementor-element elementor-element-1abc1bf\" data-id=\"1abc1bf\" data-element_type=\"column\">\n\t\t\t<div class=\"elementor-widget-wrap elementor-element-populated\">\n\t\t\t\t\t\t<section class=\"elementor-section elementor-inner-section elementor-element elementor-element-1dc093c elementor-section-content-space-around elementor-section-boxed elementor-section-height-default elementor-section-height-default\" data-id=\"1dc093c\" data-element_type=\"section\" data-settings=\"{&quot;background_background&quot;:&quot;classic&quot;}\">\n\t\t\t\t\t\t<div class=\"elementor-container elementor-column-gap-extended\">\n\t\t\t\t\t<div class=\"elementor-column elementor-col-50 elementor-inner-column elementor-element elementor-element-9ee20b6\" data-id=\"9ee20b6\" data-element_type=\"column\" data-settings=\"{&quot;background_background&quot;:&quot;classic&quot;}\">\n\t\t\t<div class=\"elementor-widget-wrap elementor-element-populated\">\n\t\t\t\t\t\t<div class=\"elementor-element elementor-element-73dc7f0 elementor-cta--layout-image-right elementor-cta--valign-middle elementor-cta--skin-classic elementor-animated-content elementor-bg-transform elementor-bg-transform-zoom-in elementor-widget elementor-widget-call-to-action\" data-id=\"73dc7f0\" data-element_type=\"widget\" data-widget_type=\"call-to-action.default\">\n\t\t\t\t<div class=\"elementor-widget-container\">\n\t\t\t\t\t\t\t<div class=\"elementor-cta\">\n\t\t\t\t\t\t\t<div class=\"elementor-cta__content\">\n\t\t\t\t\t\t\t\t\t<div class=\"elementor-content-item elementor-cta__content-item elementor-cta__image\">\n\t\t\t\t\t\t<img fetchpriority=\"high\" decoding=\"async\" width=\"2560\" height=\"755\" src=\"https:\/\/tecus.com.tr\/wp-content\/uploads\/2025\/08\/haas_logo-scaled.png\" class=\"attachment-full size-full wp-image-33652\" alt=\"\" srcset=\"https:\/\/tecus.com.tr\/wp-content\/uploads\/2025\/08\/haas_logo-scaled.png 2560w, https:\/\/tecus.com.tr\/wp-content\/uploads\/2025\/08\/haas_logo-300x88.png 300w, https:\/\/tecus.com.tr\/wp-content\/uploads\/2025\/08\/haas_logo-500x147.png 500w, https:\/\/tecus.com.tr\/wp-content\/uploads\/2025\/08\/haas_logo-768x227.png 768w, https:\/\/tecus.com.tr\/wp-content\/uploads\/2025\/08\/haas_logo-1536x453.png 1536w, https:\/\/tecus.com.tr\/wp-content\/uploads\/2025\/08\/haas_logo-2048x604.png 2048w, https:\/\/tecus.com.tr\/wp-content\/uploads\/2025\/08\/haas_logo-900x265.png 900w\" sizes=\"(max-width: 2560px) 100vw, 2560px\" \/>\t\t\t\t\t<\/div>\n\t\t\t\t\n\t\t\t\t\t\t\t\t\t<h2 class=\"elementor-cta__title elementor-cta__content-item elementor-content-item\">\n\t\t\t\t\t\t Trova ricambi per la tua macchina HAAS\t\t\t\t\t<\/h2>\n\t\t\t\t\n\t\t\t\t\t\t\t\t\t<div class=\"elementor-cta__description elementor-cta__content-item elementor-content-item\">\n\t\t\t\t\t\tOrdina il tuo ricambio originale.\t\t\t\t\t<\/div>\n\t\t\t\t\n\t\t\t\t\t\t\t\t\t<div class=\"elementor-cta__button-wrapper elementor-cta__content-item elementor-content-item \">\n\t\t\t\t\t<a class=\"elementor-cta__button elementor-button elementor-size-\" href=\"https:\/\/www.haascnc.com\/tr\/owners\/Haas-Parts-Find-Your-Haas-Factory-Outlet.html#gsc.tab=0\">\n\t\t\t\t\t\tCLICCA QUI\t\t\t\t\t<\/a>\n\t\t\t\t\t<\/div>\n\t\t\t\t\t\t\t<\/div>\n\t\t\t\t\t\t\t<div class=\"elementor-ribbon\">\n\t\t\t\t<div class=\"elementor-ribbon-inner\">\n\t\t\t\t\tORIGINALE\t\t\t\t<\/div>\n\t\t\t<\/div>\n\t\t\t\t<\/div>\n\t\t\t\t\t\t<\/div>\n\t\t\t\t<\/div>\n\t\t\t\t\t<\/div>\n\t\t<\/div>\n\t\t\t\t<div class=\"elementor-column elementor-col-50 elementor-inner-column elementor-element elementor-element-95e65f1\" data-id=\"95e65f1\" data-element_type=\"column\" data-settings=\"{&quot;background_background&quot;:&quot;gradient&quot;}\">\n\t\t\t<div class=\"elementor-widget-wrap elementor-element-populated\">\n\t\t\t\t\t\t<div class=\"elementor-element elementor-element-390f71b elementor-cta--layout-image-above elementor-cta--valign-middle elementor-cta--skin-classic elementor-animated-content elementor-bg-transform elementor-bg-transform-zoom-in elementor-widget elementor-widget-call-to-action\" data-id=\"390f71b\" data-element_type=\"widget\" data-widget_type=\"call-to-action.default\">\n\t\t\t\t<div class=\"elementor-widget-container\">\n\t\t\t\t\t\t\t<a class=\"elementor-cta\" href=\"https:\/\/wa.me\/905303413163\">\n\t\t\t\t\t\t\t<div class=\"elementor-cta__content\">\n\t\t\t\t\t\t\t\t\t<div class=\"elementor-content-item elementor-cta__content-item elementor-icon-wrapper elementor-cta__icon elementor-view-default\">\n\t\t\t\t\t\t<div class=\"elementor-icon\">\n\t\t\t\t\t\t\t<i aria-hidden=\"true\" class=\"fab fa-whatsapp\"><\/i>\t\t\t\t\t\t<\/div>\n\t\t\t\t\t<\/div>\n\t\t\t\t\n\t\t\t\t\t\t\t\t\t<h2 class=\"elementor-cta__title elementor-cta__content-item elementor-content-item\">\n\t\t\t\t\t\t Invia le tue richieste alla nostra applicazione di assistenza con intelligenza artificiale serviCA.\t\t\t\t\t<\/h2>\n\t\t\t\t\n\t\t\t\t\t\t\t\t\t<div class=\"elementor-cta__description elementor-cta__content-item elementor-content-item\">\n\t\t\t\t\t\tDescrivi il tuo problema, scopri subito la soluzione.\t\t\t\t\t<\/div>\n\t\t\t\t\n\t\t\t\t\t\t\t\t\t<div class=\"elementor-cta__button-wrapper elementor-cta__content-item elementor-content-item \">\n\t\t\t\t\t<span class=\"elementor-cta__button elementor-button elementor-size-\">\n\t\t\t\t\t\tCLICCA QUI\t\t\t\t\t<\/span>\n\t\t\t\t\t<\/div>\n\t\t\t\t\t\t\t<\/div>\n\t\t\t\t\t\t<\/a>\n\t\t\t\t\t\t<\/div>\n\t\t\t\t<\/div>\n\t\t\t\t\t<\/div>\n\t\t<\/div>\n\t\t\t\t\t<\/div>\n\t\t<\/section>\n\t\t\t\t\t<\/div>\n\t\t<\/div>\n\t\t\t\t\t<\/div>\n\t\t<\/section>\n\t\t\t\t<\/div>\n\t\t","protected":false},"excerpt":{"rendered":"<p>Trova ricambi per la tua macchina HAAS Ordina il tuo ricambio originale. CLICCA QUI ORIGINALE Invia le tue richieste alla nostra applicazione di assistenza con intelligenza artificiale serviCA. Descrivi il tuo problema, scopri subito la soluzione. CLICCA QUI<\/p>\n","protected":false},"author":23,"featured_media":44818,"parent":0,"menu_order":0,"comment_status":"closed","ping_status":"closed","template":"","meta":{"_acf_changed":false,"footnotes":""},"class_list":["post-33665","page","type-page","status-publish","has-post-thumbnail","hentry"],"acf":[],"yoast_head":"<!-- This site is optimized with the Yoast SEO plugin v20.2.1 - https:\/\/yoast.com\/wordpress\/plugins\/seo\/ -->\n<title>assistenza - Tecus Teknoloji<\/title>\n<meta name=\"robots\" content=\"index, follow, max-snippet:-1, max-image-preview:large, max-video-preview:-1\" \/>\n<link rel=\"canonical\" href=\"https:\/\/tecus.com.tr\/it\/assistenza\/\" \/>\n<meta property=\"og:locale\" content=\"it_IT\" \/>\n<meta property=\"og:type\" content=\"article\" \/>\n<meta property=\"og:title\" content=\"assistenza - Tecus Teknoloji\" \/>\n<meta property=\"og:description\" content=\"Trova ricambi per la tua macchina HAAS Ordina il tuo ricambio originale. CLICCA QUI ORIGINALE Invia le tue richieste alla nostra applicazione di assistenza con intelligenza artificiale serviCA. Descrivi il tuo problema, scopri subito la soluzione. CLICCA QUI\" \/>\n<meta property=\"og:url\" content=\"https:\/\/tecus.com.tr\/it\/assistenza\/\" \/>\n<meta property=\"og:site_name\" content=\"Tecus Teknoloji\" \/>\n<meta property=\"article:modified_time\" content=\"2025-12-03T11:44:32+00:00\" \/>\n<meta property=\"og:image\" content=\"https:\/\/tecus.com.tr\/wp-content\/uploads\/2025\/10\/servis.png\" \/>\n\t<meta property=\"og:image:width\" content=\"1024\" \/>\n\t<meta property=\"og:image:height\" content=\"1024\" \/>\n\t<meta property=\"og:image:type\" content=\"image\/png\" \/>\n<meta name=\"twitter:card\" content=\"summary_large_image\" \/>\n<script type=\"application\/ld+json\" class=\"yoast-schema-graph\">{\"@context\":\"https:\/\/schema.org\",\"@graph\":[{\"@type\":\"WebPage\",\"@id\":\"https:\/\/tecus.com.tr\/it\/assistenza\/\",\"url\":\"https:\/\/tecus.com.tr\/it\/assistenza\/\",\"name\":\"assistenza - Tecus Teknoloji\",\"isPartOf\":{\"@id\":\"https:\/\/tecus.com.tr\/it\/#website\"},\"datePublished\":\"2025-08-24T09:21:17+00:00\",\"dateModified\":\"2025-12-03T11:44:32+00:00\",\"breadcrumb\":{\"@id\":\"https:\/\/tecus.com.tr\/it\/assistenza\/#breadcrumb\"},\"inLanguage\":\"it-IT\",\"potentialAction\":[{\"@type\":\"ReadAction\",\"target\":[\"https:\/\/tecus.com.tr\/it\/assistenza\/\"]}]},{\"@type\":\"BreadcrumbList\",\"@id\":\"https:\/\/tecus.com.tr\/it\/assistenza\/#breadcrumb\",\"itemListElement\":[{\"@type\":\"ListItem\",\"position\":1,\"name\":\"Ana sayfa\",\"item\":\"https:\/\/tecus.com.tr\/it\/\"},{\"@type\":\"ListItem\",\"position\":2,\"name\":\"assistenza\"}]},{\"@type\":\"WebSite\",\"@id\":\"https:\/\/tecus.com.tr\/it\/#website\",\"url\":\"https:\/\/tecus.com.tr\/it\/\",\"name\":\"Tecus Teknoloji\",\"description\":\"CNC par\u00e7a ba\u011flama \u00e7\u00f6z\u00fcmleri\",\"publisher\":{\"@id\":\"https:\/\/tecus.com.tr\/it\/#organization\"},\"potentialAction\":[{\"@type\":\"SearchAction\",\"target\":{\"@type\":\"EntryPoint\",\"urlTemplate\":\"https:\/\/tecus.com.tr\/it\/?s={search_term_string}\"},\"query-input\":\"required name=search_term_string\"}],\"inLanguage\":\"it-IT\"},{\"@type\":\"Organization\",\"@id\":\"https:\/\/tecus.com.tr\/it\/#organization\",\"name\":\"Tecus Teknoloji\",\"url\":\"https:\/\/tecus.com.tr\/it\/\",\"logo\":{\"@type\":\"ImageObject\",\"inLanguage\":\"it-IT\",\"@id\":\"https:\/\/tecus.com.tr\/it\/#\/schema\/logo\/image\/\",\"url\":\"https:\/\/tecus.com.tr\/wp-content\/uploads\/2018\/04\/tecus-logo-beyaz-2-e1528750997765.png\",\"contentUrl\":\"https:\/\/tecus.com.tr\/wp-content\/uploads\/2018\/04\/tecus-logo-beyaz-2-e1528750997765.png\",\"width\":250,\"height\":53,\"caption\":\"Tecus Teknoloji\"},\"image\":{\"@id\":\"https:\/\/tecus.com.tr\/it\/#\/schema\/logo\/image\/\"}}]}<\/script>\n<!-- \/ Yoast SEO plugin. -->","yoast_head_json":{"title":"assistenza - Tecus Teknoloji","robots":{"index":"index","follow":"follow","max-snippet":"max-snippet:-1","max-image-preview":"max-image-preview:large","max-video-preview":"max-video-preview:-1"},"canonical":"https:\/\/tecus.com.tr\/it\/assistenza\/","og_locale":"it_IT","og_type":"article","og_title":"assistenza - Tecus Teknoloji","og_description":"Trova ricambi per la tua macchina HAAS Ordina il tuo ricambio originale. CLICCA QUI ORIGINALE Invia le tue richieste alla nostra applicazione di assistenza con intelligenza artificiale serviCA. Descrivi il tuo problema, scopri subito la soluzione. CLICCA QUI","og_url":"https:\/\/tecus.com.tr\/it\/assistenza\/","og_site_name":"Tecus Teknoloji","article_modified_time":"2025-12-03T11:44:32+00:00","og_image":[{"width":1024,"height":1024,"url":"https:\/\/tecus.com.tr\/wp-content\/uploads\/2025\/10\/servis.png","type":"image\/png"}],"twitter_card":"summary_large_image","schema":{"@context":"https:\/\/schema.org","@graph":[{"@type":"WebPage","@id":"https:\/\/tecus.com.tr\/it\/assistenza\/","url":"https:\/\/tecus.com.tr\/it\/assistenza\/","name":"assistenza - Tecus Teknoloji","isPartOf":{"@id":"https:\/\/tecus.com.tr\/it\/#website"},"datePublished":"2025-08-24T09:21:17+00:00","dateModified":"2025-12-03T11:44:32+00:00","breadcrumb":{"@id":"https:\/\/tecus.com.tr\/it\/assistenza\/#breadcrumb"},"inLanguage":"it-IT","potentialAction":[{"@type":"ReadAction","target":["https:\/\/tecus.com.tr\/it\/assistenza\/"]}]},{"@type":"BreadcrumbList","@id":"https:\/\/tecus.com.tr\/it\/assistenza\/#breadcrumb","itemListElement":[{"@type":"ListItem","position":1,"name":"Ana sayfa","item":"https:\/\/tecus.com.tr\/it\/"},{"@type":"ListItem","position":2,"name":"assistenza"}]},{"@type":"WebSite","@id":"https:\/\/tecus.com.tr\/it\/#website","url":"https:\/\/tecus.com.tr\/it\/","name":"Tecus Teknoloji","description":"CNC par\u00e7a ba\u011flama \u00e7\u00f6z\u00fcmleri","publisher":{"@id":"https:\/\/tecus.com.tr\/it\/#organization"},"potentialAction":[{"@type":"SearchAction","target":{"@type":"EntryPoint","urlTemplate":"https:\/\/tecus.com.tr\/it\/?s={search_term_string}"},"query-input":"required name=search_term_string"}],"inLanguage":"it-IT"},{"@type":"Organization","@id":"https:\/\/tecus.com.tr\/it\/#organization","name":"Tecus Teknoloji","url":"https:\/\/tecus.com.tr\/it\/","logo":{"@type":"ImageObject","inLanguage":"it-IT","@id":"https:\/\/tecus.com.tr\/it\/#\/schema\/logo\/image\/","url":"https:\/\/tecus.com.tr\/wp-content\/uploads\/2018\/04\/tecus-logo-beyaz-2-e1528750997765.png","contentUrl":"https:\/\/tecus.com.tr\/wp-content\/uploads\/2018\/04\/tecus-logo-beyaz-2-e1528750997765.png","width":250,"height":53,"caption":"Tecus Teknoloji"},"image":{"@id":"https:\/\/tecus.com.tr\/it\/#\/schema\/logo\/image\/"}}]}},"_links":{"self":[{"href":"https:\/\/tecus.com.tr\/it\/wp-json\/wp\/v2\/pages\/33665","targetHints":{"allow":["GET"]}}],"collection":[{"href":"https:\/\/tecus.com.tr\/it\/wp-json\/wp\/v2\/pages"}],"about":[{"href":"https:\/\/tecus.com.tr\/it\/wp-json\/wp\/v2\/types\/page"}],"author":[{"embeddable":true,"href":"https:\/\/tecus.com.tr\/it\/wp-json\/wp\/v2\/users\/23"}],"replies":[{"embeddable":true,"href":"https:\/\/tecus.com.tr\/it\/wp-json\/wp\/v2\/comments?post=33665"}],"version-history":[{"count":1,"href":"https:\/\/tecus.com.tr\/it\/wp-json\/wp\/v2\/pages\/33665\/revisions"}],"predecessor-version":[{"id":33668,"href":"https:\/\/tecus.com.tr\/it\/wp-json\/wp\/v2\/pages\/33665\/revisions\/33668"}],"wp:featuredmedia":[{"embeddable":true,"href":"https:\/\/tecus.com.tr\/it\/wp-json\/wp\/v2\/media\/44818"}],"wp:attachment":[{"href":"https:\/\/tecus.com.tr\/it\/wp-json\/wp\/v2\/media?parent=33665"}],"curies":[{"name":"wp","href":"https:\/\/api.w.org\/{rel}","templated":true}]}}