{"id":35457,"date":"2025-09-07T17:32:18","date_gmt":"2025-09-07T17:32:18","guid":{"rendered":"https:\/\/tecus.com.tr\/urun\/toca-50h-m6\/"},"modified":"2025-09-07T17:32:18","modified_gmt":"2025-09-07T17:32:18","slug":"toca-50h-m6","status":"publish","type":"product","link":"https:\/\/tecus.com.tr\/en\/product\/toca-50h-m6\/","title":{"rendered":"toCA 50H-M6"},"content":{"rendered":"","protected":false},"excerpt":{"rendered":"","protected":false},"featured_media":36226,"template":"","meta":{"_acf_changed":false},"product_brand":[588],"product_cat":[563],"product_tag":[],"class_list":{"0":"post-35457","1":"product","2":"type-product","3":"status-publish","4":"has-post-thumbnail","6":"product_brand-canaca","7":"product_cat-top-clamping","9":"first","10":"instock","11":"sale","12":"taxable","13":"shipping-taxable","14":"purchasable","15":"product-type-simple"},"acf":[],"yoast_head":"<!-- This site is optimized with the Yoast SEO plugin v20.2.1 - https:\/\/yoast.com\/wordpress\/plugins\/seo\/ -->\n<title>toCA 50H-M6 - Tecus Teknoloji<\/title>\n<meta name=\"robots\" content=\"index, follow, max-snippet:-1, max-image-preview:large, max-video-preview:-1\" \/>\n<link rel=\"canonical\" href=\"https:\/\/tecus.com.tr\/en\/product\/toca-50h-m6\/\" \/>\n<meta property=\"og:locale\" content=\"en_US\" \/>\n<meta property=\"og:type\" content=\"article\" \/>\n<meta property=\"og:title\" content=\"toCA 50H-M6 - Tecus Teknoloji\" \/>\n<meta property=\"og:url\" content=\"https:\/\/tecus.com.tr\/en\/product\/toca-50h-m6\/\" \/>\n<meta property=\"og:site_name\" content=\"Tecus Teknoloji\" \/>\n<meta property=\"og:image\" content=\"https:\/\/tecus.com.tr\/wp-content\/uploads\/2025\/09\/toca_50h-m6.png\" \/>\n\t<meta property=\"og:image:width\" content=\"1024\" \/>\n\t<meta property=\"og:image:height\" content=\"1024\" \/>\n\t<meta property=\"og:image:type\" content=\"image\/png\" \/>\n<meta name=\"twitter:card\" content=\"summary_large_image\" \/>\n<script type=\"application\/ld+json\" class=\"yoast-schema-graph\">{\"@context\":\"https:\/\/schema.org\",\"@graph\":[{\"@type\":\"WebPage\",\"@id\":\"https:\/\/tecus.com.tr\/en\/product\/toca-50h-m6\/\",\"url\":\"https:\/\/tecus.com.tr\/en\/product\/toca-50h-m6\/\",\"name\":\"toCA 50H-M6 - Tecus Teknoloji\",\"isPartOf\":{\"@id\":\"https:\/\/tecus.com.tr\/en\/#website\"},\"datePublished\":\"2025-09-07T17:32:18+00:00\",\"dateModified\":\"2025-09-07T17:32:18+00:00\",\"breadcrumb\":{\"@id\":\"https:\/\/tecus.com.tr\/en\/product\/toca-50h-m6\/#breadcrumb\"},\"inLanguage\":\"en-US\",\"potentialAction\":[{\"@type\":\"ReadAction\",\"target\":[\"https:\/\/tecus.com.tr\/en\/product\/toca-50h-m6\/\"]}]},{\"@type\":\"BreadcrumbList\",\"@id\":\"https:\/\/tecus.com.tr\/en\/product\/toca-50h-m6\/#breadcrumb\",\"itemListElement\":[{\"@type\":\"ListItem\",\"position\":1,\"name\":\"Ana sayfa\",\"item\":\"https:\/\/tecus.com.tr\/en\/\"},{\"@type\":\"ListItem\",\"position\":2,\"name\":\"Ma\u011faza\",\"item\":\"https:\/\/tecus.com.tr\/magaza\/\"},{\"@type\":\"ListItem\",\"position\":3,\"name\":\"toCA 50H-M6\"}]},{\"@type\":\"WebSite\",\"@id\":\"https:\/\/tecus.com.tr\/en\/#website\",\"url\":\"https:\/\/tecus.com.tr\/en\/\",\"name\":\"Tecus Teknoloji\",\"description\":\"CNC par\u00e7a ba\u011flama \u00e7\u00f6z\u00fcmleri\",\"publisher\":{\"@id\":\"https:\/\/tecus.com.tr\/en\/#organization\"},\"potentialAction\":[{\"@type\":\"SearchAction\",\"target\":{\"@type\":\"EntryPoint\",\"urlTemplate\":\"https:\/\/tecus.com.tr\/en\/?s={search_term_string}\"},\"query-input\":\"required name=search_term_string\"}],\"inLanguage\":\"en-US\"},{\"@type\":\"Organization\",\"@id\":\"https:\/\/tecus.com.tr\/en\/#organization\",\"name\":\"Tecus Teknoloji\",\"url\":\"https:\/\/tecus.com.tr\/en\/\",\"logo\":{\"@type\":\"ImageObject\",\"inLanguage\":\"en-US\",\"@id\":\"https:\/\/tecus.com.tr\/en\/#\/schema\/logo\/image\/\",\"url\":\"https:\/\/tecus.com.tr\/wp-content\/uploads\/2018\/04\/tecus-logo-beyaz-2-e1528750997765.png\",\"contentUrl\":\"https:\/\/tecus.com.tr\/wp-content\/uploads\/2018\/04\/tecus-logo-beyaz-2-e1528750997765.png\",\"width\":250,\"height\":53,\"caption\":\"Tecus Teknoloji\"},\"image\":{\"@id\":\"https:\/\/tecus.com.tr\/en\/#\/schema\/logo\/image\/\"}}]}<\/script>\n<!-- \/ Yoast SEO plugin. -->","yoast_head_json":{"title":"toCA 50H-M6 - Tecus Teknoloji","robots":{"index":"index","follow":"follow","max-snippet":"max-snippet:-1","max-image-preview":"max-image-preview:large","max-video-preview":"max-video-preview:-1"},"canonical":"https:\/\/tecus.com.tr\/en\/product\/toca-50h-m6\/","og_locale":"en_US","og_type":"article","og_title":"toCA 50H-M6 - Tecus Teknoloji","og_url":"https:\/\/tecus.com.tr\/en\/product\/toca-50h-m6\/","og_site_name":"Tecus Teknoloji","og_image":[{"width":1024,"height":1024,"url":"https:\/\/tecus.com.tr\/wp-content\/uploads\/2025\/09\/toca_50h-m6.png","type":"image\/png"}],"twitter_card":"summary_large_image","schema":{"@context":"https:\/\/schema.org","@graph":[{"@type":"WebPage","@id":"https:\/\/tecus.com.tr\/en\/product\/toca-50h-m6\/","url":"https:\/\/tecus.com.tr\/en\/product\/toca-50h-m6\/","name":"toCA 50H-M6 - Tecus Teknoloji","isPartOf":{"@id":"https:\/\/tecus.com.tr\/en\/#website"},"datePublished":"2025-09-07T17:32:18+00:00","dateModified":"2025-09-07T17:32:18+00:00","breadcrumb":{"@id":"https:\/\/tecus.com.tr\/en\/product\/toca-50h-m6\/#breadcrumb"},"inLanguage":"en-US","potentialAction":[{"@type":"ReadAction","target":["https:\/\/tecus.com.tr\/en\/product\/toca-50h-m6\/"]}]},{"@type":"BreadcrumbList","@id":"https:\/\/tecus.com.tr\/en\/product\/toca-50h-m6\/#breadcrumb","itemListElement":[{"@type":"ListItem","position":1,"name":"Ana sayfa","item":"https:\/\/tecus.com.tr\/en\/"},{"@type":"ListItem","position":2,"name":"Ma\u011faza","item":"https:\/\/tecus.com.tr\/magaza\/"},{"@type":"ListItem","position":3,"name":"toCA 50H-M6"}]},{"@type":"WebSite","@id":"https:\/\/tecus.com.tr\/en\/#website","url":"https:\/\/tecus.com.tr\/en\/","name":"Tecus Teknoloji","description":"CNC par\u00e7a ba\u011flama \u00e7\u00f6z\u00fcmleri","publisher":{"@id":"https:\/\/tecus.com.tr\/en\/#organization"},"potentialAction":[{"@type":"SearchAction","target":{"@type":"EntryPoint","urlTemplate":"https:\/\/tecus.com.tr\/en\/?s={search_term_string}"},"query-input":"required name=search_term_string"}],"inLanguage":"en-US"},{"@type":"Organization","@id":"https:\/\/tecus.com.tr\/en\/#organization","name":"Tecus Teknoloji","url":"https:\/\/tecus.com.tr\/en\/","logo":{"@type":"ImageObject","inLanguage":"en-US","@id":"https:\/\/tecus.com.tr\/en\/#\/schema\/logo\/image\/","url":"https:\/\/tecus.com.tr\/wp-content\/uploads\/2018\/04\/tecus-logo-beyaz-2-e1528750997765.png","contentUrl":"https:\/\/tecus.com.tr\/wp-content\/uploads\/2018\/04\/tecus-logo-beyaz-2-e1528750997765.png","width":250,"height":53,"caption":"Tecus Teknoloji"},"image":{"@id":"https:\/\/tecus.com.tr\/en\/#\/schema\/logo\/image\/"}}]}},"_links":{"self":[{"href":"https:\/\/tecus.com.tr\/en\/wp-json\/wp\/v2\/product\/35457","targetHints":{"allow":["GET"]}}],"collection":[{"href":"https:\/\/tecus.com.tr\/en\/wp-json\/wp\/v2\/product"}],"about":[{"href":"https:\/\/tecus.com.tr\/en\/wp-json\/wp\/v2\/types\/product"}],"version-history":[{"count":0,"href":"https:\/\/tecus.com.tr\/en\/wp-json\/wp\/v2\/product\/35457\/revisions"}],"wp:featuredmedia":[{"embeddable":true,"href":"https:\/\/tecus.com.tr\/en\/wp-json\/wp\/v2\/media\/36226"}],"wp:attachment":[{"href":"https:\/\/tecus.com.tr\/en\/wp-json\/wp\/v2\/media?parent=35457"}],"wp:term":[{"taxonomy":"product_brand","embeddable":true,"href":"https:\/\/tecus.com.tr\/en\/wp-json\/wp\/v2\/product_brand?post=35457"},{"taxonomy":"product_cat","embeddable":true,"href":"https:\/\/tecus.com.tr\/en\/wp-json\/wp\/v2\/product_cat?post=35457"},{"taxonomy":"product_tag","embeddable":true,"href":"https:\/\/tecus.com.tr\/en\/wp-json\/wp\/v2\/product_tag?post=35457"}],"curies":[{"name":"wp","href":"https:\/\/api.w.org\/{rel}","templated":true}]}}