{"id":28088,"date":"2018-04-15T11:16:13","date_gmt":"2018-04-15T11:16:13","guid":{"rendered":"https:\/\/tecus.com.tr\/urun\/9-series-clamps\/"},"modified":"2025-12-03T12:18:46","modified_gmt":"2025-12-03T12:18:46","slug":"9-series-clamps","status":"publish","type":"product","link":"https:\/\/tecus.com.tr\/en\/product\/9-series-clamps\/","title":{"rendered":"9-Series Clamps"},"content":{"rendered":"<table border=\"0\" width=\"982\" cellspacing=\"0\" cellpadding=\"0\">\n<tbody>\n<tr>\n<td align=\"left\" valign=\"top\" width=\"337\">\n<table>\n<tbody>\n<tr>\n<th colspan=\"5\" align=\"left\" width=\"93\">Tork De\u011ferleri ve Tutma G\u00fcc\u00fc<\/th>\n<\/tr>\n<tr>\n<th align=\"left\"><\/th>\n<th align=\"left\">Par\u00e7a.numaras\u0131<\/th>\n<th align=\"left\">Vida.boyutu<\/th>\n<th align=\"left\">Tutma.g\u00fcc\u00fc<\/th>\n<th align=\"left\">Yedek,Kam,Vidas\u0131<\/th>\n<\/tr>\n<tr>\n<th align=\"left\">\u0130n\u00e7<\/th>\n<th align=\"left\">90110-90145<\/th>\n<th align=\"left\">1\/2 &#8211; 13<\/th>\n<th align=\"left\">65 Ft Lbs \/ 4000 Lbs<\/th>\n<th align=\"left\">10374<\/th>\n<\/tr>\n<tr>\n<th align=\"left\">Metrik<\/th>\n<th align=\"left\">95110-95145<\/th>\n<th align=\"left\">M12<\/th>\n<th align=\"left\">88 Nm \/ 17.800 N.<\/th>\n<th align=\"left\">50371<\/th>\n<\/tr>\n<\/tbody>\n<\/table>\n<\/td>\n<td align=\"center\" valign=\"top\" width=\"645\"><img fetchpriority=\"high\" decoding=\"async\" src=\"https:\/\/e-market.tecus.com.tr\/wp-content\/uploads\/2018\/03\/series9_draw-300x117.png\" alt=\"\" width=\"451\" height=\"177\" \/><\/td>\n<\/tr>\n<\/tbody>\n<\/table>\n<p>[table id=Series9Clamps\/]<\/p>\n","protected":false},"excerpt":{"rendered":"<p>This adjustable low-profile, cam-action clamp allows different sized parts to be tightened by simply turning one of the edges. The clamps have a height of 10mm and use an M12 cam bolt. Each of the six clamping surfaces is 1mm different from the axis, as shown in the chart. Therefore, a 9-Series Clamp can tighten variable gauges of up to 9.4mm simply by rotating the clamp to a different clamping surface.   <\/p>\n<p>&#8211; Threaded or flat clamps<\/p>\n<p>&#8211; Heat treated and coated<\/p>\n<p>-17800 N.m. holding force<\/p>\n<p>&nbsp;<\/p>\n<p>&nbsp;<\/p>\n","protected":false},"featured_media":36319,"template":"","meta":{"_acf_changed":false},"product_brand":[],"product_cat":[354],"product_tag":[369],"class_list":{"0":"post-28088","1":"product","2":"type-product","3":"status-publish","4":"has-post-thumbnail","6":"product_cat-yandan-sikmali-clampler","7":"product_tag-side-clamps","9":"first","10":"instock","11":"sale","12":"taxable","13":"shipping-taxable","14":"purchasable","15":"product-type-variable"},"acf":[],"yoast_head":"<!-- This site is optimized with the Yoast SEO plugin v20.2.1 - https:\/\/yoast.com\/wordpress\/plugins\/seo\/ -->\n<title>9-Series Clamps - Tecus Teknoloji<\/title>\n<meta name=\"robots\" content=\"index, follow, max-snippet:-1, max-image-preview:large, max-video-preview:-1\" \/>\n<link rel=\"canonical\" href=\"https:\/\/tecus.com.tr\/en\/product\/9-series-clamps\/\" \/>\n<meta property=\"og:locale\" content=\"en_US\" \/>\n<meta property=\"og:type\" content=\"article\" \/>\n<meta property=\"og:title\" content=\"9-Series Clamps - Tecus Teknoloji\" \/>\n<meta property=\"og:description\" content=\"This adjustable low-profile, cam-action clamp allows different sized parts to be tightened by simply turning one of the edges. The clamps have a height of 10mm and use an M12 cam bolt. Each of the six clamping surfaces is 1mm different from the axis, as shown in the chart. Therefore, a 9-Series Clamp can tighten variable gauges of up to 9.4mm simply by rotating the clamp to a different clamping surface.   - Threaded or flat clamps - Heat treated and coated -17800 N.m. holding force &nbsp; &nbsp;\" \/>\n<meta property=\"og:url\" content=\"https:\/\/tecus.com.tr\/en\/product\/9-series-clamps\/\" \/>\n<meta property=\"og:site_name\" content=\"Tecus Teknoloji\" \/>\n<meta property=\"article:modified_time\" content=\"2025-12-03T12:18:46+00:00\" \/>\n<meta property=\"og:image\" content=\"https:\/\/tecus.com.tr\/wp-content\/uploads\/2018\/04\/series9_header.png\" \/>\n\t<meta property=\"og:image:width\" content=\"1024\" \/>\n\t<meta property=\"og:image:height\" content=\"1024\" \/>\n\t<meta property=\"og:image:type\" content=\"image\/png\" \/>\n<meta name=\"twitter:card\" content=\"summary_large_image\" \/>\n<script type=\"application\/ld+json\" class=\"yoast-schema-graph\">{\"@context\":\"https:\/\/schema.org\",\"@graph\":[{\"@type\":\"WebPage\",\"@id\":\"https:\/\/tecus.com.tr\/en\/product\/9-series-clamps\/\",\"url\":\"https:\/\/tecus.com.tr\/en\/product\/9-series-clamps\/\",\"name\":\"9-Series Clamps - Tecus Teknoloji\",\"isPartOf\":{\"@id\":\"https:\/\/tecus.com.tr\/en\/#website\"},\"datePublished\":\"2018-04-15T11:16:13+00:00\",\"dateModified\":\"2025-12-03T12:18:46+00:00\",\"breadcrumb\":{\"@id\":\"https:\/\/tecus.com.tr\/en\/product\/9-series-clamps\/#breadcrumb\"},\"inLanguage\":\"en-US\",\"potentialAction\":[{\"@type\":\"ReadAction\",\"target\":[\"https:\/\/tecus.com.tr\/en\/product\/9-series-clamps\/\"]}]},{\"@type\":\"BreadcrumbList\",\"@id\":\"https:\/\/tecus.com.tr\/en\/product\/9-series-clamps\/#breadcrumb\",\"itemListElement\":[{\"@type\":\"ListItem\",\"position\":1,\"name\":\"Ana sayfa\",\"item\":\"https:\/\/tecus.com.tr\/en\/\"},{\"@type\":\"ListItem\",\"position\":2,\"name\":\"Ma\u011faza\",\"item\":\"https:\/\/tecus.com.tr\/magaza\/\"},{\"@type\":\"ListItem\",\"position\":3,\"name\":\"9-Series Clamps\"}]},{\"@type\":\"WebSite\",\"@id\":\"https:\/\/tecus.com.tr\/en\/#website\",\"url\":\"https:\/\/tecus.com.tr\/en\/\",\"name\":\"Tecus Teknoloji\",\"description\":\"CNC par\u00e7a ba\u011flama \u00e7\u00f6z\u00fcmleri\",\"publisher\":{\"@id\":\"https:\/\/tecus.com.tr\/en\/#organization\"},\"potentialAction\":[{\"@type\":\"SearchAction\",\"target\":{\"@type\":\"EntryPoint\",\"urlTemplate\":\"https:\/\/tecus.com.tr\/en\/?s={search_term_string}\"},\"query-input\":\"required name=search_term_string\"}],\"inLanguage\":\"en-US\"},{\"@type\":\"Organization\",\"@id\":\"https:\/\/tecus.com.tr\/en\/#organization\",\"name\":\"Tecus Teknoloji\",\"url\":\"https:\/\/tecus.com.tr\/en\/\",\"logo\":{\"@type\":\"ImageObject\",\"inLanguage\":\"en-US\",\"@id\":\"https:\/\/tecus.com.tr\/en\/#\/schema\/logo\/image\/\",\"url\":\"https:\/\/tecus.com.tr\/wp-content\/uploads\/2018\/04\/tecus-logo-beyaz-2-e1528750997765.png\",\"contentUrl\":\"https:\/\/tecus.com.tr\/wp-content\/uploads\/2018\/04\/tecus-logo-beyaz-2-e1528750997765.png\",\"width\":250,\"height\":53,\"caption\":\"Tecus Teknoloji\"},\"image\":{\"@id\":\"https:\/\/tecus.com.tr\/en\/#\/schema\/logo\/image\/\"}}]}<\/script>\n<!-- \/ Yoast SEO plugin. -->","yoast_head_json":{"title":"9-Series Clamps - Tecus Teknoloji","robots":{"index":"index","follow":"follow","max-snippet":"max-snippet:-1","max-image-preview":"max-image-preview:large","max-video-preview":"max-video-preview:-1"},"canonical":"https:\/\/tecus.com.tr\/en\/product\/9-series-clamps\/","og_locale":"en_US","og_type":"article","og_title":"9-Series Clamps - Tecus Teknoloji","og_description":"This adjustable low-profile, cam-action clamp allows different sized parts to be tightened by simply turning one of the edges. The clamps have a height of 10mm and use an M12 cam bolt. Each of the six clamping surfaces is 1mm different from the axis, as shown in the chart. Therefore, a 9-Series Clamp can tighten variable gauges of up to 9.4mm simply by rotating the clamp to a different clamping surface.   - Threaded or flat clamps - Heat treated and coated -17800 N.m. holding force &nbsp; &nbsp;","og_url":"https:\/\/tecus.com.tr\/en\/product\/9-series-clamps\/","og_site_name":"Tecus Teknoloji","article_modified_time":"2025-12-03T12:18:46+00:00","og_image":[{"width":1024,"height":1024,"url":"https:\/\/tecus.com.tr\/wp-content\/uploads\/2018\/04\/series9_header.png","type":"image\/png"}],"twitter_card":"summary_large_image","schema":{"@context":"https:\/\/schema.org","@graph":[{"@type":"WebPage","@id":"https:\/\/tecus.com.tr\/en\/product\/9-series-clamps\/","url":"https:\/\/tecus.com.tr\/en\/product\/9-series-clamps\/","name":"9-Series Clamps - Tecus Teknoloji","isPartOf":{"@id":"https:\/\/tecus.com.tr\/en\/#website"},"datePublished":"2018-04-15T11:16:13+00:00","dateModified":"2025-12-03T12:18:46+00:00","breadcrumb":{"@id":"https:\/\/tecus.com.tr\/en\/product\/9-series-clamps\/#breadcrumb"},"inLanguage":"en-US","potentialAction":[{"@type":"ReadAction","target":["https:\/\/tecus.com.tr\/en\/product\/9-series-clamps\/"]}]},{"@type":"BreadcrumbList","@id":"https:\/\/tecus.com.tr\/en\/product\/9-series-clamps\/#breadcrumb","itemListElement":[{"@type":"ListItem","position":1,"name":"Ana sayfa","item":"https:\/\/tecus.com.tr\/en\/"},{"@type":"ListItem","position":2,"name":"Ma\u011faza","item":"https:\/\/tecus.com.tr\/magaza\/"},{"@type":"ListItem","position":3,"name":"9-Series Clamps"}]},{"@type":"WebSite","@id":"https:\/\/tecus.com.tr\/en\/#website","url":"https:\/\/tecus.com.tr\/en\/","name":"Tecus Teknoloji","description":"CNC par\u00e7a ba\u011flama \u00e7\u00f6z\u00fcmleri","publisher":{"@id":"https:\/\/tecus.com.tr\/en\/#organization"},"potentialAction":[{"@type":"SearchAction","target":{"@type":"EntryPoint","urlTemplate":"https:\/\/tecus.com.tr\/en\/?s={search_term_string}"},"query-input":"required name=search_term_string"}],"inLanguage":"en-US"},{"@type":"Organization","@id":"https:\/\/tecus.com.tr\/en\/#organization","name":"Tecus Teknoloji","url":"https:\/\/tecus.com.tr\/en\/","logo":{"@type":"ImageObject","inLanguage":"en-US","@id":"https:\/\/tecus.com.tr\/en\/#\/schema\/logo\/image\/","url":"https:\/\/tecus.com.tr\/wp-content\/uploads\/2018\/04\/tecus-logo-beyaz-2-e1528750997765.png","contentUrl":"https:\/\/tecus.com.tr\/wp-content\/uploads\/2018\/04\/tecus-logo-beyaz-2-e1528750997765.png","width":250,"height":53,"caption":"Tecus Teknoloji"},"image":{"@id":"https:\/\/tecus.com.tr\/en\/#\/schema\/logo\/image\/"}}]}},"_links":{"self":[{"href":"https:\/\/tecus.com.tr\/en\/wp-json\/wp\/v2\/product\/28088","targetHints":{"allow":["GET"]}}],"collection":[{"href":"https:\/\/tecus.com.tr\/en\/wp-json\/wp\/v2\/product"}],"about":[{"href":"https:\/\/tecus.com.tr\/en\/wp-json\/wp\/v2\/types\/product"}],"version-history":[{"count":3,"href":"https:\/\/tecus.com.tr\/en\/wp-json\/wp\/v2\/product\/28088\/revisions"}],"predecessor-version":[{"id":40246,"href":"https:\/\/tecus.com.tr\/en\/wp-json\/wp\/v2\/product\/28088\/revisions\/40246"}],"wp:featuredmedia":[{"embeddable":true,"href":"https:\/\/tecus.com.tr\/en\/wp-json\/wp\/v2\/media\/36319"}],"wp:attachment":[{"href":"https:\/\/tecus.com.tr\/en\/wp-json\/wp\/v2\/media?parent=28088"}],"wp:term":[{"taxonomy":"product_brand","embeddable":true,"href":"https:\/\/tecus.com.tr\/en\/wp-json\/wp\/v2\/product_brand?post=28088"},{"taxonomy":"product_cat","embeddable":true,"href":"https:\/\/tecus.com.tr\/en\/wp-json\/wp\/v2\/product_cat?post=28088"},{"taxonomy":"product_tag","embeddable":true,"href":"https:\/\/tecus.com.tr\/en\/wp-json\/wp\/v2\/product_tag?post=28088"}],"curies":[{"name":"wp","href":"https:\/\/api.w.org\/{rel}","templated":true}]}}