{"id":28075,"date":"2018-07-07T13:18:50","date_gmt":"2018-07-07T13:18:50","guid":{"rendered":"https:\/\/tecus.com.tr\/urun\/vacmagic-vm300-vacuum-table\/"},"modified":"2025-10-30T18:34:55","modified_gmt":"2025-10-30T18:34:55","slug":"vacmagic-vm300-vacuum-table","status":"publish","type":"product","link":"https:\/\/tecus.com.tr\/en\/product\/vacmagic-vm300-vacuum-table\/","title":{"rendered":"Vacmagic VM300 Vacuum Table"},"content":{"rendered":"\t\t<div data-elementor-type=\"wp-post\" data-elementor-id=\"28075\" class=\"elementor elementor-28075 elementor-9262\" data-elementor-post-type=\"product\">\n\t\t\t\t\t\t<section class=\"elementor-section elementor-top-section elementor-element elementor-element-5e5f45d2 elementor-section-boxed elementor-section-height-default elementor-section-height-default\" data-id=\"5e5f45d2\" data-element_type=\"section\">\n\t\t\t\t\t\t<div class=\"elementor-container elementor-column-gap-default\">\n\t\t\t\t\t<div class=\"elementor-column elementor-col-100 elementor-top-column elementor-element elementor-element-6f51dd41\" data-id=\"6f51dd41\" data-element_type=\"column\">\n\t\t\t<div class=\"elementor-widget-wrap elementor-element-populated\">\n\t\t\t\t\t\t<div class=\"elementor-element elementor-element-663fc1b8 elementor-widget elementor-widget-text-editor\" data-id=\"663fc1b8\" data-element_type=\"widget\" data-widget_type=\"text-editor.default\">\n\t\t\t\t<div class=\"elementor-widget-container\">\n\t\t\t\t\t\t\t\t\t<p><img fetchpriority=\"high\" decoding=\"async\" src=\"http:\/\/www.miteebite.com\/wp-content\/uploads\/2014\/02\/vacmagic300_draw.png\" alt=\"\" width=\"412\" height=\"341\"><br>In a relatively short period of time, the VM300 has established itself as a vacuum system that others measure. Capabilities include our standard grid plate and special vacuum applications (e.g., machining empty pallet to suit specific part geometry) and traditional vacuum applications using the ability to operate as a rock-filled pallet changer. <\/p><table><tbody><tr><th align=\"left\">Item No.<\/th><th align=\"left\">Description<\/th><th align=\"left\">A &#8211; Length Inch (Metric)<\/th><th align=\"left\">B &#8211; Width Inch (Metric)<\/th><th align=\"left\">C &#8211; Height Inch (Metric)<\/th><\/tr><tr><td align=\"center\">45130<\/td><td align=\"LEFT\">VM300 Blank Pallet<\/td><td align=\"CENTER\">14.3&#8243; (360 mm)<\/td><td align=\"CENTER\">12.4&#8243; (315 mm)<\/td><td align=\"CENTER\">0.75&#8243; (19 mm)<\/td><\/tr><tr><td align=\"center\">45135<\/td><td align=\"LEFT\">1&#8243; Blank Pallet<\/td><td align=\"CENTER\">14.93&#8243; (379mm)<\/td><td align=\"CENTER\">14.93&#8243; (379mm)<\/td><td align=\"CENTER\">1.0&#8243; (25.4 mm)<\/td><\/tr><tr><td align=\"center\">45150<\/td><td align=\"LEFT\">VM300 Vacuum Pallet<\/td><td align=\"CENTER\">14.3&#8243; (360 mm)<\/td><td align=\"CENTER\">12.4&#8243; (315 mm)<\/td><td align=\"CENTER\">0.625&#8243; (16 mm)<\/td><\/tr><tr><td align=\"center\">45160<\/td><td align=\"LEFT\">VM300 Large Vacuum Pallet<\/td><td align=\"CENTER\">33.625&#8243; (859mm)<\/td><td align=\"CENTER\">14.5&#8243; (368mm)<\/td><td align=\"CENTER\">0.625&#8243; (16 mm)<\/td><\/tr><tr><td align=\"center\">45175<\/td><td align=\"LEFT\">VM300 Base Unit (Receiver) includes all hardware<\/td><td align=\"CENTER\">12.75&#8243; (323mm)<\/td><td align=\"CENTER\">13.0&#8243; (330 mm)<\/td><td align=\"CENTER\">1.375&#8243; (35mm)<\/td><\/tr><tr><td align=\"center\">45101<\/td><td colspan=\"4\" align=\"LEFT\">VM300 Kit Contents: main unit, 2 blank pallets, 1 vacuum pallet<\/td><\/tr><\/tbody><\/table><h2> <\/h2><h2>Gasket material<\/h2><p>(for VM300 and VM100)<\/p><table><tbody><tr> <th align=\"left\"> <\/th><th align=\"left\">Part No.<\/th><th align=\"left\">Description<\/th><th align=\"left\">Diameter (Inch)<\/th><\/tr><tr><td align=\"center\">BLACK<\/td><td align=\"LEFT\">45111<\/td><td align=\"CENTER\">Walking<\/td><td align=\"CENTER\">0.170*<\/td><\/tr><tr> <td align=\"center\"> <\/td><td align=\"LEFT\">45115<\/td><td align=\"CENTER\">Walking<\/td><td align=\"CENTER\">0.070<\/td><\/tr><tr> <td align=\"center\"> <\/td><td align=\"LEFT\">451181<\/td><td align=\"CENTER\">Walking<\/td><td align=\"CENTER\">0.125<\/td><\/tr><tr> <td align=\"center\"> <\/td><td align=\"LEFT\">45119<\/td><td align=\"CENTER\">Walking<\/td><td align=\"CENTER\">0.188<\/td><\/tr><tr><td align=\"center\">WHITE<\/td><td align=\"LEFT\">45114<\/td><td align=\"CENTER\">Walking<\/td><td align=\"CENTER\">0.170*<\/td><\/tr><tr> <td align=\"center\"> <\/td><td align=\"LEFT\">45116<\/td><td align=\"CENTER\">Walking<\/td><td align=\"CENTER\">0.070<\/td><\/tr><tr> <td align=\"center\"> <\/td><td align=\"LEFT\">45117<\/td><td align=\"CENTER\">Walking<\/td><td align=\"CENTER\">0.125<\/td><\/tr><\/tbody><\/table><p><strong>BLACK<\/strong> &#8211; Excellent for long cycles and aggressive coolants<br><strong>WHITE<\/strong> &#8211; Perfect for small parts, water-based coolants, or dry operations.<br>* Replacement size for base units and vacuum pallets. See other listed sizes for custom pallets. <\/p><table border=\"0\" width=\"982\" cellspacing=\"2\" cellpadding=\"1\"><tbody><tr><td align=\"left\" valign=\"top\" width=\"403\"><h3>Additional Benefits<\/h3><ul><li>Simple design keeps costs low<\/li><li>Quick change &#8211; change pallets in 30 seconds or less<\/li><li>Maximize productivity &#8211; load pallets during machining<\/li><li>Easy setup and installation with precise repeatability<\/li><li>Reliable and easy to use &#8211; virtually maintenance-free<\/li><li>Flexible pallet design &#8211; limited only by your imagination!<\/li><li>No pump required &#8211; uses standard shop air<\/li><li>Comes with a package of our original Fixture Clamps and Sliding Stops with purchase.<\/li><\/ul><\/td><td align=\"center\" valign=\"top\" width=\"569\"><img decoding=\"async\" src=\"http:\/\/www.miteebite.com\/wp-content\/uploads\/2014\/02\/vacmagic1.jpg\" alt=\"\" width=\"499\" height=\"209\"><\/td><\/tr><\/tbody><\/table>\t\t\t\t\t\t\t\t<\/div>\n\t\t\t\t<\/div>\n\t\t\t\t\t<\/div>\n\t\t<\/div>\n\t\t\t\t\t<\/div>\n\t\t<\/section>\n\t\t\t\t<\/div>\n\t\t","protected":false},"excerpt":{"rendered":"<p>In a relatively short period of time, the VM300 has established itself as a vacuum system that others measure. Capabilities include our standard grid plate and special vacuum applications (e.g., machining empty pallet to suit specific part geometry) and traditional vacuum applications using the ability to operate as a rock-filled pallet changer. <\/p>\n","protected":false},"featured_media":36313,"template":"","meta":{"_acf_changed":false},"product_brand":[],"product_cat":[360],"product_tag":[],"class_list":{"0":"post-28075","1":"product","2":"type-product","3":"status-publish","4":"has-post-thumbnail","6":"product_cat-vacuum-tables","8":"first","9":"instock","10":"taxable","11":"shipping-taxable","12":"product-type-simple"},"acf":[],"yoast_head":"<!-- This site is optimized with the Yoast SEO plugin v20.2.1 - https:\/\/yoast.com\/wordpress\/plugins\/seo\/ -->\n<title>Vacmagic VM300 Vacuum Table - Tecus Teknoloji<\/title>\n<meta name=\"robots\" content=\"index, follow, max-snippet:-1, max-image-preview:large, max-video-preview:-1\" \/>\n<link rel=\"canonical\" href=\"https:\/\/tecus.com.tr\/en\/product\/vacmagic-vm300-vacuum-table\/\" \/>\n<meta property=\"og:locale\" content=\"en_US\" \/>\n<meta property=\"og:type\" content=\"article\" \/>\n<meta property=\"og:title\" content=\"Vacmagic VM300 Vacuum Table - Tecus Teknoloji\" \/>\n<meta property=\"og:description\" content=\"In a relatively short period of time, the VM300 has established itself as a vacuum system that others measure. Capabilities include our standard grid plate and special vacuum applications (e.g., machining empty pallet to suit specific part geometry) and traditional vacuum applications using the ability to operate as a rock-filled pallet changer.\" \/>\n<meta property=\"og:url\" content=\"https:\/\/tecus.com.tr\/en\/product\/vacmagic-vm300-vacuum-table\/\" \/>\n<meta property=\"og:site_name\" content=\"Tecus Teknoloji\" \/>\n<meta property=\"article:modified_time\" content=\"2025-10-30T18:34:55+00:00\" \/>\n<meta property=\"og:image\" content=\"https:\/\/tecus.com.tr\/wp-content\/uploads\/2018\/07\/Vacmagic-Chuck.png\" \/>\n\t<meta property=\"og:image:width\" content=\"1024\" \/>\n\t<meta property=\"og:image:height\" content=\"1024\" \/>\n\t<meta property=\"og:image:type\" content=\"image\/png\" \/>\n<meta name=\"twitter:card\" content=\"summary_large_image\" \/>\n<meta name=\"twitter:label1\" content=\"Est. reading time\" \/>\n\t<meta name=\"twitter:data1\" content=\"1 minute\" \/>\n<script type=\"application\/ld+json\" class=\"yoast-schema-graph\">{\"@context\":\"https:\/\/schema.org\",\"@graph\":[{\"@type\":\"WebPage\",\"@id\":\"https:\/\/tecus.com.tr\/en\/product\/vacmagic-vm300-vacuum-table\/\",\"url\":\"https:\/\/tecus.com.tr\/en\/product\/vacmagic-vm300-vacuum-table\/\",\"name\":\"Vacmagic VM300 Vacuum Table - Tecus Teknoloji\",\"isPartOf\":{\"@id\":\"https:\/\/tecus.com.tr\/en\/#website\"},\"datePublished\":\"2018-07-07T13:18:50+00:00\",\"dateModified\":\"2025-10-30T18:34:55+00:00\",\"breadcrumb\":{\"@id\":\"https:\/\/tecus.com.tr\/en\/product\/vacmagic-vm300-vacuum-table\/#breadcrumb\"},\"inLanguage\":\"en-US\",\"potentialAction\":[{\"@type\":\"ReadAction\",\"target\":[\"https:\/\/tecus.com.tr\/en\/product\/vacmagic-vm300-vacuum-table\/\"]}]},{\"@type\":\"BreadcrumbList\",\"@id\":\"https:\/\/tecus.com.tr\/en\/product\/vacmagic-vm300-vacuum-table\/#breadcrumb\",\"itemListElement\":[{\"@type\":\"ListItem\",\"position\":1,\"name\":\"Ana sayfa\",\"item\":\"https:\/\/tecus.com.tr\/en\/\"},{\"@type\":\"ListItem\",\"position\":2,\"name\":\"Ma\u011faza\",\"item\":\"https:\/\/tecus.com.tr\/magaza\/\"},{\"@type\":\"ListItem\",\"position\":3,\"name\":\"Vacmagic VM300 Vacuum Table\"}]},{\"@type\":\"WebSite\",\"@id\":\"https:\/\/tecus.com.tr\/en\/#website\",\"url\":\"https:\/\/tecus.com.tr\/en\/\",\"name\":\"Tecus Teknoloji\",\"description\":\"CNC par\u00e7a ba\u011flama \u00e7\u00f6z\u00fcmleri\",\"publisher\":{\"@id\":\"https:\/\/tecus.com.tr\/en\/#organization\"},\"potentialAction\":[{\"@type\":\"SearchAction\",\"target\":{\"@type\":\"EntryPoint\",\"urlTemplate\":\"https:\/\/tecus.com.tr\/en\/?s={search_term_string}\"},\"query-input\":\"required name=search_term_string\"}],\"inLanguage\":\"en-US\"},{\"@type\":\"Organization\",\"@id\":\"https:\/\/tecus.com.tr\/en\/#organization\",\"name\":\"Tecus Teknoloji\",\"url\":\"https:\/\/tecus.com.tr\/en\/\",\"logo\":{\"@type\":\"ImageObject\",\"inLanguage\":\"en-US\",\"@id\":\"https:\/\/tecus.com.tr\/en\/#\/schema\/logo\/image\/\",\"url\":\"https:\/\/tecus.com.tr\/wp-content\/uploads\/2018\/04\/tecus-logo-beyaz-2-e1528750997765.png\",\"contentUrl\":\"https:\/\/tecus.com.tr\/wp-content\/uploads\/2018\/04\/tecus-logo-beyaz-2-e1528750997765.png\",\"width\":250,\"height\":53,\"caption\":\"Tecus Teknoloji\"},\"image\":{\"@id\":\"https:\/\/tecus.com.tr\/en\/#\/schema\/logo\/image\/\"}}]}<\/script>\n<!-- \/ Yoast SEO plugin. -->","yoast_head_json":{"title":"Vacmagic VM300 Vacuum Table - Tecus Teknoloji","robots":{"index":"index","follow":"follow","max-snippet":"max-snippet:-1","max-image-preview":"max-image-preview:large","max-video-preview":"max-video-preview:-1"},"canonical":"https:\/\/tecus.com.tr\/en\/product\/vacmagic-vm300-vacuum-table\/","og_locale":"en_US","og_type":"article","og_title":"Vacmagic VM300 Vacuum Table - Tecus Teknoloji","og_description":"In a relatively short period of time, the VM300 has established itself as a vacuum system that others measure. Capabilities include our standard grid plate and special vacuum applications (e.g., machining empty pallet to suit specific part geometry) and traditional vacuum applications using the ability to operate as a rock-filled pallet changer.","og_url":"https:\/\/tecus.com.tr\/en\/product\/vacmagic-vm300-vacuum-table\/","og_site_name":"Tecus Teknoloji","article_modified_time":"2025-10-30T18:34:55+00:00","og_image":[{"width":1024,"height":1024,"url":"https:\/\/tecus.com.tr\/wp-content\/uploads\/2018\/07\/Vacmagic-Chuck.png","type":"image\/png"}],"twitter_card":"summary_large_image","twitter_misc":{"Est. reading time":"1 minute"},"schema":{"@context":"https:\/\/schema.org","@graph":[{"@type":"WebPage","@id":"https:\/\/tecus.com.tr\/en\/product\/vacmagic-vm300-vacuum-table\/","url":"https:\/\/tecus.com.tr\/en\/product\/vacmagic-vm300-vacuum-table\/","name":"Vacmagic VM300 Vacuum Table - Tecus Teknoloji","isPartOf":{"@id":"https:\/\/tecus.com.tr\/en\/#website"},"datePublished":"2018-07-07T13:18:50+00:00","dateModified":"2025-10-30T18:34:55+00:00","breadcrumb":{"@id":"https:\/\/tecus.com.tr\/en\/product\/vacmagic-vm300-vacuum-table\/#breadcrumb"},"inLanguage":"en-US","potentialAction":[{"@type":"ReadAction","target":["https:\/\/tecus.com.tr\/en\/product\/vacmagic-vm300-vacuum-table\/"]}]},{"@type":"BreadcrumbList","@id":"https:\/\/tecus.com.tr\/en\/product\/vacmagic-vm300-vacuum-table\/#breadcrumb","itemListElement":[{"@type":"ListItem","position":1,"name":"Ana sayfa","item":"https:\/\/tecus.com.tr\/en\/"},{"@type":"ListItem","position":2,"name":"Ma\u011faza","item":"https:\/\/tecus.com.tr\/magaza\/"},{"@type":"ListItem","position":3,"name":"Vacmagic VM300 Vacuum Table"}]},{"@type":"WebSite","@id":"https:\/\/tecus.com.tr\/en\/#website","url":"https:\/\/tecus.com.tr\/en\/","name":"Tecus Teknoloji","description":"CNC par\u00e7a ba\u011flama \u00e7\u00f6z\u00fcmleri","publisher":{"@id":"https:\/\/tecus.com.tr\/en\/#organization"},"potentialAction":[{"@type":"SearchAction","target":{"@type":"EntryPoint","urlTemplate":"https:\/\/tecus.com.tr\/en\/?s={search_term_string}"},"query-input":"required name=search_term_string"}],"inLanguage":"en-US"},{"@type":"Organization","@id":"https:\/\/tecus.com.tr\/en\/#organization","name":"Tecus Teknoloji","url":"https:\/\/tecus.com.tr\/en\/","logo":{"@type":"ImageObject","inLanguage":"en-US","@id":"https:\/\/tecus.com.tr\/en\/#\/schema\/logo\/image\/","url":"https:\/\/tecus.com.tr\/wp-content\/uploads\/2018\/04\/tecus-logo-beyaz-2-e1528750997765.png","contentUrl":"https:\/\/tecus.com.tr\/wp-content\/uploads\/2018\/04\/tecus-logo-beyaz-2-e1528750997765.png","width":250,"height":53,"caption":"Tecus Teknoloji"},"image":{"@id":"https:\/\/tecus.com.tr\/en\/#\/schema\/logo\/image\/"}}]}},"_links":{"self":[{"href":"https:\/\/tecus.com.tr\/en\/wp-json\/wp\/v2\/product\/28075","targetHints":{"allow":["GET"]}}],"collection":[{"href":"https:\/\/tecus.com.tr\/en\/wp-json\/wp\/v2\/product"}],"about":[{"href":"https:\/\/tecus.com.tr\/en\/wp-json\/wp\/v2\/types\/product"}],"version-history":[{"count":6,"href":"https:\/\/tecus.com.tr\/en\/wp-json\/wp\/v2\/product\/28075\/revisions"}],"predecessor-version":[{"id":48074,"href":"https:\/\/tecus.com.tr\/en\/wp-json\/wp\/v2\/product\/28075\/revisions\/48074"}],"wp:featuredmedia":[{"embeddable":true,"href":"https:\/\/tecus.com.tr\/en\/wp-json\/wp\/v2\/media\/36313"}],"wp:attachment":[{"href":"https:\/\/tecus.com.tr\/en\/wp-json\/wp\/v2\/media?parent=28075"}],"wp:term":[{"taxonomy":"product_brand","embeddable":true,"href":"https:\/\/tecus.com.tr\/en\/wp-json\/wp\/v2\/product_brand?post=28075"},{"taxonomy":"product_cat","embeddable":true,"href":"https:\/\/tecus.com.tr\/en\/wp-json\/wp\/v2\/product_cat?post=28075"},{"taxonomy":"product_tag","embeddable":true,"href":"https:\/\/tecus.com.tr\/en\/wp-json\/wp\/v2\/product_tag?post=28075"}],"curies":[{"name":"wp","href":"https:\/\/api.w.org\/{rel}","templated":true}]}}