{"id":28048,"date":"2018-04-15T11:16:13","date_gmt":"2018-04-15T11:16:13","guid":{"rendered":"https:\/\/tecus.com.tr\/urun\/versa-grip-vise-jaw-system\/"},"modified":"2025-12-03T12:17:57","modified_gmt":"2025-12-03T12:17:57","slug":"versa-grip-vise-jaw-system","status":"publish","type":"product","link":"https:\/\/tecus.com.tr\/en\/product\/versa-grip-vise-jaw-system\/","title":{"rendered":"Versa Grip Jaws"},"content":{"rendered":"\t\t<div data-elementor-type=\"wp-post\" data-elementor-id=\"28048\" class=\"elementor elementor-28048 elementor-9110\" data-elementor-post-type=\"product\">\n\t\t\t\t\t\t<section class=\"elementor-section elementor-top-section elementor-element elementor-element-33f8860 elementor-section-boxed elementor-section-height-default elementor-section-height-default\" data-id=\"33f8860\" data-element_type=\"section\">\n\t\t\t\t\t\t<div class=\"elementor-container elementor-column-gap-default\">\n\t\t\t\t\t<div class=\"elementor-column elementor-col-100 elementor-top-column elementor-element elementor-element-719bd0fe\" data-id=\"719bd0fe\" data-element_type=\"column\">\n\t\t\t<div class=\"elementor-widget-wrap elementor-element-populated\">\n\t\t\t\t\t\t<div class=\"elementor-element elementor-element-2d8818e3 elementor-widget elementor-widget-text-editor\" data-id=\"2d8818e3\" data-element_type=\"widget\" data-widget_type=\"text-editor.default\">\n\t\t\t\t<div class=\"elementor-widget-container\">\n\t\t\t\t\t\t\t\t\t<div class=\"prodinfocont\"><div class=\"proddescript\"><h2 class=\"white\">VersaGrip\u2122 Vise Jaws<\/h2><p>As the name suggests, VersaGrip\u2122 offers the versatility of clamping standard vise work while also providing a solution for challenging applications that would typically require fixturing or machining soft-jaws. By simply replacing your current jaws with the VersaGrip\u2122 system, you can securely hold oddly shaped parts while machining at speeds and feeds you never thought possible. <\/p><\/div><\/div><div class=\"fullwidthdrawing\"><table class=\"tableshiftdown\" border=\"0\" width=\"982\" cellspacing=\"2\" cellpadding=\"1\"><tbody><tr><td align=\"center\" valign=\"middle\" width=\"245\"><img decoding=\"async\" src=\"https:\/\/www.miteebite.com\/wp-content\/uploads\/2014\/02\/versa_grip1.jpg\" alt=\"\" width=\"220\" height=\"192\"><\/td><td align=\"center\" valign=\"middle\" width=\"245\"><img decoding=\"async\" src=\"https:\/\/www.miteebite.com\/wp-content\/uploads\/2014\/02\/versa_grip2.jpg\" alt=\"\" width=\"220\" height=\"192\"><\/td><td align=\"center\" valign=\"middle\" width=\"245\"><img decoding=\"async\" src=\"https:\/\/www.miteebite.com\/wp-content\/uploads\/2014\/02\/versa_grip3.jpg\" alt=\"\" width=\"220\" height=\"192\"><\/td><td align=\"center\" valign=\"middle\" width=\"245\"><img loading=\"lazy\" decoding=\"async\" src=\"https:\/\/www.miteebite.com\/wp-content\/uploads\/2014\/02\/versa_grip4.jpg\" alt=\"\" width=\"220\" height=\"192\"><\/td><\/tr><tr><td align=\"center\" valign=\"middle\"><strong>Large Dimensions<\/strong><\/td><td align=\"center\" valign=\"middle\"><strong>Odd-Shaped Parts<\/strong><\/td><td align=\"center\" valign=\"middle\"><strong>Multiple Parts<\/strong><\/td><td align=\"center\" valign=\"middle\"><strong>Tombstone Application<\/strong><\/td><\/tr><\/tbody><\/table><\/div><div class=\"fullwidthdrawing\"><table class=\"tableshiftdown\" border=\"0\" width=\"982\" cellspacing=\"0\" cellpadding=\"0\"><tbody><tr><td align=\"left\" valign=\"top\" width=\"286\">This system can accommodate a wide range of part sizes as well as hold multiple parts in a single cycle. The hardened (55-58 HRC) VersaGrip\u2122 has penetrating teeth designed to bite into your workpiece, preventing lateral and horizontal movement. These grips will hold flame-cut parts, castings, and even parts with a negative draft!  <\/td><td align=\"center\" valign=\"top\" width=\"696\"><h3 class=\"white\"><a href=\"https:\/\/www.miteebite.com\/wp-content\/uploads\/2014\/02\/versa_grip1.png\" rel=\"lightbox[967]\"><img loading=\"lazy\" decoding=\"async\" class=\"alignnone wp-image-1474\" src=\"https:\/\/www.miteebite.com\/wp-content\/uploads\/2025\/05\/VERSAGRIP_chart-drawing-gripA.png\" alt=\"versa_grip2\" width=\"159\" height=\"174\"><img loading=\"lazy\" decoding=\"async\" class=\"alignnone wp-image-1473\" src=\"https:\/\/www.miteebite.com\/wp-content\/uploads\/2025\/05\/VERSAGRIP_chart-drawing-jaws.png\" alt=\"versa_grip1\" width=\"423\" height=\"383\"><\/a><\/h3><\/td><\/tr><\/tbody><\/table><\/div><h2 class=\"white\">STEEL VISE JAW SET<\/h2><p>All Jaws threaded M5<\/p><p><strong>Set includes 2 Jaws, 4 VersaGrips\u2122 (32175) with M5 Screws<\/strong><\/p><table class=\"smalltable\" border=\"0\" cellspacing=\"2\" cellpadding=\"1\"><tbody><tr class=\"tbbordbot\"><th align=\"center\">Part No.<\/th><th align=\"center\"> <\/th><th align=\"left\">Vise (metric)<\/th><th align=\"center\">A (metric)<\/th><th align=\"center\">B (metric)<\/th><th align=\"center\">C (metric)<\/th><th align=\"center\">D (metric)<\/th><th align=\"center\">E (metric)<\/th><\/tr><tr><td colspan=\"8\">WITH MOUNTING HOLES<\/td><\/tr><tr><td align=\"center\">32166<\/td><td align=\"center\"><a href=\"https:\/\/miteebite.com\/MB%20CAD%20FILES\/Versagrip\/32166.STEP\" target=\"_blank\" rel=\"noopener\">CAD<\/a><\/td><td align=\"left\">4&#8243;\/6&#8243; (100mm\/150mm)<\/td><td align=\"center\">6.00 (150)<\/td><td align=\"center\">1.88 (47.75)<\/td><td align=\"center\">1.0 (25.4)<\/td><td align=\"center\">2.5\/3.88 (63.5\/98.55)<\/td><td align=\"center\">.688\/.94 (17.47\/23.87)<\/td><\/tr><tr><td align=\"center\">32168<\/td><td align=\"center\"><a href=\"https:\/\/miteebite.com\/MB%20CAD%20FILES\/Versagrip\/32168.STEP\" target=\"_blank\" rel=\"noopener\">CAD<\/a><\/td><td align=\"left\">6&#8243; (150mm)<\/td><td align=\"center\">8.00 (200)<\/td><td align=\"center\">1.88 (47.75)<\/td><td align=\"center\">1.0 (25.4)<\/td><td align=\"center\">3.88 (98.55)<\/td><td align=\"center\">.94 (23.87)<\/td><\/tr><tr><td colspan=\"8\">WITHOUT MOUNTING HOLES<\/td><\/tr><tr><td align=\"center\">33166<\/td><td align=\"center\"><a href=\"https:\/\/miteebite.com\/MB%20CAD%20FILES\/Versagrip\/33166.STEP\" target=\"_blank\" rel=\"noopener\">CAD<\/a><\/td><td align=\"left\">\u2013<\/td><td align=\"center\">6.00 (150)<\/td><td align=\"center\">1.88 (47.75)<\/td><td align=\"center\">1.0 (25.4)<\/td><td> <\/td><td> <\/td><\/tr><tr><td align=\"center\">33168<\/td><td align=\"center\"><a href=\"https:\/\/miteebite.com\/MB%20CAD%20FILES\/Versagrip\/33168.STEP\" target=\"_blank\" rel=\"noopener\">CAD<\/a><\/td><td align=\"left\">\u2013<\/td><td align=\"center\">8.00 (200)<\/td><td align=\"center\">1.88 (47.75)<\/td><td align=\"center\">1.0 (25.4)<\/td><td> <\/td><td> <\/td><\/tr><\/tbody><\/table><table border=\"0\" width=\"507\" cellspacing=\"1\" cellpadding=\"1\"><tbody><tr><td align=\"left\" valign=\"top\" width=\"501\"><h3 class=\"grey\">VersaGrips\u2122<\/h3><\/td><\/tr><tr><td align=\"left\" valign=\"top\"><table class=\"smalltable\"><tbody><tr class=\"tbbordbot\"><th> <\/th><th>Part No.<\/th><th> <\/th><th>A<\/th><th>B<\/th><th>C<\/th><th>Recommended<br>Gripping Height<\/th><th>No. of Grips<br>Per Pack <\/th><\/tr><tr><td>Inch<br>Metric<\/td><td>33175<br>32175<\/td><td><a href=\"https:\/\/miteebite.com\/MB%20CAD%20FILES\/Versagrip\/33175.STEP\" target=\"_blank\" rel=\"noopener\">CAD<\/a><br><a href=\"https:\/\/miteebite.com\/MB%20CAD%20FILES\/Versagrip\/32175.STEP\" target=\"_blank\" rel=\"noopener\">CAD<\/a><\/td><td align=\"CENTER\" valign=\"BOTTOM\">.750<br>19.05<\/td><td align=\"CENTER\" valign=\"BOTTOM\">.375<br>9.52<\/td><td align=\"CENTER\" valign=\"BOTTOM\">10-32<br>M5<\/td><td align=\"CENTER\" valign=\"BOTTOM\">.060-.140<br>1.5mm-3.5mm<\/td><td align=\"CENTER\" valign=\"BOTTOM\">2<br>2<\/td><\/tr><\/tbody><\/table><\/td><\/tr><\/tbody><\/table><p>Inch grips (33175) for use in fixtures. Metric grips (32175) fit all Mitee-Bite VersaGrip\u2122 Jaw Sets. <\/p><div class=\"fullwidthdrawing\"><p><a href=\"https:\/\/www.miteebite.com\/wp-content\/uploads\/2014\/02\/ATT40439.jpg\" rel=\"lightbox[967]\"><img loading=\"lazy\" decoding=\"async\" class=\"alignnone size-medium wp-image-2492\" src=\"https:\/\/www.miteebite.com\/wp-content\/uploads\/2014\/02\/ATT40439-280x300.jpg\" sizes=\"auto, (max-width: 280px) 100vw, 280px\" srcset=\"https:\/\/www.miteebite.com\/wp-content\/uploads\/2014\/02\/ATT40439-280x300.jpg 280w, https:\/\/www.miteebite.com\/wp-content\/uploads\/2014\/02\/ATT40439.jpg 481w\" alt=\"ATT40439\" width=\"280\" height=\"300\"><\/a><\/p><h3 class=\"grey\">Talongrip\u2122 &amp; Versagrip\u2122 Combo Kits<\/h3><table class=\"smalltable\" width=\"35%\"><tbody><tr class=\"tbbordbot\"><th align=\"left\">33006<\/th><th align=\"left\">Talongrip\u2122 &amp; Versagrip\u2122 6&#8243; Combo Kit<\/th><\/tr><tr><td colspan=\"2\"><strong>Contents of Kit<\/strong><\/td><\/tr><tr><td align=\"left\">32066<\/td><td align=\"left\">6\u2033 Talongrip\u2122 Vise Jaw Set<\/td><\/tr><tr><td align=\"left\">32166<\/td><td align=\"left\">6\u2033 Versagrip\u2122 Vise Jaw Set<\/td><\/tr><\/tbody><\/table><table class=\"smalltable\" width=\"35%\"><tbody><tr class=\"tbbordbot\"><th align=\"left\">33008<\/th><th align=\"left\">Talongrip\u2122 &amp; Versagrip\u2122 8\u2033 Combo Kit<\/th><\/tr><tr><td colspan=\"2\"><strong>Contents of Kit<\/strong><\/td><\/tr><tr><td align=\"left\">32068<\/td><td align=\"left\">8\u2033 Talongrip\u2122 Vise Jaw Set<\/td><\/tr><tr><td align=\"left\">32168<\/td><td align=\"left\">8\u2033 Versagrip\u2122 Vise Jaw Set<\/td><\/tr><\/tbody><\/table><div> <\/div><p>NOTE: All jaws for #33006 are designed to fit on a 4\u2033 or 6\u2033 vise.<br>NOTE: All jaws for #33008 are designed to fit a 6\u2033 vise.<\/p><\/div>\t\t\t\t\t\t\t\t<\/div>\n\t\t\t\t<\/div>\n\t\t\t\t\t<\/div>\n\t\t<\/div>\n\t\t\t\t\t<\/div>\n\t\t<\/section>\n\t\t\t\t<\/div>\n\t\t","protected":false},"excerpt":{"rendered":"<p>VersaGrip\u2122, as the name suggests, offers the versatility of standard vise work clamping while providing a solution for challenging applications that would normally require soft jaws for fixturing or machining. By simply replacing your existing jaws with the VersaGrip\u2122 system, you can securely hold individually shaped parts while machining as quickly as possible. <\/p>\n","protected":false},"featured_media":33341,"template":"","meta":{"_acf_changed":false},"product_brand":[],"product_cat":[354],"product_tag":[369],"class_list":{"0":"post-28048","1":"product","2":"type-product","3":"status-publish","4":"has-post-thumbnail","6":"product_cat-yandan-sikmali-clampler","7":"product_tag-side-clamps","9":"first","10":"instock","11":"sale","12":"taxable","13":"shipping-taxable","14":"purchasable","15":"product-type-simple"},"acf":[],"yoast_head":"<!-- This site is optimized with the Yoast SEO plugin v20.2.1 - https:\/\/yoast.com\/wordpress\/plugins\/seo\/ -->\n<title>Versa Grip Jaws - Tecus Teknoloji<\/title>\n<meta name=\"robots\" content=\"index, follow, max-snippet:-1, max-image-preview:large, max-video-preview:-1\" \/>\n<link rel=\"canonical\" href=\"https:\/\/tecus.com.tr\/en\/product\/versa-grip-vise-jaw-system\/\" \/>\n<meta property=\"og:locale\" content=\"en_US\" \/>\n<meta property=\"og:type\" content=\"article\" \/>\n<meta property=\"og:title\" content=\"Versa Grip Jaws - Tecus Teknoloji\" \/>\n<meta property=\"og:description\" content=\"VersaGrip\u2122, as the name suggests, offers the versatility of standard vise work clamping while providing a solution for challenging applications that would normally require soft jaws for fixturing or machining. By simply replacing your existing jaws with the VersaGrip\u2122 system, you can securely hold individually shaped parts while machining as quickly as possible.\" \/>\n<meta property=\"og:url\" content=\"https:\/\/tecus.com.tr\/en\/product\/versa-grip-vise-jaw-system\/\" \/>\n<meta property=\"og:site_name\" content=\"Tecus Teknoloji\" \/>\n<meta property=\"article:modified_time\" content=\"2025-12-03T12:17:57+00:00\" \/>\n<meta property=\"og:image\" content=\"https:\/\/tecus.com.tr\/wp-content\/uploads\/2018\/04\/VersaGrip.png\" \/>\n\t<meta property=\"og:image:width\" content=\"1000\" \/>\n\t<meta property=\"og:image:height\" content=\"1000\" \/>\n\t<meta property=\"og:image:type\" content=\"image\/png\" \/>\n<meta name=\"twitter:card\" content=\"summary_large_image\" \/>\n<meta name=\"twitter:label1\" content=\"Est. reading time\" \/>\n\t<meta name=\"twitter:data1\" content=\"1 minute\" \/>\n<script type=\"application\/ld+json\" class=\"yoast-schema-graph\">{\"@context\":\"https:\/\/schema.org\",\"@graph\":[{\"@type\":\"WebPage\",\"@id\":\"https:\/\/tecus.com.tr\/en\/product\/versa-grip-vise-jaw-system\/\",\"url\":\"https:\/\/tecus.com.tr\/en\/product\/versa-grip-vise-jaw-system\/\",\"name\":\"Versa Grip Jaws - Tecus Teknoloji\",\"isPartOf\":{\"@id\":\"https:\/\/tecus.com.tr\/en\/#website\"},\"datePublished\":\"2018-04-15T11:16:13+00:00\",\"dateModified\":\"2025-12-03T12:17:57+00:00\",\"breadcrumb\":{\"@id\":\"https:\/\/tecus.com.tr\/en\/product\/versa-grip-vise-jaw-system\/#breadcrumb\"},\"inLanguage\":\"en-US\",\"potentialAction\":[{\"@type\":\"ReadAction\",\"target\":[\"https:\/\/tecus.com.tr\/en\/product\/versa-grip-vise-jaw-system\/\"]}]},{\"@type\":\"BreadcrumbList\",\"@id\":\"https:\/\/tecus.com.tr\/en\/product\/versa-grip-vise-jaw-system\/#breadcrumb\",\"itemListElement\":[{\"@type\":\"ListItem\",\"position\":1,\"name\":\"Ana sayfa\",\"item\":\"https:\/\/tecus.com.tr\/en\/\"},{\"@type\":\"ListItem\",\"position\":2,\"name\":\"Ma\u011faza\",\"item\":\"https:\/\/tecus.com.tr\/magaza\/\"},{\"@type\":\"ListItem\",\"position\":3,\"name\":\"Versa Grip Jaws\"}]},{\"@type\":\"WebSite\",\"@id\":\"https:\/\/tecus.com.tr\/en\/#website\",\"url\":\"https:\/\/tecus.com.tr\/en\/\",\"name\":\"Tecus Teknoloji\",\"description\":\"CNC par\u00e7a ba\u011flama \u00e7\u00f6z\u00fcmleri\",\"publisher\":{\"@id\":\"https:\/\/tecus.com.tr\/en\/#organization\"},\"potentialAction\":[{\"@type\":\"SearchAction\",\"target\":{\"@type\":\"EntryPoint\",\"urlTemplate\":\"https:\/\/tecus.com.tr\/en\/?s={search_term_string}\"},\"query-input\":\"required name=search_term_string\"}],\"inLanguage\":\"en-US\"},{\"@type\":\"Organization\",\"@id\":\"https:\/\/tecus.com.tr\/en\/#organization\",\"name\":\"Tecus Teknoloji\",\"url\":\"https:\/\/tecus.com.tr\/en\/\",\"logo\":{\"@type\":\"ImageObject\",\"inLanguage\":\"en-US\",\"@id\":\"https:\/\/tecus.com.tr\/en\/#\/schema\/logo\/image\/\",\"url\":\"https:\/\/tecus.com.tr\/wp-content\/uploads\/2018\/04\/tecus-logo-beyaz-2-e1528750997765.png\",\"contentUrl\":\"https:\/\/tecus.com.tr\/wp-content\/uploads\/2018\/04\/tecus-logo-beyaz-2-e1528750997765.png\",\"width\":250,\"height\":53,\"caption\":\"Tecus Teknoloji\"},\"image\":{\"@id\":\"https:\/\/tecus.com.tr\/en\/#\/schema\/logo\/image\/\"}}]}<\/script>\n<!-- \/ Yoast SEO plugin. -->","yoast_head_json":{"title":"Versa Grip Jaws - Tecus Teknoloji","robots":{"index":"index","follow":"follow","max-snippet":"max-snippet:-1","max-image-preview":"max-image-preview:large","max-video-preview":"max-video-preview:-1"},"canonical":"https:\/\/tecus.com.tr\/en\/product\/versa-grip-vise-jaw-system\/","og_locale":"en_US","og_type":"article","og_title":"Versa Grip Jaws - Tecus Teknoloji","og_description":"VersaGrip\u2122, as the name suggests, offers the versatility of standard vise work clamping while providing a solution for challenging applications that would normally require soft jaws for fixturing or machining. By simply replacing your existing jaws with the VersaGrip\u2122 system, you can securely hold individually shaped parts while machining as quickly as possible.","og_url":"https:\/\/tecus.com.tr\/en\/product\/versa-grip-vise-jaw-system\/","og_site_name":"Tecus Teknoloji","article_modified_time":"2025-12-03T12:17:57+00:00","og_image":[{"width":1000,"height":1000,"url":"https:\/\/tecus.com.tr\/wp-content\/uploads\/2018\/04\/VersaGrip.png","type":"image\/png"}],"twitter_card":"summary_large_image","twitter_misc":{"Est. reading time":"1 minute"},"schema":{"@context":"https:\/\/schema.org","@graph":[{"@type":"WebPage","@id":"https:\/\/tecus.com.tr\/en\/product\/versa-grip-vise-jaw-system\/","url":"https:\/\/tecus.com.tr\/en\/product\/versa-grip-vise-jaw-system\/","name":"Versa Grip Jaws - Tecus Teknoloji","isPartOf":{"@id":"https:\/\/tecus.com.tr\/en\/#website"},"datePublished":"2018-04-15T11:16:13+00:00","dateModified":"2025-12-03T12:17:57+00:00","breadcrumb":{"@id":"https:\/\/tecus.com.tr\/en\/product\/versa-grip-vise-jaw-system\/#breadcrumb"},"inLanguage":"en-US","potentialAction":[{"@type":"ReadAction","target":["https:\/\/tecus.com.tr\/en\/product\/versa-grip-vise-jaw-system\/"]}]},{"@type":"BreadcrumbList","@id":"https:\/\/tecus.com.tr\/en\/product\/versa-grip-vise-jaw-system\/#breadcrumb","itemListElement":[{"@type":"ListItem","position":1,"name":"Ana sayfa","item":"https:\/\/tecus.com.tr\/en\/"},{"@type":"ListItem","position":2,"name":"Ma\u011faza","item":"https:\/\/tecus.com.tr\/magaza\/"},{"@type":"ListItem","position":3,"name":"Versa Grip Jaws"}]},{"@type":"WebSite","@id":"https:\/\/tecus.com.tr\/en\/#website","url":"https:\/\/tecus.com.tr\/en\/","name":"Tecus Teknoloji","description":"CNC par\u00e7a ba\u011flama \u00e7\u00f6z\u00fcmleri","publisher":{"@id":"https:\/\/tecus.com.tr\/en\/#organization"},"potentialAction":[{"@type":"SearchAction","target":{"@type":"EntryPoint","urlTemplate":"https:\/\/tecus.com.tr\/en\/?s={search_term_string}"},"query-input":"required name=search_term_string"}],"inLanguage":"en-US"},{"@type":"Organization","@id":"https:\/\/tecus.com.tr\/en\/#organization","name":"Tecus Teknoloji","url":"https:\/\/tecus.com.tr\/en\/","logo":{"@type":"ImageObject","inLanguage":"en-US","@id":"https:\/\/tecus.com.tr\/en\/#\/schema\/logo\/image\/","url":"https:\/\/tecus.com.tr\/wp-content\/uploads\/2018\/04\/tecus-logo-beyaz-2-e1528750997765.png","contentUrl":"https:\/\/tecus.com.tr\/wp-content\/uploads\/2018\/04\/tecus-logo-beyaz-2-e1528750997765.png","width":250,"height":53,"caption":"Tecus Teknoloji"},"image":{"@id":"https:\/\/tecus.com.tr\/en\/#\/schema\/logo\/image\/"}}]}},"_links":{"self":[{"href":"https:\/\/tecus.com.tr\/en\/wp-json\/wp\/v2\/product\/28048","targetHints":{"allow":["GET"]}}],"collection":[{"href":"https:\/\/tecus.com.tr\/en\/wp-json\/wp\/v2\/product"}],"about":[{"href":"https:\/\/tecus.com.tr\/en\/wp-json\/wp\/v2\/types\/product"}],"version-history":[{"count":9,"href":"https:\/\/tecus.com.tr\/en\/wp-json\/wp\/v2\/product\/28048\/revisions"}],"predecessor-version":[{"id":48961,"href":"https:\/\/tecus.com.tr\/en\/wp-json\/wp\/v2\/product\/28048\/revisions\/48961"}],"wp:featuredmedia":[{"embeddable":true,"href":"https:\/\/tecus.com.tr\/en\/wp-json\/wp\/v2\/media\/33341"}],"wp:attachment":[{"href":"https:\/\/tecus.com.tr\/en\/wp-json\/wp\/v2\/media?parent=28048"}],"wp:term":[{"taxonomy":"product_brand","embeddable":true,"href":"https:\/\/tecus.com.tr\/en\/wp-json\/wp\/v2\/product_brand?post=28048"},{"taxonomy":"product_cat","embeddable":true,"href":"https:\/\/tecus.com.tr\/en\/wp-json\/wp\/v2\/product_cat?post=28048"},{"taxonomy":"product_tag","embeddable":true,"href":"https:\/\/tecus.com.tr\/en\/wp-json\/wp\/v2\/product_tag?post=28048"}],"curies":[{"name":"wp","href":"https:\/\/api.w.org\/{rel}","templated":true}]}}