{"id":28030,"date":"2018-04-15T11:16:12","date_gmt":"2018-04-15T11:16:12","guid":{"rendered":"https:\/\/tecus.com.tr\/urun\/machinable-pitbull-clamps\/"},"modified":"2025-09-22T19:56:58","modified_gmt":"2025-09-22T19:56:58","slug":"machinable-pitbull-clamps","status":"publish","type":"product","link":"https:\/\/tecus.com.tr\/en\/product\/machinable-pitbull-clamps\/","title":{"rendered":"MACHINABLE PITBULL CLAMPERS"},"content":{"rendered":"\t\t<div data-elementor-type=\"wp-post\" data-elementor-id=\"28030\" class=\"elementor elementor-28030 elementor-8370 elementor-bc-flex-widget\" data-elementor-post-type=\"product\">\n\t\t\t\t\t\t<section class=\"elementor-section elementor-top-section elementor-element elementor-element-cf7dabf elementor-section-boxed elementor-section-height-default elementor-section-height-default\" data-id=\"cf7dabf\" data-element_type=\"section\">\n\t\t\t\t\t\t<div class=\"elementor-container elementor-column-gap-default\">\n\t\t\t\t\t<div class=\"elementor-column elementor-col-100 elementor-top-column elementor-element elementor-element-5a5bd14\" data-id=\"5a5bd14\" data-element_type=\"column\">\n\t\t\t<div class=\"elementor-widget-wrap elementor-element-populated\">\n\t\t\t\t\t\t<div class=\"elementor-element elementor-element-5097d70 elementor-widget elementor-widget-shortcode\" data-id=\"5097d70\" data-element_type=\"widget\" data-widget_type=\"shortcode.default\">\n\t\t\t\t<div class=\"elementor-widget-container\">\n\t\t\t\t\t\t\t<div class=\"elementor-shortcode\">[table id=\"17\" \/]<\/div>\n\t\t\t\t\t\t<\/div>\n\t\t\t\t<\/div>\n\t\t\t\t\t<\/div>\n\t\t<\/div>\n\t\t\t\t\t<\/div>\n\t\t<\/section>\n\t\t\t\t<section class=\"elementor-section elementor-top-section elementor-element elementor-element-4fb943c5 elementor-section-boxed elementor-section-height-default elementor-section-height-default\" data-id=\"4fb943c5\" data-element_type=\"section\">\n\t\t\t\t\t\t<div class=\"elementor-container elementor-column-gap-default\">\n\t\t\t\t\t<div class=\"elementor-column elementor-col-100 elementor-top-column elementor-element elementor-element-1036bd54\" data-id=\"1036bd54\" data-element_type=\"column\">\n\t\t\t<div class=\"elementor-widget-wrap elementor-element-populated\">\n\t\t\t\t\t\t<div class=\"elementor-element elementor-element-eb752fa elementor-widget elementor-widget-heading\" data-id=\"eb752fa\" data-element_type=\"widget\" data-widget_type=\"heading.default\">\n\t\t\t\t<div class=\"elementor-widget-container\">\n\t\t\t\t\t<h2 class=\"elementor-heading-title elementor-size-default\">APPLICATION EXAMPLES<\/h2>\t\t\t\t<\/div>\n\t\t\t\t<\/div>\n\t\t\t\t<div class=\"elementor-element elementor-element-32b25f4d gallery-spacing-custom elementor-widget elementor-widget-image-gallery\" data-id=\"32b25f4d\" data-element_type=\"widget\" data-widget_type=\"image-gallery.default\">\n\t\t\t\t<div class=\"elementor-widget-container\">\n\t\t\t\t\t\t\t<div class=\"elementor-image-gallery\">\n\t\t\t<div id='gallery-1' class='gallery galleryid-28030 gallery-columns-3 gallery-size-woocommerce_thumbnail'><figure class='gallery-item'>\n\t\t\t<div class='gallery-icon landscape'>\n\t\t\t\t<a data-elementor-open-lightbox=\"yes\" data-elementor-lightbox-slideshow=\"32b25f4d\" data-elementor-lightbox-title=\"Machinable Pitbull (5)\" data-elementor-lightbox-description=\"Machinable pitbull app(5)\" data-e-action-hash=\"#elementor-action%3Aaction%3Dlightbox%26settings%3DeyJpZCI6Mjg4ODYsInVybCI6Imh0dHBzOlwvXC90ZWN1cy5jb20udHJcL3dwLWNvbnRlbnRcL3VwbG9hZHNcLzIwMThcLzA2XC9NYWNoaW5hYmxlLXBpdGJ1bGwtNS5qcGciLCJzbGlkZXNob3ciOiIzMmIyNWY0ZCJ9\" href='https:\/\/tecus.com.tr\/wp-content\/uploads\/2018\/06\/Machinable-pitbull-5.jpg'><img fetchpriority=\"high\" width=\"500\" height=\"332\" src=\"https:\/\/tecus.com.tr\/wp-content\/uploads\/2018\/06\/Machinable-pitbull-5-500x332.jpg\" class=\"attachment-woocommerce_thumbnail size-woocommerce_thumbnail\" alt=\"Machinable Pitbull (5)\" aria-describedby=\"gallery-1-28886\" decoding=\"async\" srcset=\"https:\/\/tecus.com.tr\/wp-content\/uploads\/2018\/06\/Machinable-pitbull-5-500x332.jpg 500w, https:\/\/tecus.com.tr\/wp-content\/uploads\/2018\/06\/Machinable-pitbull-5-300x199.jpg 300w, https:\/\/tecus.com.tr\/wp-content\/uploads\/2018\/06\/Machinable-pitbull-5-250x166.jpg 250w, https:\/\/tecus.com.tr\/wp-content\/uploads\/2018\/06\/Machinable-pitbull-5-350x232.jpg 350w, https:\/\/tecus.com.tr\/wp-content\/uploads\/2018\/06\/Machinable-pitbull-5.jpg 512w\" sizes=\"(max-width: 500px) 100vw, 500px\" \/><\/a>\n\t\t\t<\/div>\n\t\t\t\t<figcaption class='wp-caption-text gallery-caption' id='gallery-1-28886'>\n\t\t\t\tMachinable Pitbull (5)\n\t\t\t\t<\/figcaption><\/figure><figure class='gallery-item'>\n\t\t\t<div class='gallery-icon landscape'>\n\t\t\t\t<a data-elementor-open-lightbox=\"yes\" data-elementor-lightbox-slideshow=\"32b25f4d\" data-elementor-lightbox-title=\"Machinable Pitbull (6)\" data-elementor-lightbox-description=\"Machinable Pitbull (6)\" data-e-action-hash=\"#elementor-action%3Aaction%3Dlightbox%26settings%3DeyJpZCI6Mjg4ODgsInVybCI6Imh0dHBzOlwvXC90ZWN1cy5jb20udHJcL3dwLWNvbnRlbnRcL3VwbG9hZHNcLzIwMThcLzA2XC9NYWNoaW5hYmxlLXBpdGJ1bGwtNi5qcGciLCJzbGlkZXNob3ciOiIzMmIyNWY0ZCJ9\" href='https:\/\/tecus.com.tr\/wp-content\/uploads\/2018\/06\/Machinable-pitbull-6.jpg'><img width=\"500\" height=\"332\" src=\"https:\/\/tecus.com.tr\/wp-content\/uploads\/2018\/06\/Machinable-pitbull-6-500x332.jpg\" class=\"attachment-woocommerce_thumbnail size-woocommerce_thumbnail\" alt=\"Machinable Pitbull (6)\" aria-describedby=\"gallery-1-28888\" decoding=\"async\" srcset=\"https:\/\/tecus.com.tr\/wp-content\/uploads\/2018\/06\/Machinable-pitbull-6-500x332.jpg 500w, https:\/\/tecus.com.tr\/wp-content\/uploads\/2018\/06\/Machinable-pitbull-6-300x199.jpg 300w, https:\/\/tecus.com.tr\/wp-content\/uploads\/2018\/06\/Machinable-pitbull-6-250x166.jpg 250w, https:\/\/tecus.com.tr\/wp-content\/uploads\/2018\/06\/Machinable-pitbull-6-350x232.jpg 350w, https:\/\/tecus.com.tr\/wp-content\/uploads\/2018\/06\/Machinable-pitbull-6.jpg 512w\" sizes=\"(max-width: 500px) 100vw, 500px\" \/><\/a>\n\t\t\t<\/div>\n\t\t\t\t<figcaption class='wp-caption-text gallery-caption' id='gallery-1-28888'>\n\t\t\t\tMachinable Pitbull (6)\n\t\t\t\t<\/figcaption><\/figure><figure class='gallery-item'>\n\t\t\t<div class='gallery-icon landscape'>\n\t\t\t\t<a data-elementor-open-lightbox=\"yes\" data-elementor-lightbox-slideshow=\"32b25f4d\" data-elementor-lightbox-title=\"MB Fixtures 001\" data-elementor-lightbox-description=\"MB Fixtures 001\" data-e-action-hash=\"#elementor-action%3Aaction%3Dlightbox%26settings%3DeyJpZCI6Mjg4OTAsInVybCI6Imh0dHBzOlwvXC90ZWN1cy5jb20udHJcL3dwLWNvbnRlbnRcL3VwbG9hZHNcLzIwMThcLzA2XC9NQi1maXh0dXJlcy0wMDEuanBnIiwic2xpZGVzaG93IjoiMzJiMjVmNGQifQ%3D%3D\" href='https:\/\/tecus.com.tr\/wp-content\/uploads\/2018\/06\/MB-fixtures-001.jpg'><img width=\"500\" height=\"259\" src=\"https:\/\/tecus.com.tr\/wp-content\/uploads\/2018\/06\/MB-fixtures-001-500x259.jpg\" class=\"attachment-woocommerce_thumbnail size-woocommerce_thumbnail\" alt=\"MB Fixtures 001\" aria-describedby=\"gallery-1-28890\" decoding=\"async\" srcset=\"https:\/\/tecus.com.tr\/wp-content\/uploads\/2018\/06\/MB-fixtures-001-500x259.jpg 500w, https:\/\/tecus.com.tr\/wp-content\/uploads\/2018\/06\/MB-fixtures-001-300x155.jpg 300w, https:\/\/tecus.com.tr\/wp-content\/uploads\/2018\/06\/MB-fixtures-001-250x129.jpg 250w, https:\/\/tecus.com.tr\/wp-content\/uploads\/2018\/06\/MB-fixtures-001-350x181.jpg 350w, https:\/\/tecus.com.tr\/wp-content\/uploads\/2018\/06\/MB-fixtures-001.jpg 512w\" sizes=\"(max-width: 500px) 100vw, 500px\" \/><\/a>\n\t\t\t<\/div>\n\t\t\t\t<figcaption class='wp-caption-text gallery-caption' id='gallery-1-28890'>\n\t\t\t\tMB Fixtures 001\n\t\t\t\t<\/figcaption><\/figure><figure class='gallery-item'>\n\t\t\t<div class='gallery-icon portrait'>\n\t\t\t\t<a data-elementor-open-lightbox=\"yes\" data-elementor-lightbox-slideshow=\"32b25f4d\" data-elementor-lightbox-title=\"Pitbull Clamp (1)\" data-elementor-lightbox-description=\"Pitbull Clamp (1)\" data-e-action-hash=\"#elementor-action%3Aaction%3Dlightbox%26settings%3DeyJpZCI6Mjg4OTIsInVybCI6Imh0dHBzOlwvXC90ZWN1cy5jb20udHJcL3dwLWNvbnRlbnRcL3VwbG9hZHNcLzIwMThcLzA2XC9QaXRidWxsLUNsYW1wLTEuanBnIiwic2xpZGVzaG93IjoiMzJiMjVmNGQifQ%3D%3D\" href='https:\/\/tecus.com.tr\/wp-content\/uploads\/2018\/06\/Pitbull-Clamp-1.jpg'><img loading=\"lazy\" width=\"384\" height=\"500\" src=\"https:\/\/tecus.com.tr\/wp-content\/uploads\/2018\/06\/Pitbull-Clamp-1-384x500.jpg\" class=\"attachment-woocommerce_thumbnail size-woocommerce_thumbnail\" alt=\"Pitbull Clamp (1)\" aria-describedby=\"gallery-1-28892\" decoding=\"async\" \/><\/a>\n\t\t\t<\/div>\n\t\t\t\t<figcaption class='wp-caption-text gallery-caption' id='gallery-1-28892'>\n\t\t\t\tPitbull Clamp (1)\n\t\t\t\t<\/figcaption><\/figure><figure class='gallery-item'>\n\t\t\t<div class='gallery-icon landscape'>\n\t\t\t\t<a data-elementor-open-lightbox=\"yes\" data-elementor-lightbox-slideshow=\"32b25f4d\" data-elementor-lightbox-title=\"Pitbull Clamp (1)\" data-elementor-lightbox-description=\"Pitbull Clamp (1)\" data-e-action-hash=\"#elementor-action%3Aaction%3Dlightbox%26settings%3DeyJpZCI6Mjg4OTQsInVybCI6Imh0dHBzOlwvXC90ZWN1cy5jb20udHJcL3dwLWNvbnRlbnRcL3VwbG9hZHNcLzIwMThcLzA2XC9QaXRidWxsLUNsYW1wLTE5LmpwZyIsInNsaWRlc2hvdyI6IjMyYjI1ZjRkIn0%3D\" href='https:\/\/tecus.com.tr\/wp-content\/uploads\/2018\/06\/Pitbull-Clamp-19.jpg'><img loading=\"lazy\" width=\"500\" height=\"375\" src=\"https:\/\/tecus.com.tr\/wp-content\/uploads\/2018\/06\/Pitbull-Clamp-19-500x375.jpg\" class=\"attachment-woocommerce_thumbnail size-woocommerce_thumbnail\" alt=\"Pitbull Clamp (1)\" aria-describedby=\"gallery-1-28894\" decoding=\"async\" srcset=\"https:\/\/tecus.com.tr\/wp-content\/uploads\/2018\/06\/Pitbull-Clamp-19-500x375.jpg 500w, https:\/\/tecus.com.tr\/wp-content\/uploads\/2018\/06\/Pitbull-Clamp-19-300x225.jpg 300w, https:\/\/tecus.com.tr\/wp-content\/uploads\/2018\/06\/Pitbull-Clamp-19-250x188.jpg 250w, https:\/\/tecus.com.tr\/wp-content\/uploads\/2018\/06\/Pitbull-Clamp-19-350x263.jpg 350w, https:\/\/tecus.com.tr\/wp-content\/uploads\/2018\/06\/Pitbull-Clamp-19.jpg 512w\" sizes=\"(max-width: 500px) 100vw, 500px\" \/><\/a>\n\t\t\t<\/div>\n\t\t\t\t<figcaption class='wp-caption-text gallery-caption' id='gallery-1-28894'>\n\t\t\t\tPitbull Clamp (1)\n\t\t\t\t<\/figcaption><\/figure>\n\t\t<\/div>\n\t\t<\/div>\n\t\t\t\t\t\t<\/div>\n\t\t\t\t<\/div>\n\t\t\t\t\t<\/div>\n\t\t<\/div>\n\t\t\t\t\t<\/div>\n\t\t<\/section>\n\t\t\t\t<\/div>\n\t\t","protected":false},"excerpt":{"rendered":"<p>The popular Pitbull\u00ae Fixture Clamp is now available in a machinable version. This clamp provides positive downward force and a very low gripping profile, reducing material costs and the number of operations. <\/p>\n<p>The Machinable Pitbull\u00ae Clamp is made from A2 tool steel and heat treated to approximately 43HRC for long life while remaining machinable. Additional material is provided on the clamping surface to allow for radius machining. <\/p>\n<p>Available in two sizes with holding forces of 26,000 and 50,000 N.<\/p>\n<p>A centering pin is included with each package to position the clamp when performing radius machining.<\/p>\n","protected":false},"featured_media":28031,"template":"","meta":{"_acf_changed":false},"product_brand":[],"product_cat":[366,354],"product_tag":[368],"class_list":{"0":"post-28030","1":"product","2":"type-product","3":"status-publish","4":"has-post-thumbnail","6":"product_cat-captan-sikmali-clampler","7":"product_cat-yandan-sikmali-clampler","8":"product_tag-modular-clamping-equpments","10":"first","11":"instock","12":"taxable","13":"shipping-taxable","14":"product-type-simple"},"acf":[],"yoast_head":"<!-- This site is optimized with the Yoast SEO plugin v20.2.1 - https:\/\/yoast.com\/wordpress\/plugins\/seo\/ -->\n<title>MACHINABLE PITBULL CLAMPERS - Tecus Teknoloji<\/title>\n<meta name=\"robots\" content=\"index, follow, max-snippet:-1, max-image-preview:large, max-video-preview:-1\" \/>\n<link rel=\"canonical\" href=\"https:\/\/tecus.com.tr\/en\/product\/machinable-pitbull-clamps\/\" \/>\n<meta property=\"og:locale\" content=\"en_US\" \/>\n<meta property=\"og:type\" content=\"article\" \/>\n<meta property=\"og:title\" content=\"MACHINABLE PITBULL CLAMPERS - Tecus Teknoloji\" \/>\n<meta property=\"og:description\" content=\"The popular Pitbull\u00ae Fixture Clamp is now available in a machinable version. This clamp provides positive downward force and a very low gripping profile, reducing material costs and the number of operations.  The Machinable Pitbull\u00ae Clamp is made from A2 tool steel and heat treated to approximately 43HRC for long life while remaining machinable. Additional material is provided on the clamping surface to allow for radius machining.  Available in two sizes with holding forces of 26,000 and 50,000 N. A centering pin is included with each package to position the clamp when performing radius machining.\" \/>\n<meta property=\"og:url\" content=\"https:\/\/tecus.com.tr\/en\/product\/machinable-pitbull-clamps\/\" \/>\n<meta property=\"og:site_name\" content=\"Tecus Teknoloji\" \/>\n<meta property=\"article:modified_time\" content=\"2025-09-22T19:56:58+00:00\" \/>\n<meta property=\"og:image\" content=\"https:\/\/tecus.com.tr\/wp-content\/uploads\/2018\/04\/PIBTULL-lion-copy-1.png\" \/>\n\t<meta property=\"og:image:width\" content=\"500\" \/>\n\t<meta property=\"og:image:height\" content=\"500\" \/>\n\t<meta property=\"og:image:type\" content=\"image\/png\" \/>\n<meta name=\"twitter:card\" content=\"summary_large_image\" \/>\n<script type=\"application\/ld+json\" class=\"yoast-schema-graph\">{\"@context\":\"https:\/\/schema.org\",\"@graph\":[{\"@type\":\"WebPage\",\"@id\":\"https:\/\/tecus.com.tr\/en\/product\/machinable-pitbull-clamps\/\",\"url\":\"https:\/\/tecus.com.tr\/en\/product\/machinable-pitbull-clamps\/\",\"name\":\"MACHINABLE PITBULL CLAMPERS - Tecus Teknoloji\",\"isPartOf\":{\"@id\":\"https:\/\/tecus.com.tr\/en\/#website\"},\"datePublished\":\"2018-04-15T11:16:12+00:00\",\"dateModified\":\"2025-09-22T19:56:58+00:00\",\"breadcrumb\":{\"@id\":\"https:\/\/tecus.com.tr\/en\/product\/machinable-pitbull-clamps\/#breadcrumb\"},\"inLanguage\":\"en-US\",\"potentialAction\":[{\"@type\":\"ReadAction\",\"target\":[\"https:\/\/tecus.com.tr\/en\/product\/machinable-pitbull-clamps\/\"]}]},{\"@type\":\"BreadcrumbList\",\"@id\":\"https:\/\/tecus.com.tr\/en\/product\/machinable-pitbull-clamps\/#breadcrumb\",\"itemListElement\":[{\"@type\":\"ListItem\",\"position\":1,\"name\":\"Ana sayfa\",\"item\":\"https:\/\/tecus.com.tr\/en\/\"},{\"@type\":\"ListItem\",\"position\":2,\"name\":\"Ma\u011faza\",\"item\":\"https:\/\/tecus.com.tr\/magaza\/\"},{\"@type\":\"ListItem\",\"position\":3,\"name\":\"MACHINABLE PITBULL CLAMPERS\"}]},{\"@type\":\"WebSite\",\"@id\":\"https:\/\/tecus.com.tr\/en\/#website\",\"url\":\"https:\/\/tecus.com.tr\/en\/\",\"name\":\"Tecus Teknoloji\",\"description\":\"CNC par\u00e7a ba\u011flama \u00e7\u00f6z\u00fcmleri\",\"publisher\":{\"@id\":\"https:\/\/tecus.com.tr\/en\/#organization\"},\"potentialAction\":[{\"@type\":\"SearchAction\",\"target\":{\"@type\":\"EntryPoint\",\"urlTemplate\":\"https:\/\/tecus.com.tr\/en\/?s={search_term_string}\"},\"query-input\":\"required name=search_term_string\"}],\"inLanguage\":\"en-US\"},{\"@type\":\"Organization\",\"@id\":\"https:\/\/tecus.com.tr\/en\/#organization\",\"name\":\"Tecus Teknoloji\",\"url\":\"https:\/\/tecus.com.tr\/en\/\",\"logo\":{\"@type\":\"ImageObject\",\"inLanguage\":\"en-US\",\"@id\":\"https:\/\/tecus.com.tr\/en\/#\/schema\/logo\/image\/\",\"url\":\"https:\/\/tecus.com.tr\/wp-content\/uploads\/2018\/04\/tecus-logo-beyaz-2-e1528750997765.png\",\"contentUrl\":\"https:\/\/tecus.com.tr\/wp-content\/uploads\/2018\/04\/tecus-logo-beyaz-2-e1528750997765.png\",\"width\":250,\"height\":53,\"caption\":\"Tecus Teknoloji\"},\"image\":{\"@id\":\"https:\/\/tecus.com.tr\/en\/#\/schema\/logo\/image\/\"}}]}<\/script>\n<!-- \/ Yoast SEO plugin. -->","yoast_head_json":{"title":"MACHINABLE PITBULL CLAMPERS - Tecus Teknoloji","robots":{"index":"index","follow":"follow","max-snippet":"max-snippet:-1","max-image-preview":"max-image-preview:large","max-video-preview":"max-video-preview:-1"},"canonical":"https:\/\/tecus.com.tr\/en\/product\/machinable-pitbull-clamps\/","og_locale":"en_US","og_type":"article","og_title":"MACHINABLE PITBULL CLAMPERS - Tecus Teknoloji","og_description":"The popular Pitbull\u00ae Fixture Clamp is now available in a machinable version. This clamp provides positive downward force and a very low gripping profile, reducing material costs and the number of operations.  The Machinable Pitbull\u00ae Clamp is made from A2 tool steel and heat treated to approximately 43HRC for long life while remaining machinable. Additional material is provided on the clamping surface to allow for radius machining.  Available in two sizes with holding forces of 26,000 and 50,000 N. A centering pin is included with each package to position the clamp when performing radius machining.","og_url":"https:\/\/tecus.com.tr\/en\/product\/machinable-pitbull-clamps\/","og_site_name":"Tecus Teknoloji","article_modified_time":"2025-09-22T19:56:58+00:00","og_image":[{"width":500,"height":500,"url":"https:\/\/tecus.com.tr\/wp-content\/uploads\/2018\/04\/PIBTULL-lion-copy-1.png","type":"image\/png"}],"twitter_card":"summary_large_image","schema":{"@context":"https:\/\/schema.org","@graph":[{"@type":"WebPage","@id":"https:\/\/tecus.com.tr\/en\/product\/machinable-pitbull-clamps\/","url":"https:\/\/tecus.com.tr\/en\/product\/machinable-pitbull-clamps\/","name":"MACHINABLE PITBULL CLAMPERS - Tecus Teknoloji","isPartOf":{"@id":"https:\/\/tecus.com.tr\/en\/#website"},"datePublished":"2018-04-15T11:16:12+00:00","dateModified":"2025-09-22T19:56:58+00:00","breadcrumb":{"@id":"https:\/\/tecus.com.tr\/en\/product\/machinable-pitbull-clamps\/#breadcrumb"},"inLanguage":"en-US","potentialAction":[{"@type":"ReadAction","target":["https:\/\/tecus.com.tr\/en\/product\/machinable-pitbull-clamps\/"]}]},{"@type":"BreadcrumbList","@id":"https:\/\/tecus.com.tr\/en\/product\/machinable-pitbull-clamps\/#breadcrumb","itemListElement":[{"@type":"ListItem","position":1,"name":"Ana sayfa","item":"https:\/\/tecus.com.tr\/en\/"},{"@type":"ListItem","position":2,"name":"Ma\u011faza","item":"https:\/\/tecus.com.tr\/magaza\/"},{"@type":"ListItem","position":3,"name":"MACHINABLE PITBULL CLAMPERS"}]},{"@type":"WebSite","@id":"https:\/\/tecus.com.tr\/en\/#website","url":"https:\/\/tecus.com.tr\/en\/","name":"Tecus Teknoloji","description":"CNC par\u00e7a ba\u011flama \u00e7\u00f6z\u00fcmleri","publisher":{"@id":"https:\/\/tecus.com.tr\/en\/#organization"},"potentialAction":[{"@type":"SearchAction","target":{"@type":"EntryPoint","urlTemplate":"https:\/\/tecus.com.tr\/en\/?s={search_term_string}"},"query-input":"required name=search_term_string"}],"inLanguage":"en-US"},{"@type":"Organization","@id":"https:\/\/tecus.com.tr\/en\/#organization","name":"Tecus Teknoloji","url":"https:\/\/tecus.com.tr\/en\/","logo":{"@type":"ImageObject","inLanguage":"en-US","@id":"https:\/\/tecus.com.tr\/en\/#\/schema\/logo\/image\/","url":"https:\/\/tecus.com.tr\/wp-content\/uploads\/2018\/04\/tecus-logo-beyaz-2-e1528750997765.png","contentUrl":"https:\/\/tecus.com.tr\/wp-content\/uploads\/2018\/04\/tecus-logo-beyaz-2-e1528750997765.png","width":250,"height":53,"caption":"Tecus Teknoloji"},"image":{"@id":"https:\/\/tecus.com.tr\/en\/#\/schema\/logo\/image\/"}}]}},"_links":{"self":[{"href":"https:\/\/tecus.com.tr\/en\/wp-json\/wp\/v2\/product\/28030","targetHints":{"allow":["GET"]}}],"collection":[{"href":"https:\/\/tecus.com.tr\/en\/wp-json\/wp\/v2\/product"}],"about":[{"href":"https:\/\/tecus.com.tr\/en\/wp-json\/wp\/v2\/types\/product"}],"version-history":[{"count":6,"href":"https:\/\/tecus.com.tr\/en\/wp-json\/wp\/v2\/product\/28030\/revisions"}],"predecessor-version":[{"id":40557,"href":"https:\/\/tecus.com.tr\/en\/wp-json\/wp\/v2\/product\/28030\/revisions\/40557"}],"wp:featuredmedia":[{"embeddable":true,"href":"https:\/\/tecus.com.tr\/en\/wp-json\/wp\/v2\/media\/28031"}],"wp:attachment":[{"href":"https:\/\/tecus.com.tr\/en\/wp-json\/wp\/v2\/media?parent=28030"}],"wp:term":[{"taxonomy":"product_brand","embeddable":true,"href":"https:\/\/tecus.com.tr\/en\/wp-json\/wp\/v2\/product_brand?post=28030"},{"taxonomy":"product_cat","embeddable":true,"href":"https:\/\/tecus.com.tr\/en\/wp-json\/wp\/v2\/product_cat?post=28030"},{"taxonomy":"product_tag","embeddable":true,"href":"https:\/\/tecus.com.tr\/en\/wp-json\/wp\/v2\/product_tag?post=28030"}],"curies":[{"name":"wp","href":"https:\/\/api.w.org\/{rel}","templated":true}]}}