{"id":28024,"date":"2018-04-15T11:05:08","date_gmt":"2018-04-15T11:05:08","guid":{"rendered":"https:\/\/tecus.com.tr\/urun\/moduler-pitbull-clamps\/"},"modified":"2025-09-22T19:57:07","modified_gmt":"2025-09-22T19:57:07","slug":"moduler-pitbull-clamps","status":"publish","type":"product","link":"https:\/\/tecus.com.tr\/en\/product\/moduler-pitbull-clamps\/","title":{"rendered":"MODULAR PITBULL CLAMPERS"},"content":{"rendered":"<p>&nbsp;<br \/>\n<img fetchpriority=\"high\" decoding=\"async\" src=\"https:\/\/e-market.tecus.com.tr\/wp-content\/uploads\/2018\/03\/mod_pitbull_drawing-300x149.png\" alt=\"\" width=\"559\" height=\"279\"><br \/>\n[table id=ModularPitbullClamps\/]<\/p>\n<h2>UYGULAMA \u00d6RNEKLER\u0130<\/h2>\n<figure class=\"gallery-item\">\n\t\t\t\t<a data-elementor-open-lightbox=\"default\" data-elementor-lightbox-slideshow=\"18a3ff2a\" href=\"https:\/\/tecus.com.tr\/wp-content\/uploads\/2018\/06\/Modular-Pitbulls-1.jpg\"><img decoding=\"async\" width=\"200\" height=\"150\" src=\"https:\/\/tecus.com.tr\/wp-content\/uploads\/2018\/06\/Modular-Pitbulls-1-200x150.jpg\" alt=\"Modular Pitbulls (1)\" aria-describedby=\"gallery-1-6912\" srcset=\"https:\/\/tecus.com.tr\/wp-content\/uploads\/2018\/06\/Modular-Pitbulls-1-200x150.jpg 200w, https:\/\/tecus.com.tr\/wp-content\/uploads\/2018\/06\/Modular-Pitbulls-1-250x188.jpg 250w, https:\/\/tecus.com.tr\/wp-content\/uploads\/2018\/06\/Modular-Pitbulls-1-300x225.jpg 300w, https:\/\/tecus.com.tr\/wp-content\/uploads\/2018\/06\/Modular-Pitbulls-1-350x263.jpg 350w, https:\/\/tecus.com.tr\/wp-content\/uploads\/2018\/06\/Modular-Pitbulls-1-500x375.jpg 500w, https:\/\/tecus.com.tr\/wp-content\/uploads\/2018\/06\/Modular-Pitbulls-1.jpg 512w\" sizes=\"(max-width: 200px) 100vw, 200px\"><\/a><figcaption class=\"wp-caption-text gallery-caption\" id=\"gallery-1-6912\">\n\t\t\t\tModular Pitbulls (1)<br \/>\n<\/figcaption><\/figure>\n<figure class=\"gallery-item\">\n\t\t\t\t<a data-elementor-open-lightbox=\"default\" data-elementor-lightbox-slideshow=\"18a3ff2a\" href=\"https:\/\/tecus.com.tr\/wp-content\/uploads\/2018\/06\/Modular-Pitbulls-2.jpg\"><img decoding=\"async\" width=\"200\" height=\"150\" src=\"https:\/\/tecus.com.tr\/wp-content\/uploads\/2018\/06\/Modular-Pitbulls-2-200x150.jpg\" alt=\"Modular Pitbulls\" aria-describedby=\"gallery-1-6913\"><\/a><figcaption class=\"wp-caption-text gallery-caption\" id=\"gallery-1-6913\">\n\t\t\t\tModular Pitbulls<br \/>\n<\/figcaption><\/figure>\n<figure class=\"gallery-item\">\n\t\t\t\t<a data-elementor-open-lightbox=\"default\" data-elementor-lightbox-slideshow=\"18a3ff2a\" href=\"https:\/\/tecus.com.tr\/wp-content\/uploads\/2018\/06\/Modular-Pitbulls-3.jpg\"><img loading=\"lazy\" decoding=\"async\" width=\"200\" height=\"150\" src=\"https:\/\/tecus.com.tr\/wp-content\/uploads\/2018\/06\/Modular-Pitbulls-3-200x150.jpg\" alt=\"\"><\/a><\/figure>\n<figure class=\"gallery-item\">\n\t\t\t\t<a data-elementor-open-lightbox=\"default\" data-elementor-lightbox-slideshow=\"18a3ff2a\" href=\"https:\/\/tecus.com.tr\/wp-content\/uploads\/2018\/06\/Modular-Pitbulls-4.jpg\"><img loading=\"lazy\" decoding=\"async\" width=\"200\" height=\"150\" src=\"https:\/\/tecus.com.tr\/wp-content\/uploads\/2018\/06\/Modular-Pitbulls-4-200x150.jpg\" alt=\"\" srcset=\"https:\/\/tecus.com.tr\/wp-content\/uploads\/2018\/06\/Modular-Pitbulls-4-200x150.jpg 200w, https:\/\/tecus.com.tr\/wp-content\/uploads\/2018\/06\/Modular-Pitbulls-4-250x188.jpg 250w, https:\/\/tecus.com.tr\/wp-content\/uploads\/2018\/06\/Modular-Pitbulls-4-300x225.jpg 300w, https:\/\/tecus.com.tr\/wp-content\/uploads\/2018\/06\/Modular-Pitbulls-4-350x263.jpg 350w, https:\/\/tecus.com.tr\/wp-content\/uploads\/2018\/06\/Modular-Pitbulls-4-500x375.jpg 500w, https:\/\/tecus.com.tr\/wp-content\/uploads\/2018\/06\/Modular-Pitbulls-4.jpg 512w\" sizes=\"(max-width: 200px) 100vw, 200px\"><\/a><\/figure>\n","protected":false},"excerpt":{"rendered":"<p>The Pitbull\u00ae Fixture Clamp is well recognized for its low profile and positive downward force. It is now available as a modular clamp in two types. <\/p>\n<p>The Stepped and Grooved Modular Pitbull\u00ae Clamp offers versatile use through its unique riser design. This clamp supports the workpiece on the machine tool for milling and drilling operations. The hardened and ground clamps are designed for tables with pilot hole or T-slot configurations.  <\/p>\n<p>The Compact Modular Pitbull\u00ae Clamp is ideal for clamping parts in series using the back surface of a clamp to position the next workpiece. The clamp height can be adjusted with the depth of the machined slot for positioning. <\/p>\n","protected":false},"featured_media":28025,"template":"","meta":{"_acf_changed":false},"product_brand":[],"product_cat":[354],"product_tag":[],"class_list":{"0":"post-28024","1":"product","2":"type-product","3":"status-publish","4":"has-post-thumbnail","6":"product_cat-yandan-sikmali-clampler","8":"first","9":"instock","10":"taxable","11":"shipping-taxable","12":"product-type-simple"},"acf":[],"yoast_head":"<!-- This site is optimized with the Yoast SEO plugin v20.2.1 - https:\/\/yoast.com\/wordpress\/plugins\/seo\/ -->\n<title>MODULAR PITBULL CLAMPERS - Tecus Teknoloji<\/title>\n<meta name=\"robots\" content=\"index, follow, max-snippet:-1, max-image-preview:large, max-video-preview:-1\" \/>\n<link rel=\"canonical\" href=\"https:\/\/tecus.com.tr\/en\/product\/moduler-pitbull-clamps\/\" \/>\n<meta property=\"og:locale\" content=\"en_US\" \/>\n<meta property=\"og:type\" content=\"article\" \/>\n<meta property=\"og:title\" content=\"MODULAR PITBULL CLAMPERS - Tecus Teknoloji\" \/>\n<meta property=\"og:description\" content=\"The Pitbull\u00ae Fixture Clamp is well recognized for its low profile and positive downward force. It is now available as a modular clamp in two types.  The Stepped and Grooved Modular Pitbull\u00ae Clamp offers versatile use through its unique riser design. This clamp supports the workpiece on the machine tool for milling and drilling operations. The hardened and ground clamps are designed for tables with pilot hole or T-slot configurations.  The Compact Modular Pitbull\u00ae Clamp is ideal for clamping parts in series using the back surface of a clamp to position the next workpiece. The clamp height can be adjusted with the depth of the machined slot for positioning.\" \/>\n<meta property=\"og:url\" content=\"https:\/\/tecus.com.tr\/en\/product\/moduler-pitbull-clamps\/\" \/>\n<meta property=\"og:site_name\" content=\"Tecus Teknoloji\" \/>\n<meta property=\"article:modified_time\" content=\"2025-09-22T19:57:07+00:00\" \/>\n<meta property=\"og:image\" content=\"https:\/\/tecus.com.tr\/wp-content\/uploads\/2018\/04\/moduler-pitbull-clamp-2.png\" \/>\n\t<meta property=\"og:image:width\" content=\"500\" \/>\n\t<meta property=\"og:image:height\" content=\"500\" \/>\n\t<meta property=\"og:image:type\" content=\"image\/png\" \/>\n<meta name=\"twitter:card\" content=\"summary_large_image\" \/>\n<script type=\"application\/ld+json\" class=\"yoast-schema-graph\">{\"@context\":\"https:\/\/schema.org\",\"@graph\":[{\"@type\":\"WebPage\",\"@id\":\"https:\/\/tecus.com.tr\/en\/product\/moduler-pitbull-clamps\/\",\"url\":\"https:\/\/tecus.com.tr\/en\/product\/moduler-pitbull-clamps\/\",\"name\":\"MODULAR PITBULL CLAMPERS - Tecus Teknoloji\",\"isPartOf\":{\"@id\":\"https:\/\/tecus.com.tr\/en\/#website\"},\"datePublished\":\"2018-04-15T11:05:08+00:00\",\"dateModified\":\"2025-09-22T19:57:07+00:00\",\"breadcrumb\":{\"@id\":\"https:\/\/tecus.com.tr\/en\/product\/moduler-pitbull-clamps\/#breadcrumb\"},\"inLanguage\":\"en-US\",\"potentialAction\":[{\"@type\":\"ReadAction\",\"target\":[\"https:\/\/tecus.com.tr\/en\/product\/moduler-pitbull-clamps\/\"]}]},{\"@type\":\"BreadcrumbList\",\"@id\":\"https:\/\/tecus.com.tr\/en\/product\/moduler-pitbull-clamps\/#breadcrumb\",\"itemListElement\":[{\"@type\":\"ListItem\",\"position\":1,\"name\":\"Ana sayfa\",\"item\":\"https:\/\/tecus.com.tr\/en\/\"},{\"@type\":\"ListItem\",\"position\":2,\"name\":\"Ma\u011faza\",\"item\":\"https:\/\/tecus.com.tr\/magaza\/\"},{\"@type\":\"ListItem\",\"position\":3,\"name\":\"MODULAR PITBULL CLAMPERS\"}]},{\"@type\":\"WebSite\",\"@id\":\"https:\/\/tecus.com.tr\/en\/#website\",\"url\":\"https:\/\/tecus.com.tr\/en\/\",\"name\":\"Tecus Teknoloji\",\"description\":\"CNC par\u00e7a ba\u011flama \u00e7\u00f6z\u00fcmleri\",\"publisher\":{\"@id\":\"https:\/\/tecus.com.tr\/en\/#organization\"},\"potentialAction\":[{\"@type\":\"SearchAction\",\"target\":{\"@type\":\"EntryPoint\",\"urlTemplate\":\"https:\/\/tecus.com.tr\/en\/?s={search_term_string}\"},\"query-input\":\"required name=search_term_string\"}],\"inLanguage\":\"en-US\"},{\"@type\":\"Organization\",\"@id\":\"https:\/\/tecus.com.tr\/en\/#organization\",\"name\":\"Tecus Teknoloji\",\"url\":\"https:\/\/tecus.com.tr\/en\/\",\"logo\":{\"@type\":\"ImageObject\",\"inLanguage\":\"en-US\",\"@id\":\"https:\/\/tecus.com.tr\/en\/#\/schema\/logo\/image\/\",\"url\":\"https:\/\/tecus.com.tr\/wp-content\/uploads\/2018\/04\/tecus-logo-beyaz-2-e1528750997765.png\",\"contentUrl\":\"https:\/\/tecus.com.tr\/wp-content\/uploads\/2018\/04\/tecus-logo-beyaz-2-e1528750997765.png\",\"width\":250,\"height\":53,\"caption\":\"Tecus Teknoloji\"},\"image\":{\"@id\":\"https:\/\/tecus.com.tr\/en\/#\/schema\/logo\/image\/\"}}]}<\/script>\n<!-- \/ Yoast SEO plugin. -->","yoast_head_json":{"title":"MODULAR PITBULL CLAMPERS - Tecus Teknoloji","robots":{"index":"index","follow":"follow","max-snippet":"max-snippet:-1","max-image-preview":"max-image-preview:large","max-video-preview":"max-video-preview:-1"},"canonical":"https:\/\/tecus.com.tr\/en\/product\/moduler-pitbull-clamps\/","og_locale":"en_US","og_type":"article","og_title":"MODULAR PITBULL CLAMPERS - Tecus Teknoloji","og_description":"The Pitbull\u00ae Fixture Clamp is well recognized for its low profile and positive downward force. It is now available as a modular clamp in two types.  The Stepped and Grooved Modular Pitbull\u00ae Clamp offers versatile use through its unique riser design. This clamp supports the workpiece on the machine tool for milling and drilling operations. The hardened and ground clamps are designed for tables with pilot hole or T-slot configurations.  The Compact Modular Pitbull\u00ae Clamp is ideal for clamping parts in series using the back surface of a clamp to position the next workpiece. The clamp height can be adjusted with the depth of the machined slot for positioning.","og_url":"https:\/\/tecus.com.tr\/en\/product\/moduler-pitbull-clamps\/","og_site_name":"Tecus Teknoloji","article_modified_time":"2025-09-22T19:57:07+00:00","og_image":[{"width":500,"height":500,"url":"https:\/\/tecus.com.tr\/wp-content\/uploads\/2018\/04\/moduler-pitbull-clamp-2.png","type":"image\/png"}],"twitter_card":"summary_large_image","schema":{"@context":"https:\/\/schema.org","@graph":[{"@type":"WebPage","@id":"https:\/\/tecus.com.tr\/en\/product\/moduler-pitbull-clamps\/","url":"https:\/\/tecus.com.tr\/en\/product\/moduler-pitbull-clamps\/","name":"MODULAR PITBULL CLAMPERS - Tecus Teknoloji","isPartOf":{"@id":"https:\/\/tecus.com.tr\/en\/#website"},"datePublished":"2018-04-15T11:05:08+00:00","dateModified":"2025-09-22T19:57:07+00:00","breadcrumb":{"@id":"https:\/\/tecus.com.tr\/en\/product\/moduler-pitbull-clamps\/#breadcrumb"},"inLanguage":"en-US","potentialAction":[{"@type":"ReadAction","target":["https:\/\/tecus.com.tr\/en\/product\/moduler-pitbull-clamps\/"]}]},{"@type":"BreadcrumbList","@id":"https:\/\/tecus.com.tr\/en\/product\/moduler-pitbull-clamps\/#breadcrumb","itemListElement":[{"@type":"ListItem","position":1,"name":"Ana sayfa","item":"https:\/\/tecus.com.tr\/en\/"},{"@type":"ListItem","position":2,"name":"Ma\u011faza","item":"https:\/\/tecus.com.tr\/magaza\/"},{"@type":"ListItem","position":3,"name":"MODULAR PITBULL CLAMPERS"}]},{"@type":"WebSite","@id":"https:\/\/tecus.com.tr\/en\/#website","url":"https:\/\/tecus.com.tr\/en\/","name":"Tecus Teknoloji","description":"CNC par\u00e7a ba\u011flama \u00e7\u00f6z\u00fcmleri","publisher":{"@id":"https:\/\/tecus.com.tr\/en\/#organization"},"potentialAction":[{"@type":"SearchAction","target":{"@type":"EntryPoint","urlTemplate":"https:\/\/tecus.com.tr\/en\/?s={search_term_string}"},"query-input":"required name=search_term_string"}],"inLanguage":"en-US"},{"@type":"Organization","@id":"https:\/\/tecus.com.tr\/en\/#organization","name":"Tecus Teknoloji","url":"https:\/\/tecus.com.tr\/en\/","logo":{"@type":"ImageObject","inLanguage":"en-US","@id":"https:\/\/tecus.com.tr\/en\/#\/schema\/logo\/image\/","url":"https:\/\/tecus.com.tr\/wp-content\/uploads\/2018\/04\/tecus-logo-beyaz-2-e1528750997765.png","contentUrl":"https:\/\/tecus.com.tr\/wp-content\/uploads\/2018\/04\/tecus-logo-beyaz-2-e1528750997765.png","width":250,"height":53,"caption":"Tecus Teknoloji"},"image":{"@id":"https:\/\/tecus.com.tr\/en\/#\/schema\/logo\/image\/"}}]}},"_links":{"self":[{"href":"https:\/\/tecus.com.tr\/en\/wp-json\/wp\/v2\/product\/28024","targetHints":{"allow":["GET"]}}],"collection":[{"href":"https:\/\/tecus.com.tr\/en\/wp-json\/wp\/v2\/product"}],"about":[{"href":"https:\/\/tecus.com.tr\/en\/wp-json\/wp\/v2\/types\/product"}],"version-history":[{"count":6,"href":"https:\/\/tecus.com.tr\/en\/wp-json\/wp\/v2\/product\/28024\/revisions"}],"predecessor-version":[{"id":40563,"href":"https:\/\/tecus.com.tr\/en\/wp-json\/wp\/v2\/product\/28024\/revisions\/40563"}],"wp:featuredmedia":[{"embeddable":true,"href":"https:\/\/tecus.com.tr\/en\/wp-json\/wp\/v2\/media\/28025"}],"wp:attachment":[{"href":"https:\/\/tecus.com.tr\/en\/wp-json\/wp\/v2\/media?parent=28024"}],"wp:term":[{"taxonomy":"product_brand","embeddable":true,"href":"https:\/\/tecus.com.tr\/en\/wp-json\/wp\/v2\/product_brand?post=28024"},{"taxonomy":"product_cat","embeddable":true,"href":"https:\/\/tecus.com.tr\/en\/wp-json\/wp\/v2\/product_cat?post=28024"},{"taxonomy":"product_tag","embeddable":true,"href":"https:\/\/tecus.com.tr\/en\/wp-json\/wp\/v2\/product_tag?post=28024"}],"curies":[{"name":"wp","href":"https:\/\/api.w.org\/{rel}","templated":true}]}}