{"id":28016,"date":"2018-04-15T10:45:45","date_gmt":"2018-04-15T10:45:45","guid":{"rendered":"https:\/\/tecus.com.tr\/urun\/vacmagic-vm100-vacuum-table\/"},"modified":"2025-09-22T20:04:05","modified_gmt":"2025-09-22T20:04:05","slug":"vacmagic-vm100-vacuum-table","status":"publish","type":"product","link":"https:\/\/tecus.com.tr\/en\/product\/vacmagic-vm100-vacuum-table\/","title":{"rendered":"VacMagic VM100 Vacuum Table"},"content":{"rendered":"<div id=\"prodinfoclear\"><\/div>\n<div class=\"fullwidthdrawing\">\n<table class=\"tableshiftdown\" border=\"0\" width=\"982\" cellspacing=\"0\" cellpadding=\"0\">\n<tbody>\n<tr>\n<td align=\"left\" valign=\"top\" width=\"464\"><img decoding=\"async\" src=\"http:\/\/www.miteebite.com\/wp-content\/uploads\/2014\/02\/Vacmagic-VM100-Drawing.png\" alt=\"\"><br \/>\n<img fetchpriority=\"high\" decoding=\"async\" class=\"alignnone size-full wp-image-1960\" src=\"http:\/\/www.miteebite.com\/wp-content\/uploads\/2014\/02\/replacement-parts.png\" sizes=\"(max-width: 401px) 100vw, 401px\" srcset=\"https:\/\/www.miteebite.com\/wp-content\/uploads\/2014\/02\/replacement-parts.png 401w, https:\/\/www.miteebite.com\/wp-content\/uploads\/2014\/02\/replacement-parts-198x300.png 198w\" alt=\"spare parts\" width=\"401\" height=\"605\"><\/td>\n<td align=\"left\" valign=\"top\" width=\"518\">\n<ul>\n<li>Operates on 70\u2013100 PSI shop air, eliminating vacuum pumps and coolant traps<\/li>\n<li>Expand your vacuum platform to 14&#8243; x 12&#8243; (360mm x 315mm) to accept standard VM300 Vacuum pallets<\/li>\n<li>Build your own vacuum fixtures &#8211; we can assist with design for your custom applications and manufacture the fixture<\/li>\n<li>Remove 12mm pins when grinding\/machining thin material, use set screws to locate and secure holding force<\/li>\n<\/ul>\n<p>&nbsp;<\/p>\n<h2 class=\"white\">Inch<\/h2>\n<table class=\"smalltable\">\n<tbody>\n<tr class=\"tbbordbot\">\n<th align=\"CENTER\">Item No.<\/th>\n<th align=\"LEFT\">Description<\/th>\n<th align=\"CENTER\">A<\/th>\n<th align=\"CENTER\">B<\/th>\n<th align=\"CENTER\">C<\/th>\n<\/tr>\n<tr>\n<td align=\"CENTER\" width=\"50\">45325<\/td>\n<td align=\"LEFT\" width=\"300\">Blank pallet<\/td>\n<td align=\"CENTER\" width=\"60\">12.5\u2033 (318 mm)<\/td>\n<td align=\"CENTER\" width=\"60\">5.875\u2033 (150 mm)<\/td>\n<td align=\"CENTER\" width=\"60\">1.0\u2033 (25 mm)<\/td>\n<\/tr>\n<tr>\n<td align=\"CENTER\" width=\"50\">45150<\/td>\n<td align=\"LEFT\" width=\"300\">VM300 Vacuum Pallet<\/td>\n<td align=\"CENTER\" width=\"60\">14.2\u2033 (360 mm)<\/td>\n<td align=\"CENTER\" width=\"60\">12.4\u2033 (315 mm)<\/td>\n<td align=\"CENTER\" width=\"60\">0.625\u2033 (16 mm)<\/td>\n<\/tr>\n<tr>\n<td align=\"CENTER\" width=\"50\">45375<\/td>\n<td align=\"LEFT\" width=\"300\">Base unit with all hardware<\/td>\n<td align=\"CENTER\" width=\"60\">12.375\u2033 (315 mm)<\/td>\n<td align=\"CENTER\" width=\"60\">5.5\u2033 (140 mm)<\/td>\n<td align=\"CENTER\" width=\"60\">1\u2033 (25 mm)<\/td>\n<\/tr>\n<tr>\n<td align=\"center\">45300<\/td>\n<td colspan=\"4\" align=\"LEFT\">VM100 Kit, includes base unit and 2 blank pallets<\/td>\n<\/tr>\n<\/tbody>\n<\/table>\n<p>&nbsp;<\/p>\n<h2 class=\"white\"><\/h2>\n<h2 class=\"white\">Gasket material<\/h2>\n<p>(for VM300 and VM100)<\/p>\n<table class=\"smalltable\">\n<tbody>\n<tr class=\"tbbordbot\">\n<th align=\"CENTER\"><\/th>\n<th align=\"CENTER\">Part No.<\/th>\n<th align=\"CENTER\">Description<\/th>\n<th align=\"CENTER\">Diameter (Inch)<\/th>\n<\/tr>\n<tr>\n<td align=\"center\">BLACK<\/td>\n<td align=\"CENTER\">45111<\/td>\n<td align=\"CENTER\">gasket<\/td>\n<td align=\"CENTER\">0.170 *<\/td>\n<\/tr>\n<tr>\n<td align=\"CENTER\"><\/td>\n<td align=\"CENTER\">45115<\/td>\n<td align=\"CENTER\">gasket<\/td>\n<td align=\"CENTER\">0.070<\/td>\n<\/tr>\n<tr>\n<td align=\"center\"><\/td>\n<td align=\"LEFT\">451181<\/td>\n<td align=\"CENTER\">gasket<\/td>\n<td align=\"CENTER\">0.125<\/td>\n<\/tr>\n<tr>\n<td align=\"center\"><\/td>\n<td align=\"CENTER\">45119<\/td>\n<td align=\"CENTER\">gasket<\/td>\n<td align=\"CENTER\">0.188<\/td>\n<\/tr>\n<tr>\n<td align=\"center\">WHITE<\/td>\n<td align=\"CENTER\">45114<\/td>\n<td align=\"CENTER\">gasket<\/td>\n<td align=\"CENTER\">0.170 *<\/td>\n<\/tr>\n<tr>\n<td align=\"center\"><\/td>\n<td align=\"CENTER\">45116<\/td>\n<td align=\"CENTER\">gasket<\/td>\n<td align=\"CENTER\">0.070<\/td>\n<\/tr>\n<tr>\n<td align=\"center\"><\/td>\n<td align=\"CENTER\">45117<\/td>\n<td align=\"CENTER\">gasket<\/td>\n<td align=\"CENTER\">0.125<\/td>\n<\/tr>\n<\/tbody>\n<\/table>\n<p><strong>BLACK<\/strong> &#8211; Excellent for long cycles and aggressive coolants<br \/>\n<strong>WHITE<\/strong> &#8211; Excellent for small parts, water-based coolants, or dry running.<\/p>\n<p>* Replacement size for base units and vacuum pallets. Other sizes listed for custom pallets. <\/td>\n<\/tr>\n<\/tbody>\n<\/table>\n<\/div>\n","protected":false},"excerpt":{"rendered":"<p>The VM100 was originally designed for grinding non-ferrous material on a magnetic chuck. During the early stages of R, it was discovered that the VM100 could be much more. Mount the VM100 to a vise to reduce setup time, use as a pallet changer, or mount to a grid plate or T-slot table.  <\/p>\n<p>The VM100 uses the same patented method as the VM300 to generate vacuum strong enough for industrial applications yet still runs on shop air! No vacuum pumps or coolant traps required. We include everything needed to get your VM100 running within minutes of opening the box.  <\/p>\n","protected":false},"featured_media":28017,"template":"","meta":{"_acf_changed":false},"product_brand":[],"product_cat":[360],"product_tag":[],"class_list":{"0":"post-28016","1":"product","2":"type-product","3":"status-publish","4":"has-post-thumbnail","6":"product_cat-vacuum-tables","8":"first","9":"instock","10":"taxable","11":"shipping-taxable","12":"product-type-simple"},"acf":[],"yoast_head":"<!-- This site is optimized with the Yoast SEO plugin v20.2.1 - https:\/\/yoast.com\/wordpress\/plugins\/seo\/ -->\n<title>VacMagic VM100 Vacuum Table - Tecus Teknoloji<\/title>\n<meta name=\"robots\" content=\"index, follow, max-snippet:-1, max-image-preview:large, max-video-preview:-1\" \/>\n<link rel=\"canonical\" href=\"https:\/\/tecus.com.tr\/en\/product\/vacmagic-vm100-vacuum-table\/\" \/>\n<meta property=\"og:locale\" content=\"en_US\" \/>\n<meta property=\"og:type\" content=\"article\" \/>\n<meta property=\"og:title\" content=\"VacMagic VM100 Vacuum Table - Tecus Teknoloji\" \/>\n<meta property=\"og:description\" content=\"The VM100 was originally designed for grinding non-ferrous material on a magnetic chuck. During the early stages of R, it was discovered that the VM100 could be much more. Mount the VM100 to a vise to reduce setup time, use as a pallet changer, or mount to a grid plate or T-slot table.  The VM100 uses the same patented method as the VM300 to generate vacuum strong enough for industrial applications yet still runs on shop air! No vacuum pumps or coolant traps required. We include everything needed to get your VM100 running within minutes of opening the box.\" \/>\n<meta property=\"og:url\" content=\"https:\/\/tecus.com.tr\/en\/product\/vacmagic-vm100-vacuum-table\/\" \/>\n<meta property=\"og:site_name\" content=\"Tecus Teknoloji\" \/>\n<meta property=\"article:modified_time\" content=\"2025-09-22T20:04:05+00:00\" \/>\n<meta property=\"og:image\" content=\"https:\/\/tecus.com.tr\/wp-content\/uploads\/2018\/04\/vacmagic100_header1-copy-1.png\" \/>\n\t<meta property=\"og:image:width\" content=\"500\" \/>\n\t<meta property=\"og:image:height\" content=\"500\" \/>\n\t<meta property=\"og:image:type\" content=\"image\/png\" \/>\n<meta name=\"twitter:card\" content=\"summary_large_image\" \/>\n<meta name=\"twitter:label1\" content=\"Est. reading time\" \/>\n\t<meta name=\"twitter:data1\" content=\"1 minute\" \/>\n<script type=\"application\/ld+json\" class=\"yoast-schema-graph\">{\"@context\":\"https:\/\/schema.org\",\"@graph\":[{\"@type\":\"WebPage\",\"@id\":\"https:\/\/tecus.com.tr\/en\/product\/vacmagic-vm100-vacuum-table\/\",\"url\":\"https:\/\/tecus.com.tr\/en\/product\/vacmagic-vm100-vacuum-table\/\",\"name\":\"VacMagic VM100 Vacuum Table - Tecus Teknoloji\",\"isPartOf\":{\"@id\":\"https:\/\/tecus.com.tr\/en\/#website\"},\"datePublished\":\"2018-04-15T10:45:45+00:00\",\"dateModified\":\"2025-09-22T20:04:05+00:00\",\"breadcrumb\":{\"@id\":\"https:\/\/tecus.com.tr\/en\/product\/vacmagic-vm100-vacuum-table\/#breadcrumb\"},\"inLanguage\":\"en-US\",\"potentialAction\":[{\"@type\":\"ReadAction\",\"target\":[\"https:\/\/tecus.com.tr\/en\/product\/vacmagic-vm100-vacuum-table\/\"]}]},{\"@type\":\"BreadcrumbList\",\"@id\":\"https:\/\/tecus.com.tr\/en\/product\/vacmagic-vm100-vacuum-table\/#breadcrumb\",\"itemListElement\":[{\"@type\":\"ListItem\",\"position\":1,\"name\":\"Ana sayfa\",\"item\":\"https:\/\/tecus.com.tr\/en\/\"},{\"@type\":\"ListItem\",\"position\":2,\"name\":\"Ma\u011faza\",\"item\":\"https:\/\/tecus.com.tr\/magaza\/\"},{\"@type\":\"ListItem\",\"position\":3,\"name\":\"VacMagic VM100 Vacuum Table\"}]},{\"@type\":\"WebSite\",\"@id\":\"https:\/\/tecus.com.tr\/en\/#website\",\"url\":\"https:\/\/tecus.com.tr\/en\/\",\"name\":\"Tecus Teknoloji\",\"description\":\"CNC par\u00e7a ba\u011flama \u00e7\u00f6z\u00fcmleri\",\"publisher\":{\"@id\":\"https:\/\/tecus.com.tr\/en\/#organization\"},\"potentialAction\":[{\"@type\":\"SearchAction\",\"target\":{\"@type\":\"EntryPoint\",\"urlTemplate\":\"https:\/\/tecus.com.tr\/en\/?s={search_term_string}\"},\"query-input\":\"required name=search_term_string\"}],\"inLanguage\":\"en-US\"},{\"@type\":\"Organization\",\"@id\":\"https:\/\/tecus.com.tr\/en\/#organization\",\"name\":\"Tecus Teknoloji\",\"url\":\"https:\/\/tecus.com.tr\/en\/\",\"logo\":{\"@type\":\"ImageObject\",\"inLanguage\":\"en-US\",\"@id\":\"https:\/\/tecus.com.tr\/en\/#\/schema\/logo\/image\/\",\"url\":\"https:\/\/tecus.com.tr\/wp-content\/uploads\/2018\/04\/tecus-logo-beyaz-2-e1528750997765.png\",\"contentUrl\":\"https:\/\/tecus.com.tr\/wp-content\/uploads\/2018\/04\/tecus-logo-beyaz-2-e1528750997765.png\",\"width\":250,\"height\":53,\"caption\":\"Tecus Teknoloji\"},\"image\":{\"@id\":\"https:\/\/tecus.com.tr\/en\/#\/schema\/logo\/image\/\"}}]}<\/script>\n<!-- \/ Yoast SEO plugin. -->","yoast_head_json":{"title":"VacMagic VM100 Vacuum Table - Tecus Teknoloji","robots":{"index":"index","follow":"follow","max-snippet":"max-snippet:-1","max-image-preview":"max-image-preview:large","max-video-preview":"max-video-preview:-1"},"canonical":"https:\/\/tecus.com.tr\/en\/product\/vacmagic-vm100-vacuum-table\/","og_locale":"en_US","og_type":"article","og_title":"VacMagic VM100 Vacuum Table - Tecus Teknoloji","og_description":"The VM100 was originally designed for grinding non-ferrous material on a magnetic chuck. During the early stages of R, it was discovered that the VM100 could be much more. Mount the VM100 to a vise to reduce setup time, use as a pallet changer, or mount to a grid plate or T-slot table.  The VM100 uses the same patented method as the VM300 to generate vacuum strong enough for industrial applications yet still runs on shop air! No vacuum pumps or coolant traps required. We include everything needed to get your VM100 running within minutes of opening the box.","og_url":"https:\/\/tecus.com.tr\/en\/product\/vacmagic-vm100-vacuum-table\/","og_site_name":"Tecus Teknoloji","article_modified_time":"2025-09-22T20:04:05+00:00","og_image":[{"width":500,"height":500,"url":"https:\/\/tecus.com.tr\/wp-content\/uploads\/2018\/04\/vacmagic100_header1-copy-1.png","type":"image\/png"}],"twitter_card":"summary_large_image","twitter_misc":{"Est. reading time":"1 minute"},"schema":{"@context":"https:\/\/schema.org","@graph":[{"@type":"WebPage","@id":"https:\/\/tecus.com.tr\/en\/product\/vacmagic-vm100-vacuum-table\/","url":"https:\/\/tecus.com.tr\/en\/product\/vacmagic-vm100-vacuum-table\/","name":"VacMagic VM100 Vacuum Table - Tecus Teknoloji","isPartOf":{"@id":"https:\/\/tecus.com.tr\/en\/#website"},"datePublished":"2018-04-15T10:45:45+00:00","dateModified":"2025-09-22T20:04:05+00:00","breadcrumb":{"@id":"https:\/\/tecus.com.tr\/en\/product\/vacmagic-vm100-vacuum-table\/#breadcrumb"},"inLanguage":"en-US","potentialAction":[{"@type":"ReadAction","target":["https:\/\/tecus.com.tr\/en\/product\/vacmagic-vm100-vacuum-table\/"]}]},{"@type":"BreadcrumbList","@id":"https:\/\/tecus.com.tr\/en\/product\/vacmagic-vm100-vacuum-table\/#breadcrumb","itemListElement":[{"@type":"ListItem","position":1,"name":"Ana sayfa","item":"https:\/\/tecus.com.tr\/en\/"},{"@type":"ListItem","position":2,"name":"Ma\u011faza","item":"https:\/\/tecus.com.tr\/magaza\/"},{"@type":"ListItem","position":3,"name":"VacMagic VM100 Vacuum Table"}]},{"@type":"WebSite","@id":"https:\/\/tecus.com.tr\/en\/#website","url":"https:\/\/tecus.com.tr\/en\/","name":"Tecus Teknoloji","description":"CNC par\u00e7a ba\u011flama \u00e7\u00f6z\u00fcmleri","publisher":{"@id":"https:\/\/tecus.com.tr\/en\/#organization"},"potentialAction":[{"@type":"SearchAction","target":{"@type":"EntryPoint","urlTemplate":"https:\/\/tecus.com.tr\/en\/?s={search_term_string}"},"query-input":"required name=search_term_string"}],"inLanguage":"en-US"},{"@type":"Organization","@id":"https:\/\/tecus.com.tr\/en\/#organization","name":"Tecus Teknoloji","url":"https:\/\/tecus.com.tr\/en\/","logo":{"@type":"ImageObject","inLanguage":"en-US","@id":"https:\/\/tecus.com.tr\/en\/#\/schema\/logo\/image\/","url":"https:\/\/tecus.com.tr\/wp-content\/uploads\/2018\/04\/tecus-logo-beyaz-2-e1528750997765.png","contentUrl":"https:\/\/tecus.com.tr\/wp-content\/uploads\/2018\/04\/tecus-logo-beyaz-2-e1528750997765.png","width":250,"height":53,"caption":"Tecus Teknoloji"},"image":{"@id":"https:\/\/tecus.com.tr\/en\/#\/schema\/logo\/image\/"}}]}},"_links":{"self":[{"href":"https:\/\/tecus.com.tr\/en\/wp-json\/wp\/v2\/product\/28016","targetHints":{"allow":["GET"]}}],"collection":[{"href":"https:\/\/tecus.com.tr\/en\/wp-json\/wp\/v2\/product"}],"about":[{"href":"https:\/\/tecus.com.tr\/en\/wp-json\/wp\/v2\/types\/product"}],"version-history":[{"count":1,"href":"https:\/\/tecus.com.tr\/en\/wp-json\/wp\/v2\/product\/28016\/revisions"}],"predecessor-version":[{"id":33233,"href":"https:\/\/tecus.com.tr\/en\/wp-json\/wp\/v2\/product\/28016\/revisions\/33233"}],"wp:featuredmedia":[{"embeddable":true,"href":"https:\/\/tecus.com.tr\/en\/wp-json\/wp\/v2\/media\/28017"}],"wp:attachment":[{"href":"https:\/\/tecus.com.tr\/en\/wp-json\/wp\/v2\/media?parent=28016"}],"wp:term":[{"taxonomy":"product_brand","embeddable":true,"href":"https:\/\/tecus.com.tr\/en\/wp-json\/wp\/v2\/product_brand?post=28016"},{"taxonomy":"product_cat","embeddable":true,"href":"https:\/\/tecus.com.tr\/en\/wp-json\/wp\/v2\/product_cat?post=28016"},{"taxonomy":"product_tag","embeddable":true,"href":"https:\/\/tecus.com.tr\/en\/wp-json\/wp\/v2\/product_tag?post=28016"}],"curies":[{"name":"wp","href":"https:\/\/api.w.org\/{rel}","templated":true}]}}