{"id":28014,"date":"2018-04-15T10:45:23","date_gmt":"2018-04-15T10:45:23","guid":{"rendered":"https:\/\/tecus.com.tr\/urun\/rotary-vacuum-table\/"},"modified":"2025-09-22T19:54:45","modified_gmt":"2025-09-22T19:54:45","slug":"rotary-vacuum-table","status":"publish","type":"product","link":"https:\/\/tecus.com.tr\/en\/product\/rotary-vacuum-table\/","title":{"rendered":"Rotary Vacuum Chuck"},"content":{"rendered":"<div><img fetchpriority=\"high\" decoding=\"async\" class=\"alignnone wp-image-588\" src=\"https:\/\/e-market.tecus.com.tr\/wp-content\/uploads\/2018\/03\/ROTARY-VACUUM-CHUCK-banner2-300x96.jpg\" alt=\"\" width=\"531\" height=\"170\"><\/div>\n<table class=\"smalltable\">\n<tbody>\n<tr class=\"tbbordbot\">\n<th>Part No<\/th>\n<th>Description<\/th>\n<th>Diameter<\/th>\n<th>Thickness<\/th>\n<\/tr>\n<tr>\n<td align=\"center\">46400<\/td>\n<td align=\"left\">M6 Threaded Rotary Vacuum Plate<\/td>\n<td align=\"center\">9.85&#8243;<\/td>\n<td align=\"center\">1.0&#8243;<\/td>\n<\/tr>\n<tr>\n<td align=\"center\">46450<\/td>\n<td align=\"left\">Rotary Sacrificial Plate<\/td>\n<td align=\"center\">9.85&#8243;<\/td>\n<td align=\"center\">0.375&#8243;<\/td>\n<\/tr>\n<tr>\n<td align=\"center\">46455<\/td>\n<td align=\"left\">8mm Rotary Fitting<\/td>\n<td align=\"center\"><\/td>\n<td align=\"center\"><\/td>\n<\/tr>\n<tr>\n<td align=\"center\">45155<\/td>\n<td align=\"left\">M6 Vacuum Grippers (2\/pk)<\/td>\n<td align=\"center\"><\/td>\n<td align=\"center\"><\/td>\n<\/tr>\n<tr>\n<td align=\"center\">45111<\/td>\n<td align=\"left\">Vacuum Gasket (black) sold by the foot<\/td>\n<td align=\"center\">0.170&#8243;<\/td>\n<td align=\"center\"><\/td>\n<\/tr>\n<tr>\n<td align=\"center\">46401<\/td>\n<td align=\"left\">Rotary Vacuum Kit (Includes Vacuum Plate,<br \/>\nRotary Fitting, 4 Vacuum Grippers, Tubing and Gasket)<\/td>\n<td align=\"center\"><\/td>\n<td align=\"center\"><\/td>\n<\/tr>\n<\/tbody>\n<\/table>\n","protected":false},"excerpt":{"rendered":"<p>Yes, this is correct! A vacuum system that provides options for applications on lathes or rotary tables that cannot be achieved with traditional methods. Although initially designed for thin materials and composites, we have discovered that with the use of our newly designed vacuum grippers, we can work more aggressively than expected. These grippers will leave marks on the back of the workpiece, but in some cases will increase lateral load by more than 400%! The grippers can be removed\/lowered\/positioned as needed in the 32 M6 threaded holes on the face, including the ability to easily change the size of the vacuum chamber by removing\/reinstalling the gripping material from one of 9 channels. Always select the largest diameter possible for your application.     <\/p>\n<p>The shaft manufactured from solid stock provides concentricity between the shaft and vacuum chamber, increased rigidity, and the extra material needed when special modifications are required. For example: reducing the face plate or shaft diameter, as well as mounting mirror image machining of the workpiece to the front face for special applications. <\/p>\n<p>Rotary fitting designed for 1,100 RPM to connect the fixture, however general machining applications and common sense should be considered when using this product. Recommended for light-duty machining applications &#8211; please contact us if you have any questions. Fitting components are for 5\/16 or 8mm tubing. When used on a lathe, steel tubing is required with a coolant trap placed between the <a title=\"Vacuum Pump\" href=\"https:\/\/www.miteebite.com\/products\/vacuum-pump\/\">vacuum pump<\/a> and vacuum chuck. Flexible tubing can be used on rotary tables, although steel tubing is always the preferred method.    <\/p>\n","protected":false},"featured_media":28015,"template":"","meta":{"_acf_changed":false},"product_brand":[],"product_cat":[360],"product_tag":[],"class_list":{"0":"post-28014","1":"product","2":"type-product","3":"status-publish","4":"has-post-thumbnail","6":"product_cat-vacuum-tables","8":"first","9":"instock","10":"taxable","11":"shipping-taxable","12":"product-type-simple"},"acf":[],"yoast_head":"<!-- This site is optimized with the Yoast SEO plugin v20.2.1 - https:\/\/yoast.com\/wordpress\/plugins\/seo\/ -->\n<title>Rotary Vacuum Chuck - Tecus Teknoloji<\/title>\n<meta name=\"robots\" content=\"index, follow, max-snippet:-1, max-image-preview:large, max-video-preview:-1\" \/>\n<link rel=\"canonical\" href=\"https:\/\/tecus.com.tr\/en\/product\/rotary-vacuum-table\/\" \/>\n<meta property=\"og:locale\" content=\"en_US\" \/>\n<meta property=\"og:type\" content=\"article\" \/>\n<meta property=\"og:title\" content=\"Rotary Vacuum Chuck - Tecus Teknoloji\" \/>\n<meta property=\"og:description\" content=\"Yes, this is correct! A vacuum system that provides options for applications on lathes or rotary tables that cannot be achieved with traditional methods. Although initially designed for thin materials and composites, we have discovered that with the use of our newly designed vacuum grippers, we can work more aggressively than expected. These grippers will leave marks on the back of the workpiece, but in some cases will increase lateral load by more than 400%! The grippers can be removed\/lowered\/positioned as needed in the 32 M6 threaded holes on the face, including the ability to easily change the size of the vacuum chamber by removing\/reinstalling the gripping material from one of 9 channels. Always select the largest diameter possible for your application.    The shaft manufactured from solid stock provides concentricity between the shaft and vacuum chamber, increased rigidity, and the extra material needed when special modifications are required. For example: reducing the face plate or shaft diameter, as well as mounting mirror image machining of the workpiece to the front face for special applications.  Rotary fitting designed for 1,100 RPM to connect the fixture, however general machining applications and common sense should be considered when using this product. Recommended for light-duty machining applications - please contact us if you have any questions. Fitting components are for 5\/16 or 8mm tubing. When used on a lathe, steel tubing is required with a coolant trap placed between the vacuum pump and vacuum chuck. Flexible tubing can be used on rotary tables, although steel tubing is always the preferred method.\" \/>\n<meta property=\"og:url\" content=\"https:\/\/tecus.com.tr\/en\/product\/rotary-vacuum-table\/\" \/>\n<meta property=\"og:site_name\" content=\"Tecus Teknoloji\" \/>\n<meta property=\"article:modified_time\" content=\"2025-09-22T19:54:45+00:00\" \/>\n<meta property=\"og:image\" content=\"https:\/\/tecus.com.tr\/wp-content\/uploads\/2018\/04\/ROTARY-VACUUM-CHUCKglam1-copy-1.png\" \/>\n\t<meta property=\"og:image:width\" content=\"500\" \/>\n\t<meta property=\"og:image:height\" content=\"500\" \/>\n\t<meta property=\"og:image:type\" content=\"image\/png\" \/>\n<meta name=\"twitter:card\" content=\"summary_large_image\" \/>\n<script type=\"application\/ld+json\" class=\"yoast-schema-graph\">{\"@context\":\"https:\/\/schema.org\",\"@graph\":[{\"@type\":\"WebPage\",\"@id\":\"https:\/\/tecus.com.tr\/en\/product\/rotary-vacuum-table\/\",\"url\":\"https:\/\/tecus.com.tr\/en\/product\/rotary-vacuum-table\/\",\"name\":\"Rotary Vacuum Chuck - Tecus Teknoloji\",\"isPartOf\":{\"@id\":\"https:\/\/tecus.com.tr\/en\/#website\"},\"datePublished\":\"2018-04-15T10:45:23+00:00\",\"dateModified\":\"2025-09-22T19:54:45+00:00\",\"breadcrumb\":{\"@id\":\"https:\/\/tecus.com.tr\/en\/product\/rotary-vacuum-table\/#breadcrumb\"},\"inLanguage\":\"en-US\",\"potentialAction\":[{\"@type\":\"ReadAction\",\"target\":[\"https:\/\/tecus.com.tr\/en\/product\/rotary-vacuum-table\/\"]}]},{\"@type\":\"BreadcrumbList\",\"@id\":\"https:\/\/tecus.com.tr\/en\/product\/rotary-vacuum-table\/#breadcrumb\",\"itemListElement\":[{\"@type\":\"ListItem\",\"position\":1,\"name\":\"Ana sayfa\",\"item\":\"https:\/\/tecus.com.tr\/en\/\"},{\"@type\":\"ListItem\",\"position\":2,\"name\":\"Ma\u011faza\",\"item\":\"https:\/\/tecus.com.tr\/magaza\/\"},{\"@type\":\"ListItem\",\"position\":3,\"name\":\"Rotary Vacuum Chuck\"}]},{\"@type\":\"WebSite\",\"@id\":\"https:\/\/tecus.com.tr\/en\/#website\",\"url\":\"https:\/\/tecus.com.tr\/en\/\",\"name\":\"Tecus Teknoloji\",\"description\":\"CNC par\u00e7a ba\u011flama \u00e7\u00f6z\u00fcmleri\",\"publisher\":{\"@id\":\"https:\/\/tecus.com.tr\/en\/#organization\"},\"potentialAction\":[{\"@type\":\"SearchAction\",\"target\":{\"@type\":\"EntryPoint\",\"urlTemplate\":\"https:\/\/tecus.com.tr\/en\/?s={search_term_string}\"},\"query-input\":\"required name=search_term_string\"}],\"inLanguage\":\"en-US\"},{\"@type\":\"Organization\",\"@id\":\"https:\/\/tecus.com.tr\/en\/#organization\",\"name\":\"Tecus Teknoloji\",\"url\":\"https:\/\/tecus.com.tr\/en\/\",\"logo\":{\"@type\":\"ImageObject\",\"inLanguage\":\"en-US\",\"@id\":\"https:\/\/tecus.com.tr\/en\/#\/schema\/logo\/image\/\",\"url\":\"https:\/\/tecus.com.tr\/wp-content\/uploads\/2018\/04\/tecus-logo-beyaz-2-e1528750997765.png\",\"contentUrl\":\"https:\/\/tecus.com.tr\/wp-content\/uploads\/2018\/04\/tecus-logo-beyaz-2-e1528750997765.png\",\"width\":250,\"height\":53,\"caption\":\"Tecus Teknoloji\"},\"image\":{\"@id\":\"https:\/\/tecus.com.tr\/en\/#\/schema\/logo\/image\/\"}}]}<\/script>\n<!-- \/ Yoast SEO plugin. -->","yoast_head_json":{"title":"Rotary Vacuum Chuck - Tecus Teknoloji","robots":{"index":"index","follow":"follow","max-snippet":"max-snippet:-1","max-image-preview":"max-image-preview:large","max-video-preview":"max-video-preview:-1"},"canonical":"https:\/\/tecus.com.tr\/en\/product\/rotary-vacuum-table\/","og_locale":"en_US","og_type":"article","og_title":"Rotary Vacuum Chuck - Tecus Teknoloji","og_description":"Yes, this is correct! A vacuum system that provides options for applications on lathes or rotary tables that cannot be achieved with traditional methods. Although initially designed for thin materials and composites, we have discovered that with the use of our newly designed vacuum grippers, we can work more aggressively than expected. These grippers will leave marks on the back of the workpiece, but in some cases will increase lateral load by more than 400%! The grippers can be removed\/lowered\/positioned as needed in the 32 M6 threaded holes on the face, including the ability to easily change the size of the vacuum chamber by removing\/reinstalling the gripping material from one of 9 channels. Always select the largest diameter possible for your application.    The shaft manufactured from solid stock provides concentricity between the shaft and vacuum chamber, increased rigidity, and the extra material needed when special modifications are required. For example: reducing the face plate or shaft diameter, as well as mounting mirror image machining of the workpiece to the front face for special applications.  Rotary fitting designed for 1,100 RPM to connect the fixture, however general machining applications and common sense should be considered when using this product. Recommended for light-duty machining applications - please contact us if you have any questions. Fitting components are for 5\/16 or 8mm tubing. When used on a lathe, steel tubing is required with a coolant trap placed between the vacuum pump and vacuum chuck. Flexible tubing can be used on rotary tables, although steel tubing is always the preferred method.","og_url":"https:\/\/tecus.com.tr\/en\/product\/rotary-vacuum-table\/","og_site_name":"Tecus Teknoloji","article_modified_time":"2025-09-22T19:54:45+00:00","og_image":[{"width":500,"height":500,"url":"https:\/\/tecus.com.tr\/wp-content\/uploads\/2018\/04\/ROTARY-VACUUM-CHUCKglam1-copy-1.png","type":"image\/png"}],"twitter_card":"summary_large_image","schema":{"@context":"https:\/\/schema.org","@graph":[{"@type":"WebPage","@id":"https:\/\/tecus.com.tr\/en\/product\/rotary-vacuum-table\/","url":"https:\/\/tecus.com.tr\/en\/product\/rotary-vacuum-table\/","name":"Rotary Vacuum Chuck - Tecus Teknoloji","isPartOf":{"@id":"https:\/\/tecus.com.tr\/en\/#website"},"datePublished":"2018-04-15T10:45:23+00:00","dateModified":"2025-09-22T19:54:45+00:00","breadcrumb":{"@id":"https:\/\/tecus.com.tr\/en\/product\/rotary-vacuum-table\/#breadcrumb"},"inLanguage":"en-US","potentialAction":[{"@type":"ReadAction","target":["https:\/\/tecus.com.tr\/en\/product\/rotary-vacuum-table\/"]}]},{"@type":"BreadcrumbList","@id":"https:\/\/tecus.com.tr\/en\/product\/rotary-vacuum-table\/#breadcrumb","itemListElement":[{"@type":"ListItem","position":1,"name":"Ana sayfa","item":"https:\/\/tecus.com.tr\/en\/"},{"@type":"ListItem","position":2,"name":"Ma\u011faza","item":"https:\/\/tecus.com.tr\/magaza\/"},{"@type":"ListItem","position":3,"name":"Rotary Vacuum Chuck"}]},{"@type":"WebSite","@id":"https:\/\/tecus.com.tr\/en\/#website","url":"https:\/\/tecus.com.tr\/en\/","name":"Tecus Teknoloji","description":"CNC par\u00e7a ba\u011flama \u00e7\u00f6z\u00fcmleri","publisher":{"@id":"https:\/\/tecus.com.tr\/en\/#organization"},"potentialAction":[{"@type":"SearchAction","target":{"@type":"EntryPoint","urlTemplate":"https:\/\/tecus.com.tr\/en\/?s={search_term_string}"},"query-input":"required name=search_term_string"}],"inLanguage":"en-US"},{"@type":"Organization","@id":"https:\/\/tecus.com.tr\/en\/#organization","name":"Tecus Teknoloji","url":"https:\/\/tecus.com.tr\/en\/","logo":{"@type":"ImageObject","inLanguage":"en-US","@id":"https:\/\/tecus.com.tr\/en\/#\/schema\/logo\/image\/","url":"https:\/\/tecus.com.tr\/wp-content\/uploads\/2018\/04\/tecus-logo-beyaz-2-e1528750997765.png","contentUrl":"https:\/\/tecus.com.tr\/wp-content\/uploads\/2018\/04\/tecus-logo-beyaz-2-e1528750997765.png","width":250,"height":53,"caption":"Tecus Teknoloji"},"image":{"@id":"https:\/\/tecus.com.tr\/en\/#\/schema\/logo\/image\/"}}]}},"_links":{"self":[{"href":"https:\/\/tecus.com.tr\/en\/wp-json\/wp\/v2\/product\/28014","targetHints":{"allow":["GET"]}}],"collection":[{"href":"https:\/\/tecus.com.tr\/en\/wp-json\/wp\/v2\/product"}],"about":[{"href":"https:\/\/tecus.com.tr\/en\/wp-json\/wp\/v2\/types\/product"}],"version-history":[{"count":1,"href":"https:\/\/tecus.com.tr\/en\/wp-json\/wp\/v2\/product\/28014\/revisions"}],"predecessor-version":[{"id":33225,"href":"https:\/\/tecus.com.tr\/en\/wp-json\/wp\/v2\/product\/28014\/revisions\/33225"}],"wp:featuredmedia":[{"embeddable":true,"href":"https:\/\/tecus.com.tr\/en\/wp-json\/wp\/v2\/media\/28015"}],"wp:attachment":[{"href":"https:\/\/tecus.com.tr\/en\/wp-json\/wp\/v2\/media?parent=28014"}],"wp:term":[{"taxonomy":"product_brand","embeddable":true,"href":"https:\/\/tecus.com.tr\/en\/wp-json\/wp\/v2\/product_brand?post=28014"},{"taxonomy":"product_cat","embeddable":true,"href":"https:\/\/tecus.com.tr\/en\/wp-json\/wp\/v2\/product_cat?post=28014"},{"taxonomy":"product_tag","embeddable":true,"href":"https:\/\/tecus.com.tr\/en\/wp-json\/wp\/v2\/product_tag?post=28014"}],"curies":[{"name":"wp","href":"https:\/\/api.w.org\/{rel}","templated":true}]}}