{"id":28008,"date":"2018-04-15T08:30:37","date_gmt":"2018-04-15T08:30:37","guid":{"rendered":"https:\/\/tecus.com.tr\/urun\/28008\/"},"modified":"2025-10-27T19:52:10","modified_gmt":"2025-10-27T19:52:10","slug":"28008","status":"publish","type":"product","link":"https:\/\/tecus.com.tr\/en\/product\/28008\/","title":{"rendered":"Loc-Down\u00ae"},"content":{"rendered":"\t\t<div data-elementor-type=\"wp-post\" data-elementor-id=\"28008\" class=\"elementor elementor-28008 elementor-8648\" data-elementor-post-type=\"product\">\n\t\t\t\t\t\t<section class=\"elementor-section elementor-top-section elementor-element elementor-element-3624d1 elementor-section-boxed elementor-section-height-default elementor-section-height-default\" data-id=\"3624d1\" data-element_type=\"section\">\n\t\t\t\t\t\t<div class=\"elementor-container elementor-column-gap-default\">\n\t\t\t\t\t<div class=\"elementor-column elementor-col-100 elementor-top-column elementor-element elementor-element-4396956c\" data-id=\"4396956c\" data-element_type=\"column\">\n\t\t\t<div class=\"elementor-widget-wrap elementor-element-populated\">\n\t\t\t\t\t\t<div class=\"elementor-element elementor-element-4c558a8 elementor-widget elementor-widget-text-editor\" data-id=\"4c558a8\" data-element_type=\"widget\" data-widget_type=\"text-editor.default\">\n\t\t\t\t<div class=\"elementor-widget-container\">\n\t\t\t\t\t\t\t\t\t<div class=\"prodinfocont\"><div class=\"proddescript\"><h2 class=\"white\">Loc-Down\u00ae System<\/h2><p>The Mitee-Bite Loc-Down\u00ae System was designed to be a programmer&#8217;s and operator&#8217;s dream for quickly and easily securing small to large aerospace parts. Its compact design allows for tighter pattern on grid plates compared to other options in the marketplace saving material cost on expensive aerospace alloys. <\/p><p>The Loc-Down\u00ae generates high holding force and provides low profile &#8220;out of the way&#8221; clamping allowing programmers to be very creative. Permits aggressive machining without tooling interference or apply forces that would influence part, intended to streamline production for the Aerospace Industry. <\/p><ul><li>Ideal for grid plates, tombstones and custom applications<\/li><li>100% Heat Treated Stainless Steel<\/li><\/ul><\/div><\/div><table class=\"smalltable tablepad\"><tbody><tr class=\"tbbordbot\"><th> <\/th><th align=\"left\">Description<\/th><th>Part No.<\/th><th> <\/th><th>Thread<br>Size<\/th><th align=\"center\">Bushing<br>Part No.<\/th><th align=\"center\">Cutter<br>Part No.<\/th><th align=\"center\">Loc-Down\u00ae<br>Quick Change Kit*<br>Part No.<\/th><\/tr><tr><td>INCH<\/td><td>Loc-Down\u00ae Clamp<\/td><td align=\"center\">11538<\/td><td><a href=\"https:\/\/miteebite.com\/MB%20CAD%20FILES\/Loc-Down%20Clamp\/11538.STEP\" target=\"_blank\" rel=\"noopener\">CAD<\/a><\/td><td align=\"center\">3\/8-16<\/td><td align=\"center\">11524<\/td><td align=\"center\">11531<\/td><td> <\/td><\/tr><tr><td> <\/td><td>Loc-Down\u00ae Clamp<\/td><td align=\"center\">11500<\/td><td><a href=\"https:\/\/miteebite.com\/MB%20CAD%20FILES\/Loc-Down%20Clamp\/11500.STEP\" target=\"_blank\" rel=\"noopener\">CAD<\/a><\/td><td align=\"center\">1\/2-13<\/td><td align=\"center\">11520<\/td><td align=\"center\">11530<\/td><td align=\"center\">11550<\/td><\/tr><tr><td> <\/td><td>Loc-Down\u00ae Clamp<\/td><td align=\"center\">11558<\/td><td><a href=\"https:\/\/miteebite.com\/MB%20CAD%20FILES\/Loc-Down%20Clamp\/11558.STEP\" target=\"_blank\" rel=\"noopener\">CAD<\/a><\/td><td align=\"center\">5\/8-11<\/td><td align=\"center\">11528<\/td><td align=\"center\">11530<\/td><td> <\/td><\/tr><tr><td>METRIC<\/td><td>Loc-Down\u00ae Clamp<\/td><td align=\"center\">11610<\/td><td><a href=\"https:\/\/miteebite.com\/MB%20CAD%20FILES\/Loc-Down%20Clamp\/11610.STEP\" target=\"_blank\" rel=\"noopener\">CAD<\/a><\/td><td align=\"center\">M10-1.5<\/td><td align=\"center\">11524<\/td><td align=\"center\">11531<\/td><td> <\/td><\/tr><tr><td> <\/td><td>Loc-Down\u00ae Clamp<\/td><td align=\"center\">11612<\/td><td><a href=\"https:\/\/miteebite.com\/MB%20CAD%20FILES\/Loc-Down%20Clamp\/11612.STEP\" target=\"_blank\" rel=\"noopener\">CAD<\/a><\/td><td align=\"center\">M12-1.75<\/td><td align=\"center\">11520<\/td><td align=\"center\">11530<\/td><td align=\"center\">11650<\/td><\/tr><tr><td> <\/td><td>Loc-Down\u00ae Clamp<\/td><td align=\"center\">11616<\/td><td><a href=\"https:\/\/miteebite.com\/MB%20CAD%20FILES\/Loc-Down%20Clamp\/11616.STEP\" target=\"_blank\" rel=\"noopener\">CAD<\/a><\/td><td align=\"center\">M16-2.0<\/td><td align=\"center\">11528<\/td><td align=\"center\">11530<\/td><td> <\/td><\/tr><\/tbody><\/table><table class=\"smalltable tablepad\"><tbody><tr class=\"tbbordbot\"><th align=\"left\">Description<\/th><th>Part No.<\/th><th> <\/th> <\/tr><tr><td>Loc-Down\u00ae Carbide Cutter 1\/2\u2033<\/td><td align=\"center\">11530<\/td><td><a href=\"https:\/\/miteebite.com\/MB%20CAD%20FILES\/Loc-Down%20Clamp\/11530.STEP\" target=\"_blank\" rel=\"noopener\">CAD<\/a><\/td><\/tr><tr><td>Loc-Down\u00ae Carbide Cutter 3\/8\u2033<\/td><td align=\"center\">11531<\/td><td><a href=\"https:\/\/miteebite.com\/MB%20CAD%20FILES\/Loc-Down%20Clamp\/11531.STEP\" target=\"_blank\" rel=\"noopener\">CAD<\/a><\/td><\/tr><tr><td>Loc-Down\u00ae Insertion Tool<\/td><td align=\"center\">11535<\/td><td><a href=\"https:\/\/miteebite.com\/MB%20CAD%20FILES\/Loc-Down%20Clamp\/11535.STEP\" target=\"_blank\" rel=\"noopener\">CAD<\/a><\/td><\/tr><tr><td>Heavy Wall Loc-Down\u00ae Bushing \u2013 3\/8 (M10)<\/td><td align=\"center\">11524<\/td><td><a href=\"https:\/\/miteebite.com\/MB%20CAD%20FILES\/Loc-Down%20Clamp\/11524.STEP\" target=\"_blank\" rel=\"noopener\">CAD<\/a><\/td><\/tr><tr><td>Heavy Wall Loc-Down\u00ae Bushing \u2013 1\/2-13 (M12)<\/td><td align=\"center\">11520<\/td><td><a href=\"https:\/\/miteebite.com\/MB%20CAD%20FILES\/Loc-Down%20Clamp\/11520.STEP\" target=\"_blank\" rel=\"noopener\">CAD<\/a><\/td><\/tr><tr><td>Heavy Wall Loc-Down\u00ae Bushing \u2013 5\/8-11 (M16)<\/td><td align=\"center\">11528<\/td><td><a href=\"https:\/\/miteebite.com\/MB%20CAD%20FILES\/Loc-Down%20Clamp\/11528.STEP\" target=\"_blank\" rel=\"noopener\">CAD<\/a><\/td><\/tr><\/tbody><\/table><p><b>Never use an impact style driver when tightening <i>or loosening.<\/i><\/b><br>Hand tightening for majority of applications is sufficient \u2013  <b><span style=\"color: #f7d417;\">Maximum torque 15 Ft-lbs. (20 N.m) <\/span><\/b><br>*Kit includes 4 Loc-Downs, 4 custom bushings, insertion tool,<br>4 liners, 1 diamond and tapered pin with mounting screws.<\/p><div><div class=\"wp-caption alignnone\"><img decoding=\"async\" class=\"alignnone size-medium wp-image-2463\" src=\"https:\/\/www.miteebite.com\/wp-content\/uploads\/2017\/12\/LOCDOWNCUSTBUSHING.png\" alt=\"OLYMPUS DIGITAL CAMERA\" width=\"163\" height=\"144\"><p class=\"wp-caption-text\">11520 NEW Heavy Wall<br>Lock-Down Bushing<\/p><\/div><\/div><p><a href=\"https:\/\/www.miteebite.com\/wp-content\/uploads\/2018\/03\/LOC-DOWN-SYSTEM-e1625689117942.jpg\" rel=\"lightbox[4551]\"><img fetchpriority=\"high\" decoding=\"async\" class=\"alignnone size-medium wp-image-1786\" src=\"https:\/\/www.miteebite.com\/wp-content\/uploads\/2018\/03\/LOC-DOWN-SYSTEM-e1625689117942.jpg\" alt=\"Loc-Down Kit with chip caps\" width=\"300\" height=\"193\"><\/a><br>We have combined our Loc-Down\u00ae, custom Bushings<br>and Locating Pins and Liners in a convenient kit (that<br>delivers a low-cost high precision quick change pallet<br>system with a repeatability of .0004\u2033\/0.01mm or better!<\/p>\t\t\t\t\t\t\t\t<\/div>\n\t\t\t\t<\/div>\n\t\t\t\t\t<\/div>\n\t\t<\/div>\n\t\t\t\t\t<\/div>\n\t\t<\/section>\n\t\t\t\t<\/div>\n\t\t","protected":false},"excerpt":{"rendered":"<p>The Mitee-Bite Loc-Down\u00ae System is designed as a programmer&#8217;s and operator&#8217;s dream for quickly and easily securing small and large aerospace parts. Its compact design provides a tighter pattern on grid plates compared to other options in the market, saving material costs in expensive aerospace alloys. <\/p>\n<p>Loc-Down\u00ae generates high holding force and provides low-profile &#8220;out-of-the-way&#8221; clamping that allows programmers to be very creative. Designed to accelerate production for the aerospace industry, it allows aggressive machining by applying forces that will affect or influence the part. <\/p>\n<ul>\n<li>Ideal for grid plates, tombstones and custom applications<\/li>\n<li>100% Heat Treated Stainless Steel<\/li>\n<\/ul>\n","protected":false},"featured_media":28009,"template":"","meta":{"_acf_changed":false},"product_brand":[],"product_cat":[359],"product_tag":[],"class_list":{"0":"post-28008","1":"product","2":"type-product","3":"status-publish","4":"has-post-thumbnail","6":"product_cat-quick-change","8":"first","9":"instock","10":"taxable","11":"shipping-taxable","12":"product-type-simple"},"acf":[],"yoast_head":"<!-- This site is optimized with the Yoast SEO plugin v20.2.1 - https:\/\/yoast.com\/wordpress\/plugins\/seo\/ -->\n<title>Loc-Down\u00ae - Tecus Teknoloji<\/title>\n<meta name=\"robots\" content=\"index, follow, max-snippet:-1, max-image-preview:large, max-video-preview:-1\" \/>\n<link rel=\"canonical\" href=\"https:\/\/tecus.com.tr\/en\/product\/28008\/\" \/>\n<meta property=\"og:locale\" content=\"en_US\" \/>\n<meta property=\"og:type\" content=\"article\" \/>\n<meta property=\"og:title\" content=\"Loc-Down\u00ae - Tecus Teknoloji\" \/>\n<meta property=\"og:description\" content=\"The Mitee-Bite Loc-Down\u00ae System is designed as a programmer&#039;s and operator&#039;s dream for quickly and easily securing small and large aerospace parts. Its compact design provides a tighter pattern on grid plates compared to other options in the market, saving material costs in expensive aerospace alloys.  Loc-Down\u00ae generates high holding force and provides low-profile &quot;out-of-the-way&quot; clamping that allows programmers to be very creative. Designed to accelerate production for the aerospace industry, it allows aggressive machining by applying forces that will affect or influence the part.   Ideal for grid plates, tombstones and custom applications  100% Heat Treated Stainless Steel\" \/>\n<meta property=\"og:url\" content=\"https:\/\/tecus.com.tr\/en\/product\/28008\/\" \/>\n<meta property=\"og:site_name\" content=\"Tecus Teknoloji\" \/>\n<meta property=\"article:modified_time\" content=\"2025-10-27T19:52:10+00:00\" \/>\n<meta property=\"og:image\" content=\"https:\/\/tecus.com.tr\/wp-content\/uploads\/2018\/04\/loc_down.png\" \/>\n\t<meta property=\"og:image:width\" content=\"1000\" \/>\n\t<meta property=\"og:image:height\" content=\"1000\" \/>\n\t<meta property=\"og:image:type\" content=\"image\/png\" \/>\n<meta name=\"twitter:card\" content=\"summary_large_image\" \/>\n<meta name=\"twitter:label1\" content=\"Est. reading time\" \/>\n\t<meta name=\"twitter:data1\" content=\"1 minute\" \/>\n<script type=\"application\/ld+json\" class=\"yoast-schema-graph\">{\"@context\":\"https:\/\/schema.org\",\"@graph\":[{\"@type\":\"WebPage\",\"@id\":\"https:\/\/tecus.com.tr\/en\/product\/28008\/\",\"url\":\"https:\/\/tecus.com.tr\/en\/product\/28008\/\",\"name\":\"Loc-Down\u00ae - Tecus Teknoloji\",\"isPartOf\":{\"@id\":\"https:\/\/tecus.com.tr\/en\/#website\"},\"datePublished\":\"2018-04-15T08:30:37+00:00\",\"dateModified\":\"2025-10-27T19:52:10+00:00\",\"breadcrumb\":{\"@id\":\"https:\/\/tecus.com.tr\/en\/product\/28008\/#breadcrumb\"},\"inLanguage\":\"en-US\",\"potentialAction\":[{\"@type\":\"ReadAction\",\"target\":[\"https:\/\/tecus.com.tr\/en\/product\/28008\/\"]}]},{\"@type\":\"BreadcrumbList\",\"@id\":\"https:\/\/tecus.com.tr\/en\/product\/28008\/#breadcrumb\",\"itemListElement\":[{\"@type\":\"ListItem\",\"position\":1,\"name\":\"Ana sayfa\",\"item\":\"https:\/\/tecus.com.tr\/en\/\"},{\"@type\":\"ListItem\",\"position\":2,\"name\":\"Ma\u011faza\",\"item\":\"https:\/\/tecus.com.tr\/magaza\/\"}]},{\"@type\":\"WebSite\",\"@id\":\"https:\/\/tecus.com.tr\/en\/#website\",\"url\":\"https:\/\/tecus.com.tr\/en\/\",\"name\":\"Tecus Teknoloji\",\"description\":\"CNC par\u00e7a ba\u011flama \u00e7\u00f6z\u00fcmleri\",\"publisher\":{\"@id\":\"https:\/\/tecus.com.tr\/en\/#organization\"},\"potentialAction\":[{\"@type\":\"SearchAction\",\"target\":{\"@type\":\"EntryPoint\",\"urlTemplate\":\"https:\/\/tecus.com.tr\/en\/?s={search_term_string}\"},\"query-input\":\"required name=search_term_string\"}],\"inLanguage\":\"en-US\"},{\"@type\":\"Organization\",\"@id\":\"https:\/\/tecus.com.tr\/en\/#organization\",\"name\":\"Tecus Teknoloji\",\"url\":\"https:\/\/tecus.com.tr\/en\/\",\"logo\":{\"@type\":\"ImageObject\",\"inLanguage\":\"en-US\",\"@id\":\"https:\/\/tecus.com.tr\/en\/#\/schema\/logo\/image\/\",\"url\":\"https:\/\/tecus.com.tr\/wp-content\/uploads\/2018\/04\/tecus-logo-beyaz-2-e1528750997765.png\",\"contentUrl\":\"https:\/\/tecus.com.tr\/wp-content\/uploads\/2018\/04\/tecus-logo-beyaz-2-e1528750997765.png\",\"width\":250,\"height\":53,\"caption\":\"Tecus Teknoloji\"},\"image\":{\"@id\":\"https:\/\/tecus.com.tr\/en\/#\/schema\/logo\/image\/\"}}]}<\/script>\n<!-- \/ Yoast SEO plugin. -->","yoast_head_json":{"title":"Loc-Down\u00ae - Tecus Teknoloji","robots":{"index":"index","follow":"follow","max-snippet":"max-snippet:-1","max-image-preview":"max-image-preview:large","max-video-preview":"max-video-preview:-1"},"canonical":"https:\/\/tecus.com.tr\/en\/product\/28008\/","og_locale":"en_US","og_type":"article","og_title":"Loc-Down\u00ae - Tecus Teknoloji","og_description":"The Mitee-Bite Loc-Down\u00ae System is designed as a programmer's and operator's dream for quickly and easily securing small and large aerospace parts. Its compact design provides a tighter pattern on grid plates compared to other options in the market, saving material costs in expensive aerospace alloys.  Loc-Down\u00ae generates high holding force and provides low-profile \"out-of-the-way\" clamping that allows programmers to be very creative. Designed to accelerate production for the aerospace industry, it allows aggressive machining by applying forces that will affect or influence the part.   Ideal for grid plates, tombstones and custom applications  100% Heat Treated Stainless Steel","og_url":"https:\/\/tecus.com.tr\/en\/product\/28008\/","og_site_name":"Tecus Teknoloji","article_modified_time":"2025-10-27T19:52:10+00:00","og_image":[{"width":1000,"height":1000,"url":"https:\/\/tecus.com.tr\/wp-content\/uploads\/2018\/04\/loc_down.png","type":"image\/png"}],"twitter_card":"summary_large_image","twitter_misc":{"Est. reading time":"1 minute"},"schema":{"@context":"https:\/\/schema.org","@graph":[{"@type":"WebPage","@id":"https:\/\/tecus.com.tr\/en\/product\/28008\/","url":"https:\/\/tecus.com.tr\/en\/product\/28008\/","name":"Loc-Down\u00ae - Tecus Teknoloji","isPartOf":{"@id":"https:\/\/tecus.com.tr\/en\/#website"},"datePublished":"2018-04-15T08:30:37+00:00","dateModified":"2025-10-27T19:52:10+00:00","breadcrumb":{"@id":"https:\/\/tecus.com.tr\/en\/product\/28008\/#breadcrumb"},"inLanguage":"en-US","potentialAction":[{"@type":"ReadAction","target":["https:\/\/tecus.com.tr\/en\/product\/28008\/"]}]},{"@type":"BreadcrumbList","@id":"https:\/\/tecus.com.tr\/en\/product\/28008\/#breadcrumb","itemListElement":[{"@type":"ListItem","position":1,"name":"Ana sayfa","item":"https:\/\/tecus.com.tr\/en\/"},{"@type":"ListItem","position":2,"name":"Ma\u011faza","item":"https:\/\/tecus.com.tr\/magaza\/"}]},{"@type":"WebSite","@id":"https:\/\/tecus.com.tr\/en\/#website","url":"https:\/\/tecus.com.tr\/en\/","name":"Tecus Teknoloji","description":"CNC par\u00e7a ba\u011flama \u00e7\u00f6z\u00fcmleri","publisher":{"@id":"https:\/\/tecus.com.tr\/en\/#organization"},"potentialAction":[{"@type":"SearchAction","target":{"@type":"EntryPoint","urlTemplate":"https:\/\/tecus.com.tr\/en\/?s={search_term_string}"},"query-input":"required name=search_term_string"}],"inLanguage":"en-US"},{"@type":"Organization","@id":"https:\/\/tecus.com.tr\/en\/#organization","name":"Tecus Teknoloji","url":"https:\/\/tecus.com.tr\/en\/","logo":{"@type":"ImageObject","inLanguage":"en-US","@id":"https:\/\/tecus.com.tr\/en\/#\/schema\/logo\/image\/","url":"https:\/\/tecus.com.tr\/wp-content\/uploads\/2018\/04\/tecus-logo-beyaz-2-e1528750997765.png","contentUrl":"https:\/\/tecus.com.tr\/wp-content\/uploads\/2018\/04\/tecus-logo-beyaz-2-e1528750997765.png","width":250,"height":53,"caption":"Tecus Teknoloji"},"image":{"@id":"https:\/\/tecus.com.tr\/en\/#\/schema\/logo\/image\/"}}]}},"_links":{"self":[{"href":"https:\/\/tecus.com.tr\/en\/wp-json\/wp\/v2\/product\/28008","targetHints":{"allow":["GET"]}}],"collection":[{"href":"https:\/\/tecus.com.tr\/en\/wp-json\/wp\/v2\/product"}],"about":[{"href":"https:\/\/tecus.com.tr\/en\/wp-json\/wp\/v2\/types\/product"}],"version-history":[{"count":10,"href":"https:\/\/tecus.com.tr\/en\/wp-json\/wp\/v2\/product\/28008\/revisions"}],"predecessor-version":[{"id":47342,"href":"https:\/\/tecus.com.tr\/en\/wp-json\/wp\/v2\/product\/28008\/revisions\/47342"}],"wp:featuredmedia":[{"embeddable":true,"href":"https:\/\/tecus.com.tr\/en\/wp-json\/wp\/v2\/media\/28009"}],"wp:attachment":[{"href":"https:\/\/tecus.com.tr\/en\/wp-json\/wp\/v2\/media?parent=28008"}],"wp:term":[{"taxonomy":"product_brand","embeddable":true,"href":"https:\/\/tecus.com.tr\/en\/wp-json\/wp\/v2\/product_brand?post=28008"},{"taxonomy":"product_cat","embeddable":true,"href":"https:\/\/tecus.com.tr\/en\/wp-json\/wp\/v2\/product_cat?post=28008"},{"taxonomy":"product_tag","embeddable":true,"href":"https:\/\/tecus.com.tr\/en\/wp-json\/wp\/v2\/product_tag?post=28008"}],"curies":[{"name":"wp","href":"https:\/\/api.w.org\/{rel}","templated":true}]}}