{"id":27990,"date":"2018-04-14T11:56:33","date_gmt":"2018-04-14T11:56:33","guid":{"rendered":"https:\/\/tecus.com.tr\/urun\/multi-power-vakum-tabla\/"},"modified":"2025-10-26T18:20:34","modified_gmt":"2025-10-26T18:20:34","slug":"multi-power-vakum-tabla","status":"publish","type":"product","link":"https:\/\/tecus.com.tr\/en\/product\/multi-power-vakum-tabla\/","title":{"rendered":"Multi-Power Vacuum Table"},"content":{"rendered":"<table class=\"smalltable tablepad\">\n<tbody>\n<tr class=\"tbbordbot\">\n<th>Part Number<\/th>\n<th>Description<\/th>\n<\/tr>\n<tr>\n<td>46000<\/td>\n<td>1 Multi-Power Vac pallet with Vac Generator, including all accessories and coolant trap<\/td>\n<\/tr>\n<tr>\n<td>46100<\/td>\n<td>Push to connect Vac Generator with regulator \/ tubing \/ brass filter<\/td>\n<\/tr>\n<tr>\n<td>46200<\/td>\n<td>1 Multi-Power Vac pallet without Vac Generator including Mtg. hardware and tubing <\/td>\n<\/tr>\n<tr>\n<td>46250<\/td>\n<td>Sacrificial Top Plate with Mtg. screws <\/td>\n<\/tr>\n<tr>\n<td>46050<\/td>\n<td>Coolant trap with hose and fittings<\/td>\n<\/tr>\n<tr>\n<td>46300<\/td>\n<td>Vacuum pump 115 Volt. Comes with hoses and coolant trap <\/td>\n<\/tr>\n<tr>\n<td>46330<\/td>\n<td>Vacuum pump 230 Volt. Comes with hoses and coolant trap <\/td>\n<\/tr>\n<\/tbody>\n<\/table>\n","protected":false},"excerpt":{"rendered":"<p>We are proud to introduce what is probably the most functional multi-vacuum system in today&#8217;s market. This system features many unique characteristics to meet your vacuum workholding needs. <\/p>\n<ul>\n<li>Can be powered by our Vacuum Generator (Shop Air) or our Vacuum Pumps<\/li>\n<li>14\u2033 x 16\u2033 with textured surface that creates additional holding force through friction<\/li>\n<li>4 vacuum ports that allow the user to hold 1-4 small parts or 1 large part (ports are pluggable)<\/li>\n<li>Guide plate with M6 threads allowing multiple workholding solutions<\/li>\n<li>6 large steel washers machined under the bottom surface allow the unit to be used for grinding operations on a magnetic chuck<\/li>\n<li>Multiple Vacuum Generators can be used per pallet if additional CFM is desired.<\/li>\n<li>Multiple pallets can operate from (1) vacuum generator<\/li>\n<li>Coolant Trap may be required when using external vacuum source (Trap sold separately)<\/li>\n<\/ul>\n","protected":false},"featured_media":27991,"template":"","meta":{"_acf_changed":false},"product_brand":[],"product_cat":[360],"product_tag":[],"class_list":{"0":"post-27990","1":"product","2":"type-product","3":"status-publish","4":"has-post-thumbnail","6":"product_cat-vacuum-tables","8":"first","9":"instock","10":"taxable","11":"shipping-taxable","12":"product-type-simple"},"acf":[],"yoast_head":"<!-- This site is optimized with the Yoast SEO plugin v20.2.1 - https:\/\/yoast.com\/wordpress\/plugins\/seo\/ -->\n<title>Multi-Power Vacuum Table - Tecus Teknoloji<\/title>\n<meta name=\"robots\" content=\"index, follow, max-snippet:-1, max-image-preview:large, max-video-preview:-1\" \/>\n<link rel=\"canonical\" href=\"https:\/\/tecus.com.tr\/en\/product\/multi-power-vakum-tabla\/\" \/>\n<meta property=\"og:locale\" content=\"en_US\" \/>\n<meta property=\"og:type\" content=\"article\" \/>\n<meta property=\"og:title\" content=\"Multi-Power Vacuum Table - Tecus Teknoloji\" \/>\n<meta property=\"og:description\" content=\"We are proud to introduce what is probably the most functional multi-vacuum system in today&#039;s market. This system features many unique characteristics to meet your vacuum workholding needs.   Can be powered by our Vacuum Generator (Shop Air) or our Vacuum Pumps  14\u2033 x 16\u2033 with textured surface that creates additional holding force through friction  4 vacuum ports that allow the user to hold 1-4 small parts or 1 large part (ports are pluggable)  Guide plate with M6 threads allowing multiple workholding solutions  6 large steel washers machined under the bottom surface allow the unit to be used for grinding operations on a magnetic chuck  Multiple Vacuum Generators can be used per pallet if additional CFM is desired.  Multiple pallets can operate from (1) vacuum generator  Coolant Trap may be required when using external vacuum source (Trap sold separately)\" \/>\n<meta property=\"og:url\" content=\"https:\/\/tecus.com.tr\/en\/product\/multi-power-vakum-tabla\/\" \/>\n<meta property=\"og:site_name\" content=\"Tecus Teknoloji\" \/>\n<meta property=\"article:modified_time\" content=\"2025-10-26T18:20:34+00:00\" \/>\n<meta property=\"og:image\" content=\"https:\/\/tecus.com.tr\/wp-content\/uploads\/2018\/04\/multi_power_vac_header-copy-2.png\" \/>\n\t<meta property=\"og:image:width\" content=\"500\" \/>\n\t<meta property=\"og:image:height\" content=\"500\" \/>\n\t<meta property=\"og:image:type\" content=\"image\/png\" \/>\n<meta name=\"twitter:card\" content=\"summary_large_image\" \/>\n<script type=\"application\/ld+json\" class=\"yoast-schema-graph\">{\"@context\":\"https:\/\/schema.org\",\"@graph\":[{\"@type\":\"WebPage\",\"@id\":\"https:\/\/tecus.com.tr\/en\/product\/multi-power-vakum-tabla\/\",\"url\":\"https:\/\/tecus.com.tr\/en\/product\/multi-power-vakum-tabla\/\",\"name\":\"Multi-Power Vacuum Table - Tecus Teknoloji\",\"isPartOf\":{\"@id\":\"https:\/\/tecus.com.tr\/en\/#website\"},\"datePublished\":\"2018-04-14T11:56:33+00:00\",\"dateModified\":\"2025-10-26T18:20:34+00:00\",\"breadcrumb\":{\"@id\":\"https:\/\/tecus.com.tr\/en\/product\/multi-power-vakum-tabla\/#breadcrumb\"},\"inLanguage\":\"en-US\",\"potentialAction\":[{\"@type\":\"ReadAction\",\"target\":[\"https:\/\/tecus.com.tr\/en\/product\/multi-power-vakum-tabla\/\"]}]},{\"@type\":\"BreadcrumbList\",\"@id\":\"https:\/\/tecus.com.tr\/en\/product\/multi-power-vakum-tabla\/#breadcrumb\",\"itemListElement\":[{\"@type\":\"ListItem\",\"position\":1,\"name\":\"Ana sayfa\",\"item\":\"https:\/\/tecus.com.tr\/en\/\"},{\"@type\":\"ListItem\",\"position\":2,\"name\":\"Ma\u011faza\",\"item\":\"https:\/\/tecus.com.tr\/magaza\/\"},{\"@type\":\"ListItem\",\"position\":3,\"name\":\"Multi-Power Vacuum Table\"}]},{\"@type\":\"WebSite\",\"@id\":\"https:\/\/tecus.com.tr\/en\/#website\",\"url\":\"https:\/\/tecus.com.tr\/en\/\",\"name\":\"Tecus Teknoloji\",\"description\":\"CNC par\u00e7a ba\u011flama \u00e7\u00f6z\u00fcmleri\",\"publisher\":{\"@id\":\"https:\/\/tecus.com.tr\/en\/#organization\"},\"potentialAction\":[{\"@type\":\"SearchAction\",\"target\":{\"@type\":\"EntryPoint\",\"urlTemplate\":\"https:\/\/tecus.com.tr\/en\/?s={search_term_string}\"},\"query-input\":\"required name=search_term_string\"}],\"inLanguage\":\"en-US\"},{\"@type\":\"Organization\",\"@id\":\"https:\/\/tecus.com.tr\/en\/#organization\",\"name\":\"Tecus Teknoloji\",\"url\":\"https:\/\/tecus.com.tr\/en\/\",\"logo\":{\"@type\":\"ImageObject\",\"inLanguage\":\"en-US\",\"@id\":\"https:\/\/tecus.com.tr\/en\/#\/schema\/logo\/image\/\",\"url\":\"https:\/\/tecus.com.tr\/wp-content\/uploads\/2018\/04\/tecus-logo-beyaz-2-e1528750997765.png\",\"contentUrl\":\"https:\/\/tecus.com.tr\/wp-content\/uploads\/2018\/04\/tecus-logo-beyaz-2-e1528750997765.png\",\"width\":250,\"height\":53,\"caption\":\"Tecus Teknoloji\"},\"image\":{\"@id\":\"https:\/\/tecus.com.tr\/en\/#\/schema\/logo\/image\/\"}}]}<\/script>\n<!-- \/ Yoast SEO plugin. -->","yoast_head_json":{"title":"Multi-Power Vacuum Table - Tecus Teknoloji","robots":{"index":"index","follow":"follow","max-snippet":"max-snippet:-1","max-image-preview":"max-image-preview:large","max-video-preview":"max-video-preview:-1"},"canonical":"https:\/\/tecus.com.tr\/en\/product\/multi-power-vakum-tabla\/","og_locale":"en_US","og_type":"article","og_title":"Multi-Power Vacuum Table - Tecus Teknoloji","og_description":"We are proud to introduce what is probably the most functional multi-vacuum system in today's market. This system features many unique characteristics to meet your vacuum workholding needs.   Can be powered by our Vacuum Generator (Shop Air) or our Vacuum Pumps  14\u2033 x 16\u2033 with textured surface that creates additional holding force through friction  4 vacuum ports that allow the user to hold 1-4 small parts or 1 large part (ports are pluggable)  Guide plate with M6 threads allowing multiple workholding solutions  6 large steel washers machined under the bottom surface allow the unit to be used for grinding operations on a magnetic chuck  Multiple Vacuum Generators can be used per pallet if additional CFM is desired.  Multiple pallets can operate from (1) vacuum generator  Coolant Trap may be required when using external vacuum source (Trap sold separately)","og_url":"https:\/\/tecus.com.tr\/en\/product\/multi-power-vakum-tabla\/","og_site_name":"Tecus Teknoloji","article_modified_time":"2025-10-26T18:20:34+00:00","og_image":[{"width":500,"height":500,"url":"https:\/\/tecus.com.tr\/wp-content\/uploads\/2018\/04\/multi_power_vac_header-copy-2.png","type":"image\/png"}],"twitter_card":"summary_large_image","schema":{"@context":"https:\/\/schema.org","@graph":[{"@type":"WebPage","@id":"https:\/\/tecus.com.tr\/en\/product\/multi-power-vakum-tabla\/","url":"https:\/\/tecus.com.tr\/en\/product\/multi-power-vakum-tabla\/","name":"Multi-Power Vacuum Table - Tecus Teknoloji","isPartOf":{"@id":"https:\/\/tecus.com.tr\/en\/#website"},"datePublished":"2018-04-14T11:56:33+00:00","dateModified":"2025-10-26T18:20:34+00:00","breadcrumb":{"@id":"https:\/\/tecus.com.tr\/en\/product\/multi-power-vakum-tabla\/#breadcrumb"},"inLanguage":"en-US","potentialAction":[{"@type":"ReadAction","target":["https:\/\/tecus.com.tr\/en\/product\/multi-power-vakum-tabla\/"]}]},{"@type":"BreadcrumbList","@id":"https:\/\/tecus.com.tr\/en\/product\/multi-power-vakum-tabla\/#breadcrumb","itemListElement":[{"@type":"ListItem","position":1,"name":"Ana sayfa","item":"https:\/\/tecus.com.tr\/en\/"},{"@type":"ListItem","position":2,"name":"Ma\u011faza","item":"https:\/\/tecus.com.tr\/magaza\/"},{"@type":"ListItem","position":3,"name":"Multi-Power Vacuum Table"}]},{"@type":"WebSite","@id":"https:\/\/tecus.com.tr\/en\/#website","url":"https:\/\/tecus.com.tr\/en\/","name":"Tecus Teknoloji","description":"CNC par\u00e7a ba\u011flama \u00e7\u00f6z\u00fcmleri","publisher":{"@id":"https:\/\/tecus.com.tr\/en\/#organization"},"potentialAction":[{"@type":"SearchAction","target":{"@type":"EntryPoint","urlTemplate":"https:\/\/tecus.com.tr\/en\/?s={search_term_string}"},"query-input":"required name=search_term_string"}],"inLanguage":"en-US"},{"@type":"Organization","@id":"https:\/\/tecus.com.tr\/en\/#organization","name":"Tecus Teknoloji","url":"https:\/\/tecus.com.tr\/en\/","logo":{"@type":"ImageObject","inLanguage":"en-US","@id":"https:\/\/tecus.com.tr\/en\/#\/schema\/logo\/image\/","url":"https:\/\/tecus.com.tr\/wp-content\/uploads\/2018\/04\/tecus-logo-beyaz-2-e1528750997765.png","contentUrl":"https:\/\/tecus.com.tr\/wp-content\/uploads\/2018\/04\/tecus-logo-beyaz-2-e1528750997765.png","width":250,"height":53,"caption":"Tecus Teknoloji"},"image":{"@id":"https:\/\/tecus.com.tr\/en\/#\/schema\/logo\/image\/"}}]}},"_links":{"self":[{"href":"https:\/\/tecus.com.tr\/en\/wp-json\/wp\/v2\/product\/27990","targetHints":{"allow":["GET"]}}],"collection":[{"href":"https:\/\/tecus.com.tr\/en\/wp-json\/wp\/v2\/product"}],"about":[{"href":"https:\/\/tecus.com.tr\/en\/wp-json\/wp\/v2\/types\/product"}],"version-history":[{"count":2,"href":"https:\/\/tecus.com.tr\/en\/wp-json\/wp\/v2\/product\/27990\/revisions"}],"predecessor-version":[{"id":45892,"href":"https:\/\/tecus.com.tr\/en\/wp-json\/wp\/v2\/product\/27990\/revisions\/45892"}],"wp:featuredmedia":[{"embeddable":true,"href":"https:\/\/tecus.com.tr\/en\/wp-json\/wp\/v2\/media\/27991"}],"wp:attachment":[{"href":"https:\/\/tecus.com.tr\/en\/wp-json\/wp\/v2\/media?parent=27990"}],"wp:term":[{"taxonomy":"product_brand","embeddable":true,"href":"https:\/\/tecus.com.tr\/en\/wp-json\/wp\/v2\/product_brand?post=27990"},{"taxonomy":"product_cat","embeddable":true,"href":"https:\/\/tecus.com.tr\/en\/wp-json\/wp\/v2\/product_cat?post=27990"},{"taxonomy":"product_tag","embeddable":true,"href":"https:\/\/tecus.com.tr\/en\/wp-json\/wp\/v2\/product_tag?post=27990"}],"curies":[{"name":"wp","href":"https:\/\/api.w.org\/{rel}","templated":true}]}}