{"id":27851,"date":"2021-04-03T18:04:07","date_gmt":"2021-04-03T18:04:07","guid":{"rendered":"https:\/\/tecus.com.tr\/urun\/27851\/"},"modified":"2025-12-09T18:12:06","modified_gmt":"2025-12-09T18:12:06","slug":"27851","status":"publish","type":"product","link":"https:\/\/tecus.com.tr\/en\/product\/27851\/","title":{"rendered":"Micro Burraway"},"content":{"rendered":"<p>Standart Ara\u00e7 \u00d6zellikleri<\/p>\n<p><strong>0,040 \u2033 ila 0,092 \u2033 (1,00 ila 2,34 mm) delik boyutlar\u0131 i\u00e7in<\/strong><\/p>\n<p><img fetchpriority=\"high\" decoding=\"async\" src=\"https:\/\/cogsdill.com\/wp-content\/uploads\/2018\/04\/MicroBurraway_Specification_Diagram.jpg\" sizes=\"(max-width: 800px) 100vw, 1200px\" srcset=\"https:\/\/cogsdill.com\/wp-content\/uploads\/2018\/04\/MicroBurraway_Specification_Diagram-200x42.jpg 200w, https:\/\/cogsdill.com\/wp-content\/uploads\/2018\/04\/MicroBurraway_Specification_Diagram-400x85.jpg 400w, https:\/\/cogsdill.com\/wp-content\/uploads\/2018\/04\/MicroBurraway_Specification_Diagram-600x127.jpg 600w, https:\/\/cogsdill.com\/wp-content\/uploads\/2018\/04\/MicroBurraway_Specification_Diagram-800x170.jpg 800w, https:\/\/cogsdill.com\/wp-content\/uploads\/2018\/04\/MicroBurraway_Specification_Diagram-1200x254.jpg 1200w, https:\/\/cogsdill.com\/wp-content\/uploads\/2018\/04\/MicroBurraway_Specification_Diagram.jpg 1920w\" alt=\"Mikro Burraway D\u00fczeni\" width=\"1920\" height=\"407\" \/><\/p>\n<table border=\"1\" width=\"100%\" cellspacing=\"0\" cellpadding=\"3\">\n<thead>\n<tr>\n<td align=\"center\"><strong>CTP # KARTU\u015e<\/strong><\/td>\n<td align=\"center\"><strong>DEL\u0130K ARALI\u011eI (\u0130N\u00c7)<\/strong><\/td>\n<td align=\"center\"><strong>DEL\u0130K ARALI\u011eI (METR\u0130K)<\/strong><\/td>\n<td align=\"center\"><strong>A (\u0130N\u00c7)<\/strong><\/td>\n<td align=\"center\"><strong>B (\u0130N\u00c7)<\/strong><\/td>\n<td align=\"center\"><strong>C (\u0130N\u00c7)<\/strong><\/td>\n<\/tr>\n<\/thead>\n<tbody>\n<tr>\n<td align=\"center\">SPK-1.00<\/td>\n<td align=\"center\">.0400 &#8211; .0410<\/td>\n<td align=\"center\">1.00 &#8211; 1.06<\/td>\n<td rowspan=\"3\" align=\"center\">1.90<\/td>\n<td rowspan=\"3\" align=\"center\">0.15<\/td>\n<td rowspan=\"3\" align=\"center\">0.25<\/td>\n<\/tr>\n<tr>\n<td align=\"center\">SPK-1.10<\/td>\n<td align=\"center\">.0420 &#8211; .0440<\/td>\n<td align=\"center\">1.07 &#8211; 1.13<\/td>\n<\/tr>\n<tr>\n<td align=\"center\">SPK-1.18<\/td>\n<td align=\"center\">.0450 &#8211; .0480<\/td>\n<td align=\"center\">1.14 &#8211; 1.22<\/td>\n<\/tr>\n<tr>\n<td align=\"center\">SPK-1.27<\/td>\n<td align=\"center\">.0485 &#8211; .0510<\/td>\n<td align=\"center\">1.23 &#8211; 1.31<\/td>\n<td rowspan=\"3\" align=\"center\">1.97<\/td>\n<td rowspan=\"3\" align=\"center\">0.16<\/td>\n<td rowspan=\"3\" align=\"center\">0.31<\/td>\n<\/tr>\n<tr>\n<td align=\"center\">SPK-1.34<\/td>\n<td align=\"center\">.0520 &#8211; .0530<\/td>\n<td align=\"center\">1.32 &#8211; 1.36<\/td>\n<\/tr>\n<tr>\n<td align=\"center\">SPK-1.40<\/td>\n<td align=\"center\">.0540 &#8211; .0560<\/td>\n<td align=\"center\">1.37 &#8211; 1.44<\/td>\n<\/tr>\n<tr>\n<td align=\"center\">SPK-1.50<\/td>\n<td align=\"center\">.0570 &#8211; .0610<\/td>\n<td align=\"center\">1.45 &#8211; 1.55<\/td>\n<td align=\"center\">2.06<\/td>\n<td rowspan=\"3\" align=\"center\">0.19<\/td>\n<td align=\"center\">0.38<\/td>\n<\/tr>\n<tr>\n<td align=\"center\">SPK-1.60<\/td>\n<td align=\"center\">.0615 &#8211; .0650<\/td>\n<td align=\"center\">1.56 &#8211; 1.65<\/td>\n<td align=\"center\">2.10<\/td>\n<td align=\"center\">0.41<\/td>\n<\/tr>\n<tr>\n<td align=\"center\">SPK-1.70<\/td>\n<td align=\"center\">.0655 &#8211; .0680<\/td>\n<td align=\"center\">1.66 &#8211; 1.74<\/td>\n<td align=\"center\">2.13<\/td>\n<td align=\"center\">0.44<\/td>\n<\/tr>\n<tr>\n<td align=\"center\">SPK-1.78<\/td>\n<td align=\"center\">.0690 &#8211; .0710<\/td>\n<td align=\"center\">1,75 &#8211; 1,82<\/td>\n<td rowspan=\"3\" align=\"center\">2.21<\/td>\n<td rowspan=\"3\" align=\"center\">0.21<\/td>\n<td rowspan=\"7\" align=\"center\">0.50<\/td>\n<\/tr>\n<tr>\n<td align=\"center\">SPK-1.86<\/td>\n<td align=\"center\">.0720 &#8211; .0740<\/td>\n<td align=\"center\">1,83 &#8211; 1,89<\/td>\n<\/tr>\n<tr>\n<td align=\"center\">SPK-1.93<\/td>\n<td align=\"center\">.0750 &#8211; .0770<\/td>\n<td align=\"center\">1.90 &#8211; 1.97<\/td>\n<\/tr>\n<tr>\n<td align=\"center\">SPK-2.00<\/td>\n<td align=\"center\">.0780 &#8211; .0800<\/td>\n<td align=\"center\">1.98 &#8211; 2.00<\/td>\n<td rowspan=\"4\" align=\"center\">2.24<\/td>\n<td rowspan=\"4\" align=\"center\">0.24<\/td>\n<\/tr>\n<tr>\n<td align=\"center\">CMB-2.07<\/td>\n<td align=\"center\">.0805 &#8211; .0830<\/td>\n<td align=\"center\">2,04 &#8211; 2,10<\/td>\n<\/tr>\n<tr>\n<td align=\"center\">SPK-2.17<\/td>\n<td align=\"center\">.0840 &#8211; .0870<\/td>\n<td align=\"center\">2.13 &#8211; 2.20<\/td>\n<\/tr>\n<tr>\n<td align=\"center\">SPK-2.28<\/td>\n<td align=\"center\">.0880 &#8211; .0920<\/td>\n<td align=\"center\">2.23 &#8211; 2.34<\/td>\n<\/tr>\n<tr>\n<td align=\"center\">SPK SAH\u0130B\u0130<\/td>\n<td colspan=\"5\" align=\"center\">T\u00dcM CMB SER\u0130S\u0130 \u0130\u00c7\u0130N TUTUCU: .234 (6.0MM) X .812 (20.62MM) SHANK<\/td>\n<\/tr>\n<\/tbody>\n<\/table>\n<p>T\u00fcm kartu\u015flar, yukar\u0131da g\u00f6sterilen kartu\u015f tutucuyla (Par\u00e7a No. CMB-TUTUCU) kullan\u0131lmal\u0131d\u0131r.<br \/>\nT\u00fcm CMB Serisi kartu\u015flarda, bir deli\u011fin her iki taraf\u0131nda \u00e7apak almak i\u00e7in \u00e7ift etkili bir b\u0131\u00e7ak bulunur.<br \/>\nYaln\u0131zca arka etkili CMB kartu\u015flar\u0131 i\u00e7in l\u00fctfen kartu\u015f numaras\u0131na \u201c-R\u201d ekleyin.<\/p>\n","protected":false},"excerpt":{"rendered":"<p>With medical, automotive, and electronic applications continuously requiring smaller diameter holes, the new Micro Burraway series tools will deburr both sides of even the smallest holes in a single pass. Suitable for materials such as aluminum, steel, stainless steel, titanium, and even composites, these micro deburring tools are applicable to holes ranging from .040\u2033 (1.00 mm) to .092\u2033 (2.33 mm). <\/p>\n<p>The Micro Burraway series is designed with a flexible blade that retracts into the arbor to accommodate the hole diameter, featuring inexpensive, replaceable cartridges including blade and shaft, and proper compression. Cartridges are available in different sizes. <\/p>\n<p>The two-piece construction allows you to remove and replace a cartridge in seconds with a convenient adjustment screw that secures the cartridge&#8217;s brass sleeve to the holder, while the micro tool is still inside the shaft.<\/p>\n<p>Each cartridge contains an HSS blade that allows you to deburr countless holes before the cartridge needs to be replaced. The crowned and polished top surface of the blade will not damage the inner surface of the hole. When the blade wears out, simply remove the cartridge and install a new one.  <\/p>\n<p>Micro Burraway is offered with two blade options; Standard double-acting (front and back cutting) or Back-acting (back cutting only).<\/p>\n","protected":false},"featured_media":36306,"template":"","meta":{"_acf_changed":false},"product_brand":[],"product_cat":[427,350],"product_tag":[364],"class_list":{"0":"post-27851","1":"product","2":"type-product","3":"status-publish","4":"has-post-thumbnail","6":"product_cat-cogsdill-deburring-tools","7":"product_cat-deburring-and-chamfering-tools","8":"product_tag-cogsdill","10":"first","11":"instock","12":"taxable","13":"shipping-taxable","14":"product-type-simple"},"acf":[],"yoast_head":"<!-- This site is optimized with the Yoast SEO plugin v20.2.1 - https:\/\/yoast.com\/wordpress\/plugins\/seo\/ -->\n<title>Micro Burraway - Tecus Teknoloji<\/title>\n<meta name=\"robots\" content=\"index, follow, max-snippet:-1, max-image-preview:large, max-video-preview:-1\" \/>\n<link rel=\"canonical\" href=\"https:\/\/tecus.com.tr\/en\/product\/27851\/\" \/>\n<meta property=\"og:locale\" content=\"en_US\" \/>\n<meta property=\"og:type\" content=\"article\" \/>\n<meta property=\"og:title\" content=\"Micro Burraway - Tecus Teknoloji\" \/>\n<meta property=\"og:description\" content=\"With medical, automotive, and electronic applications continuously requiring smaller diameter holes, the new Micro Burraway series tools will deburr both sides of even the smallest holes in a single pass. Suitable for materials such as aluminum, steel, stainless steel, titanium, and even composites, these micro deburring tools are applicable to holes ranging from .040\u2033 (1.00 mm) to .092\u2033 (2.33 mm).  The Micro Burraway series is designed with a flexible blade that retracts into the arbor to accommodate the hole diameter, featuring inexpensive, replaceable cartridges including blade and shaft, and proper compression. Cartridges are available in different sizes.  The two-piece construction allows you to remove and replace a cartridge in seconds with a convenient adjustment screw that secures the cartridge&#039;s brass sleeve to the holder, while the micro tool is still inside the shaft. Each cartridge contains an HSS blade that allows you to deburr countless holes before the cartridge needs to be replaced. The crowned and polished top surface of the blade will not damage the inner surface of the hole. When the blade wears out, simply remove the cartridge and install a new one.  Micro Burraway is offered with two blade options; Standard double-acting (front and back cutting) or Back-acting (back cutting only).\" \/>\n<meta property=\"og:url\" content=\"https:\/\/tecus.com.tr\/en\/product\/27851\/\" \/>\n<meta property=\"og:site_name\" content=\"Tecus Teknoloji\" \/>\n<meta property=\"article:modified_time\" content=\"2025-12-09T18:12:06+00:00\" \/>\n<meta property=\"og:image\" content=\"https:\/\/tecus.com.tr\/wp-content\/uploads\/2021\/04\/Micro_Burraway_Close-up.png\" \/>\n\t<meta property=\"og:image:width\" content=\"1024\" \/>\n\t<meta property=\"og:image:height\" content=\"1024\" \/>\n\t<meta property=\"og:image:type\" content=\"image\/png\" \/>\n<meta name=\"twitter:card\" content=\"summary_large_image\" \/>\n<meta name=\"twitter:label1\" content=\"Est. reading time\" \/>\n\t<meta name=\"twitter:data1\" content=\"1 minute\" \/>\n<script type=\"application\/ld+json\" class=\"yoast-schema-graph\">{\"@context\":\"https:\/\/schema.org\",\"@graph\":[{\"@type\":\"WebPage\",\"@id\":\"https:\/\/tecus.com.tr\/en\/product\/27851\/\",\"url\":\"https:\/\/tecus.com.tr\/en\/product\/27851\/\",\"name\":\"Micro Burraway - Tecus Teknoloji\",\"isPartOf\":{\"@id\":\"https:\/\/tecus.com.tr\/en\/#website\"},\"datePublished\":\"2021-04-03T18:04:07+00:00\",\"dateModified\":\"2025-12-09T18:12:06+00:00\",\"breadcrumb\":{\"@id\":\"https:\/\/tecus.com.tr\/en\/product\/27851\/#breadcrumb\"},\"inLanguage\":\"en-US\",\"potentialAction\":[{\"@type\":\"ReadAction\",\"target\":[\"https:\/\/tecus.com.tr\/en\/product\/27851\/\"]}]},{\"@type\":\"BreadcrumbList\",\"@id\":\"https:\/\/tecus.com.tr\/en\/product\/27851\/#breadcrumb\",\"itemListElement\":[{\"@type\":\"ListItem\",\"position\":1,\"name\":\"Ana sayfa\",\"item\":\"https:\/\/tecus.com.tr\/en\/\"},{\"@type\":\"ListItem\",\"position\":2,\"name\":\"Ma\u011faza\",\"item\":\"https:\/\/tecus.com.tr\/magaza\/\"},{\"@type\":\"ListItem\",\"position\":3,\"name\":\"Micro Burraway\"}]},{\"@type\":\"WebSite\",\"@id\":\"https:\/\/tecus.com.tr\/en\/#website\",\"url\":\"https:\/\/tecus.com.tr\/en\/\",\"name\":\"Tecus Teknoloji\",\"description\":\"CNC par\u00e7a ba\u011flama \u00e7\u00f6z\u00fcmleri\",\"publisher\":{\"@id\":\"https:\/\/tecus.com.tr\/en\/#organization\"},\"potentialAction\":[{\"@type\":\"SearchAction\",\"target\":{\"@type\":\"EntryPoint\",\"urlTemplate\":\"https:\/\/tecus.com.tr\/en\/?s={search_term_string}\"},\"query-input\":\"required name=search_term_string\"}],\"inLanguage\":\"en-US\"},{\"@type\":\"Organization\",\"@id\":\"https:\/\/tecus.com.tr\/en\/#organization\",\"name\":\"Tecus Teknoloji\",\"url\":\"https:\/\/tecus.com.tr\/en\/\",\"logo\":{\"@type\":\"ImageObject\",\"inLanguage\":\"en-US\",\"@id\":\"https:\/\/tecus.com.tr\/en\/#\/schema\/logo\/image\/\",\"url\":\"https:\/\/tecus.com.tr\/wp-content\/uploads\/2018\/04\/tecus-logo-beyaz-2-e1528750997765.png\",\"contentUrl\":\"https:\/\/tecus.com.tr\/wp-content\/uploads\/2018\/04\/tecus-logo-beyaz-2-e1528750997765.png\",\"width\":250,\"height\":53,\"caption\":\"Tecus Teknoloji\"},\"image\":{\"@id\":\"https:\/\/tecus.com.tr\/en\/#\/schema\/logo\/image\/\"}}]}<\/script>\n<!-- \/ Yoast SEO plugin. -->","yoast_head_json":{"title":"Micro Burraway - Tecus Teknoloji","robots":{"index":"index","follow":"follow","max-snippet":"max-snippet:-1","max-image-preview":"max-image-preview:large","max-video-preview":"max-video-preview:-1"},"canonical":"https:\/\/tecus.com.tr\/en\/product\/27851\/","og_locale":"en_US","og_type":"article","og_title":"Micro Burraway - Tecus Teknoloji","og_description":"With medical, automotive, and electronic applications continuously requiring smaller diameter holes, the new Micro Burraway series tools will deburr both sides of even the smallest holes in a single pass. Suitable for materials such as aluminum, steel, stainless steel, titanium, and even composites, these micro deburring tools are applicable to holes ranging from .040\u2033 (1.00 mm) to .092\u2033 (2.33 mm).  The Micro Burraway series is designed with a flexible blade that retracts into the arbor to accommodate the hole diameter, featuring inexpensive, replaceable cartridges including blade and shaft, and proper compression. Cartridges are available in different sizes.  The two-piece construction allows you to remove and replace a cartridge in seconds with a convenient adjustment screw that secures the cartridge's brass sleeve to the holder, while the micro tool is still inside the shaft. Each cartridge contains an HSS blade that allows you to deburr countless holes before the cartridge needs to be replaced. The crowned and polished top surface of the blade will not damage the inner surface of the hole. When the blade wears out, simply remove the cartridge and install a new one.  Micro Burraway is offered with two blade options; Standard double-acting (front and back cutting) or Back-acting (back cutting only).","og_url":"https:\/\/tecus.com.tr\/en\/product\/27851\/","og_site_name":"Tecus Teknoloji","article_modified_time":"2025-12-09T18:12:06+00:00","og_image":[{"width":1024,"height":1024,"url":"https:\/\/tecus.com.tr\/wp-content\/uploads\/2021\/04\/Micro_Burraway_Close-up.png","type":"image\/png"}],"twitter_card":"summary_large_image","twitter_misc":{"Est. reading time":"1 minute"},"schema":{"@context":"https:\/\/schema.org","@graph":[{"@type":"WebPage","@id":"https:\/\/tecus.com.tr\/en\/product\/27851\/","url":"https:\/\/tecus.com.tr\/en\/product\/27851\/","name":"Micro Burraway - Tecus Teknoloji","isPartOf":{"@id":"https:\/\/tecus.com.tr\/en\/#website"},"datePublished":"2021-04-03T18:04:07+00:00","dateModified":"2025-12-09T18:12:06+00:00","breadcrumb":{"@id":"https:\/\/tecus.com.tr\/en\/product\/27851\/#breadcrumb"},"inLanguage":"en-US","potentialAction":[{"@type":"ReadAction","target":["https:\/\/tecus.com.tr\/en\/product\/27851\/"]}]},{"@type":"BreadcrumbList","@id":"https:\/\/tecus.com.tr\/en\/product\/27851\/#breadcrumb","itemListElement":[{"@type":"ListItem","position":1,"name":"Ana sayfa","item":"https:\/\/tecus.com.tr\/en\/"},{"@type":"ListItem","position":2,"name":"Ma\u011faza","item":"https:\/\/tecus.com.tr\/magaza\/"},{"@type":"ListItem","position":3,"name":"Micro Burraway"}]},{"@type":"WebSite","@id":"https:\/\/tecus.com.tr\/en\/#website","url":"https:\/\/tecus.com.tr\/en\/","name":"Tecus Teknoloji","description":"CNC par\u00e7a ba\u011flama \u00e7\u00f6z\u00fcmleri","publisher":{"@id":"https:\/\/tecus.com.tr\/en\/#organization"},"potentialAction":[{"@type":"SearchAction","target":{"@type":"EntryPoint","urlTemplate":"https:\/\/tecus.com.tr\/en\/?s={search_term_string}"},"query-input":"required name=search_term_string"}],"inLanguage":"en-US"},{"@type":"Organization","@id":"https:\/\/tecus.com.tr\/en\/#organization","name":"Tecus Teknoloji","url":"https:\/\/tecus.com.tr\/en\/","logo":{"@type":"ImageObject","inLanguage":"en-US","@id":"https:\/\/tecus.com.tr\/en\/#\/schema\/logo\/image\/","url":"https:\/\/tecus.com.tr\/wp-content\/uploads\/2018\/04\/tecus-logo-beyaz-2-e1528750997765.png","contentUrl":"https:\/\/tecus.com.tr\/wp-content\/uploads\/2018\/04\/tecus-logo-beyaz-2-e1528750997765.png","width":250,"height":53,"caption":"Tecus Teknoloji"},"image":{"@id":"https:\/\/tecus.com.tr\/en\/#\/schema\/logo\/image\/"}}]}},"_links":{"self":[{"href":"https:\/\/tecus.com.tr\/en\/wp-json\/wp\/v2\/product\/27851","targetHints":{"allow":["GET"]}}],"collection":[{"href":"https:\/\/tecus.com.tr\/en\/wp-json\/wp\/v2\/product"}],"about":[{"href":"https:\/\/tecus.com.tr\/en\/wp-json\/wp\/v2\/types\/product"}],"version-history":[{"count":4,"href":"https:\/\/tecus.com.tr\/en\/wp-json\/wp\/v2\/product\/27851\/revisions"}],"predecessor-version":[{"id":49086,"href":"https:\/\/tecus.com.tr\/en\/wp-json\/wp\/v2\/product\/27851\/revisions\/49086"}],"wp:featuredmedia":[{"embeddable":true,"href":"https:\/\/tecus.com.tr\/en\/wp-json\/wp\/v2\/media\/36306"}],"wp:attachment":[{"href":"https:\/\/tecus.com.tr\/en\/wp-json\/wp\/v2\/media?parent=27851"}],"wp:term":[{"taxonomy":"product_brand","embeddable":true,"href":"https:\/\/tecus.com.tr\/en\/wp-json\/wp\/v2\/product_brand?post=27851"},{"taxonomy":"product_cat","embeddable":true,"href":"https:\/\/tecus.com.tr\/en\/wp-json\/wp\/v2\/product_cat?post=27851"},{"taxonomy":"product_tag","embeddable":true,"href":"https:\/\/tecus.com.tr\/en\/wp-json\/wp\/v2\/product_tag?post=27851"}],"curies":[{"name":"wp","href":"https:\/\/api.w.org\/{rel}","templated":true}]}}