{"id":27842,"date":"2021-04-03T23:00:08","date_gmt":"2021-04-03T23:00:08","guid":{"rendered":"https:\/\/tecus.com.tr\/urun\/mikro-limit\/"},"modified":"2025-09-22T19:57:57","modified_gmt":"2025-09-22T19:57:57","slug":"mikro-limit","status":"publish","type":"product","link":"https:\/\/tecus.com.tr\/en\/product\/mikro-limit\/","title":{"rendered":"Micro Limit"},"content":{"rendered":"<p>Standart Ara\u00e7 \u00d6zellikleri<\/p>\n<p><img fetchpriority=\"high\" decoding=\"async\" src=\"https:\/\/cogsdill.com\/wp-content\/uploads\/2017\/08\/Burr-off_tool_specs_r.jpg\" sizes=\"(max-width: 800px) 100vw, 1200px\" srcset=\"https:\/\/cogsdill.com\/wp-content\/uploads\/2017\/08\/Burr-off_tool_specs_r-200x48.jpg 200w, https:\/\/cogsdill.com\/wp-content\/uploads\/2017\/08\/Burr-off_tool_specs_r-400x96.jpg 400w, https:\/\/cogsdill.com\/wp-content\/uploads\/2017\/08\/Burr-off_tool_specs_r-600x144.jpg 600w, https:\/\/cogsdill.com\/wp-content\/uploads\/2017\/08\/Burr-off_tool_specs_r-800x193.jpg 800w, https:\/\/cogsdill.com\/wp-content\/uploads\/2017\/08\/Burr-off_tool_specs_r-1200x289.jpg 1200w, https:\/\/cogsdill.com\/wp-content\/uploads\/2017\/08\/Burr-off_tool_specs_r.jpg 1920w\" width=\"1920\" height=\"462\" \/><\/p>\n<table border=\"0\" width=\"100%\" cellspacing=\"0\" cellpadding=\"0\">\n<thead>\n<tr>\n<td rowspan=\"2\" align=\"center\"><strong>ARA\u00c7 NUMARASI<\/strong><\/td>\n<td colspan=\"2\" align=\"center\"><strong>DEL\u0130K BOYUTLARI ARALI\u011eI<\/strong><\/td>\n<td colspan=\"2\" align=\"center\"><strong>\u015eAFT \u00c7API<\/strong><\/td>\n<td colspan=\"2\" align=\"center\"><strong>TOPLAM UZUNLUK<\/strong><\/td>\n<td colspan=\"2\" align=\"center\"><strong>BOYUT A<\/strong><\/td>\n<td colspan=\"2\" align=\"center\"><strong>BOYUT B<\/strong><\/td>\n<\/tr>\n<tr>\n<td align=\"center\"><strong>\u0130\u00c7\u0130NDE.<\/strong><\/td>\n<td align=\"center\"><strong>MM<\/strong><\/td>\n<td align=\"center\"><strong>\u0130\u00c7\u0130NDE.<\/strong><\/td>\n<td align=\"center\"><strong>MM<\/strong><\/td>\n<td align=\"center\"><strong>\u0130\u00c7\u0130NDE.<\/strong><\/td>\n<td align=\"center\"><strong>MM<\/strong><\/td>\n<td align=\"center\"><strong>\u0130\u00c7\u0130NDE.<\/strong><\/td>\n<td align=\"center\"><strong>MM<\/strong><\/td>\n<td align=\"center\"><strong>\u0130\u00c7\u0130NDE.<\/strong><\/td>\n<td align=\"center\"><strong>MM<\/strong><\/td>\n<\/tr>\n<\/thead>\n<tbody>\n<tr>\n<td align=\"center\">CP-04<\/td>\n<td align=\"center\">.062-.078<\/td>\n<td align=\"center\">1.57-1.98<\/td>\n<td align=\"center\">0.061<\/td>\n<td align=\"center\">1.55<\/td>\n<td align=\"center\">3.00<\/td>\n<td align=\"center\">76.2<\/td>\n<td align=\"center\">0.08<\/td>\n<td align=\"center\">2.11<\/td>\n<td align=\"center\">0.22<\/td>\n<td align=\"center\">5.56<\/td>\n<\/tr>\n<tr>\n<td align=\"center\">CP-05<\/td>\n<td align=\"center\">.078-.094<\/td>\n<td align=\"center\">1.98-2.39<\/td>\n<td align=\"center\">0.077<\/td>\n<td align=\"center\">1.96<\/td>\n<td align=\"center\">3.00<\/td>\n<td align=\"center\">76.2<\/td>\n<td align=\"center\">0.08<\/td>\n<td align=\"center\">2.11<\/td>\n<td align=\"center\">0.22<\/td>\n<td align=\"center\">5.56<\/td>\n<\/tr>\n<tr>\n<td align=\"center\">CP-06<\/td>\n<td align=\"center\">.093-.109<\/td>\n<td align=\"center\">2.36-2.77<\/td>\n<td align=\"center\">0.092<\/td>\n<td align=\"center\">2.34<\/td>\n<td align=\"center\">4.00<\/td>\n<td align=\"center\">101.6<\/td>\n<td align=\"center\">0.09<\/td>\n<td align=\"center\">2.36<\/td>\n<td align=\"center\">0.25<\/td>\n<td align=\"center\">6.35<\/td>\n<\/tr>\n<tr>\n<td align=\"center\">CP-07<\/td>\n<td align=\"center\">.109-.125<\/td>\n<td align=\"center\">2.77-3.17<\/td>\n<td align=\"center\">0.108<\/td>\n<td align=\"center\">2.74<\/td>\n<td align=\"center\">4.00<\/td>\n<td align=\"center\">101.6<\/td>\n<td align=\"center\">0.09<\/td>\n<td align=\"center\">2.36<\/td>\n<td align=\"center\">0.25<\/td>\n<td align=\"center\">6.35<\/td>\n<\/tr>\n<tr>\n<td align=\"center\">CP-08<\/td>\n<td align=\"center\">.125-.140<\/td>\n<td align=\"center\">3.17-3.55<\/td>\n<td align=\"center\">0.124<\/td>\n<td align=\"center\">3.14<\/td>\n<td align=\"center\">4.00<\/td>\n<td align=\"center\">101.6<\/td>\n<td align=\"center\">0.13<\/td>\n<td align=\"center\">3.30<\/td>\n<td align=\"center\">0.30<\/td>\n<td align=\"center\">7.62<\/td>\n<\/tr>\n<tr>\n<td align=\"center\">CP-09<\/td>\n<td align=\"center\">.140-.156<\/td>\n<td align=\"center\">3.55-3.96<\/td>\n<td align=\"center\">0.139<\/td>\n<td align=\"center\">3.53<\/td>\n<td align=\"center\">4.00<\/td>\n<td align=\"center\">101.6<\/td>\n<td align=\"center\">0.13<\/td>\n<td align=\"center\">3.30<\/td>\n<td align=\"center\">0.30<\/td>\n<td align=\"center\">7.62<\/td>\n<\/tr>\n<tr>\n<td align=\"center\">CP-10<\/td>\n<td align=\"center\">0,156-.172<\/td>\n<td align=\"center\">3.96-4.36<\/td>\n<td align=\"center\">0.155<\/td>\n<td align=\"center\">3.93<\/td>\n<td align=\"center\">4.00<\/td>\n<td align=\"center\">101.6<\/td>\n<td align=\"center\">0.13<\/td>\n<td align=\"center\">3.30<\/td>\n<td align=\"center\">0.30<\/td>\n<td align=\"center\">7.62<\/td>\n<\/tr>\n<tr>\n<td align=\"center\">CP-11<\/td>\n<td align=\"center\">.172-.187<\/td>\n<td align=\"center\">4,36-4,74<\/td>\n<td align=\"center\">0.171<\/td>\n<td align=\"center\">4.34<\/td>\n<td align=\"center\">4.00<\/td>\n<td align=\"center\">101.6<\/td>\n<td align=\"center\">0.13<\/td>\n<td align=\"center\">3.30<\/td>\n<td align=\"center\">0.30<\/td>\n<td align=\"center\">7.62<\/td>\n<\/tr>\n<tr>\n<td align=\"center\">CP-12<\/td>\n<td align=\"center\">.187-.203<\/td>\n<td align=\"center\">4.74-5.15<\/td>\n<td align=\"center\">0.186<\/td>\n<td align=\"center\">4.72<\/td>\n<td align=\"center\">4.00<\/td>\n<td align=\"center\">101.6<\/td>\n<td align=\"center\">0.13<\/td>\n<td align=\"center\">3.30<\/td>\n<td align=\"center\">0.37<\/td>\n<td align=\"center\">9.39<\/td>\n<\/tr>\n<tr>\n<td align=\"center\">CP-13<\/td>\n<td align=\"center\">.203-.219<\/td>\n<td align=\"center\">5,15-5,56<\/td>\n<td align=\"center\">0.202<\/td>\n<td align=\"center\">5.13<\/td>\n<td align=\"center\">4.00<\/td>\n<td align=\"center\">101.6<\/td>\n<td align=\"center\">0.13<\/td>\n<td align=\"center\">3.30<\/td>\n<td align=\"center\">0.37<\/td>\n<td align=\"center\">9.39<\/td>\n<\/tr>\n<tr>\n<td align=\"center\">CP-14<\/td>\n<td align=\"center\">0,219-.234<\/td>\n<td align=\"center\">5.56-5.94<\/td>\n<td align=\"center\">0.218<\/td>\n<td align=\"center\">5.53<\/td>\n<td align=\"center\">4.00<\/td>\n<td align=\"center\">101.6<\/td>\n<td align=\"center\">0.25<\/td>\n<td align=\"center\">6.35<\/td>\n<td align=\"center\">0.50<\/td>\n<td align=\"center\">12.70<\/td>\n<\/tr>\n<tr>\n<td align=\"center\">CP-15<\/td>\n<td align=\"center\">0,234-.250<\/td>\n<td align=\"center\">5,94-6,35<\/td>\n<td align=\"center\">0.233<\/td>\n<td align=\"center\">5,91<\/td>\n<td align=\"center\">4.00<\/td>\n<td align=\"center\">101.6<\/td>\n<td align=\"center\">0.25<\/td>\n<td align=\"center\">6.35<\/td>\n<td align=\"center\">0.50<\/td>\n<td align=\"center\">12.70<\/td>\n<\/tr>\n<tr>\n<td align=\"center\">CP-16<\/td>\n<td align=\"center\">.250-.266<\/td>\n<td align=\"center\">6,35-6,75<\/td>\n<td align=\"center\">0.249<\/td>\n<td align=\"center\">6.32<\/td>\n<td align=\"center\">4.00<\/td>\n<td align=\"center\">101.6<\/td>\n<td align=\"center\">0.25<\/td>\n<td align=\"center\">6.35<\/td>\n<td align=\"center\">0.50<\/td>\n<td align=\"center\">12.70<\/td>\n<\/tr>\n<tr>\n<td align=\"center\">CP-17<\/td>\n<td align=\"center\">0,266-.281<\/td>\n<td align=\"center\">6.75-7.13<\/td>\n<td align=\"center\">0.265<\/td>\n<td align=\"center\">6.73<\/td>\n<td align=\"center\">4.00<\/td>\n<td align=\"center\">101.6<\/td>\n<td align=\"center\">0.25<\/td>\n<td align=\"center\">6.35<\/td>\n<td align=\"center\">0.50<\/td>\n<td align=\"center\">12.70<\/td>\n<\/tr>\n<tr>\n<td align=\"center\">CP-18<\/td>\n<td align=\"center\">0,281-.297<\/td>\n<td align=\"center\">7,13-7,54<\/td>\n<td align=\"center\">0.280<\/td>\n<td align=\"center\">7.11<\/td>\n<td align=\"center\">4.00<\/td>\n<td align=\"center\">101.6<\/td>\n<td align=\"center\">0.25<\/td>\n<td align=\"center\">6.35<\/td>\n<td align=\"center\">0.50<\/td>\n<td align=\"center\">12.70<\/td>\n<\/tr>\n<tr>\n<td align=\"center\">CP-19<\/td>\n<td align=\"center\">.297-.313<\/td>\n<td align=\"center\">7,54-7,95<\/td>\n<td align=\"center\">0.296<\/td>\n<td align=\"center\">7.51<\/td>\n<td align=\"center\">4.00<\/td>\n<td align=\"center\">101.6<\/td>\n<td align=\"center\">0.29<\/td>\n<td align=\"center\">7.36<\/td>\n<td align=\"center\">0.54<\/td>\n<td align=\"center\">13.71<\/td>\n<\/tr>\n<tr>\n<td align=\"center\">CP-20<\/td>\n<td align=\"center\">0,313-.328<\/td>\n<td align=\"center\">7,95-8,33<\/td>\n<td align=\"center\">0.312<\/td>\n<td align=\"center\">7,92<\/td>\n<td align=\"center\">4.00<\/td>\n<td align=\"center\">101.6<\/td>\n<td align=\"center\">0.29<\/td>\n<td align=\"center\">7.36<\/td>\n<td align=\"center\">0.54<\/td>\n<td align=\"center\">13.71<\/td>\n<\/tr>\n<tr>\n<td align=\"center\">CP-21<\/td>\n<td align=\"center\">.328-.343<\/td>\n<td align=\"center\">8,33-8,71<\/td>\n<td align=\"center\">0.327<\/td>\n<td align=\"center\">8.30<\/td>\n<td align=\"center\">4.00<\/td>\n<td align=\"center\">101.6<\/td>\n<td align=\"center\">0.29<\/td>\n<td align=\"center\">7.36<\/td>\n<td align=\"center\">0.54<\/td>\n<td align=\"center\">13.71<\/td>\n<\/tr>\n<tr>\n<td align=\"center\">CP-22<\/td>\n<td align=\"center\">0,343-.359<\/td>\n<td align=\"center\">8.71-9.11<\/td>\n<td align=\"center\">0.342<\/td>\n<td align=\"center\">8.68<\/td>\n<td align=\"center\">4.00<\/td>\n<td align=\"center\">101.6<\/td>\n<td align=\"center\">0.29<\/td>\n<td align=\"center\">7.36<\/td>\n<td align=\"center\">0.54<\/td>\n<td align=\"center\">13.71<\/td>\n<\/tr>\n<tr>\n<td align=\"center\">CP-23<\/td>\n<td align=\"center\">0,359-0,375<\/td>\n<td align=\"center\">9.11-9.52<\/td>\n<td align=\"center\">0.358<\/td>\n<td align=\"center\">9.09<\/td>\n<td align=\"center\">4.00<\/td>\n<td align=\"center\">101.6<\/td>\n<td align=\"center\">0.29<\/td>\n<td align=\"center\">7.36<\/td>\n<td align=\"center\">0.54<\/td>\n<td align=\"center\">13.71<\/td>\n<\/tr>\n<tr>\n<td align=\"center\">CP-24<\/td>\n<td align=\"center\">0,375-0,390<\/td>\n<td align=\"center\">9.52-9.9<\/td>\n<td align=\"center\">0.374<\/td>\n<td align=\"center\">9,49<\/td>\n<td align=\"center\">4.43<\/td>\n<td align=\"center\">112.5<\/td>\n<td align=\"center\">0.32<\/td>\n<td align=\"center\">8.12<\/td>\n<td align=\"center\">0.55<\/td>\n<td align=\"center\">13.97<\/td>\n<\/tr>\n<tr>\n<td align=\"center\">CP-25<\/td>\n<td align=\"center\">.390-.406<\/td>\n<td align=\"center\">9,9-10,31<\/td>\n<td align=\"center\">0.389<\/td>\n<td align=\"center\">9,88<\/td>\n<td align=\"center\">4.43<\/td>\n<td align=\"center\">112.5<\/td>\n<td align=\"center\">0.32<\/td>\n<td align=\"center\">8.12<\/td>\n<td align=\"center\">0.55<\/td>\n<td align=\"center\">13.97<\/td>\n<\/tr>\n<tr>\n<td align=\"center\">CP-26<\/td>\n<td align=\"center\">.406-.422<\/td>\n<td align=\"center\">10.31-10.71<\/td>\n<td align=\"center\">0.405<\/td>\n<td align=\"center\">10.28<\/td>\n<td align=\"center\">4.43<\/td>\n<td align=\"center\">112.5<\/td>\n<td align=\"center\">0.32<\/td>\n<td align=\"center\">8.12<\/td>\n<td align=\"center\">0.55<\/td>\n<td align=\"center\">13.97<\/td>\n<\/tr>\n<tr>\n<td align=\"center\">CP-27<\/td>\n<td align=\"center\">.422-.437<\/td>\n<td align=\"center\">10.71-11.09<\/td>\n<td align=\"center\">0.420<\/td>\n<td align=\"center\">10.66<\/td>\n<td align=\"center\">4.43<\/td>\n<td align=\"center\">112.5<\/td>\n<td align=\"center\">0.32<\/td>\n<td align=\"center\">8.12<\/td>\n<td align=\"center\">0.55<\/td>\n<td align=\"center\">13.97<\/td>\n<\/tr>\n<tr>\n<td align=\"center\">CP-28<\/td>\n<td align=\"center\">.437-.453<\/td>\n<td align=\"center\">11.09-11.5<\/td>\n<td align=\"center\">0.436<\/td>\n<td align=\"center\">11.07<\/td>\n<td align=\"center\">5,50<\/td>\n<td align=\"center\">139.7<\/td>\n<td align=\"center\">0.35<\/td>\n<td align=\"center\">8.89<\/td>\n<td align=\"center\">0.62<\/td>\n<td align=\"center\">15.74<\/td>\n<\/tr>\n<tr>\n<td align=\"center\">CP-29<\/td>\n<td align=\"center\">.453-.468<\/td>\n<td align=\"center\">11.5-11.88<\/td>\n<td align=\"center\">0.452<\/td>\n<td align=\"center\">11.48<\/td>\n<td align=\"center\">5,50<\/td>\n<td align=\"center\">139.7<\/td>\n<td align=\"center\">0.35<\/td>\n<td align=\"center\">8.89<\/td>\n<td align=\"center\">0.62<\/td>\n<td align=\"center\">15.74<\/td>\n<\/tr>\n<tr>\n<td align=\"center\">CP-30<\/td>\n<td align=\"center\">0,468-.484<\/td>\n<td align=\"center\">11.88-12.29<\/td>\n<td align=\"center\">0.467<\/td>\n<td align=\"center\">11.86<\/td>\n<td align=\"center\">5,50<\/td>\n<td align=\"center\">139.7<\/td>\n<td align=\"center\">0.35<\/td>\n<td align=\"center\">8.89<\/td>\n<td align=\"center\">0.62<\/td>\n<td align=\"center\">15.74<\/td>\n<\/tr>\n<tr>\n<td align=\"center\">CP-31<\/td>\n<td align=\"center\">.484-.500<\/td>\n<td align=\"center\">12.29-12.7<\/td>\n<td align=\"center\">0.483<\/td>\n<td align=\"center\">12.26<\/td>\n<td align=\"center\">5,50<\/td>\n<td align=\"center\">139.7<\/td>\n<td align=\"center\">0.35<\/td>\n<td align=\"center\">8.89<\/td>\n<td align=\"center\">0.62<\/td>\n<td align=\"center\">15.74<\/td>\n<\/tr>\n<tr>\n<td align=\"center\">CP-32<\/td>\n<td align=\"center\">.500-.515<\/td>\n<td align=\"center\">12.7-13.08<\/td>\n<td align=\"center\">0.499<\/td>\n<td align=\"center\">12.67<\/td>\n<td align=\"center\">7,00<\/td>\n<td align=\"center\">177.8<\/td>\n<td align=\"center\">0.38<\/td>\n<td align=\"center\">9,65<\/td>\n<td align=\"center\">0.68<\/td>\n<td align=\"center\">17.27<\/td>\n<\/tr>\n<tr>\n<td align=\"center\">CP-33<\/td>\n<td align=\"center\">.515-.531<\/td>\n<td align=\"center\">13.08-13.48<\/td>\n<td align=\"center\">0.514<\/td>\n<td align=\"center\">13.05<\/td>\n<td align=\"center\">7,00<\/td>\n<td align=\"center\">177.8<\/td>\n<td align=\"center\">0.38<\/td>\n<td align=\"center\">9,65<\/td>\n<td align=\"center\">0.68<\/td>\n<td align=\"center\">17.27<\/td>\n<\/tr>\n<tr>\n<td align=\"center\">CP-34<\/td>\n<td align=\"center\">.531-.547<\/td>\n<td align=\"center\">13.48-13.89<\/td>\n<td align=\"center\">0.530<\/td>\n<td align=\"center\">13.46<\/td>\n<td align=\"center\">7,00<\/td>\n<td align=\"center\">177.8<\/td>\n<td align=\"center\">0.38<\/td>\n<td align=\"center\">9,65<\/td>\n<td align=\"center\">0.68<\/td>\n<td align=\"center\">17.27<\/td>\n<\/tr>\n<tr>\n<td align=\"center\">CP-35<\/td>\n<td align=\"center\">.547-.563<\/td>\n<td align=\"center\">13,89-14,3<\/td>\n<td align=\"center\">0.545<\/td>\n<td align=\"center\">13.84<\/td>\n<td align=\"center\">7,00<\/td>\n<td align=\"center\">177.8<\/td>\n<td align=\"center\">0.38<\/td>\n<td align=\"center\">9,65<\/td>\n<td align=\"center\">0.68<\/td>\n<td align=\"center\">17.27<\/td>\n<\/tr>\n<tr>\n<td align=\"center\">CP-36<\/td>\n<td align=\"center\">.563-.578<\/td>\n<td align=\"center\">14.3-14.68<\/td>\n<td align=\"center\">0.562<\/td>\n<td align=\"center\">14.27<\/td>\n<td align=\"center\">7,50<\/td>\n<td align=\"center\">190.5<\/td>\n<td align=\"center\">0.42<\/td>\n<td align=\"center\">10.66<\/td>\n<td align=\"center\">0.82<\/td>\n<td align=\"center\">20.82<\/td>\n<\/tr>\n<tr>\n<td align=\"center\">CP-37<\/td>\n<td align=\"center\">.578-.594<\/td>\n<td align=\"center\">14.68-15.08<\/td>\n<td align=\"center\">0.577<\/td>\n<td align=\"center\">14.65<\/td>\n<td align=\"center\">7,50<\/td>\n<td align=\"center\">190.5<\/td>\n<td align=\"center\">0.42<\/td>\n<td align=\"center\">10.66<\/td>\n<td align=\"center\">0.82<\/td>\n<td align=\"center\">20.82<\/td>\n<\/tr>\n<tr>\n<td align=\"center\">CP-38<\/td>\n<td align=\"center\">.594-.609<\/td>\n<td align=\"center\">15.08-15.46<\/td>\n<td align=\"center\">0.593<\/td>\n<td align=\"center\">15.06<\/td>\n<td align=\"center\">7,50<\/td>\n<td align=\"center\">190.5<\/td>\n<td align=\"center\">0.42<\/td>\n<td align=\"center\">10.66<\/td>\n<td align=\"center\">0.81<\/td>\n<td align=\"center\">20.57<\/td>\n<\/tr>\n<tr>\n<td align=\"center\">CP-39<\/td>\n<td align=\"center\">.609-.625<\/td>\n<td align=\"center\">15.46-15.87<\/td>\n<td align=\"center\">0.608<\/td>\n<td align=\"center\">15.44<\/td>\n<td align=\"center\">7,50<\/td>\n<td align=\"center\">190.5<\/td>\n<td align=\"center\">0.42<\/td>\n<td align=\"center\">10.66<\/td>\n<td align=\"center\">0.81<\/td>\n<td align=\"center\">20.57<\/td>\n<\/tr>\n<tr>\n<td align=\"center\">CP-40<\/td>\n<td align=\"center\">.625-.641<\/td>\n<td align=\"center\">15.87-16.28<\/td>\n<td align=\"center\">0.624<\/td>\n<td align=\"center\">15.84<\/td>\n<td align=\"center\">7,50<\/td>\n<td align=\"center\">190.5<\/td>\n<td align=\"center\">0.45<\/td>\n<td align=\"center\">11.43<\/td>\n<td align=\"center\">0.88<\/td>\n<td align=\"center\">22.35<\/td>\n<\/tr>\n<\/tbody>\n<\/table>\n<p>1.000 in\u00e7 (25.4 mm) &#8216;ye kadar daha b\u00fcy\u00fck delik boyutlar\u0131 i\u00e7in aletler mevcuttur;\u00a0teklif isteyin.<\/p>\n","protected":false},"excerpt":{"rendered":"<div class=\"fusion-title title fusion-title-2 fusion-sep-none fusion-title-text fusion-title-size-one fusion-border-below-title\">\n<h1 class=\"title-heading-left fusion-responsive-typography-calculated\" data-fontsize=\"48\" data-lineheight=\"57.6px\">Precision countersinking<\/h1>\n<\/div>\n<div class=\"fusion-text fusion-text-1\">\n<p>Micro-Limit is a precision depth-controlled countersinking tool. The tool consists of a guided countersink and a driver with depth control adjustment capability, suitable for handheld power tools or machine tools. <\/p>\n<p>The Micro-Limit disc is designed and manufactured for robust production work with repeatable accuracy. The thrust load is taken up by ball bearings through a hardened steel stop collar. The drive shaft operates on needle bearings. This design makes our driver the most durable in the industry and why it is the preferred countersinking tool for high production requirements such as rivet hole preparation in aircraft manufacturing.   <\/p>\n<p>Three driver models cover a wide range of hole sizes. Adjustment is made in .001 inch (.025 mm) increments. <\/p>\n<\/div>\n","protected":false},"featured_media":36301,"template":"","meta":{"_acf_changed":false},"product_brand":[],"product_cat":[427,350],"product_tag":[364],"class_list":{"0":"post-27842","1":"product","2":"type-product","3":"status-publish","4":"has-post-thumbnail","6":"product_cat-cogsdill-deburring-tools","7":"product_cat-deburring-and-chamfering-tools","8":"product_tag-cogsdill","10":"first","11":"instock","12":"taxable","13":"shipping-taxable","14":"product-type-simple"},"acf":[],"yoast_head":"<!-- This site is optimized with the Yoast SEO plugin v20.2.1 - https:\/\/yoast.com\/wordpress\/plugins\/seo\/ -->\n<title>Micro Limit - Tecus Teknoloji<\/title>\n<meta name=\"robots\" content=\"index, follow, max-snippet:-1, max-image-preview:large, max-video-preview:-1\" \/>\n<link rel=\"canonical\" href=\"https:\/\/tecus.com.tr\/en\/product\/mikro-limit\/\" \/>\n<meta property=\"og:locale\" content=\"en_US\" \/>\n<meta property=\"og:type\" content=\"article\" \/>\n<meta property=\"og:title\" content=\"Micro Limit - Tecus Teknoloji\" \/>\n<meta property=\"og:description\" content=\"Precision countersinking  Micro-Limit is a precision depth-controlled countersinking tool. The tool consists of a guided countersink and a driver with depth control adjustment capability, suitable for handheld power tools or machine tools.  The Micro-Limit disc is designed and manufactured for robust production work with repeatable accuracy. The thrust load is taken up by ball bearings through a hardened steel stop collar. The drive shaft operates on needle bearings. This design makes our driver the most durable in the industry and why it is the preferred countersinking tool for high production requirements such as rivet hole preparation in aircraft manufacturing.   Three driver models cover a wide range of hole sizes. Adjustment is made in .001 inch (.025 mm) increments.\" \/>\n<meta property=\"og:url\" content=\"https:\/\/tecus.com.tr\/en\/product\/mikro-limit\/\" \/>\n<meta property=\"og:site_name\" content=\"Tecus Teknoloji\" \/>\n<meta property=\"article:modified_time\" content=\"2025-09-22T19:57:57+00:00\" \/>\n<meta property=\"og:image\" content=\"https:\/\/tecus.com.tr\/wp-content\/uploads\/2021\/04\/Microlimit_tool_faceon-600x374-1.png\" \/>\n\t<meta property=\"og:image:width\" content=\"600\" \/>\n\t<meta property=\"og:image:height\" content=\"374\" \/>\n\t<meta property=\"og:image:type\" content=\"image\/png\" \/>\n<meta name=\"twitter:card\" content=\"summary_large_image\" \/>\n<meta name=\"twitter:label1\" content=\"Est. reading time\" \/>\n\t<meta name=\"twitter:data1\" content=\"1 minute\" \/>\n<script type=\"application\/ld+json\" class=\"yoast-schema-graph\">{\"@context\":\"https:\/\/schema.org\",\"@graph\":[{\"@type\":\"WebPage\",\"@id\":\"https:\/\/tecus.com.tr\/en\/product\/mikro-limit\/\",\"url\":\"https:\/\/tecus.com.tr\/en\/product\/mikro-limit\/\",\"name\":\"Micro Limit - Tecus Teknoloji\",\"isPartOf\":{\"@id\":\"https:\/\/tecus.com.tr\/en\/#website\"},\"datePublished\":\"2021-04-03T23:00:08+00:00\",\"dateModified\":\"2025-09-22T19:57:57+00:00\",\"breadcrumb\":{\"@id\":\"https:\/\/tecus.com.tr\/en\/product\/mikro-limit\/#breadcrumb\"},\"inLanguage\":\"en-US\",\"potentialAction\":[{\"@type\":\"ReadAction\",\"target\":[\"https:\/\/tecus.com.tr\/en\/product\/mikro-limit\/\"]}]},{\"@type\":\"BreadcrumbList\",\"@id\":\"https:\/\/tecus.com.tr\/en\/product\/mikro-limit\/#breadcrumb\",\"itemListElement\":[{\"@type\":\"ListItem\",\"position\":1,\"name\":\"Ana sayfa\",\"item\":\"https:\/\/tecus.com.tr\/en\/\"},{\"@type\":\"ListItem\",\"position\":2,\"name\":\"Ma\u011faza\",\"item\":\"https:\/\/tecus.com.tr\/magaza\/\"},{\"@type\":\"ListItem\",\"position\":3,\"name\":\"Mikro Limit\"}]},{\"@type\":\"WebSite\",\"@id\":\"https:\/\/tecus.com.tr\/en\/#website\",\"url\":\"https:\/\/tecus.com.tr\/en\/\",\"name\":\"Tecus Teknoloji\",\"description\":\"CNC par\u00e7a ba\u011flama \u00e7\u00f6z\u00fcmleri\",\"publisher\":{\"@id\":\"https:\/\/tecus.com.tr\/en\/#organization\"},\"potentialAction\":[{\"@type\":\"SearchAction\",\"target\":{\"@type\":\"EntryPoint\",\"urlTemplate\":\"https:\/\/tecus.com.tr\/en\/?s={search_term_string}\"},\"query-input\":\"required name=search_term_string\"}],\"inLanguage\":\"en-US\"},{\"@type\":\"Organization\",\"@id\":\"https:\/\/tecus.com.tr\/en\/#organization\",\"name\":\"Tecus Teknoloji\",\"url\":\"https:\/\/tecus.com.tr\/en\/\",\"logo\":{\"@type\":\"ImageObject\",\"inLanguage\":\"en-US\",\"@id\":\"https:\/\/tecus.com.tr\/en\/#\/schema\/logo\/image\/\",\"url\":\"https:\/\/tecus.com.tr\/wp-content\/uploads\/2018\/04\/tecus-logo-beyaz-2-e1528750997765.png\",\"contentUrl\":\"https:\/\/tecus.com.tr\/wp-content\/uploads\/2018\/04\/tecus-logo-beyaz-2-e1528750997765.png\",\"width\":250,\"height\":53,\"caption\":\"Tecus Teknoloji\"},\"image\":{\"@id\":\"https:\/\/tecus.com.tr\/en\/#\/schema\/logo\/image\/\"}}]}<\/script>\n<!-- \/ Yoast SEO plugin. -->","yoast_head_json":{"title":"Micro Limit - Tecus Teknoloji","robots":{"index":"index","follow":"follow","max-snippet":"max-snippet:-1","max-image-preview":"max-image-preview:large","max-video-preview":"max-video-preview:-1"},"canonical":"https:\/\/tecus.com.tr\/en\/product\/mikro-limit\/","og_locale":"en_US","og_type":"article","og_title":"Micro Limit - Tecus Teknoloji","og_description":"Precision countersinking  Micro-Limit is a precision depth-controlled countersinking tool. The tool consists of a guided countersink and a driver with depth control adjustment capability, suitable for handheld power tools or machine tools.  The Micro-Limit disc is designed and manufactured for robust production work with repeatable accuracy. The thrust load is taken up by ball bearings through a hardened steel stop collar. The drive shaft operates on needle bearings. This design makes our driver the most durable in the industry and why it is the preferred countersinking tool for high production requirements such as rivet hole preparation in aircraft manufacturing.   Three driver models cover a wide range of hole sizes. Adjustment is made in .001 inch (.025 mm) increments.","og_url":"https:\/\/tecus.com.tr\/en\/product\/mikro-limit\/","og_site_name":"Tecus Teknoloji","article_modified_time":"2025-09-22T19:57:57+00:00","og_image":[{"width":600,"height":374,"url":"https:\/\/tecus.com.tr\/wp-content\/uploads\/2021\/04\/Microlimit_tool_faceon-600x374-1.png","type":"image\/png"}],"twitter_card":"summary_large_image","twitter_misc":{"Est. reading time":"1 minute"},"schema":{"@context":"https:\/\/schema.org","@graph":[{"@type":"WebPage","@id":"https:\/\/tecus.com.tr\/en\/product\/mikro-limit\/","url":"https:\/\/tecus.com.tr\/en\/product\/mikro-limit\/","name":"Micro Limit - Tecus Teknoloji","isPartOf":{"@id":"https:\/\/tecus.com.tr\/en\/#website"},"datePublished":"2021-04-03T23:00:08+00:00","dateModified":"2025-09-22T19:57:57+00:00","breadcrumb":{"@id":"https:\/\/tecus.com.tr\/en\/product\/mikro-limit\/#breadcrumb"},"inLanguage":"en-US","potentialAction":[{"@type":"ReadAction","target":["https:\/\/tecus.com.tr\/en\/product\/mikro-limit\/"]}]},{"@type":"BreadcrumbList","@id":"https:\/\/tecus.com.tr\/en\/product\/mikro-limit\/#breadcrumb","itemListElement":[{"@type":"ListItem","position":1,"name":"Ana sayfa","item":"https:\/\/tecus.com.tr\/en\/"},{"@type":"ListItem","position":2,"name":"Ma\u011faza","item":"https:\/\/tecus.com.tr\/magaza\/"},{"@type":"ListItem","position":3,"name":"Mikro Limit"}]},{"@type":"WebSite","@id":"https:\/\/tecus.com.tr\/en\/#website","url":"https:\/\/tecus.com.tr\/en\/","name":"Tecus Teknoloji","description":"CNC par\u00e7a ba\u011flama \u00e7\u00f6z\u00fcmleri","publisher":{"@id":"https:\/\/tecus.com.tr\/en\/#organization"},"potentialAction":[{"@type":"SearchAction","target":{"@type":"EntryPoint","urlTemplate":"https:\/\/tecus.com.tr\/en\/?s={search_term_string}"},"query-input":"required name=search_term_string"}],"inLanguage":"en-US"},{"@type":"Organization","@id":"https:\/\/tecus.com.tr\/en\/#organization","name":"Tecus Teknoloji","url":"https:\/\/tecus.com.tr\/en\/","logo":{"@type":"ImageObject","inLanguage":"en-US","@id":"https:\/\/tecus.com.tr\/en\/#\/schema\/logo\/image\/","url":"https:\/\/tecus.com.tr\/wp-content\/uploads\/2018\/04\/tecus-logo-beyaz-2-e1528750997765.png","contentUrl":"https:\/\/tecus.com.tr\/wp-content\/uploads\/2018\/04\/tecus-logo-beyaz-2-e1528750997765.png","width":250,"height":53,"caption":"Tecus Teknoloji"},"image":{"@id":"https:\/\/tecus.com.tr\/en\/#\/schema\/logo\/image\/"}}]}},"_links":{"self":[{"href":"https:\/\/tecus.com.tr\/en\/wp-json\/wp\/v2\/product\/27842","targetHints":{"allow":["GET"]}}],"collection":[{"href":"https:\/\/tecus.com.tr\/en\/wp-json\/wp\/v2\/product"}],"about":[{"href":"https:\/\/tecus.com.tr\/en\/wp-json\/wp\/v2\/types\/product"}],"version-history":[{"count":4,"href":"https:\/\/tecus.com.tr\/en\/wp-json\/wp\/v2\/product\/27842\/revisions"}],"predecessor-version":[{"id":40360,"href":"https:\/\/tecus.com.tr\/en\/wp-json\/wp\/v2\/product\/27842\/revisions\/40360"}],"wp:featuredmedia":[{"embeddable":true,"href":"https:\/\/tecus.com.tr\/en\/wp-json\/wp\/v2\/media\/36301"}],"wp:attachment":[{"href":"https:\/\/tecus.com.tr\/en\/wp-json\/wp\/v2\/media?parent=27842"}],"wp:term":[{"taxonomy":"product_brand","embeddable":true,"href":"https:\/\/tecus.com.tr\/en\/wp-json\/wp\/v2\/product_brand?post=27842"},{"taxonomy":"product_cat","embeddable":true,"href":"https:\/\/tecus.com.tr\/en\/wp-json\/wp\/v2\/product_cat?post=27842"},{"taxonomy":"product_tag","embeddable":true,"href":"https:\/\/tecus.com.tr\/en\/wp-json\/wp\/v2\/product_tag?post=27842"}],"curies":[{"name":"wp","href":"https:\/\/api.w.org\/{rel}","templated":true}]}}