{"id":27835,"date":"2021-04-05T19:45:22","date_gmt":"2021-04-05T19:45:22","guid":{"rendered":"https:\/\/tecus.com.tr\/urun\/elipti-bur\/"},"modified":"2025-09-22T19:51:27","modified_gmt":"2025-09-22T19:51:27","slug":"elipti-bur","status":"publish","type":"product","link":"https:\/\/tecus.com.tr\/en\/product\/elipti-bur\/","title":{"rendered":"Elipti-Bur"},"content":{"rendered":"","protected":false},"excerpt":{"rendered":"<div class=\"fusion-title title fusion-title-2 fusion-sep-none fusion-title-text fusion-title-size-one fusion-border-below-title\">\n<h1 class=\"title-heading-left fusion-responsive-typography-calculated\" data-fontsize=\"48\" data-lineheight=\"57.6px\">Elliptical Illusion<\/h1>\n<\/div>\n<div class=\"fusion-text fusion-text-1\">\n<p>Deburring on cylindrical, elliptical, or other curved surfaces used to challenge the most experienced engineers. Yet with Ellipti-Bur, it is now effortless simplicity. <\/p>\n<p>Ellipti-Bur <span class=\"super\">\u00ae<\/span> is designed for deburring irregular hole surfaces, such as those created by drilling on curved surfaces or drilling at an angle. Ellipti-Bur enables the user to perform these challenging deburring operations quickly and accurately without fixtures, jigs, or special operator skills. <\/p>\n<p>The blade remains free to respond to the irregular surface geometry of the hole and allows for both radial and axial displacement resulting from the elliptical shape of angled drilled holes and axial displacement (&#8220;rise and fall&#8221;) from the saddle-shaped configuration of drilled holes on cylindrical surfaces. <\/p>\n<p>This automatic self-guiding feature creates a relatively uniform break at the edge of the hole.<\/p>\n<\/div>\n","protected":false},"featured_media":36295,"template":"","meta":{"_acf_changed":false},"product_brand":[],"product_cat":[427,350],"product_tag":[364],"class_list":{"0":"post-27835","1":"product","2":"type-product","3":"status-publish","4":"has-post-thumbnail","6":"product_cat-cogsdill-deburring-tools","7":"product_cat-deburring-and-chamfering-tools","8":"product_tag-cogsdill","10":"first","11":"instock","12":"taxable","13":"shipping-taxable","14":"product-type-simple"},"acf":[],"yoast_head":"<!-- This site is optimized with the Yoast SEO plugin v20.2.1 - https:\/\/yoast.com\/wordpress\/plugins\/seo\/ -->\n<title>Elipti-Bur - Tecus Teknoloji<\/title>\n<meta name=\"robots\" content=\"index, follow, max-snippet:-1, max-image-preview:large, max-video-preview:-1\" \/>\n<link rel=\"canonical\" href=\"https:\/\/tecus.com.tr\/en\/product\/elipti-bur\/\" \/>\n<meta property=\"og:locale\" content=\"en_US\" \/>\n<meta property=\"og:type\" content=\"article\" \/>\n<meta property=\"og:title\" content=\"Elipti-Bur - Tecus Teknoloji\" \/>\n<meta property=\"og:description\" content=\"Elliptical Illusion  Deburring on cylindrical, elliptical, or other curved surfaces used to challenge the most experienced engineers. Yet with Ellipti-Bur, it is now effortless simplicity.  Ellipti-Bur \u00ae is designed for deburring irregular hole surfaces, such as those created by drilling on curved surfaces or drilling at an angle. Ellipti-Bur enables the user to perform these challenging deburring operations quickly and accurately without fixtures, jigs, or special operator skills.  The blade remains free to respond to the irregular surface geometry of the hole and allows for both radial and axial displacement resulting from the elliptical shape of angled drilled holes and axial displacement (&quot;rise and fall&quot;) from the saddle-shaped configuration of drilled holes on cylindrical surfaces.  This automatic self-guiding feature creates a relatively uniform break at the edge of the hole.\" \/>\n<meta property=\"og:url\" content=\"https:\/\/tecus.com.tr\/en\/product\/elipti-bur\/\" \/>\n<meta property=\"og:site_name\" content=\"Tecus Teknoloji\" \/>\n<meta property=\"article:modified_time\" content=\"2025-09-22T19:51:27+00:00\" \/>\n<meta property=\"og:image\" content=\"https:\/\/tecus.com.tr\/wp-content\/uploads\/2021\/04\/ellipti-bur-front-on-600x355-2.png\" \/>\n\t<meta property=\"og:image:width\" content=\"600\" \/>\n\t<meta property=\"og:image:height\" content=\"355\" \/>\n\t<meta property=\"og:image:type\" content=\"image\/png\" \/>\n<meta name=\"twitter:card\" content=\"summary_large_image\" \/>\n<script type=\"application\/ld+json\" class=\"yoast-schema-graph\">{\"@context\":\"https:\/\/schema.org\",\"@graph\":[{\"@type\":\"WebPage\",\"@id\":\"https:\/\/tecus.com.tr\/en\/product\/elipti-bur\/\",\"url\":\"https:\/\/tecus.com.tr\/en\/product\/elipti-bur\/\",\"name\":\"Elipti-Bur - Tecus Teknoloji\",\"isPartOf\":{\"@id\":\"https:\/\/tecus.com.tr\/en\/#website\"},\"datePublished\":\"2021-04-05T19:45:22+00:00\",\"dateModified\":\"2025-09-22T19:51:27+00:00\",\"breadcrumb\":{\"@id\":\"https:\/\/tecus.com.tr\/en\/product\/elipti-bur\/#breadcrumb\"},\"inLanguage\":\"en-US\",\"potentialAction\":[{\"@type\":\"ReadAction\",\"target\":[\"https:\/\/tecus.com.tr\/en\/product\/elipti-bur\/\"]}]},{\"@type\":\"BreadcrumbList\",\"@id\":\"https:\/\/tecus.com.tr\/en\/product\/elipti-bur\/#breadcrumb\",\"itemListElement\":[{\"@type\":\"ListItem\",\"position\":1,\"name\":\"Ana sayfa\",\"item\":\"https:\/\/tecus.com.tr\/en\/\"},{\"@type\":\"ListItem\",\"position\":2,\"name\":\"Ma\u011faza\",\"item\":\"https:\/\/tecus.com.tr\/magaza\/\"},{\"@type\":\"ListItem\",\"position\":3,\"name\":\"Elipti-Bur\"}]},{\"@type\":\"WebSite\",\"@id\":\"https:\/\/tecus.com.tr\/en\/#website\",\"url\":\"https:\/\/tecus.com.tr\/en\/\",\"name\":\"Tecus Teknoloji\",\"description\":\"CNC par\u00e7a ba\u011flama \u00e7\u00f6z\u00fcmleri\",\"publisher\":{\"@id\":\"https:\/\/tecus.com.tr\/en\/#organization\"},\"potentialAction\":[{\"@type\":\"SearchAction\",\"target\":{\"@type\":\"EntryPoint\",\"urlTemplate\":\"https:\/\/tecus.com.tr\/en\/?s={search_term_string}\"},\"query-input\":\"required name=search_term_string\"}],\"inLanguage\":\"en-US\"},{\"@type\":\"Organization\",\"@id\":\"https:\/\/tecus.com.tr\/en\/#organization\",\"name\":\"Tecus Teknoloji\",\"url\":\"https:\/\/tecus.com.tr\/en\/\",\"logo\":{\"@type\":\"ImageObject\",\"inLanguage\":\"en-US\",\"@id\":\"https:\/\/tecus.com.tr\/en\/#\/schema\/logo\/image\/\",\"url\":\"https:\/\/tecus.com.tr\/wp-content\/uploads\/2018\/04\/tecus-logo-beyaz-2-e1528750997765.png\",\"contentUrl\":\"https:\/\/tecus.com.tr\/wp-content\/uploads\/2018\/04\/tecus-logo-beyaz-2-e1528750997765.png\",\"width\":250,\"height\":53,\"caption\":\"Tecus Teknoloji\"},\"image\":{\"@id\":\"https:\/\/tecus.com.tr\/en\/#\/schema\/logo\/image\/\"}}]}<\/script>\n<!-- \/ Yoast SEO plugin. -->","yoast_head_json":{"title":"Elipti-Bur - Tecus Teknoloji","robots":{"index":"index","follow":"follow","max-snippet":"max-snippet:-1","max-image-preview":"max-image-preview:large","max-video-preview":"max-video-preview:-1"},"canonical":"https:\/\/tecus.com.tr\/en\/product\/elipti-bur\/","og_locale":"en_US","og_type":"article","og_title":"Elipti-Bur - Tecus Teknoloji","og_description":"Elliptical Illusion  Deburring on cylindrical, elliptical, or other curved surfaces used to challenge the most experienced engineers. Yet with Ellipti-Bur, it is now effortless simplicity.  Ellipti-Bur \u00ae is designed for deburring irregular hole surfaces, such as those created by drilling on curved surfaces or drilling at an angle. Ellipti-Bur enables the user to perform these challenging deburring operations quickly and accurately without fixtures, jigs, or special operator skills.  The blade remains free to respond to the irregular surface geometry of the hole and allows for both radial and axial displacement resulting from the elliptical shape of angled drilled holes and axial displacement (\"rise and fall\") from the saddle-shaped configuration of drilled holes on cylindrical surfaces.  This automatic self-guiding feature creates a relatively uniform break at the edge of the hole.","og_url":"https:\/\/tecus.com.tr\/en\/product\/elipti-bur\/","og_site_name":"Tecus Teknoloji","article_modified_time":"2025-09-22T19:51:27+00:00","og_image":[{"width":600,"height":355,"url":"https:\/\/tecus.com.tr\/wp-content\/uploads\/2021\/04\/ellipti-bur-front-on-600x355-2.png","type":"image\/png"}],"twitter_card":"summary_large_image","schema":{"@context":"https:\/\/schema.org","@graph":[{"@type":"WebPage","@id":"https:\/\/tecus.com.tr\/en\/product\/elipti-bur\/","url":"https:\/\/tecus.com.tr\/en\/product\/elipti-bur\/","name":"Elipti-Bur - Tecus Teknoloji","isPartOf":{"@id":"https:\/\/tecus.com.tr\/en\/#website"},"datePublished":"2021-04-05T19:45:22+00:00","dateModified":"2025-09-22T19:51:27+00:00","breadcrumb":{"@id":"https:\/\/tecus.com.tr\/en\/product\/elipti-bur\/#breadcrumb"},"inLanguage":"en-US","potentialAction":[{"@type":"ReadAction","target":["https:\/\/tecus.com.tr\/en\/product\/elipti-bur\/"]}]},{"@type":"BreadcrumbList","@id":"https:\/\/tecus.com.tr\/en\/product\/elipti-bur\/#breadcrumb","itemListElement":[{"@type":"ListItem","position":1,"name":"Ana sayfa","item":"https:\/\/tecus.com.tr\/en\/"},{"@type":"ListItem","position":2,"name":"Ma\u011faza","item":"https:\/\/tecus.com.tr\/magaza\/"},{"@type":"ListItem","position":3,"name":"Elipti-Bur"}]},{"@type":"WebSite","@id":"https:\/\/tecus.com.tr\/en\/#website","url":"https:\/\/tecus.com.tr\/en\/","name":"Tecus Teknoloji","description":"CNC par\u00e7a ba\u011flama \u00e7\u00f6z\u00fcmleri","publisher":{"@id":"https:\/\/tecus.com.tr\/en\/#organization"},"potentialAction":[{"@type":"SearchAction","target":{"@type":"EntryPoint","urlTemplate":"https:\/\/tecus.com.tr\/en\/?s={search_term_string}"},"query-input":"required name=search_term_string"}],"inLanguage":"en-US"},{"@type":"Organization","@id":"https:\/\/tecus.com.tr\/en\/#organization","name":"Tecus Teknoloji","url":"https:\/\/tecus.com.tr\/en\/","logo":{"@type":"ImageObject","inLanguage":"en-US","@id":"https:\/\/tecus.com.tr\/en\/#\/schema\/logo\/image\/","url":"https:\/\/tecus.com.tr\/wp-content\/uploads\/2018\/04\/tecus-logo-beyaz-2-e1528750997765.png","contentUrl":"https:\/\/tecus.com.tr\/wp-content\/uploads\/2018\/04\/tecus-logo-beyaz-2-e1528750997765.png","width":250,"height":53,"caption":"Tecus Teknoloji"},"image":{"@id":"https:\/\/tecus.com.tr\/en\/#\/schema\/logo\/image\/"}}]}},"_links":{"self":[{"href":"https:\/\/tecus.com.tr\/en\/wp-json\/wp\/v2\/product\/27835","targetHints":{"allow":["GET"]}}],"collection":[{"href":"https:\/\/tecus.com.tr\/en\/wp-json\/wp\/v2\/product"}],"about":[{"href":"https:\/\/tecus.com.tr\/en\/wp-json\/wp\/v2\/types\/product"}],"version-history":[{"count":2,"href":"https:\/\/tecus.com.tr\/en\/wp-json\/wp\/v2\/product\/27835\/revisions"}],"predecessor-version":[{"id":40369,"href":"https:\/\/tecus.com.tr\/en\/wp-json\/wp\/v2\/product\/27835\/revisions\/40369"}],"wp:featuredmedia":[{"embeddable":true,"href":"https:\/\/tecus.com.tr\/en\/wp-json\/wp\/v2\/media\/36295"}],"wp:attachment":[{"href":"https:\/\/tecus.com.tr\/en\/wp-json\/wp\/v2\/media?parent=27835"}],"wp:term":[{"taxonomy":"product_brand","embeddable":true,"href":"https:\/\/tecus.com.tr\/en\/wp-json\/wp\/v2\/product_brand?post=27835"},{"taxonomy":"product_cat","embeddable":true,"href":"https:\/\/tecus.com.tr\/en\/wp-json\/wp\/v2\/product_cat?post=27835"},{"taxonomy":"product_tag","embeddable":true,"href":"https:\/\/tecus.com.tr\/en\/wp-json\/wp\/v2\/product_tag?post=27835"}],"curies":[{"name":"wp","href":"https:\/\/api.w.org\/{rel}","templated":true}]}}