{"id":27820,"date":"2021-04-08T18:53:30","date_gmt":"2021-04-08T18:53:30","guid":{"rendered":"https:\/\/tecus.com.tr\/urun\/27820\/"},"modified":"2025-09-22T19:51:18","modified_gmt":"2025-09-22T19:51:18","slug":"27820","status":"publish","type":"product","link":"https:\/\/tecus.com.tr\/en\/product\/27820\/","title":{"rendered":"Flipcut"},"content":{"rendered":"<p><img fetchpriority=\"high\" decoding=\"async\" src=\"https:\/\/cogsdill.com\/wp-content\/uploads\/2017\/08\/how_flipcut_works.jpg\" sizes=\"(max-width: 800px) 100vw, 2400px\" srcset=\"https:\/\/cogsdill.com\/wp-content\/uploads\/2017\/08\/how_flipcut_works-200x30.jpg 200w, https:\/\/cogsdill.com\/wp-content\/uploads\/2017\/08\/how_flipcut_works-400x60.jpg 400w, https:\/\/cogsdill.com\/wp-content\/uploads\/2017\/08\/how_flipcut_works-600x90.jpg 600w, https:\/\/cogsdill.com\/wp-content\/uploads\/2017\/08\/how_flipcut_works-800x120.jpg 800w, https:\/\/cogsdill.com\/wp-content\/uploads\/2017\/08\/how_flipcut_works-1200x180.jpg 1200w, https:\/\/cogsdill.com\/wp-content\/uploads\/2017\/08\/how_flipcut_works.jpg 2400w\" alt=\"flipcut nas\u0131l \u00e7al\u0131\u015f\u0131r\" width=\"2400\" height=\"360\" \/><\/p>\n<table border=\"0\" width=\"100%\" cellpadding=\"10\">\n<tbody>\n<tr>\n<td valign=\"top\"><strong>1<\/strong><\/td>\n<td valign=\"top\">\u00d6n pah, uygun h\u0131zda\u00a0 ve .002 IPR&#8217;de (0.05 mm \/ dev) makine i\u015f milinin sa\u011fa d\u00f6n\u00fc\u015f\u00fc (saat y\u00f6n\u00fcnde) kullan\u0131larak deli\u011fe girildi\u011finde i\u015flenir.<\/td>\n<\/tr>\n<tr>\n<td valign=\"top\"><strong>2<\/strong><\/td>\n<td valign=\"top\">Maksimum 0,008 IPR (0,20 mm \/ devir) de\u011ferinde sola d\u00f6n\u00fc\u015f (saat y\u00f6n\u00fcn\u00fcn tersine), tak\u0131m\u0131n delikten ilerleyebilmesi i\u00e7in kesicinin mekanik olarak kapanmas\u0131n\u0131 (merkezka\u00e7 kuvveti yard\u0131m\u0131yla) etkileyecektir.<\/td>\n<\/tr>\n<tr>\n<td valign=\"top\"><strong>3<\/strong><\/td>\n<td valign=\"top\">Arka spot y\u00fczey, uygun h\u0131zda (sayfa 10&#8217;daki tabloya bak\u0131n) ve .002 IPR (0,05 mm \/ dev) ile sa\u011fa d\u00f6n\u00fc\u015f (saat y\u00f6n\u00fcnde) kullan\u0131larak i\u015flenir.<\/td>\n<\/tr>\n<tr>\n<td valign=\"top\"><strong>4<\/strong><\/td>\n<td valign=\"top\">Maksimum 0,008 IPR (0,20 mm \/ devir) de\u011ferinde sola d\u00f6n\u00fc\u015f (saat y\u00f6n\u00fcn\u00fcn tersine), tak\u0131m\u0131n delikten geri \u00e7ekilebilmesi i\u00e7in kesiciyi kapat\u0131r.<\/td>\n<\/tr>\n<\/tbody>\n<\/table>\n<p>NOT: Kesicinin kapanmas\u0131n\u0131 sa\u011flamak i\u00e7in kesici geri \u00e7ekilirken so\u011futma s\u0131v\u0131s\u0131 kapat\u0131lmal\u0131d\u0131r.<\/p>\n","protected":false},"excerpt":{"rendered":"<div class=\"fusion-sep-clear\"><\/div>\n<div class=\"fusion-title title fusion-title-2 fusion-sep-none fusion-title-text fusion-title-size-one fusion-border-below-title\">\n<h1 class=\"title-heading-left fusion-responsive-typography-calculated\" data-fontsize=\"48\" data-lineheight=\"57.6px\">Flippin&#8217; Genius<\/h1>\n<\/div>\n<div class=\"fusion-text fusion-text-1\">\n<p>The Flipcut tool is designed to perform back-spotfacing or back-chamfering operations in a single setup. The cutter extends with right-hand tool rotation to cut the back spot face or back chamfer. Left-hand spindle rotation initiates positive mechanical closure of the cutter; centrifugal force assists the closing action. When the cutter is fully closed within the spindle pocket, the tool can be easily withdrawn from the hole.   <\/p>\n<p>The Flipcut tool is designed for robust use in all types of facility equipment and all types of production environments. Tools for hole sizes .312 inch and larger (inch program) and tools for hole sizes 8.00 mm and larger (metric program) have internal coolant capacity. <\/p>\n<p>Flipcut cutters feature a brazed carbide design. The steel body absorbs shock. The brazed carbide Flipcut cutting edge dissipates heat for exceptional cutting performance.  <\/p>\n<p><strong>Two standard cutters are available in stock:<\/strong><\/p>\n<ul>\n<li>Cutter designed for back spot facing and front chamfering operations.<\/li>\n<li>Cutter designed for back and front chamfering operations<\/li>\n<\/ul>\n<p>Cutter designs to suit other applications are available upon request; contact our sales department and request a quote.<\/p>\n<\/div>\n","protected":false},"featured_media":36282,"template":"","meta":{"_acf_changed":false},"product_brand":[],"product_cat":[427,350],"product_tag":[364],"class_list":{"0":"post-27820","1":"product","2":"type-product","3":"status-publish","4":"has-post-thumbnail","6":"product_cat-cogsdill-deburring-tools","7":"product_cat-deburring-and-chamfering-tools","8":"product_tag-cogsdill","10":"first","11":"instock","12":"taxable","13":"shipping-taxable","14":"product-type-simple"},"acf":[],"yoast_head":"<!-- This site is optimized with the Yoast SEO plugin v20.2.1 - https:\/\/yoast.com\/wordpress\/plugins\/seo\/ -->\n<title>Flipcut - Tecus Teknoloji<\/title>\n<meta name=\"robots\" content=\"index, follow, max-snippet:-1, max-image-preview:large, max-video-preview:-1\" \/>\n<link rel=\"canonical\" href=\"https:\/\/tecus.com.tr\/en\/product\/27820\/\" \/>\n<meta property=\"og:locale\" content=\"en_US\" \/>\n<meta property=\"og:type\" content=\"article\" \/>\n<meta property=\"og:title\" content=\"Flipcut - Tecus Teknoloji\" \/>\n<meta property=\"og:description\" content=\"Flippin&#039; Genius  The Flipcut tool is designed to perform back-spotfacing or back-chamfering operations in a single setup. The cutter extends with right-hand tool rotation to cut the back spot face or back chamfer. Left-hand spindle rotation initiates positive mechanical closure of the cutter; centrifugal force assists the closing action. When the cutter is fully closed within the spindle pocket, the tool can be easily withdrawn from the hole.   The Flipcut tool is designed for robust use in all types of facility equipment and all types of production environments. Tools for hole sizes .312 inch and larger (inch program) and tools for hole sizes 8.00 mm and larger (metric program) have internal coolant capacity.  Flipcut cutters feature a brazed carbide design. The steel body absorbs shock. The brazed carbide Flipcut cutting edge dissipates heat for exceptional cutting performance.  Two standard cutters are available in stock:  Cutter designed for back spot facing and front chamfering operations.  Cutter designed for back and front chamfering operations Cutter designs to suit other applications are available upon request; contact our sales department and request a quote.\" \/>\n<meta property=\"og:url\" content=\"https:\/\/tecus.com.tr\/en\/product\/27820\/\" \/>\n<meta property=\"og:site_name\" content=\"Tecus Teknoloji\" \/>\n<meta property=\"article:modified_time\" content=\"2025-09-22T19:51:18+00:00\" \/>\n<meta property=\"og:image\" content=\"https:\/\/tecus.com.tr\/wp-content\/uploads\/2021\/04\/flipcut_45-degree_r.png\" \/>\n\t<meta property=\"og:image:width\" content=\"1024\" \/>\n\t<meta property=\"og:image:height\" content=\"1024\" \/>\n\t<meta property=\"og:image:type\" content=\"image\/png\" \/>\n<meta name=\"twitter:card\" content=\"summary_large_image\" \/>\n<meta name=\"twitter:label1\" content=\"Est. reading time\" \/>\n\t<meta name=\"twitter:data1\" content=\"1 minute\" \/>\n<script type=\"application\/ld+json\" class=\"yoast-schema-graph\">{\"@context\":\"https:\/\/schema.org\",\"@graph\":[{\"@type\":\"WebPage\",\"@id\":\"https:\/\/tecus.com.tr\/en\/product\/27820\/\",\"url\":\"https:\/\/tecus.com.tr\/en\/product\/27820\/\",\"name\":\"Flipcut - Tecus Teknoloji\",\"isPartOf\":{\"@id\":\"https:\/\/tecus.com.tr\/en\/#website\"},\"datePublished\":\"2021-04-08T18:53:30+00:00\",\"dateModified\":\"2025-09-22T19:51:18+00:00\",\"breadcrumb\":{\"@id\":\"https:\/\/tecus.com.tr\/en\/product\/27820\/#breadcrumb\"},\"inLanguage\":\"en-US\",\"potentialAction\":[{\"@type\":\"ReadAction\",\"target\":[\"https:\/\/tecus.com.tr\/en\/product\/27820\/\"]}]},{\"@type\":\"BreadcrumbList\",\"@id\":\"https:\/\/tecus.com.tr\/en\/product\/27820\/#breadcrumb\",\"itemListElement\":[{\"@type\":\"ListItem\",\"position\":1,\"name\":\"Ana sayfa\",\"item\":\"https:\/\/tecus.com.tr\/en\/\"},{\"@type\":\"ListItem\",\"position\":2,\"name\":\"Ma\u011faza\",\"item\":\"https:\/\/tecus.com.tr\/magaza\/\"},{\"@type\":\"ListItem\",\"position\":3,\"name\":\"Flipcut\"}]},{\"@type\":\"WebSite\",\"@id\":\"https:\/\/tecus.com.tr\/en\/#website\",\"url\":\"https:\/\/tecus.com.tr\/en\/\",\"name\":\"Tecus Teknoloji\",\"description\":\"CNC par\u00e7a ba\u011flama \u00e7\u00f6z\u00fcmleri\",\"publisher\":{\"@id\":\"https:\/\/tecus.com.tr\/en\/#organization\"},\"potentialAction\":[{\"@type\":\"SearchAction\",\"target\":{\"@type\":\"EntryPoint\",\"urlTemplate\":\"https:\/\/tecus.com.tr\/en\/?s={search_term_string}\"},\"query-input\":\"required name=search_term_string\"}],\"inLanguage\":\"en-US\"},{\"@type\":\"Organization\",\"@id\":\"https:\/\/tecus.com.tr\/en\/#organization\",\"name\":\"Tecus Teknoloji\",\"url\":\"https:\/\/tecus.com.tr\/en\/\",\"logo\":{\"@type\":\"ImageObject\",\"inLanguage\":\"en-US\",\"@id\":\"https:\/\/tecus.com.tr\/en\/#\/schema\/logo\/image\/\",\"url\":\"https:\/\/tecus.com.tr\/wp-content\/uploads\/2018\/04\/tecus-logo-beyaz-2-e1528750997765.png\",\"contentUrl\":\"https:\/\/tecus.com.tr\/wp-content\/uploads\/2018\/04\/tecus-logo-beyaz-2-e1528750997765.png\",\"width\":250,\"height\":53,\"caption\":\"Tecus Teknoloji\"},\"image\":{\"@id\":\"https:\/\/tecus.com.tr\/en\/#\/schema\/logo\/image\/\"}}]}<\/script>\n<!-- \/ Yoast SEO plugin. -->","yoast_head_json":{"title":"Flipcut - Tecus Teknoloji","robots":{"index":"index","follow":"follow","max-snippet":"max-snippet:-1","max-image-preview":"max-image-preview:large","max-video-preview":"max-video-preview:-1"},"canonical":"https:\/\/tecus.com.tr\/en\/product\/27820\/","og_locale":"en_US","og_type":"article","og_title":"Flipcut - Tecus Teknoloji","og_description":"Flippin' Genius  The Flipcut tool is designed to perform back-spotfacing or back-chamfering operations in a single setup. The cutter extends with right-hand tool rotation to cut the back spot face or back chamfer. Left-hand spindle rotation initiates positive mechanical closure of the cutter; centrifugal force assists the closing action. When the cutter is fully closed within the spindle pocket, the tool can be easily withdrawn from the hole.   The Flipcut tool is designed for robust use in all types of facility equipment and all types of production environments. Tools for hole sizes .312 inch and larger (inch program) and tools for hole sizes 8.00 mm and larger (metric program) have internal coolant capacity.  Flipcut cutters feature a brazed carbide design. The steel body absorbs shock. The brazed carbide Flipcut cutting edge dissipates heat for exceptional cutting performance.  Two standard cutters are available in stock:  Cutter designed for back spot facing and front chamfering operations.  Cutter designed for back and front chamfering operations Cutter designs to suit other applications are available upon request; contact our sales department and request a quote.","og_url":"https:\/\/tecus.com.tr\/en\/product\/27820\/","og_site_name":"Tecus Teknoloji","article_modified_time":"2025-09-22T19:51:18+00:00","og_image":[{"width":1024,"height":1024,"url":"https:\/\/tecus.com.tr\/wp-content\/uploads\/2021\/04\/flipcut_45-degree_r.png","type":"image\/png"}],"twitter_card":"summary_large_image","twitter_misc":{"Est. reading time":"1 minute"},"schema":{"@context":"https:\/\/schema.org","@graph":[{"@type":"WebPage","@id":"https:\/\/tecus.com.tr\/en\/product\/27820\/","url":"https:\/\/tecus.com.tr\/en\/product\/27820\/","name":"Flipcut - Tecus Teknoloji","isPartOf":{"@id":"https:\/\/tecus.com.tr\/en\/#website"},"datePublished":"2021-04-08T18:53:30+00:00","dateModified":"2025-09-22T19:51:18+00:00","breadcrumb":{"@id":"https:\/\/tecus.com.tr\/en\/product\/27820\/#breadcrumb"},"inLanguage":"en-US","potentialAction":[{"@type":"ReadAction","target":["https:\/\/tecus.com.tr\/en\/product\/27820\/"]}]},{"@type":"BreadcrumbList","@id":"https:\/\/tecus.com.tr\/en\/product\/27820\/#breadcrumb","itemListElement":[{"@type":"ListItem","position":1,"name":"Ana sayfa","item":"https:\/\/tecus.com.tr\/en\/"},{"@type":"ListItem","position":2,"name":"Ma\u011faza","item":"https:\/\/tecus.com.tr\/magaza\/"},{"@type":"ListItem","position":3,"name":"Flipcut"}]},{"@type":"WebSite","@id":"https:\/\/tecus.com.tr\/en\/#website","url":"https:\/\/tecus.com.tr\/en\/","name":"Tecus Teknoloji","description":"CNC par\u00e7a ba\u011flama \u00e7\u00f6z\u00fcmleri","publisher":{"@id":"https:\/\/tecus.com.tr\/en\/#organization"},"potentialAction":[{"@type":"SearchAction","target":{"@type":"EntryPoint","urlTemplate":"https:\/\/tecus.com.tr\/en\/?s={search_term_string}"},"query-input":"required name=search_term_string"}],"inLanguage":"en-US"},{"@type":"Organization","@id":"https:\/\/tecus.com.tr\/en\/#organization","name":"Tecus Teknoloji","url":"https:\/\/tecus.com.tr\/en\/","logo":{"@type":"ImageObject","inLanguage":"en-US","@id":"https:\/\/tecus.com.tr\/en\/#\/schema\/logo\/image\/","url":"https:\/\/tecus.com.tr\/wp-content\/uploads\/2018\/04\/tecus-logo-beyaz-2-e1528750997765.png","contentUrl":"https:\/\/tecus.com.tr\/wp-content\/uploads\/2018\/04\/tecus-logo-beyaz-2-e1528750997765.png","width":250,"height":53,"caption":"Tecus Teknoloji"},"image":{"@id":"https:\/\/tecus.com.tr\/en\/#\/schema\/logo\/image\/"}}]}},"_links":{"self":[{"href":"https:\/\/tecus.com.tr\/en\/wp-json\/wp\/v2\/product\/27820","targetHints":{"allow":["GET"]}}],"collection":[{"href":"https:\/\/tecus.com.tr\/en\/wp-json\/wp\/v2\/product"}],"about":[{"href":"https:\/\/tecus.com.tr\/en\/wp-json\/wp\/v2\/types\/product"}],"version-history":[{"count":3,"href":"https:\/\/tecus.com.tr\/en\/wp-json\/wp\/v2\/product\/27820\/revisions"}],"predecessor-version":[{"id":39926,"href":"https:\/\/tecus.com.tr\/en\/wp-json\/wp\/v2\/product\/27820\/revisions\/39926"}],"wp:featuredmedia":[{"embeddable":true,"href":"https:\/\/tecus.com.tr\/en\/wp-json\/wp\/v2\/media\/36282"}],"wp:attachment":[{"href":"https:\/\/tecus.com.tr\/en\/wp-json\/wp\/v2\/media?parent=27820"}],"wp:term":[{"taxonomy":"product_brand","embeddable":true,"href":"https:\/\/tecus.com.tr\/en\/wp-json\/wp\/v2\/product_brand?post=27820"},{"taxonomy":"product_cat","embeddable":true,"href":"https:\/\/tecus.com.tr\/en\/wp-json\/wp\/v2\/product_cat?post=27820"},{"taxonomy":"product_tag","embeddable":true,"href":"https:\/\/tecus.com.tr\/en\/wp-json\/wp\/v2\/product_tag?post=27820"}],"curies":[{"name":"wp","href":"https:\/\/api.w.org\/{rel}","templated":true}]}}